{"id":45,"date":"2021-12-28T09:51:03","date_gmt":"2021-12-28T09:51:03","guid":{"rendered":"http:\/\/charcoalplant.local\/?page_id=45"},"modified":"2024-03-29T15:17:15","modified_gmt":"2024-03-29T07:17:15","slug":"first-purchase-consultation","status":"publish","type":"page","link":"https:\/\/charcoalplant.com\/de\/first-purchase-consultation\/","title":{"rendered":"Erste Kaufberatung"},"content":{"rendered":"<p class=\"has-normal-font-size translation-block\">Willkommen bei <strong>Shuliy Machinery <\/strong>Equipment Co., Ltd. F\u00fcr Ihr besseres Einkaufserlebnis haben wir einen detaillierten Einkaufsf\u00fchrer f\u00fcr Sie vorbereitet. <\/p>    <p class=\"has-normal-font-size translation-block\">Hier lasse ich Sie einige unserer firmeneigenen Spezialprodukte vorstellen. Wie z. B. <strong>Kohlenisierungsofen, Kokosnussschalen-Holzofen, Kohlebrikettmaschine und Hobelsp\u00e4hnebrikettiermaschine.<\/strong> Weitere Produkte sind ebenfalls gut, darunter <strong>Holzsch\u00e4lenmaschine, Balkensch\u00e4ler, Holzhacker, Holzschnitzelmaschine,<\/strong> und so weiter. <\/p>    <p class=\"has-normal-font-size translation-block\">Unsere Website bietet eine breite Produktpalette. Sie k\u00f6nnen auch unseren Kundendienst f\u00fcr eine Beratung kontaktieren. Wenn Sie den Namen der Maschine nicht kennen, k\u00f6nnen Sie uns<strong> mitteilen, was Ihre Rohstoffe sind, welche Produkte Sie herstellen m\u00f6chten, welches Budget Sie haben,<\/strong> und so weiter. Wir empfehlen Ihnen passende L\u00f6sungen.<\/p>    <h2 class=\"wp-block-heading\" id=\"h-popular-products\">Beliebte Produkte<\/h2>    <div class=\"wp-block-columns is-layout-flex wp-container-core-columns-is-layout-28f84493 wp-block-columns-is-layout-flex\"> <div class=\"wp-block-column is-layout-flow wp-block-column-is-layout-flow\"> <p><a href=\"https:\/\/charcoalplant.com\/de\/carbonization-furnace\/vertical-carbonization-furnace\/\">Vertikaler Karbonisierungsofen | Holzverkohlungsofenanlage<\/a><\/p>    <figure class=\"wp-block-gallery has-nested-images columns-default is-cropped wp-block-gallery-2 is-layout-flex wp-block-gallery-is-layout-flex\"> <figure class=\"wp-block-image size-large\"><img loading=\"lazy\" decoding=\"async\" width=\"720\" height=\"540\" data-id=\"1112\" src=\"https:\/\/charcoalplant.com\/wp-content\/uploads\/2021\/12\/Vertical-carbonization-furnace-Production-line-1-1.jpg\" alt=\"Vertikale Karbonisierungsofen-Produktionslinie\" class=\"wp-image-1112\" srcset=\"https:\/\/charcoalplant.com\/wp-content\/uploads\/2021\/12\/Vertical-carbonization-furnace-Production-line-1-1.jpg 720w, https:\/\/charcoalplant.com\/wp-content\/uploads\/2021\/12\/Vertical-carbonization-furnace-Production-line-1-1-300x225.jpg 300w\" sizes=\"auto, (max-width: 720px) 100vw, 720px\" \/><figcaption class=\"wp-element-caption\">Vertikale Karbonisierungsofen-Produktionslinie<\/figcaption><\/figure> <\/figure> <\/div>    <div class=\"wp-block-column is-layout-flow wp-block-column-is-layout-flow\"> <p><a href=\"https:\/\/charcoalplant.com\/de\/biomass-briquette-machine\/sawdust-briquette-machine\/\">S\u00e4gemehlbrikettiermaschine | Biomasse-Brikettmaschine zu verkaufen<\/a><\/p>    <figure class=\"wp-block-gallery has-nested-images columns-default is-cropped wp-block-gallery-3 is-layout-flex wp-block-gallery-is-layout-flex\"> <figure class=\"wp-block-image size-large\"><img loading=\"lazy\" decoding=\"async\" width=\"720\" height=\"540\" data-id=\"1001\" src=\"https:\/\/charcoalplant.com\/wp-content\/uploads\/2021\/11\/\u5c01\u9762-1.jpg\" alt=\"S\u00e4gemehlbrikettiermaschine\" class=\"wp-image-1001\" srcset=\"https:\/\/charcoalplant.com\/wp-content\/uploads\/2021\/11\/\u5c01\u9762-1.jpg 720w, https:\/\/charcoalplant.com\/wp-content\/uploads\/2021\/11\/\u5c01\u9762-1-300x225.jpg 300w\" sizes=\"auto, (max-width: 720px) 100vw, 720px\" \/><figcaption class=\"wp-element-caption\">S\u00e4gemehlbrikettiermaschine<\/figcaption><\/figure> <\/figure> <\/div> <\/div>    <div class=\"wp-block-columns is-layout-flex wp-container-core-columns-is-layout-28f84493 wp-block-columns-is-layout-flex\"> <div class=\"wp-block-column is-layout-flow wp-block-column-is-layout-flow\"> <p><a href=\"https:\/\/charcoalplant.com\/de\/charcoal-briquetting-machine\/charcoal-powder-briquette-machine\/\">Holzkohlepulver-Brikettmaschine | Hersteller von Kohlepressmaschinen<\/a><\/p>    <figure class=\"wp-block-gallery has-nested-images columns-default is-cropped wp-block-gallery-4 is-layout-flex wp-block-gallery-is-layout-flex\"> <figure class=\"wp-block-image size-large\"><img loading=\"lazy\" decoding=\"async\" width=\"720\" height=\"540\" data-id=\"1197\" src=\"https:\/\/charcoalplant.com\/wp-content\/uploads\/2021\/12\/charcoal-powder-briquette-machine-price-1.jpg\" alt=\"Preis f\u00fcr Holzkohlepulver-Brikettiermaschine\" class=\"wp-image-1197\" srcset=\"https:\/\/charcoalplant.com\/wp-content\/uploads\/2021\/12\/charcoal-powder-briquette-machine-price-1.jpg 720w, https:\/\/charcoalplant.com\/wp-content\/uploads\/2021\/12\/charcoal-powder-briquette-machine-price-1-300x225.jpg 300w\" sizes=\"auto, (max-width: 720px) 100vw, 720px\" \/><figcaption class=\"wp-element-caption\">Preis f\u00fcr Holzkohlepulver-Brikettiermaschine<\/figcaption><\/figure> <\/figure> <\/div>    <div class=\"wp-block-column is-layout-flow wp-block-column-is-layout-flow\"> <p><a href=\"https:\/\/charcoalplant.com\/de\/charcoal-briquetting-machine\/best-shisha-charcoal-machine\/\">Beste Shisha-Kohlemaschine | Tablettenpresse aus Kokosnusskohle<\/a><\/p>    <figure class=\"wp-block-gallery has-nested-images columns-default is-cropped wp-block-gallery-5 is-layout-flex wp-block-gallery-is-layout-flex\"> <figure class=\"wp-block-image size-large\"><img loading=\"lazy\" decoding=\"async\" width=\"720\" height=\"540\" data-id=\"1356\" src=\"https:\/\/charcoalplant.com\/wp-content\/uploads\/2021\/12\/best-shisha-charcoal-machine-supplier-1.jpg\" alt=\"bester Lieferant von Shisha-Kohlemaschinen\" class=\"wp-image-1356\" srcset=\"https:\/\/charcoalplant.com\/wp-content\/uploads\/2021\/12\/best-shisha-charcoal-machine-supplier-1.jpg 720w, https:\/\/charcoalplant.com\/wp-content\/uploads\/2021\/12\/best-shisha-charcoal-machine-supplier-1-300x225.jpg 300w\" sizes=\"auto, (max-width: 720px) 100vw, 720px\" \/><figcaption class=\"wp-element-caption\">bester Lieferant von Shisha-Kohlemaschinen<\/figcaption><\/figure> <\/figure> <\/div> <\/div>    <h2 class=\"wp-block-heading\">Empfohlene Produkte<\/h2>    <div class=\"wp-block-columns is-layout-flex wp-container-core-columns-is-layout-28f84493 wp-block-columns-is-layout-flex\"> <div class=\"wp-block-column is-layout-flow wp-block-column-is-layout-flow\"> <p><a href=\"https:\/\/charcoalplant.com\/de\/drying-machine\/rice-husk-dryer\/\">Reisschalentrockner | Hersteller von Trocknungsmaschinen<\/a><\/p>    <figure class=\"wp-block-gallery has-nested-images columns-default is-cropped wp-block-gallery-6 is-layout-flex wp-block-gallery-is-layout-flex\"> <figure class=\"wp-block-image size-large\"><img loading=\"lazy\" decoding=\"async\" width=\"720\" height=\"540\" data-id=\"960\" src=\"https:\/\/charcoalplant.com\/wp-content\/uploads\/2021\/11\/Rice-husk-dryer-1.jpg\" alt=\"Reisschalentrockner\" class=\"wp-image-960\" srcset=\"https:\/\/charcoalplant.com\/wp-content\/uploads\/2021\/11\/Rice-husk-dryer-1.jpg 720w, https:\/\/charcoalplant.com\/wp-content\/uploads\/2021\/11\/Rice-husk-dryer-1-300x225.jpg 300w\" sizes=\"auto, (max-width: 720px) 100vw, 720px\" \/><figcaption class=\"wp-element-caption\">Reisschalentrockner<\/figcaption><\/figure> <\/figure> <\/div>    <div class=\"wp-block-column is-layout-flow wp-block-column-is-layout-flow\"> <p class=\"translation-block\"><a href=\"https:\/\/charcoalplant.com\/de\/wood-wastes-recycling-machine\/hammer-mill\/\"><\/a><a href=\"https:\/\/charcoalplant.com\/de\/product\/charcoal-briquettes-packing-machine\/\"><a href=\"https:\/\/charcoalplant.com\/de\/briquettes-packing-machine\/charcoal-briquettes-packing-machine\/\">Kohlenstoffbrikettiermaschine-Verpackungsmaschine | Kohlew\u00e4chter<\/a><\/a><\/p>    <figure class=\"wp-block-gallery has-nested-images columns-default is-cropped wp-block-gallery-7 is-layout-flex wp-block-gallery-is-layout-flex\"> <figure class=\"wp-block-image size-large\"><img loading=\"lazy\" decoding=\"async\" width=\"720\" height=\"540\" data-id=\"1503\" src=\"https:\/\/charcoalplant.com\/wp-content\/uploads\/2021\/12\/Shisha-Charcoal-Packing-Machine-1.jpg\" alt=\"Shisha-Kohle-Verpackungsmaschine\" class=\"wp-image-1503\" srcset=\"https:\/\/charcoalplant.com\/wp-content\/uploads\/2021\/12\/Shisha-Charcoal-Packing-Machine-1.jpg 720w, https:\/\/charcoalplant.com\/wp-content\/uploads\/2021\/12\/Shisha-Charcoal-Packing-Machine-1-300x225.jpg 300w\" sizes=\"auto, (max-width: 720px) 100vw, 720px\" \/><figcaption class=\"wp-element-caption\">Shisha-Kohle-Verpackungsmaschine<\/figcaption><\/figure> <\/figure> <\/div>    <div class=\"wp-block-column is-layout-flow wp-block-column-is-layout-flow\"> <p><a href=\"https:\/\/charcoalplant.com\/de\/grinder-and-mixer\/charcoal-shredder\/\">Kohleh\u00e4cksler | Zerkleinerungsmaschine f\u00fcr Kohleverbundwerkstoffe<\/a><\/p>    <figure class=\"wp-block-gallery has-nested-images columns-default is-cropped wp-block-gallery-8 is-layout-flex wp-block-gallery-is-layout-flex\"> <figure class=\"wp-block-image size-large\"><img loading=\"lazy\" decoding=\"async\" width=\"720\" height=\"540\" data-id=\"1714\" src=\"https:\/\/charcoalplant.com\/wp-content\/uploads\/2021\/12\/charcoal-shredder-manufacturer-1.jpg\" alt=\"Hersteller von Holzkohlezerkleinerern\" class=\"wp-image-1714\" srcset=\"https:\/\/charcoalplant.com\/wp-content\/uploads\/2021\/12\/charcoal-shredder-manufacturer-1.jpg 720w, https:\/\/charcoalplant.com\/wp-content\/uploads\/2021\/12\/charcoal-shredder-manufacturer-1-300x225.jpg 300w\" sizes=\"auto, (max-width: 720px) 100vw, 720px\" \/><figcaption class=\"wp-element-caption\">Hersteller von Holzkohlezerkleinerern<\/figcaption><\/figure> <\/figure> <\/div> <\/div>","protected":false},"excerpt":{"rendered":"<p>Welcome to Shuliy Machinery Equipment Co., Ltd. For your better shopping experience, we have prepared a detailed buying guide for you. Here let me introduce to you some of our company&#8217;s special products. Such as carbonization furnace, coconut shell charcoal machine, coal briket machine, and sawdust briquette machine. Other products are also good, including wood [&hellip;]<\/p>\n","protected":false},"author":1,"featured_media":985,"parent":0,"menu_order":0,"comment_status":"closed","ping_status":"closed","template":"","meta":{"footnotes":""},"class_list":["post-45","page","type-page","status-publish","has-post-thumbnail","hentry"],"_links":{"self":[{"href":"https:\/\/charcoalplant.com\/de\/wp-json\/wp\/v2\/pages\/45","targetHints":{"allow":["GET"]}}],"collection":[{"href":"https:\/\/charcoalplant.com\/de\/wp-json\/wp\/v2\/pages"}],"about":[{"href":"https:\/\/charcoalplant.com\/de\/wp-json\/wp\/v2\/types\/page"}],"author":[{"embeddable":true,"href":"https:\/\/charcoalplant.com\/de\/wp-json\/wp\/v2\/users\/1"}],"replies":[{"embeddable":true,"href":"https:\/\/charcoalplant.com\/de\/wp-json\/wp\/v2\/comments?post=45"}],"version-history":[{"count":0,"href":"https:\/\/charcoalplant.com\/de\/wp-json\/wp\/v2\/pages\/45\/revisions"}],"wp:featuredmedia":[{"embeddable":true,"href":"https:\/\/charcoalplant.com\/de\/wp-json\/wp\/v2\/media\/985"}],"wp:attachment":[{"href":"https:\/\/charcoalplant.com\/de\/wp-json\/wp\/v2\/media?parent=45"}],"curies":[{"name":"wp","href":"https:\/\/api.w.org\/{rel}","templated":true}]}}