{"id":8,"date":"2021-12-28T05:28:32","date_gmt":"2021-12-28T05:28:32","guid":{"rendered":"http:\/\/charcoalplant.local\/?page_id=8"},"modified":"2023-01-10T16:03:19","modified_gmt":"2023-01-10T08:03:19","slug":"about","status":"publish","type":"page","link":"https:\/\/charcoalplant.com\/de\/about-us\/","title":{"rendered":"\u00dcber Shuliy"},"content":{"rendered":"<figure class=\"wp-block-image aligncenter size-full is-resized\"><img loading=\"lazy\" decoding=\"async\" src=\"https:\/\/charcoalplant.com\/wp-content\/uploads\/2022\/01\/shuliy-machinery.png\" alt=\"\" class=\"wp-image-1753\" width=\"776\" height=\"323\" srcset=\"https:\/\/charcoalplant.com\/wp-content\/uploads\/2022\/01\/shuliy-machinery.png 1024w, https:\/\/charcoalplant.com\/wp-content\/uploads\/2022\/01\/shuliy-machinery-300x125.png 300w, https:\/\/charcoalplant.com\/wp-content\/uploads\/2022\/01\/shuliy-machinery-768x320.png 768w\" sizes=\"auto, (max-width: 776px) 100vw, 776px\" \/><\/figure>    <ul class=\"wp-block-list\"> <li>Hersteller und Exporteur von Holzkohlemaschinen seit mehr als 10 Jahren.<\/li>    <li>Mit fast 200 F&amp;E-, Fertigungs- und Vertriebsteams.<\/li>    <li>Konzentrieren Sie sich auf die Bereitstellung umfassender Holzkohlel\u00f6sungen, um das Holzkohlegesch\u00e4ft Ihrer Kunden zu erreichen.<\/li>    <li>Stellen Sie sicher, dass jede verkaufte Holzkohlemaschine einen Nutzen f\u00fcr die Kunden schaffen kann.<\/li> <\/ul>    <h2 class=\"has-black-color has-text-color wp-block-heading\" id=\"h-composition-of-shuliy\" style=\"margin-top:30px;margin-bottom:30px\">Zusammensetzung von Shuliy<\/h2>    <figure class=\"wp-block-image aligncenter size-full is-resized\"><img loading=\"lazy\" decoding=\"async\" src=\"https:\/\/charcoalplant.com\/wp-content\/uploads\/2022\/01\/shuliy-company-1.png\" alt=\"\" class=\"wp-image-1755\" width=\"799\" height=\"327\" srcset=\"https:\/\/charcoalplant.com\/wp-content\/uploads\/2022\/01\/shuliy-company-1.png 789w, https:\/\/charcoalplant.com\/wp-content\/uploads\/2022\/01\/shuliy-company-1-300x123.png 300w, https:\/\/charcoalplant.com\/wp-content\/uploads\/2022\/01\/shuliy-company-1-768x314.png 768w\" sizes=\"auto, (max-width: 799px) 100vw, 799px\" \/><\/figure>    <p class=\"translation-block\"><strong>F&amp;E- und Marktforschungsteam<\/strong><\/p>    <p>Die Ger\u00e4te-F&amp;E- und Marktforschungsteams in der Shuliy-Fabrik sind allesamt Maschinenbauingenieure mit 5\u201310 Jahren Berufserfahrung und verf\u00fcgen \u00fcber sehr umfangreiche Erfahrung in der Ger\u00e4teaktualisierung und -verbesserung.<\/p>    <p class=\"translation-block\"><strong>Fertigung und Qualit\u00e4tsinspektions-Team<\/strong><\/p>    <p>Das Team f\u00fcr die Herstellung und Qualit\u00e4tspr\u00fcfung von Holzkohleger\u00e4ten ist die Kernabteilung der Shuliy-Fabrik. Sie alle sind hochbezahlte Fachkr\u00e4fte mit reicher Erfahrung und seri\u00f6ser Arbeit. Die Qualit\u00e4tskontrollabteilung f\u00fchrt strenge Kontrollen der zu versendenden Produkte durch.<\/p>    <p class=\"translation-block\"><strong>Vertriebs- und After-Sales-Team<\/strong><\/p>    <p>Das internationale Vertriebs- und Kundendienstpersonal der Shuliy-Fabrik sind moderne Talente, die renommierte Schulen abgeschlossen haben. Sie k\u00f6nnen ohne Barrieren mit Kunden aus verschiedenen L\u00e4ndern kommunizieren.<\/p>    <h2 class=\"wp-block-heading\">Kundenrezensionen<\/h2>    <div class=\"wp-block-columns has-background is-layout-flex wp-container-core-columns-is-layout-28f84493 wp-block-columns-is-layout-flex\" style=\"background-color:#f1f1f1\"> <div class=\"wp-block-column is-layout-flow wp-block-column-is-layout-flow\"> <figure class=\"wp-block-image aligncenter size-full is-resized\"><img loading=\"lazy\" decoding=\"async\" src=\"https:\/\/charcoalplant.com\/wp-content\/uploads\/2022\/03\/Ghana-customer-1-1.jpg\" alt=\"\" class=\"wp-image-2728\" width=\"402\" height=\"301\"\/><\/figure> <\/div>    <div class=\"wp-block-column is-vertically-aligned-center is-layout-flow wp-block-column-is-layout-flow\"> <p>\u201eDie Zusammenarbeit mit der Firma Shuliy ist eine sehr angenehme Sache! Als ich die Shuliy-Fabrik besuchte, a\u00df ich auch traditionelles chinesisches Essen \u2013 Zongzi!\u201c<\/p>    <p>\u2013 Ahmed Essa<\/p> <\/div> <\/div>    <div class=\"wp-block-columns has-background is-layout-flex wp-container-core-columns-is-layout-28f84493 wp-block-columns-is-layout-flex\" style=\"background-color:#f1f1f1\"> <div class=\"wp-block-column is-vertically-aligned-center is-layout-flow wp-block-column-is-layout-flow\"> <p>\u201eDer Karbonisierungsofen, den ich f\u00fcr die Fabrik in Nigeria gekauft habe, wurde bereits geliefert. Das Ger\u00e4t war in gutem Zustand und ohne Besch\u00e4digungen verpackt. Die Shuliy-Fabrik stellte au\u00dferdem kostenlos viel Zubeh\u00f6r und detaillierte Installationsanweisungen zur Verf\u00fcgung, was mich \u00fcberrascht hat!\u201c<\/p>    <p>\u2013 Mahmut Tepebasi<\/p> <\/div>    <div class=\"wp-block-column is-layout-flow wp-block-column-is-layout-flow\"> <figure class=\"wp-block-image aligncenter size-full is-resized\"><img loading=\"lazy\" decoding=\"async\" src=\"https:\/\/charcoalplant.com\/wp-content\/uploads\/2022\/03\/Saudi-customer-1.jpg\" alt=\"\" class=\"wp-image-2725\" width=\"371\" height=\"279\"\/><\/figure> <\/div> <\/div>    <div class=\"wp-block-columns has-background is-layout-flex wp-container-core-columns-is-layout-28f84493 wp-block-columns-is-layout-flex\" style=\"background-color:#f1f1f1\"> <div class=\"wp-block-column is-layout-flow wp-block-column-is-layout-flow\"> <figure class=\"wp-block-image aligncenter size-full is-resized\"><img loading=\"lazy\" decoding=\"async\" src=\"https:\/\/charcoalplant.com\/wp-content\/uploads\/2022\/03\/Filipino-customers-1.jpg\" alt=\"\" class=\"wp-image-2719\" width=\"416\" height=\"312\"\/><\/figure> <\/div>    <div class=\"wp-block-column is-vertically-aligned-center is-layout-flow wp-block-column-is-layout-flow\"> <p>\u201eMein Partner und ich sind mit Shuliys Shisha-Holzkohle-Verarbeitungsger\u00e4ten sehr zufrieden! Die Leistung der gesamten Produktionslinie liegt bei etwa 500 kg\/h, was unseren Erwartungen entspricht.\u201c<\/p>    <p>\u2013 Kyrian<\/p> <\/div> <\/div>    <div class=\"wp-block-columns has-background is-layout-flex wp-container-core-columns-is-layout-28f84493 wp-block-columns-is-layout-flex\" style=\"background-color:#f1f1f1\"> <div class=\"wp-block-column is-vertically-aligned-center is-layout-flow wp-block-column-is-layout-flow\"> <p>\u201eWir freuen uns sehr \u00fcber die Zusammenarbeit mit der Shuliy-Fabrik. Die Holzkohlebrikettmaschine, die ich gekauft habe, wurde p\u00fcnktlich geliefert. Vielen Dank f\u00fcr das Bedienungsanleitungsvideo der Maschine, das Sie f\u00fcr uns erstellt haben. Es hat mir sehr geholfen!\u201c<\/p>    <p>\u2013 Ben Lmeogu<\/p> <\/div>    <div class=\"wp-block-column is-layout-flow wp-block-column-is-layout-flow\"> <figure class=\"wp-block-image aligncenter size-full is-resized\"><img loading=\"lazy\" decoding=\"async\" src=\"https:\/\/charcoalplant.com\/wp-content\/uploads\/2022\/03\/British-customers-1.jpg\" alt=\"\" class=\"wp-image-2722\" width=\"389\" height=\"292\"\/><\/figure> <\/div> <\/div>    <p><\/p>","protected":false},"excerpt":{"rendered":"<p>Composition of Shuliy R&amp;D and market research team The equipment R&amp;D and market research teams in the Shuliy factory are all mechanical engineers with 5-10 years of work experience, and they have very rich experience in equipment updates and improvement. Manufacturing and quality inspection team The charcoal equipment manufacturing and quality inspection team is the [&hellip;]<\/p>\n","protected":false},"author":1,"featured_media":0,"parent":0,"menu_order":0,"comment_status":"closed","ping_status":"closed","template":"","meta":{"footnotes":""},"class_list":["post-8","page","type-page","status-publish","hentry"],"_links":{"self":[{"href":"https:\/\/charcoalplant.com\/de\/wp-json\/wp\/v2\/pages\/8","targetHints":{"allow":["GET"]}}],"collection":[{"href":"https:\/\/charcoalplant.com\/de\/wp-json\/wp\/v2\/pages"}],"about":[{"href":"https:\/\/charcoalplant.com\/de\/wp-json\/wp\/v2\/types\/page"}],"author":[{"embeddable":true,"href":"https:\/\/charcoalplant.com\/de\/wp-json\/wp\/v2\/users\/1"}],"replies":[{"embeddable":true,"href":"https:\/\/charcoalplant.com\/de\/wp-json\/wp\/v2\/comments?post=8"}],"version-history":[{"count":0,"href":"https:\/\/charcoalplant.com\/de\/wp-json\/wp\/v2\/pages\/8\/revisions"}],"wp:attachment":[{"href":"https:\/\/charcoalplant.com\/de\/wp-json\/wp\/v2\/media?parent=8"}],"curies":[{"name":"wp","href":"https:\/\/api.w.org\/{rel}","templated":true}]}}