{"id":1042,"date":"2021-12-01T03:47:15","date_gmt":"2021-12-01T03:47:15","guid":{"rendered":"https:\/\/charcoalplant.com\/?p=1042"},"modified":"2023-01-06T16:54:05","modified_gmt":"2023-01-06T08:54:05","slug":"vertical-carbonization-furnace","status":"publish","type":"product","link":"https:\/\/charcoalplant.com\/de\/product\/vertical-carbonization-furnace\/","title":{"rendered":"Vertikaler Karbonisierungsofen | Kleine Maschine zur Kohleherstellung"},"content":{"rendered":"<div class=\"kk-star-ratings kksr-auto kksr-align-left kksr-valign-top\"     data-payload='{&quot;align&quot;:&quot;left&quot;,&quot;id&quot;:&quot;1042&quot;,&quot;slug&quot;:&quot;default&quot;,&quot;valign&quot;:&quot;top&quot;,&quot;ignore&quot;:&quot;&quot;,&quot;reference&quot;:&quot;auto&quot;,&quot;class&quot;:&quot;&quot;,&quot;count&quot;:&quot;10&quot;,&quot;legendonly&quot;:&quot;&quot;,&quot;readonly&quot;:&quot;&quot;,&quot;score&quot;:&quot;4.9&quot;,&quot;starsonly&quot;:&quot;&quot;,&quot;best&quot;:&quot;5&quot;,&quot;gap&quot;:&quot;5&quot;,&quot;greet&quot;:&quot;Rate this product&quot;,&quot;legend&quot;:&quot;4.9\\\/5 - (10 votes)&quot;,&quot;size&quot;:&quot;24&quot;,&quot;title&quot;:&quot;Vertical Carbonization Furnace | Small Charcoal Making Machine&quot;,&quot;width&quot;:&quot;139.6&quot;,&quot;_legend&quot;:&quot;{score}\\\/{best} - ({count} {votes})&quot;,&quot;font_factor&quot;:&quot;1.25&quot;}'>              <div class=\"kksr-stars\">      <div class=\"kksr-stars-inactive\">             <div class=\"kksr-star\" data-star=\"1\" style=\"padding-right: 5px\">               <div class=\"kksr-icon\" style=\"width: 24px; height: 24px;\"><\/div>         <\/div>             <div class=\"kksr-star\" data-star=\"2\" style=\"padding-right: 5px\">               <div class=\"kksr-icon\" style=\"width: 24px; height: 24px;\"><\/div>         <\/div>             <div class=\"kksr-star\" data-star=\"3\" style=\"padding-right: 5px\">               <div class=\"kksr-icon\" style=\"width: 24px; height: 24px;\"><\/div>         <\/div>             <div class=\"kksr-star\" data-star=\"4\" style=\"padding-right: 5px\">               <div class=\"kksr-icon\" style=\"width: 24px; height: 24px;\"><\/div>         <\/div>             <div class=\"kksr-star\" data-star=\"5\" style=\"padding-right: 5px\">               <div class=\"kksr-icon\" style=\"width: 24px; height: 24px;\"><\/div>         <\/div>     <\/div>      <div class=\"kksr-stars-active\" style=\"width: 139.6px;\">             <div class=\"kksr-star\" style=\"padding-right: 5px\">               <div class=\"kksr-icon\" style=\"width: 24px; height: 24px;\"><\/div>         <\/div>             <div class=\"kksr-star\" style=\"padding-right: 5px\">               <div class=\"kksr-icon\" style=\"width: 24px; height: 24px;\"><\/div>         <\/div>             <div class=\"kksr-star\" style=\"padding-right: 5px\">               <div class=\"kksr-icon\" style=\"width: 24px; height: 24px;\"><\/div>         <\/div>             <div class=\"kksr-star\" style=\"padding-right: 5px\">               <div class=\"kksr-icon\" style=\"width: 24px; height: 24px;\"><\/div>         <\/div>             <div class=\"kksr-star\" style=\"padding-right: 5px\">               <div class=\"kksr-icon\" style=\"width: 24px; height: 24px;\"><\/div>         <\/div>     <\/div> <\/div>                   <div class=\"kksr-legend\" style=\"font-size: 19.2px;\">             4,9\/5 - (10 Stimmen)    <\/div>     <\/div>  <p class=\"translation-block\"><strong>Vertikaler Karbonisierungsofen<\/strong> ist eine kleine Holzkohle-Herstellungsmaschine. Sie wird auch als Hebkarbonisierungsofen bezeichnet. Es handelt sich um einen neu entwickelten energiesparenden Luftstrom-Karbonisierungsofen. Dar\u00fcber hinaus verwendet er eine ferngesteuerte Hebekranvorrichtung. Daher kann der Bediener die Aufgabe des Be- und Entladens problemlos erledigen. Dieser Holzkarbonisierungsofen nimmt wenig Platz ein. Er eignet sich f\u00fcr die Massenproduktion von Holzkohle in einer <strong><a href=\"https:\/\/charcoalplant.com\/de\/charcoal-making-machine-3\/\">Holzkohle-Produktionslinie<\/a><\/strong>. Somit ist er die ideale Ausr\u00fcstung f\u00fcr Holzkohlehersteller zur Produktion von Holzkohle. Rufen Sie uns jetzt f\u00fcr die besten Preisinformationen an.<\/p>    <h2 class=\"wp-block-heading\" id=\"h-raw-materials-of-vertical-carbonization-furnace\">Rohstoffe des vertikalen Karbonisierungsofens<\/h2>    <p>S\u00e4gemehlbrikettier\u00f6fen k\u00f6nnen Baumst\u00e4mme, S\u00e4gemehlbriketts, Zweige, Harth\u00f6lzer, Kokosnussschalen, Nussschalen, Palmenschalen, Bambus und andere Materialien verkohlen. Diese karbonisierte Holzkohle ist ein modernes, ungiftiges und ungef\u00e4hrliches Verbrennungs- und Heizmaterial.<\/p>    <figure class=\"wp-block-gallery has-nested-images columns-default is-cropped wp-block-gallery-2 is-layout-flex wp-block-gallery-is-layout-flex\"> <figure class=\"wp-block-image size-full\"><img loading=\"lazy\" decoding=\"async\" width=\"1192\" height=\"228\" data-id=\"2253\" src=\"https:\/\/charcoalplant.com\/wp-content\/uploads\/2022\/02\/carbonization-furnace-raw-matarials-1-1.jpg\" alt=\"\" class=\"wp-image-2253\"\/><\/figure> <\/figure>    <p>Im Vergleich zu gew\u00f6hnlicher einheimischer Holzkohle bietet maschinell hergestellte Holzkohle die Vorteile einer langen Brenndauer, eines hohen Kohlenstoffgehalts, eines hohen Heizwerts, eines geringen Aschegehalts und einer Geschmacksneutralit\u00e4t.<\/p>    <figure class=\"wp-block-gallery has-nested-images columns-default is-cropped wp-block-gallery-3 is-layout-flex wp-block-gallery-is-layout-flex\"> <figure class=\"wp-block-image size-large\"><img loading=\"lazy\" decoding=\"async\" width=\"1190\" height=\"228\" data-id=\"2255\" src=\"https:\/\/charcoalplant.com\/wp-content\/uploads\/2022\/02\/coconut-shell-charcoal-1.jpg\" alt=\"\" class=\"wp-image-2255\"\/><\/figure> <\/figure>    <h2 class=\"wp-block-heading\" id=\"h-structure-of-vertical-carbonization-furnace\">Struktur des vertikalen Karbonisierungsofens<\/h2>    <p class=\"translation-block\">Diese kleine Holzkohle-Herstellungsmaschine umfasst haupts\u00e4chlich einen Ofenk\u00f6rper, eine Ofenabdeckung, eine Heizkammer, ein Abgasrohr, einen <strong><a href=\"https:\/\/charcoalplant.com\/de\/info\/how-does-the-sawdust-briquetting-carbonizer-work\/\">Innentank<\/a><\/strong>, einen Au\u00dfentank und andere Strukturen. <\/p>    <figure class=\"wp-block-gallery has-nested-images columns-default is-cropped wp-block-gallery-4 is-layout-flex wp-block-gallery-is-layout-flex\"> <figure class=\"wp-block-image size-full\"><img loading=\"lazy\" decoding=\"async\" width=\"720\" height=\"540\" data-id=\"2270\" src=\"https:\/\/charcoalplant.com\/wp-content\/uploads\/2021\/12\/hoisting-carbonization-furnace-manufacturer-2.jpg\" alt=\"Hebe-Schwelofen-Hersteller\" class=\"wp-image-2270\"\/><figcaption class=\"wp-element-caption\">Hebe-Schwelofen-Hersteller<\/figcaption><\/figure> <\/figure>    <p class=\"translation-block\">Aufgrund des <strong><a href=\"https:\/\/charcoalplant.com\/de\/info\/how-does-the-sawdust-briquetting-carbonizer-work\/\">Innentanks<\/a><\/strong> befindet sich am oberen Rand der Auskleidung ein Ringrahmen. Der Durchmesser des Innentanks zuz\u00fcglich der Breite des Rahmens ist gr\u00f6\u00dfer als der Durchmesser des Au\u00dfentanks. Somit kann der Innentank frei in der Luft stehen.<\/p>    <div class=\"wp-block-columns has-background is-layout-flex wp-container-core-columns-is-layout-28f84493 wp-block-columns-is-layout-flex\" style=\"background-color:#f1f1f1\"> <div class=\"wp-block-column is-vertically-aligned-center is-layout-flow wp-block-column-is-layout-flow\" style=\"flex-basis:33.33%\"> <p class=\"translation-block\"><strong>Abdeckung<\/strong><\/p>    <p class=\"translation-block\">Der Innentank und die Ofenabdeckung sind mit Aufh\u00e4nge\u00f6sen ausgestattet, die eingehakt werden k\u00f6nnen. Daher ist es praktisch, zugeh\u00f6riges Zubeh\u00f6r w\u00e4hrend des <strong><a href=\"https:\/\/charcoalplant.com\/de\/info\/how-does-the-sawdust-briquetting-carbonizer-work\/\">Betriebs<\/a><\/strong> aufzur\u00fcsten.<\/p> <\/div>    <div class=\"wp-block-column is-layout-flow wp-block-column-is-layout-flow\" style=\"flex-basis:66.66%\"> <figure class=\"wp-block-gallery has-nested-images columns-default is-cropped wp-block-gallery-5 is-layout-flex wp-block-gallery-is-layout-flex\"> <figure class=\"wp-block-image size-full\"><img loading=\"lazy\" decoding=\"async\" width=\"720\" height=\"540\" data-id=\"1064\" src=\"https:\/\/charcoalplant.com\/wp-content\/uploads\/2021\/12\/cover-2.jpg\" alt=\"Abdeckung\" class=\"wp-image-1064\" srcset=\"https:\/\/charcoalplant.com\/wp-content\/uploads\/2021\/12\/cover-2.jpg 720w, https:\/\/charcoalplant.com\/wp-content\/uploads\/2021\/12\/cover-2-300x225.jpg 300w\" sizes=\"auto, (max-width: 720px) 100vw, 720px\" \/><figcaption class=\"wp-element-caption\">Abdeckung<\/figcaption><\/figure> <\/figure> <\/div> <\/div>    <div class=\"wp-block-columns has-background is-layout-flex wp-container-core-columns-is-layout-28f84493 wp-block-columns-is-layout-flex\" style=\"background-color:#f1f1f1\"> <div class=\"wp-block-column is-layout-flow wp-block-column-is-layout-flow\" style=\"flex-basis:66.66%\"> <figure class=\"wp-block-gallery has-nested-images columns-default is-cropped wp-block-gallery-6 is-layout-flex wp-block-gallery-is-layout-flex\"> <figure class=\"wp-block-image size-large\"><img loading=\"lazy\" decoding=\"async\" width=\"720\" height=\"540\" data-id=\"1065\" src=\"https:\/\/charcoalplant.com\/wp-content\/uploads\/2021\/12\/Pipes-that-produce-combustible-gas-1.jpg\" alt=\"Rohre, die brennbares Gas produzieren\" class=\"wp-image-1065\" srcset=\"https:\/\/charcoalplant.com\/wp-content\/uploads\/2021\/12\/Pipes-that-produce-combustible-gas-1.jpg 720w, https:\/\/charcoalplant.com\/wp-content\/uploads\/2021\/12\/Pipes-that-produce-combustible-gas-1-300x225.jpg 300w\" sizes=\"auto, (max-width: 720px) 100vw, 720px\" \/><figcaption class=\"wp-element-caption\">Rohre, die brennbares Gas produzieren<\/figcaption><\/figure> <\/figure> <\/div>    <div class=\"wp-block-column is-vertically-aligned-center is-layout-flow wp-block-column-is-layout-flow\" style=\"flex-basis:33.33%\"> <p class=\"translation-block\"><strong>Brennkammer<\/strong><\/p>    <p>Das Vorheizen des Holzscheitkohlungsofens erfordert die Verbrennung von Biomassebrennstoff zum Heizen. Der Karbonisierungsofen, der die L\u00fccke zwischen feuerfesten Steinen mit Hochtemperaturkleber f\u00fcllt, ist fester und stabiler. Dar\u00fcber hinaus werden auch die Dichtleistung im Ofeninneren und die W\u00e4rmeisolationswirkung au\u00dferhalb des Ofens deutlich verbessert.<\/p> <\/div> <\/div>    <div class=\"wp-block-columns has-background is-layout-flex wp-container-core-columns-is-layout-28f84493 wp-block-columns-is-layout-flex\" style=\"background-color:#f1f1f1\"> <div class=\"wp-block-column is-vertically-aligned-center is-layout-flow wp-block-column-is-layout-flow\" style=\"flex-basis:33.33%\"> <p class=\"translation-block\"><strong>Wagen<\/strong><\/p>    <p>Der Eisenrahmen kann Holzscheite aufnehmen und in den Innentank des Holzkohleofens legen. Nach Abschluss der Karbonisierung l\u00e4sst es sich zum Be- und Entladen leicht herausnehmen.<\/p> <\/div>    <div class=\"wp-block-column is-layout-flow wp-block-column-is-layout-flow\" style=\"flex-basis:66.66%\"> <figure class=\"wp-block-gallery has-nested-images columns-default is-cropped wp-block-gallery-7 is-layout-flex wp-block-gallery-is-layout-flex\"> <figure class=\"wp-block-image size-large\"><img loading=\"lazy\" decoding=\"async\" width=\"720\" height=\"540\" data-id=\"1055\" src=\"https:\/\/charcoalplant.com\/wp-content\/uploads\/2021\/12\/Log-or-stick-carrying-tool-1.jpg\" alt=\"Werkzeug zum Tragen von Baumst\u00e4mmen oder St\u00f6cken\" class=\"wp-image-1055\" srcset=\"https:\/\/charcoalplant.com\/wp-content\/uploads\/2021\/12\/Log-or-stick-carrying-tool-1.jpg 720w, https:\/\/charcoalplant.com\/wp-content\/uploads\/2021\/12\/Log-or-stick-carrying-tool-1-300x225.jpg 300w\" sizes=\"auto, (max-width: 720px) 100vw, 720px\" \/><figcaption class=\"wp-element-caption\">Werkzeug zum Tragen von Baumst\u00e4mmen oder St\u00f6cken<\/figcaption><\/figure> <\/figure> <\/div> <\/div>    <h2 class=\"wp-block-heading\" id=\"log-carbonization-furnace-plant-operation-process\">Betriebsprozess der Maschine zur Herstellung von S\u00e4gemehlkohle<\/h2>    <ul class=\"wp-block-list\"> <li>\u00d6ffnen Sie den Ofendeckel.<\/li> <\/ul>    <ul class=\"wp-block-list\"> <li>Heben Sie den Innentank heraus, f\u00fcllen Sie ihn mit Rohstoffen und setzen Sie ihn wieder in den Innentank ein.<\/li> <\/ul>    <ul class=\"wp-block-list\"> <li>Vorheizen (40min-1h). \u00d6ffnen Sie das Ventil zur Karbonisierung (6-8h).<\/li> <\/ul>    <ul class=\"wp-block-list\"> <li> Vervollst\u00e4ndigen Sie die Karbonisierung, nehmen Sie den Innentank heraus und k\u00fchlen Sie ihn ab (6\u20138 Stunden).<\/li> <\/ul>    <figure class=\"wp-block-gallery has-nested-images columns-2 is-cropped wp-block-gallery-8 is-layout-flex wp-block-gallery-is-layout-flex\"> <figure class=\"wp-block-image size-full\"><img loading=\"lazy\" decoding=\"async\" width=\"720\" height=\"540\" data-id=\"2267\" src=\"https:\/\/charcoalplant.com\/wp-content\/uploads\/2022\/02\/Vertical-log-carbonization-furnace-plant-.jpg\" alt=\"\" class=\"wp-image-2267\"\/><figcaption class=\"wp-element-caption\">Holzkohleofen<\/figcaption><\/figure>    <figure class=\"wp-block-image size-full\"><img loading=\"lazy\" decoding=\"async\" width=\"720\" height=\"540\" data-id=\"1062\" src=\"https:\/\/charcoalplant.com\/wp-content\/uploads\/2021\/12\/Hoisting-outer-tank-of-carbonization-furnace-1.jpg\" alt=\"Hebe-Au\u00dfentank des Karbonisierungsofens\" class=\"wp-image-1062\" srcset=\"https:\/\/charcoalplant.com\/wp-content\/uploads\/2021\/12\/Hoisting-outer-tank-of-carbonization-furnace-1.jpg 720w, https:\/\/charcoalplant.com\/wp-content\/uploads\/2021\/12\/Hoisting-outer-tank-of-carbonization-furnace-1-300x225.jpg 300w\" sizes=\"auto, (max-width: 720px) 100vw, 720px\" \/><figcaption class=\"wp-element-caption\">Hebe-Au\u00dfentank des Karbonisierungsofens<\/figcaption><\/figure> <\/figure>    <h2 class=\"wp-block-heading\" id=\"video-of-log-charcoal-furnace\">Video eines Holzkohle-Verkohlungsofens aus S\u00e4gemehl<\/h2>    <p>Shuliy Machinery ist ein ausgezeichneter Hersteller von Produktionslinien f\u00fcr Holzkohlemaschinen in China. Wir verf\u00fcgen \u00fcber die professionelle F\u00e4higkeit, L\u00f6sungen f\u00fcr Kunden bereitzustellen. Schauen Sie sich gerne unsere Videos an. Und wenn Sie am Kauf eines vertikalen Holzkohleofens aus Bambus interessiert sind, kontaktieren Sie uns bitte.<\/p>    <figure class=\"wp-block-embed is-type-video is-provider-youtube wp-block-embed-youtube wp-embed-aspect-16-9 wp-has-aspect-ratio\"><div class=\"wp-block-embed__wrapper\"> <iframe loading=\"lazy\" title=\"800 kg\/Ofen Vertikaler Karbonisierungsofen | Holzkohleverarbeitungsanlage#Holz#Bambuskohle\" width=\"500\" height=\"281\" src=\"https:\/\/www.youtube.com\/embed\/6zU44iT7e2c?feature=oembed\" frameborder=\"0\" allow=\"accelerometer; autoplay; clipboard-write; encrypted-media; gyroscope; picture-in-picture; web-share\" referrerpolicy=\"strict-origin-when-cross-origin\" allowfullscreen><\/iframe> <\/div><\/figure>    <h2 class=\"wp-block-heading\" id=\"hoist-carbonization-furnace-parameters\">Parameter f\u00fcr Karbonisierungs\u00f6fen vom vertikalen Typ<\/h2>    <p>Der Innendurchmesser des Hubkarbonisierungsofens ist unterschiedlich. Daher k\u00f6nnen wir verschiedene Arten von Holzkohle\u00f6fen individuell anpassen. Dar\u00fcber hinaus stellen wir unseren Kunden einen Hubkran mit einer Tragf\u00e4higkeit von 3t zur Verf\u00fcgung. Im Folgenden sind die Parameter des SL-C1500-Hebeholzkarbonisierungsofens aufgef\u00fchrt.<\/p>    <figure class=\"wp-block-table is-style-stripes\"><table><tbody><tr><td>Modell<\/td><td>SL-C1500<\/td><\/tr><tr><td>Ausgabekapazit\u00e4t<\/td><td>2500\u20133000 kg\/24 Stunden (abh\u00e4ngig von Ihren Rohstoffen)<\/td><\/tr><tr><td>Ladekapazit\u00e4t<\/td><td>2600\u20133000 kg\/pro 8 Stunden<\/td><\/tr><tr><td>Karbonisierungszeit einmal<\/td><td>8 Stunden<\/td><\/tr><tr><td>Dimension<\/td><td>1940*1900*1900mm<\/td><\/tr><tr><td>Stahldicke<\/td><td>6 mm (anpassbar)<\/td><\/tr><tr><td>Innengr\u00f6\u00dfe des Ofens<\/td><td>1,5 * 1,5 m<\/td><\/tr><tr><td>Gewicht<\/td><td>2,8t<\/td><\/tr><tr><td>Einschlie\u00dflich Teile<\/td><td>Eine Maschine umfasst 3 \u00d6fen<\/td><\/tr><tr><td>Elektrizit\u00e4t<\/td><td>Keine zus\u00e4tzliche Stromversorgung erforderlich<\/td><\/tr><tr><td>Biomassekosten f\u00fcr die Heizung pro 8 Stunden<\/td><td>50\u201380 kg Abfallbiomasse pro 8 Stunden<\/td><\/tr><\/tbody><\/table><\/figure>    <h2 class=\"wp-block-heading\" id=\"h-working-features-of-log-charcoal-factory\">Arbeitsmerkmale der S\u00e4gemehlkohlefabrik<\/h2>    <p class=\"translation-block\"><strong>Erstens,<\/strong> w\u00e4hrend des Karbonisierungsprozesses des vertikalen Karbonisierungsofens betr\u00e4gt die Zeit f\u00fcr jede Charge von karbonisierten Rohlingen und maschinell hergestellter Holzkohle 6-8 Stunden; die K\u00fchlzeit betr\u00e4gt ebenfalls 6-8 Stunden.<\/p>    <p class=\"translation-block\"><strong>Zweitens<\/strong> sind die Schritte des Betriebsprozesses einfach.<\/p>    <p class=\"translation-block\"><strong>Drittens<\/strong> ist die gesamte Sicherheitsleistung der Ausr\u00fcstung hoch und die Produktionseffizienz ist hoch.<\/p>    <p class=\"translation-block\"><strong>Viertens<\/strong> energiesparend und ohne Stromverbrauch.<\/p>    <p>Der Hauptverbrauch des vertikalen Holzkohleofens ist Brennstoff, es besteht jedoch keine Notwendigkeit, nach dem Vorheizen Brennstoff nachzuf\u00fcllen. Die anschlie\u00dfende W\u00e4rmequelle entsteht durch die Verbrennung des brennbaren Gases, das im Rohmaterial entsteht.<\/p>    <p class=\"translation-block\"><strong>F\u00fcnftens<\/strong> erm\u00f6glicht eine gute Luftdichtheit, dass der Luftstrom seine Rolle voll entfalten kann.<\/p>    <figure class=\"wp-block-gallery has-nested-images columns-default is-cropped wp-block-gallery-9 is-layout-flex wp-block-gallery-is-layout-flex\"> <figure class=\"wp-block-image size-full\"><img loading=\"lazy\" decoding=\"async\" width=\"720\" height=\"540\" data-id=\"2265\" src=\"https:\/\/charcoalplant.com\/wp-content\/uploads\/2021\/12\/Vertical-carbonization-furnace-.jpg\" alt=\"Vertikaler Karbonisierungsofen\" class=\"wp-image-2265\"\/><figcaption class=\"wp-element-caption\">Vertikaler Karbonisierungsofen<\/figcaption><\/figure> <\/figure>    <h2 class=\"wp-block-heading\" id=\"h-vertical-hoisting-carbonization-furnace-for-sale\">Vertikaler Karbonisierungsofen zum Verkauf<\/h2>    <p class=\"translation-block\">Wir verkaufen verschiedene Arten von S\u00e4gemehl-Holzkohle-Karbonisierungsofen. Neben dem Rauchabzugstank der Maschine selbst verf\u00fcgen wir auch \u00fcber eine Rauchgasreinigungsanlage mit Hochspannungs-Elektrostatik. Wir bieten den Kunden auch Brenner an. Unsere Fabrik verkauft auch <strong><a href=\"https:\/\/charcoalplant.com\/de\/carbonization-furnace\/rotary-carbonization-furnace\/\">kontinuierliche Karbonisierungsofen<\/a><\/strong> und <strong><a href=\"https:\/\/charcoalplant.com\/de\/carbonization-furnace\/horizontal-carbonization-furnace\/\">horizontale Karbonisierungsofen<\/a><\/strong>. Bei Bedarf k\u00f6nnen Sie sich gerne beraten lassen.<\/p>    <figure class=\"wp-block-gallery has-nested-images columns-default is-cropped wp-block-gallery-10 is-layout-flex wp-block-gallery-is-layout-flex\"> <figure class=\"wp-block-image size-large\"><img loading=\"lazy\" decoding=\"async\" width=\"720\" height=\"540\" data-id=\"1054\" src=\"https:\/\/charcoalplant.com\/wp-content\/uploads\/2021\/12\/High-voltage-static-electricity-of-vertical-carbonization-furnace-1.jpg\" alt=\"Statische Hochspannungselektrizit\u00e4t eines vertikalen Karbonisierungsofens\" class=\"wp-image-1054\" srcset=\"https:\/\/charcoalplant.com\/wp-content\/uploads\/2021\/12\/High-voltage-static-electricity-of-vertical-carbonization-furnace-1.jpg 720w, https:\/\/charcoalplant.com\/wp-content\/uploads\/2021\/12\/High-voltage-static-electricity-of-vertical-carbonization-furnace-1-300x225.jpg 300w\" sizes=\"auto, (max-width: 720px) 100vw, 720px\" \/><figcaption class=\"wp-element-caption\">Statische Hochspannungselektrizit\u00e4t eines vertikalen Karbonisierungsofens<\/figcaption><\/figure>    <figure class=\"wp-block-image size-full\"><img loading=\"lazy\" decoding=\"async\" width=\"720\" height=\"540\" data-id=\"2271\" src=\"https:\/\/charcoalplant.com\/wp-content\/uploads\/2022\/02\/natural-gas-burner.jpg\" alt=\"Erdgasbrenner\" class=\"wp-image-2271\"\/><figcaption class=\"wp-element-caption\">Erdgasbrenner<\/figcaption><\/figure> <\/figure>","protected":false},"excerpt":{"rendered":"<p>Der vertikale Karbonisierungsofen ist eine Karbonisierungsanlage mit einfacher Bedienung, kompakter Struktur und bequemer Karbonisierung.<\/p>","protected":false},"author":1,"featured_media":1112,"parent":0,"template":"","tags":[65],"product-type":[4],"class_list":["post-1042","product","type-product","status-publish","has-post-thumbnail","hentry","tag-carbonization-furnace","product-type-carbonization-furnace"],"_links":{"self":[{"href":"https:\/\/charcoalplant.com\/de\/wp-json\/wp\/v2\/product\/1042","targetHints":{"allow":["GET"]}}],"collection":[{"href":"https:\/\/charcoalplant.com\/de\/wp-json\/wp\/v2\/product"}],"about":[{"href":"https:\/\/charcoalplant.com\/de\/wp-json\/wp\/v2\/types\/product"}],"author":[{"embeddable":true,"href":"https:\/\/charcoalplant.com\/de\/wp-json\/wp\/v2\/users\/1"}],"wp:featuredmedia":[{"embeddable":true,"href":"https:\/\/charcoalplant.com\/de\/wp-json\/wp\/v2\/media\/1112"}],"wp:attachment":[{"href":"https:\/\/charcoalplant.com\/de\/wp-json\/wp\/v2\/media?parent=1042"}],"wp:term":[{"taxonomy":"post_tag","embeddable":true,"href":"https:\/\/charcoalplant.com\/de\/wp-json\/wp\/v2\/tags?post=1042"},{"taxonomy":"product-type","embeddable":true,"href":"https:\/\/charcoalplant.com\/de\/wp-json\/wp\/v2\/product-type?post=1042"}],"curies":[{"name":"wp","href":"https:\/\/api.w.org\/{rel}","templated":true}]}}