{"id":1084,"date":"2021-12-02T08:02:11","date_gmt":"2021-12-02T08:02:11","guid":{"rendered":"https:\/\/charcoalplant.com\/?p=1084"},"modified":"2023-02-15T10:06:48","modified_gmt":"2023-02-15T02:06:48","slug":"horizontal-carbonization-furnace","status":"publish","type":"product","link":"https:\/\/charcoalplant.com\/de\/product\/horizontal-carbonization-furnace\/","title":{"rendered":"Horizontaler Karbonisierungsofen | Maschine zur Herstellung von Holzkohle"},"content":{"rendered":"<div class=\"kk-star-ratings kksr-auto kksr-align-left kksr-valign-top\"     data-payload='{&quot;align&quot;:&quot;left&quot;,&quot;id&quot;:&quot;1084&quot;,&quot;slug&quot;:&quot;default&quot;,&quot;valign&quot;:&quot;top&quot;,&quot;ignore&quot;:&quot;&quot;,&quot;reference&quot;:&quot;auto&quot;,&quot;class&quot;:&quot;&quot;,&quot;count&quot;:&quot;21&quot;,&quot;legendonly&quot;:&quot;&quot;,&quot;readonly&quot;:&quot;&quot;,&quot;score&quot;:&quot;4.5&quot;,&quot;starsonly&quot;:&quot;&quot;,&quot;best&quot;:&quot;5&quot;,&quot;gap&quot;:&quot;5&quot;,&quot;greet&quot;:&quot;Rate this product&quot;,&quot;legend&quot;:&quot;4.5\\\/5 - (21 votes)&quot;,&quot;size&quot;:&quot;24&quot;,&quot;title&quot;:&quot;Horizontal Carbonization Furnace | Wood Charcoal Making Machine&quot;,&quot;width&quot;:&quot;128&quot;,&quot;_legend&quot;:&quot;{score}\\\/{best} - ({count} {votes})&quot;,&quot;font_factor&quot;:&quot;1.25&quot;}'>              <div class=\"kksr-stars\">      <div class=\"kksr-stars-inactive\">             <div class=\"kksr-star\" data-star=\"1\" style=\"padding-right: 5px\">               <div class=\"kksr-icon\" style=\"width: 24px; height: 24px;\"><\/div>         <\/div>             <div class=\"kksr-star\" data-star=\"2\" style=\"padding-right: 5px\">               <div class=\"kksr-icon\" style=\"width: 24px; height: 24px;\"><\/div>         <\/div>             <div class=\"kksr-star\" data-star=\"3\" style=\"padding-right: 5px\">               <div class=\"kksr-icon\" style=\"width: 24px; height: 24px;\"><\/div>         <\/div>             <div class=\"kksr-star\" data-star=\"4\" style=\"padding-right: 5px\">               <div class=\"kksr-icon\" style=\"width: 24px; height: 24px;\"><\/div>         <\/div>             <div class=\"kksr-star\" data-star=\"5\" style=\"padding-right: 5px\">               <div class=\"kksr-icon\" style=\"width: 24px; height: 24px;\"><\/div>         <\/div>     <\/div>      <div class=\"kksr-stars-active\" style=\"width: 128px;\">             <div class=\"kksr-star\" style=\"padding-right: 5px\">               <div class=\"kksr-icon\" style=\"width: 24px; height: 24px;\"><\/div>         <\/div>             <div class=\"kksr-star\" style=\"padding-right: 5px\">               <div class=\"kksr-icon\" style=\"width: 24px; height: 24px;\"><\/div>         <\/div>             <div class=\"kksr-star\" style=\"padding-right: 5px\">               <div class=\"kksr-icon\" style=\"width: 24px; height: 24px;\"><\/div>         <\/div>             <div class=\"kksr-star\" style=\"padding-right: 5px\">               <div class=\"kksr-icon\" style=\"width: 24px; height: 24px;\"><\/div>         <\/div>             <div class=\"kksr-star\" style=\"padding-right: 5px\">               <div class=\"kksr-icon\" style=\"width: 24px; height: 24px;\"><\/div>         <\/div>     <\/div> <\/div>                   <div class=\"kksr-legend\" style=\"font-size: 19.2px;\">             4,5\/5 - (21 Stimmen)    <\/div>     <\/div>  <p class=\"translation-block\"><strong>Horizontale Karbonisierungsanlage<\/strong> wird auch als Holzverkohlungsmaschine bezeichnet. Es handelt sich um eine hochvolumige Karbonisierungsanlage. Sie kann effizient Holzcharcoal, Bambuscharcoal, S\u00e4gemehlcharcoal, Kokosnussschalencharcoal und andere Produkte auf einmal herstellen. <\/p>    <p class=\"translation-block\">Als Karbonisierungsmaschine ist das Verkaufsargument des <strong><a href=\"https:\/\/charcoalplant.com\/de\/operation-steps-of-hardwood-charcoal-furnace\/\">Hartholz-Karbonisierungsofens<\/a><\/strong> seine umweltfreundlichen und energiesparenden Eigenschaften. Wir freuen uns darauf, eine Gesch\u00e4ftszusammenarbeit mit Ihnen aufzubauen. Daher hoffen wir, Ihre Anfrage so schnell wie m\u00f6glich zu erhalten.<\/p>    <h2 class=\"wp-block-heading\" id=\"raw-materials-for-horizontal-carbonization-furnace\"><strong>Rohstoffe f\u00fcr horizontale Karbonisierungs\u00f6fen<\/strong><\/h2>    <p>Der Hartholz-Verkohlungsofen kann Rohstoffe wie Abfallzweige, Bambusknoten, Bambusrohre, Obstholz, Eiche, Kokosnussschalen, Palmenschalen usw. verkohlen. Die Qualit\u00e4t von Holzkohle h\u00e4ngt nicht nur von der Temperatur, sondern auch von der Luftfeuchtigkeit des Rohholzes ab Materialien. Die Luftfeuchtigkeit der Holzkohle ist zu hoch, was einerseits die Verkohlungszeit verl\u00e4ngert. Andererseits entstehen bei der Pyrolyse des Holzes zahlreiche Schadstoffe. Je niedriger also die Holzfeuchtigkeit, desto besser ist der Karbonisierungseffekt.<\/p>    <figure class=\"wp-block-gallery has-nested-images columns-default is-cropped wp-block-gallery-2 is-layout-flex wp-block-gallery-is-layout-flex\"> <figure class=\"wp-block-image size-large\"><img loading=\"lazy\" decoding=\"async\" width=\"512\" height=\"1560\" data-id=\"2278\" src=\"https:\/\/charcoalplant.com\/wp-content\/uploads\/2022\/02\/raw-material.jpg\" alt=\"\" class=\"wp-image-2278\"\/><\/figure>    <figure class=\"wp-block-image size-large\"><img loading=\"lazy\" decoding=\"async\" width=\"512\" height=\"1560\" data-id=\"2279\" src=\"https:\/\/charcoalplant.com\/wp-content\/uploads\/2022\/02\/finished-product.jpg\" alt=\"\" class=\"wp-image-2279\"\/><\/figure> <figcaption class=\"blocks-gallery-caption wp-element-caption\">Holzkohle, Bambuskohle, Holzkohle aus S\u00e4gemehlbriketts und Holzkohle aus Palmenschalen<\/figcaption><\/figure>    <h2 class=\"wp-block-heading\" id=\"h-principle-of-horizontal-carbonization-furnace\"><strong>Arbeiten<\/strong> <strong>Prinzip des horizontalen Karbonisierungsofens<\/strong><\/h2>    <p class=\"translation-block\">Tats\u00e4chlich sind das Arbeitsprinzip des Hartholz-Karbonisierungsofens und der <strong><a href=\"https:\/\/charcoalplant.com\/de\/vertical-carbonization-furnace\/\">vertikalen Karbonisierungsanlage<\/a><\/strong> sehr \u00e4hnlich. Beide verwenden die Methoden der trockenen Destillation und der Luftstromkarbonisierung. Durch das Erhitzen und Zersetzen des Holzes unter sauerstofffreien oder sauerstoffarmen Bedingungen produziert das Holz Holzessig, Holzteer und andere Bestandteile. Dar\u00fcber hinaus kann das Abgasrohr der horizontalen Luftstromkarbonisierungsanlage die Abgase rechtzeitig sammeln und sch\u00e4dliche Substanzen ablagern.<\/p>    <figure class=\"wp-block-gallery has-nested-images columns-default is-cropped wp-block-gallery-3 is-layout-flex wp-block-gallery-is-layout-flex\"> <figure class=\"wp-block-image size-large\"><img loading=\"lazy\" decoding=\"async\" width=\"720\" height=\"540\" data-id=\"2280\" src=\"https:\/\/charcoalplant.com\/wp-content\/uploads\/2022\/02\/bamboo-carbonization-furnace-for-sale.jpg\" alt=\"Bambuskarbonisierungsofen zu verkaufen\" class=\"wp-image-2280\"\/><figcaption class=\"wp-element-caption\">Bambuskarbonisierungsofen zu verkaufen<\/figcaption><\/figure> <\/figure>    <h2 class=\"wp-block-heading\" id=\"structure-of-horizontal-log-charcoal-furnace\"><strong>Struktur der horizontalen Maschine zur Herstellung von Holzkohle<\/strong><\/h2>    <div class=\"wp-block-columns has-background is-layout-flex wp-container-core-columns-is-layout-28f84493 wp-block-columns-is-layout-flex\" style=\"background-color:#f1f1f1\"> <div class=\"wp-block-column is-vertically-aligned-center is-layout-flow wp-block-column-is-layout-flow\" style=\"flex-basis:33.33%\"> <p class=\"translation-block\"><strong>W\u00e4rmed\u00e4mmende Steinwolle<\/strong><\/p>    <p><br>Der Deckel und das Geh\u00e4use des Bambuskohleofens verf\u00fcgen \u00fcber w\u00e4rmeisolierende Steinoberfl\u00e4chen. Daher sind die Gesamtabdichtung und die W\u00e4rmeisolierung des Karbonisierungsofens sehr stark.<\/p> <\/div>    <div class=\"wp-block-column is-layout-flow wp-block-column-is-layout-flow\" style=\"flex-basis:66.66%\"> <figure class=\"wp-block-gallery has-nested-images columns-default is-cropped wp-block-gallery-4 is-layout-flex wp-block-gallery-is-layout-flex\"> <figure class=\"wp-block-image size-large\"><img loading=\"lazy\" decoding=\"async\" width=\"720\" height=\"540\" data-id=\"1288\" src=\"https:\/\/charcoalplant.com\/wp-content\/uploads\/2021\/12\/horizontal-carbonization-furnace-cover-1-1.jpg\" alt=\"Abdeckung des horizontalen Karbonisierungsofens\" class=\"wp-image-1288\" srcset=\"https:\/\/charcoalplant.com\/wp-content\/uploads\/2021\/12\/horizontal-carbonization-furnace-cover-1-1.jpg 720w, https:\/\/charcoalplant.com\/wp-content\/uploads\/2021\/12\/horizontal-carbonization-furnace-cover-1-1-300x225.jpg 300w\" sizes=\"auto, (max-width: 720px) 100vw, 720px\" \/><figcaption class=\"wp-element-caption\">Abdeckung des horizontalen Karbonisierungsofens<\/figcaption><\/figure> <\/figure> <\/div> <\/div>    <div class=\"wp-block-columns has-background is-layout-flex wp-container-core-columns-is-layout-28f84493 wp-block-columns-is-layout-flex\" style=\"background-color:#f1f1f1\"> <div class=\"wp-block-column is-layout-flow wp-block-column-is-layout-flow\" style=\"flex-basis:66.66%\"> <figure class=\"wp-block-gallery has-nested-images columns-default is-cropped wp-block-gallery-5 is-layout-flex wp-block-gallery-is-layout-flex\"> <figure class=\"wp-block-image size-large\"><img loading=\"lazy\" decoding=\"async\" width=\"720\" height=\"540\" data-id=\"1094\" src=\"https:\/\/charcoalplant.com\/wp-content\/uploads\/2021\/12\/Smoke-removal-system-1.jpg\" alt=\"Rauchentfernungssystem\" class=\"wp-image-1094\" srcset=\"https:\/\/charcoalplant.com\/wp-content\/uploads\/2021\/12\/Smoke-removal-system-1.jpg 720w, https:\/\/charcoalplant.com\/wp-content\/uploads\/2021\/12\/Smoke-removal-system-1-300x225.jpg 300w\" sizes=\"auto, (max-width: 720px) 100vw, 720px\" \/><figcaption class=\"wp-element-caption\">Rauchentfernungssystem<\/figcaption><\/figure> <\/figure> <\/div>    <div class=\"wp-block-column is-vertically-aligned-center is-layout-flow wp-block-column-is-layout-flow\" style=\"flex-basis:33.33%\"> <p class=\"translation-block\"><strong>Abgaszirkulationsrohr<\/strong><\/p>    <p><br>Horizontale Holzkohle\u00f6fen haben Rohre. Die Rohre, die die Ober- und Unterseite des horizontalen Karbonisierungsofens verbinden, werden haupts\u00e4chlich f\u00fcr die Zirkulation von brennbarem Gas im Zylinder verwendet. Dieser Punkt spiegelt die Merkmale des Energiesparens wider. Andere Rohre dienen haupts\u00e4chlich der Filterung des Rauchgases.<\/p> <\/div> <\/div>    <div class=\"wp-block-columns has-background is-layout-flex wp-container-core-columns-is-layout-28f84493 wp-block-columns-is-layout-flex\" style=\"background-color:#f1f1f1\"> <div class=\"wp-block-column is-vertically-aligned-center is-layout-flow wp-block-column-is-layout-flow\" style=\"flex-basis:33.33%\"> <p class=\"translation-block\"><strong>Wagen<\/strong><\/p>    <p>Aufgrund der gro\u00dfen Kapazit\u00e4t des Scheitholzverkohlungsofens ist die Leistung hoch. Daher, um den Kunden den Versand von Fertigprodukten und Rohstoffen zu erleichtern. Wir stellen unseren Kunden Trolleys zur Verf\u00fcgung.<\/p> <\/div>    <div class=\"wp-block-column is-layout-flow wp-block-column-is-layout-flow\" style=\"flex-basis:66.66%\"> <figure class=\"wp-block-gallery has-nested-images columns-default is-cropped wp-block-gallery-6 is-layout-flex wp-block-gallery-is-layout-flex\"> <figure class=\"wp-block-image size-large\"><img loading=\"lazy\" decoding=\"async\" width=\"720\" height=\"540\" data-id=\"1103\" src=\"https:\/\/charcoalplant.com\/wp-content\/uploads\/2021\/12\/Trolley-1-1.jpg\" alt=\"Wagen\" class=\"wp-image-1103\" srcset=\"https:\/\/charcoalplant.com\/wp-content\/uploads\/2021\/12\/Trolley-1-1.jpg 720w, https:\/\/charcoalplant.com\/wp-content\/uploads\/2021\/12\/Trolley-1-1-300x225.jpg 300w\" sizes=\"auto, (max-width: 720px) 100vw, 720px\" \/><figcaption class=\"wp-element-caption\">Wagen<\/figcaption><\/figure> <\/figure> <\/div> <\/div>    <h2 class=\"wp-block-heading\" id=\"video-of-horizontal-log-carbonization-furnace\"><strong>Video eines horizontalen Holzkarbonisierungsofens <\/strong><\/h2>    <figure class=\"wp-block-embed is-type-video is-provider-youtube wp-block-embed-youtube wp-embed-aspect-16-9 wp-has-aspect-ratio\"><div class=\"wp-block-embed__wrapper\"> <iframe loading=\"lazy\" title=\"Bambuskohleofen | 3t Airflow Carbonization Equipment #charcoal#log#biomassebrikett\" width=\"500\" height=\"281\" src=\"https:\/\/www.youtube.com\/embed\/zUDHQcWUaMM?feature=oembed\" frameborder=\"0\" allow=\"accelerometer; autoplay; clipboard-write; encrypted-media; gyroscope; picture-in-picture; web-share\" referrerpolicy=\"strict-origin-when-cross-origin\" allowfullscreen><\/iframe> <\/div><\/figure>    <h2 class=\"wp-block-heading\" id=\"h-parameters-of-hardwood-charcoal-furnace\"><strong>Parameter des Hartholzkohleofens<\/strong><\/h2>    <p>Die L\u00e4nge und der Durchmesser des in unserem Werk hergestellten horizontalen Karbonisierungsofens k\u00f6nnen individuell angepasst werden.<\/p>    <figure class=\"wp-block-table is-style-stripes\"><table><tbody><tr><td>Typ<\/td><td>Kapazit\u00e4t<\/td><td>Gewicht<\/td><td>Gr\u00f6\u00dfe<\/td><\/tr><tr><td>SL-HC1300&nbsp;&nbsp;<\/td><td>900-1200kg\/12-14h<\/td><td>2500kg<\/td><td>3*1,7*2,2m<\/td><\/tr><tr><td>SL-HC1500&nbsp;<\/td><td>1500-2000kg\/12-14h<\/td><td>4000kg<\/td><td>4,5 * 1,9 * 2,3 m<\/td><\/tr><tr><td>SL-HC1900&nbsp;&nbsp;<\/td><td>2500\u20133000 kg\/12\u201314 Stunden<\/td><td>5500 kg<\/td><td>5*2,3*2,5m<\/td><\/tr><\/tbody><\/table><\/figure>    <h2 class=\"wp-block-heading\" id=\"h-advantages-of-hardwood-carbonization-furnace\"><strong>Vorteile des Karbonisierungsofens aus Hartholzkohle<\/strong><\/h2>    <p>1. Gro\u00dfe Leistung.\u00a0Es kann eine gro\u00dfe Menge Holzkohle in einem Arbeitsgang produzieren.<\/p>    <p>2.\u00a0Gute Luftdichtheit.\u00a0Die Abdeckung des Hartholzkarbonisierungsofens ist eine Hochtemperatur-Gesteinsoberfl\u00e4che mit hoher Temperaturbest\u00e4ndigkeit. Gleichzeitig \u00fcbernimmt es eine gute Dichtungsfunktion und sorgt f\u00fcr eine sauerstofffreie Umgebung.<\/p>    <p>3. Das horizontale Design und der Wagen sind praktisch zum Zuf\u00fchren und Entladen.<\/p>    <p>4. Umweltschutz und Energieeinsparung.<\/p>    <figure class=\"wp-block-gallery has-nested-images columns-default is-cropped wp-block-gallery-7 is-layout-flex wp-block-gallery-is-layout-flex\"> <figure class=\"wp-block-image size-large\"><img loading=\"lazy\" decoding=\"async\" width=\"720\" height=\"540\" data-id=\"1089\" src=\"https:\/\/charcoalplant.com\/wp-content\/uploads\/2021\/12\/inlet-1.jpg\" alt=\"Einlass\" class=\"wp-image-1089\" srcset=\"https:\/\/charcoalplant.com\/wp-content\/uploads\/2021\/12\/inlet-1.jpg 720w, https:\/\/charcoalplant.com\/wp-content\/uploads\/2021\/12\/inlet-1-300x225.jpg 300w\" sizes=\"auto, (max-width: 720px) 100vw, 720px\" \/><figcaption class=\"wp-element-caption\">Einlass<\/figcaption><\/figure> <\/figure>    <h2 class=\"wp-block-heading\" id=\"h-precautions-for-using-horizontal-carbonization-furnace\"><strong>Vorsichtsma\u00dfnahmen f\u00fcr <\/strong><strong>Verwendung einer Maschine zur Herstellung von Holzkohle<\/strong><\/h2>    <p>1. Die Bediener versuchen, die Rohstoffe ordentlich und dicht anzuordnen.<\/p>    <p>2. Achten Sie auf Temperaturschwankungen.<\/p>    <p>3. W\u00e4hrend des Betriebs kann der Bediener die Gasmenge \u00fcber das Ventil steuern.<\/p>    <p>4. Entfernen Sie rechtzeitig die Ablagerungen der Rauchentfernungsausr\u00fcstung.<\/p>    <figure class=\"wp-block-gallery has-nested-images columns-default is-cropped wp-block-gallery-8 is-layout-flex wp-block-gallery-is-layout-flex\"> <figure class=\"wp-block-image size-large\"><img loading=\"lazy\" decoding=\"async\" width=\"720\" height=\"540\" data-id=\"1091\" src=\"https:\/\/charcoalplant.com\/wp-content\/uploads\/2021\/12\/Bamboo-charcoal-1.jpg\" alt=\"B01amboo-Holzkohle\" class=\"wp-image-1091\" srcset=\"https:\/\/charcoalplant.com\/wp-content\/uploads\/2021\/12\/Bamboo-charcoal-1.jpg 720w, https:\/\/charcoalplant.com\/wp-content\/uploads\/2021\/12\/Bamboo-charcoal-1-300x225.jpg 300w\" sizes=\"auto, (max-width: 720px) 100vw, 720px\" \/><figcaption class=\"wp-element-caption\">B01amboo-Holzkohle<\/figcaption><\/figure>    <figure class=\"wp-block-image size-full\"><img loading=\"lazy\" decoding=\"async\" width=\"720\" height=\"540\" data-id=\"1781\" src=\"https:\/\/charcoalplant.com\/wp-content\/uploads\/2022\/01\/log-charcoal.jpg\" alt=\"Holzkohle\" class=\"wp-image-1781\" srcset=\"https:\/\/charcoalplant.com\/wp-content\/uploads\/2022\/01\/log-charcoal.jpg 720w, https:\/\/charcoalplant.com\/wp-content\/uploads\/2022\/01\/log-charcoal-300x225.jpg 300w\" sizes=\"auto, (max-width: 720px) 100vw, 720px\" \/><figcaption class=\"wp-element-caption\">Holzkohle<\/figcaption><\/figure> <\/figure>    <h2 class=\"wp-block-heading\" id=\"h-sale-of-hardwood-charcoal-furnace\"><strong>Verkauf von <\/strong><strong>Hartholz <\/strong><strong>C<\/strong><strong>Kohle<\/strong><strong>&nbsp;Verkohlung <\/strong><strong>F<\/strong><strong>Urnace<\/strong><\/h2>    <p>Die Shuliy-Fabrik bietet Kunden eine Vielzahl praktischer Accessoires. Wie Karren, Saugzugventilatoren, Brenner, elektrostatische Hochspannungssysteme usw. Wir sind ein professioneller Hersteller von Holzkohlemaschinenausr\u00fcstung. Daher k\u00f6nnen wir Ger\u00e4te unterschiedlicher Gr\u00f6\u00dfe f\u00fcr Kunden anpassen. Wenn Sie uns jetzt anrufen oder eine E-Mail senden, um uns Ihre spezifischen Bed\u00fcrfnisse mitzuteilen, werden wir rechtzeitig eine L\u00f6sung f\u00fcr Sie erarbeiten.<\/p>    <figure class=\"wp-block-gallery has-nested-images columns-2 is-cropped wp-block-gallery-9 is-layout-flex wp-block-gallery-is-layout-flex\"> <figure class=\"wp-block-image size-large\"><img loading=\"lazy\" decoding=\"async\" width=\"720\" height=\"540\" data-id=\"1099\" src=\"https:\/\/charcoalplant.com\/wp-content\/uploads\/2021\/12\/Manufacturer-of-horizontal-airflow-carbonization-furnace-1.jpg\" alt=\"Hersteller von horizontalen Karbonisierungs\u00f6fen\" class=\"wp-image-1099\" srcset=\"https:\/\/charcoalplant.com\/wp-content\/uploads\/2021\/12\/Manufacturer-of-horizontal-airflow-carbonization-furnace-1.jpg 720w, https:\/\/charcoalplant.com\/wp-content\/uploads\/2021\/12\/Manufacturer-of-horizontal-airflow-carbonization-furnace-1-300x225.jpg 300w\" sizes=\"auto, (max-width: 720px) 100vw, 720px\" \/><figcaption class=\"wp-element-caption\">Hersteller von horizontalen Karbonisierungs\u00f6fen<\/figcaption><\/figure>    <figure class=\"wp-block-image size-large\"><img loading=\"lazy\" decoding=\"async\" width=\"720\" height=\"540\" data-id=\"2282\" src=\"https:\/\/charcoalplant.com\/wp-content\/uploads\/2022\/02\/shipment-of-log-carbonization-furnaces.jpg\" alt=\"Versand von Holzkohle\u00f6fen\" class=\"wp-image-2282\"\/><figcaption class=\"wp-element-caption\">Versand von Holzkohle\u00f6fen<\/figcaption><\/figure>    <figure class=\"wp-block-image size-large\"><img loading=\"lazy\" decoding=\"async\" width=\"720\" height=\"540\" data-id=\"2283\" src=\"https:\/\/charcoalplant.com\/wp-content\/uploads\/2022\/02\/shipment-of-horizontal-carbonization-furnaces.jpg\" alt=\"Versand von horizontalen Karbonisierungs\u00f6fen\" class=\"wp-image-2283\"\/><figcaption class=\"wp-element-caption\">Versand von horizontalen Karbonisierungs\u00f6fen<\/figcaption><\/figure>    <figure class=\"wp-block-image size-large\"><img loading=\"lazy\" decoding=\"async\" width=\"720\" height=\"540\" data-id=\"2284\" src=\"https:\/\/charcoalplant.com\/wp-content\/uploads\/2022\/02\/small-horizontal-carbonization-furnaces-.jpg\" alt=\"kleine horizontale Karbonisierungs\u00f6fen\" class=\"wp-image-2284\"\/><figcaption class=\"wp-element-caption\">kleine horizontale Karbonisierungs\u00f6fen<\/figcaption><\/figure> <\/figure>    <p class=\"translation-block\">Neben horizontalen Karbonisierungs\u00f6fen verkaufen wir auch <strong><a href=\"https:\/\/charcoalplant.com\/de\/carbonization-furnace\/rotary-carbonization-furnace\/\">kontinuierliche Karbonisierungs\u00f6fen<\/a><\/strong>, vertikale Karbonisierungs\u00f6fen und <strong><a href=\"https:\/\/charcoalplant.com\/de\/biomass-briquette-machine\/sawdust-briquette-machine\/\">Biomasse-Stabmaschinen<\/a><\/strong>. Da Sie m\u00f6glicherweise Bedarf an diesen Ger\u00e4ten haben, empfehlen wir Ihnen, verwandte Inhalte auf unserer Website zu durchsuchen. Wir werden Ihnen wettbewerbsf\u00e4hige Preise anbieten.<\/p>    <h2 class=\"wp-block-heading\" id=\"h-application-of-horizontal-airflow-carbonization-furnace\"><strong>Anwendung der Karbonisierungsmaschine mit horizontalem Luftstrom<\/strong><\/h2>    <p class=\"translation-block\">Sie kann in einer Charcoal-Produktionslinie oder allein verwendet werden. Das Bambuscharcoal, <a href=\"https:\/\/charcoalplant.com\/de\/info\/coconut-shell-charcoal-making-machine-complete-guidance\/\">Kokosnussschalencharcoal<\/a>, Fruchtcharcoal usw., die durch den horizontalen Karbonisierungsofen karbonisiert werden, k\u00f6nnen direkt zur Heizung verbrannt werden. <\/p>    <figure class=\"wp-block-gallery has-nested-images columns-default is-cropped wp-block-gallery-10 is-layout-flex wp-block-gallery-is-layout-flex\"> <figure class=\"wp-block-image size-large\"><img loading=\"lazy\" decoding=\"async\" width=\"720\" height=\"540\" data-id=\"2285\" src=\"https:\/\/charcoalplant.com\/wp-content\/uploads\/2022\/02\/log-charcoal-factory.jpg\" alt=\"Holzkohlefabrik\" class=\"wp-image-2285\"\/><figcaption class=\"wp-element-caption\">Holzkohlefabrik<\/figcaption><\/figure>    <figure class=\"wp-block-image size-large\"><img loading=\"lazy\" decoding=\"async\" width=\"720\" height=\"540\" data-id=\"2286\" src=\"https:\/\/charcoalplant.com\/wp-content\/uploads\/2022\/02\/wood-charcoal-for-sale-.jpg\" alt=\"Holzkohle zu verkaufen\" class=\"wp-image-2286\"\/><figcaption class=\"wp-element-caption\">Holzkohle zu verkaufen<\/figcaption><\/figure> <\/figure>    <p>Und zum Grillen zu Hause kann diese Holzkohle verwendet werden. Daher ist der kleine Hartholz-Schwelofen f\u00fcr den Hausgebrauch geeignet. Da Holzkohle umweltfreundlich ist, einen hohen Heizwert hat und erneuerbar ist, besteht eine gro\u00dfe Nachfrage. Es ist also ersichtlich, dass ein Karbonisierungsofen ein gutes Werkzeug zum Geldverdienen ist.<\/p>","protected":false},"excerpt":{"rendered":"<p>Der horizontale Karbonisierungsofen kann Bambuskohle, Holzkohle und Kokosnussschalenkohle in gro\u00dfen Mengen gleichzeitig produzieren.<\/p>","protected":false},"author":1,"featured_media":1113,"parent":0,"template":"","tags":[65],"product-type":[4],"class_list":["post-1084","product","type-product","status-publish","has-post-thumbnail","hentry","tag-carbonization-furnace","product-type-carbonization-furnace"],"_links":{"self":[{"href":"https:\/\/charcoalplant.com\/de\/wp-json\/wp\/v2\/product\/1084","targetHints":{"allow":["GET"]}}],"collection":[{"href":"https:\/\/charcoalplant.com\/de\/wp-json\/wp\/v2\/product"}],"about":[{"href":"https:\/\/charcoalplant.com\/de\/wp-json\/wp\/v2\/types\/product"}],"author":[{"embeddable":true,"href":"https:\/\/charcoalplant.com\/de\/wp-json\/wp\/v2\/users\/1"}],"wp:featuredmedia":[{"embeddable":true,"href":"https:\/\/charcoalplant.com\/de\/wp-json\/wp\/v2\/media\/1113"}],"wp:attachment":[{"href":"https:\/\/charcoalplant.com\/de\/wp-json\/wp\/v2\/media?parent=1084"}],"wp:term":[{"taxonomy":"post_tag","embeddable":true,"href":"https:\/\/charcoalplant.com\/de\/wp-json\/wp\/v2\/tags?post=1084"},{"taxonomy":"product-type","embeddable":true,"href":"https:\/\/charcoalplant.com\/de\/wp-json\/wp\/v2\/product-type?post=1084"}],"curies":[{"name":"wp","href":"https:\/\/api.w.org\/{rel}","templated":true}]}}