{"id":1127,"date":"2021-12-03T07:51:22","date_gmt":"2021-12-03T07:51:22","guid":{"rendered":"https:\/\/charcoalplant.com\/?p=1127"},"modified":"2023-02-24T17:19:18","modified_gmt":"2023-02-24T09:19:18","slug":"rotary-carbonization-furnace","status":"publish","type":"product","link":"https:\/\/charcoalplant.com\/de\/product\/rotary-carbonization-furnace\/","title":{"rendered":"Drehkarbonisierungsofen | Maschine zur Herstellung von Kokosnusskohle"},"content":{"rendered":"<div class=\"kk-star-ratings kksr-auto kksr-align-left kksr-valign-top\"     data-payload='{&quot;align&quot;:&quot;left&quot;,&quot;id&quot;:&quot;1127&quot;,&quot;slug&quot;:&quot;default&quot;,&quot;valign&quot;:&quot;top&quot;,&quot;ignore&quot;:&quot;&quot;,&quot;reference&quot;:&quot;auto&quot;,&quot;class&quot;:&quot;&quot;,&quot;count&quot;:&quot;8&quot;,&quot;legendonly&quot;:&quot;&quot;,&quot;readonly&quot;:&quot;&quot;,&quot;score&quot;:&quot;4.4&quot;,&quot;starsonly&quot;:&quot;&quot;,&quot;best&quot;:&quot;5&quot;,&quot;gap&quot;:&quot;5&quot;,&quot;greet&quot;:&quot;Rate this product&quot;,&quot;legend&quot;:&quot;4.4\\\/5 - (8 votes)&quot;,&quot;size&quot;:&quot;24&quot;,&quot;title&quot;:&quot;Rotary Carbonization Furnace | Coconut Charcoal Making Machine&quot;,&quot;width&quot;:&quot;125.1&quot;,&quot;_legend&quot;:&quot;{score}\\\/{best} - ({count} {votes})&quot;,&quot;font_factor&quot;:&quot;1.25&quot;}'>              <div class=\"kksr-stars\">      <div class=\"kksr-stars-inactive\">             <div class=\"kksr-star\" data-star=\"1\" style=\"padding-right: 5px\">               <div class=\"kksr-icon\" style=\"width: 24px; height: 24px;\"><\/div>         <\/div>             <div class=\"kksr-star\" data-star=\"2\" style=\"padding-right: 5px\">               <div class=\"kksr-icon\" style=\"width: 24px; height: 24px;\"><\/div>         <\/div>             <div class=\"kksr-star\" data-star=\"3\" style=\"padding-right: 5px\">               <div class=\"kksr-icon\" style=\"width: 24px; height: 24px;\"><\/div>         <\/div>             <div class=\"kksr-star\" data-star=\"4\" style=\"padding-right: 5px\">               <div class=\"kksr-icon\" style=\"width: 24px; height: 24px;\"><\/div>         <\/div>             <div class=\"kksr-star\" data-star=\"5\" style=\"padding-right: 5px\">               <div class=\"kksr-icon\" style=\"width: 24px; height: 24px;\"><\/div>         <\/div>     <\/div>      <div class=\"kksr-stars-active\" style=\"width: 125.1px;\">             <div class=\"kksr-star\" style=\"padding-right: 5px\">               <div class=\"kksr-icon\" style=\"width: 24px; height: 24px;\"><\/div>         <\/div>             <div class=\"kksr-star\" style=\"padding-right: 5px\">               <div class=\"kksr-icon\" style=\"width: 24px; height: 24px;\"><\/div>         <\/div>             <div class=\"kksr-star\" style=\"padding-right: 5px\">               <div class=\"kksr-icon\" style=\"width: 24px; height: 24px;\"><\/div>         <\/div>             <div class=\"kksr-star\" style=\"padding-right: 5px\">               <div class=\"kksr-icon\" style=\"width: 24px; height: 24px;\"><\/div>         <\/div>             <div class=\"kksr-star\" style=\"padding-right: 5px\">               <div class=\"kksr-icon\" style=\"width: 24px; height: 24px;\"><\/div>         <\/div>     <\/div> <\/div>                   <div class=\"kksr-legend\" style=\"font-size: 19.2px;\">             4,4\/5 - (8 Bewertungen)    <\/div>     <\/div>  <p class=\"translation-block\"><strong>Rotationskohleofen<\/strong> ist eine hochautomatisierte Kohlenherstellungsanlage. Die Kohlenrohstoffe sind sehr vielf\u00e4ltig und bestehen gr\u00f6\u00dftenteils aus land- und forstwirtschaftlichen Abf\u00e4llen, Fruchtschalen und Industrieabf\u00e4llen. <strong><a href=\"https:\/\/charcoalplant.com\/de\/info\/peanut-shell-charcoal-machine-installed-in-the-uk\/\">Erdnuss-Schalenkohle<\/a><\/strong>, Reisschalenkohle, Bambussp\u00e4ne-Kohle, <strong><a href=\"https:\/\/charcoalplant.com\/de\/info\/what-are-the-uses-of-coconut-shells\/\">Kokosnussschalenkohle<\/a><\/strong>, Aprikosenschalenkohle, Kaffeesatzkohle usw. Sie werden durch den Kohlenisierungsmechanismus produziert. Das durch den kontinuierlichen Kohlenisierungsofen produzierte Kohlenmaterial ist sauber, ungiftig, rauchfrei und hat eine gute Plastizit\u00e4t. Kurz gesagt, die Marktprognose f\u00fcr den Rotationskohleofen ist vielversprechend. Kontaktieren Sie uns also schnell, um Produktpreise, Kategorien und Versandinformationen zu erhalten! Shuliy Maschinenhersteller eskortiert Ihre Produktion.<\/p>    <figure class=\"wp-block-gallery has-nested-images columns-default is-cropped wp-block-gallery-2 is-layout-flex wp-block-gallery-is-layout-flex\"> <figure class=\"wp-block-image size-large\"><img loading=\"lazy\" decoding=\"async\" width=\"720\" height=\"540\" data-id=\"2292\" src=\"https:\/\/charcoalplant.com\/wp-content\/uploads\/2022\/02\/Rotary-carbonization-furnace-factory.jpg\" alt=\"Drehkarbonisierungsofen-Fabrik\" class=\"wp-image-2292\"\/><figcaption class=\"wp-element-caption\">Drehkarbonisierungsofen-Fabrik<\/figcaption><\/figure> <\/figure>    <h2 class=\"wp-block-heading\" id=\"h-raw-materials-for-rotary-carbonization-furnace\"><strong>Rohstoffe f\u00fcr Drehkarbonisierungs\u00f6fen<\/strong><\/h2>    <p>Der S\u00e4gemehl-Karbonisierungsofen kann Rohstoffe wie S\u00e4gemehl, Reisschalen, Erdnussschalen, Pflanzenstrohhalme, Kokosnussschalen, Sonnenblumenschalen, Aprikosenschalen, Destillierk\u00f6rner, Kaffeesatz usw. karbonisieren. Der Rohstoff des Biomasse-Karbonisierungsofens zeichnet sich durch kleine Mengen aus Materialien. Es handelt sich um Pulver und Partikel. <\/p>    <figure class=\"wp-block-gallery has-nested-images columns-default is-cropped wp-block-gallery-3 is-layout-flex wp-block-gallery-is-layout-flex\"> <figure class=\"wp-block-image size-large\"><img loading=\"lazy\" decoding=\"async\" width=\"745\" height=\"180\" data-id=\"2293\" src=\"https:\/\/charcoalplant.com\/wp-content\/uploads\/2022\/02\/soft-material.png\" alt=\"\" class=\"wp-image-2293\"\/><\/figure> <\/figure>    <p class=\"translation-block\">Wenn Ihre Rohstoffe gro\u00dfe Holzsp\u00e4ne, \u00c4ste, Sp\u00e4ne usw. sind, k\u00f6nnen sie die Anforderungen des Trommelverkohlungsofens nicht erf\u00fcllen. Keine Sorge, Sie m\u00fcssen lediglich eine <strong><a href=\"https:\/\/charcoalplant.com\/de\/hammer-mill\/\">Schlagm\u00fchle<\/a><\/strong> vor dem Zuf\u00fchrsystem ausstatten, um die Rohstoffe zu erhalten, die den Produktionsanforderungen entsprechen. Dar\u00fcber hinaus sollte die Feuchtigkeit der Holzsp\u00e4ne unter 20 % liegen. Sie k\u00f6nnen sich also entscheiden, sie nat\u00fcrlich zu trocknen oder einen <strong><a href=\"https:\/\/charcoalplant.com\/de\/rice-husk-dryer\/\">S\u00e4gesp\u00e4netrockner<\/a><\/strong> zu w\u00e4hlen, um die Feuchtigkeit des Rohmaterials zu reduzieren.<\/p>    <figure class=\"wp-block-gallery has-nested-images columns-2 is-cropped wp-block-gallery-4 is-layout-flex wp-block-gallery-is-layout-flex\"> <figure class=\"wp-block-image size-large\"><img loading=\"lazy\" decoding=\"async\" width=\"749\" height=\"192\" data-id=\"2294\" src=\"https:\/\/charcoalplant.com\/wp-content\/uploads\/2022\/02\/hard-material.png\" alt=\"\" class=\"wp-image-2294\"\/><\/figure> <\/figure>    <h2 class=\"wp-block-heading\" id=\"h-working-principle-of-rotary-carbonization-furnace\"><strong>Funktionsprinzip des Rotationskarbonisierungsofens<\/strong><\/h2>    <p>1. Entfeuchtungsprozess<\/p>    <p>Dieser Prozess dient haupts\u00e4chlich dazu, die Feuchtigkeit aus dem Rohmaterial selbst zu entfernen. Mit dem schnellen Anstieg der Temperatur im Ofen nimmt die Feuchtigkeit der Biomasse ab. Tats\u00e4chlich ist dies auch der Prozess der Trocknung der Rohstoffe. Denn je niedriger die Luftfeuchtigkeit des Rohmaterials, desto h\u00f6her ist die Karbonisierungsrate des Endprodukts. Dadurch ist auch die Holzkohlequalit\u00e4t besser.<\/p>    <p>2. Pyrolysestufe<\/p>    <p>Bei der Pyrolyse von Materialien wie Holzsp\u00e4nen und Kokosnussschalen entstehen Bestandteile wie Holzteer, Holzessig und brennbare Gase. Diese Produkte werden nacheinander getrennt und durch unsere Reinigungstanks gereinigt. Das brennbare Gas wird nach der Endreinigung zur Verbrennung als Brennstoff in die Brennkammer des Durchlaufverkokungsofens zur\u00fcckgef\u00fchrt.<\/p>    <p>3. Karbonisierungsstufe<\/p>    <p>Der kontinuierliche Karbonisierungsofen f\u00fcr Reisschalen muss nur einmal (1 Stunde) vorgeheizt werden. Die Karbonisierungszeit des Materials betr\u00e4gt ca. 20-30 Minuten. Und es handelt sich um eine kontinuierliche Karbonisierungsanlage.<\/p>    <figure class=\"wp-block-gallery has-nested-images columns-default is-cropped wp-block-gallery-5 is-layout-flex wp-block-gallery-is-layout-flex\"> <figure class=\"wp-block-image size-large\"><img loading=\"lazy\" decoding=\"async\" width=\"720\" height=\"540\" data-id=\"1123\" src=\"https:\/\/charcoalplant.com\/wp-content\/uploads\/2021\/12\/1000-type-drum-carbonization-furnace-host-3.jpg\" alt=\"\" class=\"wp-image-1123\" srcset=\"https:\/\/charcoalplant.com\/wp-content\/uploads\/2021\/12\/1000-type-drum-carbonization-furnace-host-3.jpg 720w, https:\/\/charcoalplant.com\/wp-content\/uploads\/2021\/12\/1000-type-drum-carbonization-furnace-host-3-300x225.jpg 300w\" sizes=\"auto, (max-width: 720px) 100vw, 720px\" \/><figcaption class=\"wp-element-caption\">Drehkarbonisierungsofenfabrik<\/figcaption><\/figure> <\/figure>    <h2 class=\"wp-block-heading\" id=\"h-structure-of-high-efficiency-coconut-charcoal-machine\"><strong>Struktur von <\/strong><strong>Hocheffizientes C<\/strong><strong>Kokosnuss<\/strong><strong>&nbsp;H\u00fclse <\/strong><strong>C<\/strong><strong>Kohleherstellung <\/strong><strong>M<\/strong><strong>Maschine<\/strong><\/h2>    <p>Die Walzenausr\u00fcstung verf\u00fcgt \u00fcber drei Funktionsbereiche: Vorw\u00e4rmbereich, Hochtemperaturbereich und Niedertemperaturbereich. Die Karbonisierung findet in der Hochtemperaturzone statt, also im Hauptteil des Motors (aufgrund seiner N\u00e4he zur W\u00e4rmequelle wird er auch Brennkammer genannt). An der Trommel befindet sich au\u00dferdem ein Beobachtungsloch, um die Verbrennung in der Brennkammer leicht beobachten zu k\u00f6nnen. Die Trommel wird durch Zahnr\u00e4der und eine \u00d6ffnung zum Drehen angetrieben. Seine Geschwindigkeit wird jedoch durch den Getriebemotor gesteuert. Dar\u00fcber hinaus verf\u00fcgen unsere Motoren alle \u00fcber eine einstellbare Frequenz, was sehr praktisch ist.<\/p>    <div class=\"wp-block-columns has-background is-layout-flex wp-container-core-columns-is-layout-28f84493 wp-block-columns-is-layout-flex\" style=\"background-color:#f1f1f1\"> <div class=\"wp-block-column is-layout-flow wp-block-column-is-layout-flow\" style=\"flex-basis:66.66%\"> <figure class=\"wp-block-gallery has-nested-images columns-default is-cropped wp-block-gallery-6 is-layout-flex wp-block-gallery-is-layout-flex\"> <figure class=\"wp-block-image size-large\"><img loading=\"lazy\" decoding=\"async\" width=\"720\" height=\"540\" data-id=\"2295\" src=\"https:\/\/charcoalplant.com\/wp-content\/uploads\/2022\/02\/rice-husk-rotary-carbonization-furnace.jpg\" alt=\"\" class=\"wp-image-2295\"\/><\/figure> <\/figure> <\/div>    <div class=\"wp-block-column is-vertically-aligned-center is-layout-flow wp-block-column-is-layout-flow\" style=\"flex-basis:33.33%\"> <p class=\"translation-block\"><strong>Ein- und Auslauf<\/strong><\/p>    <p>Weil das Material des Reisschalen-Durchlaufkarbonisierungsofens leichter ist. Daher sind die Schneckenzuf\u00fchr- und -austragsmethode sauberer und effizienter. Und die Abflussleitung ist ein doppelschichtiger Wasserzirkulationsk\u00fchleffekt. Die Temperatur des fertigen Produkts liegt bei etwa 35 Grad.<\/p> <\/div> <\/div>    <div class=\"wp-block-columns has-background is-layout-flex wp-container-core-columns-is-layout-28f84493 wp-block-columns-is-layout-flex\" style=\"background-color:#f1f1f1\"> <div class=\"wp-block-column is-vertically-aligned-center is-layout-flow wp-block-column-is-layout-flow\" style=\"flex-basis:33.33%\"> <p class=\"translation-block\"><strong>Brenner<\/strong><\/p>    <p>Der Reisschalen-Holzkohleofen verf\u00fcgt \u00fcber eine gute Luftdichtheit, viele Z\u00fcnder und eine schnelle Heizgeschwindigkeit. Es muss mit Fl\u00fcssiggas gez\u00fcndet werden. Daher ist der gesamte Produktionsprozess umweltfreundlich.<\/p> <\/div>    <div class=\"wp-block-column is-layout-flow wp-block-column-is-layout-flow\" style=\"flex-basis:66.66%\"> <figure class=\"wp-block-gallery has-nested-images columns-default is-cropped wp-block-gallery-7 is-layout-flex wp-block-gallery-is-layout-flex\"> <figure class=\"wp-block-image size-large\"><img loading=\"lazy\" decoding=\"async\" width=\"720\" height=\"540\" data-id=\"2296\" src=\"https:\/\/charcoalplant.com\/wp-content\/uploads\/2022\/02\/burner.jpg\" alt=\"\" class=\"wp-image-2296\"\/><\/figure> <\/figure> <\/div> <\/div>    <div class=\"wp-block-columns has-background is-layout-flex wp-container-core-columns-is-layout-28f84493 wp-block-columns-is-layout-flex\" style=\"background-color:#f1f1f1\"> <div class=\"wp-block-column is-layout-flow wp-block-column-is-layout-flow\" style=\"flex-basis:66.66%\"> <figure class=\"wp-block-gallery has-nested-images columns-default is-cropped wp-block-gallery-8 is-layout-flex wp-block-gallery-is-layout-flex\"> <figure class=\"wp-block-image size-large\"><img loading=\"lazy\" decoding=\"async\" width=\"960\" height=\"1012\" data-id=\"2297\" src=\"https:\/\/charcoalplant.com\/wp-content\/uploads\/2022\/02\/distribution-Cabinet.jpg\" alt=\"\" class=\"wp-image-2297\"\/><\/figure> <\/figure> <\/div>    <div class=\"wp-block-column is-vertically-aligned-center is-layout-flow wp-block-column-is-layout-flow\" style=\"flex-basis:33.33%\"> <p class=\"translation-block\"><strong>Verteilungsschrank<\/strong><\/p>    <p>Am Stromverteilerschrank der Schwelofeneinheit befinden sich mehrere Tasten. Kunden k\u00f6nnen nicht nur Luftdruck, Strom und Temperatur innerhalb und au\u00dferhalb des Ofens einsehen. Und Ein-Knopf-Start, manuelle Geschwindigkeitsregulierung.<\/p> <\/div> <\/div>    <div class=\"wp-block-columns has-background is-layout-flex wp-container-core-columns-is-layout-28f84493 wp-block-columns-is-layout-flex\" style=\"background-color:#f1f1f1\"> <div class=\"wp-block-column is-vertically-aligned-center is-layout-flow wp-block-column-is-layout-flow\" style=\"flex-basis:33.33%\"> <p class=\"translation-block\"><strong>Getriebemotor<\/strong><\/p>    <p>Steuern Sie die Geschwindigkeit der Hauptmaschine: Wenn das Rohmaterial hart ist, k\u00f6nnen Sie die Geschwindigkeit der Hauptmaschine verlangsamen, um die Karbonisierungszeit zu verl\u00e4ngern. Wenn das Rohmaterial etwas weich ist, k\u00f6nnen Sie die Geschwindigkeit erh\u00f6hen, um die Karbonisierungszeit zu verk\u00fcrzen.<\/p> <\/div>    <div class=\"wp-block-column is-layout-flow wp-block-column-is-layout-flow\" style=\"flex-basis:66.66%\"> <figure class=\"wp-block-gallery has-nested-images columns-default is-cropped wp-block-gallery-9 is-layout-flex wp-block-gallery-is-layout-flex\"> <figure class=\"wp-block-image size-large\"><img loading=\"lazy\" decoding=\"async\" width=\"720\" height=\"540\" data-id=\"1141\" src=\"https:\/\/charcoalplant.com\/wp-content\/uploads\/2021\/12\/Geared-motor-2-1.jpg\" alt=\"Getriebemotor-2\" class=\"wp-image-1141\" srcset=\"https:\/\/charcoalplant.com\/wp-content\/uploads\/2021\/12\/Geared-motor-2-1.jpg 720w, https:\/\/charcoalplant.com\/wp-content\/uploads\/2021\/12\/Geared-motor-2-1-300x225.jpg 300w\" sizes=\"auto, (max-width: 720px) 100vw, 720px\" \/><figcaption class=\"wp-element-caption\">Getriebemotor-2<\/figcaption><\/figure> <\/figure> <\/div> <\/div>    <h2 class=\"wp-block-heading\" id=\"h-how-is-biomass-carbonized\"><strong>Wie wird Biomasse karbonisiert?<\/strong><\/h2>    <p>Wenn der Biomasse-Karbonisierungsofen eine bestimmte Temperatur erreicht, beginnen die Materialien im Ofen zu entfeuchten. Wenn die Temperatur etwa 300 Grad erreicht, beginnt das Material zu verkohlen. Wir alle kennen die drei Bedingungen, die die Verbrennung von Gegenst\u00e4nden erf\u00fcllen: eine W\u00e4rmequelle, brennbares Material und Sauerstoff. Denn der Biomasse-Karbonisierungsofen ist nahezu ein geschlossener Raum, also eine sauerstofffreie Umgebung. Daher kommt es im Ofenk\u00f6rper zu einer Karbonisierung des Rohmaterials.<\/p>    <figure class=\"wp-block-gallery has-nested-images columns-default is-cropped wp-block-gallery-10 is-layout-flex wp-block-gallery-is-layout-flex\"> <figure class=\"wp-block-image size-large\"><img loading=\"lazy\" decoding=\"async\" width=\"720\" height=\"540\" data-id=\"1800\" src=\"https:\/\/charcoalplant.com\/wp-content\/uploads\/2022\/01\/natural-coconut-charcoal.jpg\" alt=\"Natur-Kokoskohle\" class=\"wp-image-1800\" srcset=\"https:\/\/charcoalplant.com\/wp-content\/uploads\/2022\/01\/natural-coconut-charcoal.jpg 720w, https:\/\/charcoalplant.com\/wp-content\/uploads\/2022\/01\/natural-coconut-charcoal-300x225.jpg 300w\" sizes=\"auto, (max-width: 720px) 100vw, 720px\" \/><figcaption class=\"wp-element-caption\">Natur-Kokoskohle<\/figcaption><\/figure>    <figure class=\"wp-block-image size-large\"><img loading=\"lazy\" decoding=\"async\" width=\"720\" height=\"540\" data-id=\"1802\" src=\"https:\/\/charcoalplant.com\/wp-content\/uploads\/2021\/12\/rice-husk-charcoal_.jpg\" alt=\"Reisschalen-Kohle\" class=\"wp-image-1802\" srcset=\"https:\/\/charcoalplant.com\/wp-content\/uploads\/2021\/12\/rice-husk-charcoal_.jpg 720w, https:\/\/charcoalplant.com\/wp-content\/uploads\/2021\/12\/rice-husk-charcoal_-300x225.jpg 300w\" sizes=\"auto, (max-width: 720px) 100vw, 720px\" \/><figcaption class=\"wp-element-caption\">Reisschalen-Kohle<\/figcaption><\/figure> <\/figure>    <h2 class=\"wp-block-heading\" id=\"parameters-of-continuous-carbonization-furnace\"><strong>Parameter des kontinuierlichen Karbonisierungsofens<\/strong><\/h2>    <p>Der Modellname der Maschine zur Herstellung von Kokosnussschalen-Holzkohle und ihr Hauptk\u00f6rperdurchmesser. Der Durchmesser seines K\u00f6rpers ist anpassbar. Um den Kundenbed\u00fcrfnissen gerecht zu werden, kann unser Werk Karbonisierungs\u00f6fen aus Edelstahlofenk\u00f6rpern herstellen.<\/p>    <figure class=\"wp-block-table is-style-stripes\"><table><tbody><tr><td>Modell<\/td><td>SL-CF800<\/td><td>SL-CF1000<\/td><td>SL-CF1200<\/td><\/tr><tr><td>Durchmesser (mm)<\/td><td>800<\/td><td>1000<\/td><td>1200<\/td><\/tr><tr><td>Kapazit\u00e4t (kg\/h)<\/td><td>400-600<\/td><td>800-1000<\/td><td>1200-1500<\/td><\/tr><tr><td>Hauptleistung (kW)<\/td><td>18.5<\/td><td>18.5<\/td><td>20<\/td><\/tr><tr><td>Karbonisierungstemperatur (\u2103)<\/td><td>500-800<\/td><td>500-800<\/td><td>500-800<\/td><\/tr><tr><td>L\u00fcfterleistung (kW)<\/td><td>5.5<\/td><td>5.5<\/td><td>5.5<\/td><\/tr><\/tbody><\/table><\/figure>    <h2 class=\"wp-block-heading\" id=\"video-of-rotary-peanut-shell-charcoal-furnace\"><strong>Video des rotierenden Erdnussschalen-Holzkohleofens<\/strong><\/h2>    <p>Unten sehen Sie ein Video eines Herstellers, der einen kontinuierlichen Karbonisierungsofen zur Herstellung von Holzkohle aus Erdnussschalen verwendet. Willkommen zum Zuschauen und Abonnieren.<\/p>    <figure class=\"wp-block-embed is-type-video is-provider-youtube wp-block-embed-youtube wp-embed-aspect-16-9 wp-has-aspect-ratio\"><div class=\"wp-block-embed__wrapper\"> <iframe loading=\"lazy\" title=\"Kokoskohleofen | Rotationskarbonisierungsanlage #Ricehuskcharcoal#Aerschwinglich\" width=\"500\" height=\"281\" src=\"https:\/\/www.youtube.com\/embed\/dmKFCdtEptc?feature=oembed\" frameborder=\"0\" allow=\"accelerometer; autoplay; clipboard-write; encrypted-media; gyroscope; picture-in-picture; web-share\" referrerpolicy=\"strict-origin-when-cross-origin\" allowfullscreen><\/iframe> <\/div><\/figure>    <h2 class=\"wp-block-heading\" id=\"h-finished-product-of-coconut-charcoal-furnace\"><strong>Fertiges Produkt der Kokosnusskohle-Herstellungsmaschine<\/strong><\/h2>    <figure class=\"wp-block-gallery has-nested-images columns-default is-cropped wp-block-gallery-11 is-layout-flex wp-block-gallery-is-layout-flex\"> <figure class=\"wp-block-image size-large\"><img loading=\"lazy\" decoding=\"async\" width=\"720\" height=\"540\" data-id=\"2299\" src=\"https:\/\/charcoalplant.com\/wp-content\/uploads\/2022\/02\/Finished-product-of-rotary-carbonization-furnace.jpg\" alt=\"Fertigprodukt des Drehkarbonisierungsofens\" class=\"wp-image-2299\"\/><figcaption class=\"wp-element-caption\">Fertigprodukt des Drehkarbonisierungsofens<\/figcaption><\/figure>    <figure class=\"wp-block-image size-large\"><img loading=\"lazy\" decoding=\"async\" width=\"720\" height=\"540\" data-id=\"2298\" src=\"https:\/\/charcoalplant.com\/wp-content\/uploads\/2022\/02\/charcoal-briquette.jpg\" alt=\"Holzkohlebrikett\" class=\"wp-image-2298\"\/><figcaption class=\"wp-element-caption\">Holzkohlebrikett<\/figcaption><\/figure> <\/figure>    <p class=\"translation-block\">Die losen Rohstoffe wie S\u00e4gemehl und Reisschalen werden getrocknet, karbonisiert und gek\u00fchlt, um die ben\u00f6tigte Kohle zu werden. Daher k\u00f6nnen Kunden Fertigprodukte wie Reisschalenkohle, Kokosnussschalenkohle, Strohkohle und Fruchtschalenkohle direkt verkaufen. Kunden k\u00f6nnen sie auch zum Mahlen verwenden, um <strong><a href=\"https:\/\/charcoalplant.com\/de\/charcoal-briquetting-machine\/charcoal-powder-briquette-machine\/\">Kohlebriketts<\/a><\/strong> herzustellen. Dies schafft einen h\u00f6heren Wert. Aufgrund des sauberen, ungiftigen, rauchfreien und energieeffizienten Kohlenstoffmaterials, das vom Rotations-Kohlenstoffisierungsofen produziert wird, hat es einen guten Markt und breite Perspektiven.<\/p>","protected":false},"excerpt":{"rendered":"<p>Der Rotationskarbonisierungsofen wird auch Biomasse-Karbonisierungsofen genannt. Seine Rohstoffe sind haupts\u00e4chlich land- und forstwirtschaftliche Abf\u00e4lle.<\/p>","protected":false},"author":1,"featured_media":1146,"parent":0,"template":"","tags":[65],"product-type":[4],"class_list":["post-1127","product","type-product","status-publish","has-post-thumbnail","hentry","tag-carbonization-furnace","product-type-carbonization-furnace"],"_links":{"self":[{"href":"https:\/\/charcoalplant.com\/de\/wp-json\/wp\/v2\/product\/1127","targetHints":{"allow":["GET"]}}],"collection":[{"href":"https:\/\/charcoalplant.com\/de\/wp-json\/wp\/v2\/product"}],"about":[{"href":"https:\/\/charcoalplant.com\/de\/wp-json\/wp\/v2\/types\/product"}],"author":[{"embeddable":true,"href":"https:\/\/charcoalplant.com\/de\/wp-json\/wp\/v2\/users\/1"}],"wp:featuredmedia":[{"embeddable":true,"href":"https:\/\/charcoalplant.com\/de\/wp-json\/wp\/v2\/media\/1146"}],"wp:attachment":[{"href":"https:\/\/charcoalplant.com\/de\/wp-json\/wp\/v2\/media?parent=1127"}],"wp:term":[{"taxonomy":"post_tag","embeddable":true,"href":"https:\/\/charcoalplant.com\/de\/wp-json\/wp\/v2\/tags?post=1127"},{"taxonomy":"product-type","embeddable":true,"href":"https:\/\/charcoalplant.com\/de\/wp-json\/wp\/v2\/product-type?post=1127"}],"curies":[{"name":"wp","href":"https:\/\/api.w.org\/{rel}","templated":true}]}}