{"id":1152,"date":"2021-12-04T08:25:45","date_gmt":"2021-12-04T08:25:45","guid":{"rendered":"https:\/\/charcoalplant.com\/?p=1152"},"modified":"2023-06-16T14:50:02","modified_gmt":"2023-06-16T06:50:02","slug":"charcoal-making-machine-3","status":"publish","type":"product","link":"https:\/\/charcoalplant.com\/de\/charcoal-making-machine\/","title":{"rendered":"Kohleproduktionslinie"},"content":{"rendered":"<div class=\"kk-star-ratings kksr-auto kksr-align-left kksr-valign-top\"     data-payload='{&quot;align&quot;:&quot;left&quot;,&quot;id&quot;:&quot;1152&quot;,&quot;slug&quot;:&quot;default&quot;,&quot;valign&quot;:&quot;top&quot;,&quot;ignore&quot;:&quot;&quot;,&quot;reference&quot;:&quot;auto&quot;,&quot;class&quot;:&quot;&quot;,&quot;count&quot;:&quot;27&quot;,&quot;legendonly&quot;:&quot;&quot;,&quot;readonly&quot;:&quot;&quot;,&quot;score&quot;:&quot;4.9&quot;,&quot;starsonly&quot;:&quot;&quot;,&quot;best&quot;:&quot;5&quot;,&quot;gap&quot;:&quot;5&quot;,&quot;greet&quot;:&quot;Rate this product&quot;,&quot;legend&quot;:&quot;4.9\\\/5 - (27 votes)&quot;,&quot;size&quot;:&quot;24&quot;,&quot;title&quot;:&quot;Charcoal Production Line&quot;,&quot;width&quot;:&quot;139.6&quot;,&quot;_legend&quot;:&quot;{score}\\\/{best} - ({count} {votes})&quot;,&quot;font_factor&quot;:&quot;1.25&quot;}'>              <div class=\"kksr-stars\">      <div class=\"kksr-stars-inactive\">             <div class=\"kksr-star\" data-star=\"1\" style=\"padding-right: 5px\">               <div class=\"kksr-icon\" style=\"width: 24px; height: 24px;\"><\/div>         <\/div>             <div class=\"kksr-star\" data-star=\"2\" style=\"padding-right: 5px\">               <div class=\"kksr-icon\" style=\"width: 24px; height: 24px;\"><\/div>         <\/div>             <div class=\"kksr-star\" data-star=\"3\" style=\"padding-right: 5px\">               <div class=\"kksr-icon\" style=\"width: 24px; height: 24px;\"><\/div>         <\/div>             <div class=\"kksr-star\" data-star=\"4\" style=\"padding-right: 5px\">               <div class=\"kksr-icon\" style=\"width: 24px; height: 24px;\"><\/div>         <\/div>             <div class=\"kksr-star\" data-star=\"5\" style=\"padding-right: 5px\">               <div class=\"kksr-icon\" style=\"width: 24px; height: 24px;\"><\/div>         <\/div>     <\/div>      <div class=\"kksr-stars-active\" style=\"width: 139.6px;\">             <div class=\"kksr-star\" style=\"padding-right: 5px\">               <div class=\"kksr-icon\" style=\"width: 24px; height: 24px;\"><\/div>         <\/div>             <div class=\"kksr-star\" style=\"padding-right: 5px\">               <div class=\"kksr-icon\" style=\"width: 24px; height: 24px;\"><\/div>         <\/div>             <div class=\"kksr-star\" style=\"padding-right: 5px\">               <div class=\"kksr-icon\" style=\"width: 24px; height: 24px;\"><\/div>         <\/div>             <div class=\"kksr-star\" style=\"padding-right: 5px\">               <div class=\"kksr-icon\" style=\"width: 24px; height: 24px;\"><\/div>         <\/div>             <div class=\"kksr-star\" style=\"padding-right: 5px\">               <div class=\"kksr-icon\" style=\"width: 24px; height: 24px;\"><\/div>         <\/div>     <\/div> <\/div>                   <div class=\"kksr-legend\" style=\"font-size: 19.2px;\">             4,9\/5 \u2013 (27 Stimmen)    <\/div>     <\/div>  <p class=\"translation-block\"><strong>Holzkohle-Herstellungsmaschinen-Produktionslinie<\/strong> ist ein Prozess, bei dem Holzst\u00e4mme, Bambus, Biomassebriketts und andere Rohstoffe in Holzkohle verwandelt werden, indem sie zerkleinert, getrocknet, zu Briketts gepresst und karbiniert werden. Aufgrund der hohen H\u00e4rte, der langen Brenndauer und der umweltfreundlichen Eigenschaften von maschinell hergestellter Holzkohle hat dies weltweit f\u00fcr Aufsehen gesorgt. Wir werden <strong><a href=\"https:\/\/charcoalplant.com\/de\/info\/sawdust-briquette-charcoal-production-line-sent-to-myanmar\/\">Kunden<\/a><\/strong> mit Rauchgasreinigungsanlagen versorgen, um sicherzustellen, dass die Kunden innerhalb des Umweltschutzindexes produzieren. Eine Produktionslinie f\u00fcr S\u00e4gemehl-Brikett-Holzkohle ist eine einfache und profitable Investition. Wenn Sie also in Holzkohlemaschinen investieren m\u00f6chten, k\u00f6nnen Sie uns gerne kontaktieren. Kontaktieren Sie uns jetzt f\u00fcr die neuesten Maschinenparameter.<\/p>    <figure class=\"wp-block-image aligncenter size-full\"><img loading=\"lazy\" decoding=\"async\" width=\"720\" height=\"540\" src=\"https:\/\/charcoalplant.com\/wp-content\/uploads\/2021\/12\/Charcoal-production-line-1.jpg\" alt=\"Produktionslinie f\u00fcr Holzkohle\" class=\"wp-image-54\" srcset=\"https:\/\/charcoalplant.com\/wp-content\/uploads\/2021\/12\/Charcoal-production-line-1.jpg 720w, https:\/\/charcoalplant.com\/wp-content\/uploads\/2021\/12\/Charcoal-production-line-1-300x225.jpg 300w\" sizes=\"auto, (max-width: 720px) 100vw, 720px\" \/><figcaption class=\"wp-element-caption\">Holzkohleproduktionslinie zu verkaufen<\/figcaption><\/figure>    <h2 class=\"wp-block-heading\" id=\"h-charcoal-making-machine-workflow\"><strong>Arbeitsablauf einer Holzkohlemaschine<\/strong><strong><\/strong><\/h2>    <p class=\"translation-block\">Der Prozess der Holzkohle-Produktionslinie ist sehr einfach. Er umfasst haupts\u00e4chlich die folgenden Schritte: <strong>Zerkleinern \u2013 Trocknen \u2013 Brikettieren \u2013 Karbinisieren<\/strong>. Zwischen jedem Schritt gibt es eine F\u00f6rdervorrichtung. Daher m\u00fcssen Kunden der Holzkohlefabrik keine gro\u00dfe Arbeitskraft investieren, 3-5 Personen k\u00f6nnen die Produktion durchf\u00fchren.<\/p>    <figure class=\"wp-block-image aligncenter size-full\"><img loading=\"lazy\" decoding=\"async\" width=\"720\" height=\"540\" src=\"https:\/\/charcoalplant.com\/wp-content\/uploads\/2021\/12\/charcoal-making-machine-workflow-1.jpg\" alt=\"Arbeitsablauf einer Holzkohlemaschine\" class=\"wp-image-1155\" srcset=\"https:\/\/charcoalplant.com\/wp-content\/uploads\/2021\/12\/charcoal-making-machine-workflow-1.jpg 720w, https:\/\/charcoalplant.com\/wp-content\/uploads\/2021\/12\/charcoal-making-machine-workflow-1-300x225.jpg 300w\" sizes=\"auto, (max-width: 720px) 100vw, 720px\" \/><figcaption class=\"wp-element-caption\">Arbeitsablauf einer Holzkohlemaschine<\/figcaption><\/figure>    <h2 class=\"wp-block-heading\" id=\"h-charcoal-production-line-structure\"><strong>Struktur der Holzkohle-Produktionslinie<\/strong><strong><\/strong><\/h2>    <p>Die entsprechende Ausr\u00fcstung f\u00fcr den Arbeitsprozess der Holzkohlemaschine ist ein Holzzerkleinerer, ein S\u00e4gemehltrockner, eine Biomasse-Brikettiermaschine und ein Karbonisierungsofen. Diese Ger\u00e4te sind die Grundausstattung f\u00fcr die Herstellung von Holzkohle.<\/p>    <div class=\"wp-block-media-text is-stacked-on-mobile is-vertically-aligned-center has-background\" style=\"background-color:#f1f1f1;grid-template-columns:36% auto\"><figure class=\"wp-block-media-text__media\"><img loading=\"lazy\" decoding=\"async\" width=\"720\" height=\"540\" src=\"https:\/\/charcoalplant.com\/wp-content\/uploads\/2021\/11\/Wood-crusher-machine-1-1.jpg\" alt=\"Holzzerkleinerungsmaschine\" class=\"wp-image-923 size-full\" srcset=\"https:\/\/charcoalplant.com\/wp-content\/uploads\/2021\/11\/Wood-crusher-machine-1-1.jpg 720w, https:\/\/charcoalplant.com\/wp-content\/uploads\/2021\/11\/Wood-crusher-machine-1-1-300x225.jpg 300w\" sizes=\"auto, (max-width: 720px) 100vw, 720px\" \/><\/figure><div class=\"wp-block-media-text__content\"> <h3 class=\"wp-block-heading\"><strong>1. Holzzerkleinerer <\/strong>(zerquetschend) <\/h3>    <p>Der Holzschredder ist ein Ger\u00e4t, das \u00c4ste, Massivholzbretter, Bambus und andere Rohstoffe in kleine Holzsp\u00e4ne zerkleinert. Denn die Gr\u00f6\u00dfe der f\u00fcr die Herstellung von Holzkohle ben\u00f6tigten Holzsp\u00e4ne betr\u00e4gt 3\u20135 mm. Daher sind Holzzerkleinerer sehr wichtig. <\/p> <\/div><\/div>    <p><\/p>    <div class=\"wp-block-media-text is-stacked-on-mobile is-vertically-aligned-center has-background\" style=\"background-color:#f1f1f1;grid-template-columns:36% auto\"><figure class=\"wp-block-media-text__media\"><img loading=\"lazy\" decoding=\"async\" width=\"720\" height=\"540\" src=\"https:\/\/charcoalplant.com\/wp-content\/uploads\/2021\/11\/Rice-husk-dryer-1.jpg\" alt=\"Reisschalentrockner\" class=\"wp-image-960 size-full\" srcset=\"https:\/\/charcoalplant.com\/wp-content\/uploads\/2021\/11\/Rice-husk-dryer-1.jpg 720w, https:\/\/charcoalplant.com\/wp-content\/uploads\/2021\/11\/Rice-husk-dryer-1-300x225.jpg 300w\" sizes=\"auto, (max-width: 720px) 100vw, 720px\" \/><\/figure><div class=\"wp-block-media-text__content\"> <h3 class=\"wp-block-heading\"><strong>2. S\u00e4gemehltrockner<\/strong>&nbsp;(Trocknen)<\/h3>    <p class=\"translation-block\">Da bei der Herstellung von Biomasse-St\u00e4ben die Feuchtigkeit des S\u00e4gemehls erforderlich ist. Daher sollte der Kunde einen<a href=\"https:\/\/charcoalplant.com\/de\/rice-husk-dryer\/\"> <strong>S\u00e4gemehltrockner<\/strong><\/a> w\u00e4hlen, um die Feuchtigkeit des S\u00e4gemehls auf etwa 10 % zu reduzieren. Dieser Schritt garantiert auch die Qualit\u00e4t der produzierten Holzkohle. Unsere Fabrik liefert Trommel- und Luftstromtrockner. Neben Brennstoffen wie Holz und Kohle k\u00f6nnen ihre W\u00e4rmequellen\u00f6fen auch mit Erdgas beheizt werden.<\/p> <\/div><\/div>    <p><\/p>    <div class=\"wp-block-media-text is-stacked-on-mobile is-vertically-aligned-center has-background\" style=\"background-color:#f1f1f1;grid-template-columns:36% auto\"><figure class=\"wp-block-media-text__media\"><img loading=\"lazy\" decoding=\"async\" width=\"720\" height=\"540\" src=\"https:\/\/charcoalplant.com\/wp-content\/uploads\/2022\/02\/sawdust-biomass-briquette-machine.jpg\" alt=\"\" class=\"wp-image-2380 size-full\"\/><\/figure><div class=\"wp-block-media-text__content\"> <h3 class=\"wp-block-heading\"><strong>3. Biomasse-Brikettmaschine<\/strong>&nbsp;(Rutenherstellung) <\/h3>    <p class=\"translation-block\">Die <a href=\"https:\/\/charcoalplant.com\/de\/sawdust-briquette-machine\/\"><strong>Biomasse-Brikettmaschine<\/strong><\/a> kann das getrocknete S\u00e4gemehl in hohle Holzst\u00e4be verwandeln. Sie ist eines der Kernger\u00e4te in der Holzkohleproduktionsmaschine. Die Qualit\u00e4t der Holzkohle h\u00e4ngt von dem Biomasserod selbst ab. Daher muss die Maschine beim Einsatz der S\u00e4gemehl-Brikettmaschine zuerst eingestellt werden. Die Fabrik Shuliy wird Techniker entsenden, um Unterst\u00fctzung und Anleitung zu bieten. <\/p> <\/div><\/div>    <p><\/p>    <div class=\"wp-block-media-text is-stacked-on-mobile has-background\" style=\"background-color:#f1f1f1;grid-template-columns:36% auto\"><figure class=\"wp-block-media-text__media\"><img loading=\"lazy\" decoding=\"async\" width=\"720\" height=\"540\" src=\"https:\/\/charcoalplant.com\/wp-content\/uploads\/2021\/12\/Vertical-carbonization-furnace-Production-line-1.jpg\" alt=\"\" class=\"wp-image-38 size-full\" srcset=\"https:\/\/charcoalplant.com\/wp-content\/uploads\/2021\/12\/Vertical-carbonization-furnace-Production-line-1.jpg 720w, https:\/\/charcoalplant.com\/wp-content\/uploads\/2021\/12\/Vertical-carbonization-furnace-Production-line-1-300x225.jpg 300w\" sizes=\"auto, (max-width: 720px) 100vw, 720px\" \/><\/figure><div class=\"wp-block-media-text__content\"> <h3 class=\"wp-block-heading\"><strong>4. <a href=\"https:\/\/charcoalplant.com\/de\/product\/carbonization-furnace\/\">Karbonisierungsofen<\/a><\/strong>&nbsp;(Verkohlung)<\/h3>    <p class=\"translation-block\">Dies ist der letzte Schritt des gesamten Prozesses. Wir bieten<a href=\"https:\/\/charcoalplant.com\/de\/vertical-carbonization-furnace\/\"><strong> vertikale Karbonisierungsofen<\/strong><\/a> und horizontale Karbonisierungsmaschinen an. Sie k\u00f6nnen Rohholz, Bambus, Obstholz und andere Materialien karbinisieren. Der vertikale Karbonisierungsofen verwendet eine interne und externe Doppelbeh\u00e4ltertechnologie. Daher kann er den gro\u00dfen Holzkohleaussto\u00df besser erf\u00fcllen und ist bequem und flexibel.<\/p> <\/div><\/div>    <h2 class=\"wp-block-heading\" id=\"h-three-systems-of-charcoal-making-machine\"><strong>Drei Systeme der Holzkohleherstellungsmaschine<\/strong><\/h2>    <div class=\"wp-block-media-text is-stacked-on-mobile has-background\" style=\"background-color:#f1f1f1;grid-template-columns:37% auto\"><figure class=\"wp-block-media-text__media\"><img loading=\"lazy\" decoding=\"async\" width=\"720\" height=\"540\" src=\"https:\/\/charcoalplant.com\/wp-content\/uploads\/2022\/03\/screw-conveyor-1.jpg\" alt=\"Schneckenf\u00f6rderer\" class=\"wp-image-2673 size-full\"\/><\/figure><div class=\"wp-block-media-text__content\"> <p class=\"translation-block\"><strong>Zuf\u00fchrsystem<\/strong> <\/p>    <p>Aufgrund der kleinen Form und der lockeren Eigenschaften des S\u00e4gemehls w\u00e4hlt das Zufuhrsystem in der Holzkohlemaschine einen Schneckenzuf\u00fchrer. Es zeichnet sich durch eine geschlossene und gleichm\u00e4\u00dfige F\u00fctterung aus. Wir haben U-f\u00f6rmige und runde Rohre. Das U-f\u00f6rmige Rohr ist abnehmbar gestaltet. Daher ist es auch flexibler. <\/p> <\/div><\/div>    <p><\/p>    <div class=\"wp-block-media-text is-stacked-on-mobile is-vertically-aligned-center has-background\" style=\"background-color:#f1f1f1;grid-template-columns:37% auto\"><figure class=\"wp-block-media-text__media\"><img loading=\"lazy\" decoding=\"async\" width=\"720\" height=\"540\" src=\"https:\/\/charcoalplant.com\/wp-content\/uploads\/2022\/03\/sawdust-collector-1.jpg\" alt=\"S\u00e4gemehlsammler\" class=\"wp-image-2675 size-full\"\/><\/figure><div class=\"wp-block-media-text__content\"> <p class=\"translation-block\"><strong>Staubentfernungssystem<\/strong> <\/p>    <p>Einerseits kann es S\u00e4gemehl und Staub getrennt sammeln, um eine hygienische Umgebung in der Fabrik zu gew\u00e4hrleisten. Andererseits spielt es auch eine Rolle bei der K\u00fchlung des Materials. Es umfasst einen Sch\u00fcttler, Rohre, einen Staubbeutel und einen Saugzugventilator. <\/p> <\/div><\/div>    <p><\/p>    <div class=\"wp-block-media-text is-stacked-on-mobile is-vertically-aligned-center has-background\" style=\"background-color:#f1f1f1;grid-template-columns:37% auto\"><figure class=\"wp-block-media-text__media\"><img loading=\"lazy\" decoding=\"async\" width=\"720\" height=\"540\" src=\"https:\/\/charcoalplant.com\/wp-content\/uploads\/2021\/12\/High-voltage-static-electricity-of-vertical-carbonization-furnace-1.jpg\" alt=\"\" class=\"wp-image-1054 size-full\" srcset=\"https:\/\/charcoalplant.com\/wp-content\/uploads\/2021\/12\/High-voltage-static-electricity-of-vertical-carbonization-furnace-1.jpg 720w, https:\/\/charcoalplant.com\/wp-content\/uploads\/2021\/12\/High-voltage-static-electricity-of-vertical-carbonization-furnace-1-300x225.jpg 300w\" sizes=\"auto, (max-width: 720px) 100vw, 720px\" \/><\/figure><div class=\"wp-block-media-text__content\"> <p class=\"translation-block\"><strong>Reinigungssystem<\/strong> <\/p>    <p>Die Reinigung erfolgt hier haupts\u00e4chlich f\u00fcr das Rauchgas, das bei der Verarbeitung der Rohstoffe der Holzkohlemaschine entsteht.\u00a0Aufgrund des Hochtemperaturbetriebs in der Holzkohleproduktionslinie ist die Entstehung von Rauchgas w\u00e4hrend des Produktionsprozesses unvermeidlich. Es gibt strenge internationale Standards f\u00fcr die Abgasemissionen in Fabriken. Gl\u00fccklicherweise kann unser Rauchentfernungssystem Rauch effektiv beseitigen. <\/p> <\/div><\/div>    <p>F\u00fcr Trockner und Schwel\u00f6fen bieten wir Entrauchungstanks an. Wir bieten Dunstabzugshauben f\u00fcr Stangenherstellungsmaschinen an. Sowohl Entrauchungsdosen als auch Entrauchungshauben k\u00f6nnen mit elektrostatischen Hochspannungsger\u00e4ten kombiniert werden, um den besten Entrauchungseffekt zu erzielen.<\/p>    <h2 class=\"wp-block-heading\" id=\"h-auto-charcoal-factory-features\"><strong>Merkmale der Fabrik zur automatischen Holzkohleherstellung<\/strong><\/h2>    <p>1. Hoher Automatisierungsgrad und Arbeitsersparnis.<\/p>    <p>2. Energieeinsparung und Umweltschutz.<\/p>    <p>3. Gute Qualit\u00e4t, einfache Bedienung und stabile Leistung.<\/p>    <p>4. Einfacher Zugang zu Rohstoffen, geringe Investitionen und hohe Rendite.<\/p>    <p>5. Die Produktion ist gro\u00df und die Nachfrage nach Fertigprodukten ist gro\u00df.<\/p>    <p>6. Erschwinglicher Preis, viele Spezifikationen.<\/p>    <figure class=\"wp-block-image aligncenter size-full\"><img loading=\"lazy\" decoding=\"async\" width=\"720\" height=\"540\" src=\"https:\/\/charcoalplant.com\/wp-content\/uploads\/2022\/03\/charcoal-machine-plant.jpg\" alt=\"Holzkohlemaschinenanlage\" class=\"wp-image-2684\"\/><figcaption class=\"wp-element-caption\">Holzkohlemaschinenanlage<\/figcaption><\/figure>    <h2 class=\"wp-block-heading\" id=\"h-5t-charcoal-processing-line-equipment-recommendation\"><strong>Empfehlung f\u00fcr eine 5-t-Holzkohleverarbeitungslinie<\/strong><\/h2>    <p>Die folgende Ausr\u00fcstung wird als Referenz zur Grundstruktur der Holzkohlebrikettmaschine hinzugef\u00fcgt.<\/p>    <h3 class=\"wp-block-heading\"><strong>Brecher<\/strong><strong><\/strong><\/h3>    <p class=\"translation-block\">Wenn Ihr Rohmaterial gro\u00dfe Baumst\u00e4mme sind, empfehlen wir Ihnen die Wahl von <strong><a href=\"https:\/\/charcoalplant.com\/de\/drum-chipper\/\">Trommelh\u00e4ckslern<\/a><\/strong> und <strong><a href=\"https:\/\/charcoalplant.com\/de\/hammer-mill\/\">Hammerm\u00fchlen<\/a><\/strong>. Diese beiden Maschinen sind hocheffiziente Zerkleinerungsanlagen mit gro\u00dfem Durchsatz. Wenn Ihr Rohmaterial Holzschnitzel sind, empfehlen wir Ihnen, ein Rollensieb zu w\u00e4hlen. Die Rohmaterialien werden \u00fcber das F\u00f6rderband zum Rollensieb transportiert, um S\u00e4gemehl von 3-5 mm zu sieben.<\/p>    <h3 class=\"wp-block-heading\"><strong>Schneckenf\u00f6rderer<\/strong><strong><\/strong><\/h3>    <p>Seine Funktion besteht darin, das S\u00e4gemehl gleichm\u00e4\u00dfig auf die Maschine zur Herstellung von S\u00e4gemehlst\u00e4ben zu verteilen. Seine Gr\u00f6\u00dfe h\u00e4ngt von der Anzahl der von Ihnen gew\u00e4hlten Rutenherstellungsmaschinen ab. Daher ist es anpassbar.<\/p>    <figure class=\"wp-block-image aligncenter size-full\"><img loading=\"lazy\" decoding=\"async\" width=\"720\" height=\"540\" src=\"https:\/\/charcoalplant.com\/wp-content\/uploads\/2022\/03\/charcoal-machine-production-line-3.jpg\" alt=\"Produktionslinie f\u00fcr Holzkohlemaschinen\" class=\"wp-image-2693\"\/><figcaption class=\"wp-element-caption\">Produktionslinie f\u00fcr Holzkohlemaschinen<\/figcaption><\/figure>    <h3 class=\"wp-block-heading\"><strong>Rauchabzugshaube und Gitterbandf\u00f6rderer<\/strong><strong><\/strong><\/h3>    <p>Da die Temperatur bei der Verarbeitung des Biomassestabs zu hoch ist, muss f\u00fcr den Transport ein Metallf\u00f6rderband gew\u00e4hlt werden. Einerseits kann der Gitterbandf\u00f6rderer die von der Stockherstellungsmaschine fallengelassenen Holzst\u00e4bchen transportieren. Andererseits kann es W\u00e4rme vom Holzstab ableiten. Die Dunstabzugshaube umfasst haupts\u00e4chlich einen Ventilator und einen Wassertank. Es wird \u00fcber dem Maschenband installiert, um den von der Rutenherstellungsmaschine erzeugten Rauch direkt abzusaugen.<\/p>    <figure class=\"wp-block-image aligncenter size-full\"><img loading=\"lazy\" decoding=\"async\" width=\"720\" height=\"540\" src=\"https:\/\/charcoalplant.com\/wp-content\/uploads\/2022\/03\/smoke-removal-hood.jpg\" alt=\"\" class=\"wp-image-2694\"\/><figcaption class=\"wp-element-caption\">Rauchabzugshaube<\/figcaption><\/figure>    <figure class=\"wp-block-gallery has-nested-images columns-default is-cropped wp-block-gallery-2 is-layout-flex wp-block-gallery-is-layout-flex\"> <figure class=\"wp-block-image size-large\"><img loading=\"lazy\" decoding=\"async\" width=\"720\" height=\"540\" data-id=\"1301\" src=\"https:\/\/charcoalplant.com\/wp-content\/uploads\/2021\/12\/Smoke-removal-hood-1.jpg\" alt=\"Rauchabzugshaube\" class=\"wp-image-1301\" srcset=\"https:\/\/charcoalplant.com\/wp-content\/uploads\/2021\/12\/Smoke-removal-hood-1.jpg 720w, https:\/\/charcoalplant.com\/wp-content\/uploads\/2021\/12\/Smoke-removal-hood-1-300x225.jpg 300w\" sizes=\"auto, (max-width: 720px) 100vw, 720px\" \/><figcaption class=\"wp-element-caption\">Rauchabzugshaube<\/figcaption><\/figure>    <figure class=\"wp-block-image size-large\"><img loading=\"lazy\" decoding=\"async\" width=\"720\" height=\"540\" data-id=\"1302\" src=\"https:\/\/charcoalplant.com\/wp-content\/uploads\/2021\/12\/mesh-belt-conveyor-1.jpg\" alt=\"Maschenbandf\u00f6rderer\" class=\"wp-image-1302\" srcset=\"https:\/\/charcoalplant.com\/wp-content\/uploads\/2021\/12\/mesh-belt-conveyor-1.jpg 720w, https:\/\/charcoalplant.com\/wp-content\/uploads\/2021\/12\/mesh-belt-conveyor-1-300x225.jpg 300w\" sizes=\"auto, (max-width: 720px) 100vw, 720px\" \/><figcaption class=\"wp-element-caption\">Maschenbandf\u00f6rderer<\/figcaption><\/figure> <\/figure>    <h2 class=\"wp-block-heading\" id=\"h-features-of-sawdust-briquetting-charcoal\"><strong>Eigenschaften von Holzkohle aus S\u00e4gemehlbriketts<\/strong><\/h2>    <p>Im Vergleich zu Kohle, \u00c4sten, Stroh und anderen Brennstoffen hat maschinell hergestellte Holzkohle, die mit Holzkohlemaschinen hergestellt wird, nicht nur eine hohe Leistung, sondern auch eine gro\u00dfe Nachfrage. Es wird von den Menschen mehr akzeptiert. Maschinell hergestellte Holzkohle hat folgende Vorteile:<\/p>    <p>1. Gute Qualit\u00e4t, hohe Ums\u00e4tze und gutes Einkommen.<\/p>    <p>2. Sicher und schadstofffrei.<\/p>    <p>3. Hoher Brennwert und lange Brenndauer.<\/p>    <p>4. Das Erscheinungsbild ist sch\u00f6n und vielf\u00e4ltig.<\/p>    <figure class=\"wp-block-image aligncenter size-full\"><img loading=\"lazy\" decoding=\"async\" width=\"720\" height=\"540\" src=\"https:\/\/charcoalplant.com\/wp-content\/uploads\/2022\/03\/charcoal-making-machine-2.jpg\" alt=\"Holzkohlebrikett\" class=\"wp-image-2678\"\/><figcaption class=\"wp-element-caption\">Holzkohlebrikett<\/figcaption><\/figure>    <h2 class=\"wp-block-heading\" id=\"h-sawdust-briquette-making-machine-for-sale\"><strong>Zu verkaufen ist eine Maschine zur Herstellung von S\u00e4gemehlbriketts<\/strong><\/h2>    <p>Shuliy\u00a0Machinery ist ein spezialisierter Hersteller von Holzkohleextrudern. Wir verkaufen Holzbrecher, S\u00e4gemehltrockner, Schneckenf\u00f6rderer, Maschinen zur Herstellung von S\u00e4gemehlst\u00e4ben usw. Dar\u00fcber hinaus bieten wir Designl\u00f6sungen f\u00fcr Ihre Produktionslinie. Informieren Sie sich daher gerne \u00fcber unsere Produkte. Wir bieten Ihnen wettbewerbsf\u00e4hige Preise.<\/p>    <figure class=\"wp-block-gallery has-nested-images columns-default is-cropped wp-block-gallery-3 is-layout-flex wp-block-gallery-is-layout-flex\"> <figure class=\"wp-block-image size-full\"><img loading=\"lazy\" decoding=\"async\" width=\"720\" height=\"540\" data-id=\"2697\" src=\"https:\/\/charcoalplant.com\/wp-content\/uploads\/2022\/03\/charcoal-machine-for-sale-2.jpg\" alt=\"Kohlemaschine zu verkaufen\" class=\"wp-image-2697\"\/><figcaption class=\"wp-element-caption\">Kohlemaschine zu verkaufen<\/figcaption><\/figure>    <figure class=\"wp-block-image size-full\"><img loading=\"lazy\" decoding=\"async\" width=\"720\" height=\"540\" data-id=\"2698\" src=\"https:\/\/charcoalplant.com\/wp-content\/uploads\/2022\/03\/charcoal-production-line-shippment-2.jpg\" alt=\"Lieferung der Holzkohle-Produktionslinie\" class=\"wp-image-2698\"\/><figcaption class=\"wp-element-caption\">Lieferung der Holzkohle-Produktionslinie<\/figcaption><\/figure> <\/figure>    <h2 class=\"wp-block-heading\"><strong>Unsere Leistungen<\/strong><\/h2>    <ul class=\"wp-block-list\"> <li>Wir k\u00f6nnen unseren Kunden L\u00f6sungen f\u00fcr Holzkohleproduktionslinien mit unterschiedlichen Holzkohleausbeuten anbieten. <\/li>    <li>Wir helfen Kunden bei der Installation der Maschine und testen die Maschine kostenlos.<\/li>    <li>Unsere Fabrik kann Zeichnungen f\u00fcr Kunden entwerfen. <\/li>    <li>Kunden k\u00f6nnen bei uns auch jederzeit Teile kaufen.<\/li> <\/ul>    <h2 class=\"wp-block-heading\"><strong>Kontaktieren Sie uns, um Ihr Unternehmen zur Herstellung von Holzkohle zu starten!<\/strong><\/h2>    <p class=\"translation-block\">Neben der Maschinen und Anlagen ben\u00f6tigt eine Holzkohleproduktionslinie auch ein Team von geschulten Arbeitskr\u00e4ften, um die Maschinen zu bedienen und den Produktionsprozess zu \u00fcberwachen. Qualit\u00e4tskontrollma\u00dfnahmen werden ebenfalls implementiert, um sicherzustellen, dass das Endprodukt die erforderlichen Standards erf\u00fcllt. <a href=\"https:\/\/charcoalplant.com\/de\/\">Shuliy Machinery<\/a> ist eine professionelle Fabrik f\u00fcr Holzkohleherstellungsmaschinen. Es gibt eine starke F\u00e4higkeit in Forschung, Design, Herstellung und Installation. Willkommen, unsere Experten zu kontaktieren, um Ihr Projekt so schnell wie m\u00f6glich zu starten. <\/p>    <h2 class=\"wp-block-heading\"><br><\/h2>","protected":false},"excerpt":{"rendered":"<p>Eine Holzkohlemaschine ist ein Ger\u00e4t zur Herstellung von Holzkohle durch Zerkleinern, Trocknen, Formen von St\u00e4ben und Karbonisieren von Baumst\u00e4mmen, Bambus usw.<\/p>","protected":false},"author":1,"featured_media":1171,"parent":0,"template":"","tags":[59],"product-type":[53],"class_list":["post-1152","product","type-product","status-publish","has-post-thumbnail","hentry","tag-charcoal-briquetting-machine","product-type-product-line"],"_links":{"self":[{"href":"https:\/\/charcoalplant.com\/de\/wp-json\/wp\/v2\/product\/1152","targetHints":{"allow":["GET"]}}],"collection":[{"href":"https:\/\/charcoalplant.com\/de\/wp-json\/wp\/v2\/product"}],"about":[{"href":"https:\/\/charcoalplant.com\/de\/wp-json\/wp\/v2\/types\/product"}],"author":[{"embeddable":true,"href":"https:\/\/charcoalplant.com\/de\/wp-json\/wp\/v2\/users\/1"}],"wp:featuredmedia":[{"embeddable":true,"href":"https:\/\/charcoalplant.com\/de\/wp-json\/wp\/v2\/media\/1171"}],"wp:attachment":[{"href":"https:\/\/charcoalplant.com\/de\/wp-json\/wp\/v2\/media?parent=1152"}],"wp:term":[{"taxonomy":"post_tag","embeddable":true,"href":"https:\/\/charcoalplant.com\/de\/wp-json\/wp\/v2\/tags?post=1152"},{"taxonomy":"product-type","embeddable":true,"href":"https:\/\/charcoalplant.com\/de\/wp-json\/wp\/v2\/product-type?post=1152"}],"curies":[{"name":"wp","href":"https:\/\/api.w.org\/{rel}","templated":true}]}}