{"id":1178,"date":"2021-12-07T08:28:29","date_gmt":"2021-12-07T08:28:29","guid":{"rendered":"https:\/\/charcoalplant.com\/?p=1178"},"modified":"2023-04-18T18:18:42","modified_gmt":"2023-04-18T10:18:42","slug":"charcoal-powder-briquette-machine","status":"publish","type":"product","link":"https:\/\/charcoalplant.com\/de\/product\/charcoal-powder-briquette-machine\/","title":{"rendered":"Holzkohlepulver-Brikettmaschine | Hersteller von Kohlepressmaschinen"},"content":{"rendered":"<div class=\"kk-star-ratings kksr-auto kksr-align-left kksr-valign-top\"     data-payload='{&quot;align&quot;:&quot;left&quot;,&quot;id&quot;:&quot;1178&quot;,&quot;slug&quot;:&quot;default&quot;,&quot;valign&quot;:&quot;top&quot;,&quot;ignore&quot;:&quot;&quot;,&quot;reference&quot;:&quot;auto&quot;,&quot;class&quot;:&quot;&quot;,&quot;count&quot;:&quot;18&quot;,&quot;legendonly&quot;:&quot;&quot;,&quot;readonly&quot;:&quot;&quot;,&quot;score&quot;:&quot;4.7&quot;,&quot;starsonly&quot;:&quot;&quot;,&quot;best&quot;:&quot;5&quot;,&quot;gap&quot;:&quot;5&quot;,&quot;greet&quot;:&quot;Rate this product&quot;,&quot;legend&quot;:&quot;4.7\\\/5 - (18 votes)&quot;,&quot;size&quot;:&quot;24&quot;,&quot;title&quot;:&quot;Charcoal Powder Briquette Machine | Coal Press Machine Manufacturer&quot;,&quot;width&quot;:&quot;133.8&quot;,&quot;_legend&quot;:&quot;{score}\\\/{best} - ({count} {votes})&quot;,&quot;font_factor&quot;:&quot;1.25&quot;}'>              <div class=\"kksr-stars\">      <div class=\"kksr-stars-inactive\">             <div class=\"kksr-star\" data-star=\"1\" style=\"padding-right: 5px\">               <div class=\"kksr-icon\" style=\"width: 24px; height: 24px;\"><\/div>         <\/div>             <div class=\"kksr-star\" data-star=\"2\" style=\"padding-right: 5px\">               <div class=\"kksr-icon\" style=\"width: 24px; height: 24px;\"><\/div>         <\/div>             <div class=\"kksr-star\" data-star=\"3\" style=\"padding-right: 5px\">               <div class=\"kksr-icon\" style=\"width: 24px; height: 24px;\"><\/div>         <\/div>             <div class=\"kksr-star\" data-star=\"4\" style=\"padding-right: 5px\">               <div class=\"kksr-icon\" style=\"width: 24px; height: 24px;\"><\/div>         <\/div>             <div class=\"kksr-star\" data-star=\"5\" style=\"padding-right: 5px\">               <div class=\"kksr-icon\" style=\"width: 24px; height: 24px;\"><\/div>         <\/div>     <\/div>      <div class=\"kksr-stars-active\" style=\"width: 133.8px;\">             <div class=\"kksr-star\" style=\"padding-right: 5px\">               <div class=\"kksr-icon\" style=\"width: 24px; height: 24px;\"><\/div>         <\/div>             <div class=\"kksr-star\" style=\"padding-right: 5px\">               <div class=\"kksr-icon\" style=\"width: 24px; height: 24px;\"><\/div>         <\/div>             <div class=\"kksr-star\" style=\"padding-right: 5px\">               <div class=\"kksr-icon\" style=\"width: 24px; height: 24px;\"><\/div>         <\/div>             <div class=\"kksr-star\" style=\"padding-right: 5px\">               <div class=\"kksr-icon\" style=\"width: 24px; height: 24px;\"><\/div>         <\/div>             <div class=\"kksr-star\" style=\"padding-right: 5px\">               <div class=\"kksr-icon\" style=\"width: 24px; height: 24px;\"><\/div>         <\/div>     <\/div> <\/div>                   <div class=\"kksr-legend\" style=\"font-size: 19.2px;\">             4,7\/5 - (18 Stimmen)    <\/div>     <\/div>  <p class=\"translation-block\"><strong>Charcoal powder briquette machine<\/strong> ist eine Art von Ausr\u00fcstung, die haupts\u00e4chlich Holzkohlepulver und Kohlepulver als Rohmaterialien verwendet, um <strong><a href=\"https:\/\/charcoalplant.com\/de\/charcoal-briquettes-production-line\/\">Barbecue-Kohle<\/a><\/strong> und quadratische Wasserpfeifen-Kohle herzustellen. Charcoal dust briquetting kann hohl oder nicht hohl sein. Und ihr Querschnittsprofil kann quadratisch, sechseckig, rund usw. sein. Wichtiger ist, dass der Brikett rauchfrei ist, eine lange Brenndauer hat und eine hohe Marktnachfrage besteht. Daher ist der <strong><a href=\"https:\/\/charcoalplant.com\/de\/info\/iraqi-customers-wood-charcoal-briquetting-extruder-completed\/\">Kohlebrikettiermaschine<\/a><\/strong> eine kosteng\u00fcnstige Kohleausr\u00fcstung. Kontaktieren Sie uns gerne, wir geben Ihnen einen wettbewerbsf\u00e4higen Preis.<\/p>    <h2 class=\"wp-block-heading\" id=\"working-principle-of-charcoal-powder-briquette-machine\">Funktionsprinzip der Holzkohlepulver-Brikettmaschine<\/h2>    <p>Eine Holzkohlemaschine ist eine Maschine zur Herstellung von Holzkohlepulver in verschiedenen Formen von Holzkohlebl\u00f6cken. Sein Funktionsprinzip besteht darin, dass der Motor die Kraft \u00fcber den Keilriemen auf das Getriebe \u00fcbertr\u00e4gt. Die Getriebeausgangswelle \u00fcbertr\u00e4gt dann \u00fcber eine schwimmende Kupplung die Kraft auf die Propellerwelle. Schlie\u00dflich kann der Propeller an der Propellerwelle das Rohmaterial durch die Form herausdr\u00fccken.<\/p>    <figure class=\"wp-block-image aligncenter size-full\"><img loading=\"lazy\" decoding=\"async\" width=\"720\" height=\"540\" src=\"https:\/\/charcoalplant.com\/wp-content\/uploads\/2022\/02\/Charcoal-powder-briquette-machine-show.jpg\" alt=\"Maschinenausstellung f\u00fcr Holzkohlepulverbriketts\" class=\"wp-image-2389\"\/><figcaption class=\"wp-element-caption\">Maschinenausstellung f\u00fcr Holzkohlepulverbriketts<\/figcaption><\/figure>    <h2 class=\"wp-block-heading\" id=\"raw-materials-of-charcoal-dust-briquetting-machine\">Rohstoffe der Holzkohlestaub-Brikettiermaschine<\/h2>    <p class=\"translation-block\">Die Quelle des Rohelingskohlepulvers ist, dass verschiedene Holzkohle durch <strong><a href=\"https:\/\/charcoalplant.com\/de\/wood-wastes-recycling-machine\/hammer-mill\/\">Hammerm\u00fchle<\/a><\/strong> zerkleinert werden kann. Zum Beispiel Kokosnussschalenkohle, Holzkohle aus Holzst\u00e4mmen, Spandunst-Kohle, Palmen-Schalenkohle, Reiskasch-Kohle, Erdnussschalenkohle usw. Und weitere Materialien: <strong><a href=\"https:\/\/charcoalplant.com\/de\/info\/can-these-briquetting-machines-make-alfalfa-molar-sticks\/\">Alfalfa<\/a><\/strong> und Timothy-Gras. Es ist zu beachten, dass das zerkleinerte Kohlepulver vor der Anwendung vollst\u00e4ndig mit einem bestimmten Verh\u00e4ltnis Wasser und Binder in einer Walzenm\u00fchle gemischt werden muss. Denn dadurch wird das Kohlepulver z\u00e4her, die Form besser und die Qualit\u00e4t des Endprodukts h\u00f6her.<\/p>    <figure class=\"wp-block-image aligncenter size-full\"><img loading=\"lazy\" decoding=\"async\" width=\"720\" height=\"540\" src=\"https:\/\/charcoalplant.com\/wp-content\/uploads\/2022\/02\/raw-materials-of-charcoal-briquette-machine.jpg\" alt=\"\" class=\"wp-image-2383\"\/><\/figure>    <h2 class=\"wp-block-heading\" id=\"h-structure-of-charcoal-powder-briquette-machine\">Struktur der Holzkohlepulver-Brikettmaschine<strong> <\/strong><\/h2>    <p>Die Holzkohlepulver-Brikettmaschine besteht haupts\u00e4chlich aus Hauptwelle, Schraubenstrahlruder, Form, Getriebemotor und anderen Teilen. Aufgrund des Gesamtdesigns ist die Struktur kompakt. Daher ist der Platzbedarf gering. Dar\u00fcber hinaus besteht sein Triebwerk aus drei Teilen. F\u00e4llt das Triebwerk der Kohlebrikettiermaschine aus, muss der Kunde lediglich den Kopf austauschen.<\/p>    <figure class=\"wp-block-image aligncenter size-full\"><img loading=\"lazy\" decoding=\"async\" width=\"720\" height=\"540\" src=\"https:\/\/charcoalplant.com\/wp-content\/uploads\/2022\/02\/charcoal-briquetting-machine-display.jpg\" alt=\"Anzeige der Holzkohlebrikettiermaschine\" class=\"wp-image-2390\"\/><figcaption class=\"wp-element-caption\">Anzeige der Holzkohlebrikettiermaschine<\/figcaption><\/figure>    <h3 class=\"wp-block-heading\" id=\"accessories\">Zubeh\u00f6r der Holzkohlebrikettmaschine<\/h3>    <div class=\"wp-block-columns has-background is-layout-flex wp-container-core-columns-is-layout-28f84493 wp-block-columns-is-layout-flex\" style=\"background-color:#f1f1f1\"> <div class=\"wp-block-column is-vertically-aligned-center is-layout-flow wp-block-column-is-layout-flow\" style=\"flex-basis:33.33%\"> <p class=\"translation-block\"><strong>Form<\/strong><\/p>    <p>Die Holzkohlepulverformmaschine verf\u00fcgt \u00fcber verschiedene Formen. Daher k\u00f6nnen verschiedene Formen von Grillkohle hergestellt werden. Zum Beispiel Sechseck, Achteck, Quadrat, Kreis.<\/p> <\/div>    <div class=\"wp-block-column is-layout-flow wp-block-column-is-layout-flow\" style=\"flex-basis:66.66%\"> <figure class=\"wp-block-gallery has-nested-images columns-default is-cropped wp-block-gallery-2 is-layout-flex wp-block-gallery-is-layout-flex\"> <figure class=\"wp-block-image size-large\"><img loading=\"lazy\" decoding=\"async\" width=\"720\" height=\"540\" data-id=\"1580\" src=\"https:\/\/charcoalplant.com\/wp-content\/uploads\/2021\/12\/shaped-charcoal-molds-1.jpg\" alt=\"geformte Kohleformen\" class=\"wp-image-1580\" srcset=\"https:\/\/charcoalplant.com\/wp-content\/uploads\/2021\/12\/shaped-charcoal-molds-1.jpg 720w, https:\/\/charcoalplant.com\/wp-content\/uploads\/2021\/12\/shaped-charcoal-molds-1-300x225.jpg 300w\" sizes=\"auto, (max-width: 720px) 100vw, 720px\" \/><figcaption class=\"wp-element-caption\">geformte Kohleformen<\/figcaption><\/figure> <\/figure> <\/div> <\/div>    <div class=\"wp-block-columns has-background is-layout-flex wp-container-core-columns-is-layout-28f84493 wp-block-columns-is-layout-flex\" style=\"background-color:#f1f1f1\"> <div class=\"wp-block-column is-layout-flow wp-block-column-is-layout-flow\" style=\"flex-basis:66.66%\"> <figure class=\"wp-block-gallery has-nested-images columns-default is-cropped wp-block-gallery-3 is-layout-flex wp-block-gallery-is-layout-flex\"> <figure class=\"wp-block-image size-large\"><img loading=\"lazy\" decoding=\"async\" width=\"720\" height=\"540\" data-id=\"2384\" src=\"https:\/\/charcoalplant.com\/wp-content\/uploads\/2022\/02\/propeller-shaft.jpg\" alt=\"Kardanwelle\" class=\"wp-image-2384\"\/><figcaption class=\"wp-element-caption\">Kardanwelle<\/figcaption><\/figure> <\/figure> <\/div>    <div class=\"wp-block-column is-vertically-aligned-center is-layout-flow wp-block-column-is-layout-flow\" style=\"flex-basis:33.33%\"> <p class=\"translation-block\"><strong>Propellerwelle<\/strong><\/p>    <p>Unser Werk produziert selbst Zubeh\u00f6r f\u00fcr die Maschinen. wie zum Beispiel Propeller. Weil wir f\u00fcr die Herstellung von Accessoires gute Metallmaterialien w\u00e4hlen. Daher ist seine Verwendung nicht leicht zu besch\u00e4digen und hat eine lange Lebensdauer. Dar\u00fcber hinaus k\u00f6nnen wir unseren Kunden auch nach dem Verkauf jederzeit passendes Zubeh\u00f6r zur Verf\u00fcgung stellen.<\/p> <\/div> <\/div>    <h2 class=\"wp-block-heading\" id=\"h-cutting-equipment-for-coal-press-machine\">Schneidausr\u00fcstung f\u00fcr Kohlepressmaschine&nbsp;<\/h2>    <p class=\"translation-block\">Der geformte Kohleblock muss in verschiedene Gr\u00f6\u00dfen geschnitten werden. Daher ist der Einsatz eines Schneidwerkzeugs erforderlich. Wir k\u00f6nnen drei Arten von Schneidwerkzeugen liefern: automatischer Schneider, Messerschneider und Mei\u00dfel. Sowohl der erste als auch der zweite erw\u00e4hnte Schneider ben\u00f6tigen einen <strong>Luftkompressor<\/strong>. Die St\u00e4rke des Schneiders wird durch Regulieren des Luftdrucks angepasst.<\/p>    <h3 class=\"wp-block-heading\" id=\"h-automatic-cutter-for-charcoal-briket\">Automatischer Schneider f\u00fcr Holzkohlebriket<\/h3>    <p id=\"block-fd5fda72-b941-4e47-a7dd-c13c6a5b3b88\">Sein Funktionsprinzip besteht darin, den Abstand zwischen der Infrarot-Sensorsonde und der Auslass\u00f6ffnung der Kohlebrikettiermaschine anzupassen, um die gleiche Gr\u00f6\u00dfe zu schneiden.<\/p>    <figure class=\"wp-block-gallery has-nested-images columns-default is-cropped wp-block-gallery-4 is-layout-flex wp-block-gallery-is-layout-flex\"> <figure class=\"wp-block-image size-large\"><img loading=\"lazy\" decoding=\"async\" width=\"720\" height=\"540\" data-id=\"1574\" src=\"https:\/\/charcoalplant.com\/wp-content\/uploads\/2021\/12\/Automatic-Cutter-1.jpg\" alt=\"Automatischer Schneider\" class=\"wp-image-1574\" srcset=\"https:\/\/charcoalplant.com\/wp-content\/uploads\/2021\/12\/Automatic-Cutter-1.jpg 720w, https:\/\/charcoalplant.com\/wp-content\/uploads\/2021\/12\/Automatic-Cutter-1-300x225.jpg 300w\" sizes=\"auto, (max-width: 720px) 100vw, 720px\" \/><figcaption class=\"wp-element-caption\">Automatischer Schneider<\/figcaption><\/figure>    <figure class=\"wp-block-image size-large\"><img loading=\"lazy\" decoding=\"async\" width=\"720\" height=\"540\" data-id=\"1592\" src=\"https:\/\/charcoalplant.com\/wp-content\/uploads\/2021\/12\/Charcoal-powder-briquetting-machine-finished-products-1.jpg\" alt=\"Fertigprodukte der Holzkohlepulver-Brikettiermaschine\" class=\"wp-image-1592\" srcset=\"https:\/\/charcoalplant.com\/wp-content\/uploads\/2021\/12\/Charcoal-powder-briquetting-machine-finished-products-1.jpg 720w, https:\/\/charcoalplant.com\/wp-content\/uploads\/2021\/12\/Charcoal-powder-briquetting-machine-finished-products-1-300x225.jpg 300w\" sizes=\"auto, (max-width: 720px) 100vw, 720px\" \/><figcaption class=\"wp-element-caption\">Fertigprodukte der Holzkohlepulver-Brikettiermaschine<\/figcaption><\/figure> <\/figure>    <h3 class=\"wp-block-heading\" id=\"h-cnc-cutter-for-briquettes\">CNC-Fr\u00e4ser f\u00fcr Briketts <\/h3>    <p id=\"block-d58a95d7-dc60-4c1c-9bf8-9352b32de057\">Es handelt sich um ein CNC-System. So kann eine pr\u00e4zise Schnittl\u00e4nge eingestellt werden. Stellen Sie die L\u00e4nge sogar mit einem Dezimalpunkt ein. Seine Vorteile: intelligent, pr\u00e4zise und kompakt. Wir empfehlen Ihnen dringend, sich f\u00fcr diesen Schneider zu entscheiden.<\/p>    <figure class=\"wp-block-gallery has-nested-images columns-default is-cropped wp-block-gallery-5 is-layout-flex wp-block-gallery-is-layout-flex\"> <figure class=\"wp-block-image size-large\"><img loading=\"lazy\" decoding=\"async\" width=\"720\" height=\"540\" data-id=\"1585\" src=\"https:\/\/charcoalplant.com\/wp-content\/uploads\/2021\/12\/Meter-Cutter-1-1.jpg\" alt=\"Meter-Cutter-1\" class=\"wp-image-1585\" srcset=\"https:\/\/charcoalplant.com\/wp-content\/uploads\/2021\/12\/Meter-Cutter-1-1.jpg 720w, https:\/\/charcoalplant.com\/wp-content\/uploads\/2021\/12\/Meter-Cutter-1-1-300x225.jpg 300w\" sizes=\"auto, (max-width: 720px) 100vw, 720px\" \/><figcaption class=\"wp-element-caption\">Meter-Cutter-1<\/figcaption><\/figure>    <figure class=\"wp-block-image size-full\"><img loading=\"lazy\" decoding=\"async\" width=\"720\" height=\"540\" data-id=\"2387\" src=\"https:\/\/charcoalplant.com\/wp-content\/uploads\/2022\/02\/hexagonal-charcoal.jpg\" alt=\"sechseckige Holzkohle\" class=\"wp-image-2387\"\/><figcaption class=\"wp-element-caption\">sechseckige Holzkohle<\/figcaption><\/figure> <\/figure>    <h3 class=\"wp-block-heading\" id=\"h-cube-charcoal-cutting\">W\u00fcrfelkohleschneiden <\/h3>    <p id=\"block-f4688070-e3ca-4360-8fd1-302aea04ab3e\">Sein Prinzip ist besonders einfach. Das hei\u00dft, auf der Messerwalze sind mehrere Kreismesserk\u00f6pfe montiert. Der Messerkopfabstand kann eingestellt werden. Dieser Cutter eignet sich sehr gut f\u00fcr die Herstellung von Shisha-Kohle. Daher wird es h\u00e4ufig von Kunden aus Indonesien und arabischen L\u00e4ndern gekauft.<\/p>    <figure class=\"wp-block-gallery has-nested-images columns-default is-cropped wp-block-gallery-6 is-layout-flex wp-block-gallery-is-layout-flex\"> <figure class=\"wp-block-image size-large\"><img loading=\"lazy\" decoding=\"async\" width=\"720\" height=\"540\" data-id=\"1588\" src=\"https:\/\/charcoalplant.com\/wp-content\/uploads\/2021\/12\/Hob-2-1.jpg\" alt=\"Kochfeld\" class=\"wp-image-1588\" srcset=\"https:\/\/charcoalplant.com\/wp-content\/uploads\/2021\/12\/Hob-2-1.jpg 720w, https:\/\/charcoalplant.com\/wp-content\/uploads\/2021\/12\/Hob-2-1-300x225.jpg 300w\" sizes=\"auto, (max-width: 720px) 100vw, 720px\" \/><figcaption class=\"wp-element-caption\">Kochfeld<\/figcaption><\/figure>    <figure class=\"wp-block-image size-full\"><img loading=\"lazy\" decoding=\"async\" width=\"720\" height=\"540\" data-id=\"2388\" src=\"https:\/\/charcoalplant.com\/wp-content\/uploads\/2021\/12\/shisha-charcoal-2.jpg\" alt=\"\" class=\"wp-image-2388\"\/><figcaption class=\"wp-element-caption\">2,5cm-Shisha-Kohle<\/figcaption><\/figure> <\/figure>    <h2 class=\"wp-block-heading\" id=\"h-technical-parameters-of-coal-press-machine\">Technische Parameter der Kohlepressmaschine<\/h2>    <p>Wir k\u00f6nnen F\u00f6rderb\u00e4nder f\u00fcr Kunden konfigurieren. Und die L\u00e4nge und Breite des F\u00f6rderbandes k\u00f6nnen je nach Kundenwunsch individuell angepasst werden.<\/p>    <figure class=\"wp-block-table is-style-stripes\"><table><tbody><tr><td>    <strong>Modell<\/strong><\/td><td>       <strong>L\u00e4nge*Breite*H\u00f6he (mm)<\/strong><\/td><td>      <strong>Gewicht\u00a0(kg)<\/strong><\/td><td>    <strong>Motor (kW)<\/strong><\/td><td>   <strong>Leistung (t\/h)<\/strong><\/td><\/tr><tr><td>    SL-CB 140<\/td><td>             1950*1260*1080<\/td><td>           650<\/td><td>         11<\/td><td>        1-2<\/td><\/tr><tr><td>    SL-CB 160<\/td><td>             2150*1260*1080<\/td><td>           720<\/td><td>         15<\/td><td>        1-2<\/td><\/tr><tr><td>    SL-CB 180<\/td><td>             2320*1600*1150<\/td><td>          1260<\/td><td>         22<\/td><td>        2-4<\/td><\/tr><\/tbody><\/table><\/figure>    <h2 class=\"wp-block-heading\" id=\"video-of-charcoal-powder-briquette-production-line\">Video der Produktionslinie f\u00fcr Holzkohlepulverbriketts <\/h2>    <figure class=\"wp-block-embed is-type-video is-provider-youtube wp-block-embed-youtube wp-embed-aspect-16-9 wp-has-aspect-ratio\"><div class=\"wp-block-embed__wrapper\"> <iframe loading=\"lazy\" title=\"Grillkohlemaschine | Shisha-Kohle-Produktionsausr\u00fcstung#shishacoal#Hookahcharcoal#coalbriket\" width=\"500\" height=\"281\" src=\"https:\/\/www.youtube.com\/embed\/_8wvJPuahH8?feature=oembed\" frameborder=\"0\" allow=\"accelerometer; autoplay; clipboard-write; encrypted-media; gyroscope; picture-in-picture; web-share\" referrerpolicy=\"strict-origin-when-cross-origin\" allowfullscreen><\/iframe> <\/div><\/figure>    <h2 class=\"wp-block-heading\" id=\"h-charcoal-briquette-machine-for-sale\">Holzkohlebrikettmaschine\u00a0zu verkaufen<\/h2>    <p class=\"translation-block\">Unser Unternehmen ist Hersteller von Kohlepressemaschinen. Wir produzieren verschiedene Typen von Kohlepressemaschinen. Die Merkmale unserer Charcoal Powder Briquette Maschine sind einfache Bedienung, lange Lebensdauer und Multifunktion. Wir bieten Kunden eine Vielzahl von Produktionsformen. Dar\u00fcber hinaus verkaufen wir auch Zerkleinerungs-Kohle-Mischer, <strong><a href=\"https:\/\/charcoalplant.com\/de\/charcoal-briquetting-machine\/honeycomb-coal-press-machine\/\">Waben-Kohlemaschinen<\/a>,<\/strong> usw. Kontaktieren Sie uns also jetzt, um Ihr Gesch\u00e4ft zu beginnen. Wir helfen Ihnen gerne.<\/p>    <figure class=\"wp-block-image aligncenter size-full\"><img loading=\"lazy\" decoding=\"async\" width=\"720\" height=\"540\" src=\"https:\/\/charcoalplant.com\/wp-content\/uploads\/2021\/12\/charcoal-briquetting-machine-display-1.jpg\" alt=\"Anzeige der Holzkohlebrikettiermaschine\" class=\"wp-image-1579\" srcset=\"https:\/\/charcoalplant.com\/wp-content\/uploads\/2021\/12\/charcoal-briquetting-machine-display-1.jpg 720w, https:\/\/charcoalplant.com\/wp-content\/uploads\/2021\/12\/charcoal-briquetting-machine-display-1-300x225.jpg 300w\" sizes=\"auto, (max-width: 720px) 100vw, 720px\" \/><figcaption class=\"wp-element-caption\">Anzeige der Holzkohlebrikettiermaschine<\/figcaption><\/figure>    <h2 class=\"wp-block-heading\" id=\"charcoal-powder-briquette-machine-for-bbq-coal\">Holzkohlepulver-Brikettmaschine f\u00fcr Grillkohle<\/h2>    <p class=\"translation-block\">Die Brikettiermaschine aus Kohleextruder kann Barbecue-Kohle herstellen. Aber der Block aus Kohle, den sie gerade hergestellt hat, kann nicht direkt verwendet werden. Er muss nat\u00fcrlich oder in einem<strong> <a href=\"https:\/\/charcohttps:\/\/charcoalplant.com\/charcoal-briquette-dryer\/alplant.com\/rice-husk-dryer\/\">Trockner<\/a><\/strong> getrocknet werden. Die getrockneten Kohlebrikette werden in der Regel von einer <strong><a href=\"https:\/\/charcoalplant.com\/de\/briquettes-packing-machine\/\">Kohlebrikettierverpackungsmaschine<\/a><\/strong> verkauft. Tats\u00e4chlich ist diese Maschine auch sehr gut geeignet, um Hookah-Kohle herzustellen, was kosteng\u00fcnstiger ist.<\/p>    <figure class=\"wp-block-image aligncenter size-full\"><img loading=\"lazy\" decoding=\"async\" width=\"720\" height=\"540\" src=\"https:\/\/charcoalplant.com\/wp-content\/uploads\/2022\/02\/charcoal-briquettes-.jpg\" alt=\"Holzkohlebriketts\" class=\"wp-image-2386\"\/><figcaption class=\"wp-element-caption\">Holzkohlebriketts<\/figcaption><\/figure>","protected":false},"excerpt":{"rendered":"<p>Eine Holzkohlepulver-Brikettiermaschine ist eine Art Ausr\u00fcstung, die Kohlenstoffpulver als Rohstoff zur Herstellung von Kohlenstoffbl\u00f6cken verwendet.<\/p>","protected":false},"author":1,"featured_media":1197,"parent":0,"template":"","tags":[59],"product-type":[44],"class_list":["post-1178","product","type-product","status-publish","has-post-thumbnail","hentry","tag-charcoal-briquetting-machine","product-type-charcoal-briquetting-machine"],"_links":{"self":[{"href":"https:\/\/charcoalplant.com\/de\/wp-json\/wp\/v2\/product\/1178","targetHints":{"allow":["GET"]}}],"collection":[{"href":"https:\/\/charcoalplant.com\/de\/wp-json\/wp\/v2\/product"}],"about":[{"href":"https:\/\/charcoalplant.com\/de\/wp-json\/wp\/v2\/types\/product"}],"author":[{"embeddable":true,"href":"https:\/\/charcoalplant.com\/de\/wp-json\/wp\/v2\/users\/1"}],"wp:featuredmedia":[{"embeddable":true,"href":"https:\/\/charcoalplant.com\/de\/wp-json\/wp\/v2\/media\/1197"}],"wp:attachment":[{"href":"https:\/\/charcoalplant.com\/de\/wp-json\/wp\/v2\/media?parent=1178"}],"wp:term":[{"taxonomy":"post_tag","embeddable":true,"href":"https:\/\/charcoalplant.com\/de\/wp-json\/wp\/v2\/tags?post=1178"},{"taxonomy":"product-type","embeddable":true,"href":"https:\/\/charcoalplant.com\/de\/wp-json\/wp\/v2\/product-type?post=1178"}],"curies":[{"name":"wp","href":"https:\/\/api.w.org\/{rel}","templated":true}]}}