{"id":1213,"date":"2021-12-08T09:41:52","date_gmt":"2021-12-08T09:41:52","guid":{"rendered":"https:\/\/charcoalplant.com\/?p=1213"},"modified":"2023-01-10T10:10:36","modified_gmt":"2023-01-10T02:10:36","slug":"honeycomb-coal-press-machine","status":"publish","type":"product","link":"https:\/\/charcoalplant.com\/de\/product\/honeycomb-coal-press-machine\/","title":{"rendered":"Wabenkohlepressmaschine | Kohlebrikettiermaschine"},"content":{"rendered":"<div class=\"kk-star-ratings kksr-auto kksr-align-left kksr-valign-top\"     data-payload='{&quot;align&quot;:&quot;left&quot;,&quot;id&quot;:&quot;1213&quot;,&quot;slug&quot;:&quot;default&quot;,&quot;valign&quot;:&quot;top&quot;,&quot;ignore&quot;:&quot;&quot;,&quot;reference&quot;:&quot;auto&quot;,&quot;class&quot;:&quot;&quot;,&quot;count&quot;:&quot;18&quot;,&quot;legendonly&quot;:&quot;&quot;,&quot;readonly&quot;:&quot;&quot;,&quot;score&quot;:&quot;4.8&quot;,&quot;starsonly&quot;:&quot;&quot;,&quot;best&quot;:&quot;5&quot;,&quot;gap&quot;:&quot;5&quot;,&quot;greet&quot;:&quot;Rate this product&quot;,&quot;legend&quot;:&quot;4.8\\\/5 - (18 votes)&quot;,&quot;size&quot;:&quot;24&quot;,&quot;title&quot;:&quot;Honeycomb Coal Press Machine | Coal Briquette Machine&quot;,&quot;width&quot;:&quot;136.7&quot;,&quot;_legend&quot;:&quot;{score}\\\/{best} - ({count} {votes})&quot;,&quot;font_factor&quot;:&quot;1.25&quot;}'>              <div class=\"kksr-stars\">      <div class=\"kksr-stars-inactive\">             <div class=\"kksr-star\" data-star=\"1\" style=\"padding-right: 5px\">               <div class=\"kksr-icon\" style=\"width: 24px; height: 24px;\"><\/div>         <\/div>             <div class=\"kksr-star\" data-star=\"2\" style=\"padding-right: 5px\">               <div class=\"kksr-icon\" style=\"width: 24px; height: 24px;\"><\/div>         <\/div>             <div class=\"kksr-star\" data-star=\"3\" style=\"padding-right: 5px\">               <div class=\"kksr-icon\" style=\"width: 24px; height: 24px;\"><\/div>         <\/div>             <div class=\"kksr-star\" data-star=\"4\" style=\"padding-right: 5px\">               <div class=\"kksr-icon\" style=\"width: 24px; height: 24px;\"><\/div>         <\/div>             <div class=\"kksr-star\" data-star=\"5\" style=\"padding-right: 5px\">               <div class=\"kksr-icon\" style=\"width: 24px; height: 24px;\"><\/div>         <\/div>     <\/div>      <div class=\"kksr-stars-active\" style=\"width: 136.7px;\">             <div class=\"kksr-star\" style=\"padding-right: 5px\">               <div class=\"kksr-icon\" style=\"width: 24px; height: 24px;\"><\/div>         <\/div>             <div class=\"kksr-star\" style=\"padding-right: 5px\">               <div class=\"kksr-icon\" style=\"width: 24px; height: 24px;\"><\/div>         <\/div>             <div class=\"kksr-star\" style=\"padding-right: 5px\">               <div class=\"kksr-icon\" style=\"width: 24px; height: 24px;\"><\/div>         <\/div>             <div class=\"kksr-star\" style=\"padding-right: 5px\">               <div class=\"kksr-icon\" style=\"width: 24px; height: 24px;\"><\/div>         <\/div>             <div class=\"kksr-star\" style=\"padding-right: 5px\">               <div class=\"kksr-icon\" style=\"width: 24px; height: 24px;\"><\/div>         <\/div>     <\/div> <\/div>                   <div class=\"kksr-legend\" style=\"font-size: 19.2px;\">             4,8\/5 - (18 Stimmen)    <\/div>     <\/div>  <p class=\"translation-block\"><strong>Die Honigwaben-Kohlepresse <\/strong>ist die Spezialausr\u00fcstung zur Herstellung von hochdichten, por\u00f6sen, zylindrischen Briketts. Diese Honigwaben-Brikettiermaschine kann auch hohle Kohlenst\u00e4be und <strong><a href=\"https:\/\/charcoalplant.com\/de\/charcoal-briquette-machine\/\">Kohlenst\u00e4be<\/a><\/strong> herstellen. Die Rohmaterialien, die sie verwendet, sind haupts\u00e4chlich Kohlenpulver und Kohlenstoffpulver. Andere Materialien wie <strong><a href=\"https:\/\/charcoalplant.com\/de\/info\/can-these-briquetting-machines-make-alfalfa-molar-sticks\/\">Alfalfa<\/a><\/strong> und Timothy-Gras. Dar\u00fcber hinaus ist die Kohlebrikettiermaschine einfach zu bedienen, leistungsstark und wartungsfreundlich. Daher wird sie von der Mehrheit der Kunden bevorzugt. Kontaktieren Sie uns jetzt, um Gesch\u00e4ftsbeziehungen aufzubauen. Wir bieten Ihnen g\u00fcnstigere Preise.<\/p>    <h2 class=\"wp-block-heading\" id=\"working-principle-of-honeycomb-coal-forming-machine\">Funktionsprinzip der Wabenkohlepressmaschine<\/h2>    <p class=\"translation-block\">Die Honigwaben-Kohlepresse ist eigentlich die einfachste Kohleherstellungsmaschine mit einfacher Bedienung. Und ihre Silokapazit\u00e4t ist gro\u00df. Daher ziehen es einige Hersteller von Grillkohle vor, eine Honigwaben-Brikettiermaschine f\u00fcr die <strong><a href=\"https:\/\/charcoalplant.com\/de\/coal-briquettes-production-line\/\">Kohlebrikettproduktion<\/a><\/strong> zu kaufen. Sie wird von einem Elektromotor oder einem Dieselmotor angetrieben. Dann f\u00e4llt das Kohlenstoffpulver oder Kohlepulver durch den Einf\u00fcllschacht auf die Formplatte und stanzt die Briketts durch die Matrize.<\/p>    <figure class=\"wp-block-image aligncenter size-full\"><img loading=\"lazy\" decoding=\"async\" width=\"720\" height=\"540\" src=\"https:\/\/charcoalplant.com\/wp-content\/uploads\/2022\/01\/140-Model.jpg\" alt=\"Waben-Kohlepressmaschine Modell 140\" class=\"wp-image-1839\" srcset=\"https:\/\/charcoalplant.com\/wp-content\/uploads\/2022\/01\/140-Model.jpg 720w, https:\/\/charcoalplant.com\/wp-content\/uploads\/2022\/01\/140-Model-300x225.jpg 300w\" sizes=\"auto, (max-width: 720px) 100vw, 720px\" \/><figcaption class=\"wp-element-caption\">Waben-Kohlepressmaschine Modell 140<\/figcaption><\/figure>    <h2 class=\"wp-block-heading\" id=\"h-structure-of-honeycomb-coal-press-machine\">Struktur der Waben-Kohlepressmaschine<\/h2>    <p>Die Struktur der Wabenbrikettiermaschine umfasst haupts\u00e4chlich eine Zufuhr\u00f6ffnung, eine Stanznadel, einen Schaber, eine Form und ein F\u00f6rderband. Im Folgenden werde ich die Funktionen und Vorteile der Zuf\u00fchr\u00f6ffnung, der Stanznadel und des Schabers im Detail vorstellen.<\/p>    <div class=\"wp-block-columns has-background is-layout-flex wp-container-core-columns-is-layout-28f84493 wp-block-columns-is-layout-flex\" style=\"background-color:#f1f1f1\"> <div class=\"wp-block-column is-vertically-aligned-center is-layout-flow wp-block-column-is-layout-flow\" style=\"flex-basis:33.33%\"> <p class=\"translation-block\"><strong>Einlass<\/strong><\/p>    <p>Der Einf\u00fclltrichter der Wabenbrikettiermaschine ist mit einem drehbaren R\u00fchrstab ausgestattet. Seine Funktion besteht darin, zu verhindern, dass lose Rohstoffe die Zufuhr\u00f6ffnung blockieren und eine gleichm\u00e4\u00dfige Zufuhr gew\u00e4hrleisten.<\/p> <\/div>    <div class=\"wp-block-column is-layout-flow wp-block-column-is-layout-flow\" style=\"flex-basis:66.66%\"> <figure class=\"wp-block-gallery has-nested-images columns-default is-cropped wp-block-gallery-2 is-layout-flex wp-block-gallery-is-layout-flex\"> <figure class=\"wp-block-image size-large\"><img loading=\"lazy\" decoding=\"async\" width=\"720\" height=\"540\" data-id=\"2415\" src=\"https:\/\/charcoalplant.com\/wp-content\/uploads\/2022\/02\/inlet.jpg\" alt=\"\" class=\"wp-image-2415\"\/><\/figure> <\/figure> <\/div> <\/div>    <div class=\"wp-block-columns has-background is-layout-flex wp-container-core-columns-is-layout-28f84493 wp-block-columns-is-layout-flex\" style=\"background-color:#f1f1f1\"> <div class=\"wp-block-column is-layout-flow wp-block-column-is-layout-flow\" style=\"flex-basis:66.66%\"> <figure class=\"wp-block-gallery has-nested-images columns-default is-cropped wp-block-gallery-3 is-layout-flex wp-block-gallery-is-layout-flex\"> <figure class=\"wp-block-image size-large\"><img loading=\"lazy\" decoding=\"async\" width=\"720\" height=\"540\" data-id=\"2416\" src=\"https:\/\/charcoalplant.com\/wp-content\/uploads\/2022\/02\/punching-needle.jpg\" alt=\"\" class=\"wp-image-2416\"\/><\/figure> <\/figure> <\/div>    <div class=\"wp-block-column is-vertically-aligned-center is-layout-flow wp-block-column-is-layout-flow\" style=\"flex-basis:33.33%\"> <p class=\"translation-block\"><strong>Stanznadel<\/strong><\/p>    <p>Durch das Herabfallen der Kohleformplatte wird der Kohlenstaub vorgepresst. Anschlie\u00dfend wird mit einem Stempel ein hoher Druck auf den Kohlenstaub ausge\u00fcbt. Tats\u00e4chlich wurden die geformten Briketts zweimal gepresst. Daher sind Dichte und H\u00e4rte des fertigen Produkts bereits optimal.<\/p> <\/div> <\/div>    <div class=\"wp-block-columns has-background is-layout-flex wp-container-core-columns-is-layout-28f84493 wp-block-columns-is-layout-flex\" style=\"background-color:#f1f1f1\"> <div class=\"wp-block-column is-vertically-aligned-center is-layout-flow wp-block-column-is-layout-flow\" style=\"flex-basis:33.33%\"> <p class=\"translation-block\"><strong>Schaber<\/strong><\/p>    <p><br>Es wird verwendet, um das verstreute Kohlenstoffpulver w\u00e4hrend des Produktionsprozesses zu entfernen. Der Kipphebel kann seine Arbeit automatisch steuern, ohne dass eine manuelle Bet\u00e4tigung erforderlich ist.<\/p> <\/div>    <div class=\"wp-block-column is-layout-flow wp-block-column-is-layout-flow\" style=\"flex-basis:66.66%\"> <figure class=\"wp-block-gallery has-nested-images columns-default is-cropped wp-block-gallery-4 is-layout-flex wp-block-gallery-is-layout-flex\"> <figure class=\"wp-block-image size-large\"><img loading=\"lazy\" decoding=\"async\" width=\"720\" height=\"540\" data-id=\"2417\" src=\"https:\/\/charcoalplant.com\/wp-content\/uploads\/2022\/02\/Scraper.jpg\" alt=\"\" class=\"wp-image-2417\"\/><\/figure> <\/figure> <\/div> <\/div>    <h2 class=\"wp-block-heading\" id=\"h-video-of-coal-briquette-press-machine\">Video der Maschine zur Herstellung von Wabenbriketts<\/h2>    <figure class=\"wp-block-embed is-type-video is-provider-youtube wp-block-embed-youtube wp-embed-aspect-16-9 wp-has-aspect-ratio\"><div class=\"wp-block-embed__wrapper\"> <iframe loading=\"lazy\" title=\"Multifunktionale Brikettiermaschine | Kohlepresse zum Wachspressen#Fuel#Maker#CHARCOAL#Burn#Brikettieren\" width=\"500\" height=\"281\" src=\"https:\/\/www.youtube.com\/embed\/fHD89N58CCw?start=4&#038;feature=oembed\" frameborder=\"0\" allow=\"accelerometer; autoplay; clipboard-write; encrypted-media; gyroscope; picture-in-picture; web-share\" referrerpolicy=\"strict-origin-when-cross-origin\" allowfullscreen><\/iframe> <\/div><\/figure>    <h2 class=\"wp-block-heading\" id=\"specification-of-coal-briquettes-machine\">Spezifikation der Kohlebrikettiermaschine<\/h2>    <p>Im Folgenden sind die Motor- und Formparameter f\u00fcr mehrere g\u00e4ngige Kohlepressen aufgef\u00fchrt. Unsere Fabrik kann Formenanpassungsdienste anbieten. Sie m\u00fcssen sich also keine Sorgen \u00fcber Schimmelprobleme machen. Dar\u00fcber hinaus ist die Wabenkohlepressmaschine mit einem 2 Meter langen F\u00f6rderband ausgestattet. Seine L\u00e4nge ist je nach Kundenwunsch anpassbar.<\/p>    <figure class=\"wp-block-table is-style-stripes\"><table><tbody><tr><td><strong>Modell<\/strong><\/td><td><strong>Leistung<\/strong><\/td><td><strong>Maximaler Durchmesser der Holzkohle<\/strong><\/td><\/tr><tr><td><strong>SL-HC120<\/strong><\/td><td>5,5 kW<\/td><td>120mm<\/td><\/tr><tr><td><strong>SL-HC140<\/strong><\/td><td>7,5 kW<\/td><td>140mm<\/td><\/tr><tr><td><strong>SL-HC160<\/strong><\/td><td>11 kW<\/td><td>160mm<\/td><\/tr><tr><td><strong>SL-HC220<\/strong><\/td><td>11 kW<\/td><td>220mm<\/td><\/tr><\/tbody><\/table><\/figure>    <figure class=\"wp-block-image aligncenter size-full\"><img loading=\"lazy\" decoding=\"async\" width=\"720\" height=\"540\" src=\"https:\/\/charcoalplant.com\/wp-content\/uploads\/2022\/02\/coal-press-machine-store-1-1.jpg\" alt=\"Kohlepressmaschinenladen\" class=\"wp-image-2424\"\/><figcaption class=\"wp-element-caption\">Kohlepressmaschinenladen<\/figcaption><\/figure>    <h2 class=\"wp-block-heading\" id=\"h-mould-of-diesel-coal-briquette-machine\">Form einer Dieselkohlebrikettmaschine<\/h2>    <p>Unter normalen Umst\u00e4nden betr\u00e4gt die maximale H\u00f6he der Briketts, die diese Kohlenstaubpressmaschine herstellen kann, 13 cm. Die \u00fcbliche H\u00f6he betr\u00e4gt 8\u201310 cm. Es ist auch m\u00f6glich, durch Wechseln der Form unterschiedliche Presslingsformen herzustellen. Die beliebtesten Formen sind sechseckige, runde, quadratische, wabenf\u00f6rmige usw.<\/p>    <figure class=\"wp-block-gallery has-nested-images columns-3 is-cropped wp-block-gallery-5 is-layout-flex wp-block-gallery-is-layout-flex\"> <figure class=\"wp-block-image size-large\"><img loading=\"lazy\" decoding=\"async\" width=\"720\" height=\"540\" data-id=\"2419\" src=\"https:\/\/charcoalplant.com\/wp-content\/uploads\/2022\/02\/briquettes-mould.jpg\" alt=\"Brikettform\" class=\"wp-image-2419\"\/><figcaption class=\"wp-element-caption\">Brikettform<\/figcaption><\/figure>    <figure class=\"wp-block-image size-large\"><img loading=\"lazy\" decoding=\"async\" width=\"720\" height=\"540\" data-id=\"1342\" src=\"https:\/\/charcoalplant.com\/wp-content\/uploads\/2021\/12\/Various-types-of-briquettes-1.jpg\" alt=\"Verschiedene Arten von Briketts\" class=\"wp-image-1342\" srcset=\"https:\/\/charcoalplant.com\/wp-content\/uploads\/2021\/12\/Various-types-of-briquettes-1.jpg 720w, https:\/\/charcoalplant.com\/wp-content\/uploads\/2021\/12\/Various-types-of-briquettes-1-300x225.jpg 300w\" sizes=\"auto, (max-width: 720px) 100vw, 720px\" \/><figcaption class=\"wp-element-caption\">Verschiedene Arten von Briketts<\/figcaption><\/figure>    <figure class=\"wp-block-image size-large\"><img loading=\"lazy\" decoding=\"async\" width=\"720\" height=\"540\" data-id=\"1225\" src=\"https:\/\/charcoalplant.com\/wp-content\/uploads\/2021\/12\/\u6210\u54c12-1-1.jpg\" alt=\"Kohlebriketts in verschiedenen Gr\u00f6\u00dfen\" class=\"wp-image-1225\" srcset=\"https:\/\/charcoalplant.com\/wp-content\/uploads\/2021\/12\/\u6210\u54c12-1-1.jpg 720w, https:\/\/charcoalplant.com\/wp-content\/uploads\/2021\/12\/\u6210\u54c12-1-1-300x225.jpg 300w\" sizes=\"auto, (max-width: 720px) 100vw, 720px\" \/><figcaption class=\"wp-element-caption\">Kohlebriketts in verschiedenen Gr\u00f6\u00dfen<\/figcaption><\/figure>    <figure class=\"wp-block-image size-large\"><img loading=\"lazy\" decoding=\"async\" width=\"720\" height=\"540\" data-id=\"2418\" src=\"https:\/\/charcoalplant.com\/wp-content\/uploads\/2022\/02\/mould-1.jpg\" alt=\"Form-1\" class=\"wp-image-2418\"\/><figcaption class=\"wp-element-caption\">Form-1<\/figcaption><\/figure>    <figure class=\"wp-block-image size-large\"><img loading=\"lazy\" decoding=\"async\" width=\"720\" height=\"540\" data-id=\"1340\" src=\"https:\/\/charcoalplant.com\/wp-content\/uploads\/2021\/12\/briket-molds-1.jpg\" alt=\"Briket-Formen\" class=\"wp-image-1340\" srcset=\"https:\/\/charcoalplant.com\/wp-content\/uploads\/2021\/12\/briket-molds-1.jpg 720w, https:\/\/charcoalplant.com\/wp-content\/uploads\/2021\/12\/briket-molds-1-300x225.jpg 300w\" sizes=\"auto, (max-width: 720px) 100vw, 720px\" \/><figcaption class=\"wp-element-caption\">Briket-Formen<\/figcaption><\/figure>    <figure class=\"wp-block-image size-large\"><img loading=\"lazy\" decoding=\"async\" width=\"720\" height=\"540\" data-id=\"1345\" src=\"https:\/\/charcoalplant.com\/wp-content\/uploads\/2021\/12\/Hexagonal-briquette-1.jpg\" alt=\"Sechseckiges Brikett\" class=\"wp-image-1345\" srcset=\"https:\/\/charcoalplant.com\/wp-content\/uploads\/2021\/12\/Hexagonal-briquette-1.jpg 720w, https:\/\/charcoalplant.com\/wp-content\/uploads\/2021\/12\/Hexagonal-briquette-1-300x225.jpg 300w\" sizes=\"auto, (max-width: 720px) 100vw, 720px\" \/><figcaption class=\"wp-element-caption\">Sechseckiges Brikett<\/figcaption><\/figure> <\/figure>    <h2 class=\"wp-block-heading\" id=\"h-features-of-honeycomb-coal-press-machine\">Merkmale der Honeycomb-Kohlepressmaschine<\/h2>    <ul class=\"wp-block-list\"> <li>Einfache Struktur und komfortable Bedienung.<\/li>    <li>Kein Zubeh\u00f6r, lange Lebensdauer.<\/li>    <li>Durch die Vorkomprimierung weist das Endprodukt eine hohe Dichte auf.<\/li>    <li>Unsere Fabrik bietet ma\u00dfgeschneiderten Service f\u00fcr Wabenkohlebrikettpressen. Zum Beispiel die Form, die Gr\u00f6\u00dfe der Einlass\u00f6ffnung, die Gr\u00f6\u00dfe der Auslass\u00f6ffnung usw.<\/li>    <li>Es gibt zwei Leistungsmodi: Motor und Diesel.<\/li> <\/ul>    <figure class=\"wp-block-image aligncenter size-full\"><img loading=\"lazy\" decoding=\"async\" width=\"720\" height=\"540\" src=\"https:\/\/charcoalplant.com\/wp-content\/uploads\/2021\/12\/140-1-1.jpg\" alt=\"140 Kohleextrudermaschine\" class=\"wp-image-1222\" srcset=\"https:\/\/charcoalplant.com\/wp-content\/uploads\/2021\/12\/140-1-1.jpg 720w, https:\/\/charcoalplant.com\/wp-content\/uploads\/2021\/12\/140-1-1-300x225.jpg 300w\" sizes=\"auto, (max-width: 720px) 100vw, 720px\" \/><figcaption class=\"wp-element-caption\">140 Kohleextrudermaschine<\/figcaption><\/figure>    <h2 class=\"wp-block-heading\" id=\"h-diesel-coal-briquetting-machine-for-sale\">Maschine zur Herstellung von Dieselkohlebriketts zu verkaufen<\/h2>    <p class=\"translation-block\">Zhengzhou Shuliy Machinery Equipment Manufacturer ist ein bekanntes Anbieter von Holzkohleherstellungsmaschinen in China. Wir bieten elektrische Brikettiermaschinen und Dieselbrikettiermaschinen zum Verkauf an. Dar\u00fcber hinaus haben wir jetzt eine Doppelf\u00fctterungs-Brikettiermaschine entwickelt. Sie kann Briketts oder Kohlekl\u00f6tze mit einer H\u00f6he von 13 cm produzieren. Wir verkaufen auch verwandte Ausr\u00fcstungen wie <strong><a href=\"https:\/\/charcoalplant.com\/de\/drying-machine\/charcoal-briquette-dryer\/\">Kohlenstoffpulver-Presse Trocknungsmaschinen<\/a> <\/strong>und<strong> <a href=\"https:\/\/charcoalplant.com\/de\/briquettes-packing-machine\/charcoal-briquettes-packing-machine\/\">Wabenkohlepakteure<\/a><\/strong>. Bitte z\u00f6gern Sie nicht, uns bei Bedarf zu kontaktieren. Wir werden Ihnen die neuesten Ausr\u00fcstungen und technischen Parameter bereitstellen.<\/p>    <figure class=\"wp-block-gallery has-nested-images columns-default is-cropped wp-block-gallery-6 is-layout-flex wp-block-gallery-is-layout-flex\"> <figure class=\"wp-block-image size-full\"><img loading=\"lazy\" decoding=\"async\" width=\"400\" height=\"540\" data-id=\"2420\" src=\"https:\/\/charcoalplant.com\/wp-content\/uploads\/2022\/02\/shippment-.jpg\" alt=\"\" class=\"wp-image-2420\"\/><figcaption class=\"wp-element-caption\">6cm Kohlescheibchen<\/figcaption><\/figure>    <figure class=\"wp-block-image size-full\"><img loading=\"lazy\" decoding=\"async\" width=\"400\" height=\"540\" data-id=\"2421\" src=\"https:\/\/charcoalplant.com\/wp-content\/uploads\/2022\/02\/Honeycomb-coal-forming-machine.jpg\" alt=\"\" class=\"wp-image-2421\"\/><figcaption class=\"wp-element-caption\">Kohlebriketts in verschiedenen Gr\u00f6\u00dfen<\/figcaption><\/figure> <\/figure>","protected":false},"excerpt":{"rendered":"<p>Die Wabenkohlepressmaschine ist eine Spezialausr\u00fcstung zur Herstellung von Briketts.  Es wird auch von vielen Kunden bevorzugt.<\/p>","protected":false},"author":1,"featured_media":1351,"parent":0,"template":"","tags":[59],"product-type":[44],"class_list":["post-1213","product","type-product","status-publish","has-post-thumbnail","hentry","tag-charcoal-briquetting-machine","product-type-charcoal-briquetting-machine"],"_links":{"self":[{"href":"https:\/\/charcoalplant.com\/de\/wp-json\/wp\/v2\/product\/1213","targetHints":{"allow":["GET"]}}],"collection":[{"href":"https:\/\/charcoalplant.com\/de\/wp-json\/wp\/v2\/product"}],"about":[{"href":"https:\/\/charcoalplant.com\/de\/wp-json\/wp\/v2\/types\/product"}],"author":[{"embeddable":true,"href":"https:\/\/charcoalplant.com\/de\/wp-json\/wp\/v2\/users\/1"}],"wp:featuredmedia":[{"embeddable":true,"href":"https:\/\/charcoalplant.com\/de\/wp-json\/wp\/v2\/media\/1351"}],"wp:attachment":[{"href":"https:\/\/charcoalplant.com\/de\/wp-json\/wp\/v2\/media?parent=1213"}],"wp:term":[{"taxonomy":"post_tag","embeddable":true,"href":"https:\/\/charcoalplant.com\/de\/wp-json\/wp\/v2\/tags?post=1213"},{"taxonomy":"product-type","embeddable":true,"href":"https:\/\/charcoalplant.com\/de\/wp-json\/wp\/v2\/product-type?post=1213"}],"curies":[{"name":"wp","href":"https:\/\/api.w.org\/{rel}","templated":true}]}}