{"id":1235,"date":"2021-12-10T09:02:55","date_gmt":"2021-12-10T09:02:55","guid":{"rendered":"https:\/\/charcoalplant.com\/?p=1235"},"modified":"2023-01-11T16:34:47","modified_gmt":"2023-01-11T08:34:47","slug":"charcoal-ball-press-machine","status":"publish","type":"product","link":"https:\/\/charcoalplant.com\/de\/product\/charcoal-ball-press-machine\/","title":{"rendered":"Holzkohle-Kugelpressmaschine | Grillkohlemaschine"},"content":{"rendered":"<div class=\"kk-star-ratings kksr-auto kksr-align-left kksr-valign-top\"     data-payload='{&quot;align&quot;:&quot;left&quot;,&quot;id&quot;:&quot;1235&quot;,&quot;slug&quot;:&quot;default&quot;,&quot;valign&quot;:&quot;top&quot;,&quot;ignore&quot;:&quot;&quot;,&quot;reference&quot;:&quot;auto&quot;,&quot;class&quot;:&quot;&quot;,&quot;count&quot;:&quot;12&quot;,&quot;legendonly&quot;:&quot;&quot;,&quot;readonly&quot;:&quot;&quot;,&quot;score&quot;:&quot;4.6&quot;,&quot;starsonly&quot;:&quot;&quot;,&quot;best&quot;:&quot;5&quot;,&quot;gap&quot;:&quot;5&quot;,&quot;greet&quot;:&quot;Rate this product&quot;,&quot;legend&quot;:&quot;4.6\\\/5 - (12 votes)&quot;,&quot;size&quot;:&quot;24&quot;,&quot;title&quot;:&quot;Charcoal Ball Press Machine | BBQ Charcoal Machine&quot;,&quot;width&quot;:&quot;130.9&quot;,&quot;_legend&quot;:&quot;{score}\\\/{best} - ({count} {votes})&quot;,&quot;font_factor&quot;:&quot;1.25&quot;}'>              <div class=\"kksr-stars\">      <div class=\"kksr-stars-inactive\">             <div class=\"kksr-star\" data-star=\"1\" style=\"padding-right: 5px\">               <div class=\"kksr-icon\" style=\"width: 24px; height: 24px;\"><\/div>         <\/div>             <div class=\"kksr-star\" data-star=\"2\" style=\"padding-right: 5px\">               <div class=\"kksr-icon\" style=\"width: 24px; height: 24px;\"><\/div>         <\/div>             <div class=\"kksr-star\" data-star=\"3\" style=\"padding-right: 5px\">               <div class=\"kksr-icon\" style=\"width: 24px; height: 24px;\"><\/div>         <\/div>             <div class=\"kksr-star\" data-star=\"4\" style=\"padding-right: 5px\">               <div class=\"kksr-icon\" style=\"width: 24px; height: 24px;\"><\/div>         <\/div>             <div class=\"kksr-star\" data-star=\"5\" style=\"padding-right: 5px\">               <div class=\"kksr-icon\" style=\"width: 24px; height: 24px;\"><\/div>         <\/div>     <\/div>      <div class=\"kksr-stars-active\" style=\"width: 130.9px;\">             <div class=\"kksr-star\" style=\"padding-right: 5px\">               <div class=\"kksr-icon\" style=\"width: 24px; height: 24px;\"><\/div>         <\/div>             <div class=\"kksr-star\" style=\"padding-right: 5px\">               <div class=\"kksr-icon\" style=\"width: 24px; height: 24px;\"><\/div>         <\/div>             <div class=\"kksr-star\" style=\"padding-right: 5px\">               <div class=\"kksr-icon\" style=\"width: 24px; height: 24px;\"><\/div>         <\/div>             <div class=\"kksr-star\" style=\"padding-right: 5px\">               <div class=\"kksr-icon\" style=\"width: 24px; height: 24px;\"><\/div>         <\/div>             <div class=\"kksr-star\" style=\"padding-right: 5px\">               <div class=\"kksr-icon\" style=\"width: 24px; height: 24px;\"><\/div>         <\/div>     <\/div> <\/div>                   <div class=\"kksr-legend\" style=\"font-size: 19.2px;\">             4,6\/5 - (12 Stimmen)    <\/div>     <\/div>  <p class=\"translation-block\"><strong>Holzkohleballpresse<\/strong> ist ein Werkzeug zur Herstellung von Briketts aus Kohlenstaub oder Biomasse-Holzkohlenstaub. Sie kann Pulverbriketts in verschiedenen Formen herstellen, wie Kissen, Brot, sph\u00e4risch usw. Diese Endprodukte werden in der Metallurgie, in Kraftwerken, in \u00d6fen, in der Heizung, in der Gastronomie und in anderen Industrien weit verbreitet. Daher ist der Markt sehr gro\u00df. Die Leistung der Shuliy <strong><a href=\"https:\/\/charcoalplant.com\/de\/charcoal-briquetting-machine\/charcoal-powder-briquette-machine\/\">Kohlenstaub-Brikettiermaschine<\/a><\/strong> betr\u00e4gt 5-10t pro Stunde. Damit kann sie den Produktionsbedarf von <strong><a href=\"https:\/\/charcoalplant.com\/de\/info\/bbq-coal-production-line-installed-in-romania\/\">verschiedenen gro\u00dfen Fabriken<\/a><\/strong> decken. Willkommen, um den Maschinenpreis zu konsultieren. Und Sie werden einen gro\u00dfen Rabatt erhalten.<\/p>    <figure class=\"wp-block-image aligncenter size-full\"><img loading=\"lazy\" decoding=\"async\" width=\"720\" height=\"540\" src=\"https:\/\/charcoalplant.com\/wp-content\/uploads\/2022\/02\/charcoal-briquette-forming-machine-for-sale.jpg\" alt=\"\" class=\"wp-image-2402\"\/><figcaption class=\"wp-element-caption\">Kohlemaschine<\/figcaption><\/figure>    <h2 class=\"wp-block-heading\" id=\"h-raw-material-of-charcoal-ball-press-machine\"><strong>Roh <\/strong><strong>M<\/strong><strong>Material von <\/strong><strong>C<\/strong><strong>Kohle <\/strong><strong>B<\/strong><strong>alle <\/strong><strong>P<\/strong><strong>ress<\/strong><strong>&nbsp;Maschine<\/strong><strong><\/strong><\/h2>    <p class=\"translation-block\">Charcoal ball press machines werden weithin eingesetzt. Die Rohstoffe k\u00f6nnen Kohlepulver, Eisenpulver, Kohlenstoffpulver, Aluminiumpulver, Gips usw. sein. Zus\u00e4tzlich k\u00f6nnen Abfallmaterialien wie Eisensp\u00e4ne, Schlacke, Tailings, Schl\u00e4mme und Kaolin verwendet werden. Die Feinheit dieser Rohstoffe sollte weniger als 5 mm betragen. Rohstoffe von Charcoal-Powder-Formmaschinen wie Kohlepulver und Holzkohlepulver m\u00fcssen mit einem <strong><a href=\"https:\/\/charcoalplant.com\/de\/grinder-and-mixer\/charcoal-powder-mixer\/\">Binder<\/a><\/strong> vorbehandelt werden. (Einige Rohstoffe ben\u00f6tigen keinen Kleber, bitte Details erfragen).<\/p>    <figure class=\"wp-block-image aligncenter size-full\"><img loading=\"lazy\" decoding=\"async\" width=\"2293\" height=\"414\" src=\"https:\/\/charcoalplant.com\/wp-content\/uploads\/2021\/12\/raw-materials-of-charcoal-ball-press-machine.png\" alt=\"Rohstoffe der Holzkohle-Kugelpressmaschine\" class=\"wp-image-2396\"\/><figcaption class=\"wp-element-caption\">Rohstoffe der Holzkohle-Kugelpressmaschine<\/figcaption><\/figure>    <h2 class=\"wp-block-heading\" id=\"h-sturcture-of-charcoal-ball-briquette-machine\"><strong>Struktur der Holzkohleball-Brikettmaschine<\/strong><\/h2>    <p>Die Maschine zum Formen von Holzkohlebriketts umfasst haupts\u00e4chlich einen Trichter, ein Getriebe, eine Presswalze, ein F\u00f6rderband, einen Motor, einen Geschwindigkeitsregler und andere Strukturen. Zwei der Zahnr\u00e4der treiben zwei Walzenformen an. Da sich die Andruckrollen aufeinander zubewegen, k\u00f6nnen die beiden Halbkugeln eine vollst\u00e4ndige Kugel bilden.<\/p>    <div class=\"wp-block-columns has-background is-layout-flex wp-container-core-columns-is-layout-28f84493 wp-block-columns-is-layout-flex\" style=\"background-color:#f1f1f1\"> <div class=\"wp-block-column is-layout-flow wp-block-column-is-layout-flow\" style=\"flex-basis:66.66%\"> <figure class=\"wp-block-gallery has-nested-images columns-default is-cropped wp-block-gallery-2 is-layout-flex wp-block-gallery-is-layout-flex\"> <figure class=\"wp-block-image size-large\"><img loading=\"lazy\" decoding=\"async\" width=\"720\" height=\"540\" data-id=\"2397\" src=\"https:\/\/charcoalplant.com\/wp-content\/uploads\/2022\/02\/inlet-of-charcoal-ball-press-machine.jpg\" alt=\"\" class=\"wp-image-2397\"\/><\/figure> <\/figure> <\/div>    <div class=\"wp-block-column is-vertically-aligned-center is-layout-flow wp-block-column-is-layout-flow\" style=\"flex-basis:33.33%\"> <p class=\"translation-block\"><strong>Einlass<\/strong><\/p>    <p>Der Zufuhranschluss der Holzkohle-Kugelpresse verf\u00fcgt \u00fcber eine Schneckenzuf\u00fchrvorrichtung. Einerseits kann die Vorschubgeschwindigkeit gesteuert werden, um die Ansammlung von Kohlenstoffpulver oder Kohlepulver zu verhindern. Andererseits ist sichergestellt, dass nasse Materialien kontinuierlich und gleichm\u00e4\u00dfig den Walzen der Umformmaschine zugef\u00fchrt werden k\u00f6nnen.<\/p> <\/div> <\/div>    <div class=\"wp-block-columns has-background is-layout-flex wp-container-core-columns-is-layout-28f84493 wp-block-columns-is-layout-flex\" style=\"background-color:#f1f1f1\"> <div class=\"wp-block-column is-vertically-aligned-center is-layout-flow wp-block-column-is-layout-flow\" style=\"flex-basis:33.33%\"> <p class=\"translation-block\"><strong>Druckrolle<\/strong><\/p>    <p>Walzenh\u00e4ute k\u00f6nnen in verschiedenen Ausf\u00fchrungen gestaltet werden, um Holzkohlebriketts in verschiedenen Formen herzustellen. Durch das kraftvolle mechanische Zusammendr\u00fccken der Walzen wird das Material schnell zu einem kugelf\u00f6rmigen Kohlenstoffblock geformt.<\/p> <\/div>    <div class=\"wp-block-column is-layout-flow wp-block-column-is-layout-flow\" style=\"flex-basis:66.66%\"> <figure class=\"wp-block-gallery has-nested-images columns-default is-cropped wp-block-gallery-3 is-layout-flex wp-block-gallery-is-layout-flex\"> <figure class=\"wp-block-image size-large\"><img loading=\"lazy\" decoding=\"async\" width=\"720\" height=\"540\" data-id=\"2398\" src=\"https:\/\/charcoalplant.com\/wp-content\/uploads\/2022\/02\/pressure-roller.jpg\" alt=\"\" class=\"wp-image-2398\"\/><\/figure> <\/figure> <\/div> <\/div>    <div class=\"wp-block-columns has-background is-layout-flex wp-container-core-columns-is-layout-28f84493 wp-block-columns-is-layout-flex\" style=\"background-color:#f1f1f1\"> <div class=\"wp-block-column is-layout-flow wp-block-column-is-layout-flow\" style=\"flex-basis:66.66%\"> <figure class=\"wp-block-gallery has-nested-images columns-default is-cropped wp-block-gallery-4 is-layout-flex wp-block-gallery-is-layout-flex\"> <figure class=\"wp-block-image size-large\"><img loading=\"lazy\" decoding=\"async\" width=\"720\" height=\"540\" data-id=\"2400\" src=\"https:\/\/charcoalplant.com\/wp-content\/uploads\/2022\/02\/outlet.jpg\" alt=\"\" class=\"wp-image-2400\"\/><\/figure> <\/figure> <\/div>    <div class=\"wp-block-column is-vertically-aligned-center is-layout-flow wp-block-column-is-layout-flow\" style=\"flex-basis:33.33%\"> <p class=\"translation-block\"><strong>Austritt<\/strong><\/p>    <p>Das fertige Produkt f\u00e4llt auf das F\u00f6rderband und wird aus der Austrags\u00f6ffnung bef\u00f6rdert. Und am Auslass der Kohlenstaubbrikettiermaschine befindet sich ein Eisensieb. Es kann Reste und Fertigprodukte trennen. Die gesiebten Reste werden gesammelt und verwendet.<\/p> <\/div> <\/div>    <figure class=\"wp-block-gallery has-nested-images columns-default is-cropped wp-block-gallery-5 is-layout-flex wp-block-gallery-is-layout-flex\"> <figure class=\"wp-block-image size-large\"><img loading=\"lazy\" decoding=\"async\" width=\"720\" height=\"540\" data-id=\"1936\" src=\"https:\/\/charcoalplant.com\/wp-content\/uploads\/2021\/12\/Customers-production-site-2.jpg\" alt=\"Kunden-Produktionsstandort\" class=\"wp-image-1936\"\/><figcaption class=\"wp-element-caption\">Kunden-Produktionsstandort<\/figcaption><\/figure>    <figure class=\"wp-block-image size-large\"><img loading=\"lazy\" decoding=\"async\" width=\"720\" height=\"540\" data-id=\"1944\" src=\"https:\/\/charcoalplant.com\/wp-content\/uploads\/2022\/01\/finished-products-1.jpg\" alt=\"Fertigprodukte\" class=\"wp-image-1944\"\/><figcaption class=\"wp-element-caption\">Fertigprodukte<\/figcaption><\/figure> <\/figure>    <h2 class=\"wp-block-heading\" id=\"h-mineral-powder-ball-press-machine\"><strong>Kohlepulver-Kugelpressmaschine<\/strong><\/h2>    <p>Die Trockenpulverkohlepresse ist eine Art Kohlepressausr\u00fcstung, die Trockenpulver ohne Zugabe von Klebstoff direkt verarbeiten kann. Zu den Produktionsrohstoffen geh\u00f6ren Kohlepulver, Schornsteinasche, wei\u00dfe Asche, Eisenerzpulver, Bleipulver und so weiter. Druckkugeln aus Metall werden haupts\u00e4chlich in der Schmelzindustrie eingesetzt. Die Anlage zum Pressen von Trockenkohle verf\u00fcgt \u00fcber 3 Motoren. Dar\u00fcber hinaus k\u00f6nnen sie den Hauptmotor, das Hydrauliksystem und das F\u00f6rderband steuern. Aufgrund der guten Farbe der gepressten Kugeln gibt es viele Arten. Es werden also viele Kunden bestellen. Es handelt sich um ein hydraulisches Hochdruckger\u00e4t mit sehr guter Umformwirkung.<\/p>    <figure class=\"wp-block-image aligncenter size-full\"><img loading=\"lazy\" decoding=\"async\" width=\"720\" height=\"540\" src=\"https:\/\/charcoalplant.com\/wp-content\/uploads\/2021\/12\/New-dry-powder-ball-press-machine-2.jpg\" alt=\"Neue Trockenpulver-Kugelpressmaschine\" class=\"wp-image-1940\"\/><figcaption class=\"wp-element-caption\">Neue Trockenpulver-Kugelpressmaschine<\/figcaption><\/figure>    <figure class=\"wp-block-gallery has-nested-images columns-default is-cropped wp-block-gallery-6 is-layout-flex wp-block-gallery-is-layout-flex\"> <figure class=\"wp-block-image size-large\"><img loading=\"lazy\" decoding=\"async\" width=\"720\" height=\"540\" data-id=\"1354\" src=\"https:\/\/charcoalplant.com\/wp-content\/uploads\/2021\/12\/dry-powder-briquette-machine-1.jpg\" alt=\"Trockenpulverbrikettiermaschine\" class=\"wp-image-1354\" srcset=\"https:\/\/charcoalplant.com\/wp-content\/uploads\/2021\/12\/dry-powder-briquette-machine-1.jpg 720w, https:\/\/charcoalplant.com\/wp-content\/uploads\/2021\/12\/dry-powder-briquette-machine-1-300x225.jpg 300w\" sizes=\"auto, (max-width: 720px) 100vw, 720px\" \/><figcaption class=\"wp-element-caption\">Trockenpulverbrikettiermaschine<\/figcaption><\/figure>    <figure class=\"wp-block-image size-large\"><img loading=\"lazy\" decoding=\"async\" width=\"720\" height=\"540\" data-id=\"1244\" src=\"https:\/\/charcoalplant.com\/wp-content\/uploads\/2021\/12\/Working-principle-of-ball-press-1.jpg\" alt=\"Funktionsprinzip der Ballpresse\" class=\"wp-image-1244\" srcset=\"https:\/\/charcoalplant.com\/wp-content\/uploads\/2021\/12\/Working-principle-of-ball-press-1.jpg 720w, https:\/\/charcoalplant.com\/wp-content\/uploads\/2021\/12\/Working-principle-of-ball-press-1-300x225.jpg 300w\" sizes=\"auto, (max-width: 720px) 100vw, 720px\" \/><figcaption class=\"wp-element-caption\">Funktionsprinzip der Ballpresse<\/figcaption><\/figure> <\/figure>    <h2 class=\"wp-block-heading\" id=\"h-finished-product-of-charcoal-ball-forming-machine\"><strong>Fertiges Produkt<\/strong> <strong>von<\/strong> <strong>Holzkohle-Kugelpressmaschine<\/strong><\/h2>    <p>Die Form der Kohlepulver-Brikettiermaschine wird durch ihre Form bestimmt. Unsere Fabrik kann Kunden mit Kissen-, Kugel-, Brot- und anderen Formen beliefern. Dar\u00fcber hinaus passen wir Gussmuster und Texte individuell f\u00fcr unsere Kunden an. <\/p>    <figure class=\"wp-block-image size-full\"><img loading=\"lazy\" decoding=\"async\" width=\"800\" height=\"503\" src=\"https:\/\/charcoalplant.com\/wp-content\/uploads\/2022\/02\/mould-of-charcoal-powder-and-mineral-powder.jpg\" alt=\"\" class=\"wp-image-2401\"\/><\/figure>    <h2 class=\"wp-block-heading\" id=\"parameters-of-bbq-charcoal-ball-press-machine\"><strong>Parameter von<\/strong> <strong>BBQ-Holzkohle-Kugelpressmaschine<\/strong><\/h2>    <p>Um den Kundenw\u00fcnschen gerecht zu werden, k\u00f6nnen nicht nur Durchmesser und Breite der Andruckrollen individuell angepasst werden. Und auch das Formmuster und der Text k\u00f6nnen individuell angepasst werden.<\/p>    <figure class=\"wp-block-table is-style-stripes\"><table><tbody><tr><td>Modell<\/td><td>Rollengr\u00f6\u00dfe (mm)<\/td><td>Spindelgeschwindigkeit (U\/min)<\/td><td>Leistung (kW)<\/td><td>Kapazit\u00e4t (t\/h)<\/td><td>Abmessung (m)<\/td><\/tr><tr><td>SL-BP290<\/td><td>290*200<\/td><td>12-15<\/td><td>5.5-7.5<\/td><td>1-3<\/td><td>1.6*1.2*1.4<\/td><\/tr><tr><td>SL-BP360<\/td><td>360*250<\/td><td>12-15<\/td><td>7.5-11<\/td><td>3-5<\/td><td>2.1*1.3*1.76<\/td><\/tr><tr><td>SL-BP430<\/td><td>430*250<\/td><td>12-15<\/td><td>15-18.5<\/td><td>4-7<\/td><td>2.3*1.53*1.9<\/td><\/tr><tr><td>SL-BP500<\/td><td>500*300<\/td><td>12-15<\/td><td>22-30<\/td><td>5-10<\/td><td>2.6*1.75*2.1<\/td><\/tr><tr><td>SL-BP650<\/td><td>650*350<\/td><td>10-13<\/td><td>37-55<\/td><td>8-13<\/td><td>3.42*2*2.2<\/td><\/tr><tr><td>SL-BP750<\/td><td>750*380<\/td><td>10-13<\/td><td>45-75<\/td><td>12-17<\/td><td>3.7*2.55*2.6<\/td><\/tr><tr><td>SL-BP850<\/td><td>850*460<\/td><td>10-13<\/td><td>75-110<\/td><td>15-20<\/td><td>3.9*2.6*2.7<\/td><\/tr><tr><td>SL-BP1000<\/td><td>1000*530<\/td><td>10-13<\/td><td>110-132<\/td><td>20-30<\/td><td>4*2.8*2.8<\/td><\/tr><\/tbody><\/table><\/figure>    <figure class=\"wp-block-image aligncenter size-full\"><img loading=\"lazy\" decoding=\"async\" width=\"1063\" height=\"803\" src=\"https:\/\/charcoalplant.com\/wp-content\/uploads\/2022\/02\/bbq-charcoal-machine-for-sale.jpg\" alt=\"Grillkohlemaschine zu verkaufen\" class=\"wp-image-2403\"\/><figcaption class=\"wp-element-caption\">Grillkohlemaschine zu verkaufen<\/figcaption><\/figure>    <h2 class=\"wp-block-heading\" id=\"h-video-of-barbecue-charcoal-machine\"><strong>Video von Kohle <strong>Grill<\/strong><\/strong> <strong>Maschine<\/strong><\/h2>    <p>Das folgende Video zeigt Ihnen den Produktionsprozess der Grillkohlefabrik. Und die Arbeitsschritte sind sehr einfach. Daher k\u00f6nnen Sie den Betriebsprozess der Holzkohlemaschine leicht verstehen.<\/p>    <figure class=\"wp-block-embed is-type-video is-provider-youtube wp-block-embed-youtube wp-embed-aspect-16-9 wp-has-aspect-ratio\"><div class=\"wp-block-embed__wrapper\"> <iframe loading=\"lazy\" title=\"BBQ-Holzkohle-\/Kohlepulver-Kugelpressmaschine | Mineral-\/Metallbrikettierung f\u00fcr Schmelzanlagen\" width=\"500\" height=\"281\" src=\"https:\/\/www.youtube.com\/embed\/VIJt2nuZkYE?feature=oembed\" frameborder=\"0\" allow=\"accelerometer; autoplay; clipboard-write; encrypted-media; gyroscope; picture-in-picture; web-share\" referrerpolicy=\"strict-origin-when-cross-origin\" allowfullscreen><\/iframe> <\/div><\/figure>    <h2 class=\"wp-block-heading\" id=\"h-roller-mineral-powder-press-for-sale\"><strong>Roller-Mineralpulverpresse zu verkaufen<\/strong><\/h2>    <p class=\"translation-block\"><a href=\"https:\/\/charcoalplant.com\/de\/\"><strong>Shuliy Machinery Equipment Co., Ltd<\/strong><\/a>, spezialisiert auf die Herstellung aller Arten von Produktionsger\u00e4ten f\u00fcr Holzkohlemaschinen. Unsere Fabrik bietet den Kunden verschiedene Formen f\u00fcr Kohlenblockmaschinen an. Zum Beispiel oval, Brot, Kissen, S\u00e4ule, quadratisch, sph\u00e4risch usw. Unser Unternehmen verkauft Pressen f\u00fcr nasse Materialien und Pressen f\u00fcr trockene Materialien. Dar\u00fcber hinaus verkaufen wir auch Trockner, Mischer,<strong><a href=\"https:\/\/charcoalplant.com\/de\/hammer-mill\/\"> <\/a><a href=\"https:\/\/charcoalplant.com\/de\/briquettes-packing-machine\/charcoal-briquettes-packing-machine\/\">Holzkohle-Verpackungsmaschine<\/a><\/strong> und so weiter. Kontaktieren Sie uns jetzt, um die aktuellste Liste der Holzkohleballpressen zu erhalten.<\/p>    <figure class=\"wp-block-gallery has-nested-images columns-default is-cropped wp-block-gallery-7 is-layout-flex wp-block-gallery-is-layout-flex\"> <figure class=\"wp-block-image size-large\"><img loading=\"lazy\" decoding=\"async\" width=\"720\" height=\"540\" data-id=\"2404\" src=\"https:\/\/charcoalplant.com\/wp-content\/uploads\/2022\/02\/charcoal-ball-press-machine-plant.jpg\" alt=\"Fabrik f\u00fcr Holzkohle-Kugelpressmaschinen\" class=\"wp-image-2404\"\/><figcaption class=\"wp-element-caption\">Fabrik f\u00fcr Holzkohle-Kugelpressmaschinen<\/figcaption><\/figure>    <figure class=\"wp-block-image size-large\"><img loading=\"lazy\" decoding=\"async\" width=\"720\" height=\"540\" data-id=\"2405\" src=\"https:\/\/charcoalplant.com\/wp-content\/uploads\/2022\/02\/shippment-2.jpg\" alt=\"Versand\" class=\"wp-image-2405\"\/><figcaption class=\"wp-element-caption\">Versand<\/figcaption><\/figure> <\/figure>    <p><\/p>","protected":false},"excerpt":{"rendered":"<p>Eine Holzkohle-Kugelpresse ist ein Werkzeug, das Kohlepulver, Kohlenstoffpulver, Eisenpulver, Aluminiumpulver usw. zur Herstellung von Briket verwendet.<\/p>","protected":false},"author":1,"featured_media":1237,"parent":0,"template":"","tags":[59],"product-type":[44],"class_list":["post-1235","product","type-product","status-publish","has-post-thumbnail","hentry","tag-charcoal-briquetting-machine","product-type-charcoal-briquetting-machine"],"_links":{"self":[{"href":"https:\/\/charcoalplant.com\/de\/wp-json\/wp\/v2\/product\/1235","targetHints":{"allow":["GET"]}}],"collection":[{"href":"https:\/\/charcoalplant.com\/de\/wp-json\/wp\/v2\/product"}],"about":[{"href":"https:\/\/charcoalplant.com\/de\/wp-json\/wp\/v2\/types\/product"}],"author":[{"embeddable":true,"href":"https:\/\/charcoalplant.com\/de\/wp-json\/wp\/v2\/users\/1"}],"wp:featuredmedia":[{"embeddable":true,"href":"https:\/\/charcoalplant.com\/de\/wp-json\/wp\/v2\/media\/1237"}],"wp:attachment":[{"href":"https:\/\/charcoalplant.com\/de\/wp-json\/wp\/v2\/media?parent=1235"}],"wp:term":[{"taxonomy":"post_tag","embeddable":true,"href":"https:\/\/charcoalplant.com\/de\/wp-json\/wp\/v2\/tags?post=1235"},{"taxonomy":"product-type","embeddable":true,"href":"https:\/\/charcoalplant.com\/de\/wp-json\/wp\/v2\/product-type?post=1235"}],"curies":[{"name":"wp","href":"https:\/\/api.w.org\/{rel}","templated":true}]}}