{"id":1259,"date":"2021-12-13T08:32:22","date_gmt":"2021-12-13T08:32:22","guid":{"rendered":"https:\/\/charcoalplant.com\/?p=1259"},"modified":"2023-01-11T16:09:58","modified_gmt":"2023-01-11T08:09:58","slug":"best-shisha-charcoal-machine","status":"publish","type":"product","link":"https:\/\/charcoalplant.com\/de\/product\/best-shisha-charcoal-machine\/","title":{"rendered":"Shisha-Kohlemaschine | Holzkohlebrikettmaschine"},"content":{"rendered":"<div class=\"kk-star-ratings kksr-auto kksr-align-left kksr-valign-top\"     data-payload='{&quot;align&quot;:&quot;left&quot;,&quot;id&quot;:&quot;1259&quot;,&quot;slug&quot;:&quot;default&quot;,&quot;valign&quot;:&quot;top&quot;,&quot;ignore&quot;:&quot;&quot;,&quot;reference&quot;:&quot;auto&quot;,&quot;class&quot;:&quot;&quot;,&quot;count&quot;:&quot;21&quot;,&quot;legendonly&quot;:&quot;&quot;,&quot;readonly&quot;:&quot;&quot;,&quot;score&quot;:&quot;4.7&quot;,&quot;starsonly&quot;:&quot;&quot;,&quot;best&quot;:&quot;5&quot;,&quot;gap&quot;:&quot;5&quot;,&quot;greet&quot;:&quot;Rate this product&quot;,&quot;legend&quot;:&quot;4.7\\\/5 - (21 votes)&quot;,&quot;size&quot;:&quot;24&quot;,&quot;title&quot;:&quot;Shisha Charcoal Machine | Charcoal Briquette Machine&quot;,&quot;width&quot;:&quot;133.8&quot;,&quot;_legend&quot;:&quot;{score}\\\/{best} - ({count} {votes})&quot;,&quot;font_factor&quot;:&quot;1.25&quot;}'>              <div class=\"kksr-stars\">      <div class=\"kksr-stars-inactive\">             <div class=\"kksr-star\" data-star=\"1\" style=\"padding-right: 5px\">               <div class=\"kksr-icon\" style=\"width: 24px; height: 24px;\"><\/div>         <\/div>             <div class=\"kksr-star\" data-star=\"2\" style=\"padding-right: 5px\">               <div class=\"kksr-icon\" style=\"width: 24px; height: 24px;\"><\/div>         <\/div>             <div class=\"kksr-star\" data-star=\"3\" style=\"padding-right: 5px\">               <div class=\"kksr-icon\" style=\"width: 24px; height: 24px;\"><\/div>         <\/div>             <div class=\"kksr-star\" data-star=\"4\" style=\"padding-right: 5px\">               <div class=\"kksr-icon\" style=\"width: 24px; height: 24px;\"><\/div>         <\/div>             <div class=\"kksr-star\" data-star=\"5\" style=\"padding-right: 5px\">               <div class=\"kksr-icon\" style=\"width: 24px; height: 24px;\"><\/div>         <\/div>     <\/div>      <div class=\"kksr-stars-active\" style=\"width: 133.8px;\">             <div class=\"kksr-star\" style=\"padding-right: 5px\">               <div class=\"kksr-icon\" style=\"width: 24px; height: 24px;\"><\/div>         <\/div>             <div class=\"kksr-star\" style=\"padding-right: 5px\">               <div class=\"kksr-icon\" style=\"width: 24px; height: 24px;\"><\/div>         <\/div>             <div class=\"kksr-star\" style=\"padding-right: 5px\">               <div class=\"kksr-icon\" style=\"width: 24px; height: 24px;\"><\/div>         <\/div>             <div class=\"kksr-star\" style=\"padding-right: 5px\">               <div class=\"kksr-icon\" style=\"width: 24px; height: 24px;\"><\/div>         <\/div>             <div class=\"kksr-star\" style=\"padding-right: 5px\">               <div class=\"kksr-icon\" style=\"width: 24px; height: 24px;\"><\/div>         <\/div>     <\/div> <\/div>                   <div class=\"kksr-legend\" style=\"font-size: 19.2px;\">             4,7\/5 \u2013 (21 Stimmen)    <\/div>     <\/div>  <p class=\"translation-block\"><strong>Shisha-Kohlenmaschine<\/strong> ist die spezielle Ausr\u00fcstung zur Herstellung von runden und quadratischen Shisha-Kohlen. Daher hat die Shisha-Kohlebrikettmaschine im Vergleich zu anderen Brikettmaschinen f\u00fcr Kohlenstaub einen h\u00f6heren Druck und einen besseren Formeffekt von Shisha-Kohle. Die von der Shuliy Shisha-Kohlenmaschine produzierten Shisha-Kohlen sind hart in der Textur, leicht entz\u00fcndlich und haben weniger Asche. Die Brenndauer jeder Shisha-Kohle betr\u00e4gt 40-60 Minuten. <\/p>    <p class=\"translation-block\">Derzeit sind in unserer Fabrik vier Typen von Shisha-Kohleherstellungsmaschinen erh\u00e4ltlich. Sie sind mechanische Shisha-Kohlemaschine, <strong><a href=\"https:\/\/charcoalplant.com\/de\/info\/british-hookah-briquette-factory-purchased-hydraulic-shisha-coal-machines\/\">hydraulische Shisha-Kohlemaschine<\/a><\/strong>, Edelstahl-Shisha-Kohlemaschine (vollautomatisch und halbautomatisch) und <strong><a href=\"https:\/\/charcoalplant.com\/de\/charcoal-briquetting-machine\/rotary-hookah-tablet-press\/\">rotierende Shisha-Kohlemaschine<\/a><\/strong>. Die ersten drei werden im Folgenden beschrieben. Kontaktieren Sie uns jetzt, um Ihr Gesch\u00e4ft zu starten. Und wir werden Ihnen g\u00fcnstige Preise anbieten.<\/p>    <h2 class=\"wp-block-heading\" id=\"raw-materials-for-making-shisha-charcoal\">Rohstoffe f\u00fcr die Herstellung von Shisha-Kohle<\/h2>    <p class=\"translation-block\">Obwohl Shisha-Kohle ebenfalls aus Kohlenstaub besteht, sind die Anforderungen an die Rohstoffe h\u00f6her. Sie verwendet im Allgemeinen Bambuskohle, Hartholzkohle, Kokosnuss-Schalenkohle, Palmenschalenkohle, Olivenschalenkohle, <strong><a href=\"https:\/\/charcoalplant.com\/de\/info\/can-these-briquetting-machines-make-alfalfa-molar-sticks\/\">Alfalfa<\/a><\/strong> usw. Diese Karbonstoffe haben die Eigenschaften einer guten Farbe und guten Adsorption. Au\u00dferdem muss Kohlenstaub mit einer angemessenen Menge Bindemittel unter Verwendung eines <strong><a href=\"https:\/\/charcoalplant.com\/de\/product\/charcoal-powder-mixer\/\">Kohlenstaubmischers<\/a><\/strong> gemischt werden.<\/p>    <figure class=\"wp-block-image aligncenter size-full\"><img loading=\"lazy\" decoding=\"async\" width=\"720\" height=\"540\" src=\"https:\/\/charcoalplant.com\/wp-content\/uploads\/2022\/02\/charcoal-powder-1.jpg\" alt=\"Kohlepulver\" class=\"wp-image-2459\"\/><figcaption class=\"wp-element-caption\">Kohlepulver<\/figcaption><\/figure>    <h2 class=\"wp-block-heading\" id=\"type-1-mechanical-coconut-charcoal-tablet-press\"><strong>Typ 1: <\/strong>Mechanische Shisha-Holzkohlebrikettmaschine<\/h2>    <p>Seine Formen und F\u00f6rderb\u00e4nder werden durch mechanische Vorrichtungen gesteuert. Daher handelt es sich um eine Holzkohlebrikettmaschine mit einfachstem Aufbau. Und der gesamte Prozess wird vom Motor angetrieben. Das Zahnrad treibt den Kipphebel an, um das Anheben der Form zu steuern. Dann steuern die Gewichte indirekt den Betrieb des F\u00f6rderbandes. Der Druck der mechanischen Shisha-Kohleformmaschine betr\u00e4gt 20 t. Die Anzahl der gleichzeitig entstehenden Shisha-Kohle betr\u00e4gt 15. (Dies h\u00e4ngt auch mit den Spezifikationen des Shisha-Kohleblatts zusammen.)<\/p>    <figure class=\"wp-block-image aligncenter size-full\"><img loading=\"lazy\" decoding=\"async\" width=\"720\" height=\"540\" src=\"https:\/\/charcoalplant.com\/wp-content\/uploads\/2022\/02\/Coconut-Charcoal-Tablet-Press-for-Sale.jpg\" alt=\"\" class=\"wp-image-2463\"\/><figcaption class=\"wp-element-caption\">Kokosnusskohle-Tablettenpresse zu verkaufen<\/figcaption><\/figure>    <h3 class=\"wp-block-heading\" id=\"parameters-of-hookah-coal-maker\">Parameter des Shisha-Kohleherstellers<\/h3>    <figure class=\"wp-block-table is-style-stripes\"><table><tbody><tr><td>Typ<\/td><td>Leistung<\/td><td>Kapazit\u00e4t<\/td><td>Dimension<\/td><td>Druck<\/td><td>Gewicht<\/td><\/tr><tr><td>Mechanischer Typ<\/td><td>7,5 kW<\/td><td>300kg\/h<\/td><td>1,7 * 1,5 * 1,2 m<\/td><td>25t<\/td><td>1500 kg<\/td><\/tr><\/tbody><\/table><\/figure>    <h2 class=\"wp-block-heading\" id=\"type-2-hydraulic-shisha-charcoal-machine\"><strong>Typ 2:<\/strong> Hydraulische Shisha-Kohlemaschine<\/h2>    <p>Die hydraulische Wasserpfeifen-Kohleherstellungsmaschine besteht aus drei Teilen: einem Schaltschrank, einer Hydraulikstation und einem Hauptk\u00f6rper. Daher nimmt es eine gr\u00f6\u00dfere Fl\u00e4che ein als eine mechanische Shisha-Kohlemaschine. Aber sein Druck kann 100 Tonnen erreichen. Und seine Produktionsgeschwindigkeit kann angepasst werden. Daher entspricht die Verwendung einer hydraulischen Shisha-Kohlemaschine der Verwendung von 2-3 mechanischen Shisha-Kohlemaschinen.<\/p>    <figure class=\"wp-block-image aligncenter size-full\"><img loading=\"lazy\" decoding=\"async\" width=\"720\" height=\"540\" src=\"https:\/\/charcoalplant.com\/wp-content\/uploads\/2022\/01\/hydraulic-shisha-charcoal-press.jpg\" alt=\"hydraulische Shisha-Kohlepresse\" class=\"wp-image-1950\"\/><figcaption class=\"wp-element-caption\">hydraulische Shisha-Kohlepresse<\/figcaption><\/figure>    <h2 class=\"wp-block-heading\" id=\"structure-of-hydraulic-shisha-charcoal-making-machine\">Struktur der hydraulischen Shisha-Kohlemaschine<\/h2>    <div class=\"wp-block-columns has-background is-layout-flex wp-container-core-columns-is-layout-28f84493 wp-block-columns-is-layout-flex\" style=\"background-color:#f1f1f1\"> <div class=\"wp-block-column is-vertically-aligned-center is-layout-flow wp-block-column-is-layout-flow\" style=\"flex-basis:33.33%\"> <p class=\"translation-block\"><strong>Arbeitstisch<\/strong><\/p>    <p>Das Ger\u00e4t kann mit einem Schl\u00fcssel \u00fcber den Schaltschrank in Betrieb genommen werden. Dar\u00fcber hinaus verf\u00fcgt es \u00fcber drei Motoren zur Steuerung der Hydraulikpumpe, der Futtermischung und des F\u00f6rderbands. <\/p> <\/div>    <div class=\"wp-block-column is-layout-flow wp-block-column-is-layout-flow\" style=\"flex-basis:66.66%\"> <figure class=\"wp-block-gallery has-nested-images columns-default is-cropped wp-block-gallery-2 is-layout-flex wp-block-gallery-is-layout-flex\"> <figure class=\"wp-block-image size-large\"><img loading=\"lazy\" decoding=\"async\" width=\"720\" height=\"540\" data-id=\"2464\" src=\"https:\/\/charcoalplant.com\/wp-content\/uploads\/2022\/02\/Hookah-charcoal-tablet-press-operating-table.jpg\" alt=\"Shisha-Kohle-Tablettenpresse-OP-Tisch\" class=\"wp-image-2464\"\/><figcaption class=\"wp-element-caption\">Shisha-Kohle-Tablettenpresse-OP-Tisch<\/figcaption><\/figure> <\/figure> <\/div> <\/div>    <div class=\"wp-block-columns has-background is-layout-flex wp-container-core-columns-is-layout-28f84493 wp-block-columns-is-layout-flex\" style=\"background-color:#f1f1f1\"> <div class=\"wp-block-column is-layout-flow wp-block-column-is-layout-flow\" style=\"flex-basis:66.66%\"> <figure class=\"wp-block-gallery has-nested-images columns-default is-cropped wp-block-gallery-3 is-layout-flex wp-block-gallery-is-layout-flex\"> <figure class=\"wp-block-image size-large\"><img loading=\"lazy\" decoding=\"async\" width=\"720\" height=\"540\" data-id=\"1270\" src=\"https:\/\/charcoalplant.com\/wp-content\/uploads\/2021\/12\/IMG_8957_\u526f\u672c-1.jpg\" alt=\"Formen f\u00fcr Shisha-Kohlemaschinen\" class=\"wp-image-1270\" srcset=\"https:\/\/charcoalplant.com\/wp-content\/uploads\/2021\/12\/IMG_8957_\u526f\u672c-1.jpg 720w, https:\/\/charcoalplant.com\/wp-content\/uploads\/2021\/12\/IMG_8957_\u526f\u672c-1-300x225.jpg 300w\" sizes=\"auto, (max-width: 720px) 100vw, 720px\" \/><figcaption class=\"wp-element-caption\">Formen f\u00fcr Shisha-Kohlemaschinen<\/figcaption><\/figure> <\/figure> <\/div>    <div class=\"wp-block-column is-vertically-aligned-center is-layout-flow wp-block-column-is-layout-flow\" style=\"flex-basis:33.33%\"> <p class=\"translation-block\"><strong>Formen<\/strong><\/p>    <p>Seine Form besteht aus drei Teilen: einem oberen, einem mittleren und einem unteren.\u00a0Denn die Gr\u00f6\u00dfe der Shisha-Kohle betr\u00e4gt meist 2-3cm. Daher hat die Form der Shisha-Kohleherstellungsmaschine die gleiche Gr\u00f6\u00dfe. Dar\u00fcber hinaus bieten wir verschiedene Arten von Formen an, und die Formposition ist einstellbar.<\/p> <\/div> <\/div>    <h3 class=\"wp-block-heading\">Video der Shisha-Kohlenbrikettiermaschine<\/h3>    <figure class=\"wp-block-embed is-type-video is-provider-youtube wp-block-embed-youtube wp-embed-aspect-16-9 wp-has-aspect-ratio\"><div class=\"wp-block-embed__wrapper\"> <iframe loading=\"lazy\" title=\"Hei\u00dfe verkaufende hydraulische Wasserpfeifen-Kohlemaschine | Rundes, w\u00fcrfelf\u00f6rmiges und sechseckiges Holzkohlebrikett-Display\" width=\"500\" height=\"281\" src=\"https:\/\/www.youtube.com\/embed\/JOsfpi4YzME?feature=oembed\" frameborder=\"0\" allow=\"accelerometer; autoplay; clipboard-write; encrypted-media; gyroscope; picture-in-picture; web-share\" referrerpolicy=\"strict-origin-when-cross-origin\" allowfullscreen><\/iframe> <\/div><\/figure>    <h3 class=\"wp-block-heading\" id=\"parameters-of-shisha-charcoal-machine\">Parameter der Shisha-Kohlemaschine<\/h3>    <figure class=\"wp-block-table is-style-stripes\"><table><tbody><tr><td>Typ<\/td><td>Leistung<\/td><td>Gewicht<\/td><td>Druck<\/td><td>Kapazit\u00e4t<\/td><td>Dimension<\/td><\/tr><tr><td>Hydraulischer Typ<\/td><td>15 kW<\/td><td>2,8t<\/td><td>100t<\/td><td>Runde: 42 St\u00fcck pro Mal, 4 Mal pro Minute<br>Quadrat: 44 St\u00fcck pro Mal, 4 Mal pro Minute<\/td><td>Host: 850**2000*2100mm<\/td><\/tr><\/tbody><\/table><\/figure>    <h2 class=\"wp-block-heading\" id=\"type-3-stainless-steel-shisha-charcoal-machine\"><strong>Typ 3:<\/strong> Shisha-Kohlemaschine aus Edelstahl<\/h2>    <p>Das Gesamtmaterial der Shisha-Kohleherstellungsmaschine ist Edelstahl. Dar\u00fcber hinaus handelt es sich auch um eine All-in-One-Tablettenpresse f\u00fcr Wasserpfeifenkohle. Die Shisha-Kohleherstellungsmaschine aus Edelstahl verf\u00fcgt \u00fcber ein SPS-Bedienfeld. Daher k\u00f6nnen Kunden die Produktion einfach \u00fcber den Computer steuern. Wie Geschwindigkeit, Druck, Spannung usw. Und sein Druck kann 100-200 t erreichen. Es kann 20.000 bis 30.000 St\u00fccke Wasserpfeifenkohle pro Minute stanzen.<\/p>    <figure class=\"wp-block-image aligncenter size-full\"><img loading=\"lazy\" decoding=\"async\" width=\"720\" height=\"540\" src=\"https:\/\/charcoalplant.com\/wp-content\/uploads\/2021\/12\/hookah-charcoal-press-machine-1.jpg\" alt=\"Shisha-Kohlepressmaschine\" class=\"wp-image-1367\" srcset=\"https:\/\/charcoalplant.com\/wp-content\/uploads\/2021\/12\/hookah-charcoal-press-machine-1.jpg 720w, https:\/\/charcoalplant.com\/wp-content\/uploads\/2021\/12\/hookah-charcoal-press-machine-1-300x225.jpg 300w\" sizes=\"auto, (max-width: 720px) 100vw, 720px\" \/><figcaption class=\"wp-element-caption\">Shisha-Kohlepressmaschine<\/figcaption><\/figure>    <h2 class=\"wp-block-heading\" id=\"h-structure-of-hookah-charcoal-making-machine\">Struktur der Shisha-Kohleherstellungsmaschine<\/h2>    <div class=\"wp-block-columns has-background is-layout-flex wp-container-core-columns-is-layout-28f84493 wp-block-columns-is-layout-flex\" style=\"background-color:#f1f1f1\"> <div class=\"wp-block-column is-vertically-aligned-center is-layout-flow wp-block-column-is-layout-flow\" style=\"flex-basis:33.33%\"> <p class=\"translation-block\"><strong>Hydraulikzylinder <\/strong><\/p>    <p>Der Druck ist einstellbar. Der Hydraulikzylinder befindet sich oben auf der Maschine. Und die restlichen Leitungen befinden sich im unteren Teil der Maschine. Daher ist die gesamte Maschine sehr platzsparend.<\/p> <\/div>    <div class=\"wp-block-column is-layout-flow wp-block-column-is-layout-flow\" style=\"flex-basis:66.66%\"> <figure class=\"wp-block-gallery has-nested-images columns-default is-cropped wp-block-gallery-4 is-layout-flex wp-block-gallery-is-layout-flex\"> <figure class=\"wp-block-image size-large\"><img loading=\"lazy\" decoding=\"async\" width=\"720\" height=\"540\" data-id=\"1369\" src=\"https:\/\/charcoalplant.com\/wp-content\/uploads\/2021\/12\/Hydraulic-cylinder-1.jpg\" alt=\"Hydraulikzylinder\" class=\"wp-image-1369\" srcset=\"https:\/\/charcoalplant.com\/wp-content\/uploads\/2021\/12\/Hydraulic-cylinder-1.jpg 720w, https:\/\/charcoalplant.com\/wp-content\/uploads\/2021\/12\/Hydraulic-cylinder-1-300x225.jpg 300w\" sizes=\"auto, (max-width: 720px) 100vw, 720px\" \/><figcaption class=\"wp-element-caption\">Hydraulikzylinder<\/figcaption><\/figure> <\/figure> <\/div> <\/div>    <div class=\"wp-block-columns has-background is-layout-flex wp-container-core-columns-is-layout-28f84493 wp-block-columns-is-layout-flex\" style=\"background-color:#f1f1f1\"> <div class=\"wp-block-column is-layout-flow wp-block-column-is-layout-flow\" style=\"flex-basis:66.66%\"> <figure class=\"wp-block-gallery has-nested-images columns-default is-cropped wp-block-gallery-5 is-layout-flex wp-block-gallery-is-layout-flex\"> <figure class=\"wp-block-image size-large\"><img loading=\"lazy\" decoding=\"async\" width=\"720\" height=\"540\" data-id=\"1368\" src=\"https:\/\/charcoalplant.com\/wp-content\/uploads\/2021\/12\/brush-1.jpg\" alt=\"B\u00fcrste\" class=\"wp-image-1368\" srcset=\"https:\/\/charcoalplant.com\/wp-content\/uploads\/2021\/12\/brush-1.jpg 720w, https:\/\/charcoalplant.com\/wp-content\/uploads\/2021\/12\/brush-1-300x225.jpg 300w\" sizes=\"auto, (max-width: 720px) 100vw, 720px\" \/><figcaption class=\"wp-element-caption\">B\u00fcrste<\/figcaption><\/figure> <\/figure> <\/div>    <div class=\"wp-block-column is-vertically-aligned-center is-layout-flow wp-block-column-is-layout-flow\" style=\"flex-basis:33.33%\"> <p class=\"translation-block\"><strong>B\u00fcrste<\/strong><\/p>    <p>Automatische Shisha-Holzkohlebrikettmaschine aus Edelstahl mit B\u00fcrsten. Daher kann die Anlage die auf der Form verbliebenen R\u00fcckst\u00e4nde automatisch reinigen, um die Produktionsqualit\u00e4t zu verbessern.<\/p> <\/div> <\/div>    <div class=\"wp-block-columns has-background is-layout-flex wp-container-core-columns-is-layout-28f84493 wp-block-columns-is-layout-flex\" style=\"background-color:#f1f1f1\"> <div class=\"wp-block-column is-vertically-aligned-center is-layout-flow wp-block-column-is-layout-flow\" style=\"flex-basis:33.33%\"> <p class=\"translation-block\"><strong>PLC-Bedienfeld<\/strong><\/p>    <p>Es handelt sich um einen All-in-One-Ein-Knopf-Start f\u00fcr das Ger\u00e4t. Dar\u00fcber hinaus kann der Produktionsmodus eingestellt werden.<\/p> <\/div>    <div class=\"wp-block-column is-layout-flow wp-block-column-is-layout-flow\" style=\"flex-basis:66.66%\"> <figure class=\"wp-block-gallery has-nested-images columns-default is-cropped wp-block-gallery-6 is-layout-flex wp-block-gallery-is-layout-flex\"> <figure class=\"wp-block-image size-large\"><img loading=\"lazy\" decoding=\"async\" width=\"720\" height=\"540\" data-id=\"2466\" src=\"https:\/\/charcoalplant.com\/wp-content\/uploads\/2022\/02\/PLC-2.jpg\" alt=\"\" class=\"wp-image-2466\"\/><\/figure> <\/figure> <\/div> <\/div>    <h3 class=\"wp-block-heading\" id=\"h-parameters-of-shisha-charcoal-machine\">Parameter der Shisha-Holzkohlebrikettmaschine<\/h3>    <p>Druck: 80 Tonnen, 100 Tonnen<\/p>    <p>Spannung: 380V<\/p>    <p>Leistung: 13 kW<\/p>    <p>Gewicht: 1000 kg<\/p>    <p class=\"translation-block\">Abmessungen: 2500mm<em>750mm<\/em>2300mm<\/p>    <p>Kapazit\u00e4t:<\/p>    <figure class=\"wp-block-table is-style-stripes\"><table><tbody><tr><td>Gr\u00f6\u00dfe der Formen<\/td><td>Anzahl der einzelnen Stanzungen<\/td><td>Anzahl der Schl\u00e4ge pro Minute<\/td><\/tr><tr><td>2cm*2cm*2cm W\u00fcrfel<\/td><td>90<\/td><td>3<\/td><\/tr><tr><td>2,5 cm * 2,5 cm * 2,5 cm gro\u00dfer W\u00fcrfel<\/td><td>80<\/td><td>3<\/td><\/tr><tr><td>Durchmesser 3\u00a0cm\u00a0rund<\/td><td>72<\/td><td>3<\/td><\/tr><tr><td>Durchmesser 3,3\u00a0cm\u00a0rund<\/td><td>56<\/td><td>3<\/td><\/tr><tr><td>Durchmesser 4cm rund<\/td><td>42<\/td><td>3<\/td><\/tr><\/tbody><\/table><\/figure>    <h2 class=\"wp-block-heading\" id=\"h-application-of-hubbly-charcoal\">Anwendung von Hubbly Charcoal<strong> <\/strong><\/h2>    <p class=\"translation-block\">Shisha-Kohlebrikettmaschinen sind h\u00e4ufig in <strong><a href=\"https:\/\/charcoalplant.com\/de\/shisha-charcoal-production-line\/\">Shisha-Kohleproduktionslinien<\/a><\/strong> zu finden. Tats\u00e4chlich ist Shisha-Kohlebrikett ein beliebtes Produkt in Arabien und dem Nahen Osten. Aber jetzt m\u00f6gen auch viele junge Leute das Rauchen von Shisha sehr. Daher k\u00f6nnen wir verschiedene <strong><a href=\"https:\/\/charcoalplant.com\/de\/briquettes-packing-machine\/charcoal-briquettes-packing-machine\/\">Shisha-Kohleprodukte<\/a><\/strong> auf dem Markt sehen.<\/p>    <figure class=\"wp-block-gallery has-nested-images columns-default is-cropped wp-block-gallery-7 is-layout-flex wp-block-gallery-is-layout-flex\"> <figure class=\"wp-block-image size-large\"><img loading=\"lazy\" decoding=\"async\" width=\"720\" height=\"540\" data-id=\"2468\" src=\"https:\/\/charcoalplant.com\/wp-content\/uploads\/2022\/02\/hookah-charcoal.jpg\" alt=\"Shisha-Kohle\" class=\"wp-image-2468\"\/><figcaption class=\"wp-element-caption\">Shisha-Kohle<\/figcaption><\/figure>    <figure class=\"wp-block-image size-large\"><img loading=\"lazy\" decoding=\"async\" width=\"720\" height=\"540\" data-id=\"2469\" src=\"https:\/\/charcoalplant.com\/wp-content\/uploads\/2022\/02\/shisha-charcoal-show.jpg\" alt=\"Shisha-Kohle-Show\" class=\"wp-image-2469\"\/><figcaption class=\"wp-element-caption\">Shisha-Kohle-Show<\/figcaption><\/figure> <\/figure>    <figure class=\"wp-block-gallery has-nested-images columns-default is-cropped wp-block-gallery-8 is-layout-flex wp-block-gallery-is-layout-flex\"> <figure class=\"wp-block-image size-large\"><img loading=\"lazy\" decoding=\"async\" width=\"720\" height=\"540\" data-id=\"1361\" src=\"https:\/\/charcoalplant.com\/wp-content\/uploads\/2021\/12\/Ashless-Hookah-Charcoal-1.jpg\" alt=\"Aschefreie Shisha-Kohle\" class=\"wp-image-1361\" srcset=\"https:\/\/charcoalplant.com\/wp-content\/uploads\/2021\/12\/Ashless-Hookah-Charcoal-1.jpg 720w, https:\/\/charcoalplant.com\/wp-content\/uploads\/2021\/12\/Ashless-Hookah-Charcoal-1-300x225.jpg 300w\" sizes=\"auto, (max-width: 720px) 100vw, 720px\" \/><figcaption class=\"wp-element-caption\">Aschefreie Shisha-Kohle<\/figcaption><\/figure>    <figure class=\"wp-block-image size-large\"><img loading=\"lazy\" decoding=\"async\" width=\"720\" height=\"540\" data-id=\"1362\" src=\"https:\/\/charcoalplant.com\/wp-content\/uploads\/2021\/12\/Burn-fast-1.jpg\" alt=\"Schnell brennen\" class=\"wp-image-1362\" srcset=\"https:\/\/charcoalplant.com\/wp-content\/uploads\/2021\/12\/Burn-fast-1.jpg 720w, https:\/\/charcoalplant.com\/wp-content\/uploads\/2021\/12\/Burn-fast-1-300x225.jpg 300w\" sizes=\"auto, (max-width: 720px) 100vw, 720px\" \/><figcaption class=\"wp-element-caption\">Schnell brennen<\/figcaption><\/figure> <\/figure>","protected":false},"excerpt":{"rendered":"<p>Die beste Shisha-Kohlemaschine sollte die Eigenschaften eines hohen Drucks, einer langen Lebensdauer und eines hohen Einsatzwerts aufweisen.<\/p>","protected":false},"author":1,"featured_media":1356,"parent":0,"template":"","tags":[59],"product-type":[44],"class_list":["post-1259","product","type-product","status-publish","has-post-thumbnail","hentry","tag-charcoal-briquetting-machine","product-type-charcoal-briquetting-machine"],"_links":{"self":[{"href":"https:\/\/charcoalplant.com\/de\/wp-json\/wp\/v2\/product\/1259","targetHints":{"allow":["GET"]}}],"collection":[{"href":"https:\/\/charcoalplant.com\/de\/wp-json\/wp\/v2\/product"}],"about":[{"href":"https:\/\/charcoalplant.com\/de\/wp-json\/wp\/v2\/types\/product"}],"author":[{"embeddable":true,"href":"https:\/\/charcoalplant.com\/de\/wp-json\/wp\/v2\/users\/1"}],"wp:featuredmedia":[{"embeddable":true,"href":"https:\/\/charcoalplant.com\/de\/wp-json\/wp\/v2\/media\/1356"}],"wp:attachment":[{"href":"https:\/\/charcoalplant.com\/de\/wp-json\/wp\/v2\/media?parent=1259"}],"wp:term":[{"taxonomy":"post_tag","embeddable":true,"href":"https:\/\/charcoalplant.com\/de\/wp-json\/wp\/v2\/tags?post=1259"},{"taxonomy":"product-type","embeddable":true,"href":"https:\/\/charcoalplant.com\/de\/wp-json\/wp\/v2\/product-type?post=1259"}],"curies":[{"name":"wp","href":"https:\/\/api.w.org\/{rel}","templated":true}]}}