{"id":1372,"date":"2021-12-16T07:13:52","date_gmt":"2021-12-16T07:13:52","guid":{"rendered":"https:\/\/charcoalplant.com\/?p=1372"},"modified":"2023-01-07T15:03:10","modified_gmt":"2023-01-07T07:03:10","slug":"shisha-charcoal-production-line","status":"publish","type":"product","link":"https:\/\/charcoalplant.com\/de\/shisha-charcoal-production-line\/","title":{"rendered":"Produktionslinie f\u00fcr Shisha-Kohle"},"content":{"rendered":"<div class=\"kk-star-ratings kksr-auto kksr-align-left kksr-valign-top\"     data-payload='{&quot;align&quot;:&quot;left&quot;,&quot;id&quot;:&quot;1372&quot;,&quot;slug&quot;:&quot;default&quot;,&quot;valign&quot;:&quot;top&quot;,&quot;ignore&quot;:&quot;&quot;,&quot;reference&quot;:&quot;auto&quot;,&quot;class&quot;:&quot;&quot;,&quot;count&quot;:&quot;28&quot;,&quot;legendonly&quot;:&quot;&quot;,&quot;readonly&quot;:&quot;&quot;,&quot;score&quot;:&quot;4.7&quot;,&quot;starsonly&quot;:&quot;&quot;,&quot;best&quot;:&quot;5&quot;,&quot;gap&quot;:&quot;5&quot;,&quot;greet&quot;:&quot;Rate this product&quot;,&quot;legend&quot;:&quot;4.7\\\/5 - (28 votes)&quot;,&quot;size&quot;:&quot;24&quot;,&quot;title&quot;:&quot;Shisha Charcoal Production Line&quot;,&quot;width&quot;:&quot;133.8&quot;,&quot;_legend&quot;:&quot;{score}\\\/{best} - ({count} {votes})&quot;,&quot;font_factor&quot;:&quot;1.25&quot;}'>              <div class=\"kksr-stars\">      <div class=\"kksr-stars-inactive\">             <div class=\"kksr-star\" data-star=\"1\" style=\"padding-right: 5px\">               <div class=\"kksr-icon\" style=\"width: 24px; height: 24px;\"><\/div>         <\/div>             <div class=\"kksr-star\" data-star=\"2\" style=\"padding-right: 5px\">               <div class=\"kksr-icon\" style=\"width: 24px; height: 24px;\"><\/div>         <\/div>             <div class=\"kksr-star\" data-star=\"3\" style=\"padding-right: 5px\">               <div class=\"kksr-icon\" style=\"width: 24px; height: 24px;\"><\/div>         <\/div>             <div class=\"kksr-star\" data-star=\"4\" style=\"padding-right: 5px\">               <div class=\"kksr-icon\" style=\"width: 24px; height: 24px;\"><\/div>         <\/div>             <div class=\"kksr-star\" data-star=\"5\" style=\"padding-right: 5px\">               <div class=\"kksr-icon\" style=\"width: 24px; height: 24px;\"><\/div>         <\/div>     <\/div>      <div class=\"kksr-stars-active\" style=\"width: 133.8px;\">             <div class=\"kksr-star\" style=\"padding-right: 5px\">               <div class=\"kksr-icon\" style=\"width: 24px; height: 24px;\"><\/div>         <\/div>             <div class=\"kksr-star\" style=\"padding-right: 5px\">               <div class=\"kksr-icon\" style=\"width: 24px; height: 24px;\"><\/div>         <\/div>             <div class=\"kksr-star\" style=\"padding-right: 5px\">               <div class=\"kksr-icon\" style=\"width: 24px; height: 24px;\"><\/div>         <\/div>             <div class=\"kksr-star\" style=\"padding-right: 5px\">               <div class=\"kksr-icon\" style=\"width: 24px; height: 24px;\"><\/div>         <\/div>             <div class=\"kksr-star\" style=\"padding-right: 5px\">               <div class=\"kksr-icon\" style=\"width: 24px; height: 24px;\"><\/div>         <\/div>     <\/div> <\/div>                   <div class=\"kksr-legend\" style=\"font-size: 19.2px;\">             4,7\/5 - (28 Stimmen)    <\/div>     <\/div>  <p class=\"translation-block\">Die <strong>Shisha-Kohle-Produktionslinie<\/strong> ist ein Kohlebrikett-Produktionssystem mit einer breiten Palette von Rohmaterialien. Zum Beispiel Holzholzkohle, Fruchtkohle, Reisholzkohle, Kokosnussschalenkohle, Bambuskohle, Kohlepulver usw. Der Produktionsprozess von allgemeiner Shisha-Kohle umfasst haupts\u00e4chlich Karbonisierung, Zerkleinerung, R\u00fchren, Tablettierung, Trocknung und Verpackung. Das endg\u00fcltig erhaltene Shisha-Kohleprodukt muss die Eigenschaften von hoher H\u00e4rte, geringem Aschegehalt und langer Brenndauer aufweisen. Die Shisha-Kohlebrikett-Produktionslinie ist ein vielversprechendes Gesch\u00e4ft f\u00fcr viele Kunden, die in der Kohleproduktion t\u00e4tig sind. Daher ist es ein Projekt mit hoher Rendite. Willkommen zur Anfrage, und wir werden Ihnen einen Rabatt gew\u00e4hren.<\/p>    <figure class=\"wp-block-image aligncenter size-full\"><img loading=\"lazy\" decoding=\"async\" width=\"720\" height=\"540\" src=\"https:\/\/charcoalplant.com\/wp-content\/uploads\/2021\/12\/shisha-charcoal-production-line-for-sale-1.jpg\" alt=\"Shisha-Kohle-Produktionslinie zu verkaufen\" class=\"wp-image-1386\" srcset=\"https:\/\/charcoalplant.com\/wp-content\/uploads\/2021\/12\/shisha-charcoal-production-line-for-sale-1.jpg 720w, https:\/\/charcoalplant.com\/wp-content\/uploads\/2021\/12\/shisha-charcoal-production-line-for-sale-1-300x225.jpg 300w\" sizes=\"auto, (max-width: 720px) 100vw, 720px\" \/><figcaption class=\"wp-element-caption\">Shisha-Kohle-Produktionslinie zu verkaufen<\/figcaption><\/figure>    <h2 class=\"wp-block-heading\"><strong>Rohstoffe f\u00fcr die Produktionslinie f\u00fcr Wasserpfeifenkohle<\/strong><\/h2>    <p>Als Rohstoffe f\u00fcr Wasserpfeifenkohle k\u00f6nnen alle Arten von Holzkohle verwendet werden. Allerdings w\u00e4hlen allgemeine Kunden die folgenden Rohstoffe, um hochwertige Shisha-Kohle herzustellen. Zum Beispiel Kokosnussschalenkohle, Reisschalenkohle, Palmenschalenkohle, Hartkohle, Fruchtkohle, Bambuskohle usw. Diese Holzkohle zeichnet sich durch einen hohen Kohlenstoffgehalt, eine gute Farbe und wenige Verunreinigungen aus. Daher erfreuen sich daraus hergestellte Shisha-Holzkohlebriketts auch gro\u00dfer Beliebtheit auf dem Markt.<\/p>    <figure class=\"wp-block-image aligncenter size-full is-resized\"><img loading=\"lazy\" decoding=\"async\" src=\"https:\/\/charcoalplant.com\/wp-content\/uploads\/2022\/03\/raw-materials-of-shisha-charcoal-production-line-.jpg\" alt=\"Rohstoffe-der-Shisha-Kohle-Produktionslinie\" class=\"wp-image-2737\" width=\"652\" height=\"489\"\/><figcaption class=\"wp-element-caption\">Rohstoffe-der-Shisha-Kohle-Produktionslinie<\/figcaption><\/figure>    <h2 class=\"wp-block-heading\" id=\"h-shisha-charcoal-production-line-process\"><strong>Prozess der Shisha-Kohle-Produktionslinie<\/strong><\/h2>    <p class=\"translation-block\">Ein vollst\u00e4ndiger Produktionsprozess der Shisha-Kohle-Produktionslinie umfasst die folgenden Schritte: <strong>Karbonisierung\u2192Zerkleinerung\u2192Mischung\u2192Tablettierung\u2192Trocknung\u2192Verpackung<\/strong>. <\/p>    <p class=\"translation-block\">Im Allgemeinen umfasst der Produktionsprozess von Shisha-Kohle einen <a href=\"https:\/\/charcoalplant.com\/de\/rotary-carbonization-furnace\/\"><strong>Karbonisierungsofen<\/strong><\/a>, Hammerm\u00fchle, Kohlem\u00fchlenmischer, Shisha-Kohle-Tablettiermaschine, Trockner, <a href=\"https:\/\/charcoalplant.com\/de\/product\/briquettes-packing-machine\/\">Verpackungsmaschine<\/a> und andere Ausr\u00fcstungen.<\/p>    <h2 class=\"wp-block-heading\" id=\"h-shisha-charcoal-related-equipment\"><strong>Hauptteil von<\/strong> <strong>Linie zur Herstellung von Shisha-Kohle<\/strong> <\/h2>    <p>Eine Produktionslinie f\u00fcr Shisha-Kohle besteht aus einer Reihe von Maschinen und Ger\u00e4ten, die zur Herstellung von Shisha-Kohle, auch Shisha-Kohle oder Narghile-Kohle genannt, verwendet werden. Shisha-Holzkohle ist eine Holzkohleart, die speziell f\u00fcr die Verwendung in Shisha-Pfeifen entwickelt wurde, bei denen es sich um Wasserpfeifen handelt, die zum Rauchen von aromatisiertem Tabak verwendet werden. Hier sind die Hauptteile der Shisha-Kohle-Produktionslinie. <\/p>    <div class=\"wp-block-media-text is-stacked-on-mobile is-vertically-aligned-center has-background\" style=\"background-color:#f1f1f1;grid-template-columns:48% auto\"><figure class=\"wp-block-media-text__media\"><img loading=\"lazy\" decoding=\"async\" width=\"720\" height=\"540\" src=\"https:\/\/charcoalplant.com\/wp-content\/uploads\/2022\/02\/new-charcoal-machine-factory.jpg\" alt=\"Neue Fabrik f\u00fcr Holzkohlemaschinen\" class=\"wp-image-2306 size-full\"\/><\/figure><div class=\"wp-block-media-text__content\"> <h3 class=\"wp-block-heading\" id=\"block-2c7ba278-a6f5-4a83-aca8-8584a0673829\"><strong>Kontinuierlicher Schwelofen (Karbonisierung)<\/strong><\/h3>    <p id=\"block-6ef1ff9c-a213-47d7-bdd4-b264e16dcff5\" class=\"translation-block\">Es hat eine breite Palette von Rohmaterialien. Es ist normalerweise ein kleines, leichtes Material. Zum Beispiel S\u00e4gemehl, Reish\u00fclsen, Holzsp\u00e4ne usw. Daher k\u00f6nnen die Holzpellets direkt verkohlt werden. Da Shisha-Kohle hohe Anforderungen an die Feinheit der Rohmaterialien hat. Daher empfehlen wir Ihnen die Verwendung einer <strong><a href=\"https:\/\/charcoalplant.com\/de\/product\/charcoal-raymond-mill\/\">Raymond-M\u00fchle<\/a><\/strong>. Sie kann Kohlepulver auf 80 Mesh mahlen.<\/p> <\/div><\/div>    <p><\/p>    <div class=\"wp-block-media-text is-stacked-on-mobile has-background\" style=\"background-color:#f1f1f1;grid-template-columns:48% auto\"><figure class=\"wp-block-media-text__media\"><img loading=\"lazy\" decoding=\"async\" width=\"720\" height=\"540\" src=\"https:\/\/charcoalplant.com\/wp-content\/uploads\/2021\/11\/industrail-hammer-mill-2-1.jpg\" alt=\"Hammerm\u00fchle\" class=\"wp-image-919 size-full\" srcset=\"https:\/\/charcoalplant.com\/wp-content\/uploads\/2021\/11\/industrail-hammer-mill-2-1.jpg 720w, https:\/\/charcoalplant.com\/wp-content\/uploads\/2021\/11\/industrail-hammer-mill-2-1-300x225.jpg 300w\" sizes=\"auto, (max-width: 720px) 100vw, 720px\" \/><\/figure><div class=\"wp-block-media-text__content\"> <h3 class=\"wp-block-heading\" id=\"block-d292d0f5-cd4e-460c-a827-1f42d17438d1\"><strong><a href=\"https:\/\/charcoalplant.com\/de\/hammer-mill\/\">Hammerm\u00fchle (Zerkleinern)<\/a><\/strong><\/h3>    <p id=\"block-248dfed8-ba5f-451a-aefc-b794e1a41cf5\">Wenn es sich bei Ihrem Rohmaterial um Obstholz, Hartholz usw. handelt, m\u00fcssen Sie zum Karbonisieren einen vertikalen Karbonisierungsofen verwenden. Verwenden Sie dann einen Holzkohlebrecher, um die Holzkohle in 1\u00a0mm feines Holzkohlepulver zu zerkleinern.<\/p> <\/div><\/div>    <p><\/p>    <div class=\"wp-block-media-text is-stacked-on-mobile has-background\" style=\"background-color:#f1f1f1;grid-template-columns:48% auto\"><figure class=\"wp-block-media-text__media\"><img loading=\"lazy\" decoding=\"async\" width=\"720\" height=\"540\" src=\"https:\/\/charcoalplant.com\/wp-content\/uploads\/2021\/12\/charcoal-powder-mixer-plant-2.jpg\" alt=\"Mischanlage f\u00fcr Holzkohlepulver\" class=\"wp-image-1534 size-full\" srcset=\"https:\/\/charcoalplant.com\/wp-content\/uploads\/2021\/12\/charcoal-powder-mixer-plant-2.jpg 720w, https:\/\/charcoalplant.com\/wp-content\/uploads\/2021\/12\/charcoal-powder-mixer-plant-2-300x225.jpg 300w\" sizes=\"auto, (max-width: 720px) 100vw, 720px\" \/><\/figure><div class=\"wp-block-media-text__content\"> <h3 class=\"wp-block-heading\" id=\"block-c92140a9-62a6-4cf3-8824-1532a0770896\"><strong>Holzkohle-M\u00fchle-Mixer\u00a0(Mischen)<\/strong><\/h3>    <p id=\"block-46af9a7d-8508-4f71-b7f5-05e660d85bc9\">Seine Funktion besteht darin, das Holzkohlepulver und das Bindemittel vollst\u00e4ndig zu vermischen. Das Material kann von unten ausgetragen werden, was sehr praktisch ist. Sie k\u00f6nnen es auch mit einem Mischbeh\u00e4lter verwenden, um das Klebstoffverh\u00e4ltnis im Voraus vorzubereiten.<\/p> <\/div><\/div>    <p><\/p>    <div class=\"wp-block-media-text is-stacked-on-mobile has-background\" style=\"background-color:#f1f1f1;grid-template-columns:48% auto\"><figure class=\"wp-block-media-text__media\"><img loading=\"lazy\" decoding=\"async\" width=\"720\" height=\"540\" src=\"https:\/\/charcoalplant.com\/wp-content\/uploads\/2021\/12\/best-shisha-charcoal-machine-supplier-1.jpg\" alt=\"bester Lieferant von Shisha-Kohlemaschinen\" class=\"wp-image-1356 size-full\" srcset=\"https:\/\/charcoalplant.com\/wp-content\/uploads\/2021\/12\/best-shisha-charcoal-machine-supplier-1.jpg 720w, https:\/\/charcoalplant.com\/wp-content\/uploads\/2021\/12\/best-shisha-charcoal-machine-supplier-1-300x225.jpg 300w\" sizes=\"auto, (max-width: 720px) 100vw, 720px\" \/><\/figure><div class=\"wp-block-media-text__content\"> <h3 class=\"wp-block-heading\" id=\"block-7ccae6f1-09f7-4c54-9576-31aa2cd1a410\"><strong>Shisha-Kohle-Tablettenpresse (Tablettieren)<\/strong><\/h3>    <p id=\"block-8f4b98f8-4c55-42cf-a94c-1811b4f5a15a\">Wir haben drei Arten von Shisha-Kohletablettenmaschinen zur Auswahl. Dabei handelt es sich um eine mechanische Shisha-Holzkohle-Tablettenpresse, eine hydraulische Shisha-Holzkohle-Tablettenpresse und eine Shisha-Holzkohle-Tablettenmaschine aus Edelstahl. Sie k\u00f6nnen sie entsprechend Ihrer Ausgabegr\u00f6\u00dfe ausw\u00e4hlen.<\/p> <\/div><\/div>    <p><\/p>    <div class=\"wp-block-media-text is-stacked-on-mobile has-background\" style=\"background-color:#f1f1f1\"><figure class=\"wp-block-media-text__media\"><img loading=\"lazy\" decoding=\"async\" width=\"720\" height=\"540\" src=\"https:\/\/charcoalplant.com\/wp-content\/uploads\/2021\/12\/shaisha-charcoal-drying-room-1.jpg\" alt=\"Trockenraum f\u00fcr Shaisha-Kohle\" class=\"wp-image-1492 size-full\" srcset=\"https:\/\/charcoalplant.com\/wp-content\/uploads\/2021\/12\/shaisha-charcoal-drying-room-1.jpg 720w, https:\/\/charcoalplant.com\/wp-content\/uploads\/2021\/12\/shaisha-charcoal-drying-room-1-300x225.jpg 300w\" sizes=\"auto, (max-width: 720px) 100vw, 720px\" \/><\/figure><div class=\"wp-block-media-text__content\"> <h3 class=\"wp-block-heading\" id=\"block-ddcdd883-b2de-428f-834b-2ecafea7ab3e\"><strong><a href=\"https:\/\/charcoalplant.com\/de\/drying-machine\/charcoal-briquette-dryer\/\">Trockenraum (Trocknung)<\/a><\/strong><\/h3>    <p id=\"block-004ea219-d813-4bb7-98e8-26221c9011cb\" class=\"translation-block\">Der Wassergehalt der gerade hergestellten Shisha-Kohle ist zu hoch, um den Nutzungsstandard zu erf\u00fcllen. Daher ist eine Trocknung erforderlich. Hier ist der <strong><a href=\"https:\/\/charcoalplant.com\/de\/info\/what-dryer-should-i-use-for-hookah-charcoal\/\">Trockenraum<\/a><\/strong>. Es ist eine einfache und praktische Trocknungsanlage. Wir haben auch Bandtrockner zur Auswahl.<\/p> <\/div><\/div>    <p><\/p>    <h2 class=\"wp-block-heading\"><strong>Verpackungsmaschine f\u00fcr Shisha-Briketts <\/strong><\/h2>    <p class=\"translation-block\">F\u00fcr runde Shisha-Kohle empfehlen wir Ihnen die Wahl einer<strong><a href=\"https:\/\/charcoalplant.com\/de\/briquettes-packing-machine\/charcoal-briquettes-packing-machine\/\">Kissenverpackungsmaschine<\/a><\/strong>. Sie umfasst einen F\u00f6rderbereich und einen Materialhandhabungsbereich. Wenn Sie gen\u00fcgend Arbeitskr\u00e4fte haben, k\u00f6nnen Sie auch nur die Verpackungsmaschine w\u00e4hlen. F\u00fcr Verpackungsbeutel k\u00f6nnen wir Designhersteller f\u00fcr die Gestaltung von Mustern, Texten und anderen Informationen bereitstellen. F\u00fcr quadratische Shisha-Kohle empfehlen wir die Verwendung einer quantitativen Verpackungsmaschine.<\/p>    <figure class=\"wp-block-gallery has-nested-images columns-default is-cropped wp-block-gallery-2 is-layout-flex wp-block-gallery-is-layout-flex\"> <figure class=\"wp-block-image size-large\"><a href=\"https:\/\/tianhuipackingmachine.com\/shisha-charcoal-packing-machine\/\" target=\"_blank\" rel=\"noopener\"><img loading=\"lazy\" decoding=\"async\" width=\"720\" height=\"540\" data-id=\"1398\" src=\"https:\/\/charcoalplant.com\/wp-content\/uploads\/2021\/12\/shisha-briket-packing-machine-1.jpg\" alt=\"Shisha-Bricket-Verpackungsmaschine\" class=\"wp-image-1398\" srcset=\"https:\/\/charcoalplant.com\/wp-content\/uploads\/2021\/12\/shisha-briket-packing-machine-1.jpg 720w, https:\/\/charcoalplant.com\/wp-content\/uploads\/2021\/12\/shisha-briket-packing-machine-1-300x225.jpg 300w\" sizes=\"auto, (max-width: 720px) 100vw, 720px\" \/><\/a><figcaption class=\"wp-element-caption\">Shisha-Bricket-Verpackungsmaschine<\/figcaption><\/figure>    <figure class=\"wp-block-image size-large\"><img loading=\"lazy\" decoding=\"async\" width=\"720\" height=\"540\" data-id=\"1431\" src=\"https:\/\/charcoalplant.com\/wp-content\/uploads\/2021\/12\/shisha-charcoal-production-line-1-1.jpg\" alt=\"Produktionslinie f\u00fcr Shisha-Kohle\" class=\"wp-image-1431\" srcset=\"https:\/\/charcoalplant.com\/wp-content\/uploads\/2021\/12\/shisha-charcoal-production-line-1-1.jpg 720w, https:\/\/charcoalplant.com\/wp-content\/uploads\/2021\/12\/shisha-charcoal-production-line-1-1-300x225.jpg 300w\" sizes=\"auto, (max-width: 720px) 100vw, 720px\" \/><figcaption class=\"wp-element-caption\">Produktionslinie f\u00fcr Shisha-Kohle<\/figcaption><\/figure> <\/figure>    <h2 class=\"wp-block-heading\" id=\"h-hookah-charcoal-project-line-hopper\"><strong>Projektleitungstrichter f\u00fcr Shisha-Kohle<\/strong><\/h2>    <p>Die Produktionslinie f\u00fcr Shisha-Kohle ist im Allgemeinen mit verschiedenen Funktionstrichtern ausgestattet, die haupts\u00e4chlich zur Lagerung von Materialien dienen.<\/p>    <p class=\"translation-block\"><strong>Kohlepulver-Vorratsbeh\u00e4lter<\/strong><\/p>    <p>Es wird im Allgemeinen vor dem Holzkohlepulvermischer platziert, um die vorbereiteten Materialien zu lagern und eine Rolle bei der Pufferung des Produktionsprozesses zu spielen.<\/p>    <p class=\"translation-block\"><strong>Kohlenstaubverteiler<\/strong><\/p>    <p>Es wird im Allgemeinen vor der Shisha-Kohlepresse platziert, um das verarbeitete Holzkohlepulver aufzubewahren. Dar\u00fcber hinaus verf\u00fcgt es \u00fcber eine Vielzahl von Spezifikationen. So kann es die Arbeitsanforderungen mehrerer Shisha-Holzkohle-Tablettenpressen erf\u00fcllen.<\/p>    <figure class=\"wp-block-gallery has-nested-images columns-default is-cropped wp-block-gallery-3 is-layout-flex wp-block-gallery-is-layout-flex\"> <figure class=\"wp-block-image size-large\"><img loading=\"lazy\" decoding=\"async\" width=\"720\" height=\"540\" data-id=\"1434\" src=\"https:\/\/charcoalplant.com\/wp-content\/uploads\/2021\/12\/storage-bin-1.jpg\" alt=\"Lagerplatz\" class=\"wp-image-1434\" srcset=\"https:\/\/charcoalplant.com\/wp-content\/uploads\/2021\/12\/storage-bin-1.jpg 720w, https:\/\/charcoalplant.com\/wp-content\/uploads\/2021\/12\/storage-bin-1-300x225.jpg 300w\" sizes=\"auto, (max-width: 720px) 100vw, 720px\" \/><figcaption class=\"wp-element-caption\">Lagerplatz<\/figcaption><\/figure>    <figure class=\"wp-block-image size-large\"><img loading=\"lazy\" decoding=\"async\" width=\"720\" height=\"540\" data-id=\"1432\" src=\"https:\/\/charcoalplant.com\/wp-content\/uploads\/2021\/12\/charcoal-dust-distributor-1-1.jpg\" alt=\"Holzkohle-Staub-Verteiler\" class=\"wp-image-1432\" srcset=\"https:\/\/charcoalplant.com\/wp-content\/uploads\/2021\/12\/charcoal-dust-distributor-1-1.jpg 720w, https:\/\/charcoalplant.com\/wp-content\/uploads\/2021\/12\/charcoal-dust-distributor-1-1-300x225.jpg 300w\" sizes=\"auto, (max-width: 720px) 100vw, 720px\" \/><figcaption class=\"wp-element-caption\">Holzkohle-Staub-Verteiler<\/figcaption><\/figure> <\/figure>    <h2 class=\"wp-block-heading\"><strong>Vorteile der Shisha-Kohleherstellungsmaschine von Shuliy<\/strong><\/h2>    <ul class=\"wp-block-list\"> <li>Wir sind ein Hersteller von Projektlinien f\u00fcr Shisha-Kohle mit mehr als 10 Jahren Erfahrung.<\/li>    <li>Wir stellen alle Arten professioneller Anlagen zur Herstellung von Wasserpfeifenkohle her. Wie Karbonisierungs\u00f6fen, Holzkohlepulverisierer, Raymond-M\u00fchle, Shisha-Holzkohleformmaschine usw.<\/li>    <li>Wir bieten unseren Kunden unterschiedliche Produktionsl\u00f6sungen entsprechend ihren spezifischen Rohstoff- und Produktionsanforderungen.<\/li>    <li>Unser Werk kann Kunden jederzeit mit Originalersatzteilen versorgen.<\/li>    <li>Wir bieten unseren Kunden kostenlose Installations- und Inbetriebnahmedienste an.<\/li> <\/ul>    <h2 class=\"wp-block-heading\">Feedback-Video von unserem indonesischen Shisha-Kohle-Produktionslinienkunden<\/h2>    <figure class=\"wp-block-embed is-type-video is-provider-youtube wp-block-embed-youtube wp-embed-aspect-16-9 wp-has-aspect-ratio\"><div class=\"wp-block-embed__wrapper\"> <iframe loading=\"lazy\" title=\"Gro\u00dfer Erfolg! Feedback-Video von unserem indonesischen Shisha-Kohle-Produktionslinienkunden.\" width=\"500\" height=\"281\" src=\"https:\/\/www.youtube.com\/embed\/y8KqVzqN32A?feature=oembed\" frameborder=\"0\" allow=\"accelerometer; autoplay; clipboard-write; encrypted-media; gyroscope; picture-in-picture; web-share\" referrerpolicy=\"strict-origin-when-cross-origin\" allowfullscreen><\/iframe> <\/div><\/figure>    <h2 class=\"wp-block-heading\" id=\"h-how-to-choose-shisha-charcoal-tablet-equipment\"><strong>Wie w\u00e4hlt man die Ausr\u00fcstung f\u00fcr Shisha-Kohletabletten aus?<\/strong><\/h2>    <p>Wenn es sich bei Ihrem Rohmaterial um Holzkohlepulver handelt, k\u00f6nnen Sie direkt einen Holzkohlepulvermischer ausw\u00e4hlen, um das Holzkohlepulver f\u00fcr die Herstellung von Wasserpfeifenkohle zu verarbeiten.<br>Wenn Sie ein erfahrener Hersteller von Wasserpfeifenkohle sind und eine qualitativ hochwertige Produktion in gro\u00dfen Mengen ben\u00f6tigen, empfehlen wir Ihnen, sich f\u00fcr eine Hubbly-Holzkohlemaschine aus Edelstahl oder eine Rotationstablettenpresse zu entscheiden. Denn die beiden Shisha-Kohle-Tablettenpressen nutzen CNC-Technik. Daher handelt es sich um zwei Arten von Ger\u00e4ten, mit denen eine hochautomatisierte Produktion realisiert werden kann. Au\u00dferdem sind sie weniger anf\u00e4llig f\u00fcr Besch\u00e4digungen und lassen sich leicht anpassen.<\/p>    <figure class=\"wp-block-gallery has-nested-images columns-default is-cropped wp-block-gallery-4 is-layout-flex wp-block-gallery-is-layout-flex\"> <figure class=\"wp-block-image size-full\"><img loading=\"lazy\" decoding=\"async\" width=\"720\" height=\"540\" data-id=\"1918\" src=\"https:\/\/charcoalplant.com\/wp-content\/uploads\/2022\/01\/rotary-tablet-press-plant-tuya_\u7ed3\u679c.jpg\" alt=\"Rotations-Shisha-Tablettenpressenanlage\" class=\"wp-image-1918\"\/><figcaption class=\"wp-element-caption\">Rotations-Shisha-Tablettenpressenanlage<\/figcaption><\/figure>    <figure class=\"wp-block-image size-large\"><img loading=\"lazy\" decoding=\"async\" width=\"720\" height=\"540\" data-id=\"2742\" src=\"https:\/\/charcoalplant.com\/wp-content\/uploads\/2022\/03\/PLC.jpg\" alt=\"SPS\" class=\"wp-image-2742\"\/><figcaption class=\"wp-element-caption\">SPS<\/figcaption><\/figure> <\/figure>    <h2 class=\"wp-block-heading\"><strong>So stellen Sie hochwertige Shisha-Kohle her<\/strong><strong>?<\/strong><strong><\/strong><\/h2>    <p>Wenn Sie hochwertige Shisha-Kohle herstellen m\u00f6chten, m\u00fcssen Sie zun\u00e4chst die Eigenschaften hochwertiger Shisha-Kohle verstehen. Der Untersuchung zufolge weisen die in den Augen der Araber hochwertigen Kohlekompakte folgende Eigenschaften auf: <\/p>    <p>1. Die Shisha-Kohlest\u00fccke werden innerhalb von 1 Minute entz\u00fcndet. <\/p>    <p>2. Ein St\u00fcck Shisha-Kohle kann mindestens 1 Stunde lang verbrannt werden. <\/p>    <p>3. Verbrannte Shisha-Kohle ist klumpig.<\/p>    <p>4. Bei der Verbrennung entsteht kein Rauch. <\/p>    <p>5. Kein eigenartiger Geruch beim Verbrennen. <\/p>    <p>Um die oben genannten Bedingungen zu erf\u00fcllen, m\u00fcssen Sie zun\u00e4chst gute Rohstoffe ausw\u00e4hlen. Zum Beispiel Kokosnussschalenkohle. Zweitens sind auch die Auswahl und das Verh\u00e4ltnis der Klebstoffe im Produktionsprozess sehr wichtig. Schlie\u00dflich gilt: Je h\u00f6her die Tonnage der Holzkohlebrikettmaschine, desto besser.<\/p>    <figure class=\"wp-block-image aligncenter size-full\"><img loading=\"lazy\" decoding=\"async\" width=\"720\" height=\"540\" src=\"https:\/\/charcoalplant.com\/wp-content\/uploads\/2022\/03\/hookah-briquette-manufacturer.jpg\" alt=\"Hersteller von Shisha-Briketts\" class=\"wp-image-2740\"\/><\/figure>","protected":false},"excerpt":{"rendered":"<p>Shisha Charcoal Production Line ist eine Produktionsausr\u00fcstung mit geringer Investition und hoher Rendite.  Shisha Charcoal ist heutzutage auch ein beliebter Kraftstoff.<\/p>","protected":false},"author":1,"featured_media":1386,"parent":0,"template":"","tags":[59],"product-type":[53],"class_list":["post-1372","product","type-product","status-publish","has-post-thumbnail","hentry","tag-charcoal-briquetting-machine","product-type-product-line"],"_links":{"self":[{"href":"https:\/\/charcoalplant.com\/de\/wp-json\/wp\/v2\/product\/1372","targetHints":{"allow":["GET"]}}],"collection":[{"href":"https:\/\/charcoalplant.com\/de\/wp-json\/wp\/v2\/product"}],"about":[{"href":"https:\/\/charcoalplant.com\/de\/wp-json\/wp\/v2\/types\/product"}],"author":[{"embeddable":true,"href":"https:\/\/charcoalplant.com\/de\/wp-json\/wp\/v2\/users\/1"}],"wp:featuredmedia":[{"embeddable":true,"href":"https:\/\/charcoalplant.com\/de\/wp-json\/wp\/v2\/media\/1386"}],"wp:attachment":[{"href":"https:\/\/charcoalplant.com\/de\/wp-json\/wp\/v2\/media?parent=1372"}],"wp:term":[{"taxonomy":"post_tag","embeddable":true,"href":"https:\/\/charcoalplant.com\/de\/wp-json\/wp\/v2\/tags?post=1372"},{"taxonomy":"product-type","embeddable":true,"href":"https:\/\/charcoalplant.com\/de\/wp-json\/wp\/v2\/product-type?post=1372"}],"curies":[{"name":"wp","href":"https:\/\/api.w.org\/{rel}","templated":true}]}}