{"id":1439,"date":"2021-12-20T07:47:23","date_gmt":"2021-12-20T07:47:23","guid":{"rendered":"https:\/\/charcoalplant.com\/?p=1439"},"modified":"2023-01-10T09:51:39","modified_gmt":"2023-01-10T01:51:39","slug":"coal-briquettes-production-line","status":"publish","type":"product","link":"https:\/\/charcoalplant.com\/de\/coal-briquettes-production-line\/","title":{"rendered":"Produktionslinie f\u00fcr Kohlebriketts"},"content":{"rendered":"<div class=\"kk-star-ratings kksr-auto kksr-align-left kksr-valign-top\"     data-payload='{&quot;align&quot;:&quot;left&quot;,&quot;id&quot;:&quot;1439&quot;,&quot;slug&quot;:&quot;default&quot;,&quot;valign&quot;:&quot;top&quot;,&quot;ignore&quot;:&quot;&quot;,&quot;reference&quot;:&quot;auto&quot;,&quot;class&quot;:&quot;&quot;,&quot;count&quot;:&quot;20&quot;,&quot;legendonly&quot;:&quot;&quot;,&quot;readonly&quot;:&quot;&quot;,&quot;score&quot;:&quot;4.6&quot;,&quot;starsonly&quot;:&quot;&quot;,&quot;best&quot;:&quot;5&quot;,&quot;gap&quot;:&quot;5&quot;,&quot;greet&quot;:&quot;Rate this product&quot;,&quot;legend&quot;:&quot;4.6\\\/5 - (20 votes)&quot;,&quot;size&quot;:&quot;24&quot;,&quot;title&quot;:&quot;Coal Briquettes Production Line&quot;,&quot;width&quot;:&quot;130.9&quot;,&quot;_legend&quot;:&quot;{score}\\\/{best} - ({count} {votes})&quot;,&quot;font_factor&quot;:&quot;1.25&quot;}'>              <div class=\"kksr-stars\">      <div class=\"kksr-stars-inactive\">             <div class=\"kksr-star\" data-star=\"1\" style=\"padding-right: 5px\">               <div class=\"kksr-icon\" style=\"width: 24px; height: 24px;\"><\/div>         <\/div>             <div class=\"kksr-star\" data-star=\"2\" style=\"padding-right: 5px\">               <div class=\"kksr-icon\" style=\"width: 24px; height: 24px;\"><\/div>         <\/div>             <div class=\"kksr-star\" data-star=\"3\" style=\"padding-right: 5px\">               <div class=\"kksr-icon\" style=\"width: 24px; height: 24px;\"><\/div>         <\/div>             <div class=\"kksr-star\" data-star=\"4\" style=\"padding-right: 5px\">               <div class=\"kksr-icon\" style=\"width: 24px; height: 24px;\"><\/div>         <\/div>             <div class=\"kksr-star\" data-star=\"5\" style=\"padding-right: 5px\">               <div class=\"kksr-icon\" style=\"width: 24px; height: 24px;\"><\/div>         <\/div>     <\/div>      <div class=\"kksr-stars-active\" style=\"width: 130.9px;\">             <div class=\"kksr-star\" style=\"padding-right: 5px\">               <div class=\"kksr-icon\" style=\"width: 24px; height: 24px;\"><\/div>         <\/div>             <div class=\"kksr-star\" style=\"padding-right: 5px\">               <div class=\"kksr-icon\" style=\"width: 24px; height: 24px;\"><\/div>         <\/div>             <div class=\"kksr-star\" style=\"padding-right: 5px\">               <div class=\"kksr-icon\" style=\"width: 24px; height: 24px;\"><\/div>         <\/div>             <div class=\"kksr-star\" style=\"padding-right: 5px\">               <div class=\"kksr-icon\" style=\"width: 24px; height: 24px;\"><\/div>         <\/div>             <div class=\"kksr-star\" style=\"padding-right: 5px\">               <div class=\"kksr-icon\" style=\"width: 24px; height: 24px;\"><\/div>         <\/div>     <\/div> <\/div>                   <div class=\"kksr-legend\" style=\"font-size: 19.2px;\">             4,6\/5 \u2013 (20 Stimmen)    <\/div>     <\/div>  <p class=\"translation-block\"><strong>Kohlebrikett-Produktionslinie<\/strong> verwendet Kohle als Rohmaterial zur Herstellung von Briketts, Kohlerohren und anderen Endprodukten. Das Kohlepulverbrikett hat die Eigenschaften der Umweltverschmutzung, langen Brenndauer und gro\u00dfer Marktnachfrage. Und die Kohlepressmaschine ist das Kernger\u00e4t in der <strong><a href=\"https:\/\/charcoalplant.com\/de\/bbq-coal-production-line\/\">BBQ-Kohlebrikett-Produktionslinie<\/a><\/strong>. Unsere Fabrik bietet ma\u00dfgeschneiderte Formen und Ersatzteile f\u00fcr Maschinen an. Bitte teilen Sie uns Ihre Kaufabsicht mit. Zus\u00e4tzlich wird Ihnen Shuliy hochwertige Gesch\u00e4ftsdienstleistungen bieten.<\/p>    <figure class=\"wp-block-image aligncenter size-full\"><img loading=\"lazy\" decoding=\"async\" width=\"720\" height=\"540\" src=\"https:\/\/charcoalplant.com\/wp-content\/uploads\/2021\/12\/coal-briquettes-production-line-for-sale-1-1.jpg\" alt=\"Produktionslinie f\u00fcr Kohlebriketts zu verkaufen\" class=\"wp-image-1440\" srcset=\"https:\/\/charcoalplant.com\/wp-content\/uploads\/2021\/12\/coal-briquettes-production-line-for-sale-1-1.jpg 720w, https:\/\/charcoalplant.com\/wp-content\/uploads\/2021\/12\/coal-briquettes-production-line-for-sale-1-1-300x225.jpg 300w\" sizes=\"auto, (max-width: 720px) 100vw, 720px\" \/><figcaption class=\"wp-element-caption\">Produktionslinie f\u00fcr Kohlebriketts zu verkaufen<\/figcaption><\/figure>    <h2 class=\"wp-block-heading\"><strong>Arbeitsablauf der Produktionslinie f\u00fcr Kohlebriketts<\/strong><\/h2>    <p>Der erste Schritt beim Betrieb des Kohlebrikettprojekts besteht darin, die Kohleklumpen mithilfe eines Kohleverbundbrechers zu Pulver zu pulverisieren. Zweitens verwenden Sie einen Doppelwellenmischer, um das Kohlepulver und das Bindemittel gleichm\u00e4\u00dfig zu vermischen. Der dritte Schritt besteht darin, den gemischten Kohlenstaub zur Lagerung in das Silo zu transportieren. Der vierte Schritt besteht darin, die pulverisierte Kohle im Silo zur Kohlebrikettiermaschine zu transportieren, um Briketts herzustellen. Der f\u00fcnfte Schritt besteht darin, den Kohlestein mit Trocknungsger\u00e4ten zu trocknen. Verpacken Sie die getrockneten Briketts abschlie\u00dfend in einer Plastikverpackung.<\/p>    <div class=\"wp-block-columns is-layout-flex wp-container-core-columns-is-layout-28f84493 wp-block-columns-is-layout-flex\"> <div class=\"wp-block-column is-layout-flow wp-block-column-is-layout-flow\"> <figure class=\"wp-block-image size-full\"><img loading=\"lazy\" decoding=\"async\" width=\"720\" height=\"540\" src=\"https:\/\/charcoalplant.com\/wp-content\/uploads\/2022\/01\/coal.jpg\" alt=\"Kohle\" class=\"wp-image-1980\"\/><figcaption class=\"wp-element-caption\">Kohle<\/figcaption><\/figure> <\/div>    <div class=\"wp-block-column is-layout-flow wp-block-column-is-layout-flow\"> <figure class=\"wp-block-image size-full\"><img loading=\"lazy\" decoding=\"async\" width=\"720\" height=\"540\" src=\"https:\/\/charcoalplant.com\/wp-content\/uploads\/2021\/12\/coal-briquette-plant.jpg\" alt=\"Kohlebrikett \" class=\"wp-image-2908\"\/><figcaption class=\"wp-element-caption\">Kohlebrikett <\/figcaption><\/figure> <\/div> <\/div>    <h2 class=\"wp-block-heading\"><strong>Struktur der Kohlebrikettherstellung <\/strong>Anlage<\/h2>    <p class=\"translation-block\">Die Brikettierlinie f\u00fcr Kohle ist relativ einfach aufgebaut. Daher werden weniger Ger\u00e4te ben\u00f6tigt. Das Rohmaterial f\u00fcr die Brikettierlinie ist haupts\u00e4chlich Kohle. Als Rohmaterial kann auch Holzkohle dienen. Der Prozess der Herstellung von Briketts aus Kohle als Rohmaterial ist <strong>Kohle<\/strong> <strong>Zerkleinern \u2192 Mischen \u2192 Zuf\u00fchren \u2192 Brikettieren \u2192 Trocknen \u2192 Verpacken<\/strong>.<\/p>    <h3 class=\"wp-block-heading\" id=\"h-related-equipment-for-coal-powder-briquettes-production-line\"><strong>Zugeh\u00f6rige Ausr\u00fcstung f\u00fcr die Produktionslinie f\u00fcr Kohlepulverbriketts<\/strong><\/h3>    <p>Im Folgenden werden die Ger\u00e4te und Ger\u00e4tefunktionen vorgestellt, die die Produktionslinie f\u00fcr Kohlebriketts verwenden muss.<\/p>    <div class=\"wp-block-media-text is-stacked-on-mobile has-background\" style=\"background-color:#f1f1f1;grid-template-columns:52% auto\"><figure class=\"wp-block-media-text__media\"><img loading=\"lazy\" decoding=\"async\" width=\"1024\" height=\"768\" src=\"https:\/\/charcoalplant.com\/wp-content\/uploads\/2021\/12\/coal-grinder.png\" alt=\"Kohlem\u00fchle\" class=\"wp-image-2901 size-full\"\/><\/figure><div class=\"wp-block-media-text__content\"> <p id=\"block-9cb7707d-629b-4599-bfda-644ae315d61c\" class=\"translation-block\"><strong>Kohle-Verbundbrecher (Zerkleinern)<\/strong><\/p>    <p id=\"block-b9946928-7b14-4a14-adbe-efd91c263fde\" class=\"translation-block\">Es ist ein <strong><a href=\"https:\/\/charcoalplant.com\/de\/product\/charcoal-shredder\/\">multifunktionaler Brecher<\/a><\/strong>. Seine Rohmaterialien sind also Kohle, Kieselsteine, Kalkstein, Schlacke und so weiter. Er kann die Kohle schnell zu Kohlenpulver von etwa 2 mm pulverisieren.<\/p> <\/div><\/div>    <p><\/p>    <div class=\"wp-block-media-text is-stacked-on-mobile has-background\" style=\"background-color:#f1f1f1;grid-template-columns:52% auto\"><figure class=\"wp-block-media-text__media\"><img loading=\"lazy\" decoding=\"async\" width=\"720\" height=\"540\" src=\"https:\/\/charcoalplant.com\/wp-content\/uploads\/2022\/03\/coal-mixer.jpg\" alt=\"Kohlemischer\" class=\"wp-image-2844 size-full\"\/><\/figure><div class=\"wp-block-media-text__content\"> <p id=\"block-ae61028d-3563-45c6-ac38-e224c61fbf30\" class=\"translation-block\"><strong>Doppelwellenmischer (Mischen)<\/strong><\/p>    <p id=\"block-fbfd63ff-3664-4565-a9a4-49234d284162\">Es verwendet eine Doppelhelix-Klingenstruktur. Der Kohlenstaub, das Bindemittel und das Wasser werden im R\u00fchrbeh\u00e4lter vollst\u00e4ndig ger\u00fchrt und fallen dann von der Auslass\u00f6ffnung auf das F\u00f6rderband.<\/p> <\/div><\/div>    <p><\/p>    <div class=\"wp-block-media-text is-stacked-on-mobile has-background\" style=\"background-color:#f1f1f1;grid-template-columns:52% auto\"><figure class=\"wp-block-media-text__media\"><img loading=\"lazy\" decoding=\"async\" width=\"720\" height=\"540\" src=\"https:\/\/charcoalplant.com\/wp-content\/uploads\/2022\/03\/coal-powder-storage-bin.jpg\" alt=\"\" class=\"wp-image-2899 size-full\"\/><\/figure><div class=\"wp-block-media-text__content\"> <p id=\"block-31390d6d-acb7-414c-affa-62b20e5bf594\" class=\"translation-block\"><strong>Silo f\u00fcr Holzkohlepulver (Zuf\u00fchrung)<\/strong><\/p>    <p id=\"block-786c5bb7-8e08-442f-a140-529c5d58310e\">Der gemischte Kohlenstaub wird in einem Silo gelagert. Unter dem Silo befinden sich Auslass\u00f6ffnungen und Ventile. Daher kann der Kunde das Rohmaterial f\u00fcr die Brikettproduktionslinie manuell freigeben. Kurz gesagt, das Silo ist die Garantie f\u00fcr eine kontinuierliche Produktion.<\/p> <\/div><\/div>    <p><\/p>    <div class=\"wp-block-media-text is-stacked-on-mobile has-background\" style=\"background-color:#f1f1f1;grid-template-columns:51% auto\"><figure class=\"wp-block-media-text__media\"><img loading=\"lazy\" decoding=\"async\" width=\"720\" height=\"540\" src=\"https:\/\/charcoalplant.com\/wp-content\/uploads\/2021\/12\/Honeycomb-Coal-Press-Machine-1.jpg\" alt=\"Waben-Kohle-Pressmaschine\" class=\"wp-image-1351 size-full\" srcset=\"https:\/\/charcoalplant.com\/wp-content\/uploads\/2021\/12\/Honeycomb-Coal-Press-Machine-1.jpg 720w, https:\/\/charcoalplant.com\/wp-content\/uploads\/2021\/12\/Honeycomb-Coal-Press-Machine-1-300x225.jpg 300w\" sizes=\"auto, (max-width: 720px) 100vw, 720px\" \/><\/figure><div class=\"wp-block-media-text__content\"> <p class=\"translation-block\"><strong>Kohle-Herstellungsmaschine (Brikettieren)<\/strong> <\/p>    <p id=\"block-e38ef78e-6d23-4e42-85dc-3581070cb507\" class=\"translation-block\">Es <strong><a href=\"https:\/\/charcoalplant.com\/de\/product\/honeycomb-coal-press-machine\/\">presst das Kohlenpulver vor<\/a><\/strong> in eine Form. Danach wird es durch das Stanzen der Nadel und das erneute Pressen des Pressblocks abgeschlossen.<\/p> <\/div><\/div>    <p><\/p>    <div class=\"wp-block-media-text is-stacked-on-mobile has-background\" style=\"background-color:#f1f1f1;grid-template-columns:51% auto\"><figure class=\"wp-block-media-text__media\"><img loading=\"lazy\" decoding=\"async\" width=\"720\" height=\"540\" src=\"https:\/\/charcoalplant.com\/wp-content\/uploads\/2021\/12\/shaisha-charcoal-drying-room-1.jpg\" alt=\"Trockenraum f\u00fcr Shaisha-Kohle\" class=\"wp-image-1492 size-full\" srcset=\"https:\/\/charcoalplant.com\/wp-content\/uploads\/2021\/12\/shaisha-charcoal-drying-room-1.jpg 720w, https:\/\/charcoalplant.com\/wp-content\/uploads\/2021\/12\/shaisha-charcoal-drying-room-1-300x225.jpg 300w\" sizes=\"auto, (max-width: 720px) 100vw, 720px\" \/><\/figure><div class=\"wp-block-media-text__content\"> <p id=\"block-3b089dae-3fae-4629-ab2a-7ab592eb2f81\" class=\"translation-block\"><strong>Trockner (Trocknen)<\/strong><\/p>    <p id=\"block-5504db69-dff5-4573-a649-4f1f156bd0c9\" class=\"translation-block\">Er wird verwendet, um Holzkohlebriketts schnell zu trocknen. Dar\u00fcber hinaus verf\u00fcgen wir \u00fcber einen <strong><a href=\"https:\/\/charcoalplant.com\/de\/product\/charcoal-briquette-dryer\/\">Trockenraum und einen Bandtrockner<\/a><\/strong>. Diese beiden Trocknungsanlagen werden h\u00e4ufig in der Brikettierlinie verwendet.<\/p> <\/div><\/div>    <p><\/p>    <div class=\"wp-block-media-text is-stacked-on-mobile has-background\" style=\"background-color:#f1f1f1;grid-template-columns:51% auto\"><figure class=\"wp-block-media-text__media\"><img loading=\"lazy\" decoding=\"async\" width=\"720\" height=\"540\" src=\"https:\/\/charcoalplant.com\/wp-content\/uploads\/2022\/03\/charcoal-briket-bagging-machine.jpg\" alt=\"Holzkohlebriket-Verpackungsmaschine\" class=\"wp-image-2874 size-full\"\/><\/figure><div class=\"wp-block-media-text__content\"> <p id=\"block-ca300dad-e0f1-4b37-8e7d-20574f80d910\" class=\"translation-block\"><strong>Verpackungsmaschine (Verpackung)<\/strong><\/p>    <p id=\"block-ab346373-2956-4e43-bfb3-05b19cf5762c\" class=\"translation-block\">Briketts und Kohle-Stangen k\u00f6nnen mit Siegel- und Schneidemaschinen verpackt werden. Sie verwendet einen Schrumpfprozess, der bequem und schnell ist. Wir haben auch eine quantitative <strong><a href=\"https:\/\/charcoalplant.com\/de\/product\/charcoal-briquettes-packing-machine\/\">Verpackungsmaschine<\/a><\/strong> zur Auswahl.<\/p> <\/div><\/div>    <p><\/p>    <h2 class=\"wp-block-heading\"><strong>Preis der Produktionslinie f\u00fcr Kohlebriketts<\/strong><\/h2>    <p>Aufgrund der unterschiedlichen Bed\u00fcrfnisse der Kunden sind ihre Produktionslinien unterschiedlich. Daher ist der Preis der verschiedenen Presskohlemaschinen unterschiedlich. Wir m\u00f6chten wissen, welche konkrete Ausr\u00fcstung Sie kaufen m\u00f6chten. Oder wir stellen Ihnen ein passendes Produktionslinienprogramm zur Verf\u00fcgung. Kurz gesagt, wir m\u00fcssen Probleme entsprechend der tats\u00e4chlichen Situation unserer Kunden l\u00f6sen. Handeln Sie jetzt und kontaktieren Sie uns, um Gesch\u00e4fte abzuwickeln.<\/p>    <h2 class=\"wp-block-heading\" id=\"h-coal-making-machine-for-sale\"><strong>Kohlemaschine zu verkaufen<\/strong><\/h2>    <p>Wir produzieren Wabenkohlepressmaschinen, Grillkohlemaschinen und Kohlebrikettierformmaschinen. Daher k\u00f6nnen sie die Produktionsbed\u00fcrfnisse verschiedener Kunden, aber auch die Kaufbed\u00fcrfnisse verschiedener Verbraucher erf\u00fcllen. Die Produktionslinie f\u00fcr Kohleherstellungsmaschinen von Shuliy Machinery verf\u00fcgt \u00fcber eine Vielzahl von Modellen. Dar\u00fcber hinaus bietet unser Werk seinen Kunden Produktanpassungsdienste an. Wenn Sie Fragen haben, hinterlassen Sie bitte eine Nachricht. Wir helfen Ihnen so schnell wie m\u00f6glich.<\/p>    <figure class=\"wp-block-gallery has-nested-images columns-2 is-cropped wp-block-gallery-2 is-layout-flex wp-block-gallery-is-layout-flex\"> <figure class=\"wp-block-image size-full\"><img loading=\"lazy\" decoding=\"async\" width=\"720\" height=\"540\" data-id=\"2925\" src=\"https:\/\/charcoalplant.com\/wp-content\/uploads\/2022\/03\/coal-briquettes-production-line-plant.jpg\" alt=\"Anlage zur Herstellung von Kohlebriketts\" class=\"wp-image-2925\"\/><figcaption class=\"wp-element-caption\">Anlage zur Herstellung von Kohlebriketts<\/figcaption><\/figure>    <figure class=\"wp-block-image size-large\"><img loading=\"lazy\" decoding=\"async\" width=\"720\" height=\"540\" data-id=\"2926\" src=\"https:\/\/charcoalplant.com\/wp-content\/uploads\/2022\/03\/coal-making-machine-for-sale.jpg\" alt=\"Kohlemaschine zu verkaufen\" class=\"wp-image-2926\"\/><figcaption class=\"wp-element-caption\">Kohlemaschine zu verkaufen<\/figcaption><\/figure>    <figure class=\"wp-block-image size-large\"><img loading=\"lazy\" decoding=\"async\" width=\"720\" height=\"540\" data-id=\"2927\" src=\"https:\/\/charcoalplant.com\/wp-content\/uploads\/2022\/03\/coal-briquettes-machine-plant-shipping.jpg\" alt=\"Kohlebriketts Maschinenanlage Versand\" class=\"wp-image-2927\"\/><figcaption class=\"wp-element-caption\">Kohlebriketts Maschinenanlage Versand<\/figcaption><\/figure>    <figure class=\"wp-block-image size-large\"><img loading=\"lazy\" decoding=\"async\" width=\"720\" height=\"540\" data-id=\"2928\" src=\"https:\/\/charcoalplant.com\/wp-content\/uploads\/2022\/03\/shipping-of-drying-machine.jpg\" alt=\"Versand der Trocknungsmaschine\" class=\"wp-image-2928\"\/><figcaption class=\"wp-element-caption\">Versand der Trocknungsmaschine<\/figcaption><\/figure> <\/figure>","protected":false},"excerpt":{"rendered":"<p>Die Produktionslinie f\u00fcr Kohlebriketts nutzt Kohle als Rohstoff zur Herstellung von Wabenkohle, Kohlebriketts, Kohlest\u00e4ben und anderen Fertigprodukten.<\/p>","protected":false},"author":1,"featured_media":1440,"parent":0,"template":"","tags":[59],"product-type":[53],"class_list":["post-1439","product","type-product","status-publish","has-post-thumbnail","hentry","tag-charcoal-briquetting-machine","product-type-product-line"],"_links":{"self":[{"href":"https:\/\/charcoalplant.com\/de\/wp-json\/wp\/v2\/product\/1439","targetHints":{"allow":["GET"]}}],"collection":[{"href":"https:\/\/charcoalplant.com\/de\/wp-json\/wp\/v2\/product"}],"about":[{"href":"https:\/\/charcoalplant.com\/de\/wp-json\/wp\/v2\/types\/product"}],"author":[{"embeddable":true,"href":"https:\/\/charcoalplant.com\/de\/wp-json\/wp\/v2\/users\/1"}],"wp:featuredmedia":[{"embeddable":true,"href":"https:\/\/charcoalplant.com\/de\/wp-json\/wp\/v2\/media\/1440"}],"wp:attachment":[{"href":"https:\/\/charcoalplant.com\/de\/wp-json\/wp\/v2\/media?parent=1439"}],"wp:term":[{"taxonomy":"post_tag","embeddable":true,"href":"https:\/\/charcoalplant.com\/de\/wp-json\/wp\/v2\/tags?post=1439"},{"taxonomy":"product-type","embeddable":true,"href":"https:\/\/charcoalplant.com\/de\/wp-json\/wp\/v2\/product-type?post=1439"}],"curies":[{"name":"wp","href":"https:\/\/api.w.org\/{rel}","templated":true}]}}