{"id":1468,"date":"2021-12-21T08:39:36","date_gmt":"2021-12-21T08:39:36","guid":{"rendered":"https:\/\/charcoalplant.com\/?p=1468"},"modified":"2023-01-11T15:58:12","modified_gmt":"2023-01-11T07:58:12","slug":"charcoal-briquette-dryer","status":"publish","type":"product","link":"https:\/\/charcoalplant.com\/de\/product\/charcoal-briquette-dryer\/","title":{"rendered":"Holzkohlebriketttrockner | W\u00e4rmepumpentrocknungsmaschine"},"content":{"rendered":"<div class=\"kk-star-ratings kksr-auto kksr-align-left kksr-valign-top\"     data-payload='{&quot;align&quot;:&quot;left&quot;,&quot;id&quot;:&quot;1468&quot;,&quot;slug&quot;:&quot;default&quot;,&quot;valign&quot;:&quot;top&quot;,&quot;ignore&quot;:&quot;&quot;,&quot;reference&quot;:&quot;auto&quot;,&quot;class&quot;:&quot;&quot;,&quot;count&quot;:&quot;25&quot;,&quot;legendonly&quot;:&quot;&quot;,&quot;readonly&quot;:&quot;&quot;,&quot;score&quot;:&quot;4.8&quot;,&quot;starsonly&quot;:&quot;&quot;,&quot;best&quot;:&quot;5&quot;,&quot;gap&quot;:&quot;5&quot;,&quot;greet&quot;:&quot;Rate this product&quot;,&quot;legend&quot;:&quot;4.8\\\/5 - (25 votes)&quot;,&quot;size&quot;:&quot;24&quot;,&quot;title&quot;:&quot;Charcoal Briquette Dryer | Heat Pump Drying Machine&quot;,&quot;width&quot;:&quot;136.7&quot;,&quot;_legend&quot;:&quot;{score}\\\/{best} - ({count} {votes})&quot;,&quot;font_factor&quot;:&quot;1.25&quot;}'>              <div class=\"kksr-stars\">      <div class=\"kksr-stars-inactive\">             <div class=\"kksr-star\" data-star=\"1\" style=\"padding-right: 5px\">               <div class=\"kksr-icon\" style=\"width: 24px; height: 24px;\"><\/div>         <\/div>             <div class=\"kksr-star\" data-star=\"2\" style=\"padding-right: 5px\">               <div class=\"kksr-icon\" style=\"width: 24px; height: 24px;\"><\/div>         <\/div>             <div class=\"kksr-star\" data-star=\"3\" style=\"padding-right: 5px\">               <div class=\"kksr-icon\" style=\"width: 24px; height: 24px;\"><\/div>         <\/div>             <div class=\"kksr-star\" data-star=\"4\" style=\"padding-right: 5px\">               <div class=\"kksr-icon\" style=\"width: 24px; height: 24px;\"><\/div>         <\/div>             <div class=\"kksr-star\" data-star=\"5\" style=\"padding-right: 5px\">               <div class=\"kksr-icon\" style=\"width: 24px; height: 24px;\"><\/div>         <\/div>     <\/div>      <div class=\"kksr-stars-active\" style=\"width: 136.7px;\">             <div class=\"kksr-star\" style=\"padding-right: 5px\">               <div class=\"kksr-icon\" style=\"width: 24px; height: 24px;\"><\/div>         <\/div>             <div class=\"kksr-star\" style=\"padding-right: 5px\">               <div class=\"kksr-icon\" style=\"width: 24px; height: 24px;\"><\/div>         <\/div>             <div class=\"kksr-star\" style=\"padding-right: 5px\">               <div class=\"kksr-icon\" style=\"width: 24px; height: 24px;\"><\/div>         <\/div>             <div class=\"kksr-star\" style=\"padding-right: 5px\">               <div class=\"kksr-icon\" style=\"width: 24px; height: 24px;\"><\/div>         <\/div>             <div class=\"kksr-star\" style=\"padding-right: 5px\">               <div class=\"kksr-icon\" style=\"width: 24px; height: 24px;\"><\/div>         <\/div>     <\/div> <\/div>                   <div class=\"kksr-legend\" style=\"font-size: 19.2px;\">             4,8\/5 - (25 Stimmen)    <\/div>     <\/div>  <p class=\"translation-block\"><strong>Kohlenbrikett-Trockner<\/strong> ist eine der notwendigen Ausr\u00fcstungen f\u00fcr die Kohlenproduktionslinie. Er verwendet \u00fcberwiegend das Prinzip der Warmluftzirkulation. Daher kann er stabil laufen. Dar\u00fcber hinaus kann er Materialien jederzeit trocken, unabh\u00e4ngig vom Wetter. Daher sind Kohlenbrikett-Trockner beliebte Ger\u00e4te in vielen Holzkohlefabriken. Die Fabrik Shuliy verkauft zwei Typen von Kohltrocknern: eine Wagen-Trockenkammer und einen Mehrlagen-Gurtbandtrockner. Sie sind allesamt hoch wirtschaftliche Produkte. Wenn Sie in einen Trockner investieren m\u00f6chten, kontaktieren Sie uns noch heute f\u00fcr den besten Preis.<\/p>    <h2 class=\"wp-block-heading\" id=\"h-raw-materials-for-charcoal-briquette-dryer\">Rohstoffe f\u00fcr Holzkohlebrikett-Trocknermaschine<\/h2>    <p class=\"translation-block\">Das Anwendungsgebiet der Kohlebrikett-Trocknungsmaschine ist sehr breit. Sie kann zum Trocknen von Materialien in der Lebensmittelverarbeitung, der chinesischen Kr\u00e4utermedizin und der Kohleindustrie eingesetzt werden. Aufgrund ihrer Trocknungswirkung und des Konzepts der Energieeinsparung ist die Resonanz sehr gut. Daher verwenden viele Kohlefabriken Kohlebrikett-Trockner zum Trocknen von Kohleprodukten. Wie Kohlenpulverbriketts, <a href=\"https:\/\/charcoalplant.com\/de\/product\/honeycomb-coal-press-machine\/\"><strong>Holzkohlebriketts<\/strong><\/a>, Grillkohle, <strong><a href=\"https:\/\/charcoalplant.com\/de\/product\/best-shisha-charcoal-machine\/\">quadratische Shisha-Kohle<\/a><\/strong>, runde Wasserpfeifenkohle usw.<\/p>    <figure class=\"wp-block-image aligncenter size-full\"><img loading=\"lazy\" decoding=\"async\" width=\"720\" height=\"540\" src=\"https:\/\/charcoalplant.com\/wp-content\/uploads\/2022\/03\/charcoal-and-coal-briquette.jpg\" alt=\"Holzkohle und Kohlebriketts\" class=\"wp-image-2615\"\/><figcaption class=\"wp-element-caption\">Holzkohle und Kohlebriketts<\/figcaption><\/figure>    <h2 class=\"wp-block-heading\">Was ist ein Holzkohlebriketttrockner? <\/h2>    <p>Ein Holzkohlebriketttrockner ist eine Maschine, mit der der Feuchtigkeitsgehalt von rohen Holzkohlebriketts reduziert wird. Dies geschieht in der Regel vor dem Verpacken und Verkaufen der Briketts, da Feuchtigkeit das Anz\u00fcnden erschweren und au\u00dferdem das Wachstum von Schimmel und anderen Mikroorganismen f\u00f6rdern kann. Holzkohlebriketttrockner bestehen normalerweise aus einer Trockenkammer, einer W\u00e4rmequelle und einem Bel\u00fcftungssystem. Die W\u00e4rmequelle ist typischerweise ein Gas- oder Elektroheizelement, und das Bel\u00fcftungssystem wird verwendet, um Luft durch die Kammer zirkulieren zu lassen, um die Verdunstung der Feuchtigkeit aus den Briketts zu f\u00f6rdern. Einige Trockner verf\u00fcgen auch \u00fcber die M\u00f6glichkeit, Temperatur und Luftfeuchtigkeit zu regeln.<\/p>    <h2 class=\"wp-block-heading\">Welche Arten von Holzkohletrocknern gibt es?<\/h2>    <p class=\"translation-block\"><strong>Unsere zwei Arten von Trocknern:<\/strong> effiziente Kasten-Trockner und kontinuierliche Bandtrockner. Wenn Sie Fragen haben, hinterlassen Sie bitte eine Nachricht.<\/p>    <h2 class=\"wp-block-heading\" id=\"h-type-1-charcoal-briquette-drying-room\"><strong>Typ 1<\/strong>: Trocknungsmaschine f\u00fcr Holzkohlebriketts <\/h2>    <p class=\"translation-block\">Die Kohlebrikett-Trocknungsmaschine nimmt das Arbeitsprinzip eines Hei\u00dfluftzirkulationssystems und eines Entfeuchtungssystems an. Die Temperatur im Trockenraum wird von einem intelligenten Temperaturregelungs-Induktionsger\u00e4t erfasst. Obwohl verschiedene Materialien unterschiedliche Trocknungstemperaturen haben. Jedoch k\u00f6nnen <strong><a href=\"https:\/\/charcoalplant.com\/de\/info\/feedback-from-libyan-customer-charcoal-briquetting-drying-room\/\">Kunden<\/a><\/strong> die Innentemperatur und die Trocknungszeit \u00fcber den Stromverteilungsschrank des Kohlebrikett-Trockners einstellen, um den besten Trocknungszustand zu erreichen. Daher ist der Ofentrockner ein sehr intelligentes und problemloses Ger\u00e4t.<\/p>    <figure class=\"wp-block-image aligncenter size-full\"><img loading=\"lazy\" decoding=\"async\" width=\"1024\" height=\"768\" src=\"https:\/\/charcoalplant.com\/wp-content\/uploads\/2022\/03\/charcoal-briquette-dryer-machine-plant.png\" alt=\"Anlage zur Trocknung von Holzkohlebriketts\" class=\"wp-image-2617\"\/><figcaption class=\"wp-element-caption\">Anlage zur Trocknung von Holzkohlebriketts<\/figcaption><\/figure>    <h3 class=\"wp-block-heading\">Struktur der Holzkohlebrikett-Trocknungsmaschine <\/h3>    <p>Seine Struktur umfasst haupts\u00e4chlich eine Heizquelle, einen Saugzugventilator, einen Luftentfeuchter, einen Hei\u00dfluftkanal, einen Schaltschrank, einen Wagen, ein Tablett usw. Es sieht aus wie ein Raum. Der Kunde legt das fertige Produkt auf den Wagen und schiebt es in den Trockenraum. Dar\u00fcber hinaus kann die Gr\u00f6\u00dfe individuell angepasst werden. Im Allgemeinen h\u00e4ngt seine Gr\u00f6\u00dfe von der Anzahl der Wagen ab. Jeder Wagen hat 10 Schichten. <\/p>    <div class=\"wp-block-columns are-vertically-aligned-center has-background is-layout-flex wp-container-core-columns-is-layout-28f84493 wp-block-columns-is-layout-flex\" style=\"background-color:#f1f1f1\"> <div class=\"wp-block-column is-vertically-aligned-center is-layout-flow wp-block-column-is-layout-flow\" style=\"flex-basis:33.33%\"> <h4 class=\"wp-block-heading\"><strong>Luftenergie-W\u00e4rmepumpe<\/strong><\/h4>    <p>Sein Aussehen und seine Funktionsweise \u00e4hneln denen einer Klimaanlage mit aufgelegtem H\u00f6rer. Es ist also sehr energiesparend und umweltfreundlich.<\/p> <\/div>    <div class=\"wp-block-column is-vertically-aligned-center is-layout-flow wp-block-column-is-layout-flow\" style=\"flex-basis:66.66%\"> <figure class=\"wp-block-gallery has-nested-images columns-default is-cropped wp-block-gallery-2 is-layout-flex wp-block-gallery-is-layout-flex\"> <figure class=\"wp-block-image size-large\"><img loading=\"lazy\" decoding=\"async\" width=\"720\" height=\"540\" data-id=\"1479\" src=\"https:\/\/charcoalplant.com\/wp-content\/uploads\/2021\/12\/Drying-room-heat-pump-1.jpg\" alt=\"Trockenraum-W\u00e4rmepumpe\" class=\"wp-image-1479\" srcset=\"https:\/\/charcoalplant.com\/wp-content\/uploads\/2021\/12\/Drying-room-heat-pump-1.jpg 720w, https:\/\/charcoalplant.com\/wp-content\/uploads\/2021\/12\/Drying-room-heat-pump-1-300x225.jpg 300w\" sizes=\"auto, (max-width: 720px) 100vw, 720px\" \/><figcaption class=\"wp-element-caption\">Trockenraum-W\u00e4rmepumpe<\/figcaption><\/figure> <\/figure> <\/div> <\/div>    <div class=\"wp-block-columns has-background is-layout-flex wp-container-core-columns-is-layout-28f84493 wp-block-columns-is-layout-flex\" style=\"background-color:#f1f1f1\"> <div class=\"wp-block-column is-layout-flow wp-block-column-is-layout-flow\" style=\"flex-basis:66.66%\"> <figure class=\"wp-block-gallery has-nested-images columns-default is-cropped wp-block-gallery-3 is-layout-flex wp-block-gallery-is-layout-flex\"> <figure class=\"wp-block-image size-large\"><img loading=\"lazy\" decoding=\"async\" width=\"720\" height=\"540\" data-id=\"1477\" src=\"https:\/\/charcoalplant.com\/wp-content\/uploads\/2021\/12\/Control-cabinet-1.jpg\" alt=\"Schaltschrank\" class=\"wp-image-1477\" srcset=\"https:\/\/charcoalplant.com\/wp-content\/uploads\/2021\/12\/Control-cabinet-1.jpg 720w, https:\/\/charcoalplant.com\/wp-content\/uploads\/2021\/12\/Control-cabinet-1-300x225.jpg 300w\" sizes=\"auto, (max-width: 720px) 100vw, 720px\" \/><figcaption class=\"wp-element-caption\">Schaltschrank<\/figcaption><\/figure> <\/figure> <\/div>    <div class=\"wp-block-column is-vertically-aligned-center is-layout-flow wp-block-column-is-layout-flow\" style=\"flex-basis:33.33%\"> <h4 class=\"wp-block-heading\"><strong>Schaltschrank<\/strong> <strong>Kasten<\/strong><\/h4>    <p>Kunden k\u00f6nnen Temperatur und Zeit einstellen. Automatisierungssteuerung: Verwendung eines integrierten Steuerungssystems, einer Mensch-Maschine-Schnittstelle und einer automatischen Steuerung ohne diensthabendes Personal.<\/p> <\/div> <\/div>    <div class=\"wp-block-columns has-background is-layout-flex wp-container-core-columns-is-layout-28f84493 wp-block-columns-is-layout-flex\" style=\"background-color:#f1f1f1\"> <div class=\"wp-block-column is-vertically-aligned-center is-layout-flow wp-block-column-is-layout-flow\" style=\"flex-basis:33.33%\"> <h4 class=\"wp-block-heading\"><strong>Induktionsventilator<\/strong><\/h4>    <p>Es kann kontinuierlich hei\u00dfe Luft in die Trockenkammer pumpen. Dar\u00fcber hinaus \u00fcbernimmt es auch die Rolle der Gaszirkulation.<\/p> <\/div>    <div class=\"wp-block-column is-layout-flow wp-block-column-is-layout-flow\" style=\"flex-basis:66.66%\"> <figure class=\"wp-block-gallery has-nested-images columns-default is-cropped wp-block-gallery-4 is-layout-flex wp-block-gallery-is-layout-flex\"> <figure class=\"wp-block-image size-large\"><img loading=\"lazy\" decoding=\"async\" width=\"720\" height=\"540\" data-id=\"1480\" src=\"https:\/\/charcoalplant.com\/wp-content\/uploads\/2021\/12\/Induced-fan-1.jpg\" alt=\"Induzierter Ventilator\" class=\"wp-image-1480\" srcset=\"https:\/\/charcoalplant.com\/wp-content\/uploads\/2021\/12\/Induced-fan-1.jpg 720w, https:\/\/charcoalplant.com\/wp-content\/uploads\/2021\/12\/Induced-fan-1-300x225.jpg 300w\" sizes=\"auto, (max-width: 720px) 100vw, 720px\" \/><figcaption class=\"wp-element-caption\">Induzierter Ventilator<\/figcaption><\/figure> <\/figure> <\/div> <\/div>    <h3 class=\"wp-block-heading\">Parameter der Holzkohlebrikett-Trocknungsmaschine<\/h3>    <figure class=\"wp-block-table is-style-stripes\"><table><tbody><tr><td>Modell<\/td><td>SL-BD 08<\/td><td>SL-BD 010<\/td><\/tr><tr><td>Gr\u00f6\u00dfe des Trockenraums<\/td><td>8m*2,3m*2,5m<\/td><td>10m*2,3m*2,5m<\/td><\/tr><tr><td>Umw\u00e4lzventilator<\/td><td>6 St\u00fcck<\/td><td>6 St\u00fcck<\/td><\/tr><tr><td>Entfeuchtungsventilator<\/td><td>2Stk<\/td><td>2Stk<\/td><\/tr><tr><td>Wagen<\/td><td>8 St\u00fcck<\/td><td>10 St\u00fcck<\/td><\/tr><tr><td>Tablett<\/td><td>80 St\u00fcck<\/td><td>100 St\u00fcck<\/td><\/tr><\/tbody><\/table><\/figure>    <h3 class=\"wp-block-heading\">Video der Box-Trockner-Fabrik, echte Aufnahme <\/h3>    <figure class=\"wp-block-embed is-type-video is-provider-youtube wp-block-embed-youtube wp-embed-aspect-16-9 wp-has-aspect-ratio\"><div class=\"wp-block-embed__wrapper\"> <iframe loading=\"lazy\" title=\"Lieferant von Holzkohlebrikett-Trocknungsmaschinen | Box Dryer Factory Real Shot#bbqcoaldrying#dryer\" width=\"500\" height=\"281\" src=\"https:\/\/www.youtube.com\/embed\/hPFY09NfOv0?feature=oembed\" frameborder=\"0\" allow=\"accelerometer; autoplay; clipboard-write; encrypted-media; gyroscope; picture-in-picture; web-share\" referrerpolicy=\"strict-origin-when-cross-origin\" allowfullscreen><\/iframe> <\/div><\/figure>    <h2 class=\"wp-block-heading\" id=\"h-type-2-multi-layer-mesh-belt-dryer\"><strong>Typ 2<\/strong>: Mehrschichtiger Netzbandtrockner<\/h2>    <p>Der Bediener muss die Rohstoffe (wie Briketts, Grillkohle, Kr\u00e4uter usw.) in die Einf\u00fcll\u00f6ffnung f\u00fcllen. Das sich bewegende Maschenband treibt dann die Kohle an, sodass sie sich ausbreitet und zum Trocknen in die Trockenkammer gelangt. Die Kohle bewegt sich durch den Maschenbandtrockner und die hei\u00dfe Luft erhitzt und trocknet das Rohmaterial gleichm\u00e4\u00dfig. Dar\u00fcber hinaus k\u00f6nnen Kunden den Feuchtigkeitsgehalt des Endrohmaterials anpassen, indem sie die Bewegungsgeschwindigkeit des Maschenbandtrockners anpassen.<\/p>    <figure class=\"wp-block-image aligncenter size-full\"><img loading=\"lazy\" decoding=\"async\" width=\"720\" height=\"540\" src=\"https:\/\/charcoalplant.com\/wp-content\/uploads\/2022\/01\/inlet.jpg\" alt=\"Einlass\" class=\"wp-image-1968\"\/><figcaption class=\"wp-element-caption\">Einlass<\/figcaption><\/figure>    <h3 class=\"wp-block-heading\">Struktur der Maschenbandtrocknungsmaschine<\/h3>    <p>Seine Struktur umfasst eine Zufuhr\u00f6ffnung, ein F\u00f6rderband aus rostfreiem Stahl, einen Streuer, einen Trockenraum, eine W\u00e4rmequelle, eine Auslass\u00f6ffnung, einen Saugzugventilator usw.<\/p>    <figure class=\"wp-block-image aligncenter size-full\"><img loading=\"lazy\" decoding=\"async\" width=\"640\" height=\"343\" src=\"https:\/\/charcoalplant.com\/wp-content\/uploads\/2022\/03\/charcoal-briquetting-dryer-structure.jpg\" alt=\"\" class=\"wp-image-2621\"\/><\/figure>    <div class=\"wp-block-columns has-background is-layout-flex wp-container-core-columns-is-layout-28f84493 wp-block-columns-is-layout-flex\" style=\"background-color:#f1f1f1\"> <div class=\"wp-block-column is-layout-flow wp-block-column-is-layout-flow\" style=\"flex-basis:66.66%\"> <figure class=\"wp-block-gallery has-nested-images columns-default is-cropped wp-block-gallery-5 is-layout-flex wp-block-gallery-is-layout-flex\"> <figure class=\"wp-block-image size-large\"><img loading=\"lazy\" decoding=\"async\" width=\"720\" height=\"540\" data-id=\"1970\" src=\"https:\/\/charcoalplant.com\/wp-content\/uploads\/2022\/01\/metal-belt.jpg\" alt=\"Metallg\u00fcrtel\" class=\"wp-image-1970\"\/><figcaption class=\"wp-element-caption\">Metallg\u00fcrtel<\/figcaption><\/figure> <\/figure> <\/div>    <div class=\"wp-block-column is-vertically-aligned-center is-layout-flow wp-block-column-is-layout-flow\" style=\"flex-basis:33.33%\"> <h4 class=\"wp-block-heading\"><strong>Netzg\u00fcrtel aus Edelstahl<\/strong><\/h4>    <p>Sein Material ist nicht leicht zu besch\u00e4digen und hat eine lange Lebensdauer. Und jede F\u00f6rderbandschicht verf\u00fcgt \u00fcber einen Motor mit einstellbarer Geschwindigkeit. Auf diese Weise kann der F\u00f6rderbandf\u00f6rderer gleichm\u00e4\u00dfig bewegt werden.<\/p> <\/div> <\/div>    <div class=\"wp-block-columns has-background is-layout-flex wp-container-core-columns-is-layout-28f84493 wp-block-columns-is-layout-flex\" style=\"background-color:#f1f1f1\"> <div class=\"wp-block-column is-vertically-aligned-center is-layout-flow wp-block-column-is-layout-flow\" style=\"flex-basis:33.33%\"> <h4 class=\"wp-block-heading\"><strong>Einlass<\/strong><\/h4>    <p>Es kann nicht nur kontinuierlich gef\u00fcttert werden. Und der kontinuierliche Mesh-Bandtrockner kann das Material automatisch verteilen<\/p> <\/div>    <div class=\"wp-block-column is-layout-flow wp-block-column-is-layout-flow\" style=\"flex-basis:66.66%\"> <figure class=\"wp-block-gallery has-nested-images columns-default is-cropped wp-block-gallery-6 is-layout-flex wp-block-gallery-is-layout-flex\"> <figure class=\"wp-block-image size-large\"><img loading=\"lazy\" decoding=\"async\" width=\"720\" height=\"540\" data-id=\"1969\" src=\"https:\/\/charcoalplant.com\/wp-content\/uploads\/2022\/01\/mesh-blet-dryer.jpg\" alt=\"Mesh-Blet-Trockner\" class=\"wp-image-1969\"\/><figcaption class=\"wp-element-caption\">Mesh-Blet-Trockner<\/figcaption><\/figure> <\/figure> <\/div> <\/div>    <h3 class=\"wp-block-heading\">Parameter des kontinuierlichen Maschenbandtrockners<\/h3>    <figure class=\"wp-block-table is-style-stripes\"><table><tbody><tr><td>Modell<\/td><td>LTWD-6<\/td><td>LTWD-8<\/td><td>LTWD-10<\/td><td>LTWD-12<\/td><td>LTWD-16<\/td><td>LTWD-20<\/td><td>LTWD-24<\/td><td>LTWD-30<\/td><\/tr><tr><td>Breite\u00a0des\u00a0G\u00fcrtels<\/td><td>600mm<\/td><td>800mm<\/td><td>1000 mm<\/td><td>1200 mm<\/td><td>1600 mm<\/td><td>2000mm<\/td><td>2400 mm<\/td><td>3000 mm<\/td><\/tr><tr><td>L\u00e4nge des Trockenabschnitts<\/td><td>6-12<\/td><td>6-12<\/td><td>6-16<\/td><td>8-16<\/td><td>8-22<\/td><td>10-26<\/td><td>12-30<\/td><td>12-40<\/td><\/tr><tr><td>L\u00e4nge des F\u00fctterungsabschnitts<\/td><td>1<\/td><td>1<\/td><td>1<\/td><td>1<\/td><td>1<\/td><td>1.5<\/td><td>1.5<\/td><td>2<\/td><\/tr><tr><td>L\u00e4nge des \u00dcbertragungsabschnitts<\/td><td>1<\/td><td>1<\/td><td>1<\/td><td>1<\/td><td>1<\/td><td>1.5<\/td><td>1.5<\/td><td>2<\/td><\/tr><tr><td>Trockenbereich<\/td><td>3,6\u201336\u00a0m2<\/td><td>4,8\u201348\u00a0m2<\/td><td>6\u201380\u00a0m2<\/td><td>7,2\u201396\u00a0m2<\/td><td>12,8\u2013105,6\u00a0m2<\/td><td>20\u2013260\u00a0m2<\/td><td>28,8\u2013360\u00a0m2<\/td><\/tr><\/tbody><\/table><\/figure>    <h2 class=\"wp-block-heading\">Verkauf von Kohle<strong><strong><strong> <\/strong><\/strong><\/strong>Trockenmaschine <\/h2>    <p class=\"translation-block\">Kohlebrikett-Trockner erscheinen h\u00e4ufig in <strong><a href=\"https:\/\/charcoalplant.com\/de\/shisha-charcoal-production-line\/\">Wasserpfeifenkohle-Produktionslinien<\/a><\/strong>, Formkohle-Produktionslinien und Kohle-Produktionslinien. Dar\u00fcber hinaus kann das getrocknete Kohlebrikett direkt mit einer <a href=\"https:\/\/charcoalplant.com\/de\/briquettes-packing-machine\/charcoal-briquettes-packing-machine\/\"><strong>Kohlebrikett-Verpackungsmaschine<\/strong><\/a> verpackt werden. Wir verkaufen kleine Kohlebrikett-Trockenr\u00e4ume und Bandtrockner. Ihre Spezifikationen sind flexibel und anpassbar. Daher k\u00f6nnen Sie uns Ihre spezifischen Anforderungen mitteilen und wir werden Ihnen die spezifischen Parameter der Maschine liefern.<\/p>    <figure class=\"wp-block-gallery has-nested-images columns-2 is-cropped wp-block-gallery-7 is-layout-flex wp-block-gallery-is-layout-flex\"> <figure class=\"wp-block-image size-large\"><img loading=\"lazy\" decoding=\"async\" width=\"720\" height=\"540\" data-id=\"1482\" src=\"https:\/\/charcoalplant.com\/wp-content\/uploads\/2021\/12\/Mesh-belt-dryer-shipment-1.jpg\" alt=\"Lieferung eines Mesh-Bandtrockners\" class=\"wp-image-1482\" srcset=\"https:\/\/charcoalplant.com\/wp-content\/uploads\/2021\/12\/Mesh-belt-dryer-shipment-1.jpg 720w, https:\/\/charcoalplant.com\/wp-content\/uploads\/2021\/12\/Mesh-belt-dryer-shipment-1-300x225.jpg 300w\" sizes=\"auto, (max-width: 720px) 100vw, 720px\" \/><figcaption class=\"wp-element-caption\">Lieferung eines Mesh-Bandtrockners<\/figcaption><\/figure>    <figure class=\"wp-block-image size-large\"><img loading=\"lazy\" decoding=\"async\" width=\"720\" height=\"540\" data-id=\"2626\" src=\"https:\/\/charcoalplant.com\/wp-content\/uploads\/2022\/03\/charcoal-briquette-dryer-for-sale.jpg\" alt=\"Holzkohlebriketttrockner zu verkaufen\" class=\"wp-image-2626\"\/><figcaption class=\"wp-element-caption\">Holzkohlebriketttrockner zu verkaufen<\/figcaption><\/figure>    <figure class=\"wp-block-image size-large\"><img loading=\"lazy\" decoding=\"async\" width=\"633\" height=\"460\" data-id=\"2627\" src=\"https:\/\/charcoalplant.com\/wp-content\/uploads\/2022\/03\/drying-machine-plant.png\" alt=\"Trockenmaschinenanlage\" class=\"wp-image-2627\"\/><figcaption class=\"wp-element-caption\">Trockenmaschinenanlage<\/figcaption><\/figure>    <figure class=\"wp-block-image size-full\"><img loading=\"lazy\" decoding=\"async\" width=\"720\" height=\"540\" data-id=\"1967\" src=\"https:\/\/charcoalplant.com\/wp-content\/uploads\/2022\/01\/tray.jpg\" alt=\"Tablett\" class=\"wp-image-1967\"\/><figcaption class=\"wp-element-caption\">Tablett<\/figcaption><\/figure> <\/figure>    <h2 class=\"wp-block-heading\">Abschluss <\/h2>    <p class=\"translation-block\">Charcoal-Brikettentrocknern sind ein wesentlicher Bestandteil der gesamten <strong><a href=\"https:\/\/charcoalplant.com\/de\/charcoal-making-machine\/\">Charcoal-Herstellungslinie<\/a><\/strong>. Durch Reduzierung des Feuchtigkeitsgehalts der Briketts verbessern diese Maschinen deren Z\u00fcnd- und Brenneigenschaften, verhindern das Wachstum von Schimmel und Mikroorganismen und erh\u00f6hen ihre Haltbarkeit. Da die Beliebtheit von Holzkohle-Briketts weiter zunimmt, wird die Forschung und Entwicklung in diesem Bereich voraussichtlich weiterhin die Effizienz und Wirksamkeit von Charcoal-Brikettentrocknern verbessern. F\u00fcr K\u00e4ufer ist es wichtig, bei der Auswahl eines Trockeners die verschiedenen Faktoren zu ber\u00fccksichtigen, und ihn regelm\u00e4\u00dfig zu warten und zu reinigen, damit er weiterhin bestm\u00f6gliche Leistung erbringt. Falls irgendetwas ist, wenden Sie sich bitte an Experten von Shuliy f\u00fcr fachkundige Beratung.\" <\/p>","protected":false},"excerpt":{"rendered":"<p>Der Holzkohle-Brikette-Trockner ist vielseitig und hat eine gro\u00dfe Ausgabe. Es kann alle Arten von Materialien ohne Einschr\u00e4nkung trocknen.<\/p>","protected":false},"author":1,"featured_media":1492,"parent":0,"template":"","tags":[60],"product-type":[45],"class_list":["post-1468","product","type-product","status-publish","has-post-thumbnail","hentry","tag-drying-machine","product-type-drying-machine"],"_links":{"self":[{"href":"https:\/\/charcoalplant.com\/de\/wp-json\/wp\/v2\/product\/1468","targetHints":{"allow":["GET"]}}],"collection":[{"href":"https:\/\/charcoalplant.com\/de\/wp-json\/wp\/v2\/product"}],"about":[{"href":"https:\/\/charcoalplant.com\/de\/wp-json\/wp\/v2\/types\/product"}],"author":[{"embeddable":true,"href":"https:\/\/charcoalplant.com\/de\/wp-json\/wp\/v2\/users\/1"}],"wp:featuredmedia":[{"embeddable":true,"href":"https:\/\/charcoalplant.com\/de\/wp-json\/wp\/v2\/media\/1492"}],"wp:attachment":[{"href":"https:\/\/charcoalplant.com\/de\/wp-json\/wp\/v2\/media?parent=1468"}],"wp:term":[{"taxonomy":"post_tag","embeddable":true,"href":"https:\/\/charcoalplant.com\/de\/wp-json\/wp\/v2\/tags?post=1468"},{"taxonomy":"product-type","embeddable":true,"href":"https:\/\/charcoalplant.com\/de\/wp-json\/wp\/v2\/product-type?post=1468"}],"curies":[{"name":"wp","href":"https:\/\/api.w.org\/{rel}","templated":true}]}}