{"id":1497,"date":"2021-12-23T03:51:11","date_gmt":"2021-12-23T03:51:11","guid":{"rendered":"https:\/\/charcoalplant.com\/?p=1497"},"modified":"2023-02-01T15:40:52","modified_gmt":"2023-02-01T07:40:52","slug":"charcoal-briquettes-packing-machine","status":"publish","type":"product","link":"https:\/\/charcoalplant.com\/de\/product\/charcoal-briquettes-packing-machine\/","title":{"rendered":"Verpackungsmaschine f\u00fcr Holzkohlebriketts | Flexibel und effizient"},"content":{"rendered":"<div class=\"kk-star-ratings kksr-auto kksr-align-left kksr-valign-top\"     data-payload='{&quot;align&quot;:&quot;left&quot;,&quot;id&quot;:&quot;1497&quot;,&quot;slug&quot;:&quot;default&quot;,&quot;valign&quot;:&quot;top&quot;,&quot;ignore&quot;:&quot;&quot;,&quot;reference&quot;:&quot;auto&quot;,&quot;class&quot;:&quot;&quot;,&quot;count&quot;:&quot;20&quot;,&quot;legendonly&quot;:&quot;&quot;,&quot;readonly&quot;:&quot;&quot;,&quot;score&quot;:&quot;4.7&quot;,&quot;starsonly&quot;:&quot;&quot;,&quot;best&quot;:&quot;5&quot;,&quot;gap&quot;:&quot;5&quot;,&quot;greet&quot;:&quot;Rate this product&quot;,&quot;legend&quot;:&quot;4.7\\\/5 - (20 votes)&quot;,&quot;size&quot;:&quot;24&quot;,&quot;title&quot;:&quot;Charcoal Briquettes Packing Machine | Flexible \\u0026amp; Efficient&quot;,&quot;width&quot;:&quot;133.8&quot;,&quot;_legend&quot;:&quot;{score}\\\/{best} - ({count} {votes})&quot;,&quot;font_factor&quot;:&quot;1.25&quot;}'>              <div class=\"kksr-stars\">      <div class=\"kksr-stars-inactive\">             <div class=\"kksr-star\" data-star=\"1\" style=\"padding-right: 5px\">               <div class=\"kksr-icon\" style=\"width: 24px; height: 24px;\"><\/div>         <\/div>             <div class=\"kksr-star\" data-star=\"2\" style=\"padding-right: 5px\">               <div class=\"kksr-icon\" style=\"width: 24px; height: 24px;\"><\/div>         <\/div>             <div class=\"kksr-star\" data-star=\"3\" style=\"padding-right: 5px\">               <div class=\"kksr-icon\" style=\"width: 24px; height: 24px;\"><\/div>         <\/div>             <div class=\"kksr-star\" data-star=\"4\" style=\"padding-right: 5px\">               <div class=\"kksr-icon\" style=\"width: 24px; height: 24px;\"><\/div>         <\/div>             <div class=\"kksr-star\" data-star=\"5\" style=\"padding-right: 5px\">               <div class=\"kksr-icon\" style=\"width: 24px; height: 24px;\"><\/div>         <\/div>     <\/div>      <div class=\"kksr-stars-active\" style=\"width: 133.8px;\">             <div class=\"kksr-star\" style=\"padding-right: 5px\">               <div class=\"kksr-icon\" style=\"width: 24px; height: 24px;\"><\/div>         <\/div>             <div class=\"kksr-star\" style=\"padding-right: 5px\">               <div class=\"kksr-icon\" style=\"width: 24px; height: 24px;\"><\/div>         <\/div>             <div class=\"kksr-star\" style=\"padding-right: 5px\">               <div class=\"kksr-icon\" style=\"width: 24px; height: 24px;\"><\/div>         <\/div>             <div class=\"kksr-star\" style=\"padding-right: 5px\">               <div class=\"kksr-icon\" style=\"width: 24px; height: 24px;\"><\/div>         <\/div>             <div class=\"kksr-star\" style=\"padding-right: 5px\">               <div class=\"kksr-icon\" style=\"width: 24px; height: 24px;\"><\/div>         <\/div>     <\/div> <\/div>                   <div class=\"kksr-legend\" style=\"font-size: 19.2px;\">             4,7\/5 - (20 Stimmen)    <\/div>     <\/div>  <p class=\"translation-block\"><strong>Brikettverpackungsmaschine<\/strong> ist eine Vorrichtung zum Verpacken von Holzkohleprodukten in S\u00e4cke oder Beh\u00e4lter. Sie umfasst typischerweise ein Wiegesystem zur genauen Portionierung sowie einen Verschlie\u00dfmechanismus zum Schlie\u00dfen und Sichern der S\u00e4cke oder Beh\u00e4lter. <\/p>    <p class=\"translation-block\">Kohlepulververpackungsmaschine<strong> <\/strong>zum Verkauf von Shuliy umfasst haupts\u00e4chlich runde Shisha-Kohle-Verpackungsmaschinen, quadratische Shisha-Kohle-Verpackungsmaschinen, Barbecue-Kohle-Verpackungsmaschinen und Honigwaben-Kohle-Verpackungsmaschinen. Diese vier Verpackungsmaschinen k\u00f6nnen Kohle gem\u00e4\u00df den Merkmalen ihrer Form, ihres Gewichts und ihrer Lagerungsbedingungen effizient verpacken. Unten werde ich die Merkmale und Anwendungen der vier Kohle-Verpackungsmaschinen jeweils vorstellen. <\/p>    <h2 class=\"wp-block-heading\" id=\"h-round-hookah-charcoal-packing-machine\"><strong>Typ 1<\/strong>: <strong>Runden<\/strong> <strong>Shisha-Kohle<\/strong> <strong>Verpackungsmaschine<\/strong> <strong>zu verkaufen<\/strong><\/h2>    <p class=\"translation-block\"><strong>Rundkohle-Verpackungsmaschine<\/strong> wird auch als horizontale Verpackungsmaschine bezeichnet. Diese Verpackungsmaschine wird auch h\u00e4ufig in der Lebensmittel- und Pharmaindustrie eingesetzt. Sie wird \u00fcber ein intelligentes CNC-Panel gesteuert. Daher k\u00f6nnen Kunden die L\u00e4nge des Verpackungsbeutels, die Verpackungsgeschwindigkeit, die Anzahl der Verpackungen usw. \u00fcber den Computer einstellen. Abschlie\u00dfend wird die Shisha-Kohlefolie automatisch verpackt und versiegelt. <\/p>    <figure class=\"wp-block-image aligncenter size-full is-resized\"><img loading=\"lazy\" decoding=\"async\" src=\"https:\/\/charcoalplant.com\/wp-content\/uploads\/2022\/02\/shisha-packaging-machine-plant.jpg\" alt=\"Fabrik f\u00fcr Holzkohleverpackungsmaschinen\" class=\"wp-image-2496\" width=\"657\" height=\"491\"\/><figcaption class=\"wp-element-caption\">Fabrik f\u00fcr Holzkohleverpackungsmaschinen<\/figcaption><\/figure>    <h3 class=\"wp-block-heading\">Optionale unterst\u00fctzende Ausr\u00fcstung f\u00fcr die Holzkohleverpackung<\/h3>    <p class=\"translation-block\"><strong>Shisha-Kohle-Spender<\/strong> hat zwei Funktionen. Einerseits wird die Shisha-Kohlefolie vor der Materialteilung gegl\u00e4ttet. Andererseits erm\u00f6glichen die Schienen die Trennung der einzelnen Produkte. Die g\u00e4ngigsten Shisha-Kohle-Packungen auf dem Markt sind 10 St\u00fcck pro Beutel. (Bei Bedarf kann unser Werk den Mehrspurspender anpassen)<\/p>    <figure class=\"wp-block-gallery has-nested-images columns-default is-cropped wp-block-gallery-2 is-layout-flex wp-block-gallery-is-layout-flex\"> <figure class=\"wp-block-image size-large\"><img loading=\"lazy\" decoding=\"async\" width=\"720\" height=\"540\" data-id=\"2494\" src=\"https:\/\/charcoalplant.com\/wp-content\/uploads\/2022\/02\/paving-the-hookah-charcoal.jpg\" alt=\"Pflasterung der Shisha-Kohle\" class=\"wp-image-2494\"\/><figcaption class=\"wp-element-caption\">Pflasterung der Shisha-Kohle<\/figcaption><\/figure>    <figure class=\"wp-block-image size-large\"><img loading=\"lazy\" decoding=\"async\" width=\"720\" height=\"540\" data-id=\"1766\" src=\"https:\/\/charcoalplant.com\/wp-content\/uploads\/2021\/12\/hookah-charcoal-packing-machine.jpg\" alt=\"Shisha-Kohlespender\" class=\"wp-image-1766\" srcset=\"https:\/\/charcoalplant.com\/wp-content\/uploads\/2021\/12\/hookah-charcoal-packing-machine.jpg 720w, https:\/\/charcoalplant.com\/wp-content\/uploads\/2021\/12\/hookah-charcoal-packing-machine-300x225.jpg 300w\" sizes=\"auto, (max-width: 720px) 100vw, 720px\" \/><figcaption class=\"wp-element-caption\">Shisha-Kohlespender<\/figcaption><\/figure> <\/figure>    <p class=\"translation-block\"><strong>Schrumpfverpackungsmaschine<\/strong> ist ein Ger\u00e4t, das regelm\u00e4\u00dfige Waren verpackt. Das Hinzuf\u00fcgen von Kunststofffolie au\u00dferhalb des Produkts kann Kratzer auf der Verpackung verhindern und auch Feuchtigkeit abhalten.<\/p>    <h3 class=\"wp-block-heading\">Runder Hubbly-Holzkohleverpackungsst\u00e4nder<\/h3>    <figure class=\"wp-block-gallery has-nested-images columns-default is-cropped wp-block-gallery-3 is-layout-flex wp-block-gallery-is-layout-flex\"> <figure class=\"wp-block-image size-large\"><img loading=\"lazy\" decoding=\"async\" width=\"720\" height=\"540\" data-id=\"1770\" src=\"https:\/\/charcoalplant.com\/wp-content\/uploads\/2022\/01\/hookah-charcoal-briquette-wrapping-show.jpg\" alt=\"Shisha-Holzkohle-Brikett-Verpackungsshow\" class=\"wp-image-1770\" srcset=\"https:\/\/charcoalplant.com\/wp-content\/uploads\/2022\/01\/hookah-charcoal-briquette-wrapping-show.jpg 720w, https:\/\/charcoalplant.com\/wp-content\/uploads\/2022\/01\/hookah-charcoal-briquette-wrapping-show-300x225.jpg 300w\" sizes=\"auto, (max-width: 720px) 100vw, 720px\" \/><figcaption class=\"wp-element-caption\">Shisha-Holzkohle-Brikett-Verpackungsshow<\/figcaption><\/figure>    <figure class=\"wp-block-image size-large\"><img loading=\"lazy\" decoding=\"async\" width=\"720\" height=\"540\" data-id=\"1771\" src=\"https:\/\/charcoalplant.com\/wp-content\/uploads\/2022\/01\/shisha-charcoal-bagging-effect.jpg\" alt=\"Shisha-Kohle-Absackeffekt\" class=\"wp-image-1771\" srcset=\"https:\/\/charcoalplant.com\/wp-content\/uploads\/2022\/01\/shisha-charcoal-bagging-effect.jpg 720w, https:\/\/charcoalplant.com\/wp-content\/uploads\/2022\/01\/shisha-charcoal-bagging-effect-300x225.jpg 300w\" sizes=\"auto, (max-width: 720px) 100vw, 720px\" \/><figcaption class=\"wp-element-caption\">Shisha-Kohle-Absackeffekt<\/figcaption><\/figure> <\/figure>    <figure class=\"wp-block-embed is-type-video is-provider-youtube wp-block-embed-youtube wp-embed-aspect-16-9 wp-has-aspect-ratio\"><div class=\"wp-block-embed__wrapper\"> <iframe loading=\"lazy\" title=\"Beste Kokosnusskohle-Shisha-Tablette | Rotations-Shisha-Tablettenmaschinenanlage#shishacharcoal#Arab\" width=\"500\" height=\"281\" src=\"https:\/\/www.youtube.com\/embed\/SCr3JOp5PN8?feature=oembed\" frameborder=\"0\" allow=\"accelerometer; autoplay; clipboard-write; encrypted-media; gyroscope; picture-in-picture; web-share\" referrerpolicy=\"strict-origin-when-cross-origin\" allowfullscreen><\/iframe> <\/div><\/figure>    <h3 class=\"wp-block-heading\">Parameter der Holzkohleverpackungsmaschine<\/h3>    <p>Im Folgenden sind die Parameter der 3 Modelle von Kissenverpackungsmaschinen aufgef\u00fchrt.<\/p>    <figure class=\"wp-block-table is-style-stripes\"><table><tbody><tr><td class=\"has-text-align-left\" data-align=\"left\">           <strong>Modell<\/strong><\/td><td>         <strong>TH-250B<\/strong><\/td><td>       <strong>TH-250D<\/strong><\/td><td>         <strong>TH-250S<\/strong><\/td><\/tr><tr><td class=\"has-text-align-left\" data-align=\"left\">       <strong>Filmbreite <\/strong><\/td><td>         Max. 250 mm <\/td><td>       Max. 250 mm <\/td><td>         Max. 180 mm <\/td><\/tr><tr><td class=\"has-text-align-left\" data-align=\"left\">       <strong>Taschenl\u00e4nge<\/strong><\/td><td>         65~190mm <br>        120~280mm<\/td><td>       90~220mm<\/td><td>         45 ~ 90 mm<\/td><\/tr><tr><td class=\"has-text-align-left\" data-align=\"left\">       <strong>Beutelbreite<\/strong> <\/td><td>         30~110mm <\/td><td>       30~110mm <\/td><td>         30 ~ 80 mm <\/td><\/tr><tr><td class=\"has-text-align-left\" data-align=\"left\">   <strong>Produkth\u00f6he<\/strong><\/td><td>         Max. 40 mm<\/td><td>       Max. 55 mm<\/td><td>         Max. 35 mm<\/td><\/tr><tr><td class=\"has-text-align-left\" data-align=\"left\"> <strong>Durchmesser der Filmrolle <\/strong><\/td><td>         Max.320Tm <\/td><td>       Max.320Tm  <\/td><td>         Max.320Tm  <\/td><\/tr><tr><td class=\"has-text-align-left\" data-align=\"left\">   <strong>Verpackungsgeschwindigkeit<\/strong> <\/td><td> 40-230 Pakete\/Min <\/td><td>40-230 Pakete\/Min  <\/td><td> 60-330 Pakete\/Min  <\/td><\/tr><\/tbody><\/table><\/figure>    <h2 class=\"wp-block-heading\" id=\"h-cube-shisha-charcoal-briquettes-packing-machine\"><strong>Typ 2<\/strong>: <strong>Cube Shisha-Kohleverpackungsmaschine<\/strong> <strong>zu verkaufen<\/strong><\/h2>    <p>Um die Verpackungsmaschine f\u00fcr Wasserpfeifenkohle anschaulicher vorzustellen, haben wir ein Youtube-Video erstellt. Unten sehen Sie das Arbeitsvideo der quadratischen Shisha-Kohleverpackungsmaschine. Willkommen zum Zuschauen. Wenn Sie m\u00f6chten, vergessen Sie nicht, sich anzumelden.<\/p>    <figure class=\"wp-block-embed is-type-video is-provider-youtube wp-block-embed-youtube wp-embed-aspect-16-9 wp-has-aspect-ratio\"><div class=\"wp-block-embed__wrapper\"> <iframe loading=\"lazy\" title=\"Rotary Cube Shisha-Kohlepresse | Verpackungsmaschine f\u00fcr Holzkohlepulverbriketts#cubeshishacharcoal\" width=\"500\" height=\"281\" src=\"https:\/\/www.youtube.com\/embed\/Xr96E5YjIis?feature=oembed\" frameborder=\"0\" allow=\"accelerometer; autoplay; clipboard-write; encrypted-media; gyroscope; picture-in-picture; web-share\" referrerpolicy=\"strict-origin-when-cross-origin\" allowfullscreen><\/iframe> <\/div><\/figure>    <h3 class=\"wp-block-heading\">Cube Hubbly Holzkohle-Verpackungsdisplay<\/h3>    <figure class=\"wp-block-gallery has-nested-images columns-default is-cropped wp-block-gallery-4 is-layout-flex wp-block-gallery-is-layout-flex\"> <figure class=\"wp-block-image size-large\"><img loading=\"lazy\" decoding=\"async\" width=\"720\" height=\"540\" data-id=\"2502\" src=\"https:\/\/charcoalplant.com\/wp-content\/uploads\/2022\/02\/72-Pcs-Box-Natural-Coconut-Shell-Cubes-Coal-Charcoal-for-Shisha.jpg\" alt=\"72-teilige Box-nat\u00fcrliche Kokosnussschalen-W\u00fcrfel-Kohle-Holzkohle-f\u00fcr-Shisha\" class=\"wp-image-2502\"\/><figcaption class=\"wp-element-caption\">72-teilige Box-nat\u00fcrliche Kokosnussschalen-W\u00fcrfel-Kohle-Holzkohle-f\u00fcr-Shisha<\/figcaption><\/figure>    <figure class=\"wp-block-image size-large\"><img loading=\"lazy\" decoding=\"async\" width=\"720\" height=\"540\" data-id=\"2503\" src=\"https:\/\/charcoalplant.com\/wp-content\/uploads\/2022\/02\/cube-charcoal-.jpg\" alt=\"W\u00fcrfelkohle\" class=\"wp-image-2503\"\/><figcaption class=\"wp-element-caption\">W\u00fcrfelkohle<\/figcaption><\/figure> <\/figure>    <h2 class=\"wp-block-heading\"><strong>Typ 3<\/strong>: <strong>Grillkohle-Verpackungsmaschine<\/strong> <strong>zu verkaufen<\/strong><\/h2>    <p class=\"translation-block\">Diese Art von Holzkohle-Verpackungsmaschine wird auch als quantitative Verpackungsmaschine oder Wiege-Verpackungsmaschine bezeichnet. Daher k\u00f6nnen wir leicht verstehen, wie die Maschine funktioniert. N\u00e4mlich durch die Kontrolle des Materialgewichts werden die Materialien gleichm\u00e4\u00dfig verpackt. Die Materialien von <a href=\"https:\/\/tianhuipackingmachine.com\/5-50kg-granule-filling-machine\/\" target=\"_blank\" rel=\"noopener\">quantitativen Verpackungsmaschinen<\/a> sind im Allgemeinen Sch\u00fcttgut und Blockware. Zum Beispiel D\u00fcnger, Getreide, <a href=\"https:\/\/charcoalplant.com\/de\/product\/charcoal-ball-press-machine\/\"><strong>Grillkohle<\/strong><\/a>, Mehl usw.<\/p>    <div class=\"wp-block-columns is-layout-flex wp-container-core-columns-is-layout-28f84493 wp-block-columns-is-layout-flex\"> <div class=\"wp-block-column is-layout-flow wp-block-column-is-layout-flow\"> <figure class=\"wp-block-image size-full\"><img loading=\"lazy\" decoding=\"async\" width=\"720\" height=\"540\" src=\"https:\/\/charcoalplant.com\/wp-content\/uploads\/2021\/12\/quantitative-packaging-machine.jpg\" alt=\"quantitative Verpackungsmaschine\" class=\"wp-image-3500\"\/><figcaption class=\"wp-element-caption\">quantitative Verpackungsmaschine<\/figcaption><\/figure> <\/div>    <div class=\"wp-block-column is-layout-flow wp-block-column-is-layout-flow\"> <figure class=\"wp-block-image size-full\"><img loading=\"lazy\" decoding=\"async\" width=\"720\" height=\"540\" src=\"https:\/\/charcoalplant.com\/wp-content\/uploads\/2021\/12\/charcoal-briquette-filling-machine.jpg\" alt=\"F\u00fcllmaschine f\u00fcr Holzkohlebriketts\" class=\"wp-image-3501\"\/><figcaption class=\"wp-element-caption\">F\u00fcllmaschine f\u00fcr Holzkohlebriketts<\/figcaption><\/figure> <\/div> <\/div>    <h3 class=\"wp-block-heading\">Verpackungsmerkmale von Grillkohle<\/h3>    <p>Seine Struktur umfasst haupts\u00e4chlich einen Zufuhreinlass, ein Tor, einen Wiegetrichter, einen Rahmen, einen Sensor, einen Steuerkasten, eine F\u00f6rder- und Verpackungsmaschine usw. Einerseits verf\u00fcgt es \u00fcber ein eigenes Verpackungssystem. Die Verpackungsbeutel hingegen sind vielf\u00e4ltig w\u00e4hlbar. Zum Beispiel Kraftpapier, gewebte Beutel, S\u00e4cke und Stoffbeutel.<\/p>    <figure class=\"wp-block-gallery has-nested-images columns-default is-cropped wp-block-gallery-5 is-layout-flex wp-block-gallery-is-layout-flex\"> <figure class=\"wp-block-image size-large\"><img loading=\"lazy\" decoding=\"async\" width=\"720\" height=\"540\" data-id=\"2499\" src=\"https:\/\/charcoalplant.com\/wp-content\/uploads\/2022\/02\/5kg-10kg-and-15kg-BBQ-charcoal-display.jpg\" alt=\"5kg-10kg-und-15kg-BBQ-Holzkohle-Display\" class=\"wp-image-2499\"\/><figcaption class=\"wp-element-caption\">5kg-10kg-und-15kg-BBQ-Holzkohle-Display<\/figcaption><\/figure>    <figure class=\"wp-block-image size-large\"><img loading=\"lazy\" decoding=\"async\" width=\"720\" height=\"540\" data-id=\"2500\" src=\"https:\/\/charcoalplant.com\/wp-content\/uploads\/2022\/02\/different-bags.jpg\" alt=\"Verschiedene Taschen\" class=\"wp-image-2500\"\/><figcaption class=\"wp-element-caption\">Verschiedene Taschen<\/figcaption><\/figure> <\/figure>    <h2 class=\"wp-block-heading\" id=\"h-bbq-coal-wrapper-equipment\"><strong>Typ 4: Grill<\/strong> <strong>Kohleverpackungsausr\u00fcstung<\/strong> <strong>zu verkaufen<\/strong> <\/h2>    <p class=\"translation-block\">Diese Art von Verpackungsmaschine wird als Versiegelungs- und Schneidemaschine bezeichnet. Da ihre Kerntechnologie die Schrumpfverpackung ist. Daher wird sie auch als <a href=\"https:\/\/tianhuipackingmachine.com\/shrink-packing-machine\/\" target=\"_blank\" rel=\"noopener\"><strong>Schrumpfverpackungsmaschine<\/strong><\/a> bezeichnet. <\/p>    <figure class=\"wp-block-image aligncenter size-full\"><img loading=\"lazy\" decoding=\"async\" width=\"720\" height=\"540\" src=\"https:\/\/charcoalplant.com\/wp-content\/uploads\/2022\/01\/coal-wrapper-.jpg\" alt=\"Kohleverpackung\" class=\"wp-image-1764\" srcset=\"https:\/\/charcoalplant.com\/wp-content\/uploads\/2022\/01\/coal-wrapper-.jpg 720w, https:\/\/charcoalplant.com\/wp-content\/uploads\/2022\/01\/coal-wrapper--300x225.jpg 300w\" sizes=\"auto, (max-width: 720px) 100vw, 720px\" \/><figcaption class=\"wp-element-caption\">Kohleverpackung<\/figcaption><\/figure>    <h3 class=\"wp-block-heading\">Verpackungsmerkmale von Wabenkohle <\/h3>    <p class=\"translation-block\">Fr\u00fcher verlie\u00dfen sich die Meister, die Briketts verkauften, auf Technologie, um Briketts zu laden und zu entladen. Sie transportierten jeweils einen Stapel <a href=\"https:\/\/charcoalplant.com\/de\/coal-briquettes-production-line\/\"><strong>Briketts<\/strong><\/a>. Und dabei wurden oft viele Briketts besch\u00e4digt. Daher verwenden wir jetzt Kunststoffverpackungstechnologie, um eine bestimmte Anzahl von Briketts als Verpackungseinheit zu behandeln. Dies ist nicht nur gut f\u00fcr das Be- und Entladen, sondern auch gut f\u00fcr den Schutz von <a href=\"https:\/\/charcoalplant.com\/de\/product\/honeycomb-coal-press-machine\/\"><strong>Wabenbriketts<\/strong><\/a>.<\/p>    <figure class=\"wp-block-gallery has-nested-images columns-default is-cropped wp-block-gallery-6 is-layout-flex wp-block-gallery-is-layout-flex\"> <figure class=\"wp-block-image size-large\"><img loading=\"lazy\" decoding=\"async\" width=\"720\" height=\"540\" data-id=\"1769\" src=\"https:\/\/charcoalplant.com\/wp-content\/uploads\/2022\/01\/coal-wrapping-effect.jpg\" alt=\"Kohleumh\u00fcllungseffekt\" class=\"wp-image-1769\" srcset=\"https:\/\/charcoalplant.com\/wp-content\/uploads\/2022\/01\/coal-wrapping-effect.jpg 720w, https:\/\/charcoalplant.com\/wp-content\/uploads\/2022\/01\/coal-wrapping-effect-300x225.jpg 300w\" sizes=\"auto, (max-width: 720px) 100vw, 720px\" \/><figcaption class=\"wp-element-caption\">Kohleumh\u00fcllungseffekt<\/figcaption><\/figure>    <figure class=\"wp-block-image size-large\"><img loading=\"lazy\" decoding=\"async\" width=\"720\" height=\"540\" data-id=\"2501\" src=\"https:\/\/charcoalplant.com\/wp-content\/uploads\/2022\/02\/coconut-shell-charcoal-briquette.jpg\" alt=\"Kokosnussschalen-Kohlebrikett\" class=\"wp-image-2501\"\/><figcaption class=\"wp-element-caption\">Kokosnussschalen-Kohlebrikett<\/figcaption><\/figure> <\/figure>    <h2 class=\"wp-block-heading\" id=\"h-charcoal-briquettes-wrapping-machine-for-sale\"><strong>Verpackungsmaschine f\u00fcr Holzkohlebriketts<\/strong> | <strong>bester Preis<\/strong><\/h2>    <p>Wir verkaufen haupts\u00e4chlich drei Arten von Verpackungsmaschinen f\u00fcr Holzkohlebriketts. Es handelt sich um Kissenverpackungsmaschinen, Mengenverpackungsmaschinen und Schrumpfverpackungsmaschinen. F\u00fcr unterschiedliche Materialien empfehlen wir Ihnen spezielle Verpackungsmaschinen. Gleichzeitig informieren wir Sie \u00fcber den Anwendungsbereich und die Vorsichtsma\u00dfnahmen. Diese drei Verpackungsmaschinen f\u00fcr Holzkohlebriketts kommen h\u00e4ufig in der Produktionslinie f\u00fcr Holzkohlebriketts vor. Bei Interesse kontaktieren Sie uns bitte. Wir werden den aufrichtigsten Service bieten.<\/p>","protected":false},"excerpt":{"rendered":"<p>Die Verpackungsmaschine f\u00fcr Holzkohlebriketts ist einfach zu bedienen. Und es kann Wasserpfeifenkohle, Kohlekugeln, Kohlest\u00e4be, Kohlepulver usw. verpacken.<\/p>","protected":false},"author":1,"featured_media":1503,"parent":0,"template":"","tags":[61],"product-type":[46],"class_list":["post-1497","product","type-product","status-publish","has-post-thumbnail","hentry","tag-briquettes-packing-machine","product-type-briquettes-packing-machine"],"_links":{"self":[{"href":"https:\/\/charcoalplant.com\/de\/wp-json\/wp\/v2\/product\/1497","targetHints":{"allow":["GET"]}}],"collection":[{"href":"https:\/\/charcoalplant.com\/de\/wp-json\/wp\/v2\/product"}],"about":[{"href":"https:\/\/charcoalplant.com\/de\/wp-json\/wp\/v2\/types\/product"}],"author":[{"embeddable":true,"href":"https:\/\/charcoalplant.com\/de\/wp-json\/wp\/v2\/users\/1"}],"wp:featuredmedia":[{"embeddable":true,"href":"https:\/\/charcoalplant.com\/de\/wp-json\/wp\/v2\/media\/1503"}],"wp:attachment":[{"href":"https:\/\/charcoalplant.com\/de\/wp-json\/wp\/v2\/media?parent=1497"}],"wp:term":[{"taxonomy":"post_tag","embeddable":true,"href":"https:\/\/charcoalplant.com\/de\/wp-json\/wp\/v2\/tags?post=1497"},{"taxonomy":"product-type","embeddable":true,"href":"https:\/\/charcoalplant.com\/de\/wp-json\/wp\/v2\/product-type?post=1497"}],"curies":[{"name":"wp","href":"https:\/\/api.w.org\/{rel}","templated":true}]}}