{"id":1519,"date":"2021-12-23T08:52:07","date_gmt":"2021-12-23T08:52:07","guid":{"rendered":"https:\/\/charcoalplant.com\/?p=1519"},"modified":"2023-02-02T16:37:10","modified_gmt":"2023-02-02T08:37:10","slug":"charcoal-raymond-mill","status":"publish","type":"product","link":"https:\/\/charcoalplant.com\/de\/product\/charcoal-raymond-mill\/","title":{"rendered":"Kohle Raymond Mill | Kohlepulver-Fr\u00e4smaschine"},"content":{"rendered":"<div class=\"kk-star-ratings kksr-auto kksr-align-left kksr-valign-top\"     data-payload='{&quot;align&quot;:&quot;left&quot;,&quot;id&quot;:&quot;1519&quot;,&quot;slug&quot;:&quot;default&quot;,&quot;valign&quot;:&quot;top&quot;,&quot;ignore&quot;:&quot;&quot;,&quot;reference&quot;:&quot;auto&quot;,&quot;class&quot;:&quot;&quot;,&quot;count&quot;:&quot;8&quot;,&quot;legendonly&quot;:&quot;&quot;,&quot;readonly&quot;:&quot;&quot;,&quot;score&quot;:&quot;4.8&quot;,&quot;starsonly&quot;:&quot;&quot;,&quot;best&quot;:&quot;5&quot;,&quot;gap&quot;:&quot;5&quot;,&quot;greet&quot;:&quot;Rate this product&quot;,&quot;legend&quot;:&quot;4.8\\\/5 - (8 votes)&quot;,&quot;size&quot;:&quot;24&quot;,&quot;title&quot;:&quot;Charcoal Raymond Mill | Coal Powder Milling Machine&quot;,&quot;width&quot;:&quot;136.7&quot;,&quot;_legend&quot;:&quot;{score}\\\/{best} - ({count} {votes})&quot;,&quot;font_factor&quot;:&quot;1.25&quot;}'>              <div class=\"kksr-stars\">      <div class=\"kksr-stars-inactive\">             <div class=\"kksr-star\" data-star=\"1\" style=\"padding-right: 5px\">               <div class=\"kksr-icon\" style=\"width: 24px; height: 24px;\"><\/div>         <\/div>             <div class=\"kksr-star\" data-star=\"2\" style=\"padding-right: 5px\">               <div class=\"kksr-icon\" style=\"width: 24px; height: 24px;\"><\/div>         <\/div>             <div class=\"kksr-star\" data-star=\"3\" style=\"padding-right: 5px\">               <div class=\"kksr-icon\" style=\"width: 24px; height: 24px;\"><\/div>         <\/div>             <div class=\"kksr-star\" data-star=\"4\" style=\"padding-right: 5px\">               <div class=\"kksr-icon\" style=\"width: 24px; height: 24px;\"><\/div>         <\/div>             <div class=\"kksr-star\" data-star=\"5\" style=\"padding-right: 5px\">               <div class=\"kksr-icon\" style=\"width: 24px; height: 24px;\"><\/div>         <\/div>     <\/div>      <div class=\"kksr-stars-active\" style=\"width: 136.7px;\">             <div class=\"kksr-star\" style=\"padding-right: 5px\">               <div class=\"kksr-icon\" style=\"width: 24px; height: 24px;\"><\/div>         <\/div>             <div class=\"kksr-star\" style=\"padding-right: 5px\">               <div class=\"kksr-icon\" style=\"width: 24px; height: 24px;\"><\/div>         <\/div>             <div class=\"kksr-star\" style=\"padding-right: 5px\">               <div class=\"kksr-icon\" style=\"width: 24px; height: 24px;\"><\/div>         <\/div>             <div class=\"kksr-star\" style=\"padding-right: 5px\">               <div class=\"kksr-icon\" style=\"width: 24px; height: 24px;\"><\/div>         <\/div>             <div class=\"kksr-star\" style=\"padding-right: 5px\">               <div class=\"kksr-icon\" style=\"width: 24px; height: 24px;\"><\/div>         <\/div>     <\/div> <\/div>                   <div class=\"kksr-legend\" style=\"font-size: 19.2px;\">             4,8\/5 - (8 Stimmen)    <\/div>     <\/div>  <p class=\"translation-block\"><strong>Kohle-Raymondm\u00fchle <\/strong>ist eine Hochleistungsm\u00fchle mit extrem starker Zerkleinerungskraft. Sie kann alle Arten von nicht brennbaren und nicht explosiven Rohstoffen mit einer Mohsh\u00e4rte von weniger als 7 verarbeiten. Dazu geh\u00f6ren Erze, Kohle, Holzkohle, Keramik usw. Und sie kann die Mahlfeinheit entsprechend dem Bedarf der Rohstoffe anpassen. Ihr Einstellbereich liegt zwischen 30 und 400 Mesh. Um die Qualit\u00e4t von Holzkohleprodukten zu verbessern, verwenden daher viele Holzkohlehersteller Raymondm\u00fchlen in <strong><a href=\"https:\/\/charcoalplant.com\/de\/shisha-charcoal-production-line\/\">Holzkohleproduktionslinien<\/a><\/strong>. Wenn Sie auch Mahlausr\u00fcstung ben\u00f6tigen, kontaktieren Sie uns bitte sofort. Wir werden Ihnen eine kosteng\u00fcnstige Holzkohlepulver-Mahlmaschine liefern.<\/p>    <h2 class=\"wp-block-heading\" id=\"h-what-is-a-charcoal-raymond-mill\">Was ist eine Raymond-Holzkohlem\u00fchle?<\/h2>    <p>Die Raymond-M\u00fchle ist eine neue Art vollautomatischer Mahlausr\u00fcstung. Es kann nicht nur das Material mahlen, sondern auch das Pulver trennen. Das hei\u00dft, es kann fertige Produkte automatisch trennen und sammeln. Daher handelt es sich bei der Holzkohle-Raymond-M\u00fchle um eine hochautomatisierte Zerkleinerungsanlage.<\/p>    <figure class=\"wp-block-image aligncenter size-full\"><img loading=\"lazy\" decoding=\"async\" width=\"720\" height=\"540\" src=\"https:\/\/charcoalplant.com\/wp-content\/uploads\/2021\/12\/charcoal-Raymond-mill-plant-1-1.jpg\" alt=\"Holzkohle-Raymond-M\u00fchlenwerk\" class=\"wp-image-1528\" srcset=\"https:\/\/charcoalplant.com\/wp-content\/uploads\/2021\/12\/charcoal-Raymond-mill-plant-1-1.jpg 720w, https:\/\/charcoalplant.com\/wp-content\/uploads\/2021\/12\/charcoal-Raymond-mill-plant-1-1-300x225.jpg 300w\" sizes=\"auto, (max-width: 720px) 100vw, 720px\" \/><figcaption class=\"wp-element-caption\">Holzkohle-Raymond-M\u00fchlenwerk<\/figcaption><\/figure>    <h2 class=\"wp-block-heading\">Rohstoff f\u00fcr Holzkohlefr\u00e4smaschine<\/h2>    <p>Charcoal Raymond Mill ist eine spezialisierte Mahlanlage. Daher kann es verschiedene Rohstoffe zerkleinern und hat ein breites Anwendungsspektrum. Zum Beispiel Kohle, Holzkohle, Aktivkohle, Kalkstein, Calcit, Granit, Kaolin und andere Rohstoffe. Die Luftfeuchtigkeit dieser Rohstoffe sollte innerhalb von 6% gehalten werden. Wenn die Feuchtigkeit zu gro\u00df ist, m\u00fcssen Sie die Rohstoffe zuerst mit einem W\u00e4schetrockner trocknen.<\/p>    <figure class=\"wp-block-gallery has-nested-images columns-default is-cropped wp-block-gallery-2 is-layout-flex wp-block-gallery-is-layout-flex\"> <figure class=\"wp-block-image size-large\"><img loading=\"lazy\" decoding=\"async\" width=\"720\" height=\"540\" data-id=\"2550\" src=\"https:\/\/charcoalplant.com\/wp-content\/uploads\/2022\/03\/charcoal-powder.jpg\" alt=\"Kohlepulver\" class=\"wp-image-2550\"\/><figcaption class=\"wp-element-caption\">Kohlepulver<\/figcaption><\/figure>    <figure class=\"wp-block-image size-large\"><img loading=\"lazy\" decoding=\"async\" width=\"720\" height=\"540\" data-id=\"2551\" src=\"https:\/\/charcoalplant.com\/wp-content\/uploads\/2022\/03\/mineral-material.jpg\" alt=\"Mineralstoff\" class=\"wp-image-2551\"\/><figcaption class=\"wp-element-caption\">Mineralstoff<\/figcaption><\/figure> <\/figure>    <h2 class=\"wp-block-heading\" id=\"h-structure-of-charcoal-powder-milling-machine\">Struktur der Holzkohlepulver-Fr\u00e4smaschine<\/h2>    <p>Die Holzkohlem\u00fchle wird auch Raymond-M\u00fchle genannt. Seine Struktur umfasst haupts\u00e4chlich Rahmen, Schleifwalze, Schleifscheibe, Abdeckung, Gebl\u00e4se, Analysator, Schaufel, Zyklonabscheider, Rohrleitung, Motor und andere Teile. <\/p>    <div class=\"wp-block-columns has-background is-layout-flex wp-container-core-columns-is-layout-28f84493 wp-block-columns-is-layout-flex\" style=\"background-color:#f1f1f1\"> <div class=\"wp-block-column is-layout-flow wp-block-column-is-layout-flow\" style=\"flex-basis:66.66%\"> <figure class=\"wp-block-gallery has-nested-images columns-default is-cropped wp-block-gallery-3 is-layout-flex wp-block-gallery-is-layout-flex\"> <figure class=\"wp-block-image size-large\"><img loading=\"lazy\" decoding=\"async\" width=\"720\" height=\"540\" data-id=\"1523\" src=\"https:\/\/charcoalplant.com\/wp-content\/uploads\/2021\/12\/Charcoal-Raymond-mill-shovel-1.jpg\" alt=\"Kohle-Raymond-M\u00fchle-Schaufel\" class=\"wp-image-1523\" srcset=\"https:\/\/charcoalplant.com\/wp-content\/uploads\/2021\/12\/Charcoal-Raymond-mill-shovel-1.jpg 720w, https:\/\/charcoalplant.com\/wp-content\/uploads\/2021\/12\/Charcoal-Raymond-mill-shovel-1-300x225.jpg 300w\" sizes=\"auto, (max-width: 720px) 100vw, 720px\" \/><figcaption class=\"wp-element-caption\">Kohle-Raymond-M\u00fchle-Schaufel<\/figcaption><\/figure> <\/figure> <\/div>    <div class=\"wp-block-column is-vertically-aligned-center is-layout-flow wp-block-column-is-layout-flow\" style=\"flex-basis:33.33%\"> <p class=\"translation-block\"><strong>Messer<\/strong><\/p>    <p>Das Raymond-M\u00fchlenmesser ist eines der h\u00e4ufigsten Zubeh\u00f6rteile der Raymond-M\u00fchle und auch eines der wichtigen Zubeh\u00f6rteile bei Mahlarbeiten.<\/p> <\/div> <\/div>    <div class=\"wp-block-columns has-background is-layout-flex wp-container-core-columns-is-layout-28f84493 wp-block-columns-is-layout-flex\" style=\"background-color:#f1f1f1\"> <div class=\"wp-block-column is-vertically-aligned-center is-layout-flow wp-block-column-is-layout-flow\" style=\"flex-basis:33.33%\"> <p class=\"translation-block\"><strong>Mahlwalze<\/strong><\/p>    <p>Es zeichnet sich durch hohe H\u00e4rte, gute Verschlei\u00dffestigkeit und magnetische Eigenschaften aus. Es wird haupts\u00e4chlich im Bereich der Pulververarbeitung eingesetzt, wo Produkte enteisen werden m\u00fcssen.<\/p> <\/div>    <div class=\"wp-block-column is-layout-flow wp-block-column-is-layout-flow\" style=\"flex-basis:66.66%\"> <figure class=\"wp-block-gallery has-nested-images columns-default is-cropped wp-block-gallery-4 is-layout-flex wp-block-gallery-is-layout-flex\"> <figure class=\"wp-block-image size-full\"><img loading=\"lazy\" decoding=\"async\" width=\"720\" height=\"540\" data-id=\"2555\" src=\"https:\/\/charcoalplant.com\/wp-content\/uploads\/2022\/03\/grinding-roller-1.jpg\" alt=\"\" class=\"wp-image-2555\"\/><\/figure> <\/figure> <\/div> <\/div>    <div class=\"wp-block-columns has-background is-layout-flex wp-container-core-columns-is-layout-28f84493 wp-block-columns-is-layout-flex\" style=\"background-color:#f1f1f1\"> <div class=\"wp-block-column is-layout-flow wp-block-column-is-layout-flow\" style=\"flex-basis:66.66%\"> <figure class=\"wp-block-gallery has-nested-images columns-default is-cropped wp-block-gallery-5 is-layout-flex wp-block-gallery-is-layout-flex\"> <figure class=\"wp-block-image size-large\"><img loading=\"lazy\" decoding=\"async\" width=\"720\" height=\"540\" data-id=\"2547\" src=\"https:\/\/charcoalplant.com\/wp-content\/uploads\/2022\/03\/analyzer-disc.jpg\" alt=\"\" class=\"wp-image-2547\"\/><\/figure> <\/figure> <\/div>    <div class=\"wp-block-column is-vertically-aligned-center is-layout-flow wp-block-column-is-layout-flow\" style=\"flex-basis:33.33%\"> <p class=\"translation-block\"><strong>Analysatorscheibe<\/strong><\/p>    <p class=\"has-background\" style=\"background-color:#f1f1f1\">Die Schaufeln des Raymond-M\u00fchlenanalysators befinden sich auf der Blisk des Analysators. Die geneigte Schaufelstruktur des Raymond-M\u00fchlenanalysators l\u00f6st das Problem, dass der Luftstrom zwischen den Schaufeln des Kohle-Raymond-M\u00fchlenanalysators sehr stark ist und einige Materialien mit grobem Durchmesser leicht entfernt werden k\u00f6nnen. , das Problem der geringen Klassifizierungseffizienz.<\/p> <\/div> <\/div>    <p class=\"translation-block\">Im Allgemeinen geh\u00f6ren zu den unterst\u00fctzenden Ger\u00e4ten der Kohle-Raymondmaschine <strong><a href=\"https:\/\/charcoalplant.com\/de\/hammer-mill\/\">Hammerm\u00fchlen<\/a><\/strong>, Becherwerke, elektromagnetische Vibrationszuf\u00fchrer, elektrische Schaltschr\u00e4nke usw. Diese Ger\u00e4te k\u00f6nnen zu einer vollautomatischen Mahlproduktionslinie kombiniert werden. Wenn Sie eine <strong><a href=\"https:\/\/charcoalplant.com\/de\/grinder-and-mixer\/charcoal-powder-mixer\/\">Radm\u00fchle<\/a><\/strong> und eine Shisha-Holzkohletablettenmaschine hinter der Kohlepulverm\u00fchle platzieren, wird daraus eine Shisha-Holzkohleproduktionslinie.<\/p>    <h2 class=\"wp-block-heading\" id=\"h-how-does-the-coal-grinder-work\">Wie funktioniert die Kohlem\u00fchle?<\/h2>    <ul class=\"wp-block-list\"> <li>Die zu zerkleinernden Rohstoffe gelangen \u00fcber die Einf\u00fcll\u00f6ffnung in die Holzkohle-Raymond-M\u00fchle. <\/li>    <li>Durch die Reibung und das Rollen der Mahlwalze und des Mahlrings wird das Material zerkleinert. W\u00e4hrend dieser Zeit transportiert die Klinge unter der Mahlwalze kontinuierlich Material zwischen die Mahlwalze und den Mahlring. <\/li>    <li>Durch die Wirkung des Ventilators bewegt sich das Pulver nach oben. Das qualifizierte Pulver durchl\u00e4uft den Analysator und den Zyklonabscheider, um es aufzufangen. Im Gegenteil, unqualifizierte Materialien sind Materialien, die nicht im Detail erreicht werden k\u00f6nnen. Es wird herunterfallen und weiterhin gemahlen werden. Weil der Wind zyklisch ist. Daher kehrt der Wind nach dem Durchstr\u00f6men des Staubentfernungssystems wieder zum Ventilator zur\u00fcck.<\/li> <\/ul>    <figure class=\"wp-block-image aligncenter size-full\"><img loading=\"lazy\" decoding=\"async\" width=\"720\" height=\"540\" src=\"https:\/\/charcoalplant.com\/wp-content\/uploads\/2021\/12\/charcoal-powder-mill.jpg\" alt=\"Kohlepulverm\u00fchle\" class=\"wp-image-2554\"\/><figcaption class=\"wp-element-caption\">Kohlepulverm\u00fchle<\/figcaption><\/figure>    <h2 class=\"has-vivid-red-color has-text-color wp-block-heading\">Parameter der Kohle-Raymond-M\u00fchle<\/h2>    <figure class=\"wp-block-table is-style-stripes\"><table><tbody><tr><td>Modell<\/td><td>SL-RM3R1410<\/td><td>SL-RM3R1815<\/td><td>SL-RM3R2215<\/td><\/tr><tr><td>&nbsp;L\u00e4nge (mm)<\/td><td>3340<\/td><td>2300<\/td><td>3500<\/td><\/tr><tr><td> Breite (mm)<\/td><td>3865<\/td><td>2860<\/td><td>4280<\/td><\/tr><tr><td> Hoch (mm)<\/td><td>4500<\/td><td>2800<\/td><td>4900<\/td><\/tr><\/tbody><\/table><\/figure>    <h2 class=\"wp-block-heading\" id=\"h-coal-grinder-manufacturer\">Kohlem\u00fchle<strong> <\/strong>Hersteller<\/h2>    <p>Shuliy Machinery ist ein Hersteller von Holzkohlemaschinen, der Forschung und Entwicklung, Design und Fertigung integriert. Wir verf\u00fcgen nicht nur \u00fcber mehr als zehn Jahre Fertigungserfahrung. Und wir verf\u00fcgen \u00fcber umfangreiche Gesch\u00e4ftserfahrung. Das Werk kontrolliert streng das Modell, die Zusammensetzung, die Gr\u00f6\u00dfe und andere Spezifikationen der Ersatzteile der Ausr\u00fcstung. Daher kann unsere Fabrik Ger\u00e4te herstellen, die auf in- und ausl\u00e4ndischen M\u00e4rkten gro\u00dfen Anklang finden. Wie Raymond-M\u00fchle und Kohlepulvermischer. Gerne k\u00f6nnen Sie uns f\u00fcr eine Gesch\u00e4ftsberatung kontaktieren.<\/p>    <figure class=\"wp-block-gallery has-nested-images columns-default is-cropped wp-block-gallery-6 is-layout-flex wp-block-gallery-is-layout-flex\"> <figure class=\"wp-block-image size-large\"><img loading=\"lazy\" decoding=\"async\" width=\"720\" height=\"540\" data-id=\"2559\" src=\"https:\/\/charcoalplant.com\/wp-content\/uploads\/2022\/03\/charcoal-raymond-mill-for-sale-1.jpg\" alt=\"Holzkohle-Raymond-M\u00fchle zu verkaufen\" class=\"wp-image-2559\"\/><figcaption class=\"wp-element-caption\">Holzkohle-Raymond-M\u00fchle zu verkaufen<\/figcaption><\/figure>    <figure class=\"wp-block-image size-large\"><img loading=\"lazy\" decoding=\"async\" width=\"720\" height=\"540\" data-id=\"2558\" src=\"https:\/\/charcoalplant.com\/wp-content\/uploads\/2022\/03\/coal-powder-mill-machine-plant.jpg\" alt=\"Kohle-Pulver-M\u00fchle-Maschinen-Anlage\" class=\"wp-image-2558\"\/><figcaption class=\"wp-element-caption\">Kohle-Pulver-M\u00fchle-Maschinen-Anlage<\/figcaption><\/figure> <\/figure>","protected":false},"excerpt":{"rendered":"<p>Holzkohle Raymond Mill kann nicht nur Holzkohle zerkleinern. Es kann auch Erz, Quarzstein, Kohle usw. zerkleinern. Die Zerkleinerungsfeinheit kann angepasst werden.<\/p>","protected":false},"author":1,"featured_media":1528,"parent":0,"template":"","tags":[62],"product-type":[42],"class_list":["post-1519","product","type-product","status-publish","has-post-thumbnail","hentry","tag-grinder-and-mixer","product-type-grinder-and-mixer"],"_links":{"self":[{"href":"https:\/\/charcoalplant.com\/de\/wp-json\/wp\/v2\/product\/1519","targetHints":{"allow":["GET"]}}],"collection":[{"href":"https:\/\/charcoalplant.com\/de\/wp-json\/wp\/v2\/product"}],"about":[{"href":"https:\/\/charcoalplant.com\/de\/wp-json\/wp\/v2\/types\/product"}],"author":[{"embeddable":true,"href":"https:\/\/charcoalplant.com\/de\/wp-json\/wp\/v2\/users\/1"}],"wp:featuredmedia":[{"embeddable":true,"href":"https:\/\/charcoalplant.com\/de\/wp-json\/wp\/v2\/media\/1528"}],"wp:attachment":[{"href":"https:\/\/charcoalplant.com\/de\/wp-json\/wp\/v2\/media?parent=1519"}],"wp:term":[{"taxonomy":"post_tag","embeddable":true,"href":"https:\/\/charcoalplant.com\/de\/wp-json\/wp\/v2\/tags?post=1519"},{"taxonomy":"product-type","embeddable":true,"href":"https:\/\/charcoalplant.com\/de\/wp-json\/wp\/v2\/product-type?post=1519"}],"curies":[{"name":"wp","href":"https:\/\/api.w.org\/{rel}","templated":true}]}}