{"id":1533,"date":"2021-12-27T05:48:53","date_gmt":"2021-12-27T05:48:53","guid":{"rendered":"https:\/\/charcoalplant.com\/?p=1533"},"modified":"2023-01-14T14:40:45","modified_gmt":"2023-01-14T06:40:45","slug":"charcoal-powder-mixer","status":"publish","type":"product","link":"https:\/\/charcoalplant.com\/de\/product\/charcoal-powder-mixer\/","title":{"rendered":"Kohlepulvermischer | Radwalzenmischmaschine"},"content":{"rendered":"<div class=\"kk-star-ratings kksr-auto kksr-align-left kksr-valign-top\"     data-payload='{&quot;align&quot;:&quot;left&quot;,&quot;id&quot;:&quot;1533&quot;,&quot;slug&quot;:&quot;default&quot;,&quot;valign&quot;:&quot;top&quot;,&quot;ignore&quot;:&quot;&quot;,&quot;reference&quot;:&quot;auto&quot;,&quot;class&quot;:&quot;&quot;,&quot;count&quot;:&quot;24&quot;,&quot;legendonly&quot;:&quot;&quot;,&quot;readonly&quot;:&quot;&quot;,&quot;score&quot;:&quot;4.7&quot;,&quot;starsonly&quot;:&quot;&quot;,&quot;best&quot;:&quot;5&quot;,&quot;gap&quot;:&quot;5&quot;,&quot;greet&quot;:&quot;Rate this product&quot;,&quot;legend&quot;:&quot;4.7\\\/5 - (24 votes)&quot;,&quot;size&quot;:&quot;24&quot;,&quot;title&quot;:&quot;Charcoal Powder Mixer | Wheel Roller Mixing Machine&quot;,&quot;width&quot;:&quot;133.8&quot;,&quot;_legend&quot;:&quot;{score}\\\/{best} - ({count} {votes})&quot;,&quot;font_factor&quot;:&quot;1.25&quot;}'>              <div class=\"kksr-stars\">      <div class=\"kksr-stars-inactive\">             <div class=\"kksr-star\" data-star=\"1\" style=\"padding-right: 5px\">               <div class=\"kksr-icon\" style=\"width: 24px; height: 24px;\"><\/div>         <\/div>             <div class=\"kksr-star\" data-star=\"2\" style=\"padding-right: 5px\">               <div class=\"kksr-icon\" style=\"width: 24px; height: 24px;\"><\/div>         <\/div>             <div class=\"kksr-star\" data-star=\"3\" style=\"padding-right: 5px\">               <div class=\"kksr-icon\" style=\"width: 24px; height: 24px;\"><\/div>         <\/div>             <div class=\"kksr-star\" data-star=\"4\" style=\"padding-right: 5px\">               <div class=\"kksr-icon\" style=\"width: 24px; height: 24px;\"><\/div>         <\/div>             <div class=\"kksr-star\" data-star=\"5\" style=\"padding-right: 5px\">               <div class=\"kksr-icon\" style=\"width: 24px; height: 24px;\"><\/div>         <\/div>     <\/div>      <div class=\"kksr-stars-active\" style=\"width: 133.8px;\">             <div class=\"kksr-star\" style=\"padding-right: 5px\">               <div class=\"kksr-icon\" style=\"width: 24px; height: 24px;\"><\/div>         <\/div>             <div class=\"kksr-star\" style=\"padding-right: 5px\">               <div class=\"kksr-icon\" style=\"width: 24px; height: 24px;\"><\/div>         <\/div>             <div class=\"kksr-star\" style=\"padding-right: 5px\">               <div class=\"kksr-icon\" style=\"width: 24px; height: 24px;\"><\/div>         <\/div>             <div class=\"kksr-star\" style=\"padding-right: 5px\">               <div class=\"kksr-icon\" style=\"width: 24px; height: 24px;\"><\/div>         <\/div>             <div class=\"kksr-star\" style=\"padding-right: 5px\">               <div class=\"kksr-icon\" style=\"width: 24px; height: 24px;\"><\/div>         <\/div>     <\/div> <\/div>                   <div class=\"kksr-legend\" style=\"font-size: 19.2px;\">             4,7\/5 - (24 Stimmen)    <\/div>     <\/div>  <p class=\"translation-block\">Ein <strong>Kohlepulvermischer<\/strong> ist eine notwendige Verarbeitungsanlage in der gesamten Holzkohleproduktionslinie. Denn sein Einsatz erleichtert die nachfolgende Produktion. Er eignet sich zum Mischen verschiedener nasser und trockener Materialien und Kolloide wie Holzkohle, Reish\u00fclsenkohle, feuerfester Schlamm, Ton, Flugasche, Schwermetallschlacke, Schlacke, Formsand usw. Sie k\u00f6nnen uns Ihre Anforderungen mitteilen oder uns anrufen, und wir werden Sie von ganzem Herzen bedienen.<\/p>    <h2 class=\"wp-block-heading\" id=\"h-what-is-a-charcoal-powder-mixer-machine\"><strong>Was ist eine Holzkohlepulvermischermaschine?<\/strong><\/h2>    <p>Der Holzkohlepulvermischer ist die prim\u00e4re Verarbeitungsausr\u00fcstung f\u00fcr die Holzkohleherstellung. Die Hauptfunktion des Radm\u00fchlenmischers besteht darin, die Rohstoffe zu verdichten und zu r\u00fchren. Und dieser Schritt legt auch den Grundstein f\u00fcr die Verarbeitung der nachfolgenden Formmaschine.<\/p>    <figure class=\"wp-block-image aligncenter size-full\"><img loading=\"lazy\" decoding=\"async\" width=\"720\" height=\"540\" src=\"https:\/\/charcoalplant.com\/wp-content\/uploads\/2022\/03\/applications-of-charcoal-powder-mixer.jpg\" alt=\"Anwendungen des Holzkohlepulvermischers\" class=\"wp-image-2574\"\/><figcaption class=\"wp-element-caption\">Anwendungen des Holzkohlepulvermischers<\/figcaption><\/figure>    <h2 class=\"wp-block-heading\"><strong>Funktionsprinzip der Radwalzenmischmaschine<\/strong><\/h2>    <p>Die Ausr\u00fcstung zum Mischen von Holzkohlepulver verwendet Riemenscheiben, um zwei Rollen anzutreiben, die sich in einer kreisf\u00f6rmigen Bewegung bewegen. Sein Hauptarbeitsprinzip besteht darin, das Pulver und das Bindemittel nach dem Rollen und R\u00fchren in einem guten Verh\u00e4ltnis mit Wasser vollst\u00e4ndig zu vermischen. Das Mischen der Materialien ist in etwa 20 Minuten abgeschlossen. Abschlie\u00dfend werden die gleichm\u00e4\u00dfig gemischten Materialien \u00fcber das Ventil am Boden der Radm\u00fchle ausgetragen.<\/p>    <figure class=\"wp-block-gallery has-nested-images columns-default is-cropped wp-block-gallery-2 is-layout-flex wp-block-gallery-is-layout-flex\"> <figure class=\"wp-block-image size-large\"><img loading=\"lazy\" decoding=\"async\" width=\"720\" height=\"540\" data-id=\"2585\" src=\"https:\/\/charcoalplant.com\/wp-content\/uploads\/2022\/03\/large-vetcial-coal-powder-machine.jpg\" alt=\"\" class=\"wp-image-2585\"\/><\/figure>    <figure class=\"wp-block-image size-full\"><img loading=\"lazy\" decoding=\"async\" width=\"720\" height=\"540\" data-id=\"1539\" src=\"https:\/\/charcoalplant.com\/wp-content\/uploads\/2021\/12\/wheel-roller-mixing-machine-for-sale-1.jpg\" alt=\"Rad-Walzen-Mischmaschine-zu verkaufen\" class=\"wp-image-1539\" srcset=\"https:\/\/charcoalplant.com\/wp-content\/uploads\/2021\/12\/wheel-roller-mixing-machine-for-sale-1.jpg 720w, https:\/\/charcoalplant.com\/wp-content\/uploads\/2021\/12\/wheel-roller-mixing-machine-for-sale-1-300x225.jpg 300w\" sizes=\"auto, (max-width: 720px) 100vw, 720px\" \/><figcaption class=\"wp-element-caption\">Rad-Walzen-Mischmaschine-zu verkaufen<\/figcaption><\/figure> <\/figure>    <h2 class=\"wp-block-heading\" id=\"h-charcoal-powder-mixer-structure\"><strong>Struktur des Holzkohlepulvermischers<\/strong><strong><\/strong><\/h2>    <p>Die Mischmaschine f\u00fcr Holzkohlepulver umfasst haupts\u00e4chlich Rollen, Scheiben, Schaber, Reduzierst\u00fccke, Motoren, Ventile und andere Teile. <\/p>    <div class=\"wp-block-columns has-background is-layout-flex wp-container-core-columns-is-layout-28f84493 wp-block-columns-is-layout-flex\" style=\"background-color:#f1f1f1\"> <div class=\"wp-block-column is-layout-flow wp-block-column-is-layout-flow\" style=\"flex-basis:66.66%\"> <figure class=\"wp-block-gallery has-nested-images columns-default is-cropped wp-block-gallery-3 is-layout-flex wp-block-gallery-is-layout-flex\"> <figure class=\"wp-block-image size-large\"><img loading=\"lazy\" decoding=\"async\" width=\"720\" height=\"540\" data-id=\"2578\" src=\"https:\/\/charcoalplant.com\/wp-content\/uploads\/2022\/03\/Roller.jpg\" alt=\"Rolle\" class=\"wp-image-2578\"\/><figcaption class=\"wp-element-caption\">Rolle<\/figcaption><\/figure> <\/figure> <\/div>    <div class=\"wp-block-column is-vertically-aligned-center is-layout-flow wp-block-column-is-layout-flow\" style=\"flex-basis:33.33%\"> <p class=\"translation-block\"><strong>Walzen<\/strong><\/p>    <p>Darunter befinden sich zwei Walzen, die auch dazu dienen, die Rohstoffe besser zu zerkleinern. Daher wird die Arbeitseffizienz erheblich verbessert.<\/p> <\/div> <\/div>    <div class=\"wp-block-columns has-background is-layout-flex wp-container-core-columns-is-layout-28f84493 wp-block-columns-is-layout-flex\" style=\"background-color:#f1f1f1\"> <div class=\"wp-block-column is-vertically-aligned-center is-layout-flow wp-block-column-is-layout-flow\" style=\"flex-basis:33.33%\"> <p class=\"translation-block\"><strong>Austritt<\/strong><\/p>    <p>Die Auslass\u00f6ffnung des Holzkohlestaubmischers befindet sich an der Unterseite der Maschine. Daher l\u00e4sst sich verarbeitetes Holzkohlepulver sehr bequem direkt verwenden.<\/p> <\/div>    <div class=\"wp-block-column is-layout-flow wp-block-column-is-layout-flow\" style=\"flex-basis:66.66%\"> <figure class=\"wp-block-gallery has-nested-images columns-default is-cropped wp-block-gallery-4 is-layout-flex wp-block-gallery-is-layout-flex\"> <figure class=\"wp-block-image size-large\"><img loading=\"lazy\" decoding=\"async\" width=\"753\" height=\"606\" data-id=\"2580\" src=\"https:\/\/charcoalplant.com\/wp-content\/uploads\/2022\/03\/outlet.jpg\" alt=\"Steckdose\" class=\"wp-image-2580\"\/><figcaption class=\"wp-element-caption\">Steckdose<\/figcaption><\/figure> <\/figure> <\/div> <\/div>    <div class=\"wp-block-columns has-background is-layout-flex wp-container-core-columns-is-layout-28f84493 wp-block-columns-is-layout-flex\" style=\"background-color:#f1f1f1\"> <div class=\"wp-block-column is-layout-flow wp-block-column-is-layout-flow\" style=\"flex-basis:66.66%\"> <figure class=\"wp-block-gallery has-nested-images columns-default is-cropped wp-block-gallery-5 is-layout-flex wp-block-gallery-is-layout-flex\"> <figure class=\"wp-block-image size-large\"><img loading=\"lazy\" decoding=\"async\" width=\"720\" height=\"540\" data-id=\"1523\" src=\"https:\/\/charcoalplant.com\/wp-content\/uploads\/2021\/12\/Charcoal-Raymond-mill-shovel-1.jpg\" alt=\"Kohle-Raymond-M\u00fchle-Schaufel\" class=\"wp-image-1523\" srcset=\"https:\/\/charcoalplant.com\/wp-content\/uploads\/2021\/12\/Charcoal-Raymond-mill-shovel-1.jpg 720w, https:\/\/charcoalplant.com\/wp-content\/uploads\/2021\/12\/Charcoal-Raymond-mill-shovel-1-300x225.jpg 300w\" sizes=\"auto, (max-width: 720px) 100vw, 720px\" \/><figcaption class=\"wp-element-caption\">Kohle-Raymond-M\u00fchle-Schaufel<\/figcaption><\/figure> <\/figure> <\/div>    <div class=\"wp-block-column is-vertically-aligned-center is-layout-flow wp-block-column-is-layout-flow\" style=\"flex-basis:33.33%\"> <p class=\"translation-block\"><strong>Schaufel<\/strong><\/p>    <p>Auch der Einsatz der Schaufel ist sehr clever. Einerseits reinigt es das Material, um den Effekt des wiederholten Walzens zu erzielen. Andererseits \u00fcbernimmt es auch die Rolle des R\u00fchrens w\u00e4hrend der Rotation.<\/p> <\/div> <\/div>    <h2 class=\"wp-block-heading\" id=\"h-features-of-coal-dust-milling-machine\"><strong>Merkmale der Kohlenstaubfr\u00e4smaschine<\/strong><\/h2>    <p class=\"translation-block\"><strong>Shuliy Maschinen<\/strong> ist ein ausgezeichneter Hersteller von <strong><a href=\"https:\/\/charcoalplant.com\/de\/charcoal-making-machine\/\">Holzkohlemaschinen<\/a><\/strong> in China. Die Holzkohlepulvermischmaschine, die von unserer Fabrik hergestellt wird, hat folgende Merkmale:<\/p>    <p>1. R\u00fchren und Mahlen werden gleichzeitig durchgef\u00fchrt. Der Mischeffekt ist also gut.<\/p>    <p>2. Weil der Kohlenstaubmischer keine Verschlei\u00dfteile hat. Daher hat es eine lange Lebensdauer<\/p>    <p>3. Reichlich vorhandene Rohstoffe und breite Anwendung.<\/p>    <p>4. Bequeme Wartung und nicht leicht zu besch\u00e4digen.<\/p>    <p>5. Einfache Bedienung und stabiler Betrieb.<\/p>    <figure class=\"wp-block-image aligncenter size-full\"><img loading=\"lazy\" decoding=\"async\" width=\"720\" height=\"540\" src=\"https:\/\/charcoalplant.com\/wp-content\/uploads\/2022\/03\/carbon-dust-mixing-machine-1.jpg\" alt=\"\" class=\"wp-image-2593\"\/><figcaption class=\"wp-element-caption\">Kohlenstaub-Mischmaschine<\/figcaption><\/figure>    <h2 class=\"wp-block-heading\"><strong>Warum empfehlen Sie die Verwendung eines Holzkohlemixers?<\/strong><\/h2>    <p class=\"translation-block\">Vertikale Holzkohlemischer sind die erste Wahl f\u00fcr viele Hersteller, die hochwertige Endprodukte herstellen m\u00f6chten. Zum Beispiel f\u00fcr <strong><a href=\"https:\/\/charcoalplant.com\/de\/charcoal-briquetting-machine\/rotary-hookah-tablet-press\/\">schnell brennende Wasserpfeifenholzkohle-Anlagen<\/a><\/strong>, Keramikhandwerk, Tierfutterproduktion usw. Da beim Mischprozess sowohl R\u00fchr- als auch Quetscheffekte auftreten. Daher kann die Luft zwischen den Materialpartikeln besser ausgetrieben werden. So wird die gemischte Schlammwasserkonsistenz gleichm\u00e4\u00dfig. Kurz gesagt, die Verwendung von Walzenmischmaschinen kann die Materialauslastung erheblich verbessern.<\/p>    <figure class=\"wp-block-gallery has-nested-images columns-default is-cropped wp-block-gallery-6 is-layout-flex wp-block-gallery-is-layout-flex\"> <figure class=\"wp-block-image size-large\"><img loading=\"lazy\" decoding=\"async\" width=\"720\" height=\"540\" data-id=\"2611\" src=\"https:\/\/charcoalplant.com\/wp-content\/uploads\/2022\/03\/charcoal-powder-mixer-plant.jpg\" alt=\"Holzkohle-Pulver-Mischanlage\" class=\"wp-image-2611\"\/><figcaption class=\"wp-element-caption\">Holzkohle-Pulver-Mischanlage<\/figcaption><\/figure>    <figure class=\"wp-block-image size-large\"><img loading=\"lazy\" decoding=\"async\" width=\"720\" height=\"540\" data-id=\"2612\" src=\"https:\/\/charcoalplant.com\/wp-content\/uploads\/2022\/03\/factory-stock.jpg\" alt=\"Fabrik-Lagerbestand\" class=\"wp-image-2612\"\/><figcaption class=\"wp-element-caption\">Fabrik-Lagerbestand<\/figcaption><\/figure> <\/figure>    <h2 class=\"wp-block-heading\"><strong>Video des Herstellers von Kohlenstaubmischanlagen<\/strong><\/h2>    <figure class=\"wp-block-embed is-type-video is-provider-youtube wp-block-embed-youtube wp-embed-aspect-16-9 wp-has-aspect-ratio\"><div class=\"wp-block-embed__wrapper\"> <iframe loading=\"lazy\" title=\"Kohlepulvermischermaschine | Hersteller und Lieferant von Kohlenstaubmischanlagen\" width=\"500\" height=\"281\" src=\"https:\/\/www.youtube.com\/embed\/l7g4RRgxObs?start=19&#038;feature=oembed\" frameborder=\"0\" allow=\"accelerometer; autoplay; clipboard-write; encrypted-media; gyroscope; picture-in-picture; web-share\" referrerpolicy=\"strict-origin-when-cross-origin\" allowfullscreen><\/iframe> <\/div><\/figure>    <h2 class=\"wp-block-heading\" id=\"h-parameters-of-wheel-roller-grinding-machine\"><strong>Parameter der Radwalzenmischermaschine<\/strong><\/h2>    <p class=\"translation-block\">Wir produzieren Kohlepulvermischer verschiedener Spezifikationen. Dar\u00fcber hinaus bieten wir <strong><a href=\"https:\/\/charcoalplant.com\/de\/about-us\/\">kundenspezifische Dienstleistungen<\/a><\/strong> f\u00fcr Mischer und Produktionslinien an. Wenn Sie also den genauen Preis der Kohlepulvermischmaschine erfahren m\u00f6chten, kontaktieren Sie uns bitte zur Beratung. Dar\u00fcber hinaus stellen wir Ihnen die neuesten Ger\u00e4teparameter zur Verf\u00fcgung.<\/p>    <p>Im Folgenden sind die Parameter einiger Radm\u00fchlen aufgef\u00fchrt, die nur als Referenz dienen:<\/p>    <figure class=\"wp-block-table is-style-stripes\"><table><tbody><tr><td>Modell<\/td><td>SL-CG1<\/td><td>SL-CG2<\/td><td>SL-CG3<\/td><td>SL-CG4<\/td><\/tr><tr><td>Scheibendurchmesser (mm)<\/td><td>1000<\/td><td>1200<\/td><td>1500<\/td><td>1600<\/td><\/tr><tr><td>Futtermenge (kg)<\/td><td>110<\/td><td>150<\/td><td>350<\/td><td>450<\/td><\/tr><tr><td>Mischzyklus (min)<\/td><td>3-8<\/td><td>3-5<\/td><td>3-5<\/td><td>3-5<\/td><\/tr><tr><td>Kapazit\u00e4t (t\/h)<\/td><td>1.5-2.5<\/td><td>1.5-3<\/td><td>7<\/td><td>9<\/td><\/tr><tr><td>Spindelgeschwindigkeit (U\/min)<\/td><td>41<\/td><td>41<\/td><td>37<\/td><td>37<\/td><\/tr><tr><td>Leistung (KW)<\/td><td>5.5<\/td><td>7.5<\/td><td>15<\/td><td>18.5<\/td><\/tr><tr><td>Abmessung (m)<\/td><td>1*1*1.2<\/td><td>1.2*1.2*1.3<\/td><td>1.5*1.5*1.6<\/td><td>1.6*1.6*1.7<\/td><\/tr><tr><td>Gewicht (t)<\/td><td>1<\/td><td>1.2<\/td><td>2<\/td><td>2.5<\/td><\/tr><\/tbody><\/table><\/figure>    <h2 class=\"wp-block-heading\">Ausgezeichnete Holzkohlepulvermischer, versandfertig<\/h2>    <figure class=\"wp-block-gallery has-nested-images columns-2 is-cropped wp-block-gallery-7 is-layout-flex wp-block-gallery-is-layout-flex\"> <figure class=\"wp-block-image size-large\"><img loading=\"lazy\" decoding=\"async\" width=\"720\" height=\"540\" data-id=\"2588\" src=\"https:\/\/charcoalplant.com\/wp-content\/uploads\/2022\/03\/small-charcoal-powder-mixer-for-sale-1.jpg\" alt=\"Kleiner Kohlepulvermischer zu verkaufen\" class=\"wp-image-2588\"\/><figcaption class=\"wp-element-caption\">Kleiner Kohlepulvermischer zu verkaufen<\/figcaption><\/figure>    <figure class=\"wp-block-image size-large\"><img loading=\"lazy\" decoding=\"async\" width=\"720\" height=\"540\" data-id=\"2590\" src=\"https:\/\/charcoalplant.com\/wp-content\/uploads\/2022\/03\/vertial-mixer-show.jpg\" alt=\"vertikale-mixer-show\" class=\"wp-image-2590\"\/><figcaption class=\"wp-element-caption\">vertikale-mixer-show<\/figcaption><\/figure>    <figure class=\"wp-block-image size-large\"><img loading=\"lazy\" decoding=\"async\" width=\"720\" height=\"540\" data-id=\"2587\" src=\"https:\/\/charcoalplant.com\/wp-content\/uploads\/2022\/03\/wheel-roller-for-sale.jpg\" alt=\"Rad-Rolle zu verkaufen\" class=\"wp-image-2587\"\/><figcaption class=\"wp-element-caption\">Rad-Rolle zu verkaufen<\/figcaption><\/figure>    <figure class=\"wp-block-image size-large\"><img loading=\"lazy\" decoding=\"async\" width=\"720\" height=\"540\" data-id=\"2589\" src=\"https:\/\/charcoalplant.com\/wp-content\/uploads\/2022\/03\/ship.jpg\" alt=\"Versand\" class=\"wp-image-2589\"\/><figcaption class=\"wp-element-caption\">Versand<\/figcaption><\/figure> <\/figure>","protected":false},"excerpt":{"rendered":"<p>Ein Holzkohlepulvermischer ist eine Ausr\u00fcstung, die das Zerkleinern und Mischen integriert. Und es wird nicht durch die Feuchtigkeit des Materials beeintr\u00e4chtigt.<\/p>","protected":false},"author":1,"featured_media":1534,"parent":0,"template":"","tags":[62],"product-type":[42],"class_list":["post-1533","product","type-product","status-publish","has-post-thumbnail","hentry","tag-grinder-and-mixer","product-type-grinder-and-mixer"],"_links":{"self":[{"href":"https:\/\/charcoalplant.com\/de\/wp-json\/wp\/v2\/product\/1533","targetHints":{"allow":["GET"]}}],"collection":[{"href":"https:\/\/charcoalplant.com\/de\/wp-json\/wp\/v2\/product"}],"about":[{"href":"https:\/\/charcoalplant.com\/de\/wp-json\/wp\/v2\/types\/product"}],"author":[{"embeddable":true,"href":"https:\/\/charcoalplant.com\/de\/wp-json\/wp\/v2\/users\/1"}],"wp:featuredmedia":[{"embeddable":true,"href":"https:\/\/charcoalplant.com\/de\/wp-json\/wp\/v2\/media\/1534"}],"wp:attachment":[{"href":"https:\/\/charcoalplant.com\/de\/wp-json\/wp\/v2\/media?parent=1533"}],"wp:term":[{"taxonomy":"post_tag","embeddable":true,"href":"https:\/\/charcoalplant.com\/de\/wp-json\/wp\/v2\/tags?post=1533"},{"taxonomy":"product-type","embeddable":true,"href":"https:\/\/charcoalplant.com\/de\/wp-json\/wp\/v2\/product-type?post=1533"}],"curies":[{"name":"wp","href":"https:\/\/api.w.org\/{rel}","templated":true}]}}