{"id":1547,"date":"2021-12-27T08:05:11","date_gmt":"2021-12-27T08:05:11","guid":{"rendered":"https:\/\/charcoalplant.com\/?p=1547"},"modified":"2023-04-14T09:25:21","modified_gmt":"2023-04-14T01:25:21","slug":"charcoal-shredder","status":"publish","type":"product","link":"https:\/\/charcoalplant.com\/de\/product\/charcoal-shredder\/","title":{"rendered":"Kohleh\u00e4cksler | Kohleschleifmaschine"},"content":{"rendered":"<div class=\"kk-star-ratings kksr-auto kksr-align-left kksr-valign-top\"     data-payload='{&quot;align&quot;:&quot;left&quot;,&quot;id&quot;:&quot;1547&quot;,&quot;slug&quot;:&quot;default&quot;,&quot;valign&quot;:&quot;top&quot;,&quot;ignore&quot;:&quot;&quot;,&quot;reference&quot;:&quot;auto&quot;,&quot;class&quot;:&quot;&quot;,&quot;count&quot;:&quot;27&quot;,&quot;legendonly&quot;:&quot;&quot;,&quot;readonly&quot;:&quot;&quot;,&quot;score&quot;:&quot;4.7&quot;,&quot;starsonly&quot;:&quot;&quot;,&quot;best&quot;:&quot;5&quot;,&quot;gap&quot;:&quot;5&quot;,&quot;greet&quot;:&quot;Rate this product&quot;,&quot;legend&quot;:&quot;4.7\\\/5 - (27 votes)&quot;,&quot;size&quot;:&quot;24&quot;,&quot;title&quot;:&quot;Charcoal Shredder | Coal Grinder Machine&quot;,&quot;width&quot;:&quot;133.8&quot;,&quot;_legend&quot;:&quot;{score}\\\/{best} - ({count} {votes})&quot;,&quot;font_factor&quot;:&quot;1.25&quot;}'>              <div class=\"kksr-stars\">      <div class=\"kksr-stars-inactive\">             <div class=\"kksr-star\" data-star=\"1\" style=\"padding-right: 5px\">               <div class=\"kksr-icon\" style=\"width: 24px; height: 24px;\"><\/div>         <\/div>             <div class=\"kksr-star\" data-star=\"2\" style=\"padding-right: 5px\">               <div class=\"kksr-icon\" style=\"width: 24px; height: 24px;\"><\/div>         <\/div>             <div class=\"kksr-star\" data-star=\"3\" style=\"padding-right: 5px\">               <div class=\"kksr-icon\" style=\"width: 24px; height: 24px;\"><\/div>         <\/div>             <div class=\"kksr-star\" data-star=\"4\" style=\"padding-right: 5px\">               <div class=\"kksr-icon\" style=\"width: 24px; height: 24px;\"><\/div>         <\/div>             <div class=\"kksr-star\" data-star=\"5\" style=\"padding-right: 5px\">               <div class=\"kksr-icon\" style=\"width: 24px; height: 24px;\"><\/div>         <\/div>     <\/div>      <div class=\"kksr-stars-active\" style=\"width: 133.8px;\">             <div class=\"kksr-star\" style=\"padding-right: 5px\">               <div class=\"kksr-icon\" style=\"width: 24px; height: 24px;\"><\/div>         <\/div>             <div class=\"kksr-star\" style=\"padding-right: 5px\">               <div class=\"kksr-icon\" style=\"width: 24px; height: 24px;\"><\/div>         <\/div>             <div class=\"kksr-star\" style=\"padding-right: 5px\">               <div class=\"kksr-icon\" style=\"width: 24px; height: 24px;\"><\/div>         <\/div>             <div class=\"kksr-star\" style=\"padding-right: 5px\">               <div class=\"kksr-icon\" style=\"width: 24px; height: 24px;\"><\/div>         <\/div>             <div class=\"kksr-star\" style=\"padding-right: 5px\">               <div class=\"kksr-icon\" style=\"width: 24px; height: 24px;\"><\/div>         <\/div>     <\/div> <\/div>                   <div class=\"kksr-legend\" style=\"font-size: 19.2px;\">             4,7\/5 - (27 Stimmen)    <\/div>     <\/div>  <p class=\"translation-block\"><strong>Charcoal shredder<\/strong> und Kohlezerkleinerungsmaschine treten oft in der <strong><a href=\"https:\/\/charcoalplant.com\/de\/charcoal-briquettes-production-line\/\">Charcoal Briquette Produktionslinie<\/a><\/strong> auf. Ihr Einsatz wird den Betrieb der gesamten Charcoal-Produktionslinie reibungsloser gestalten. Shuliy Machinery stellt alle Arten von Kohleverarbeitungsger\u00e4ten her. Wenn Sie mehr \u00fcber unsere Zerkleinerungsmaschine erfahren m\u00f6chten, kontaktieren Sie uns bitte umgehend. Und Sie erhalten Informationen zu Ger\u00e4tepreisen und Parametern.<\/p>    <h2 class=\"wp-block-heading\" id=\"h-type-1-charcoal-shredder-machine\"><strong>Typ 1:<\/strong> <strong>Kohleh\u00e4cksler<\/strong> <strong>Maschine<\/strong><\/h2>    <p>Die Holzkohlepulvermaschine wird auch als Strohbrecher oder Maisst\u00e4ngel-Zerkleinerungsmaschine bezeichnet. Es handelt sich auch um eine neue Art von Umweltschutzausr\u00fcstung. Weil es haupts\u00e4chlich die Struktur der Zufuhr\u00f6ffnung, des Hammers, der Klinge, des Siebs und der Auslass\u00f6ffnung umfasst. Daher besteht sein Funktionsprinzip darin, die Rohstoffe zun\u00e4chst mit einer Klinge zu zerkleinern. Dann wird es wiederholt mit dem Hammer geh\u00e4mmert. Schlie\u00dflich fallen qualifizierte Materialien durch das Sieb.<\/p>    <figure class=\"wp-block-gallery has-nested-images columns-default is-cropped wp-block-gallery-2 is-layout-flex wp-block-gallery-is-layout-flex\"> <figure class=\"wp-block-image size-large\"><img loading=\"lazy\" decoding=\"async\" width=\"720\" height=\"540\" data-id=\"1555\" src=\"https:\/\/charcoalplant.com\/wp-content\/uploads\/2021\/12\/Charcoal-shredder-2-1.jpg\" alt=\"Kohleh\u00e4cksler\" class=\"wp-image-1555\" srcset=\"https:\/\/charcoalplant.com\/wp-content\/uploads\/2021\/12\/Charcoal-shredder-2-1.jpg 720w, https:\/\/charcoalplant.com\/wp-content\/uploads\/2021\/12\/Charcoal-shredder-2-1-300x225.jpg 300w\" sizes=\"auto, (max-width: 720px) 100vw, 720px\" \/><figcaption class=\"wp-element-caption\">Kohleh\u00e4cksler<\/figcaption><\/figure>    <figure class=\"wp-block-image size-large\"><img loading=\"lazy\" decoding=\"async\" width=\"720\" height=\"540\" data-id=\"1861\" src=\"https:\/\/charcoalplant.com\/wp-content\/uploads\/2021\/12\/charcoal-shredder-machine-plant.jpg\" alt=\"Holzkohlezerkleinerungsmaschinenanlage\" class=\"wp-image-1861\" srcset=\"https:\/\/charcoalplant.com\/wp-content\/uploads\/2021\/12\/charcoal-shredder-machine-plant.jpg 720w, https:\/\/charcoalplant.com\/wp-content\/uploads\/2021\/12\/charcoal-shredder-machine-plant-300x225.jpg 300w\" sizes=\"auto, (max-width: 720px) 100vw, 720px\" \/><figcaption class=\"wp-element-caption\">Holzkohlezerkleinerungsmaschinenanlage<\/figcaption><\/figure> <\/figure>    <h3 class=\"wp-block-heading\" id=\"h-application-of-charcoal-powder-machine\"><strong>Anwendungen von Holzkohle<\/strong> <strong>Brechmaschine<\/strong><\/h3>    <p>Die Rohstoffe des kleinen Holzkohleh\u00e4ckslers sind umfangreich. Es kann nicht nur Stroh, Stroh, Holz, chinesische Arzneimittel, Gew\u00fcrze, Bambus und andere Rohstoffe zerkleinern. Aus dem zerkleinerten Material k\u00f6nnen verschiedene Fertigprodukte hergestellt werden. Wie Sandelholz, M\u00fcckenspulen, Biomassed\u00fcnger, Biomassebrennstoff, maschinell hergestellte Holzkohle, Spanplatten und andere Fertigprodukte. Tats\u00e4chlich handelt es sich bei dem Medium, das zum Z\u00fcchten von Austernpilzen, Shiitake-Pilzen, Pilzen usw. verwendet wird, ebenfalls um diese recycelten Abfallmaterialien.<\/p>    <figure class=\"wp-block-image aligncenter size-full\"><img loading=\"lazy\" decoding=\"async\" width=\"720\" height=\"540\" src=\"https:\/\/charcoalplant.com\/wp-content\/uploads\/2021\/12\/Charcoal-crusher-crushing-effect-1.jpg\" alt=\"Holzkohle-Crusher-Zerkleinerungseffekt\" class=\"wp-image-1556\" srcset=\"https:\/\/charcoalplant.com\/wp-content\/uploads\/2021\/12\/Charcoal-crusher-crushing-effect-1.jpg 720w, https:\/\/charcoalplant.com\/wp-content\/uploads\/2021\/12\/Charcoal-crusher-crushing-effect-1-300x225.jpg 300w\" sizes=\"auto, (max-width: 720px) 100vw, 720px\" \/><figcaption class=\"wp-element-caption\">Holzkohle-Crusher-Zerkleinerungseffekt<\/figcaption><\/figure>    <h3 class=\"wp-block-heading\"><strong>Parameter der Holzkohle-Schreddermaschine<\/strong>S<\/h3>    <figure class=\"wp-block-table is-style-stripes\"><table><tbody><tr><td>Modell<\/td><td>SL-HM60<\/td><td>SL-HM70<\/td><td>SL-HM80<\/td><td>SL-HM90<\/td><td>SL-HM1000<\/td><td>SL-HM1300<\/td><\/tr><tr><td>Leistung (kW)<\/td><td>22<\/td><td>30<\/td><td>37<\/td><td>55<\/td><td>75<\/td><td>90<\/td><\/tr><tr><td>H\u00e4mmer (St\u00fcck)<\/td><td>30<\/td><td>40<\/td><td>50<\/td><td>50<\/td><td>105<\/td><td>105<\/td><\/tr><tr><td>L\u00fcfter (kW)<\/td><td>&nbsp;<\/td><td>&nbsp;<\/td><td>7.5<\/td><td>7.5<\/td><td>11<\/td><td>22<\/td><\/tr><tr><td>Staubentferner (Stk.)<\/td><td>5<\/td><td>5<\/td><td>5<\/td><td>5<\/td><td>14<\/td><td>14<\/td><\/tr><tr><td>Zyklondurchmesser (m)<\/td><td>1<\/td><td>1<\/td><td>1<\/td><td>1<\/td><td>1<\/td><td>1<\/td><\/tr><tr><td>Kapazit\u00e4t (t\/h)<\/td><td>0.6-0.8<\/td><td>1-1.2<\/td><td>1.2-1.5<\/td><td>1.5-3<\/td><td>3-4<\/td><td>4-5<\/td><\/tr><\/tbody><\/table><\/figure>    <p>SL-HM 60 und SL-HM70 sind unsere Bestseller. Aufgrund ihrer geringen Gr\u00f6\u00dfe und geringen Kosten. SL-HM 1300 ist am h\u00e4ufigsten.<\/p>    <h3 class=\"wp-block-heading\"><strong>Video von Holzkohlebrecher <\/strong><\/h3>    <p>Das Video unten zeigt die F\u00e4higkeit der Maschine zur Herstellung von Holzkohlepulver, eine Vielzahl von Rohstoffen zu zerkleinern. Zum Beispiel Holzkohle, Stroh, Papier, Holzscheite usw.<\/p>    <figure class=\"wp-block-embed is-type-video is-provider-youtube wp-block-embed-youtube wp-embed-aspect-16-9 wp-has-aspect-ratio\"><div class=\"wp-block-embed__wrapper\"> <iframe loading=\"lazy\" title=\"Hei\u00dfer Verkauf Kokosnussschalen-Hammerm\u00fchle | Strohzerkleinerer f\u00fcr Tierfutterfabrik#Biomasse#Holzkohlezerkleinerung\" width=\"500\" height=\"281\" src=\"https:\/\/www.youtube.com\/embed\/Jvb6txakGeQ?feature=oembed\" frameborder=\"0\" allow=\"accelerometer; autoplay; clipboard-write; encrypted-media; gyroscope; picture-in-picture; web-share\" referrerpolicy=\"strict-origin-when-cross-origin\" allowfullscreen><\/iframe> <\/div><\/figure>    <h2 class=\"wp-block-heading\" id=\"h-type-2-coal-grinder-machine\"><strong>Typ 2:<\/strong> <strong>Kohleschleifmaschine<\/strong><\/h2>    <p>Der Kohlebrecher wird als vertikaler Verbundbrecher bezeichnet. Es ist auch als Steinpulverisierer und Verbundbrecher bekannt. Es \u00fcbernimmt nicht nur geschickt das Funktionsprinzip des Steinschlagens. Dar\u00fcber hinaus verf\u00fcgt es \u00fcber zwei Funktionen: Feinzerkleinerung und Grobmahlung. Seine Struktur umfasst haupts\u00e4chlich eine \u00dcbertragungsvorrichtung, eine Hauptwelle, einen Zylinder, eine obere Abdeckung und eine Basis. <\/p>    <p>Sein Funktionsprinzip besteht darin, dass Kohle zun\u00e4chst vertikal vom oberen Teil der Maschine in das schnell rotierende Laufrad f\u00e4llt. Dann werden die Materialien zerkleinert, nachdem sie wiederholt aufeinander gesto\u00dfen sind. Abschlie\u00dfend wird es direkt von unten ausgetragen. Es m\u00fcssen Siebanlagen gesteuert werden, um die erforderliche Partikelgr\u00f6\u00dfe des Endprodukts zu erreichen.<\/p>    <figure class=\"wp-block-gallery has-nested-images columns-default is-cropped wp-block-gallery-3 is-layout-flex wp-block-gallery-is-layout-flex\"> <figure class=\"wp-block-image size-large\"><img loading=\"lazy\" decoding=\"async\" width=\"720\" height=\"540\" data-id=\"1863\" src=\"https:\/\/charcoalplant.com\/wp-content\/uploads\/2021\/12\/Charcoal-shredder.jpg\" alt=\"Kohleh\u00e4cksler\" class=\"wp-image-1863\" srcset=\"https:\/\/charcoalplant.com\/wp-content\/uploads\/2021\/12\/Charcoal-shredder.jpg 720w, https:\/\/charcoalplant.com\/wp-content\/uploads\/2021\/12\/Charcoal-shredder-300x225.jpg 300w\" sizes=\"auto, (max-width: 720px) 100vw, 720px\" \/><figcaption class=\"wp-element-caption\">Kohleh\u00e4cksler<\/figcaption><\/figure>    <figure class=\"wp-block-image size-large\"><img loading=\"lazy\" decoding=\"async\" width=\"720\" height=\"540\" data-id=\"1862\" src=\"https:\/\/charcoalplant.com\/wp-content\/uploads\/2021\/12\/crusher-plant-2.jpg\" alt=\"Kohlezerkleinerungsmaschine\" class=\"wp-image-1862\" srcset=\"https:\/\/charcoalplant.com\/wp-content\/uploads\/2021\/12\/crusher-plant-2.jpg 720w, https:\/\/charcoalplant.com\/wp-content\/uploads\/2021\/12\/crusher-plant-2-300x225.jpg 300w\" sizes=\"auto, (max-width: 720px) 100vw, 720px\" \/><figcaption class=\"wp-element-caption\">Kohlezerkleinerungsmaschine<\/figcaption><\/figure> <\/figure>    <h3 class=\"wp-block-heading\" id=\"h-application-of-coal-powder-machine\"><strong>Anwendung einer Kohlepulvermaschine<\/strong><\/h3>    <p>Kohlebrecher werden als Verbundbrecher abgek\u00fcrzt. Und es ist eine der \u00fcblichen Ausr\u00fcstungen in Produktionslinien zur Zerkleinerung und Sandherstellung. Da die Kohlem\u00fchle \u00fcber keine Siebst\u00e4be verf\u00fcgt, besteht kein Grund zur Sorge, dass sich das Material verstopft. <\/p>    <p>Dar\u00fcber hinaus kann der Verbundpulverisierer die Zerkleinerungsfeinheit anpassen. Es kann Sch\u00fcttg\u00fcter wie Dolomit, Koksedelsteine, Blei-Zink-Erz, Kalkstein, Kohle usw. zerkleinern. Daher kommt es auch h\u00e4ufig in der Feinzerkleinerung von Rohstoffen und Klinker in Zementwerken vor. Es eignet sich auch besonders f\u00fcr die Aufbereitung und Zerkleinerung von Kunstsand oder Asphalt wie hartem Kalkstein und Dolomit.<\/p>    <figure class=\"wp-block-image aligncenter size-full\"><img loading=\"lazy\" decoding=\"async\" width=\"720\" height=\"540\" src=\"https:\/\/charcoalplant.com\/wp-content\/uploads\/2021\/12\/coal-shredder-shredding-effect-2.jpg\" alt=\"Kohle-Shredder-Shredder-Effekt\" class=\"wp-image-1557\" srcset=\"https:\/\/charcoalplant.com\/wp-content\/uploads\/2021\/12\/coal-shredder-shredding-effect-2.jpg 720w, https:\/\/charcoalplant.com\/wp-content\/uploads\/2021\/12\/coal-shredder-shredding-effect-2-300x225.jpg 300w\" sizes=\"auto, (max-width: 720px) 100vw, 720px\" \/><figcaption class=\"wp-element-caption\"> Kohle-Shredder-Shredder-Effekt<\/figcaption><\/figure>    <h3 class=\"wp-block-heading\"><strong>Parameter der Kohlepulverherstellungsmaschine<\/strong>S<\/h3>    <figure class=\"wp-block-table is-style-stripes\"><table><tbody><tr><td>Typ<\/td><td>SL-CC800<\/td><td>SL-CC1000<\/td><td>SL-CC1250<\/td><td>SL-CC1500<\/td><td>SL-CC1750<\/td><\/tr><tr><td>Raddurchmesser (mm)<\/td><td>650<\/td><td>800<\/td><td>1000<\/td><td>1250<\/td><td>1560<\/td><\/tr><tr><td>Zylinderh\u00f6he (mm)<\/td><td>800<\/td><td>850<\/td><td>850<\/td><td>1000<\/td><td>1410<\/td><\/tr><tr><td>Spindelgeschwindigkeit (U\/min)<\/td><td>1350<\/td><td>970<\/td><td>740<\/td><td>650<\/td><td>600<\/td><\/tr><tr><td>Rohmaterialgr\u00f6\u00dfe (mm)<\/td><td>50<\/td><td>70<\/td><td>100<\/td><td>100<\/td><td>100<\/td><\/tr><tr><td>Entladungsgr\u00f6\u00dfe (mm)<\/td><td>0-5<\/td><td>0-5<\/td><td>0-5<\/td><td>0-5<\/td><td>0-5<\/td><\/tr><tr><td>Verarbeitungskapazit\u00e4t (t\/h)<\/td><td>5-15<\/td><td>10-30<\/td><td>20-60<\/td><td>30-80<\/td><td>40-100<\/td><\/tr><tr><td>Motorleistung (kw)<\/td><td>30<\/td><td>50<\/td><td>75<\/td><td>110<\/td><td>132<\/td><\/tr><tr><td>Gewicht (t)<\/td><td>2.3<\/td><td>4.5<\/td><td>9.73<\/td><td>18.1<\/td><td>26.61<\/td><\/tr><\/tbody><\/table><\/figure>    <h3 class=\"wp-block-heading\"><strong>Video einer Kohlezerkleinerungsmaschine<\/strong><\/h3>    <figure class=\"wp-block-embed is-type-video is-provider-youtube wp-block-embed-youtube wp-embed-aspect-16-9 wp-has-aspect-ratio\"><div class=\"wp-block-embed__wrapper\"> <iframe loading=\"lazy\" title=\"Kohlezerkleinerungsmaschine | Kohlepulverausr\u00fcstungsanlage#Brecher#M\u00fchle#Kohleproduktionslinie\" width=\"500\" height=\"281\" src=\"https:\/\/www.youtube.com\/embed\/kgaT_lhmgkE?feature=oembed\" frameborder=\"0\" allow=\"accelerometer; autoplay; clipboard-write; encrypted-media; gyroscope; picture-in-picture; web-share\" referrerpolicy=\"strict-origin-when-cross-origin\" allowfullscreen><\/iframe> <\/div><\/figure>    <h2 class=\"wp-block-heading\" id=\"h-sale-of-charcoal-pulverizer\"><strong>Verkauf von Holzkohlepulverisierern<\/strong><\/h2>    <p class=\"translation-block\">Der in unserer Fabrik hergestellte Charcoal-Zerquetscher ist auch mit einer Staubabsaugevorrichtung ausgestattet. Infolgedessen ist Staub w\u00e4hrend des Zerkleinerungsvorgangs unvermeidlich. Daher verbessert die Staubabsaugevorrichtung nicht nur die Reinheit des Materials. Zudem reinigt sie auch die Arbeitsumgebung der Arbeiter. Zus\u00e4tzlich zum Verkauf von Charcoal-Zerkleinerungsmaschinen und Kohle-Composite-Zerkleinerern bieten wir auch Verarbeitungsausr\u00fcstung wie <strong><a href=\"https:\/\/charcoalplant.com\/de\/charcoal-raymond-mill\/\">Raymond-Mill<\/a><\/strong>s und <strong>Charcoal\u00a0Powder\u00a0Mixer<\/strong>s an. Falls erforderlich, beraten Sie sich bitte. Wir bieten Ihnen erschwingliche Preise.<\/p>    <figure class=\"wp-block-gallery has-nested-images columns-default is-cropped wp-block-gallery-4 is-layout-flex wp-block-gallery-is-layout-flex\"> <figure class=\"wp-block-image size-full\"><img loading=\"lazy\" decoding=\"async\" width=\"720\" height=\"540\" data-id=\"2123\" src=\"https:\/\/charcoalplant.com\/wp-content\/uploads\/2022\/01\/Shipping-in-wooden-cases.jpg\" alt=\"Versand in Holzkisten\" class=\"wp-image-2123\"\/><figcaption class=\"wp-element-caption\">Versand in Holzkisten<\/figcaption><\/figure>    <figure class=\"wp-block-image size-large\"><img loading=\"lazy\" decoding=\"async\" width=\"720\" height=\"540\" data-id=\"2567\" src=\"https:\/\/charcoalplant.com\/wp-content\/uploads\/2022\/03\/shippment.jpg\" alt=\"Versand\" class=\"wp-image-2567\"\/><figcaption class=\"wp-element-caption\">Versand<\/figcaption><\/figure> <\/figure>    <p><\/p>","protected":false},"excerpt":{"rendered":"<p>Der Holzkohlezerkleinerer ist eine multifunktionale Materialzerkleinerungsanlage. Es kann Stroh, Stroh, Bambus, Holzkohle usw. zerkleinern. <\/p>","protected":false},"author":1,"featured_media":1714,"parent":0,"template":"","tags":[62],"product-type":[42],"class_list":["post-1547","product","type-product","status-publish","has-post-thumbnail","hentry","tag-grinder-and-mixer","product-type-grinder-and-mixer"],"_links":{"self":[{"href":"https:\/\/charcoalplant.com\/de\/wp-json\/wp\/v2\/product\/1547","targetHints":{"allow":["GET"]}}],"collection":[{"href":"https:\/\/charcoalplant.com\/de\/wp-json\/wp\/v2\/product"}],"about":[{"href":"https:\/\/charcoalplant.com\/de\/wp-json\/wp\/v2\/types\/product"}],"author":[{"embeddable":true,"href":"https:\/\/charcoalplant.com\/de\/wp-json\/wp\/v2\/users\/1"}],"wp:featuredmedia":[{"embeddable":true,"href":"https:\/\/charcoalplant.com\/de\/wp-json\/wp\/v2\/media\/1714"}],"wp:attachment":[{"href":"https:\/\/charcoalplant.com\/de\/wp-json\/wp\/v2\/media?parent=1547"}],"wp:term":[{"taxonomy":"post_tag","embeddable":true,"href":"https:\/\/charcoalplant.com\/de\/wp-json\/wp\/v2\/tags?post=1547"},{"taxonomy":"product-type","embeddable":true,"href":"https:\/\/charcoalplant.com\/de\/wp-json\/wp\/v2\/product-type?post=1547"}],"curies":[{"name":"wp","href":"https:\/\/api.w.org\/{rel}","templated":true}]}}