{"id":1661,"date":"2021-12-31T06:31:43","date_gmt":"2021-12-31T06:31:43","guid":{"rendered":"https:\/\/charcoalplant.com\/?page_id=1661"},"modified":"2023-01-29T11:00:38","modified_gmt":"2023-01-29T03:00:38","slug":"charcoal-briquettes-production-line","status":"publish","type":"product","link":"https:\/\/charcoalplant.com\/de\/charcoal-briquettes-production-line\/","title":{"rendered":"Produktionslinie f\u00fcr Holzkohlebriketts"},"content":{"rendered":"<div class=\"kk-star-ratings kksr-auto kksr-align-left kksr-valign-top\"     data-payload='{&quot;align&quot;:&quot;left&quot;,&quot;id&quot;:&quot;1661&quot;,&quot;slug&quot;:&quot;default&quot;,&quot;valign&quot;:&quot;top&quot;,&quot;ignore&quot;:&quot;&quot;,&quot;reference&quot;:&quot;auto&quot;,&quot;class&quot;:&quot;&quot;,&quot;count&quot;:&quot;24&quot;,&quot;legendonly&quot;:&quot;&quot;,&quot;readonly&quot;:&quot;&quot;,&quot;score&quot;:&quot;4.6&quot;,&quot;starsonly&quot;:&quot;&quot;,&quot;best&quot;:&quot;5&quot;,&quot;gap&quot;:&quot;5&quot;,&quot;greet&quot;:&quot;Rate this product&quot;,&quot;legend&quot;:&quot;4.6\\\/5 - (24 votes)&quot;,&quot;size&quot;:&quot;24&quot;,&quot;title&quot;:&quot;Charcoal Briquettes Production Line&quot;,&quot;width&quot;:&quot;130.9&quot;,&quot;_legend&quot;:&quot;{score}\\\/{best} - ({count} {votes})&quot;,&quot;font_factor&quot;:&quot;1.25&quot;}'>              <div class=\"kksr-stars\">      <div class=\"kksr-stars-inactive\">             <div class=\"kksr-star\" data-star=\"1\" style=\"padding-right: 5px\">               <div class=\"kksr-icon\" style=\"width: 24px; height: 24px;\"><\/div>         <\/div>             <div class=\"kksr-star\" data-star=\"2\" style=\"padding-right: 5px\">               <div class=\"kksr-icon\" style=\"width: 24px; height: 24px;\"><\/div>         <\/div>             <div class=\"kksr-star\" data-star=\"3\" style=\"padding-right: 5px\">               <div class=\"kksr-icon\" style=\"width: 24px; height: 24px;\"><\/div>         <\/div>             <div class=\"kksr-star\" data-star=\"4\" style=\"padding-right: 5px\">               <div class=\"kksr-icon\" style=\"width: 24px; height: 24px;\"><\/div>         <\/div>             <div class=\"kksr-star\" data-star=\"5\" style=\"padding-right: 5px\">               <div class=\"kksr-icon\" style=\"width: 24px; height: 24px;\"><\/div>         <\/div>     <\/div>      <div class=\"kksr-stars-active\" style=\"width: 130.9px;\">             <div class=\"kksr-star\" style=\"padding-right: 5px\">               <div class=\"kksr-icon\" style=\"width: 24px; height: 24px;\"><\/div>         <\/div>             <div class=\"kksr-star\" style=\"padding-right: 5px\">               <div class=\"kksr-icon\" style=\"width: 24px; height: 24px;\"><\/div>         <\/div>             <div class=\"kksr-star\" style=\"padding-right: 5px\">               <div class=\"kksr-icon\" style=\"width: 24px; height: 24px;\"><\/div>         <\/div>             <div class=\"kksr-star\" style=\"padding-right: 5px\">               <div class=\"kksr-icon\" style=\"width: 24px; height: 24px;\"><\/div>         <\/div>             <div class=\"kksr-star\" style=\"padding-right: 5px\">               <div class=\"kksr-icon\" style=\"width: 24px; height: 24px;\"><\/div>         <\/div>     <\/div> <\/div>                   <div class=\"kksr-legend\" style=\"font-size: 19.2px;\">             4,6\/5 - (24 Stimmen)    <\/div>     <\/div>  <p class=\"translation-block\"><strong>Holzkohlebrikett-Produktionslinie<\/strong> ist eine Anlage zur Herstellung von Grillkohle, Shisha-Kohle, Kohle, S\u00e4gemehlkohle, Kokosnusskohle usw. Und das Rohmaterial der Kohleherstellungsmaschine kann vielf\u00e4ltig sein, wie Bambus, Holz, Kokosnussschale, Reish\u00fclsen, S\u00e4gemehl usw. Daher m\u00fcssen sich Kunden, die in die Produktionslinie f\u00fcr Kohleformmaschinen investieren, nicht zu viele Sorgen um die Beschaffung von Rohmaterialien machen. Aufgrund seiner gro\u00dfen Auswahl an Rohmaterialien und niedrigen Preise. <\/p>    <p>Als professioneller Lieferant von Holzkohleausr\u00fcstung k\u00f6nnen wir Ihnen sinnvolle Vorschl\u00e4ge f\u00fcr Ihre Holzkohleproduktion machen, um Ihre effiziente Produktion zu unterst\u00fctzen. Abschlie\u00dfend m\u00f6chten wir Ihnen gerne dabei helfen, Ihr Unternehmen zur Herstellung von Holzkohlebriketts so schnell wie m\u00f6glich zu starten. Und wir machen Ihnen einen g\u00fcnstigen Preis.<\/p>    <figure class=\"wp-block-image aligncenter size-full\"><img loading=\"lazy\" decoding=\"async\" width=\"720\" height=\"540\" src=\"https:\/\/charcoalplant.com\/wp-content\/uploads\/2021\/12\/charcoal-briquettes-production-line-price-2.jpg\" alt=\"Preis der Produktionslinie f\u00fcr Holzkohlebriketts\" class=\"wp-image-2862\"\/><figcaption class=\"wp-element-caption\">Produktionslinie f\u00fcr Holzkohlebriketts zu verkaufen<\/figcaption><\/figure>    <h2 class=\"wp-block-heading\"><strong>Rohstoff der Produktionslinie f\u00fcr Holzkohlebriketts<\/strong><\/h2>    <p class=\"translation-block\">Die Rohmaterialien f\u00fcr die Kohleproduktionslinie sind sehr vielf\u00e4ltig. Es k\u00f6nnen nicht nur Holz, Bambus, Obstholz, sondern auch S\u00e4gemehl, Reish\u00fclsen, Erdnussschalen, Kokosnussschalen, Nussschalen usw. sein. Die Eigenschaften dieser Rohmaterialien sind, dass sie viel Lignin enthalten. Daher entsteht nach der Pyrolyse Kohle. Die Kohle muss vor dem Brikettieren mit einem Kohlepulverisierer zu 3 mm Kohlepulver pulverisiert werden. Das Kohlenstaub, der Binder und das Wasser werden dann in einem <strong><a href=\"https:\/\/charcoalplant.com\/de\/product\/charcoal-powder-mixer\/\">Kohlenstaubmischer<\/a><\/strong> gr\u00fcndlich gemischt. Das so behandelte Kohlenpulver ist glatt und klebrig.<\/p>    <figure class=\"wp-block-image aligncenter size-full\"><img loading=\"lazy\" decoding=\"async\" width=\"720\" height=\"540\" src=\"https:\/\/charcoalplant.com\/wp-content\/uploads\/2022\/03\/raw-materials-of-shisha-charcoal-production-line-1-1.jpg\" alt=\"\" class=\"wp-image-2848\"\/><\/figure>    <h2 class=\"wp-block-heading\" id=\"h-charcoal-briquettes-production-line-structure\"><strong>Struktur der Produktionslinie f\u00fcr Holzkohlebriketts<\/strong><\/h2>    <p class=\"translation-block\">Tats\u00e4chlich ist die Struktur einer Kohleproduktionslinie der einer <strong><a href=\"https:\/\/charcoalplant.com\/de\/shisha-charcoal-production-line\/\">Shisha-Kohle-Produktionslinie<\/a><\/strong> sehr \u00e4hnlich. Ihre Struktur besteht aus Karbonisierung, <strong><a href=\"https:\/\/charcoalplant.com\/de\/product\/charcoal-shredder\/\">Zerkleinerung<\/a><\/strong>, R\u00fchren, Brikettieren, Trocknen und Verpacken. Die Betriebsschritte der gesamten Kohlenpulver-Brikettier-Produktionslinie sind einfach und sicher. Aufgrund unterschiedlicher Endprodukte gibt es gro\u00dfe Unterschiede in einigen spezifischen Details. Nachfolgend finden Sie eine Zeichnung einer regul\u00e4ren BBQ-Kohle-Produktionslinie (nur zur Referenz).<\/p>    <figure class=\"wp-block-image aligncenter size-full\"><img loading=\"lazy\" decoding=\"async\" width=\"720\" height=\"540\" src=\"https:\/\/charcoalplant.com\/wp-content\/uploads\/2022\/03\/3D-Charcoal-briquettes-production-line.jpg\" alt=\"3D-Produktionslinie f\u00fcr Holzkohlebriketts\" class=\"wp-image-2864\"\/><figcaption class=\"wp-element-caption\">3D-Produktionslinie f\u00fcr Holzkohlebriketts<\/figcaption><\/figure>    <h2 class=\"wp-block-heading\" id=\"h-how-to-choose-a-suitable-bbq-charcoal-production-line\"><strong>Hauptbestandteile einer Produktionslinie f\u00fcr Holzkohlebriketts<\/strong><\/h2>    <p class=\"translation-block\">Zu den Hauptteilen einer Holzkohlebrikett-Herstellungslinie geh\u00f6ren eine <a href=\"https:\/\/charcoalplant.com\/de\/product\/carbonization-furnace\/\">Karbonisierungsmaschine<\/a>, eine Holzkohlebrikettmaschine, eine Kohletrocknungsmaschine und eine Kohleverpackungsmaschine. Hier finden Sie detaillierte Informationen zu jeder Maschine. <\/p>    <div class=\"wp-block-columns has-background is-layout-flex wp-container-core-columns-is-layout-28f84493 wp-block-columns-is-layout-flex\" style=\"background-color:#f1f1f1\"> <div class=\"wp-block-column is-layout-flow wp-block-column-is-layout-flow\" style=\"flex-basis:66.66%\"> <figure class=\"wp-block-gallery has-nested-images columns-default is-cropped wp-block-gallery-2 is-layout-flex wp-block-gallery-is-layout-flex\"> <figure class=\"wp-block-image size-large\"><img loading=\"lazy\" decoding=\"async\" width=\"720\" height=\"540\" data-id=\"1045\" src=\"https:\/\/charcoalplant.com\/wp-content\/uploads\/2021\/12\/Vertical-carbonization-furnace-Production-line-2.jpg\" alt=\"Vertikale Karbonisierungsofen-Produktionslinie\" class=\"wp-image-1045\" srcset=\"https:\/\/charcoalplant.com\/wp-content\/uploads\/2021\/12\/Vertical-carbonization-furnace-Production-line-2.jpg 720w, https:\/\/charcoalplant.com\/wp-content\/uploads\/2021\/12\/Vertical-carbonization-furnace-Production-line-2-300x225.jpg 300w\" sizes=\"auto, (max-width: 720px) 100vw, 720px\" \/><figcaption class=\"wp-element-caption\">Vertikale Karbonisierungsofen-Produktionslinie<\/figcaption><\/figure> <\/figure> <\/div>    <div class=\"wp-block-column is-vertically-aligned-center is-layout-flow wp-block-column-is-layout-flow\" style=\"flex-basis:33.33%\"> <p class=\"translation-block\">Tats\u00e4chlich hat die Wahl der Ausr\u00fcstung viel mit den Rohmaterialien des Kunden zu tun. Wenn Sie zum Beispiel St\u00e4mme oder Bambus zur Herstellung von geformten Holzkohlebriketts verwenden m\u00f6chten. Sie m\u00fcssen einen <strong><a data-type=\"URL\" data-id=\"https:\/\/charcoalplant.com\/vertical-carbonization-furnace\/\" href=\"https:\/\/charcoalplant.com\/de\/vertical-carbonization-furnace\/\">Hebekolben-Karbonisierungsofen<\/a><\/strong> verwenden, um lose Rohmaterialien zu karbinisieren. Wenn Ihre Rohmaterialien jedoch kleine Materialien wie S\u00e4gemehl oder Kokosnussschalen sind, m\u00fcssen Sie einen kontinuierlichen Karbonisierungsofen w\u00e4hlen.<\/p> <\/div> <\/div>    <div class=\"wp-block-columns has-background is-layout-flex wp-container-core-columns-is-layout-28f84493 wp-block-columns-is-layout-flex\" style=\"background-color:#f1f1f1\"> <div class=\"wp-block-column is-vertically-aligned-center is-layout-flow wp-block-column-is-layout-flow\" style=\"flex-basis:33.33%\"> <p class=\"translation-block\">Zweitens k\u00f6nnen Sie f\u00fcr die Kohleformmaschine eine Kohle-Stab-Maschine und eine <strong><a href=\"https:\/\/charcoalplant.com\/de\/product\/charcoal-ball-press-machine\/\">Kohle-Ballenpresse<\/a><\/strong> w\u00e4hlen. Die Kohle-Stab-Maschine kann hohle polygonale Kohlenst\u00e4be herstellen. Die Brikettiermaschine hat jedoch eine h\u00f6here Leistung.<\/p> <\/div>    <div class=\"wp-block-column is-layout-flow wp-block-column-is-layout-flow\"><\/div>    <div class=\"wp-block-column is-layout-flow wp-block-column-is-layout-flow\" style=\"flex-basis:66.66%\"> <figure class=\"wp-block-gallery has-nested-images columns-default is-cropped wp-block-gallery-3 is-layout-flex wp-block-gallery-is-layout-flex\"> <figure class=\"wp-block-image size-full\"><img loading=\"lazy\" decoding=\"async\" width=\"720\" height=\"540\" data-id=\"1197\" src=\"https:\/\/charcoalplant.com\/wp-content\/uploads\/2021\/12\/charcoal-powder-briquette-machine-price-1.jpg\" alt=\"Preis f\u00fcr Holzkohlepulver-Brikettiermaschine\" class=\"wp-image-1197\" srcset=\"https:\/\/charcoalplant.com\/wp-content\/uploads\/2021\/12\/charcoal-powder-briquette-machine-price-1.jpg 720w, https:\/\/charcoalplant.com\/wp-content\/uploads\/2021\/12\/charcoal-powder-briquette-machine-price-1-300x225.jpg 300w\" sizes=\"auto, (max-width: 720px) 100vw, 720px\" \/><figcaption class=\"wp-element-caption\">Preis f\u00fcr Holzkohlepulver-Brikettiermaschine<\/figcaption><\/figure> <\/figure> <\/div> <\/div>    <div class=\"wp-block-columns are-vertically-aligned-center has-background is-layout-flex wp-container-core-columns-is-layout-28f84493 wp-block-columns-is-layout-flex\" style=\"background-color:#f1f1f1\"> <div class=\"wp-block-column is-vertically-aligned-center is-layout-flow wp-block-column-is-layout-flow\" style=\"flex-basis:66.66%\"> <figure class=\"wp-block-gallery has-nested-images columns-default is-cropped wp-block-gallery-4 is-layout-flex wp-block-gallery-is-layout-flex\"> <figure class=\"wp-block-image size-full\"><img loading=\"lazy\" decoding=\"async\" width=\"720\" height=\"540\" data-id=\"1492\" src=\"https:\/\/charcoalplant.com\/wp-content\/uploads\/2021\/12\/shaisha-charcoal-drying-room-1.jpg\" alt=\"Trockenraum f\u00fcr Shaisha-Kohle\" class=\"wp-image-1492\" srcset=\"https:\/\/charcoalplant.com\/wp-content\/uploads\/2021\/12\/shaisha-charcoal-drying-room-1.jpg 720w, https:\/\/charcoalplant.com\/wp-content\/uploads\/2021\/12\/shaisha-charcoal-drying-room-1-300x225.jpg 300w\" sizes=\"auto, (max-width: 720px) 100vw, 720px\" \/><figcaption class=\"wp-element-caption\">Trockenraum f\u00fcr Shaisha-Kohle<\/figcaption><\/figure> <\/figure> <\/div>    <div class=\"wp-block-column is-vertically-aligned-center is-layout-flow wp-block-column-is-layout-flow\" style=\"flex-basis:33.33%\"> <p class=\"translation-block\">Drittens w\u00e4hlen Sie die richtige Ausr\u00fcstung entsprechend der Gr\u00f6\u00dfe Ihres Fabrikgel\u00e4ndes. F\u00fcr einige Ger\u00e4te mit der gleichen Funktion ist aufgrund des gro\u00dfen Unterschieds in der Ger\u00e4tekonstruktion das Modell der Maschine zu gro\u00df. Diese Maschine ist nicht f\u00fcr die Aufstellung im Werk geeignet. Dann k\u00f6nnen Sie \u00e4hnliche Alternativen w\u00e4hlen. Zum Beispiel bieten wir zwei Trocknungsger\u00e4te an: <strong><a data-type=\"URL\" data-id=\"https:\/\/charcoalplant.com\/charcoal-briquette-dryer\/\" href=\"https:\/\/charcoalplant.com\/de\/charcoal-briquette-dryer\/\">Trockenraum und Bandtrockner<\/a><\/strong>. Die Gr\u00f6\u00dfe des Trockenraums kann angepasst werden und die Installation ist flexibel. Der Bandtrockner ist ein gro\u00dfes Modell, aber die Leistung ist gro\u00df.<\/p> <\/div> <\/div>    <div class=\"wp-block-columns are-vertically-aligned-center has-background is-layout-flex wp-container-core-columns-is-layout-28f84493 wp-block-columns-is-layout-flex\" style=\"background-color:#f1f1f1\"> <div class=\"wp-block-column is-vertically-aligned-center is-layout-flow wp-block-column-is-layout-flow\" style=\"flex-basis:33.33%\"> <p class=\"translation-block\">Schlie\u00dflich w\u00e4hlen Sie die <strong><a href=\"https:\/\/charcoalplant.com\/de\/product\/charcoal-briquettes-packing-machine\/\">Verpackungsmaschine<\/a><\/strong> entsprechend der Art des Endprodukts und der Marktnachfrage. Um Feuchtigkeit zu verhindern und den Transport zu erleichtern, wird im Markt im Allgemeinen eine Siegel- und Schneidemaschine verwendet, um Grillkohle zu verpacken.<\/p> <\/div>    <div class=\"wp-block-column is-vertically-aligned-center is-layout-flow wp-block-column-is-layout-flow\" style=\"flex-basis:66.66%\"> <figure class=\"wp-block-gallery has-nested-images columns-default is-cropped wp-block-gallery-5 is-layout-flex wp-block-gallery-is-layout-flex\"> <figure class=\"wp-block-image size-large\"><img loading=\"lazy\" decoding=\"async\" width=\"720\" height=\"540\" data-id=\"2874\" src=\"https:\/\/charcoalplant.com\/wp-content\/uploads\/2022\/03\/charcoal-briket-bagging-machine.jpg\" alt=\"Holzkohlebriket-Verpackungsmaschine\" class=\"wp-image-2874\"\/><figcaption class=\"wp-element-caption\">Holzkohlebriket-Verpackungsmaschine<\/figcaption><\/figure> <\/figure> <\/div> <\/div>    <h2 class=\"wp-block-heading\"><strong>Endprodukt der Holzkohlebrikettmaschine<\/strong><\/h2>    <figure class=\"wp-block-image aligncenter size-full\"><img loading=\"lazy\" decoding=\"async\" width=\"720\" height=\"540\" src=\"https:\/\/charcoalplant.com\/wp-content\/uploads\/2022\/03\/coconut-shell-charcoal-briquette.jpg\" alt=\"\" class=\"wp-image-2875\"\/><\/figure>    <h2 class=\"wp-block-heading\" id=\"h-related-equipment-for-charcoal-briquettes-project-line\"><strong>Zugeh\u00f6rige Ausr\u00fcstung f\u00fcr die Produktionslinie f\u00fcr Holzkohlebriketts<\/strong><\/h2>    <p class=\"translation-block\"><strong>Schneider<\/strong><strong><\/strong><\/p>    <p class=\"translation-block\">Die <strong><a href=\"https:\/\/charcoalplant.com\/de\/product\/charcoal-powder-briquette-machine\/\">Kohle-Stab-Maschine<\/a><\/strong> kann Briketts in verschiedenen Formen herstellen. Kunden k\u00f6nnen Schneider verwenden, um Kohlenst\u00e4be unterschiedlicher L\u00e4nge zu schneiden. Unsere Fabrik bietet Meter-Schneider, Infrarot-Induktions-Schneider und Fr\u00e4ser an.<\/p>    <p class=\"translation-block\"><strong>Silo<\/strong><strong><\/strong><\/p>    <p>Im Silo kann Holzkohlepulver gelagert werden, wodurch auch eine kontinuierliche Produktion der Holzkohlebrikett-Verarbeitungsanlage gew\u00e4hrleistet ist. Wir bieten Lagersilos f\u00fcr Holzkohlepulver, Wiegesilos und Untersilos f\u00fcr Holzkohlepulver an. Jedes Silo hat seine eigenen Eigenschaften.<\/p>    <p class=\"translation-block\"><strong>F\u00f6rderer<\/strong><strong><\/strong><\/p>    <p>Der Grund, warum die Produktionslinie arbeitssparend ist, liegt in der automatischen Beschickung des F\u00f6rderers. G\u00e4ngige F\u00f6rderger\u00e4te sind die Schneckenf\u00f6rderung und die F\u00f6rderbandf\u00f6rderung. F\u00fcr Staub w\u00e4hlen Sie Ersteres. W\u00e4hlen Sie f\u00fcr den Block Letzteres aus.<\/p>    <figure class=\"wp-block-image aligncenter size-full\"><img loading=\"lazy\" decoding=\"async\" width=\"720\" height=\"540\" src=\"https:\/\/charcoalplant.com\/wp-content\/uploads\/2021\/12\/briquetting-machine-project-1-2.jpg\" alt=\"Brikettiermaschinen-Projekt-\" class=\"wp-image-1415\" srcset=\"https:\/\/charcoalplant.com\/wp-content\/uploads\/2021\/12\/briquetting-machine-project-1-2.jpg 720w, https:\/\/charcoalplant.com\/wp-content\/uploads\/2021\/12\/briquetting-machine-project-1-2-300x225.jpg 300w\" sizes=\"auto, (max-width: 720px) 100vw, 720px\" \/><figcaption class=\"wp-element-caption\">Brikettiermaschinenprojekt<\/figcaption><\/figure>    <h2 class=\"wp-block-heading\" id=\"h-briquetting-machine-price\"><strong>Was ist die Holzkohle?<\/strong> <strong>Preis der Brikettiermaschine<\/strong>? <\/h2>    <p>Wir stellen eine Vielzahl von Holzkohlebrikettiermaschinen her. Zum Beispiel eine Kohlenstaubpresse, eine Kugelpresse f\u00fcr pulverisierte Holzkohle, eine Wabenkohlemaschine usw. Der Preis einer Einzelmaschine oder einer Produktionslinie wird von verschiedenen Faktoren beeinflusst. Tats\u00e4chlich steht die Qualit\u00e4t f\u00fcr die Kunden an erster Stelle. Der zweite ist der Preis. Aber keine Sorge, wir bieten Ihnen wettbewerbsf\u00e4hige Preise basierend auf Ihrer Abnahmemenge und Kaufabsicht.<\/p>    <h2 class=\"wp-block-heading\" id=\"h-benefits-of-charcoal-briket\"><strong>Vorteile von Holzkohlebriketts<\/strong> <\/h2>    <p>Mit dem Fortschritt von Wissenschaft und Technologie sowie der Zivilisation der Menschen schenken wir der Umwelt und der Gesundheit immer mehr Aufmerksamkeit. Als weithin gefragte Grillkohle weist sie folgende Eigenschaften auf:<\/p>    <p>1. Erneuerbar, keine Umweltverschmutzung.<\/p>    <p>2. Es ist brennbest\u00e4ndig und rei\u00dft nicht.<\/p>    <p>3. Es sieht gut aus und hat verschiedene Formen.<\/p>    <p>4. Raucht nicht in den Augen, leicht zu entz\u00fcnden.<\/p>    <p>5. Sicher und g\u00fcnstig.<\/p>    <figure class=\"wp-block-image aligncenter size-full\"><img loading=\"lazy\" decoding=\"async\" width=\"720\" height=\"540\" src=\"https:\/\/charcoalplant.com\/wp-content\/uploads\/2021\/12\/Charcoal-briquettes-production-line-manufacturer.jpg\" alt=\"Hersteller von Produktionslinien f\u00fcr Holzkohlebriketts\" class=\"wp-image-2876\"\/><figcaption class=\"wp-element-caption\">Hersteller von Produktionslinien f\u00fcr Holzkohlebriketts<\/figcaption><\/figure>","protected":false},"excerpt":{"rendered":"<p>Charcoal briquettes\u00a0production line is a plant for manufacturing bbq charcoal, shisha charcoal, coal, sawdust charcoal, coconut charcoal, etc. And the raw material of the charcoal making machine can be various such as bamboo, log, coconut shell, rice husk, sawdust, etc. Therefore, customers who invest in charcoal molding machine production line needs not worry too much [&hellip;]<\/p>\n","protected":false},"author":1,"featured_media":2862,"parent":0,"template":"","tags":[59],"product-type":[53],"class_list":["post-1661","product","type-product","status-publish","has-post-thumbnail","hentry","tag-charcoal-briquetting-machine","product-type-product-line"],"_links":{"self":[{"href":"https:\/\/charcoalplant.com\/de\/wp-json\/wp\/v2\/product\/1661","targetHints":{"allow":["GET"]}}],"collection":[{"href":"https:\/\/charcoalplant.com\/de\/wp-json\/wp\/v2\/product"}],"about":[{"href":"https:\/\/charcoalplant.com\/de\/wp-json\/wp\/v2\/types\/product"}],"author":[{"embeddable":true,"href":"https:\/\/charcoalplant.com\/de\/wp-json\/wp\/v2\/users\/1"}],"wp:featuredmedia":[{"embeddable":true,"href":"https:\/\/charcoalplant.com\/de\/wp-json\/wp\/v2\/media\/2862"}],"wp:attachment":[{"href":"https:\/\/charcoalplant.com\/de\/wp-json\/wp\/v2\/media?parent=1661"}],"wp:term":[{"taxonomy":"post_tag","embeddable":true,"href":"https:\/\/charcoalplant.com\/de\/wp-json\/wp\/v2\/tags?post=1661"},{"taxonomy":"product-type","embeddable":true,"href":"https:\/\/charcoalplant.com\/de\/wp-json\/wp\/v2\/product-type?post=1661"}],"curies":[{"name":"wp","href":"https:\/\/api.w.org\/{rel}","templated":true}]}}