{"id":1715,"date":"2022-01-04T10:11:54","date_gmt":"2022-01-04T10:11:54","guid":{"rendered":"https:\/\/charcoalplant.com\/"},"modified":"2023-03-31T15:03:07","modified_gmt":"2023-03-31T07:03:07","slug":"log-saw-mill-machine","status":"publish","type":"product","link":"https:\/\/charcoalplant.com\/de\/product\/log-saw-mill-machine\/","title":{"rendered":"Blocks\u00e4gewerksmaschine| Automatische Holzbands\u00e4ge"},"content":{"rendered":"<div class=\"kk-star-ratings kksr-auto kksr-align-left kksr-valign-top\"     data-payload='{&quot;align&quot;:&quot;left&quot;,&quot;id&quot;:&quot;1715&quot;,&quot;slug&quot;:&quot;default&quot;,&quot;valign&quot;:&quot;top&quot;,&quot;ignore&quot;:&quot;&quot;,&quot;reference&quot;:&quot;auto&quot;,&quot;class&quot;:&quot;&quot;,&quot;count&quot;:&quot;15&quot;,&quot;legendonly&quot;:&quot;&quot;,&quot;readonly&quot;:&quot;&quot;,&quot;score&quot;:&quot;4.8&quot;,&quot;starsonly&quot;:&quot;&quot;,&quot;best&quot;:&quot;5&quot;,&quot;gap&quot;:&quot;5&quot;,&quot;greet&quot;:&quot;Rate this product&quot;,&quot;legend&quot;:&quot;4.8\\\/5 - (15 votes)&quot;,&quot;size&quot;:&quot;24&quot;,&quot;title&quot;:&quot;Log Saw Mill Machine| Automatic Wood Band Saw&quot;,&quot;width&quot;:&quot;136.7&quot;,&quot;_legend&quot;:&quot;{score}\\\/{best} - ({count} {votes})&quot;,&quot;font_factor&quot;:&quot;1.25&quot;}'>              <div class=\"kksr-stars\">      <div class=\"kksr-stars-inactive\">             <div class=\"kksr-star\" data-star=\"1\" style=\"padding-right: 5px\">               <div class=\"kksr-icon\" style=\"width: 24px; height: 24px;\"><\/div>         <\/div>             <div class=\"kksr-star\" data-star=\"2\" style=\"padding-right: 5px\">               <div class=\"kksr-icon\" style=\"width: 24px; height: 24px;\"><\/div>         <\/div>             <div class=\"kksr-star\" data-star=\"3\" style=\"padding-right: 5px\">               <div class=\"kksr-icon\" style=\"width: 24px; height: 24px;\"><\/div>         <\/div>             <div class=\"kksr-star\" data-star=\"4\" style=\"padding-right: 5px\">               <div class=\"kksr-icon\" style=\"width: 24px; height: 24px;\"><\/div>         <\/div>             <div class=\"kksr-star\" data-star=\"5\" style=\"padding-right: 5px\">               <div class=\"kksr-icon\" style=\"width: 24px; height: 24px;\"><\/div>         <\/div>     <\/div>      <div class=\"kksr-stars-active\" style=\"width: 136.7px;\">             <div class=\"kksr-star\" style=\"padding-right: 5px\">               <div class=\"kksr-icon\" style=\"width: 24px; height: 24px;\"><\/div>         <\/div>             <div class=\"kksr-star\" style=\"padding-right: 5px\">               <div class=\"kksr-icon\" style=\"width: 24px; height: 24px;\"><\/div>         <\/div>             <div class=\"kksr-star\" style=\"padding-right: 5px\">               <div class=\"kksr-icon\" style=\"width: 24px; height: 24px;\"><\/div>         <\/div>             <div class=\"kksr-star\" style=\"padding-right: 5px\">               <div class=\"kksr-icon\" style=\"width: 24px; height: 24px;\"><\/div>         <\/div>             <div class=\"kksr-star\" style=\"padding-right: 5px\">               <div class=\"kksr-icon\" style=\"width: 24px; height: 24px;\"><\/div>         <\/div>     <\/div> <\/div>                   <div class=\"kksr-legend\" style=\"font-size: 19.2px;\">             4,8\/5 \u2013 (15 Stimmen)    <\/div>     <\/div>  <p class=\"translation-block\"><strong>Blockbands\u00e4ge<\/strong> ist ein neues Holzschneidewerkzeug, das S\u00e4gebl\u00e4tter, Messlineale und eine Schiene integriert. Und die neue S\u00e4ge integriert eine Designphilosophie, die das Polieren eliminiert und Holzverluste reduziert. In unserem Werk werden drei Arten von Holzbearbeitungss\u00e4gen hergestellt: <strong><a href=\"https:\/\/charcoalplant.com\/de\/info\/sl-500-log-sliding-table-saw-sent-to-singapore\/\">Block-Schiebetischs\u00e4ge<\/a>, vertikale Bands\u00e4ge und vollautomatische horizontale Bands\u00e4ge<\/strong>. <\/p>    <p>Im Folgenden finden Sie eine kurze Einf\u00fchrung in die drei Arten von S\u00e4gewerken in unserem Werk. Gerne k\u00f6nnen Sie uns zu Maschinenpreisen, Zubeh\u00f6r usw. befragen. Wir freuen uns auf die weitere Kommunikation mit Ihnen. <\/p>    <h2 class=\"wp-block-heading\" id=\"raw-materials-of-log-saw-mill-machine\"><strong>Rohstoffe<\/strong> <strong>einer Blocks\u00e4gemaschine<\/strong><\/h2>    <p class=\"translation-block\">Die Rohstoffe der Holzbands\u00e4ge sind verschiedene Baumst\u00e4mme (Mahagoni, Birke, Eiche, Kiefer usw.), Kanth\u00f6lzer, Planken,<strong> <a href=\"https:\/\/charcoalplant.com\/de\/wood-wastes-recycling-machine\/wood-peeling-machine\/\">gesch\u00e4ltes Holz<\/a><\/strong>. Als Rohmaterial kann auch eine Holzwerkstoffplatte wie Spanplatte, Massivholz-Sandwichplatte oder PVC-Platte verwendet werden. Au\u00dferdem kann sie Aluminiumlegierungen, Plexiglas, Gummi usw. schneiden.<\/p>    <figure class=\"wp-block-gallery has-nested-images columns-2 is-cropped wp-block-gallery-2 is-layout-flex wp-block-gallery-is-layout-flex\"> <figure class=\"wp-block-image size-large\"><img loading=\"lazy\" decoding=\"async\" width=\"720\" height=\"540\" data-id=\"2205\" src=\"https:\/\/charcoalplant.com\/wp-content\/uploads\/2022\/01\/log-1.jpg\" alt=\"\" class=\"wp-image-2205\"\/><\/figure>    <figure class=\"wp-block-image size-large\"><img loading=\"lazy\" decoding=\"async\" width=\"720\" height=\"540\" data-id=\"2206\" src=\"https:\/\/charcoalplant.com\/wp-content\/uploads\/2022\/01\/particle-board.jpg\" alt=\"\" class=\"wp-image-2206\"\/><\/figure>    <figure class=\"wp-block-image size-large\"><img loading=\"lazy\" decoding=\"async\" width=\"720\" height=\"540\" data-id=\"2204\" src=\"https:\/\/charcoalplant.com\/wp-content\/uploads\/2022\/01\/rubber.jpg\" alt=\"\" class=\"wp-image-2204\"\/><\/figure>    <figure class=\"wp-block-image size-large\"><img loading=\"lazy\" decoding=\"async\" width=\"720\" height=\"540\" data-id=\"2203\" src=\"https:\/\/charcoalplant.com\/wp-content\/uploads\/2022\/01\/wood-materials.jpg\" alt=\"\" class=\"wp-image-2203\"\/><\/figure> <\/figure>    <h2 class=\"wp-block-heading\" id=\"h-log-saw-mill-machine\"><strong>Typ 1<\/strong>: <strong>Blocks\u00e4gewerk<\/strong> <strong>Maschine<\/strong> <strong>zu verkaufen<\/strong> <\/h2>    <p>Das Geh\u00e4use der Shuliy Tischkreiss\u00e4ge ist mit Stahlplatten mit einer Dicke von 5\u20136 mm verschwei\u00dft. Nicht nur die Struktur ist stabil, sondern auch das Aussehen ist sch\u00f6n. Es handelt sich um eine All-in-One-S\u00e4gemaschine. Mit anderen Worten: Es kann ohne Installation direkt verwendet werden. Dar\u00fcber hinaus ist es kompakt und hat einen geringen Platzbedarf.<\/p>    <figure class=\"wp-block-gallery has-nested-images columns-3 is-cropped wp-block-gallery-3 is-layout-flex wp-block-gallery-is-layout-flex\"> <figure class=\"wp-block-image size-large\"><img loading=\"lazy\" decoding=\"async\" width=\"720\" height=\"540\" data-id=\"1718\" src=\"https:\/\/charcoalplant.com\/wp-content\/uploads\/2022\/01\/movable-log-sawmill-for-sale-2.jpg\" alt=\"Mobiles Blocks\u00e4gewerk zu verkaufen\" class=\"wp-image-1718\" srcset=\"https:\/\/charcoalplant.com\/wp-content\/uploads\/2022\/01\/movable-log-sawmill-for-sale-2.jpg 720w, https:\/\/charcoalplant.com\/wp-content\/uploads\/2022\/01\/movable-log-sawmill-for-sale-2-300x225.jpg 300w\" sizes=\"auto, (max-width: 720px) 100vw, 720px\" \/><figcaption class=\"wp-element-caption\">Mobiles Blocks\u00e4gewerk zu verkaufen<\/figcaption><\/figure>    <figure class=\"wp-block-image size-large\"><img loading=\"lazy\" decoding=\"async\" width=\"720\" height=\"540\" data-id=\"1721\" src=\"https:\/\/charcoalplant.com\/wp-content\/uploads\/2022\/01\/woodland-sawmill.jpg\" alt=\"Walds\u00e4gewerk\" class=\"wp-image-1721\" srcset=\"https:\/\/charcoalplant.com\/wp-content\/uploads\/2022\/01\/woodland-sawmill.jpg 720w, https:\/\/charcoalplant.com\/wp-content\/uploads\/2022\/01\/woodland-sawmill-300x225.jpg 300w\" sizes=\"auto, (max-width: 720px) 100vw, 720px\" \/><figcaption class=\"wp-element-caption\">Walds\u00e4gewerk<\/figcaption><\/figure>    <figure class=\"wp-block-image size-large\"><img loading=\"lazy\" decoding=\"async\" width=\"720\" height=\"540\" data-id=\"1720\" src=\"https:\/\/charcoalplant.com\/wp-content\/uploads\/2022\/01\/wooden-board.jpg\" alt=\"Holzbrett\" class=\"wp-image-1720\" srcset=\"https:\/\/charcoalplant.com\/wp-content\/uploads\/2022\/01\/wooden-board.jpg 720w, https:\/\/charcoalplant.com\/wp-content\/uploads\/2022\/01\/wooden-board-300x225.jpg 300w\" sizes=\"auto, (max-width: 720px) 100vw, 720px\" \/><figcaption class=\"wp-element-caption\">Holzbrett<\/figcaption><\/figure> <\/figure>    <h3 class=\"wp-block-heading\" id=\"structural-features-of-double-blades-log-sawmill\"><strong>Strukturmerkmale eines Doppelblatt-Blocks\u00e4gewerks<\/strong><\/h3>    <ul class=\"wp-block-list\"> <li>Die Klingen aus legiertem Material sind langlebiger und der S\u00e4gezahnbogen ist glatt und weist eine hohe Schnittqualit\u00e4t auf.<\/li>    <li>Die beiden S\u00e4gebl\u00e4tter werden von zwei Motoren angetrieben und laufen reibungslos.<\/li>    <li>Mit dem Einstellrad kann der Abstand zwischen Holz und Schallwand eingestellt werden. Daher kann die Dicke der Platte flexibel gesteuert werden.<\/li>    <li>Die Schienenl\u00e4nge der Blocks\u00e4ge kann je nach Kundenwunsch individuell angepasst werden.<\/li> <\/ul>    <figure class=\"wp-block-gallery has-nested-images columns-default is-cropped wp-block-gallery-4 is-layout-flex wp-block-gallery-is-layout-flex\"> <figure class=\"wp-block-image size-large\"><img loading=\"lazy\" decoding=\"async\" width=\"720\" height=\"540\" data-id=\"1722\" src=\"https:\/\/charcoalplant.com\/wp-content\/uploads\/2022\/01\/blade-saw.jpg\" alt=\"S\u00e4geblatt\" class=\"wp-image-1722\" srcset=\"https:\/\/charcoalplant.com\/wp-content\/uploads\/2022\/01\/blade-saw.jpg 720w, https:\/\/charcoalplant.com\/wp-content\/uploads\/2022\/01\/blade-saw-300x225.jpg 300w\" sizes=\"auto, (max-width: 720px) 100vw, 720px\" \/><figcaption class=\"wp-element-caption\">S\u00e4geblatt<\/figcaption><\/figure>    <figure class=\"wp-block-image size-large\"><img loading=\"lazy\" decoding=\"async\" width=\"720\" height=\"540\" data-id=\"2207\" src=\"https:\/\/charcoalplant.com\/wp-content\/uploads\/2022\/01\/double-blades-log-sawmill-for-sale.jpg\" alt=\"\" class=\"wp-image-2207\"\/><\/figure> <\/figure>    <h3 class=\"wp-block-heading\" id=\"video-of-log-sawmill-machine\"><strong>Blocks\u00e4gewerk<\/strong> <strong>Maschine<\/strong> <strong>Arbeitsvideo <\/strong><\/h3>    <figure class=\"wp-block-embed is-type-video is-provider-youtube wp-block-embed-youtube wp-embed-aspect-16-9 wp-has-aspect-ratio\"><div class=\"wp-block-embed__wrapper\"> <iframe loading=\"lazy\" title=\"Bewegliches Blocks\u00e4gewerk | Schwingmesser-Holzschneidemaschinenausr\u00fcstung mit hoher Effizienz\" width=\"500\" height=\"281\" src=\"https:\/\/www.youtube.com\/embed\/ckPnOwcinBo?feature=oembed\" frameborder=\"0\" allow=\"accelerometer; autoplay; clipboard-write; encrypted-media; gyroscope; picture-in-picture; web-share\" referrerpolicy=\"strict-origin-when-cross-origin\" allowfullscreen><\/iframe> <\/div><\/figure>    <h3 class=\"wp-block-heading has-luminous-vivid-orange-color has-text-color\" id=\"h-parameters-of-log-cutting-machine\"><strong>Holzschneidemaschine<\/strong> <strong>Parameter<\/strong> <\/h3>    <figure class=\"wp-block-table is-style-stripes\"><table><tbody><tr><td><strong>500Modell<\/strong><strong><\/strong><\/td><td><strong>1m<\/strong><\/td><td><strong>1,5 m<\/strong><\/td><td><strong>2m<\/strong><\/td><td><strong>2,5m<\/strong><\/td><td><strong>3m<\/strong><\/td><td><strong>4m<\/strong><\/td><\/tr><tr><td><strong>Vorschubl\u00e4nge<\/strong><strong><\/strong><\/td><td>0-100cm<\/td><td>0-150cm<\/td><td>0-200cm<\/td><td>0-250cm<\/td><td>0-300cm<\/td><td>0-400cm<\/td><\/tr><tr><td><strong>Einzugsdurchmesser<\/strong><strong><\/strong><\/td><td>0-500mm<\/td><td>0-500mm<\/td><td>0-500mm<\/td><td>0-500mm<\/td><td>0-500mm<\/td><td>0-500mm<\/td><\/tr><tr><td><strong>Motorleistung<\/strong><strong><\/strong><\/td><td>11 kW*2<\/td><td>11 kW*2<\/td><td>11 kW*2<\/td><td>11 kW*2<\/td><td>11 kW*2<\/td><td>11 kW*2<\/td><\/tr><tr><td><strong>Gesamtgewicht<\/strong><strong><\/strong><\/td><td>500<\/td><td>550<\/td><td>600<\/td><td>650<\/td><td>700<\/td><td>750<\/td><\/tr><\/tbody><\/table><\/figure>    <h2 class=\"wp-block-heading\" id=\"h-vertical-band-saw\"><strong>Typ 2: Vertikale Bands\u00e4ge<\/strong> <strong>zu verkaufen<\/strong> <\/h2>    <p>Vertikale Bands\u00e4gen verwenden ebenfalls Schienen, um das fixierte Holz vorw\u00e4rts zu bewegen. Anschlie\u00dfend wird das Holz in glatte Bretter geschnitten. Sein S\u00e4geblatt ist geb\u00e4ndert. Dar\u00fcber hinaus ist das S\u00e4geblatt auf dem beweglichen Rad aufgewickelt. Daher arbeitet das S\u00e4geblatt mit der Drehung des Rades. Aber vertikale Bands\u00e4gen schneiden schneller, produzieren mehr und sind kosteng\u00fcnstiger.<\/p>    <figure class=\"wp-block-gallery has-nested-images columns-default is-cropped wp-block-gallery-5 is-layout-flex wp-block-gallery-is-layout-flex\"> <figure class=\"wp-block-image size-large\"><img loading=\"lazy\" decoding=\"async\" width=\"720\" height=\"540\" data-id=\"1726\" src=\"https:\/\/charcoalplant.com\/wp-content\/uploads\/2022\/01\/vertical-wood-saw-show.jpg\" alt=\"Vertikale-Holzs\u00e4gen-Show\" class=\"wp-image-1726\" srcset=\"https:\/\/charcoalplant.com\/wp-content\/uploads\/2022\/01\/vertical-wood-saw-show.jpg 720w, https:\/\/charcoalplant.com\/wp-content\/uploads\/2022\/01\/vertical-wood-saw-show-300x225.jpg 300w\" sizes=\"auto, (max-width: 720px) 100vw, 720px\" \/><figcaption class=\"wp-element-caption\">Vertikale-Holzs\u00e4gen-Show<\/figcaption><\/figure> <\/figure>    <h3 class=\"wp-block-heading\" id=\"structural-features-of-vertical-band-sawmill\"><strong>Strukturmerkmale eines Vertikalbands\u00e4gewerks<\/strong><\/h3>    <ul class=\"wp-block-list\"> <li>Die Spur gleitet automatisch. Und die Geschwindigkeit kann durch elektrische oder numerische Steuerung eingestellt werden.<\/li>    <li>Die Bands\u00e4ge kann Holz mit gro\u00dfem Durchmesser und hohem Durchsatz verarbeiten.<\/li>    <li>Das S\u00e4geblatt wird auf das obere und untere S\u00e4gerad gelegt und die Dicke des S\u00e4geblatts ist einstellbar.<\/li>    <li>Es gibt drei Methoden zum Sichern von Baumst\u00e4mmen mit Haken: manuell, pneumatisch und hydraulisch.<\/li>    <li>Einfache Installation, Arbeitsersparnis, Energieeinsparung, kontinuierliches Entladen.<\/li> <\/ul>    <figure class=\"wp-block-gallery has-nested-images columns-2 is-cropped wp-block-gallery-6 is-layout-flex wp-block-gallery-is-layout-flex\"> <figure class=\"wp-block-image size-large\"><img loading=\"lazy\" decoding=\"async\" width=\"720\" height=\"540\" data-id=\"1723\" src=\"https:\/\/charcoalplant.com\/wp-content\/uploads\/2022\/01\/band-saw.jpg\" alt=\"Bands\u00e4ge\" class=\"wp-image-1723\" srcset=\"https:\/\/charcoalplant.com\/wp-content\/uploads\/2022\/01\/band-saw.jpg 720w, https:\/\/charcoalplant.com\/wp-content\/uploads\/2022\/01\/band-saw-300x225.jpg 300w\" sizes=\"auto, (max-width: 720px) 100vw, 720px\" \/><figcaption class=\"wp-element-caption\">Bands\u00e4ge<\/figcaption><\/figure>    <figure class=\"wp-block-image size-full\"><img loading=\"lazy\" decoding=\"async\" width=\"720\" height=\"540\" data-id=\"2213\" src=\"https:\/\/charcoalplant.com\/wp-content\/uploads\/2022\/01\/track-of-log-saw-mill-machine-.jpg\" alt=\"Spur der Blocks\u00e4gem\u00fchle\" class=\"wp-image-2213\"\/><figcaption class=\"wp-element-caption\">Spur der Blocks\u00e4gem\u00fchle<\/figcaption><\/figure>    <figure class=\"wp-block-image size-large\"><img loading=\"lazy\" decoding=\"async\" width=\"720\" height=\"540\" data-id=\"1725\" src=\"https:\/\/charcoalplant.com\/wp-content\/uploads\/2022\/01\/track.jpg\" alt=\"Schiene\" class=\"wp-image-1725\" srcset=\"https:\/\/charcoalplant.com\/wp-content\/uploads\/2022\/01\/track.jpg 720w, https:\/\/charcoalplant.com\/wp-content\/uploads\/2022\/01\/track-300x225.jpg 300w\" sizes=\"auto, (max-width: 720px) 100vw, 720px\" \/><figcaption class=\"wp-element-caption\">Schiene<\/figcaption><\/figure>    <figure class=\"wp-block-image size-full\"><img loading=\"lazy\" decoding=\"async\" width=\"720\" height=\"540\" data-id=\"2212\" src=\"https:\/\/charcoalplant.com\/wp-content\/uploads\/2022\/01\/log-saw-mill-machine-for-sale-.jpg\" alt=\"Blocks\u00e4gewerk-Maschine-zu-verkaufen\" class=\"wp-image-2212\"\/><figcaption class=\"wp-element-caption\">Blocks\u00e4gewerk-Maschine-zu-verkaufen<\/figcaption><\/figure> <\/figure>    <h3 class=\"wp-block-heading\" id=\"video-of-log-band-sawmill-machine\"><strong>Blockbands\u00e4gewerksmaschine<\/strong> <strong>Arbeitsvideo<\/strong><\/h3>    <figure class=\"wp-block-embed is-type-video is-provider-youtube wp-block-embed-youtube wp-embed-aspect-16-9 wp-has-aspect-ratio\"><div class=\"wp-block-embed__wrapper\"> <iframe loading=\"lazy\" title=\"Vertikale Blockbands\u00e4ge | Hersteller von Waldholzschneidemaschinen#woodboard#furniture\" width=\"500\" height=\"281\" src=\"https:\/\/www.youtube.com\/embed\/M8i0EjIuRLk?feature=oembed\" frameborder=\"0\" allow=\"accelerometer; autoplay; clipboard-write; encrypted-media; gyroscope; picture-in-picture; web-share\" referrerpolicy=\"strict-origin-when-cross-origin\" allowfullscreen><\/iframe> <\/div><\/figure>    <h3 class=\"wp-block-heading has-luminous-vivid-orange-color has-text-color\" id=\"h-parameters-of-vertical-wood-saw-mill\"><strong>Vertikales Holzs\u00e4gewerk<\/strong> <strong>Parameter <\/strong><\/h3>    <figure class=\"wp-block-table is-style-stripes\"><table><tbody><tr><td>Modell<\/td><td>SL-3000<\/td><td>SL-5000<\/td><\/tr><tr><td>S\u00e4geraddurchmesser<\/td><td>1600 mm<\/td><td>1250 mm<\/td><\/tr><tr><td>Maximaler S\u00e4geholzdurchmesser<\/td><td>800mm<\/td><td>1000 mm<\/td><\/tr><tr><td>Motorleistung<\/td><td>30KW<\/td><td>45KW<\/td><\/tr><tr><td>Einstellung der S\u00e4gest\u00e4rke<\/td><td>CNC<\/td><td>CNC<\/td><\/tr><tr><td>Holzklemmmodell<\/td><td>Elektrisch<\/td><td>Hydraulisch<\/td><\/tr><tr><td>Max. S\u00e4geholzl\u00e4nge<\/td><td>4000 mm<\/td><td>6000 mm<\/td><\/tr><\/tbody><\/table><\/figure>    <p><\/p>    <h2 class=\"wp-block-heading\" id=\"h-automatic-wood-band-saw\"><strong>Typ 3<\/strong>: <strong>Automatische Holzbands\u00e4ge<\/strong> <strong>zu verkaufen<\/strong> <\/h2>    <p class=\"translation-block\">Horizontale Bands\u00e4gen k\u00f6nnen gr\u00f6\u00dfere Holzdurchmesser verarbeiten. Au\u00dferdem besteht der Unterschied zwischen der CNC-hor\u00adizontalen Portal-S\u00e4ge und den beiden vorherigen S\u00e4gen in der Bewegung des S\u00e4geblatts und des Holzes. Das S\u00e4geblatt einer gro\u00dfen Holzbearbeitung bewegt sich hin und her, aber das Holz bewegt sich nicht. <strong><a href=\"https:\/\/charcoalplant.com\/de\/about\/\">Shuliy\u00a0Maschinen<\/a><\/strong> verkauft benzinbetriebene vollautomatische horizontale Bands\u00e4ge und dieselbetriebene vollautomatische horizontale Bands\u00e4ge. Unsere Fabrik produziert auch Werkzeuge zum Verschlei\u00dfausgleich von S\u00e4gebl\u00e4ttern, um die erh\u00f6hte Investition in einen S\u00e4geblattwechsel aufgrund des S\u00e4geblattverschlei\u00dfes zu vermeiden.<\/p>    <figure class=\"wp-block-gallery has-nested-images columns-2 is-cropped wp-block-gallery-7 is-layout-flex wp-block-gallery-is-layout-flex\"> <figure class=\"wp-block-image size-large\"><img loading=\"lazy\" decoding=\"async\" width=\"720\" height=\"540\" data-id=\"1727\" src=\"https:\/\/charcoalplant.com\/wp-content\/uploads\/2022\/01\/board-for-furniture.jpg\" alt=\"Brett f\u00fcr M\u00f6bel\" class=\"wp-image-1727\" srcset=\"https:\/\/charcoalplant.com\/wp-content\/uploads\/2022\/01\/board-for-furniture.jpg 720w, https:\/\/charcoalplant.com\/wp-content\/uploads\/2022\/01\/board-for-furniture-300x225.jpg 300w\" sizes=\"auto, (max-width: 720px) 100vw, 720px\" \/><figcaption class=\"wp-element-caption\">Brett f\u00fcr M\u00f6bel<\/figcaption><\/figure>    <figure class=\"wp-block-image size-large\"><img loading=\"lazy\" decoding=\"async\" width=\"720\" height=\"540\" data-id=\"1730\" src=\"https:\/\/charcoalplant.com\/wp-content\/uploads\/2022\/01\/Wood-placement.jpg\" alt=\"Holzplatzierung\" class=\"wp-image-1730\" srcset=\"https:\/\/charcoalplant.com\/wp-content\/uploads\/2022\/01\/Wood-placement.jpg 720w, https:\/\/charcoalplant.com\/wp-content\/uploads\/2022\/01\/Wood-placement-300x225.jpg 300w\" sizes=\"auto, (max-width: 720px) 100vw, 720px\" \/><figcaption class=\"wp-element-caption\">Holzplatzierung<\/figcaption><\/figure> <\/figure>    <h3 class=\"wp-block-heading\" id=\"structural-features-of-automatic-log-sawmill\"><strong>Strukturmerkmale eines automatischen Blocks\u00e4gewerks<\/strong><\/h3>    <ul class=\"wp-block-list\"> <li>Es reduziert die Fehler, die durch die Bewegung von Rund- und Vierkantst\u00e4mmen entstehen. <\/li> <\/ul>    <ul class=\"wp-block-list\"> <li>Das geschnittene Holzbrett wird durch den Haken zur\u00fcckgezogen, ein manuelles Herausziehen ist nicht erforderlich. <\/li> <\/ul>    <ul class=\"wp-block-list\"> <li>Dieser Prozess erfolgt vollst\u00e4ndig mechanisch, um den Wunsch nach automatischer und kontinuierlicher Entladung zu verwirklichen. <\/li> <\/ul>    <figure class=\"wp-block-gallery has-nested-images columns-default is-cropped wp-block-gallery-8 is-layout-flex wp-block-gallery-is-layout-flex\"> <figure class=\"wp-block-image size-full\"><img loading=\"lazy\" decoding=\"async\" width=\"720\" height=\"540\" data-id=\"2262\" src=\"https:\/\/charcoalplant.com\/wp-content\/uploads\/2022\/02\/large-automatic-wood-band-saw.jpg\" alt=\"gro\u00dfe-automatische-holzbands\u00e4ge\" class=\"wp-image-2262\"\/><figcaption class=\"wp-element-caption\">gro\u00dfe-automatische-holzbands\u00e4ge<\/figcaption><\/figure> <\/figure>    <h3 class=\"wp-block-heading\" id=\"video-of-automatic-wood-bandsaw\"><strong>Automatische Holzbands\u00e4ge<\/strong> <strong>Arbeitsvideo<\/strong><\/h3>    <figure class=\"wp-block-embed is-type-video is-provider-youtube wp-block-embed-youtube wp-embed-aspect-16-9 wp-has-aspect-ratio\"><div class=\"wp-block-embed__wrapper\"> <iframe loading=\"lazy\" title=\"Vollautomatische Horizontalbands\u00e4ge | Woodland Lumber Mills #S\u00e4gewerk #Holzbrett #Holzschneidemaschine\" width=\"500\" height=\"281\" src=\"https:\/\/www.youtube.com\/embed\/5mhbYQ5ghls?feature=oembed\" frameborder=\"0\" allow=\"accelerometer; autoplay; clipboard-write; encrypted-media; gyroscope; picture-in-picture; web-share\" referrerpolicy=\"strict-origin-when-cross-origin\" allowfullscreen><\/iframe> <\/div><\/figure>    <h3 class=\"wp-block-heading has-luminous-vivid-orange-color has-text-color\" id=\"h-parameters-of-mobile-log-saw\"><strong>Parameter der mobilen Blocks\u00e4ge<\/strong><\/h3>    <figure class=\"wp-block-table is-style-stripes\"><table><tbody><tr><td>Modell<\/td><td>SL-1500<\/td><td>SL-2500<\/td><\/tr><tr><td>S\u00e4geraddurchmesser<\/td><td>1000 mm<\/td><td>1070 mm<\/td><\/tr><tr><td>Maximaler S\u00e4geholzdurchmesser<\/td><td>1500 mm<\/td><td>2500 mm<\/td><\/tr><tr><td>Motorleistung<\/td><td>37KW<\/td><td>55KW<\/td><\/tr><tr><td>Einstellung der S\u00e4gest\u00e4rke<\/td><td>350mm<\/td><td>450mm<\/td><\/tr><tr><td>Max. S\u00e4geholzl\u00e4nge<\/td><td>6000 mm<\/td><td>6000 mm<\/td><\/tr><tr><td>Gewicht<\/td><td>4500 kg<\/td><td>5500 kg<\/td><\/tr><\/tbody><\/table><\/figure>","protected":false},"excerpt":{"rendered":"<p>Log Saw Mill Machine ist eine Holzschneideausr\u00fcstung. Es umfasst Formatkreiss\u00e4gen, vertikale Bands\u00e4gen und horizontale Bands\u00e4gen.<\/p>","protected":false},"author":1,"featured_media":1716,"parent":0,"template":"","tags":[64],"product-type":[3],"class_list":["post-1715","product","type-product","status-publish","has-post-thumbnail","hentry","tag-wood-wastes-recycling-machine","product-type-wood-wastes-recycling-machine"],"_links":{"self":[{"href":"https:\/\/charcoalplant.com\/de\/wp-json\/wp\/v2\/product\/1715","targetHints":{"allow":["GET"]}}],"collection":[{"href":"https:\/\/charcoalplant.com\/de\/wp-json\/wp\/v2\/product"}],"about":[{"href":"https:\/\/charcoalplant.com\/de\/wp-json\/wp\/v2\/types\/product"}],"author":[{"embeddable":true,"href":"https:\/\/charcoalplant.com\/de\/wp-json\/wp\/v2\/users\/1"}],"wp:featuredmedia":[{"embeddable":true,"href":"https:\/\/charcoalplant.com\/de\/wp-json\/wp\/v2\/media\/1716"}],"wp:attachment":[{"href":"https:\/\/charcoalplant.com\/de\/wp-json\/wp\/v2\/media?parent=1715"}],"wp:term":[{"taxonomy":"post_tag","embeddable":true,"href":"https:\/\/charcoalplant.com\/de\/wp-json\/wp\/v2\/tags?post=1715"},{"taxonomy":"product-type","embeddable":true,"href":"https:\/\/charcoalplant.com\/de\/wp-json\/wp\/v2\/product-type?post=1715"}],"curies":[{"name":"wp","href":"https:\/\/api.w.org\/{rel}","templated":true}]}}