{"id":1909,"date":"2022-01-11T09:01:53","date_gmt":"2022-01-11T09:01:53","guid":{"rendered":"https:\/\/charcoalplant.com\/"},"modified":"2022-06-10T02:25:52","modified_gmt":"2022-06-10T02:25:52","slug":"rotary-hookah-tablet-press","status":"publish","type":"product","link":"https:\/\/charcoalplant.com\/de\/product\/rotary-hookah-tablet-press\/","title":{"rendered":"Rotations-Shisha-Tablettenpresse | Maschine zur Herstellung von Shisha-Kohle"},"content":{"rendered":"<div class=\"kk-star-ratings kksr-auto kksr-align-left kksr-valign-top\"     data-payload='{&quot;align&quot;:&quot;left&quot;,&quot;id&quot;:&quot;1909&quot;,&quot;slug&quot;:&quot;default&quot;,&quot;valign&quot;:&quot;top&quot;,&quot;ignore&quot;:&quot;&quot;,&quot;reference&quot;:&quot;auto&quot;,&quot;class&quot;:&quot;&quot;,&quot;count&quot;:&quot;8&quot;,&quot;legendonly&quot;:&quot;&quot;,&quot;readonly&quot;:&quot;&quot;,&quot;score&quot;:&quot;4.8&quot;,&quot;starsonly&quot;:&quot;&quot;,&quot;best&quot;:&quot;5&quot;,&quot;gap&quot;:&quot;5&quot;,&quot;greet&quot;:&quot;Rate this product&quot;,&quot;legend&quot;:&quot;4.8\\\/5 - (8 votes)&quot;,&quot;size&quot;:&quot;24&quot;,&quot;title&quot;:&quot;Rotary Hookah Tablet Press | Shisha Charcoal Making Machine&quot;,&quot;width&quot;:&quot;136.7&quot;,&quot;_legend&quot;:&quot;{score}\\\/{best} - ({count} {votes})&quot;,&quot;font_factor&quot;:&quot;1.25&quot;}'>              <div class=\"kksr-stars\">      <div class=\"kksr-stars-inactive\">             <div class=\"kksr-star\" data-star=\"1\" style=\"padding-right: 5px\">               <div class=\"kksr-icon\" style=\"width: 24px; height: 24px;\"><\/div>         <\/div>             <div class=\"kksr-star\" data-star=\"2\" style=\"padding-right: 5px\">               <div class=\"kksr-icon\" style=\"width: 24px; height: 24px;\"><\/div>         <\/div>             <div class=\"kksr-star\" data-star=\"3\" style=\"padding-right: 5px\">               <div class=\"kksr-icon\" style=\"width: 24px; height: 24px;\"><\/div>         <\/div>             <div class=\"kksr-star\" data-star=\"4\" style=\"padding-right: 5px\">               <div class=\"kksr-icon\" style=\"width: 24px; height: 24px;\"><\/div>         <\/div>             <div class=\"kksr-star\" data-star=\"5\" style=\"padding-right: 5px\">               <div class=\"kksr-icon\" style=\"width: 24px; height: 24px;\"><\/div>         <\/div>     <\/div>      <div class=\"kksr-stars-active\" style=\"width: 136.7px;\">             <div class=\"kksr-star\" style=\"padding-right: 5px\">               <div class=\"kksr-icon\" style=\"width: 24px; height: 24px;\"><\/div>         <\/div>             <div class=\"kksr-star\" style=\"padding-right: 5px\">               <div class=\"kksr-icon\" style=\"width: 24px; height: 24px;\"><\/div>         <\/div>             <div class=\"kksr-star\" style=\"padding-right: 5px\">               <div class=\"kksr-icon\" style=\"width: 24px; height: 24px;\"><\/div>         <\/div>             <div class=\"kksr-star\" style=\"padding-right: 5px\">               <div class=\"kksr-icon\" style=\"width: 24px; height: 24px;\"><\/div>         <\/div>             <div class=\"kksr-star\" style=\"padding-right: 5px\">               <div class=\"kksr-icon\" style=\"width: 24px; height: 24px;\"><\/div>         <\/div>     <\/div> <\/div>                   <div class=\"kksr-legend\" style=\"font-size: 19.2px;\">             4,8\/5 - (8 Stimmen)    <\/div>     <\/div>  <p class=\"translation-block\"><strong>Rotary Hookah\u2011Kohletablettenpresse<\/strong> ist eine hocheffiziente Shisha\u2011Kohlemachinenmaschine. Im Vergleich zur gew\u00f6hnlichen Shisha\u2011Kohlebrikettiermaschine ist der Output der Rotary Tablet Press das Dreifache des normalen Typs. Das hei\u00dft, sie entspricht zwei bis drei normaltypischen Kohlepulver\u2011Tablettenpressen. Daher hat die Rotary Hookah Kohle\u2011Tableting\u2011Maschine <strong><a href=\"https:\/\/charcoalplant.com\/de\/news\/why-are-the-new-shisha-charcoal-presses-more-high-end\/\">hohen wirtschaftlichen Wert<\/a><\/strong>. Shuliy\u00a0Maschinen kann nicht nur den richtigen Produktionsplan f\u00fcr Sie erstellen. Moreover, wir bieten einen Maschinenanpassungsservice an. Wenn Sie den Produktpreis erhalten m\u00f6chten, hinterlassen Sie uns bitte eine Nachricht. Und wir werden so bald wie m\u00f6glich antworten.<\/p>    <div class=\"wp-block-image\"><figure class=\"aligncenter size-full\"><img loading=\"lazy\" decoding=\"async\" width=\"720\" height=\"540\" src=\"https:\/\/charcoalplant.com\/wp-content\/uploads\/2022\/02\/rotary-hookah-coal-tablet-press-for-sale.jpg\" alt=\"rotierende Shisha-Kohle-Tablettenpresse zu verkaufen\" class=\"wp-image-2480\"\/><figcaption>rotierende Shisha-Kohle-Tablettenpresse zu verkaufen<\/figcaption><\/figure><\/div>    <h2 class=\"wp-block-heading\" id=\"h-raw-materials-of-rotary-hookah-charcoal-tablet-machine\">Rohstoffe der rotierenden Shisha-Holzkohle-Tablettenmaschine<\/h2>    <p class=\"translation-block\">Die Rohmaterialien der <strong><a href=\"https:\/\/charcoalplant.com\/de\/shisha-charcoal-production-line\/\">Hookah-Kohleproduktionslinie<\/a><\/strong> sind verschiedene Kohlenstoffpulver. Zum Beispiel <strong><a href=\"https:\/\/charcoalplant.com\/de\/info\/what-are-the-uses-of-coconut-shells\/\">Kokosnussschalenkohle<\/a><\/strong> pulver, Fruchtkohle-Pulver, Bambuskohle-Pulver, Kohlenpulver usw. Die rotierende Hookah-Kohlemaschine presst diese Kohlenstoffpulver zu Hookah-Kohlenbl\u00e4ttern in verschiedenen Formen. Neben dem Pressen von runden Tabletten kann sie auch spezielle Tabletten, spezielle Formen, quadratische Tabletten, Ringtabletten usw. pressen. Die Produktion von Hookah-Kohle ist nicht nur im Durchmesser verstellbar. Und die Gr\u00f6\u00dfe, St\u00e4rke und H\u00e4rte der Kohlenstoffbl\u00e4tter werden gem\u00e4\u00df den Anforderungen des Kunden produziert.<\/p>    <div class=\"wp-block-image\"><figure class=\"aligncenter size-full\"><img loading=\"lazy\" decoding=\"async\" width=\"720\" height=\"540\" src=\"https:\/\/charcoalplant.com\/wp-content\/uploads\/2022\/02\/round-quick-light-shisha-hookahcoal.jpg\" alt=\"runde-schnellanz\u00fcndende-Shisha-Wasserpfeifenkohle\" class=\"wp-image-2474\"\/><figcaption>runde-schnell-anz\u00fcndende-Shisha-Shisha-Kohle<\/figcaption><\/figure><\/div>    <h2 class=\"wp-block-heading\">Grundprinzip der Shisha-Kohleherstellungsmaschine<strong> <\/strong><\/h2>    <p>Der Grund, warum die Rotations-Shisha-Kohlepressmaschine effizient und hochwertig ist. Aufgrund seines einzigartigen Shisha-Kohleformungssystems. Es verzichtet k\u00fchn auf die traditionelle Art des Auf- und Abschlagens. Es nutzt geschickt Ober- und Unterschl\u00e4ge entlang der geschwungenen Schiene, um an den Hoch- und Tiefpunkten auf nat\u00fcrliche Weise zu quetschen. Der Vorteil dieser Konstruktion besteht darin, dass jedes St\u00fcck Shisha-Kohle dem gleichen Druck standh\u00e4lt. Dies ist auch der wertvollste Teil der Reform der Shisha-Kohleherstellungsmaschine.<\/p>    <figure class=\"wp-block-gallery has-nested-images columns-default is-cropped wp-block-gallery-2 is-layout-flex wp-block-gallery-is-layout-flex\"> <figure class=\"wp-block-image size-large\"><img loading=\"lazy\" decoding=\"async\" width=\"720\" height=\"540\" data-id=\"1910\" src=\"https:\/\/charcoalplant.com\/wp-content\/uploads\/2022\/01\/Shisha-Charcoal-Receiving-Tray-and-outlet_.jpg\" alt=\"Shisha-Kohle-Empfangstablett und Auslass\" class=\"wp-image-1910\"\/><figcaption>Shisha-Kohle-Empfangstablett und Auslass<\/figcaption><\/figure> <\/figure>    <h2 class=\"wp-block-heading\" id=\"h-structure-of-rotary-hookah-tablet-press\">Aufbau einer rotierenden Shisha-Tablettenpresse<\/h2>    <p>Seine Struktur umfasst eine Zufuhr\u00f6ffnung, eine Auslass\u00f6ffnung, eine Form (oben, in der Mitte und unten), einen Motor, einen Verz\u00f6gerungsmotor, eine Druckrolle und eine Aufnahmeschale. Sein Kraftwerk ist unter dem K\u00f6rper eingeschlossen. Die Testmaschine und die t\u00e4gliche Wartung m\u00fcssen den Motor \u00fcberpr\u00fcfen und er kann mit dem Schl\u00fcssel \u00fcberpr\u00fcft werden. Der Aufbau der gesamten Rundl\u00e4ufer-Tablettenpresse ist sehr kompakt und platzsparend.<\/p>    <div class=\"wp-block-columns is-layout-flex wp-container-core-columns-is-layout-28f84493 wp-block-columns-is-layout-flex\"> <div class=\"wp-block-column is-layout-flow wp-block-column-is-layout-flow\" style=\"flex-basis:66.66%\"> <figure class=\"wp-block-gallery has-nested-images columns-default is-cropped wp-block-gallery-3 is-layout-flex wp-block-gallery-is-layout-flex\"> <figure class=\"wp-block-image size-large\"><img loading=\"lazy\" decoding=\"async\" width=\"720\" height=\"540\" data-id=\"1912\" src=\"https:\/\/charcoalplant.com\/wp-content\/uploads\/2022\/01\/mould.jpg\" alt=\"Schimmel\" class=\"wp-image-1912\"\/><figcaption>Schimmel<\/figcaption><\/figure> <\/figure> <\/div>    <div class=\"wp-block-column is-layout-flow wp-block-column-is-layout-flow\" style=\"flex-basis:33.33%\"> <p class=\"translation-block\"><strong>Form<\/strong><\/p>    <p>Formdurchmesser, Muster und Text k\u00f6nnen individuell angepasst werden. Daher ist die hergestellte Shisha-Kohle unverwechselbarer und erreicht gleichzeitig ein breiteres Publikum. Der Maschinenk\u00f6rper und das Formmaterial bestehen aus robustem Edelstahl. Dadurch kommt es nahezu ohne Verschlei\u00dfteile aus und hat eine Lebensdauer von 8-10 Jahren.<\/p> <\/div> <\/div>    <div class=\"wp-block-columns is-layout-flex wp-container-core-columns-is-layout-28f84493 wp-block-columns-is-layout-flex\"> <div class=\"wp-block-column is-layout-flow wp-block-column-is-layout-flow\" style=\"flex-basis:33.33%\"> <p class=\"translation-block\"><strong>Einlass<\/strong><\/p>    <p>Das Bild rechts zeigt den Zulauf und den Br\u00fchknopf der Rumpfkohleformmaschine. Die Position des Einf\u00fcllstutzens der Shisha-Kohlemaschine ist sehr gut geeignet. Daher ist es f\u00fcr den Bediener sehr bequem zu verwenden und zu erkennen. Und mit den Kn\u00f6pfen an der Seite der Maschine k\u00f6nnen Sie den Druck und die Anzahl der F\u00fcllungen einstellen.<\/p> <\/div>    <div class=\"wp-block-column is-layout-flow wp-block-column-is-layout-flow\" style=\"flex-basis:66.66%\"> <figure class=\"wp-block-gallery has-nested-images columns-default is-cropped wp-block-gallery-4 is-layout-flex wp-block-gallery-is-layout-flex\"> <figure class=\"wp-block-image size-large\"><img loading=\"lazy\" decoding=\"async\" width=\"720\" height=\"540\" data-id=\"2475\" src=\"https:\/\/charcoalplant.com\/wp-content\/uploads\/2022\/02\/details-of-hully-charcoal-machine-.jpg\" alt=\"\" class=\"wp-image-2475\"\/><\/figure> <\/figure> <\/div> <\/div>    <div class=\"wp-block-columns is-layout-flex wp-container-core-columns-is-layout-28f84493 wp-block-columns-is-layout-flex\"> <div class=\"wp-block-column is-layout-flow wp-block-column-is-layout-flow\" style=\"flex-basis:66.66%\"> <figure class=\"wp-block-gallery has-nested-images columns-default is-cropped wp-block-gallery-5 is-layout-flex wp-block-gallery-is-layout-flex\"> <figure class=\"wp-block-image size-large\"><img loading=\"lazy\" decoding=\"async\" width=\"720\" height=\"540\" data-id=\"2476\" src=\"https:\/\/charcoalplant.com\/wp-content\/uploads\/2022\/02\/outlet-1.jpg\" alt=\"\" class=\"wp-image-2476\"\/><\/figure> <\/figure> <\/div>    <div class=\"wp-block-column is-layout-flow wp-block-column-is-layout-flow\" style=\"flex-basis:33.33%\"> <p class=\"translation-block\"><strong>Austritt<\/strong><\/p>    <p class=\"translation-block\">Am Austritt befindet sich eine Baffle-Platte, damit die Hookah-Kohle ordentlich gesammelt wird. Dar\u00fcber hinaus statten wir unsere Kunden mit einer Auffangschale aus. Dies erleichtert den Betrieb des <strong><a href=\"https:\/\/charcoalplant.com\/de\/drying-machine\/charcoal-briquette-dryer\/\">Trocken<\/a><\/strong>-Teils der Hookah und den Betrieb der ringf\u00f6rmigen <strong><a href=\"https:\/\/charcoalplant.com\/de\/briquettes-packing-machine\/charcoal-briquettes-packing-machine\/\">Hookah-Kohle-Sortiermaschine<\/a><\/strong>.<br><\/p> <\/div> <\/div>    <h2 class=\"wp-block-heading\" id=\"h-parameters-of-rotary-hookah-tablet-press\">Parameter der rotierenden Shisha-Tablettenpresse<\/h2>    <p>Wir stellen verschiedene Modelle von Shisha-Kohle-Tablettenpressen her. Der 21er Punch ist einer unserer meistverkauften.  Nachfolgend finden Sie die Maschinenparameter f\u00fcr Tabletten mit 21 Stempeln und 30 mm Durchmesser.<\/p>    <figure class=\"wp-block-table is-style-stripes\"><table><tbody><tr><td><strong>Modell<\/strong><strong><\/strong><\/td><td><strong>SL-RS21<\/strong><\/td><\/tr><tr><td><strong>Stanzmenge (Sets)<\/strong><strong><\/strong><\/td><td><strong>21<\/strong><strong><\/strong><\/td><\/tr><tr><td><strong>Max.Tablettendruck (kn)<\/strong><strong><\/strong><\/td><td><strong>120<\/strong><strong><\/strong><\/td><\/tr><tr><td><strong>Max. F\u00fclltiefe (mm)<\/strong><strong><\/strong><\/td><td><strong>16-28<\/strong><strong><\/strong><\/td><\/tr><tr><td><strong>Max. Tablettendicke (mm)<\/strong><strong><\/strong><\/td><td><strong>8-15<\/strong><strong><\/strong><\/td><\/tr><tr><td><strong>Drehzahl des Revolvers (U\/min)<\/strong><strong><\/strong><\/td><td><strong>30<\/strong><strong><\/strong><\/td><\/tr><tr><td><strong>Max. Leistung (Stk\/h)<\/strong><strong><\/strong><\/td><td><strong>30000-40000<\/strong><strong><\/strong><\/td><\/tr><tr><td><strong>Motorleistung (kW)<\/strong><strong><\/strong><\/td><td><strong>7.5<\/strong><strong><\/strong><\/td><\/tr><tr><td><strong>Gesamtgr\u00f6\u00dfe (mm)<\/strong><strong><\/strong><\/td><td><strong>800*900*1650<\/strong><strong><\/strong><\/td><\/tr><tr><td><strong>Maschinengewicht (kg)<\/strong><strong><\/strong><\/td><td><strong>1500<\/strong><strong><\/strong><\/td><\/tr><\/tbody><\/table><\/figure>    <h2 class=\"wp-block-heading\" id=\"h-video-of-best-coconut-charcoal-shisha-tablet\">Video der besten Shisha-Tablette mit Kokosnusskohle<\/h2>    <p>Durch das Video unten k\u00f6nnen Sie den Herstellungs- und Verpackungsprozess von Shisha-Kohle deutlich verstehen.<\/p>    <figure class=\"wp-block-embed is-type-video is-provider-youtube wp-block-embed-youtube wp-embed-aspect-16-9 wp-has-aspect-ratio\"><div class=\"wp-block-embed__wrapper\"> <iframe loading=\"lazy\" title=\"Beste Kokosnusskohle-Shisha-Tablette | Rotations-Shisha-Tablettenmaschinenanlage#shishacharcoal#Arab\" width=\"500\" height=\"281\" src=\"https:\/\/www.youtube.com\/embed\/SCr3JOp5PN8?feature=oembed\" frameborder=\"0\" allow=\"accelerometer; autoplay; clipboard-write; encrypted-media; gyroscope; picture-in-picture; web-share\" referrerpolicy=\"strict-origin-when-cross-origin\" allowfullscreen><\/iframe> <\/div><\/figure>    <h2 class=\"wp-block-heading\">Welche Vorteile bietet eine Shisha-Kohle-Tablettenpresse?<\/h2>    <ul class=\"wp-block-list\" id=\"block-4a8c5a9a-482a-49f4-b4de-51d981b5b640\"><li>Nehmen Sie das intelligente SPS-Bedienfeld an. Die Dicke der Shisha-Kohletablette l\u00e4sst sich einfach durch Einstellen der Geschwindigkeit anpassen.<\/li><li>Mit der automatischen F\u00fcllvorrichtung der Wasserpfeifen-Kohleherstellungsmaschine kann die Geschwindigkeit einfach gesteuert werden.<\/li><li>Die gesamte Maschine besteht aus Edelstahl, ist leicht zu reinigen und hat eine lange Lebensdauer.<\/li><li>Die Neigung der Auslass\u00f6ffnung ist so ausgelegt, dass die Shisha-Kohle auf nat\u00fcrliche Weise nach unten gleitet, ohne die Shisha-Kohleplatte zu besch\u00e4digen.<\/li><li>Die Shisha-Kohle wird flach auf den Edelstahl-Feeder gelegt. Nicht nur praktisch zum Trocknen, sondern auch praktisch f\u00fcr <strong><a href=\"https:\/\/charcoalplant.com\/de\/briquettes-packing-machine\/charcoal-briquettes-packing-machine\/\">Shisha-Kohleverpackungsmaschine<\/a><\/strong> Verpackung.<\/li><li>Beim Laufen ist das Ger\u00e4usch gering, der Druck gro\u00df und der \u00dcberdruck stoppt, um Sch\u00e4den an der Maschine zu vermeiden.<\/li><\/ul>    <div class=\"wp-block-image\"><figure class=\"aligncenter size-full\"><img loading=\"lazy\" decoding=\"async\" width=\"720\" height=\"540\" src=\"https:\/\/charcoalplant.com\/wp-content\/uploads\/2022\/01\/rotary-tablet-press-plant-tuya_\u7ed3\u679c.jpg\" alt=\"Rotations-Shisha-Tablettenpressenanlage\" class=\"wp-image-1918\"\/><figcaption>Rotations-Shisha-Tablettenpressenanlage<\/figcaption><\/figure><\/div>    <div class=\"wp-block-image\"><figure class=\"aligncenter size-full\"><img loading=\"lazy\" decoding=\"async\" width=\"720\" height=\"540\" src=\"https:\/\/charcoalplant.com\/wp-content\/uploads\/2022\/02\/rotary-hookah-coal-tablet-press-plant-.jpg\" alt=\"Rotations-Shisha-Kohle-Tablettenpresse-Anlage\" class=\"wp-image-2482\"\/><figcaption>Rotations-Shisha-Kohle-Tablettenpresse-Anlage<\/figcaption><\/figure><\/div>    <h2 class=\"wp-block-heading\">Anzeige der Shisha-Kohlelinie<\/h2>    <div class=\"wp-block-columns is-layout-flex wp-container-core-columns-is-layout-28f84493 wp-block-columns-is-layout-flex\"> <div class=\"wp-block-column is-layout-flow wp-block-column-is-layout-flow\"> <figure class=\"wp-block-gallery has-nested-images columns-default is-cropped wp-block-gallery-6 is-layout-flex wp-block-gallery-is-layout-flex\"> <figure class=\"wp-block-image size-large\"><img loading=\"lazy\" decoding=\"async\" width=\"720\" height=\"540\" data-id=\"2483\" src=\"https:\/\/charcoalplant.com\/wp-content\/uploads\/2022\/02\/hookah-charcoal-forming-machine.jpg\" alt=\"Shisha-Kohleformmaschine\" class=\"wp-image-2483\"\/><figcaption>Shisha-Kohleformmaschine<\/figcaption><\/figure> <\/figure> <\/div>    <div class=\"wp-block-column is-layout-flow wp-block-column-is-layout-flow\"> <figure class=\"wp-block-gallery has-nested-images columns-default is-cropped wp-block-gallery-7 is-layout-flex wp-block-gallery-is-layout-flex\"> <figure class=\"wp-block-image size-large\"><img loading=\"lazy\" decoding=\"async\" width=\"720\" height=\"540\" data-id=\"2484\" src=\"https:\/\/charcoalplant.com\/wp-content\/uploads\/2022\/02\/dryer-1.jpg\" alt=\"Trockner\" class=\"wp-image-2484\"\/><figcaption>Trockner<\/figcaption><\/figure> <\/figure> <\/div>    <div class=\"wp-block-column is-layout-flow wp-block-column-is-layout-flow\"> <figure class=\"wp-block-gallery has-nested-images columns-default is-cropped wp-block-gallery-8 is-layout-flex wp-block-gallery-is-layout-flex\"> <figure class=\"wp-block-image size-large\"><img loading=\"lazy\" decoding=\"async\" width=\"720\" height=\"540\" data-id=\"2485\" src=\"https:\/\/charcoalplant.com\/wp-content\/uploads\/2022\/02\/Equipment-for-sorting-shisha-charcoal.jpg\" alt=\"Ausr\u00fcstung zum Sortieren von Shisha-Kohle\" class=\"wp-image-2485\"\/><figcaption>Ausr\u00fcstung zum Sortieren von Shisha-Kohle<\/figcaption><\/figure> <\/figure> <\/div> <\/div>    <div class=\"wp-block-columns is-layout-flex wp-container-core-columns-is-layout-28f84493 wp-block-columns-is-layout-flex\"> <div class=\"wp-block-column is-layout-flow wp-block-column-is-layout-flow\"> <figure class=\"wp-block-gallery has-nested-images columns-default is-cropped wp-block-gallery-9 is-layout-flex wp-block-gallery-is-layout-flex\"> <figure class=\"wp-block-image size-large\"><img loading=\"lazy\" decoding=\"async\" width=\"720\" height=\"540\" data-id=\"2486\" src=\"https:\/\/charcoalplant.com\/wp-content\/uploads\/2022\/02\/hookah-packing-machine.jpg\" alt=\"Shisha-Verpackungsmaschine\" class=\"wp-image-2486\"\/><figcaption>Shisha-Verpackungsmaschine<\/figcaption><\/figure> <\/figure> <\/div>    <div class=\"wp-block-column is-layout-flow wp-block-column-is-layout-flow\"> <figure class=\"wp-block-gallery has-nested-images columns-default is-cropped wp-block-gallery-10 is-layout-flex wp-block-gallery-is-layout-flex\"> <figure class=\"wp-block-image size-large\"><img loading=\"lazy\" decoding=\"async\" width=\"720\" height=\"540\" data-id=\"2487\" src=\"https:\/\/charcoalplant.com\/wp-content\/uploads\/2022\/02\/heat-shrink-sealer.jpg\" alt=\"Schrumpfschwei\u00dfger\u00e4t\" class=\"wp-image-2487\"\/><figcaption>Schrumpfschwei\u00dfger\u00e4t<\/figcaption><\/figure> <\/figure> <\/div>    <div class=\"wp-block-column is-layout-flow wp-block-column-is-layout-flow\"> <figure class=\"wp-block-gallery has-nested-images columns-default is-cropped wp-block-gallery-11 is-layout-flex wp-block-gallery-is-layout-flex\"> <figure class=\"wp-block-image size-large\"><img loading=\"lazy\" decoding=\"async\" width=\"720\" height=\"540\" data-id=\"2488\" src=\"https:\/\/charcoalplant.com\/wp-content\/uploads\/2022\/02\/finish-product.jpg\" alt=\"Fertigprodukt\" class=\"wp-image-2488\"\/><figcaption>Fertigprodukt<\/figcaption><\/figure> <\/figure> <\/div> <\/div>    <p><\/p>","protected":false},"excerpt":{"rendered":"<p>Die rotierende Shisha-Tablettenpresse ist eine High-End-Maschine zur Herstellung von Shisha-Kohle. Die Stundenleistung betr\u00e4gt 30.000-40.000 St\u00fcck.<\/p>","protected":false},"author":1,"featured_media":1920,"parent":0,"template":"","tags":[59],"product-type":[44],"class_list":["post-1909","product","type-product","status-publish","has-post-thumbnail","hentry","tag-charcoal-briquetting-machine","product-type-charcoal-briquetting-machine"],"_links":{"self":[{"href":"https:\/\/charcoalplant.com\/de\/wp-json\/wp\/v2\/product\/1909","targetHints":{"allow":["GET"]}}],"collection":[{"href":"https:\/\/charcoalplant.com\/de\/wp-json\/wp\/v2\/product"}],"about":[{"href":"https:\/\/charcoalplant.com\/de\/wp-json\/wp\/v2\/types\/product"}],"author":[{"embeddable":true,"href":"https:\/\/charcoalplant.com\/de\/wp-json\/wp\/v2\/users\/1"}],"wp:featuredmedia":[{"embeddable":true,"href":"https:\/\/charcoalplant.com\/de\/wp-json\/wp\/v2\/media\/1920"}],"wp:attachment":[{"href":"https:\/\/charcoalplant.com\/de\/wp-json\/wp\/v2\/media?parent=1909"}],"wp:term":[{"taxonomy":"post_tag","embeddable":true,"href":"https:\/\/charcoalplant.com\/de\/wp-json\/wp\/v2\/tags?post=1909"},{"taxonomy":"product-type","embeddable":true,"href":"https:\/\/charcoalplant.com\/de\/wp-json\/wp\/v2\/product-type?post=1909"}],"curies":[{"name":"wp","href":"https:\/\/api.w.org\/{rel}","templated":true}]}}