{"id":1976,"date":"2022-01-14T10:13:10","date_gmt":"2022-01-14T10:13:10","guid":{"rendered":"https:\/\/charcoalplant.com\/?page_id=1976"},"modified":"2023-01-13T16:46:31","modified_gmt":"2023-01-13T08:46:31","slug":"bbq-coal-production-line","status":"publish","type":"product","link":"https:\/\/charcoalplant.com\/de\/bbq-coal-production-line\/","title":{"rendered":"BBQ-Kohleproduktionslinie"},"content":{"rendered":"<div class=\"kk-star-ratings kksr-auto kksr-align-left kksr-valign-top\"     data-payload='{&quot;align&quot;:&quot;left&quot;,&quot;id&quot;:&quot;1976&quot;,&quot;slug&quot;:&quot;default&quot;,&quot;valign&quot;:&quot;top&quot;,&quot;ignore&quot;:&quot;&quot;,&quot;reference&quot;:&quot;auto&quot;,&quot;class&quot;:&quot;&quot;,&quot;count&quot;:&quot;13&quot;,&quot;legendonly&quot;:&quot;&quot;,&quot;readonly&quot;:&quot;&quot;,&quot;score&quot;:&quot;4.9&quot;,&quot;starsonly&quot;:&quot;&quot;,&quot;best&quot;:&quot;5&quot;,&quot;gap&quot;:&quot;5&quot;,&quot;greet&quot;:&quot;Rate this product&quot;,&quot;legend&quot;:&quot;4.9\\\/5 - (13 votes)&quot;,&quot;size&quot;:&quot;24&quot;,&quot;title&quot;:&quot;BBQ Coal Production Line&quot;,&quot;width&quot;:&quot;139.6&quot;,&quot;_legend&quot;:&quot;{score}\\\/{best} - ({count} {votes})&quot;,&quot;font_factor&quot;:&quot;1.25&quot;}'>              <div class=\"kksr-stars\">      <div class=\"kksr-stars-inactive\">             <div class=\"kksr-star\" data-star=\"1\" style=\"padding-right: 5px\">               <div class=\"kksr-icon\" style=\"width: 24px; height: 24px;\"><\/div>         <\/div>             <div class=\"kksr-star\" data-star=\"2\" style=\"padding-right: 5px\">               <div class=\"kksr-icon\" style=\"width: 24px; height: 24px;\"><\/div>         <\/div>             <div class=\"kksr-star\" data-star=\"3\" style=\"padding-right: 5px\">               <div class=\"kksr-icon\" style=\"width: 24px; height: 24px;\"><\/div>         <\/div>             <div class=\"kksr-star\" data-star=\"4\" style=\"padding-right: 5px\">               <div class=\"kksr-icon\" style=\"width: 24px; height: 24px;\"><\/div>         <\/div>             <div class=\"kksr-star\" data-star=\"5\" style=\"padding-right: 5px\">               <div class=\"kksr-icon\" style=\"width: 24px; height: 24px;\"><\/div>         <\/div>     <\/div>      <div class=\"kksr-stars-active\" style=\"width: 139.6px;\">             <div class=\"kksr-star\" style=\"padding-right: 5px\">               <div class=\"kksr-icon\" style=\"width: 24px; height: 24px;\"><\/div>         <\/div>             <div class=\"kksr-star\" style=\"padding-right: 5px\">               <div class=\"kksr-icon\" style=\"width: 24px; height: 24px;\"><\/div>         <\/div>             <div class=\"kksr-star\" style=\"padding-right: 5px\">               <div class=\"kksr-icon\" style=\"width: 24px; height: 24px;\"><\/div>         <\/div>             <div class=\"kksr-star\" style=\"padding-right: 5px\">               <div class=\"kksr-icon\" style=\"width: 24px; height: 24px;\"><\/div>         <\/div>             <div class=\"kksr-star\" style=\"padding-right: 5px\">               <div class=\"kksr-icon\" style=\"width: 24px; height: 24px;\"><\/div>         <\/div>     <\/div> <\/div>                   <div class=\"kksr-legend\" style=\"font-size: 19.2px;\">             4,9\/5 \u2013 (13 Stimmen)    <\/div>     <\/div>  <p class=\"translation-block\"><strong>BBQ-Kohle Produktionslinie<\/strong> ist eine professionelle Ausr\u00fcstung zur Herstellung von Kohlebriketts. Dar\u00fcber hinaus kann sie nicht nur zu B\u00e4llen, sondern auch zu Kissen-, Brot- und ovalen Formen verarbeitet werden, um Kundennachfragen gerecht zu werden. Da Barbecue-Kohle herk\u00f6mmliches Biomasse-Brennmaterial und Rohkohle ersetzt, ist sie eine effektive Methode, Energieeinsparung und Emissionsminderung zu erreichen. Au\u00dferdem kann die Kohlebrikettiermaschine problemlos die Probleme unpraktischer Transport und schwieriger Handhabung von zerkleinerter Kohle l\u00f6sen. Daher ist sie das bevorzugte Investitionsprojekt f\u00fcr Kohlenverarbeitungsanlagen. Wenn Sie an der Shuliy Barbecue-Kohle-Produktionslinie interessiert sind, kontaktieren Sie uns bitte umgehend.<\/p>    <h2 class=\"wp-block-heading\" id=\"h-process-of-bbq-coal-production-line\"><strong>Prozess der BBQ-Kohleproduktionslinie<\/strong><\/h2>    <p>Einfach ausgedr\u00fcckt umfasst die gesamte Produktionslinie f\u00fcr Kohlebriketts den Prozess von Kohleklumpen \u00fcber Kohlepulver bis hin zu Grillkohle. Der gesamte Prozess umfasst das Zerkleinern, R\u00fchren, Verteilen, Formen, Trocknen und Verpacken. Schlie\u00dflich wird ein sauberes Brikett mit hohem Heizwert, gro\u00dfer Nachfrage und bequemem Transport erhalten.<\/p>    <figure class=\"wp-block-gallery has-nested-images columns-3 is-cropped wp-block-gallery-2 is-layout-flex wp-block-gallery-is-layout-flex\"> <figure class=\"wp-block-image size-large\"><img loading=\"lazy\" decoding=\"async\" width=\"720\" height=\"540\" data-id=\"1980\" src=\"https:\/\/charcoalplant.com\/wp-content\/uploads\/2022\/01\/coal.jpg\" alt=\"Kohle\" class=\"wp-image-1980\"\/><figcaption class=\"wp-element-caption\">Kohle<\/figcaption><\/figure>    <figure class=\"wp-block-image size-large\"><img loading=\"lazy\" decoding=\"async\" width=\"720\" height=\"540\" data-id=\"1979\" src=\"https:\/\/charcoalplant.com\/wp-content\/uploads\/2022\/01\/coal-powder.jpg\" alt=\"Kohlepulver\" class=\"wp-image-1979\"\/><figcaption class=\"wp-element-caption\">Kohlepulver<\/figcaption><\/figure>    <figure class=\"wp-block-image size-full\"><img loading=\"lazy\" decoding=\"async\" width=\"720\" height=\"540\" data-id=\"2842\" src=\"https:\/\/charcoalplant.com\/wp-content\/uploads\/2022\/03\/coal-briket-bag.jpg\" alt=\"Kohlebriket-Beutel\" class=\"wp-image-2842\"\/><figcaption class=\"wp-element-caption\">Kohlebriket-Beutel<\/figcaption><\/figure> <\/figure>    <figure class=\"wp-block-image aligncenter size-full\"><img loading=\"lazy\" decoding=\"async\" width=\"720\" height=\"540\" src=\"https:\/\/charcoalplant.com\/wp-content\/uploads\/2022\/01\/BBQ-coal-production-line.jpg\" alt=\"BBQ-Kohleproduktionslinie\" class=\"wp-image-1978\"\/><figcaption class=\"wp-element-caption\">BBQ-Kohleproduktionslinie<\/figcaption><\/figure>    <h2 class=\"wp-block-heading\" id=\"h-what-equipment-does-coal-powder-briquetting-production-line-include\"><strong>Welche Maschinen umfasst die Produktionslinie f\u00fcr Kohlepulverbriketts?<\/strong><\/h2>    <p class=\"translation-block\">Die Hauptausstattung der BBQ-Kohleproduktionslinie besteht aus einem Kohlesilo, <strong><a href=\"https:\/\/charcoalplant.com\/de\/grinder-and-mixer\/charcoal-shredder\/\">Kohlenzerkleinerer<\/a><\/strong>, Kohlenstaubmischer, Walzenm\u00fchle, Kohlenbrikettmaschine, BBQ-Kohletrockner und Verpackungsmaschine. Zu den wichtigsten Ger\u00e4ten in der BBQ-Kohleproduktionslinie geh\u00f6ren der Doppelwellenmischer, die Maschine zur Herstellung von pulverisierten Kohlenbriketts und der Kohlenbrikett-Trockner.<\/p>    <div class=\"wp-block-columns has-background is-layout-flex wp-container-core-columns-is-layout-28f84493 wp-block-columns-is-layout-flex\" style=\"background-color:#f1f1f1\"> <div class=\"wp-block-column is-vertically-aligned-center is-layout-flow wp-block-column-is-layout-flow\" style=\"flex-basis:33.33%\"> <h3 class=\"wp-block-heading\"><strong>Kohlenstaubmischer<\/strong><\/h3>    <p class=\"translation-block\">Da die Formung von Kohlenbriketts sehr strenge Anforderungen an die Qualit\u00e4t des Bindemittels und die Struktur der Mischmaschine stellt, ist die pulverisierte Kohlenformungsproduktionslinie haupts\u00e4chlich mit einem <strong>Doppelwellenmischer<\/strong> und einem Bindemittel-Mischbeh\u00e4lter ausgestattet. Sie m\u00fcssen also nur wissen, wie viel Bindemittel f\u00fcr eine Tonne Kohle ben\u00f6tigt wird, und Sie k\u00f6nnen es quantitativ hinzuf\u00fcgen. Der Kohlenasche-Mischer kann die gleichm\u00e4\u00dfige Mischung von Kohlenstaub und Bindemittel vollst\u00e4ndig sicherstellen.<\/p> <\/div>    <div class=\"wp-block-column is-layout-flow wp-block-column-is-layout-flow\" style=\"flex-basis:66.66%\"> <figure class=\"wp-block-image size-full\"><img loading=\"lazy\" decoding=\"async\" width=\"720\" height=\"540\" src=\"https:\/\/charcoalplant.com\/wp-content\/uploads\/2022\/03\/coal-mixer.jpg\" alt=\"\" class=\"wp-image-2844\"\/><\/figure> <\/div> <\/div>    <div class=\"wp-block-columns has-background is-layout-flex wp-container-core-columns-is-layout-28f84493 wp-block-columns-is-layout-flex\" style=\"background-color:#f1f1f1\"> <div class=\"wp-block-column is-layout-flow wp-block-column-is-layout-flow\" style=\"flex-basis:66.66%\"> <figure class=\"wp-block-gallery has-nested-images columns-default is-cropped wp-block-gallery-3 is-layout-flex wp-block-gallery-is-layout-flex\"> <figure class=\"wp-block-image size-large\"><img loading=\"lazy\" decoding=\"async\" width=\"720\" height=\"540\" data-id=\"1982\" src=\"https:\/\/charcoalplant.com\/wp-content\/uploads\/2022\/01\/charcoal-ball-press-machine-manufacturer.jpg\" alt=\"Hersteller von Holzkohle-Kugelpressmaschinen\" class=\"wp-image-1982\"\/><figcaption class=\"wp-element-caption\">Hersteller von Holzkohle-Kugelpressmaschinen<\/figcaption><\/figure> <\/figure> <\/div>    <div class=\"wp-block-column is-vertically-aligned-center is-layout-flow wp-block-column-is-layout-flow\" style=\"flex-basis:33.33%\"> <h3 class=\"wp-block-heading\"><strong>BBQ-Kohlenbrikettiermaschine<\/strong><\/h3>    <p class=\"translation-block\"><strong><a href=\"https:\/\/charcoalplant.com\/de\/charcoal-briquetting-machine\/charcoal-ball-press-machine\/\">Kohlepulver-Pressballmaschine<\/a><\/strong> ist die Kernausr\u00fcstung in der Barbecue-Holzkohle-Produktionslinie. Gleichzeitig ist es auch der Bestimmungsfaktor f\u00fcr die Pelletierfestigkeit und die Spheroidisierungsrate. Die Kohlepulver-Formmaschine Shuliy hat eine Ballierungsrate von \u00fcber 98%.<\/p> <\/div> <\/div>    <div class=\"wp-block-columns has-background is-layout-flex wp-container-core-columns-is-layout-28f84493 wp-block-columns-is-layout-flex\" style=\"background-color:#f1f1f1\"> <div class=\"wp-block-column is-vertically-aligned-center is-layout-flow wp-block-column-is-layout-flow\" style=\"flex-basis:33.33%\"> <h3 class=\"wp-block-heading\"><strong>Kohlebriketttrockner<\/strong><\/h3>    <p class=\"translation-block\"><strong><a href=\"https:\/\/charcoalplant.com\/de\/drying-machine\/charcoal-briquette-dryer\/\">BBQ-Kohletrockner<\/a><\/strong> ist eine spezielle Maschine zum Trocknen von Kohlenpellets. Was wir Ihnen empfehlen, ist der Gurtbandtrockner. Seine S-f\u00f6rmige Mehrschicht-Gurtbandf\u00f6rdererkette hat eine \u00dcbertragungsstruktur. Er kann nicht nur den Platzbedarf der Ausr\u00fcstung reduzieren, sondern auch die Nutzungseffizienz der W\u00e4rmeenergie verbessern. Dar\u00fcber hinaus verwendet er eine Kettenplatten-\u00dcbertragungsstruktur, die sich in einer hochfeuchten Trocknungsumgebung nicht verformen wird. Dieses Design vermeidet nicht nur die Auswirkungen der Materialien. Auch die Qualit\u00e4t der Kohle nach dem Trocknen ist besonders gut.<\/p> <\/div>    <div class=\"wp-block-column is-layout-flow wp-block-column-is-layout-flow\"><\/div>    <div class=\"wp-block-column is-layout-flow wp-block-column-is-layout-flow\" style=\"flex-basis:66.66%\"> <figure class=\"wp-block-gallery has-nested-images columns-default is-cropped wp-block-gallery-4 is-layout-flex wp-block-gallery-is-layout-flex\"> <figure class=\"wp-block-image size-large\"><img loading=\"lazy\" decoding=\"async\" width=\"720\" height=\"540\" data-id=\"2847\" src=\"https:\/\/charcoalplant.com\/wp-content\/uploads\/2022\/03\/coal-drying-machine.jpg\" alt=\"\" class=\"wp-image-2847\"\/><\/figure> <\/figure> <\/div> <\/div>    <h3 class=\"wp-block-heading\"><strong>Grillkohle-Verpackungsmaschine<\/strong><\/h3>    <p>Die Produktionslinie f\u00fcr Kohlebriketts kann mit einer Holzkohlef\u00fcll- und Verschlie\u00dfmaschine verpackt werden. Die g\u00e4ngigen Verpackungsspezifikationen auf dem Markt sind 5 kg, 10 kg, 15 kg und 50 kg. Da es sich um ein CNC-System handelt, ist das Gewicht des Pakets einstellbar. Als f\u00fchrender Hersteller k\u00f6nnen wir unseren Kunden eine Designfabrik f\u00fcr Verpackungsbeutel f\u00fcr Grillkohle bieten.<\/p>    <figure class=\"wp-block-gallery has-nested-images columns-default is-cropped wp-block-gallery-5 is-layout-flex wp-block-gallery-is-layout-flex\"> <figure class=\"wp-block-image size-large\"><img loading=\"lazy\" decoding=\"async\" width=\"720\" height=\"540\" data-id=\"2851\" src=\"https:\/\/charcoalplant.com\/wp-content\/uploads\/2022\/03\/BBQ-coal-production-line-for-sale.jpg\" alt=\"BBQ-Kohleproduktionslinie zu verkaufen\" class=\"wp-image-2851\"\/><figcaption class=\"wp-element-caption\">Grillkohle-Verpackungsmaschine<\/figcaption><\/figure>    <figure class=\"wp-block-image size-large\"><img loading=\"lazy\" decoding=\"async\" width=\"720\" height=\"540\" data-id=\"2850\" src=\"https:\/\/charcoalplant.com\/wp-content\/uploads\/2022\/03\/bagged-charcoal-.jpg\" alt=\"verpackte Holzkohle\" class=\"wp-image-2850\"\/><figcaption class=\"wp-element-caption\">verpackte Holzkohle<\/figcaption><\/figure> <\/figure>    <h2 class=\"wp-block-heading\" id=\"h-why-is-the-bbq-coal-production-line-profitable\"><strong>Warum ist die Produktionslinie f\u00fcr Grillkohle profitabel?<\/strong><strong><\/strong><\/h2>    <p>Mit der rasanten Entwicklung von Wissenschaft und Technologie hat auch die Produktionslinie f\u00fcr Holzkohlebriketts den Weg der Automatisierung eingeschlagen. Dar\u00fcber hinaus erfolgt die Installation und der Betrieb der Ger\u00e4te unter technischer Anleitung durch das Werkspersonal. In der sp\u00e4teren Phase sind vier oder f\u00fcnf Personen auf einer Produktionslinie von mehreren hundert Metern im gesamten Prozess der Brikettierung voll kompetent. Die vollautomatische Produktionslinie f\u00fcr Grillkohle kann viel Arbeit reduzieren und die Arbeitseffizienz verbessern. Dadurch werden die Betriebskosten des Unternehmens erheblich gesenkt.<\/p>    <figure class=\"wp-block-gallery has-nested-images columns-default is-cropped wp-block-gallery-6 is-layout-flex wp-block-gallery-is-layout-flex\"> <figure class=\"wp-block-image size-large\"><img loading=\"lazy\" decoding=\"async\" width=\"1024\" height=\"768\" data-id=\"2855\" src=\"https:\/\/charcoalplant.com\/wp-content\/uploads\/2022\/03\/application-of-bbq-coal.png\" alt=\"Anwendung von Grillkohle\" class=\"wp-image-2855\"\/><figcaption class=\"wp-element-caption\">Anwendung von Grillkohle<\/figcaption><\/figure>    <figure class=\"wp-block-image size-large\"><img loading=\"lazy\" decoding=\"async\" width=\"720\" height=\"540\" data-id=\"2854\" src=\"https:\/\/charcoalplant.com\/wp-content\/uploads\/2022\/03\/bbq-fule.jpg\" alt=\"BBQ-fule\" class=\"wp-image-2854\"\/><figcaption class=\"wp-element-caption\">BBQ-fule<\/figcaption><\/figure> <\/figure>    <h2 class=\"wp-block-heading\" id=\"h-coal-briquettes-machine-plant-for-sale\">Grill <strong>Kohleproduktionslinie zu verkaufen<\/strong><\/h2>    <p class=\"translation-block\">Wir sind ein Hersteller, der sich auf alle Arten von Produktionslinien f\u00fcr Holzkohlemaschinen spezialisiert hat. Wir verkaufen <strong><a href=\"https:\/\/charcoalplant.com\/de\/briquettes-packing-machine\/charcoal-briquettes-packing-machine\/\">Wasserpfeifen-Holzkohle-Verpackungsmaschinen<\/a><\/strong>, Kohlenstaub-Walzenm\u00fchlen, <strong><a href=\"https:\/\/charcoalplant.com\/de\/grinder-and-mixer\/charcoal-shredder\/\">Kohlenzerkleinerer<\/a><\/strong> und andere Ger\u00e4te. Unser Werk bietet auch Maschinenanpassungsdienste und plant kostenlose Produktionslinienl\u00f6sungen f\u00fcr Sie. Und kontaktieren Sie uns jetzt, Sie werden mehr Dienstleistungen erhalten, wie Produktpreise, Bilder, Produktionsvideos usw.<\/p>    <figure class=\"wp-block-gallery has-nested-images columns-2 is-cropped wp-block-gallery-7 is-layout-flex wp-block-gallery-is-layout-flex\"> <figure class=\"wp-block-image size-full\"><img loading=\"lazy\" decoding=\"async\" width=\"720\" height=\"540\" data-id=\"2857\" src=\"https:\/\/charcoalplant.com\/wp-content\/uploads\/2022\/03\/coal-press-ball-machine-for-sale.jpg\" alt=\"Kohlepresse Ballmaschine zu verkaufen\" class=\"wp-image-2857\"\/><figcaption class=\"wp-element-caption\">Kohlepresse Ballmaschine zu verkaufen<\/figcaption><\/figure>    <figure class=\"wp-block-image size-large\"><img loading=\"lazy\" decoding=\"async\" width=\"720\" height=\"540\" data-id=\"2858\" src=\"https:\/\/charcoalplant.com\/wp-content\/uploads\/2022\/03\/bbq-coal-production-line-show.jpg\" alt=\"Show zur Herstellung von Grillkohle\" class=\"wp-image-2858\"\/><figcaption class=\"wp-element-caption\">Show zur Herstellung von Grillkohle<\/figcaption><\/figure>    <figure class=\"wp-block-image size-large\"><img loading=\"lazy\" decoding=\"async\" width=\"720\" height=\"540\" data-id=\"2859\" src=\"https:\/\/charcoalplant.com\/wp-content\/uploads\/2022\/03\/coal-briquette-machine-plant-shipping.jpg\" alt=\"Kohlebrikettiermaschinenanlagenversand\" class=\"wp-image-2859\"\/><figcaption class=\"wp-element-caption\">Kohlebrikettiermaschinenanlagenversand<\/figcaption><\/figure>    <figure class=\"wp-block-image size-large\"><img loading=\"lazy\" decoding=\"async\" width=\"720\" height=\"540\" data-id=\"2860\" src=\"https:\/\/charcoalplant.com\/wp-content\/uploads\/2022\/03\/shippment-1.jpg\" alt=\"Versand\" class=\"wp-image-2860\"\/><figcaption class=\"wp-element-caption\">Versand<\/figcaption><\/figure> <\/figure>","protected":false},"excerpt":{"rendered":"<p>BBQ coal production line is a professional tool for coal briquette making. Moreover, it can not only be made into balls, but also into the pillow, bread, and oval shapes to meet customer needs. Because barbecue coal replaces traditional biomass fuel and raw coal, it is an effective way to achieve energy-saving and emission reduction. [&hellip;]<\/p>\n","protected":false},"author":1,"featured_media":1978,"parent":0,"template":"","tags":[59],"product-type":[53],"class_list":["post-1976","product","type-product","status-publish","has-post-thumbnail","hentry","tag-charcoal-briquetting-machine","product-type-product-line"],"_links":{"self":[{"href":"https:\/\/charcoalplant.com\/de\/wp-json\/wp\/v2\/product\/1976","targetHints":{"allow":["GET"]}}],"collection":[{"href":"https:\/\/charcoalplant.com\/de\/wp-json\/wp\/v2\/product"}],"about":[{"href":"https:\/\/charcoalplant.com\/de\/wp-json\/wp\/v2\/types\/product"}],"author":[{"embeddable":true,"href":"https:\/\/charcoalplant.com\/de\/wp-json\/wp\/v2\/users\/1"}],"wp:featuredmedia":[{"embeddable":true,"href":"https:\/\/charcoalplant.com\/de\/wp-json\/wp\/v2\/media\/1978"}],"wp:attachment":[{"href":"https:\/\/charcoalplant.com\/de\/wp-json\/wp\/v2\/media?parent=1976"}],"wp:term":[{"taxonomy":"post_tag","embeddable":true,"href":"https:\/\/charcoalplant.com\/de\/wp-json\/wp\/v2\/tags?post=1976"},{"taxonomy":"product-type","embeddable":true,"href":"https:\/\/charcoalplant.com\/de\/wp-json\/wp\/v2\/product-type?post=1976"}],"curies":[{"name":"wp","href":"https:\/\/api.w.org\/{rel}","templated":true}]}}