{"id":1994,"date":"2022-01-17T09:13:40","date_gmt":"2022-01-17T09:13:40","guid":{"rendered":"https:\/\/charcoalplant.com\/?page_id=1994"},"modified":"2023-01-13T11:50:46","modified_gmt":"2023-01-13T03:50:46","slug":"coconut-charcoal-briquette-plant","status":"publish","type":"product","link":"https:\/\/charcoalplant.com\/de\/coconut-charcoal-briquette-plant\/","title":{"rendered":"Kokoskohlebrikettanlage"},"content":{"rendered":"<div class=\"kk-star-ratings kksr-auto kksr-align-left kksr-valign-top\"     data-payload='{&quot;align&quot;:&quot;left&quot;,&quot;id&quot;:&quot;1994&quot;,&quot;slug&quot;:&quot;default&quot;,&quot;valign&quot;:&quot;top&quot;,&quot;ignore&quot;:&quot;&quot;,&quot;reference&quot;:&quot;auto&quot;,&quot;class&quot;:&quot;&quot;,&quot;count&quot;:&quot;20&quot;,&quot;legendonly&quot;:&quot;&quot;,&quot;readonly&quot;:&quot;&quot;,&quot;score&quot;:&quot;4.3&quot;,&quot;starsonly&quot;:&quot;&quot;,&quot;best&quot;:&quot;5&quot;,&quot;gap&quot;:&quot;5&quot;,&quot;greet&quot;:&quot;Rate this product&quot;,&quot;legend&quot;:&quot;4.3\\\/5 - (20 votes)&quot;,&quot;size&quot;:&quot;24&quot;,&quot;title&quot;:&quot;Coconut Charcoal Briquette Plant&quot;,&quot;width&quot;:&quot;122.2&quot;,&quot;_legend&quot;:&quot;{score}\\\/{best} - ({count} {votes})&quot;,&quot;font_factor&quot;:&quot;1.25&quot;}'>              <div class=\"kksr-stars\">      <div class=\"kksr-stars-inactive\">             <div class=\"kksr-star\" data-star=\"1\" style=\"padding-right: 5px\">               <div class=\"kksr-icon\" style=\"width: 24px; height: 24px;\"><\/div>         <\/div>             <div class=\"kksr-star\" data-star=\"2\" style=\"padding-right: 5px\">               <div class=\"kksr-icon\" style=\"width: 24px; height: 24px;\"><\/div>         <\/div>             <div class=\"kksr-star\" data-star=\"3\" style=\"padding-right: 5px\">               <div class=\"kksr-icon\" style=\"width: 24px; height: 24px;\"><\/div>         <\/div>             <div class=\"kksr-star\" data-star=\"4\" style=\"padding-right: 5px\">               <div class=\"kksr-icon\" style=\"width: 24px; height: 24px;\"><\/div>         <\/div>             <div class=\"kksr-star\" data-star=\"5\" style=\"padding-right: 5px\">               <div class=\"kksr-icon\" style=\"width: 24px; height: 24px;\"><\/div>         <\/div>     <\/div>      <div class=\"kksr-stars-active\" style=\"width: 122.2px;\">             <div class=\"kksr-star\" style=\"padding-right: 5px\">               <div class=\"kksr-icon\" style=\"width: 24px; height: 24px;\"><\/div>         <\/div>             <div class=\"kksr-star\" style=\"padding-right: 5px\">               <div class=\"kksr-icon\" style=\"width: 24px; height: 24px;\"><\/div>         <\/div>             <div class=\"kksr-star\" style=\"padding-right: 5px\">               <div class=\"kksr-icon\" style=\"width: 24px; height: 24px;\"><\/div>         <\/div>             <div class=\"kksr-star\" style=\"padding-right: 5px\">               <div class=\"kksr-icon\" style=\"width: 24px; height: 24px;\"><\/div>         <\/div>             <div class=\"kksr-star\" style=\"padding-right: 5px\">               <div class=\"kksr-icon\" style=\"width: 24px; height: 24px;\"><\/div>         <\/div>     <\/div> <\/div>                   <div class=\"kksr-legend\" style=\"font-size: 19.2px;\">             4,3\/5 - (20 Stimmen)    <\/div>     <\/div>  <p class=\"translation-block\"><strong>Kokosnuss-Holzkohle Brikettieranlage <\/strong>ist eine Anlage, die umweltfreundliche Briketts aus Kokosnussschalen herstellt. Darunter ist die Kokosnussschalen-Brikettiermaschine die Formgebungs- ausr\u00fcstung in der Produktionslinie. Sie kann alle Arten von pulvrigen Materialien zu Bl\u00f6cken pressen. Die gebr\u00e4uchlichsten sind zum Beispiel <strong><a href=\"https:\/\/charcoalplant.com\/de\/charcoal-briquetting-machine\/honeycomb-coal-press-machine\/\">Kohlepulver-Formung<\/a><\/strong>, Erzpulver-Formung, Entschwefelungs-Gips-Formung, Kokskohlepulver-Formung, Eisensp\u00e4ne, verschiedene Metallschlacken-Formung usw. Die Kokosnussholz-Kohle Brikettierungsproduktionslinie zeichnet sich durch einfache Bedienung, geringe Kosten und hohe Rendite aus. Wenn Sie an diesem Projekt interessiert sind, kontaktieren Sie uns bitte und wir werden unser Bestes tun, um Ihr Holzkohle-Gesch\u00e4ft zum Gedeihen zu bringen. <\/p>    <h2 class=\"wp-block-heading\">Rohstoff der Produktionslinie f\u00fcr Holzkohlebriketts<\/h2>    <p class=\"translation-block\">Das Rohmaterial des <strong><a href=\"https:\/\/charcoalplant.com\/de\/product\/charcoal-briquetting-machine\/\">Kohlebrikettiermaschine<\/a><\/strong> kann Kokosnussschalenpulver, S\u00e4gesp\u00e4nepulver, Reisstrohpulver, Kohlepulver usw. sein. Die Brikette bezieht sich auf das Erz und andere katalytische Materialien, die dem Schmelzofen zugesetzt werden. Eisenerz, Brammen, Roheisen, Recycling-Schrott-Eisen-Unternehmen, Schrottstahl, Erzfeinstoffe, Kokerkohle, Koks und Ferrolegierungen geh\u00f6ren alle zur Brikette.<\/p>    <figure class=\"wp-block-image aligncenter size-full\"><img loading=\"lazy\" decoding=\"async\" width=\"993\" height=\"205\" src=\"https:\/\/charcoalplant.com\/wp-content\/uploads\/2022\/01\/raw-materials-1.jpg\" alt=\"Kokosnusspulverbrikett Pflanzenrohstoffe-1\" class=\"wp-image-2005\"\/><\/figure>    <h2 class=\"wp-block-heading\" id=\"h-equipment-types-of-coconut-charcoal-briquette-plant\">Hauptbestandteile der Kokoskohlebrikettanlage<\/h2>    <p class=\"translation-block\">Die Kokosnussschalen-Kohlenbrikettierungsproduktionslinie umfasst einen <strong><a href=\"https:\/\/charcoalplant.com\/de\/grinder-and-mixer\/charcoal-shredder\/\">Hammerm\u00fchle<\/a><\/strong>, einen Speichereimer, Zahnpulverradm\u00fchle, Verteilungsbeh\u00e4lter, Kohlepulver-Brikettiermaschine, kontinuierlicher Netzbandtrockner, <strong><a href=\"https:\/\/charcoalplant.com\/de\/briquettes-packing-machine\/charcoal-briquettes-packing-machine\/\">Verpackungsmaschine<\/a><\/strong>. Au\u00dferdem ist das Zwischenf\u00f6rderger\u00e4t ebenfalls wesentlich. Im Folgenden werde ich mich auf die Toner-Radm\u00fchle, die Kohlepulver-Brikettiermaschine und den Trockner konzentrieren. Weil sie ein wichtiger Faktor sind, der die Qualit\u00e4t der Kugel beeinflusst.<\/p>    <figure class=\"wp-block-image aligncenter size-full\"><img loading=\"lazy\" decoding=\"async\" width=\"720\" height=\"540\" src=\"https:\/\/charcoalplant.com\/wp-content\/uploads\/2022\/03\/Coconut-Charcoal-Briquette-Plant-3D-show.jpg\" alt=\"Kokosnusskohlebrikettanlage 3D-Show\" class=\"wp-image-2882\"\/><figcaption class=\"wp-element-caption\">Kokosnusskohlebrikettanlage 3D-Show<\/figcaption><\/figure>    <div class=\"wp-block-columns has-background is-layout-flex wp-container-core-columns-is-layout-28f84493 wp-block-columns-is-layout-flex\" style=\"background-color:#f1f1f1\"> <div class=\"wp-block-column is-vertically-aligned-center is-layout-flow wp-block-column-is-layout-flow\" style=\"flex-basis:33.33%\"> <p><strong><a href=\"https:\/\/charcoalplant.com\/de\/product\/charcoal-powder-mixer\/\">Mixer f\u00fcr Kokoskohlepulver<\/a><\/strong><\/p>    <p>Im Allgemeinen kann Holzkohle nach dem Durchgang durch die Hammerm\u00fchle etwa 3 mm Kohlenstoffpulver bilden. Je h\u00f6her jedoch die Feinheit des Kohlenstoffpulvers ist, desto besser ist die formgebende Wirkung des Kokoskohlebriketts. Daher kann der Einsatz einer Holzkohlestaubradm\u00fchle einerseits das Material filigraner machen und dabei helfen, es zu formen. Andererseits kann das Material nach dem R\u00fchren von Kohlenstoffpulver, Bindemittel und Wasser durch Walzen das Wasser vollst\u00e4ndig einschlie\u00dfen und die innere Viskosit\u00e4t des Molek\u00fcls verbessern.<\/p> <\/div>    <div class=\"wp-block-column is-layout-flow wp-block-column-is-layout-flow\" style=\"flex-basis:66.66%\"> <figure class=\"wp-block-gallery has-nested-images columns-default is-cropped wp-block-gallery-2 is-layout-flex wp-block-gallery-is-layout-flex\"> <figure class=\"wp-block-image size-large\"><img loading=\"lazy\" decoding=\"async\" width=\"720\" height=\"540\" data-id=\"1534\" src=\"https:\/\/charcoalplant.com\/wp-content\/uploads\/2021\/12\/charcoal-powder-mixer-plant-2.jpg\" alt=\"Mischanlage f\u00fcr Holzkohlepulver\" class=\"wp-image-1534\" srcset=\"https:\/\/charcoalplant.com\/wp-content\/uploads\/2021\/12\/charcoal-powder-mixer-plant-2.jpg 720w, https:\/\/charcoalplant.com\/wp-content\/uploads\/2021\/12\/charcoal-powder-mixer-plant-2-300x225.jpg 300w\" sizes=\"auto, (max-width: 720px) 100vw, 720px\" \/><figcaption class=\"wp-element-caption\">Mischanlage f\u00fcr Holzkohlepulver<\/figcaption><\/figure> <\/figure> <\/div> <\/div>    <div class=\"wp-block-columns has-background is-layout-flex wp-container-core-columns-is-layout-28f84493 wp-block-columns-is-layout-flex\" style=\"background-color:#f1f1f1\"> <div class=\"wp-block-column is-layout-flow wp-block-column-is-layout-flow\" style=\"flex-basis:66.66%\"> <figure class=\"wp-block-gallery has-nested-images columns-default is-cropped wp-block-gallery-3 is-layout-flex wp-block-gallery-is-layout-flex\"> <figure class=\"wp-block-image size-large\"><img loading=\"lazy\" decoding=\"async\" width=\"720\" height=\"540\" data-id=\"1982\" src=\"https:\/\/charcoalplant.com\/wp-content\/uploads\/2022\/01\/charcoal-ball-press-machine-manufacturer.jpg\" alt=\"Hersteller von Holzkohle-Kugelpressmaschinen\" class=\"wp-image-1982\"\/><figcaption class=\"wp-element-caption\">Hersteller von Holzkohle-Kugelpressmaschinen<\/figcaption><\/figure> <\/figure> <\/div>    <div class=\"wp-block-column is-vertically-aligned-center is-layout-flow wp-block-column-is-layout-flow\" style=\"flex-basis:33.33%\"> <p><strong><a href=\"https:\/\/charcoalplant.com\/de\/product\/charcoal-ball-press-machine\/\">Kohlepressballmaschine<\/a><\/strong><\/p>    <p>Die Maschine zur Herstellung von Kokoskohlepulver ist die Kernausr\u00fcstung der gesamten Produktionslinie. Es nutzt das Prinzip der Relativbewegung der Walzen zum Extrudieren der Rohstoffe. Auch der Rollendurchmesser und der Rollenhauttyp k\u00f6nnen individuell angepasst werden. Das geformte Brikett kann direkt auf dem F\u00f6rderband im unteren Teil der Maschine gesammelt und getrocknet werden.<\/p> <\/div> <\/div>    <h3 class=\"wp-block-heading\" id=\"h-mesh-belt-dryer-for-shaped-charcoal-plant\">Mesh-Bandtrockner f\u00fcr Formkohleanlage<\/h3>    <p class=\"translation-block\">Aufgrund des hohen Wassergehalts des soeben hergestellten Kohlepulver-Briketts kann es die Anforderungen an die Verwendung nicht erf\u00fcllen. Daher empfehlen wir den Einsatz eines Netzbandtrockners zum Trocknen. Der Netzbandtrockner verwendet ein Metallnetzf\u00f6rderband, um Kugeln aus Kohle rundherum zu trocknen. Au\u00dferdem wird das <strong><a href=\"https:\/\/charcoalplant.com\/de\/product\/charcoal-briquette-dryer\/\">Mehrlagige Netzband<\/a><\/strong> genutzt, um eine 24-Stunden-Dauerbetriebsleistung durch sprechende Trockenverfahren zu erreichen.<\/p>    <figure class=\"wp-block-image aligncenter size-full\"><img loading=\"lazy\" decoding=\"async\" width=\"720\" height=\"540\" src=\"https:\/\/charcoalplant.com\/wp-content\/uploads\/2022\/03\/belt-drying-machine.jpg\" alt=\"\" class=\"wp-image-2883\"\/><\/figure>    <h2 class=\"wp-block-heading\">Anwendungen und Vorteile von Kokosnusskohle<\/h2>    <p>Kokosnusskohle, auch Kokosnussschalenkohle genannt, hat eine Reihe von Anwendungen und Vorteilen. Zu den bemerkenswertesten geh\u00f6ren:<\/p>    <ol class=\"wp-block-list\"> <li><strong>Grillbrennstoff:<\/strong> Kokoskohle ist aufgrund ihrer hohen Heizleistung und langen Brenndauer ein beliebter Brennstoff zum Grillen und Grillen.<\/li>    <li><strong>Wasserfiltration: <\/strong>Kokosnusskohle wird aufgrund ihrer F\u00e4higkeit, Verunreinigungen zu entfernen und den Geschmack von Wasser zu verbessern, h\u00e4ufig in Wasserfiltersystemen verwendet.<\/li>    <li><strong>Luftreinigung: <\/strong>Kokosnusskohle kann auch in Luftreinigungssystemen verwendet werden, um Verunreinigungen zu entfernen und die Luftqualit\u00e4t zu verbessern.<\/li>    <li><strong>Landwirtschaft:<\/strong> Kokosnusskohle wird auch als Bodenverbesserer und D\u00fcnger verwendet, da sie die Bodenstruktur, Bel\u00fcftung und Wasserhaltekapazit\u00e4t verbessern kann.<\/li>    <li><strong>Industrielle Prozesse:<\/strong> Kokosnusskohle wird in verschiedenen industriellen Prozessen wie der Metallurgie, der chemischen Industrie und der Zuckerindustrie verwendet.<\/li>    <li><strong>Kohlenstoffquelle f\u00fcr Aktivkohle:<\/strong> Kokosnusskohle ist eine Aktivkohlequelle, die zur Reinigung, Entkoffeinierung, Gasreinigung und Wasserreinigung verwendet wird.<\/li>    <li><strong>Erneuerbar und nachhaltig:<\/strong> Kokosnusskohle ist eine erneuerbare und nachhaltige Brennstoffquelle, da sie aus einem Abfallprodukt (Kokosnussschalen) hergestellt wird und nicht zur Abholzung der W\u00e4lder beitr\u00e4gt.<\/li>    <li><strong>Weniger Asche:<\/strong> Kokosnusskohle hat im Vergleich zu anderen Arten von Holzkohle weniger Asche, was die Verwendung sauberer macht.<\/li>    <li><strong>Umweltfreundlich:<\/strong> Kokoskohlebriketts gelten als umweltfreundlicher Brennstoff, da sie weniger Kohlendioxid, Methan und andere Treibhausgase aussto\u00dfen.<\/li> <\/ol>    <div class=\"wp-block-columns is-layout-flex wp-container-core-columns-is-layout-28f84493 wp-block-columns-is-layout-flex\"> <div class=\"wp-block-column is-layout-flow wp-block-column-is-layout-flow\"> <figure class=\"wp-block-image size-full\"><img loading=\"lazy\" decoding=\"async\" width=\"720\" height=\"540\" src=\"https:\/\/charcoalplant.com\/wp-content\/uploads\/2022\/01\/coconut-shell.jpg\" alt=\"Kokosnussschale\" class=\"wp-image-2089\"\/><figcaption class=\"wp-element-caption\">Kokosnussschale<\/figcaption><\/figure> <\/div>    <div class=\"wp-block-column is-layout-flow wp-block-column-is-layout-flow\"> <figure class=\"wp-block-image size-full\"><img loading=\"lazy\" decoding=\"async\" width=\"720\" height=\"540\" src=\"https:\/\/charcoalplant.com\/wp-content\/uploads\/2022\/02\/coconut-shell-charcoal-briquette.jpg\" alt=\"Holzkohlebrikett aus Kokosnussschalen\" class=\"wp-image-2501\"\/><figcaption class=\"wp-element-caption\">Holzkohlebrikett aus Kokosnussschalen<\/figcaption><\/figure> <\/div> <\/div>    <h2 class=\"wp-block-heading\" id=\"h-mineral-powder-forming-machine-production-line\">Mineralpulver-Formungsmaschine vs. Kokosnussschalen-Brikettmaschine<\/h2>    <p>Die Mineralpulver-Brikettmaschine ist eine Transformation auf Basis der Kokoskohle-Brikettmaschine. Ihre Grundstruktur und ihr Prinzip sind also gleich. Auch in der Kohlepulverbrikettieranlage spielt die Kohlepulverformmaschine die Rolle des Extrudierens der Erzpulverformung. Die Hauptausr\u00fcstung der Produktionslinie besteht aus einem Verbundbrecher, einem Beschicker, einer Radm\u00fchle, einer Kohlepulverbrikettiermaschine und einer Trocknermaschine. <\/p>    <ul class=\"wp-block-list\"> <li>Der Produktionsprozess der gesamten Produktionslinie f\u00fcr Kohlepulverbriketts besteht darin, dass der Verbundbrecher zun\u00e4chst die Kohle zerkleinert. <\/li>    <li>Zweitens wird das Mineralpulver \u00fcber die Zuf\u00fchrvorrichtung in den Mineralpulvermischer eingespeist und gleichm\u00e4\u00dfig mit dem Bindemittel und Wasser vermischt. <\/li>    <li>Drittens wird das verarbeitete Mineralpulver von einer Mineralpulver-Brikettiermaschine zu Kugeln gepresst. <\/li>    <li>Abschlie\u00dfend werden die Mineralpulverk\u00fcgelchen durch eine Trocknermaschine getrocknet. <\/li> <\/ul>    <div class=\"wp-block-columns is-layout-flex wp-container-core-columns-is-layout-28f84493 wp-block-columns-is-layout-flex\"> <div class=\"wp-block-column is-layout-flow wp-block-column-is-layout-flow\"> <figure class=\"wp-block-image size-full is-style-default\"><img loading=\"lazy\" decoding=\"async\" width=\"720\" height=\"540\" src=\"https:\/\/charcoalplant.com\/wp-content\/uploads\/2022\/01\/mineral-powder-ball-press-machine.jpg\" alt=\"Ballpressmaschine f\u00fcr Mineralpulver\" class=\"wp-image-2004\"\/><figcaption class=\"wp-element-caption\">Ballpressmaschine f\u00fcr Mineralpulver<\/figcaption><\/figure> <\/div>    <div class=\"wp-block-column is-layout-flow wp-block-column-is-layout-flow\"> <figure class=\"wp-block-image size-full\"><img loading=\"lazy\" decoding=\"async\" width=\"720\" height=\"540\" src=\"https:\/\/charcoalplant.com\/wp-content\/uploads\/2022\/01\/mineral-powder-briquettes.jpg\" alt=\"Kohlepulverbriketts\" class=\"wp-image-2006\"\/><figcaption class=\"wp-element-caption\">Kohlepulverbriketts<\/figcaption><\/figure> <\/div> <\/div>    <h2 class=\"wp-block-heading\">Kokoskohlebrikettanlage zu verkaufen<\/h2>    <p class=\"translation-block\">Shuliy Maschinen produzieren alle Arten von Holzkohleproduktionsanlagen. Neben dem Verkauf von Produktionslinien f\u00fcr Kohlenstaubbriquettes verkaufen wir auch <strong><a href=\"https:\/\/charcoalplant.com\/de\/charcoal-making-machine-3\/\">Produktionslinien f\u00fcr Holzkohlemaschinen<\/a><\/strong>, <strong><a href=\"https:\/\/charcoalplant.com\/de\/shisha-charcoal-production-line\/\">Produktionslinien f\u00fcr Wasserpfeifen-Holzkohle<\/a><\/strong>, Produktionslinien f\u00fcr pulverisierte Kohle usw. Wir bieten Ihnen geeignete Produktionsl\u00f6sungen an, die Ihrem Projekt erheblich zugutekommen. Kontaktieren Sie uns f\u00fcr weitere Details und den besten Preis.<\/p>    <figure class=\"wp-block-gallery has-nested-images columns-2 is-cropped wp-block-gallery-4 is-layout-flex wp-block-gallery-is-layout-flex\"> <figure class=\"wp-block-image size-large\"><img loading=\"lazy\" decoding=\"async\" width=\"720\" height=\"540\" data-id=\"2857\" src=\"https:\/\/charcoalplant.com\/wp-content\/uploads\/2022\/03\/coal-press-ball-machine-for-sale.jpg\" alt=\"Kohlepresse Ballmaschine zu verkaufen\" class=\"wp-image-2857\"\/><figcaption class=\"wp-element-caption\">Kohlepresse Ballmaschine zu verkaufen<\/figcaption><\/figure>    <figure class=\"wp-block-image size-large\"><img loading=\"lazy\" decoding=\"async\" width=\"720\" height=\"540\" data-id=\"2892\" src=\"https:\/\/charcoalplant.com\/wp-content\/uploads\/2022\/03\/carbon-dust-mixing-machine-2.jpg\" alt=\"Kohlenstaub-Mischmaschine\" class=\"wp-image-2892\"\/><figcaption class=\"wp-element-caption\">Kohlenstaub-Mischmaschine<\/figcaption><\/figure>    <figure class=\"wp-block-image size-large\"><img loading=\"lazy\" decoding=\"async\" width=\"720\" height=\"540\" data-id=\"2893\" src=\"https:\/\/charcoalplant.com\/wp-content\/uploads\/2022\/03\/bbq-coal-production-line-show-1.jpg\" alt=\"Show zur Herstellung von Grillkohle\" class=\"wp-image-2893\"\/><figcaption class=\"wp-element-caption\">Ausstellung zur Produktion von Grillkohle<\/figcaption><\/figure>    <figure class=\"wp-block-image size-large\"><img loading=\"lazy\" decoding=\"async\" width=\"720\" height=\"540\" data-id=\"2895\" src=\"https:\/\/charcoalplant.com\/wp-content\/uploads\/2022\/03\/shippment-2.jpg\" alt=\"Versand\" class=\"wp-image-2895\"\/><figcaption class=\"wp-element-caption\">Versand<\/figcaption><\/figure> <\/figure>    <h2 class=\"wp-block-heading\">Wie macht man Kokoskohlebriketts? <\/h2>    <p>Um Holzkohlebriketts aus Kokosnussschalen herzustellen, ben\u00f6tigen Sie Kokosnussschalen, eine Holzkohlebrikettpresse und ein Bindemittel (z. B. Maisst\u00e4rke oder Maniokmehl). Hier sind die grundlegenden Schritte zur Herstellung von Holzkohlebriketts:<\/p>    <ol class=\"wp-block-list\"> <li>Die Kokosnussschalen mit einem Hammer oder einer Maschine in kleine St\u00fccke zerdr\u00fccken.<\/li>    <li>Trocknen Sie die Kokosnussschalen in der Sonne oder in einem D\u00f6rrger\u00e4t, um jegliche Feuchtigkeit zu entfernen.<\/li>    <li>Mahlen Sie die getrockneten Kokosnussschalen mit einer M\u00fchle zu einem feinen Pulver.<\/li>    <li>Mischen Sie das Kokosnussschalenpulver mit einer kleinen Menge Bindemittel (ca. 5% des Gesamtgewichts des Pulvers), bis eine teigartige Konsistenz entsteht.<\/li>    <li>Mit der Kokosnussschalen-Brikettmaschine die Mischung zu Briketts formen.<\/li>    <li>Trocknen Sie die Briketts in der Sonne oder in einem D\u00f6rrger\u00e4t, bis sie vollst\u00e4ndig trocken sind.<\/li>    <li>Ihre Holzkohlebriketts aus Kokosnussschalen sind jetzt gebrauchsfertig.<\/li> <\/ol>    <p>Es ist wichtig zu beachten, dass die Herstellung von Holzkohle ein gef\u00e4hrlicher Prozess ist und mit angemessenen Sicherheitsvorkehrungen und professioneller Anleitung durchgef\u00fchrt werden sollte. Shuliy Machinery ist ein Hersteller von Kokosnussholzkohlebrikettanlagen mit langj\u00e4hriger Erfahrung und starker Leistungsf\u00e4higkeit. Wenn Sie mit der Herstellung von Kokosnusskohle beginnen m\u00f6chten, kontaktieren Sie uns f\u00fcr weitere Informationen. <\/p>","protected":false},"excerpt":{"rendered":"<p>Coconut charcoal briquette plant is a facility that produces eco-friendly briquettes made from coconut shells. Among them, the coconut shell briquette machine is the forming equipment in the production line. It can press all kinds of powdery materials into blocks. The most common ones are, for example, coal powder molding, ore powder molding, desulfurization gypsum [&hellip;]<\/p>\n","protected":false},"author":1,"featured_media":1996,"parent":0,"template":"","tags":[66],"product-type":[53],"class_list":["post-1994","product","type-product","status-publish","has-post-thumbnail","hentry","tag-biomass-briquette-machine","product-type-product-line"],"_links":{"self":[{"href":"https:\/\/charcoalplant.com\/de\/wp-json\/wp\/v2\/product\/1994","targetHints":{"allow":["GET"]}}],"collection":[{"href":"https:\/\/charcoalplant.com\/de\/wp-json\/wp\/v2\/product"}],"about":[{"href":"https:\/\/charcoalplant.com\/de\/wp-json\/wp\/v2\/types\/product"}],"author":[{"embeddable":true,"href":"https:\/\/charcoalplant.com\/de\/wp-json\/wp\/v2\/users\/1"}],"wp:featuredmedia":[{"embeddable":true,"href":"https:\/\/charcoalplant.com\/de\/wp-json\/wp\/v2\/media\/1996"}],"wp:attachment":[{"href":"https:\/\/charcoalplant.com\/de\/wp-json\/wp\/v2\/media?parent=1994"}],"wp:term":[{"taxonomy":"post_tag","embeddable":true,"href":"https:\/\/charcoalplant.com\/de\/wp-json\/wp\/v2\/tags?post=1994"},{"taxonomy":"product-type","embeddable":true,"href":"https:\/\/charcoalplant.com\/de\/wp-json\/wp\/v2\/product-type?post=1994"}],"curies":[{"name":"wp","href":"https:\/\/api.w.org\/{rel}","templated":true}]}}