{"id":2304,"date":"2022-02-14T01:37:54","date_gmt":"2022-02-13T17:37:54","guid":{"rendered":"https:\/\/charcoalplant.com\/"},"modified":"2023-01-07T10:49:35","modified_gmt":"2023-01-07T02:49:35","slug":"new-charcoal-making-machine","status":"publish","type":"product","link":"https:\/\/charcoalplant.com\/de\/product\/new-charcoal-making-machine\/","title":{"rendered":"Neue Maschine zur Holzkohleherstellung | Kontinuierlicher Karbonisierungsofen"},"content":{"rendered":"<div class=\"kk-star-ratings kksr-auto kksr-align-left kksr-valign-top\"     data-payload='{&quot;align&quot;:&quot;left&quot;,&quot;id&quot;:&quot;2304&quot;,&quot;slug&quot;:&quot;default&quot;,&quot;valign&quot;:&quot;top&quot;,&quot;ignore&quot;:&quot;&quot;,&quot;reference&quot;:&quot;auto&quot;,&quot;class&quot;:&quot;&quot;,&quot;count&quot;:&quot;9&quot;,&quot;legendonly&quot;:&quot;&quot;,&quot;readonly&quot;:&quot;&quot;,&quot;score&quot;:&quot;4.6&quot;,&quot;starsonly&quot;:&quot;&quot;,&quot;best&quot;:&quot;5&quot;,&quot;gap&quot;:&quot;5&quot;,&quot;greet&quot;:&quot;Rate this product&quot;,&quot;legend&quot;:&quot;4.6\\\/5 - (9 votes)&quot;,&quot;size&quot;:&quot;24&quot;,&quot;title&quot;:&quot;New Charcoal Making Machine | Continuous Carbonization Furnace&quot;,&quot;width&quot;:&quot;130.9&quot;,&quot;_legend&quot;:&quot;{score}\\\/{best} - ({count} {votes})&quot;,&quot;font_factor&quot;:&quot;1.25&quot;}'>              <div class=\"kksr-stars\">      <div class=\"kksr-stars-inactive\">             <div class=\"kksr-star\" data-star=\"1\" style=\"padding-right: 5px\">               <div class=\"kksr-icon\" style=\"width: 24px; height: 24px;\"><\/div>         <\/div>             <div class=\"kksr-star\" data-star=\"2\" style=\"padding-right: 5px\">               <div class=\"kksr-icon\" style=\"width: 24px; height: 24px;\"><\/div>         <\/div>             <div class=\"kksr-star\" data-star=\"3\" style=\"padding-right: 5px\">               <div class=\"kksr-icon\" style=\"width: 24px; height: 24px;\"><\/div>         <\/div>             <div class=\"kksr-star\" data-star=\"4\" style=\"padding-right: 5px\">               <div class=\"kksr-icon\" style=\"width: 24px; height: 24px;\"><\/div>         <\/div>             <div class=\"kksr-star\" data-star=\"5\" style=\"padding-right: 5px\">               <div class=\"kksr-icon\" style=\"width: 24px; height: 24px;\"><\/div>         <\/div>     <\/div>      <div class=\"kksr-stars-active\" style=\"width: 130.9px;\">             <div class=\"kksr-star\" style=\"padding-right: 5px\">               <div class=\"kksr-icon\" style=\"width: 24px; height: 24px;\"><\/div>         <\/div>             <div class=\"kksr-star\" style=\"padding-right: 5px\">               <div class=\"kksr-icon\" style=\"width: 24px; height: 24px;\"><\/div>         <\/div>             <div class=\"kksr-star\" style=\"padding-right: 5px\">               <div class=\"kksr-icon\" style=\"width: 24px; height: 24px;\"><\/div>         <\/div>             <div class=\"kksr-star\" style=\"padding-right: 5px\">               <div class=\"kksr-icon\" style=\"width: 24px; height: 24px;\"><\/div>         <\/div>             <div class=\"kksr-star\" style=\"padding-right: 5px\">               <div class=\"kksr-icon\" style=\"width: 24px; height: 24px;\"><\/div>         <\/div>     <\/div> <\/div>                   <div class=\"kksr-legend\" style=\"font-size: 19.2px;\">             4,6\/5 - (9 Stimmen)    <\/div>     <\/div>  <p class=\"translation-block\"><strong>Neue Holzkohle-Maschine<\/strong> ist ein kontinuierlicher Karbonisierungsofen, der speziell f\u00fcr die Karbonisierung verschiedener Biomaterialien entwickelt wurde. Der neue Karbonisierungsofen ist nicht nur sch\u00f6n in Aussehen und Atmosph\u00e4re. Und seine Konsole hat ein intelligentes numerisches Bedienfeld hinzugef\u00fcgt. Dar\u00fcber hinaus ist die Karbonisierungsrate von Rohstoffen von den urspr\u00fcnglichen 75 % auf 95 % gestiegen. Kurz gesagt, die neue <strong><a href=\"https:\/\/charcoalplant.com\/de\/charcoal-making-machine-3\/\">Holzkohle-Maschine<\/a><\/strong> ist eine kohlenstoffarme Umweltschutzausr\u00fcstung mit hoher Kostenleistung und hoher Rendite. Kontaktieren Sie uns jetzt f\u00fcr die neueste Beratung dazu. Zum Beispiel Preis, <strong><a href=\"https:\/\/charcoalplant.com\/de\/news\/new-charcoal-machine-production-line-sent-to-japan\/\">Versand<\/a><\/strong>. Wir freuen uns auf eine angenehme Zusammenarbeit mit Ihnen.<\/p>    <figure class=\"wp-block-gallery has-nested-images columns-default is-cropped wp-block-gallery-2 is-layout-flex wp-block-gallery-is-layout-flex\"> <figure class=\"wp-block-image size-large\"><img loading=\"lazy\" decoding=\"async\" width=\"720\" height=\"540\" data-id=\"2307\" src=\"https:\/\/charcoalplant.com\/wp-content\/uploads\/2022\/02\/Export-of-charcoal-making-machine.jpg\" alt=\"\" class=\"wp-image-2307\"\/><\/figure> <\/figure>    <h2 class=\"wp-block-heading\" id=\"h-raw-materials-for-new-charcoal-making-machines\"><strong>Rohstoffe f\u00fcr eine neue Holzkohleherstellungsmaschine<\/strong><\/h2>    <p class=\"translation-block\">Es kann Biomasse-Rohstoffe mit einer Gr\u00f6\u00dfe von weniger als 10 cm verarbeiten. Seine Rohstoffe sind land- und forstwirtschaftliche Abf\u00e4lle (Reish\u00fclse, Holzpellets, Strohpellets, Rinde), Nussschalen (<strong><a href=\"https:\/\/charcoalplant.com\/de\/info\/what-are-the-uses-of-coconut-shells\/\">Kokosnussschale<\/a><\/strong>, Olivenfrucht, Palmenschale, Kastanienschale, Longan-Schale) und andere (Rinderdung, Rinderknochen, Schlamm) usw. Je geringer die Rohstofffeuchtigkeit, desto h\u00f6her ist die Karbonisierungsrate. Daher empfehlen wir den Kunden, einen Trommeltrockner zur Trocknung der Rohstoffe zu w\u00e4hlen. Der Trockner kann die Rohstofffeuchtigkeit auf etwa 8 % halten.<\/p>    <figure class=\"wp-block-gallery has-nested-images columns-2 is-cropped wp-block-gallery-3 is-layout-flex wp-block-gallery-is-layout-flex\"> <figure class=\"wp-block-image size-large\"><img loading=\"lazy\" decoding=\"async\" width=\"720\" height=\"540\" data-id=\"2313\" src=\"https:\/\/charcoalplant.com\/wp-content\/uploads\/2022\/02\/coconut-shell-2.jpg\" alt=\"\" class=\"wp-image-2313\"\/><\/figure>    <figure class=\"wp-block-image size-large\"><img loading=\"lazy\" decoding=\"async\" width=\"720\" height=\"540\" data-id=\"2314\" src=\"https:\/\/charcoalplant.com\/wp-content\/uploads\/2022\/02\/palm-shell-.jpg\" alt=\"\" class=\"wp-image-2314\"\/><\/figure>    <figure class=\"wp-block-image size-large\"><img loading=\"lazy\" decoding=\"async\" width=\"720\" height=\"540\" data-id=\"2315\" src=\"https:\/\/charcoalplant.com\/wp-content\/uploads\/2022\/02\/peanut-shell.jpg\" alt=\"\" class=\"wp-image-2315\"\/><\/figure>    <figure class=\"wp-block-image size-large\"><img loading=\"lazy\" decoding=\"async\" width=\"720\" height=\"540\" data-id=\"2316\" src=\"https:\/\/charcoalplant.com\/wp-content\/uploads\/2022\/02\/rice-husk.jpg\" alt=\"\" class=\"wp-image-2316\"\/><\/figure> <\/figure>    <h2 class=\"wp-block-heading\" id=\"h-structure-of-the-new-charcoal-machine\"><strong>Aufbau der neuen Holzkohlemaschine<\/strong><\/h2>    <div class=\"wp-block-columns has-background is-layout-flex wp-container-core-columns-is-layout-28f84493 wp-block-columns-is-layout-flex\" style=\"background-color:#f1f1f1\"> <div class=\"wp-block-column is-vertically-aligned-center is-layout-flow wp-block-column-is-layout-flow\" style=\"flex-basis:33.33%\"> <p class=\"translation-block\"><strong>Doppelhauptofen<\/strong><\/p>    <p>Der Karbonisierungshauptk\u00f6rper des Karbonisierungsofens hat eine Doppelzylinderstruktur. Bei dieser Konstruktion taumelt das Material kreisf\u00f6rmig vom Innenofen zum Au\u00dfenofen. Das hei\u00dft, Einlass und Auslass des Kokosnussschalen-Karbonisierungsofens befinden sich auf derselben Seite.<\/p> <\/div>    <div class=\"wp-block-column is-layout-flow wp-block-column-is-layout-flow\" style=\"flex-basis:66.66%\"> <figure class=\"wp-block-gallery has-nested-images columns-default is-cropped wp-block-gallery-4 is-layout-flex wp-block-gallery-is-layout-flex\"> <figure class=\"wp-block-image size-large\"><img loading=\"lazy\" decoding=\"async\" width=\"720\" height=\"540\" data-id=\"2310\" src=\"https:\/\/charcoalplant.com\/wp-content\/uploads\/2022\/02\/Rice-husk-carbonization-furnace-structure.jpg\" alt=\"\" class=\"wp-image-2310\"\/><\/figure> <\/figure> <\/div> <\/div>    <div class=\"wp-block-columns has-background is-layout-flex wp-container-core-columns-is-layout-28f84493 wp-block-columns-is-layout-flex\" style=\"background-color:#f1f1f1\"> <div class=\"wp-block-column is-layout-flow wp-block-column-is-layout-flow\" style=\"flex-basis:66.66%\"> <figure class=\"wp-block-gallery has-nested-images columns-default is-cropped wp-block-gallery-5 is-layout-flex wp-block-gallery-is-layout-flex\"> <figure class=\"wp-block-image size-large\"><img loading=\"lazy\" decoding=\"async\" width=\"720\" height=\"540\" data-id=\"2312\" src=\"https:\/\/charcoalplant.com\/wp-content\/uploads\/2022\/02\/Burn.jpg\" alt=\"\" class=\"wp-image-2312\"\/><\/figure> <\/figure> <\/div>    <div class=\"wp-block-column is-vertically-aligned-center is-layout-flow wp-block-column-is-layout-flow\" style=\"flex-basis:33.33%\"> <p class=\"translation-block\"><strong>Brennkammer<\/strong><\/p>    <p>Die Brennkammer ist mit w\u00e4rmed\u00e4mmender Steinwolle isoliert. Es handelt sich ebenfalls um einen geschlossenen Ofenk\u00f6rper. Daher ist die Luftdichtheit der gesamten Maschine gut und die Karbonisierungseffizienz hoch. Das Heizmaterial des Reisschalen-Karbonisierungsofens kann Holzkohle, Holz, Diesel, Erdgas, Fl\u00fcssiggas, Biomasse usw. sein.<\/p> <\/div> <\/div>    <div class=\"wp-block-columns has-background is-layout-flex wp-container-core-columns-is-layout-28f84493 wp-block-columns-is-layout-flex\" style=\"background-color:#f1f1f1\"> <div class=\"wp-block-column is-vertically-aligned-center is-layout-flow wp-block-column-is-layout-flow\" style=\"flex-basis:33.33%\"> <p class=\"translation-block\"><strong>PLC-Bedienfeld<\/strong><\/p>    <p>Das Start- und Steuerungssystem wurde vom bisherigen Stromverteilerschrank auf den SPS-Touchscreen-Modus umgestellt. Kunden k\u00f6nnen Geschwindigkeit, Temperatur, Zeit usw. \u00fcber den Computer einstellen.<\/p> <\/div>    <div class=\"wp-block-column is-layout-flow wp-block-column-is-layout-flow\" style=\"flex-basis:66.66%\"> <figure class=\"wp-block-gallery has-nested-images columns-default is-cropped wp-block-gallery-6 is-layout-flex wp-block-gallery-is-layout-flex\"> <figure class=\"wp-block-image size-large\"><img loading=\"lazy\" decoding=\"async\" width=\"720\" height=\"540\" data-id=\"2309\" src=\"https:\/\/charcoalplant.com\/wp-content\/uploads\/2022\/02\/PLC.jpg\" alt=\"\" class=\"wp-image-2309\"\/><\/figure> <\/figure> <\/div> <\/div>    <div class=\"wp-block-columns has-background is-layout-flex wp-container-core-columns-is-layout-28f84493 wp-block-columns-is-layout-flex\" style=\"background-color:#f1f1f1\"> <div class=\"wp-block-column is-layout-flow wp-block-column-is-layout-flow\" style=\"flex-basis:66.66%\"> <figure class=\"wp-block-gallery has-nested-images columns-default is-cropped wp-block-gallery-7 is-layout-flex wp-block-gallery-is-layout-flex\"> <figure class=\"wp-block-image size-large\"><img loading=\"lazy\" decoding=\"async\" width=\"720\" height=\"540\" data-id=\"2308\" src=\"https:\/\/charcoalplant.com\/wp-content\/uploads\/2022\/02\/new-charcoal-making-machine-for-sale.jpg\" alt=\"\" class=\"wp-image-2308\"\/><\/figure> <\/figure> <\/div>    <div class=\"wp-block-column is-vertically-aligned-center is-layout-flow wp-block-column-is-layout-flow\" style=\"flex-basis:33.33%\"> <p class=\"translation-block\"><strong>Ofenverst\u00e4rkung<\/strong><\/p>    <p>Die Oberfl\u00e4che seines Ofenk\u00f6rpers ist mit horizontalem und vertikalem Kohlenstoffstahlmetall verst\u00e4rkt. Der Ofenk\u00f6rper ist von einem Edelstahlgeh\u00e4use umgeben. Daher ist die Verwendung der neuen Maschine zur Herstellung von Kokosnussschalen-Holzkohle nicht leicht zu verformen und hat eine l\u00e4ngere Lebensdauer.<\/p> <\/div> <\/div>    <h2 class=\"wp-block-heading\" id=\"h-video-of-biomass-carbonization-furnace\"><strong>Video eines kontinuierlichen Karbonisierungsofens f\u00fcr Biomasse<\/strong><\/h2>    <p class=\"translation-block\">Unten ist ein Video der Verarbeitung verschiedener Rohstoffe mit einem Biomasse-<strong><a href=\"https:\/\/charcoalplant.com\/de\/carbonization-furnace\/rotary-carbonization-furnace\/\">Karbonisierungsofen<\/a><\/strong>. Sie k\u00f6nnen seine effiziente und hochwertige Verkohlung im Video sehen.<\/p>    <figure class=\"wp-block-embed is-type-video is-provider-youtube wp-block-embed-youtube wp-embed-aspect-16-9 wp-has-aspect-ratio\"><div class=\"wp-block-embed__wrapper\"> <iframe loading=\"lazy\" title=\"2023 Neues Unternehmen f\u00fcr Holzkohleherstellungsmaschinen mit kontinuierlichem Karbonisierungsofen im neuen Design\" width=\"500\" height=\"281\" src=\"https:\/\/www.youtube.com\/embed\/sb92A1yTXFA?feature=oembed\" frameborder=\"0\" allow=\"accelerometer; autoplay; clipboard-write; encrypted-media; gyroscope; picture-in-picture; web-share\" referrerpolicy=\"strict-origin-when-cross-origin\" allowfullscreen><\/iframe> <\/div><\/figure>    <h2 class=\"wp-block-heading\" id=\"h-parameters-of-the-new-charcoal-making-machine\"><strong>Parameter der neuen Design-Holzkohlemaschine<\/strong><\/h2>    <p>Die Zeit und die Temperatur der Karbonisierung verschiedener Rohstoffe sind unterschiedlich. Daher dienen die folgenden Daten nur als Referenz.<\/p>    <figure class=\"wp-block-table is-style-stripes\"><table><tbody><tr><td>Modell<\/td><td>SL-05<\/td><td>SL-10<\/td><td>SL-30<\/td><td>SL-50<\/td><\/tr><tr><td>Kapazit\u00e4t<\/td><td>0,3-0,5 t\/h<\/td><td>0,8-1t\/h<\/td><td>2,5-3t\/h<\/td><td>4,5-5 t\/h<\/td><\/tr><tr><td>Arbeitsweise<\/td><td>Vollst\u00e4ndig durchgehend<\/td><\/tr><tr><td>Reaktorgr\u00f6\u00dfe<\/td><td>820mm<\/td><td>1000 mm<\/td><td>1300 mm<\/td><td>1700 mm<\/td><\/tr><tr><td>Energieverbrauch<\/td><td>45 kW\/h<\/td><td>65 kW\/h<\/td><td>90 kW\/h<\/td><td>125 kW\/h<\/td><\/tr><tr><td>Abmessungen<\/td><td>28m*10m*6m<\/td><td>33m*13m*7m<\/td><td>40m*15m*8m<\/td><td>50m*16m*10m<\/td><\/tr><tr><td>Gewicht<\/td><td>28t<\/td><td>35t<\/td><td>45t<\/td><td>54t<\/td><\/tr><tr><td>Betriebsdruck<\/td><td>Leichter Unterdruck<\/td><\/tr><tr><td>Lebensdauer<\/td><td>5-8 Jahre<\/td><\/tr><\/tbody><\/table><\/figure>    <h2 class=\"wp-block-heading\" id=\"h-application-of-bio-charcoal\"><strong>Fertigprodukte aus Biokohle<\/strong><\/h2>    <p>Die Endprodukte dieses hervorragenden kontinuierlichen Karbonisierungsofens k\u00f6nnen unterschiedlich sein, wie zum Beispiel Kokosnussschalenkohle, S\u00e4gemehlkohle, Palmkernschalenkohle, Bambuskohle, Reisschalenkohle und Nussschalenkohle usw. <\/p>    <figure class=\"wp-block-gallery has-nested-images columns-2 is-cropped wp-block-gallery-8 is-layout-flex wp-block-gallery-is-layout-flex\"> <figure class=\"wp-block-image size-large\"><img loading=\"lazy\" decoding=\"async\" width=\"720\" height=\"540\" data-id=\"2317\" src=\"https:\/\/charcoalplant.com\/wp-content\/uploads\/2022\/02\/sawdust-charcoal.jpg\" alt=\"\" class=\"wp-image-2317\"\/><\/figure>    <figure class=\"wp-block-image size-large\"><img loading=\"lazy\" decoding=\"async\" width=\"720\" height=\"540\" data-id=\"2318\" src=\"https:\/\/charcoalplant.com\/wp-content\/uploads\/2022\/02\/corncob-charcoal.jpg\" alt=\"\" class=\"wp-image-2318\"\/><\/figure>    <figure class=\"wp-block-image size-large\"><img loading=\"lazy\" decoding=\"async\" width=\"720\" height=\"540\" data-id=\"2319\" src=\"https:\/\/charcoalplant.com\/wp-content\/uploads\/2022\/02\/nut-shell-charcoal.jpg\" alt=\"\" class=\"wp-image-2319\"\/><\/figure>    <figure class=\"wp-block-image size-large\"><img loading=\"lazy\" decoding=\"async\" width=\"720\" height=\"540\" data-id=\"2320\" src=\"https:\/\/charcoalplant.com\/wp-content\/uploads\/2022\/02\/palm-shell-charcoal.jpg\" alt=\"\" class=\"wp-image-2320\"\/><\/figure> <\/figure>    <h2 class=\"wp-block-heading\">Funktionsprinzip des Holzkohlekarbonisierungsofens<\/h2>    <p>Beim Karbonisierungsprozess wird das organische Material in einer sauerstoffarmen Umgebung erhitzt. Wenn das Material erhitzt wird, beginnt es zu zerfallen und fl\u00fcchtige Gase freizusetzen. Diese Gase werden dann verbrannt, wobei ein fester Kohlenstoffr\u00fcckstand zur\u00fcckbleibt, der als Holzkohle bekannt ist.<\/p>    <h2 class=\"wp-block-heading\">Anwendungen von kontinuierlichen Karbonisierungs\u00f6fen<\/h2>    <p>Kontinuierliche Holzkohle-Verkokungs\u00f6fen werden \u00fcblicherweise bei der Herstellung von Aktivkohle verwendet, einer Form von Holzkohle, die behandelt wurde, um ihre Oberfl\u00e4che zu vergr\u00f6\u00dfern und sie por\u00f6ser zu machen. Aktivkohle hat ein breites Anwendungsspektrum, darunter Wasseraufbereitung, Luftreinigung und chemische Trennung.<\/p>    <p>Zus\u00e4tzlich zu ihrer Verwendung bei der Produktion von Aktivkohle werden Durchlauf\u00f6fen f\u00fcr die Verkokung von Holzkohle auch in einer Vielzahl anderer Branchen eingesetzt, darunter in der Kraftstoffproduktion, der Herstellung von Chemikalien und der Behandlung von Abfallstoffen.<\/p>    <h2 class=\"wp-block-heading\">Abschluss <\/h2>    <p>Insgesamt ist der Durchlaufverkokungsofen ein wesentliches Ger\u00e4t, das bei der Herstellung von Aktivkohle und anderen Formen von Holzkohle eine Schl\u00fcsselrolle spielt. Seine F\u00e4higkeit, kontinuierlich zu arbeiten, erm\u00f6glicht eine effiziente und zuverl\u00e4ssige Produktion und macht es zu einem wichtigen Werkzeug in einer Vielzahl von Branchen.<\/p>    <p class=\"translation-block\"><a href=\"https:\/\/charcoalplant.com\/de\/\">Shuliy Gruppe<\/a> ist ein professioneller Hersteller von Holzkohle-Karbonisierungs\u00f6fen. Wir bieten eine komplette Palette von Karbonisierungsmaschinen, um Ihre spezifischen Anforderungen zu erf\u00fcllen. Willkommen, unsere Experten zu kontaktieren, um Ihr Gesch\u00e4ft so schnell wie m\u00f6glich zu starten. <\/p>","protected":false},"excerpt":{"rendered":"<p>Die neue Holzkohlemaschine ist eine verbesserte Version des kontinuierlichen Karbonisierungsofens. Es hat den besten Karbonisierungseffekt.<\/p>","protected":false},"author":1,"featured_media":2306,"parent":0,"template":"","tags":[65],"product-type":[4],"class_list":["post-2304","product","type-product","status-publish","has-post-thumbnail","hentry","tag-carbonization-furnace","product-type-carbonization-furnace"],"_links":{"self":[{"href":"https:\/\/charcoalplant.com\/de\/wp-json\/wp\/v2\/product\/2304","targetHints":{"allow":["GET"]}}],"collection":[{"href":"https:\/\/charcoalplant.com\/de\/wp-json\/wp\/v2\/product"}],"about":[{"href":"https:\/\/charcoalplant.com\/de\/wp-json\/wp\/v2\/types\/product"}],"author":[{"embeddable":true,"href":"https:\/\/charcoalplant.com\/de\/wp-json\/wp\/v2\/users\/1"}],"wp:featuredmedia":[{"embeddable":true,"href":"https:\/\/charcoalplant.com\/de\/wp-json\/wp\/v2\/media\/2306"}],"wp:attachment":[{"href":"https:\/\/charcoalplant.com\/de\/wp-json\/wp\/v2\/media?parent=2304"}],"wp:term":[{"taxonomy":"post_tag","embeddable":true,"href":"https:\/\/charcoalplant.com\/de\/wp-json\/wp\/v2\/tags?post=2304"},{"taxonomy":"product-type","embeddable":true,"href":"https:\/\/charcoalplant.com\/de\/wp-json\/wp\/v2\/product-type?post=2304"}],"curies":[{"name":"wp","href":"https:\/\/api.w.org\/{rel}","templated":true}]}}