{"id":2322,"date":"2022-02-14T09:42:26","date_gmt":"2022-02-14T01:42:26","guid":{"rendered":"https:\/\/charcoalplant.com\/"},"modified":"2023-01-13T10:21:19","modified_gmt":"2023-01-13T02:21:19","slug":"wood-pallet-block-making-machine","status":"publish","type":"product","link":"https:\/\/charcoalplant.com\/de\/product\/wood-pallet-block-making-machine\/","title":{"rendered":"Maschine zur Herstellung von Holzpalettenbl\u00f6cken | Maschine zur Herstellung von S\u00e4gemehlbl\u00f6cken"},"content":{"rendered":"<div class=\"kk-star-ratings kksr-auto kksr-align-left kksr-valign-top\"     data-payload='{&quot;align&quot;:&quot;left&quot;,&quot;id&quot;:&quot;2322&quot;,&quot;slug&quot;:&quot;default&quot;,&quot;valign&quot;:&quot;top&quot;,&quot;ignore&quot;:&quot;&quot;,&quot;reference&quot;:&quot;auto&quot;,&quot;class&quot;:&quot;&quot;,&quot;count&quot;:&quot;13&quot;,&quot;legendonly&quot;:&quot;&quot;,&quot;readonly&quot;:&quot;&quot;,&quot;score&quot;:&quot;4.8&quot;,&quot;starsonly&quot;:&quot;&quot;,&quot;best&quot;:&quot;5&quot;,&quot;gap&quot;:&quot;5&quot;,&quot;greet&quot;:&quot;Rate this product&quot;,&quot;legend&quot;:&quot;4.8\\\/5 - (13 votes)&quot;,&quot;size&quot;:&quot;24&quot;,&quot;title&quot;:&quot;Wood Pallet Block Making Machine | Sawdust Block Making Machine&quot;,&quot;width&quot;:&quot;136.7&quot;,&quot;_legend&quot;:&quot;{score}\\\/{best} - ({count} {votes})&quot;,&quot;font_factor&quot;:&quot;1.25&quot;}'>              <div class=\"kksr-stars\">      <div class=\"kksr-stars-inactive\">             <div class=\"kksr-star\" data-star=\"1\" style=\"padding-right: 5px\">               <div class=\"kksr-icon\" style=\"width: 24px; height: 24px;\"><\/div>         <\/div>             <div class=\"kksr-star\" data-star=\"2\" style=\"padding-right: 5px\">               <div class=\"kksr-icon\" style=\"width: 24px; height: 24px;\"><\/div>         <\/div>             <div class=\"kksr-star\" data-star=\"3\" style=\"padding-right: 5px\">               <div class=\"kksr-icon\" style=\"width: 24px; height: 24px;\"><\/div>         <\/div>             <div class=\"kksr-star\" data-star=\"4\" style=\"padding-right: 5px\">               <div class=\"kksr-icon\" style=\"width: 24px; height: 24px;\"><\/div>         <\/div>             <div class=\"kksr-star\" data-star=\"5\" style=\"padding-right: 5px\">               <div class=\"kksr-icon\" style=\"width: 24px; height: 24px;\"><\/div>         <\/div>     <\/div>      <div class=\"kksr-stars-active\" style=\"width: 136.7px;\">             <div class=\"kksr-star\" style=\"padding-right: 5px\">               <div class=\"kksr-icon\" style=\"width: 24px; height: 24px;\"><\/div>         <\/div>             <div class=\"kksr-star\" style=\"padding-right: 5px\">               <div class=\"kksr-icon\" style=\"width: 24px; height: 24px;\"><\/div>         <\/div>             <div class=\"kksr-star\" style=\"padding-right: 5px\">               <div class=\"kksr-icon\" style=\"width: 24px; height: 24px;\"><\/div>         <\/div>             <div class=\"kksr-star\" style=\"padding-right: 5px\">               <div class=\"kksr-icon\" style=\"width: 24px; height: 24px;\"><\/div>         <\/div>             <div class=\"kksr-star\" style=\"padding-right: 5px\">               <div class=\"kksr-icon\" style=\"width: 24px; height: 24px;\"><\/div>         <\/div>     <\/div> <\/div>                   <div class=\"kksr-legend\" style=\"font-size: 19.2px;\">             4,8\/5 - (13 Stimmen)    <\/div>     <\/div>  <p class=\"translation-block\"><strong>Holzpaletten-Blockmaschinen<\/strong> ist ein Ger\u00e4t zur Herstellung von <strong><a href=\"https:\/\/charcoalplant.com\/de\/news\/what-is-a-sawdust-pallet-block\/\">tragenden F\u00fc\u00dfen von Paletten<\/a><\/strong>. Es kann in Verpackungs- und Logistik (Transport) Branchen eingesetzt werden. Weil das Rohmaterial der Hol\u30dfzpalette F\u00fc\u00dfe S\u00e4gemehl und Holzsp\u00e4ne ist. Daher hat der produzierte Holzblock die Eigenschaften der Nichtverschmutzung, Sicherheit und einfache Handhabung. Viele Holzpalettenhersteller verwenden eine Holzsp\u00e4ne-Blockmaschine, um Palettenf\u00fc\u00dfe herzustellen. Unsere Fabrik produziert amerikanische Standard-Holzsp\u00e4nebl\u00f6cke wie 75\u00d775 mm, 90\u00d790 mm und 100\u00d7100 mm sowie europ\u00e4ische Standard-Holzsp\u00e4nebl\u00f6cke wie 100\u00d7110 mm und 145\u00d7145 mm. Daher bieten wir mechanische Anpassungsdienstleistungen an.<\/p>    <figure class=\"wp-block-gallery has-nested-images columns-default is-cropped wp-block-gallery-2 is-layout-flex wp-block-gallery-is-layout-flex\"> <figure class=\"wp-block-image size-large\"><img loading=\"lazy\" decoding=\"async\" width=\"720\" height=\"540\" data-id=\"2335\" src=\"https:\/\/charcoalplant.com\/wp-content\/uploads\/2022\/02\/sawdust-pallet-block-.jpg\" alt=\"S\u00e4gemehl-Palettenblock\" class=\"wp-image-2335\"\/><figcaption class=\"wp-element-caption\">S\u00e4gemehl-Palettenblock<\/figcaption><\/figure>    <figure class=\"wp-block-image size-full\"><img loading=\"lazy\" decoding=\"async\" width=\"720\" height=\"540\" data-id=\"2325\" src=\"https:\/\/charcoalplant.com\/wp-content\/uploads\/2022\/02\/wood-block-machine-plant.jpg\" alt=\"Holzblock-Maschinenplan\" class=\"wp-image-2325\"\/><figcaption class=\"wp-element-caption\">Holzblock-Maschinenplan<\/figcaption><\/figure> <\/figure>    <h2 class=\"wp-block-heading\" id=\"h-raw-materials-for-wood-block-machine\"><strong>Rohstoffe f\u00fcr die Maschine zur Herstellung von S\u00e4gemehlpalettenbl\u00f6cken<\/strong><\/h2>    <p class=\"translation-block\">Das Rohmaterial der Holzpaletten-Blockmaschine besteht aus 6-8 mm S\u00e4gemehl. Daher muss S\u00e4gemehl, das die Rohmaterialgr\u00f6\u00dfe nicht erf\u00fcllt, mit einem <strong><a href=\"https:\/\/charcoalplant.com\/de\/wood-wastes-recycling-machine\/wood-crusher-machine\/\">Holzzerkleinerer<\/a><\/strong> erneut verarbeitet werden. Tats\u00e4chlich gibt es viele Rohstoffe. Zum Beispiel Holzbl\u00f6cke, Holzsp\u00e4ne, Restholz, Restpaletten usw. Au\u00dferdem ist zu beachten, dass bei der Produktion von Palettenbl\u00f6cken das Rohmaterial mit Klebstoffen wie Harnstoff-Formaldehyd-Harz vermischt wird.<\/p>    <figure class=\"wp-block-image aligncenter size-full\"><img loading=\"lazy\" decoding=\"async\" width=\"720\" height=\"540\" src=\"https:\/\/charcoalplant.com\/wp-content\/uploads\/2022\/02\/raw-materials-of-pallet-feet-block-machine-.jpg\" alt=\"\" class=\"wp-image-2347\"\/><\/figure>    <h2 class=\"wp-block-heading\" id=\"application-of-wood-blocks\"><strong>Anwendung von Palettenholzkl\u00f6tzen<\/strong><\/h2>    <ul class=\"wp-block-list\"> <li>Holzpalettenkl\u00f6tze werden in der Transport- und Logistikbranche h\u00e4ufig zur Unterst\u00fctzung und zum Transport von G\u00fctern verwendet.<\/li>    <li>Sie werden auch in der Bau- und Fertigungsindustrie f\u00fcr verschiedene Zwecke eingesetzt, beispielsweise zur Unterst\u00fctzung von Maschinen oder als Basis f\u00fcr eine tempor\u00e4re Struktur.<\/li> <\/ul>    <figure class=\"wp-block-gallery has-nested-images columns-default is-cropped wp-block-gallery-3 is-layout-flex wp-block-gallery-is-layout-flex\"> <figure class=\"wp-block-image size-large\"><img loading=\"lazy\" decoding=\"async\" width=\"720\" height=\"540\" data-id=\"2356\" src=\"https:\/\/charcoalplant.com\/wp-content\/uploads\/2022\/02\/wood-block-1.jpg\" alt=\"\" class=\"wp-image-2356\"\/><\/figure>    <figure class=\"wp-block-image size-large\"><img loading=\"lazy\" decoding=\"async\" width=\"720\" height=\"540\" data-id=\"2355\" src=\"https:\/\/charcoalplant.com\/wp-content\/uploads\/2022\/02\/wood-pallet.jpg\" alt=\"\" class=\"wp-image-2355\"\/><\/figure> <\/figure>    <h2 class=\"wp-block-heading\" id=\"workflow-of-wood-pallet-block-making-machine\"><strong>Arbeitsablauf einer Maschine zur Herstellung von Holzpalettenbl\u00f6cken<\/strong><\/h2>    <div class=\"wp-block-columns has-background is-layout-flex wp-container-core-columns-is-layout-28f84493 wp-block-columns-is-layout-flex\" style=\"background-color:#f1f1f1\"> <div class=\"wp-block-column is-vertically-aligned-center is-layout-flow wp-block-column-is-layout-flow\" style=\"flex-basis:33.33%\"> <p class=\"has-text-align-left translation-block\"><strong>Erstens die Verarbeitung der Rohmaterialien.<\/strong><\/p>    <p class=\"has-text-align-left\">Die Rohstoffe m\u00fcssen mit einem Leimmischer gr\u00fcndlich mit dem Harnstoff-Formaldehyd-Harz vermischt werden.<\/p> <\/div>    <div class=\"wp-block-column is-layout-flow wp-block-column-is-layout-flow\" style=\"flex-basis:66.66%\"> <figure class=\"wp-block-gallery has-nested-images columns-default is-cropped wp-block-gallery-4 is-layout-flex wp-block-gallery-is-layout-flex\"> <figure class=\"wp-block-image size-full\"><img loading=\"lazy\" decoding=\"async\" width=\"720\" height=\"540\" data-id=\"2352\" src=\"https:\/\/charcoalplant.com\/wp-content\/uploads\/2022\/02\/glue-mixer-2.jpg\" alt=\"\" class=\"wp-image-2352\"\/><\/figure> <\/figure> <\/div> <\/div>    <div class=\"wp-block-columns has-background is-layout-flex wp-container-core-columns-is-layout-28f84493 wp-block-columns-is-layout-flex\" style=\"background-color:#f1f1f1\"> <div class=\"wp-block-column is-layout-flow wp-block-column-is-layout-flow\" style=\"flex-basis:66.66%\"> <figure class=\"wp-block-gallery has-nested-images columns-default is-cropped wp-block-gallery-5 is-layout-flex wp-block-gallery-is-layout-flex\"> <figure class=\"wp-block-image size-large\"><img loading=\"lazy\" decoding=\"async\" width=\"720\" height=\"540\" data-id=\"2350\" src=\"https:\/\/charcoalplant.com\/wp-content\/uploads\/2022\/02\/feed.jpg\" alt=\"\" class=\"wp-image-2350\"\/><\/figure> <\/figure> <\/div>    <div class=\"wp-block-column is-vertically-aligned-center is-layout-flow wp-block-column-is-layout-flow\" style=\"flex-basis:33.33%\"> <p class=\"translation-block\"><strong>Zweitens das Zuf\u00fchren. <\/strong><\/p>    <p>Die gemischten Rohstoffe k\u00f6nnen \u00fcber die Einf\u00fcll\u00f6ffnung der Holzblockmaschine zugef\u00fchrt werden. Dar\u00fcber hinaus verf\u00fcgt die Zufuhr\u00f6ffnung der Maschine \u00fcber ein R\u00fchr- und Ausblenddesign. Daher m\u00fcssen sich Kunden keine Sorgen \u00fcber das Problem der Materialblockierung machen.<\/p> <\/div> <\/div>    <div class=\"wp-block-columns has-background is-layout-flex wp-container-core-columns-is-layout-28f84493 wp-block-columns-is-layout-flex\" style=\"background-color:#f1f1f1\"> <div class=\"wp-block-column is-vertically-aligned-center is-layout-flow wp-block-column-is-layout-flow\" style=\"flex-basis:33.33%\"> <p class=\"translation-block\"><strong>Drittens die Entladung. <\/strong><\/p>    <p>Die Holzsp\u00e4ne werden gezwungen, geformt und extrudiert zu werden, nachdem sie den hohen Druck des Hydraulikzylinders der Holzpalettenblockmaschine und die hohe Temperatur des Heizrings durchlaufen haben.<\/p> <\/div>    <div class=\"wp-block-column is-layout-flow wp-block-column-is-layout-flow\" style=\"flex-basis:66.66%\"> <figure class=\"wp-block-gallery has-nested-images columns-default is-cropped wp-block-gallery-6 is-layout-flex wp-block-gallery-is-layout-flex\"> <figure class=\"wp-block-image size-large\"><img loading=\"lazy\" decoding=\"async\" width=\"720\" height=\"540\" data-id=\"2330\" src=\"https:\/\/charcoalplant.com\/wp-content\/uploads\/2022\/02\/double-head-pallet-block-machine-1.jpg\" alt=\"Doppelkopf-Palettenblockmaschine\" class=\"wp-image-2330\"\/><figcaption class=\"wp-element-caption\">Doppelkopf-Palettenblockmaschine<\/figcaption><\/figure> <\/figure> <\/div> <\/div>    <div class=\"wp-block-columns has-background is-layout-flex wp-container-core-columns-is-layout-28f84493 wp-block-columns-is-layout-flex\" style=\"background-color:#f1f1f1\"> <div class=\"wp-block-column is-layout-flow wp-block-column-is-layout-flow\" style=\"flex-basis:66.66%\"> <figure class=\"wp-block-gallery has-nested-images columns-default is-cropped wp-block-gallery-7 is-layout-flex wp-block-gallery-is-layout-flex\"> <figure class=\"wp-block-image size-large\"><img loading=\"lazy\" decoding=\"async\" width=\"720\" height=\"540\" data-id=\"2351\" src=\"https:\/\/charcoalplant.com\/wp-content\/uploads\/2022\/02\/sawdust-blocks.jpg\" alt=\"\" class=\"wp-image-2351\"\/><\/figure> <\/figure> <\/div>    <div class=\"wp-block-column is-vertically-aligned-center is-layout-flow wp-block-column-is-layout-flow\" style=\"flex-basis:33.33%\"> <p class=\"translation-block\"><strong>Viertens, Holzziegel schneiden.<\/strong><\/p>    <p>Sie formten lange Holzbl\u00f6cke, die an der Auslass\u00f6ffnung mit einer S\u00e4ge in gleichm\u00e4\u00dfige L\u00e4ngen geschnitten wurden.<\/p> <\/div> <\/div>    <h2 class=\"wp-block-heading\" id=\"parameters-of-wood-pallet-block-machine\"><strong>Parameter der Maschine zur Herstellung von Holzpalettenbl\u00f6cken<\/strong><\/h2>    <p>Unsere Maschine zur Herstellung von S\u00e4gemehlbl\u00f6cken produziert sowohl nichtpor\u00f6se als auch perforierte Holzbl\u00f6cke. Und die Anzahl und Spezifikationen der Auslass\u00f6ffnungen der Maschine k\u00f6nnen individuell angepasst werden.<\/p>    <figure class=\"wp-block-table is-style-stripes\"><table><tbody><tr><td>Modell<\/td><td>SL-WB100<\/td><\/tr><tr><td>Gesamtleistung<\/td><td>15 kW<\/td><\/tr><tr><td>Kapazit\u00e4t<\/td><td>4-5 m3\/24h<\/td><\/tr><tr><td>Blockdichte<\/td><td>550\u2013600 kg\/m3<\/td><\/tr><tr><td>Dimension<\/td><td>4800*760*1300mm<\/td><\/tr><tr><td>Gewicht<\/td><td>1200kg<\/td><\/tr><\/tbody><\/table><\/figure>    <figure class=\"wp-block-image aligncenter size-full\"><img loading=\"lazy\" decoding=\"async\" width=\"720\" height=\"540\" src=\"https:\/\/charcoalplant.com\/wp-content\/uploads\/2022\/02\/Three-head-wood-pallet-block-machine.jpg\" alt=\"Dreikopf-Holzpalettenblockmaschine\" class=\"wp-image-2328\"\/><figcaption class=\"wp-element-caption\">Dreikopf-Holzpalettenblockmaschine<\/figcaption><\/figure>    <h2 class=\"wp-block-heading\" id=\"video-of-wood-pallet-block-machine\"><strong>Video einer Maschine zur Herstellung von Holzpalettenbl\u00f6cken<\/strong><\/h2>    <p>Maschinen zur Herstellung von Holzpalettenbl\u00f6cken sind im Ausland weit verbreitet. Im Video unten k\u00f6nnen Sie sich von der Holzblockqualit\u00e4t und dem S\u00e4gekomfort \u00fcberzeugen. Abschlie\u00dfend hoffe ich, dass Ihnen unsere Videos gefallen. Und Sie k\u00f6nnen uns kontaktieren, um sich nach dem Preis einer Maschine zur Herstellung von S\u00e4gemehl-Palettenbl\u00f6cken zu erkundigen.<\/p>    <figure class=\"wp-block-embed is-type-video is-provider-youtube wp-block-embed-youtube wp-embed-aspect-16-9 wp-has-aspect-ratio\"><div class=\"wp-block-embed__wrapper\"> <iframe loading=\"lazy\" title=\"Automatische Maschine zur Herstellung von Holzpalettenbl\u00f6cken | Ausr\u00fcstung zum Schneiden von S\u00e4gemehlbl\u00f6cken#Palettenblock#Schneideblock\" width=\"500\" height=\"281\" src=\"https:\/\/www.youtube.com\/embed\/RqVTaF_3GCw?feature=oembed\" frameborder=\"0\" allow=\"accelerometer; autoplay; clipboard-write; encrypted-media; gyroscope; picture-in-picture; web-share\" referrerpolicy=\"strict-origin-when-cross-origin\" allowfullscreen><\/iframe> <\/div><\/figure>    <h2 class=\"wp-block-heading\" id=\"sawdust-blocks-extruder-machine-for-sale\"><strong>Maschine zur Herstellung von S\u00e4gemehlbl\u00f6cken <\/strong>nach Malaysia verschifft<\/h2>    <figure class=\"wp-block-gallery has-nested-images columns-default is-cropped wp-block-gallery-8 is-layout-flex wp-block-gallery-is-layout-flex\"> <figure class=\"wp-block-image size-large\"><img loading=\"lazy\" decoding=\"async\" width=\"720\" height=\"540\" data-id=\"2331\" src=\"https:\/\/charcoalplant.com\/wp-content\/uploads\/2022\/02\/shippment.jpg\" alt=\"Versand\" class=\"wp-image-2331\"\/><figcaption class=\"wp-element-caption\">Versand<\/figcaption><\/figure>    <figure class=\"wp-block-image size-large\"><img loading=\"lazy\" decoding=\"async\" width=\"720\" height=\"540\" data-id=\"2332\" src=\"https:\/\/charcoalplant.com\/wp-content\/uploads\/2022\/02\/Wood-pallet-block-machine-shippment.jpg\" alt=\"Holz-Paletten-Block-Maschinenversand\" class=\"wp-image-2332\"\/><figcaption class=\"wp-element-caption\">Holz-Paletten-Block-Maschinenversand<\/figcaption><\/figure> <\/figure>    <p>Die von unserer Fabrik hergestellte Maschine zur Herstellung von Holzpalettenbl\u00f6cken ist ein hei\u00df verkauftes Produkt auf dem Markt. K\u00fcrzlich erhielten wir eine Anfrage von einer Holzpalettenfabrik in Malaysia. Und wir arbeiten gerne zusammen. Wir haben mehrere Mehrkopf-Holzblockmaschinen an unsere Kunden verkauft. Und wir haben unseren Kunden einen gro\u00dfen Rabatt gew\u00e4hrt.<\/p>    <h2 class=\"wp-block-heading\">Wie eine Maschine zur Herstellung von Holzpalettenbl\u00f6cken funktioniert <\/h2>    <ul class=\"wp-block-list\"> <li>Die Maschine besteht aus einem Rahmen, einer Form und einem Hydrauliksystem.<\/li>    <li>Um die Maschine zu verwenden, werden Holzsp\u00e4ne oder S\u00e4gemehl in die Form gegeben.<\/li>    <li>Das Hydrauliksystem wird aktiviert, um Druck auf das Material auszu\u00fcben und es zu einem Block zu verdichten.<\/li>    <li>Anschlie\u00dfend wird der Block aus der Form ausgeworfen und ist gebrauchsfertig.<\/li> <\/ul>    <h2 class=\"wp-block-heading\">Vorteile der Verwendung einer Holzblockmaschine<\/h2>    <ul class=\"wp-block-list\"> <li><strong>Effizienz:<\/strong> Die Maschine kann in kurzer Zeit eine gro\u00dfe Anzahl von Bl\u00f6cken produzieren und ist damit effizienter als manuelle Produktionsmethoden.<\/li>    <li><strong>Qualit\u00e4t:<\/strong> Die von der Maschine hergestellten Bl\u00f6cke sind in Gr\u00f6\u00dfe und Form gleichm\u00e4\u00dfiger, was zu einem qualitativ hochwertigeren Produkt f\u00fchrt.<\/li>    <li><strong>Kosten:<\/strong> Der Einsatz einer Maschine zur Herstellung von Holzpalettenbl\u00f6cken kann kosteng\u00fcnstiger sein als der Kauf vorgefertigter Bl\u00f6cke oder deren manuelle Herstellung.<\/li> <\/ul>    <h2 class=\"wp-block-heading\">Abschluss <\/h2>    <p class=\"translation-block\">Eine Holzpalettenblockherstellungsmaschine ist ein wertvolles Werkzeug zur effizienten und kosteng\u00fcnstigen Produktion von hochwertigen Palettenbl\u00f6cken. Sie hat ein breites Anwendungsspektrum in verschiedenen Branchen und ist damit ein wertvolles Gut f\u00fcr jedes Unternehmen. <a href=\"https:\/\/charcoalplant.com\/de\/\">Shuliy Gruppe<\/a> bietet eine vollst\u00e4ndige <a href=\"https:\/\/charcoalplant.com\/de\/wood-pallet-blocks-production-line\/\">Produktionslinie f\u00fcr Holzpalettenbl\u00f6cke<\/a>, auch als S\u00e4gesp\u00e4neblockproduktionslinie bezeichnet. Das Rohmaterial kann vielf\u00e4ltig sein, wie Holz, Bambus, S\u00e4gemehl, Sp\u00e4ne usw. Und es besteht haupts\u00e4chlich aus einer <a href=\"https:\/\/charcoalplant.com\/de\/product\/wood-crusher-machine\/\">Holzzerkleinerungsmaschine<\/a>, einer <a href=\"https:\/\/charcoalplant.com\/de\/product\/rice-husk-dryer\/\">S\u00e4gemehltrocknungsmaschine<\/a>, einem Klebermischer und einer Holzblockherstellungsmaschine. Wenn Sie Ihr Gesch\u00e4ft mit der Herstellung von Palettenbl\u00f6cken starten m\u00f6chten, z\u00f6gern Sie nicht, unsere Experten f\u00fcr professionelle Beratung zu kontaktieren. <\/p>","protected":false},"excerpt":{"rendered":"<p>Die Holzpalettenblockmaschine ist ein Ger\u00e4t zur Herstellung von tragenden F\u00fc\u00dfen. Es kann in der Verpackung und Logistik (Transport) verwendet werden.<\/p>","protected":false},"author":1,"featured_media":2337,"parent":0,"template":"","tags":[66],"product-type":[43,3],"class_list":["post-2322","product","type-product","status-publish","has-post-thumbnail","hentry","tag-biomass-briquette-machine","product-type-biomass-briquette-machine","product-type-wood-wastes-recycling-machine"],"_links":{"self":[{"href":"https:\/\/charcoalplant.com\/de\/wp-json\/wp\/v2\/product\/2322","targetHints":{"allow":["GET"]}}],"collection":[{"href":"https:\/\/charcoalplant.com\/de\/wp-json\/wp\/v2\/product"}],"about":[{"href":"https:\/\/charcoalplant.com\/de\/wp-json\/wp\/v2\/types\/product"}],"author":[{"embeddable":true,"href":"https:\/\/charcoalplant.com\/de\/wp-json\/wp\/v2\/users\/1"}],"wp:featuredmedia":[{"embeddable":true,"href":"https:\/\/charcoalplant.com\/de\/wp-json\/wp\/v2\/media\/2337"}],"wp:attachment":[{"href":"https:\/\/charcoalplant.com\/de\/wp-json\/wp\/v2\/media?parent=2322"}],"wp:term":[{"taxonomy":"post_tag","embeddable":true,"href":"https:\/\/charcoalplant.com\/de\/wp-json\/wp\/v2\/tags?post=2322"},{"taxonomy":"product-type","embeddable":true,"href":"https:\/\/charcoalplant.com\/de\/wp-json\/wp\/v2\/product-type?post=2322"}],"curies":[{"name":"wp","href":"https:\/\/api.w.org\/{rel}","templated":true}]}}