{"id":2505,"date":"2022-02-25T10:09:19","date_gmt":"2022-02-25T10:09:19","guid":{"rendered":"https:\/\/charcoalplant.com\/?page_id=2505"},"modified":"2023-01-07T14:38:58","modified_gmt":"2023-01-07T06:38:58","slug":"wood-pallet-block-production-line","status":"publish","type":"product","link":"https:\/\/charcoalplant.com\/de\/wood-pallet-block-production-line\/","title":{"rendered":"Produktionslinie f\u00fcr Holzpalettenbl\u00f6cke"},"content":{"rendered":"<div class=\"kk-star-ratings kksr-auto kksr-align-left kksr-valign-top\"     data-payload='{&quot;align&quot;:&quot;left&quot;,&quot;id&quot;:&quot;2505&quot;,&quot;slug&quot;:&quot;default&quot;,&quot;valign&quot;:&quot;top&quot;,&quot;ignore&quot;:&quot;&quot;,&quot;reference&quot;:&quot;auto&quot;,&quot;class&quot;:&quot;&quot;,&quot;count&quot;:&quot;17&quot;,&quot;legendonly&quot;:&quot;&quot;,&quot;readonly&quot;:&quot;&quot;,&quot;score&quot;:&quot;4.7&quot;,&quot;starsonly&quot;:&quot;&quot;,&quot;best&quot;:&quot;5&quot;,&quot;gap&quot;:&quot;5&quot;,&quot;greet&quot;:&quot;Rate this product&quot;,&quot;legend&quot;:&quot;4.7\\\/5 - (17 votes)&quot;,&quot;size&quot;:&quot;24&quot;,&quot;title&quot;:&quot;Wood Pallet Block Production Line&quot;,&quot;width&quot;:&quot;133.8&quot;,&quot;_legend&quot;:&quot;{score}\\\/{best} - ({count} {votes})&quot;,&quot;font_factor&quot;:&quot;1.25&quot;}'>              <div class=\"kksr-stars\">      <div class=\"kksr-stars-inactive\">             <div class=\"kksr-star\" data-star=\"1\" style=\"padding-right: 5px\">               <div class=\"kksr-icon\" style=\"width: 24px; height: 24px;\"><\/div>         <\/div>             <div class=\"kksr-star\" data-star=\"2\" style=\"padding-right: 5px\">               <div class=\"kksr-icon\" style=\"width: 24px; height: 24px;\"><\/div>         <\/div>             <div class=\"kksr-star\" data-star=\"3\" style=\"padding-right: 5px\">               <div class=\"kksr-icon\" style=\"width: 24px; height: 24px;\"><\/div>         <\/div>             <div class=\"kksr-star\" data-star=\"4\" style=\"padding-right: 5px\">               <div class=\"kksr-icon\" style=\"width: 24px; height: 24px;\"><\/div>         <\/div>             <div class=\"kksr-star\" data-star=\"5\" style=\"padding-right: 5px\">               <div class=\"kksr-icon\" style=\"width: 24px; height: 24px;\"><\/div>         <\/div>     <\/div>      <div class=\"kksr-stars-active\" style=\"width: 133.8px;\">             <div class=\"kksr-star\" style=\"padding-right: 5px\">               <div class=\"kksr-icon\" style=\"width: 24px; height: 24px;\"><\/div>         <\/div>             <div class=\"kksr-star\" style=\"padding-right: 5px\">               <div class=\"kksr-icon\" style=\"width: 24px; height: 24px;\"><\/div>         <\/div>             <div class=\"kksr-star\" style=\"padding-right: 5px\">               <div class=\"kksr-icon\" style=\"width: 24px; height: 24px;\"><\/div>         <\/div>             <div class=\"kksr-star\" style=\"padding-right: 5px\">               <div class=\"kksr-icon\" style=\"width: 24px; height: 24px;\"><\/div>         <\/div>             <div class=\"kksr-star\" style=\"padding-right: 5px\">               <div class=\"kksr-icon\" style=\"width: 24px; height: 24px;\"><\/div>         <\/div>     <\/div> <\/div>                   <div class=\"kksr-legend\" style=\"font-size: 19.2px;\">             4,7\/5 - (17 Stimmen)    <\/div>     <\/div>  <p class=\"translation-block\"><strong>Holzpalettenblock-Produktionslinie<\/strong> ist eine Reihe von Maschinen und Ger\u00e4ten, die verwendet werden, um Holzpalettenbl\u00f6cke in gro\u00dfem Ma\u00dfstab zu produzieren. Die Produktionslinie umfasst typischerweise einen Holzzerkleinerer, einen Trockner, einen Mischer und eine Holzblockherstellungsmaschine. <strong>Die Holzblockherstellungsmaschine<\/strong> ist eines der Schl\u00fcsselger\u00e4te der Holzpalettenblock-Produktionslinie. Das Rohmaterial dieser Produktionslinie besteht haupts\u00e4chlich aus Abfallholz. Tats\u00e4chlich ist eine gesamte Produktionslinie hochautomatisiert. Daher ben\u00f6tigt der gesamte Betrieb nur 4-5 Familienmitglieder. Es ist zu erkennen, dass die Palettenblock-Produktionslinie ein profitables Projekt ist. Wenn Sie an diesem Projekt interessiert sind, kontaktieren Sie uns bitte.<\/p>    <figure class=\"wp-block-image aligncenter size-full\"><img loading=\"lazy\" decoding=\"async\" width=\"720\" height=\"540\" src=\"https:\/\/charcoalplant.com\/wp-content\/uploads\/2022\/02\/Wood-Pallet-Blocks-Production-Line-1.jpg\" alt=\"Produktionslinie f\u00fcr Holzpalettenbl\u00f6cke\" class=\"wp-image-2510\"\/><figcaption class=\"wp-element-caption\">Produktionslinie f\u00fcr Holzpalettenbl\u00f6cke<\/figcaption><\/figure>    <h2 class=\"wp-block-heading\" id=\"h-raw-materials-for-sawdust-block-production-line\">Rohstoffe f\u00fcr die Produktionslinie f\u00fcr S\u00e4gemehlbl\u00f6cke<\/h2>    <p>Holzpalettenkl\u00f6tze bestehen haupts\u00e4chlich aus S\u00e4gemehl, Sp\u00e4nen, Altholz, Altbambus, Altholzpaletten und anderen Materialien als Rohstoffe. Daher zeichnet sich die Produktionslinie f\u00fcr Holzpalettenkl\u00f6tze durch geringe Investitionen aus. Lediglich die Viskosit\u00e4t zwischen den Rohstoffmolek\u00fclen ist st\u00e4rker. S\u00e4gemehlbl\u00f6cke k\u00f6nnen eine gute tragende Rolle spielen. Daher m\u00fcssen die Rohstoffe in einem bestimmten Verh\u00e4ltnis mit Leim vermischt werden.<\/p>    <figure class=\"wp-block-gallery has-nested-images columns-default is-cropped wp-block-gallery-2 is-layout-flex wp-block-gallery-is-layout-flex\"> <figure class=\"wp-block-image size-large\"><img loading=\"lazy\" decoding=\"async\" width=\"720\" height=\"540\" data-id=\"2528\" src=\"https:\/\/charcoalplant.com\/wp-content\/uploads\/2022\/02\/sawdust-3.jpg\" alt=\"S\u00e4gemehl\" class=\"wp-image-2528\"\/><figcaption class=\"wp-element-caption\">S\u00e4gemehl<\/figcaption><\/figure>    <figure class=\"wp-block-image size-large\"><img loading=\"lazy\" decoding=\"async\" width=\"720\" height=\"540\" data-id=\"2529\" src=\"https:\/\/charcoalplant.com\/wp-content\/uploads\/2022\/02\/wood-shavings-1.jpg\" alt=\"Holzsp\u00e4ne\" class=\"wp-image-2529\"\/><figcaption class=\"wp-element-caption\">Holzsp\u00e4ne<\/figcaption><\/figure> <\/figure>    <h2 class=\"wp-block-heading\">Struktur der Produktionslinie f\u00fcr Holzpalettenbl\u00f6cke<\/h2>    <p><br>Die Produktionslinie f\u00fcr Holzpalettenbl\u00f6cke besteht aus einem Holzbrecher, einem S\u00e4gemehltrockner, einem Leimmischer, einer Maschine zur Herstellung von Holzbl\u00f6cken und einer automatischen Schneidemaschine. (Nur als Referenz, die spezifische Struktur muss entsprechend den Rohstoffen bestimmt werden). Im Folgenden werde ich diese Ger\u00e4te einzeln vorstellen.<\/p>    <div class=\"wp-block-columns has-background is-layout-flex wp-container-core-columns-is-layout-28f84493 wp-block-columns-is-layout-flex\" style=\"background-color:#f1f1f1\"> <div class=\"wp-block-column is-vertically-aligned-center is-layout-flow wp-block-column-is-layout-flow\" style=\"flex-basis:33.33%\"> <p class=\"translation-block\"><strong>Holzzerkleinerer<\/strong><\/p>    <p class=\"translation-block\">Wenn das Rohmaterial des Kunden Blockholz ist, m\u00fcssen Sie einen <strong><a href=\"https:\/\/charcoalplant.com\/de\/wood-wastes-recycling-machine\/wood-crusher-machine\/\">Holzzerkleinerer<\/a><\/strong> oder eine <strong>Holzsp\u00e4ne-Maschine<\/strong> verwenden, um das Rohmaterial auf 6-8 mm zu zerkleinern. Denn diese Gr\u00f6\u00dfe der Holzpartikel ist leicht zu formen. Oder verwenden Sie direkt S\u00e4gesp\u00e4ne oder Sp\u00e4ne, die der Gr\u00f6\u00dfe der Rohmaterialien entsprechen.<\/p> <\/div>    <div class=\"wp-block-column is-layout-flow wp-block-column-is-layout-flow\" style=\"flex-basis:66.66%\"> <figure class=\"wp-block-gallery has-nested-images columns-default is-cropped wp-block-gallery-3 is-layout-flex wp-block-gallery-is-layout-flex\"> <figure class=\"wp-block-image size-large\"><img loading=\"lazy\" decoding=\"async\" width=\"720\" height=\"540\" data-id=\"1898\" src=\"https:\/\/charcoalplant.com\/wp-content\/uploads\/2022\/01\/electric-wood-crushing-machine-for-sale.jpg\" alt=\"Elektrische-Holzzerkleinerungsmaschine-zu verkaufen\" class=\"wp-image-1898\" srcset=\"https:\/\/charcoalplant.com\/wp-content\/uploads\/2022\/01\/electric-wood-crushing-machine-for-sale.jpg 720w, https:\/\/charcoalplant.com\/wp-content\/uploads\/2022\/01\/electric-wood-crushing-machine-for-sale-300x225.jpg 300w\" sizes=\"auto, (max-width: 720px) 100vw, 720px\" \/><figcaption class=\"wp-element-caption\">Elektrische-Holzzerkleinerungsmaschine-zu verkaufen<\/figcaption><\/figure> <\/figure> <\/div> <\/div>    <div class=\"wp-block-columns has-background is-layout-flex wp-container-core-columns-is-layout-28f84493 wp-block-columns-is-layout-flex\" style=\"background-color:#f1f1f1\"> <div class=\"wp-block-column is-layout-flow wp-block-column-is-layout-flow\" style=\"flex-basis:66.66%\"> <figure class=\"wp-block-gallery has-nested-images columns-default is-cropped wp-block-gallery-4 is-layout-flex wp-block-gallery-is-layout-flex\"> <figure class=\"wp-block-image size-large\"><img loading=\"lazy\" decoding=\"async\" width=\"720\" height=\"540\" data-id=\"968\" src=\"https:\/\/charcoalplant.com\/wp-content\/uploads\/2021\/11\/Roller-1.jpg\" alt=\"Rolle\" class=\"wp-image-968\" srcset=\"https:\/\/charcoalplant.com\/wp-content\/uploads\/2021\/11\/Roller-1.jpg 720w, https:\/\/charcoalplant.com\/wp-content\/uploads\/2021\/11\/Roller-1-300x225.jpg 300w\" sizes=\"auto, (max-width: 720px) 100vw, 720px\" \/><figcaption class=\"wp-element-caption\">Rolle<\/figcaption><\/figure> <\/figure> <\/div>    <div class=\"wp-block-column is-vertically-aligned-center is-layout-flow wp-block-column-is-layout-flow\" style=\"flex-basis:33.33%\"> <p class=\"translation-block\"><strong>S\u00e4gesp\u00e4ne-Trockner<\/strong><\/p>    <p class=\"translation-block\">Die Feuchtigkeit von S\u00e4gesp\u00e4nen oder Holzsp\u00e4nen sollte unter 12 % gehalten werden. Daher muss der Kunde, wenn der Feuchtigkeitsgehalt des Rohmaterials \u00fcber 12 % liegt, den <strong><a href=\"https:\/\/charcoalplant.com\/de\/drying-machine\/rice-husk-dryer\/\">S\u00e4gesp\u00e4ne-Trockner<\/a><\/strong> verwenden, um das Rohmaterial zu trocknen. (Die Anzahl der Trockner wird je nach Feuchtigkeit der Rohmaterialien bestimmt und kann gegebenenfalls erh\u00f6ht werden).<\/p> <\/div> <\/div>    <div class=\"wp-block-columns has-background is-layout-flex wp-container-core-columns-is-layout-28f84493 wp-block-columns-is-layout-flex\" style=\"background-color:#f1f1f1\"> <div class=\"wp-block-column is-vertically-aligned-center is-layout-flow wp-block-column-is-layout-flow\" style=\"flex-basis:33.33%\"> <p class=\"translation-block\"><strong>Leim-Mischer<\/strong><\/p>    <p>Geben Sie die Rohstoffe in die Leimmischmaschine und r\u00fchren Sie sie kontinuierlich mit einem bestimmten Leimanteil durch die Anlage. Nach 15\u201320 Minuten ist das Mischen abgeschlossen und das Material wird unten aus dem Leimmischer ausgetragen.<\/p> <\/div>    <div class=\"wp-block-column is-layout-flow wp-block-column-is-layout-flow\" style=\"flex-basis:66.66%\"> <figure class=\"wp-block-gallery has-nested-images columns-default is-cropped wp-block-gallery-5 is-layout-flex wp-block-gallery-is-layout-flex\"> <figure class=\"wp-block-image size-full\"><img loading=\"lazy\" decoding=\"async\" width=\"720\" height=\"540\" data-id=\"2349\" src=\"https:\/\/charcoalplant.com\/wp-content\/uploads\/2022\/02\/glue-mixer-1.jpg\" alt=\"Leimmischer\" class=\"wp-image-2349\"\/><figcaption class=\"wp-element-caption\">Leimmischer<\/figcaption><\/figure> <\/figure> <\/div> <\/div>    <div class=\"wp-block-columns has-background is-layout-flex wp-container-core-columns-is-layout-28f84493 wp-block-columns-is-layout-flex\" style=\"background-color:#f1f1f1\"> <div class=\"wp-block-column is-layout-flow wp-block-column-is-layout-flow\" style=\"flex-basis:66.66%\"> <figure class=\"wp-block-gallery has-nested-images columns-default is-cropped wp-block-gallery-6 is-layout-flex wp-block-gallery-is-layout-flex\"> <figure class=\"wp-block-image size-large\"><img loading=\"lazy\" decoding=\"async\" width=\"720\" height=\"540\" data-id=\"2325\" src=\"https:\/\/charcoalplant.com\/wp-content\/uploads\/2022\/02\/wood-block-machine-plant.jpg\" alt=\"Holzblock-Maschinenanlage\" class=\"wp-image-2325\"\/><figcaption class=\"wp-element-caption\">Holzblock-Maschinenanlage<\/figcaption><\/figure> <\/figure> <\/div>    <div class=\"wp-block-column is-vertically-aligned-center is-layout-flow wp-block-column-is-layout-flow\" style=\"flex-basis:33.33%\"> <p><strong><a href=\"https:\/\/charcoalplant.com\/de\/product\/wood-pallet-block-making-machine\/\">Maschine zur Herstellung von Holzbl\u00f6cken<\/a><\/strong><\/p>    <p>Die verarbeiteten Rohstoffe werden von einer Holzblockmaschine hei\u00df zu Holzpalettenbl\u00f6cken gepresst. Im Allgemeinen ist eine Produktionslinie mit vier Transferpressen ausgestattet. Daher k\u00f6nnen Kunden mehrere Maschinen zur Herstellung von Holzbl\u00f6cken in der Produktionslinie w\u00e4hlen.<\/p> <\/div> <\/div>    <h2 class=\"wp-block-heading\">Arten von Maschinen zum Schneiden komprimierter Bl\u00f6cke<\/h2>    <p class=\"translation-block\"><strong>Holzpalettenbl\u00f6cke f\u00fcr Einklingen-S\u00e4ge<\/strong><br>Diese Art von S\u00e4ge wird allgemein am Auslassport der Sp\u00e4neblockmaschine platziert. Sie ist auch in manueller und automatischer Ausf\u00fchrung erh\u00e4ltlich. Ihre Hauptfunktion besteht darin, die extrudierten S\u00e4gesp\u00e4nebl\u00f6cke in gleichm\u00e4\u00dfige L\u00e4ngen zum Verkauf oder Stapeln zu schneiden. Dar\u00fcber hinaus kann unsere Fabrik die Kunden mit verschiedenen S\u00e4gesp\u00e4neblock-Schneidemaschinen ausstatten.<\/p>    <figure class=\"wp-block-gallery has-nested-images columns-default is-cropped wp-block-gallery-7 is-layout-flex wp-block-gallery-is-layout-flex\"> <figure class=\"wp-block-image size-large\"><img loading=\"lazy\" decoding=\"async\" width=\"720\" height=\"540\" data-id=\"2520\" src=\"https:\/\/charcoalplant.com\/wp-content\/uploads\/2022\/02\/sigle-blade-saw-1.jpg\" alt=\"Einblatts\u00e4ge\" class=\"wp-image-2520\"\/><figcaption class=\"wp-element-caption\">Einblatts\u00e4ge<\/figcaption><\/figure>    <figure class=\"wp-block-image size-large\"><img loading=\"lazy\" decoding=\"async\" width=\"720\" height=\"540\" data-id=\"2519\" src=\"https:\/\/charcoalplant.com\/wp-content\/uploads\/2022\/02\/wood-block-production-line.jpg\" alt=\"Holzblock-Produktionslinie\" class=\"wp-image-2519\"\/><figcaption class=\"wp-element-caption\">Holzblock-Produktionslinie<\/figcaption><\/figure> <\/figure>    <p class=\"translation-block\"><strong>Holzpalettenbl\u00f6cke<\/strong> <strong>f\u00fcr automatische<\/strong> <strong>Multiklingen<\/strong> <strong>S\u00e4ge<\/strong><\/p>    <p>Holzpalettenblockschneider (Modell mit mehreren Klingen), kann zum Schneiden von Palettenbl\u00f6cken aus Partikeln, Massivholz, Mehrschichtholz und Sperrholz verwendet werden. Die Maschine bietet die Vorteile von weniger Staub, stabilem Betrieb, hoher Effizienz und einfacher Bedienung. Daher ist es eine unverzichtbare Verarbeitungsausr\u00fcstung f\u00fcr die Produktionslinie f\u00fcr Holzpalettenbl\u00f6cke.<\/p>    <figure class=\"wp-block-gallery has-nested-images columns-default is-cropped wp-block-gallery-8 is-layout-flex wp-block-gallery-is-layout-flex\"> <figure class=\"wp-block-image size-large\"><img loading=\"lazy\" decoding=\"async\" width=\"720\" height=\"540\" data-id=\"2521\" src=\"https:\/\/charcoalplant.com\/wp-content\/uploads\/2022\/02\/multi-blade-saw.jpg\" alt=\"Mehrblatts\u00e4ge\" class=\"wp-image-2521\"\/><figcaption class=\"wp-element-caption\">Mehrblatts\u00e4ge<\/figcaption><\/figure>    <figure class=\"wp-block-image size-large\"><img loading=\"lazy\" decoding=\"async\" width=\"720\" height=\"540\" data-id=\"2522\" src=\"https:\/\/charcoalplant.com\/wp-content\/uploads\/2022\/02\/wood-pallet-block-.jpg\" alt=\"Holzpalettenblock\" class=\"wp-image-2522\"\/><figcaption class=\"wp-element-caption\">Holzpalettenblock<\/figcaption><\/figure> <\/figure>    <h2 class=\"wp-block-heading\">Produktionslinie f\u00fcr Holzpalettenkl\u00f6tze zu verkaufen<\/h2>    <p class=\"translation-block\"><a href=\"https:\/\/charcoalplant.com\/de\/\">Shuliy Machinery<\/a> bietet Kunden Holzpalettenblockproduktionslinienl\u00f6sungen. Au\u00dferdem bin ich ein werkseigener Ger\u00e4tehersteller. Daher bieten wir einen lebenslangen Ersatzteilservice. Zus\u00e4tzlich zur Herstellung von Holzblockmaschinen produzieren wir auch verschiedene Holzverarbeitungsger\u00e4te. Kurz gesagt, bitte seien Sie versichert, dass unser Personal sich um Versand- und Installationsdienstleistungen k\u00fcmmert. Kontaktieren Sie uns gerne f\u00fcr Details.<\/p>    <figure class=\"wp-block-gallery has-nested-images columns-2 is-cropped wp-block-gallery-9 is-layout-flex wp-block-gallery-is-layout-flex\"> <figure class=\"wp-block-image size-large\"><img loading=\"lazy\" decoding=\"async\" width=\"720\" height=\"540\" data-id=\"2525\" src=\"https:\/\/charcoalplant.com\/wp-content\/uploads\/2022\/02\/saw.jpg\" alt=\"gesehen\" class=\"wp-image-2525\"\/><figcaption class=\"wp-element-caption\">gesehen<\/figcaption><\/figure>    <figure class=\"wp-block-image size-large\"><img loading=\"lazy\" decoding=\"async\" width=\"720\" height=\"540\" data-id=\"2524\" src=\"https:\/\/charcoalplant.com\/wp-content\/uploads\/2022\/02\/shippment-4.jpg\" alt=\"Versand\" class=\"wp-image-2524\"\/><figcaption class=\"wp-element-caption\">Versand<\/figcaption><\/figure>    <figure class=\"wp-block-image size-large\"><img loading=\"lazy\" decoding=\"async\" width=\"720\" height=\"540\" data-id=\"2526\" src=\"https:\/\/charcoalplant.com\/wp-content\/uploads\/2022\/02\/wood-pallet-blocks-production-line-show.jpg\" alt=\"Ausstellung zur Produktionslinie f\u00fcr Holzpalettenkl\u00f6tze\" class=\"wp-image-2526\"\/><figcaption class=\"wp-element-caption\">Ausstellung zur Produktionslinie f\u00fcr Holzpalettenkl\u00f6tze<\/figcaption><\/figure>    <figure class=\"wp-block-image size-large\"><img loading=\"lazy\" decoding=\"async\" width=\"720\" height=\"540\" data-id=\"2527\" src=\"https:\/\/charcoalplant.com\/wp-content\/uploads\/2022\/02\/wood-pallet-blocks-plant-shipping.jpg\" alt=\"Holzpalettenblock-Anlagenversand\" class=\"wp-image-2527\"\/><figcaption class=\"wp-element-caption\">Holzpalettenblock-Anlagenversand<\/figcaption><\/figure> <\/figure>    <h2 class=\"wp-block-heading\">S\u00e4gemehlblock-Show<\/h2>    <figure class=\"wp-block-image aligncenter size-full\"><img loading=\"lazy\" decoding=\"async\" width=\"720\" height=\"540\" src=\"https:\/\/charcoalplant.com\/wp-content\/uploads\/2022\/02\/sawdust-pallet-block.jpg\" alt=\"S\u00e4gemehl-Palettenblock\" class=\"wp-image-2531\"\/><figcaption class=\"wp-element-caption\">S\u00e4gemehl-Palettenblock<\/figcaption><\/figure>    <h2 class=\"wp-block-heading\">Abschluss <\/h2>    <p>Die Produktionslinie f\u00fcr Holzpalettenkl\u00f6tze ist automatisiert, um einen konsistenten und effizienten Produktionsprozess zu gew\u00e4hrleisten. Das Endprodukt der Holzblockherstellungslinie sind Holzpalettenbl\u00f6cke, die f\u00fcr den Einsatz in verschiedenen Branchen bereit sind. Wir bieten hervorragende Holzblockmaschinen und Anleitung, um Ihren Anforderungen gerecht zu werden. Kontaktieren Sie uns gerne f\u00fcr den besten Preis.<\/p>","protected":false},"excerpt":{"rendered":"<p>Wood pallet block production line is a series of machines and equipment that are used to produce wooden pallet blocks on a large scale. The production line typically includes a wood crusher, a dryer, a mixer, and a wood block making machine. Wood pallet block making machine is one of the key pieces of equipment [&hellip;]<\/p>\n","protected":false},"author":1,"featured_media":2508,"parent":0,"template":"","tags":[64],"product-type":[53],"class_list":["post-2505","product","type-product","status-publish","has-post-thumbnail","hentry","tag-wood-wastes-recycling-machine","product-type-product-line"],"_links":{"self":[{"href":"https:\/\/charcoalplant.com\/de\/wp-json\/wp\/v2\/product\/2505","targetHints":{"allow":["GET"]}}],"collection":[{"href":"https:\/\/charcoalplant.com\/de\/wp-json\/wp\/v2\/product"}],"about":[{"href":"https:\/\/charcoalplant.com\/de\/wp-json\/wp\/v2\/types\/product"}],"author":[{"embeddable":true,"href":"https:\/\/charcoalplant.com\/de\/wp-json\/wp\/v2\/users\/1"}],"wp:featuredmedia":[{"embeddable":true,"href":"https:\/\/charcoalplant.com\/de\/wp-json\/wp\/v2\/media\/2508"}],"wp:attachment":[{"href":"https:\/\/charcoalplant.com\/de\/wp-json\/wp\/v2\/media?parent=2505"}],"wp:term":[{"taxonomy":"post_tag","embeddable":true,"href":"https:\/\/charcoalplant.com\/de\/wp-json\/wp\/v2\/tags?post=2505"},{"taxonomy":"product-type","embeddable":true,"href":"https:\/\/charcoalplant.com\/de\/wp-json\/wp\/v2\/product-type?post=2505"}],"curies":[{"name":"wp","href":"https:\/\/api.w.org\/{rel}","templated":true}]}}