{"id":580,"date":"2021-11-20T09:56:14","date_gmt":"2021-11-20T09:56:14","guid":{"rendered":"https:\/\/charcoalplant.com\/?p=580"},"modified":"2023-01-14T15:08:17","modified_gmt":"2023-01-14T07:08:17","slug":"log-chipper","status":"publish","type":"product","link":"https:\/\/charcoalplant.com\/de\/product\/log-chipper\/","title":{"rendered":"Holzhacker | Hackschnitzelschneidemaschine"},"content":{"rendered":"<div class=\"kk-star-ratings kksr-auto kksr-align-left kksr-valign-top\"     data-payload='{&quot;align&quot;:&quot;left&quot;,&quot;id&quot;:&quot;580&quot;,&quot;slug&quot;:&quot;default&quot;,&quot;valign&quot;:&quot;top&quot;,&quot;ignore&quot;:&quot;&quot;,&quot;reference&quot;:&quot;auto&quot;,&quot;class&quot;:&quot;&quot;,&quot;count&quot;:&quot;17&quot;,&quot;legendonly&quot;:&quot;&quot;,&quot;readonly&quot;:&quot;&quot;,&quot;score&quot;:&quot;4.5&quot;,&quot;starsonly&quot;:&quot;&quot;,&quot;best&quot;:&quot;5&quot;,&quot;gap&quot;:&quot;5&quot;,&quot;greet&quot;:&quot;Rate this product&quot;,&quot;legend&quot;:&quot;4.5\\\/5 - (17 votes)&quot;,&quot;size&quot;:&quot;24&quot;,&quot;title&quot;:&quot;Log Chipper | Wood Chips Cutting Machine&quot;,&quot;width&quot;:&quot;128&quot;,&quot;_legend&quot;:&quot;{score}\\\/{best} - ({count} {votes})&quot;,&quot;font_factor&quot;:&quot;1.25&quot;}'>              <div class=\"kksr-stars\">      <div class=\"kksr-stars-inactive\">             <div class=\"kksr-star\" data-star=\"1\" style=\"padding-right: 5px\">               <div class=\"kksr-icon\" style=\"width: 24px; height: 24px;\"><\/div>         <\/div>             <div class=\"kksr-star\" data-star=\"2\" style=\"padding-right: 5px\">               <div class=\"kksr-icon\" style=\"width: 24px; height: 24px;\"><\/div>         <\/div>             <div class=\"kksr-star\" data-star=\"3\" style=\"padding-right: 5px\">               <div class=\"kksr-icon\" style=\"width: 24px; height: 24px;\"><\/div>         <\/div>             <div class=\"kksr-star\" data-star=\"4\" style=\"padding-right: 5px\">               <div class=\"kksr-icon\" style=\"width: 24px; height: 24px;\"><\/div>         <\/div>             <div class=\"kksr-star\" data-star=\"5\" style=\"padding-right: 5px\">               <div class=\"kksr-icon\" style=\"width: 24px; height: 24px;\"><\/div>         <\/div>     <\/div>      <div class=\"kksr-stars-active\" style=\"width: 128px;\">             <div class=\"kksr-star\" style=\"padding-right: 5px\">               <div class=\"kksr-icon\" style=\"width: 24px; height: 24px;\"><\/div>         <\/div>             <div class=\"kksr-star\" style=\"padding-right: 5px\">               <div class=\"kksr-icon\" style=\"width: 24px; height: 24px;\"><\/div>         <\/div>             <div class=\"kksr-star\" style=\"padding-right: 5px\">               <div class=\"kksr-icon\" style=\"width: 24px; height: 24px;\"><\/div>         <\/div>             <div class=\"kksr-star\" style=\"padding-right: 5px\">               <div class=\"kksr-icon\" style=\"width: 24px; height: 24px;\"><\/div>         <\/div>             <div class=\"kksr-star\" style=\"padding-right: 5px\">               <div class=\"kksr-icon\" style=\"width: 24px; height: 24px;\"><\/div>         <\/div>     <\/div> <\/div>                   <div class=\"kksr-legend\" style=\"font-size: 19.2px;\">             4,5\/5 - (17 Stimmen)    <\/div>     <\/div>  <p class=\"translation-block\"><strong>Holzschredder<\/strong> ist eine wichtige Maschine in der Holzproduktionslinie und im Holzverarbeitungsprozess. Seine Funktion besteht darin, das Holz, \u00c4ste und Bambus in St\u00fccke gleicher Dicke und Gr\u00f6\u00dfe mit dem rotierenden Messer und dem festen Messer zu schneiden. Diese Holzsp\u00e4ne werden in der Papierherstellung, als Brennstoff usw. verwendet und sind stark nachgefragt. Wir bieten unseren Kunden hochwertige, energieeffiziente und benutzerfreundliche Holzschreddermaschinen an. Wir laden Sie ein, uns zu konsultieren, wir werden Ihnen <strong><a href=\"https:\/\/charcoalplant.com\/de\/news\/how-much-is-a-log-shredder\/\">bezahlbare Preise<\/a><\/strong> anbieten.<\/p>    <h2 class=\"wp-block-heading\" id=\"working-principle-of-log-chipper\">Funktionsprinzip des Holzhackers<\/h2>    <p class=\"translation-block\">Das Holzschneiden ist ein wichtiger Schritt in der <strong><a href=\"https:\/\/charcoalplant.com\/de\/wood-crusher-machine\/\">Holzverarbeitung oder -zerkleinerung<\/a><\/strong>. Rohstoffe wie St\u00e4mme, Bambus und Holzplatten werden in den Zuf\u00fchrungsbereich eingegeben. Dann treibt der Motor den Riemen an, um den Schneidkopf zum Zerkleinern zu drehen. Zuf\u00fchrung und Entladung sind nahezu synchron. Schlie\u00dflich k\u00f6nnen Holzsp\u00e4ne mit einheitlicher Dicke und regelm\u00e4\u00dfiger Form erhalten werden.<\/p>    <figure class=\"wp-block-embed is-type-video is-provider-youtube wp-block-embed-youtube wp-embed-aspect-16-9 wp-has-aspect-ratio\"><div class=\"wp-block-embed__wrapper\"> <iframe loading=\"lazy\" title=\"Diesel-Holzhacker | Hersteller von Holzhackmaschinen#Elektroholzhacker#S\u00e4gemehl\" width=\"500\" height=\"281\" src=\"https:\/\/www.youtube.com\/embed\/8J7778sPzp4?feature=oembed\" frameborder=\"0\" allow=\"accelerometer; autoplay; clipboard-write; encrypted-media; gyroscope; picture-in-picture; web-share\" referrerpolicy=\"strict-origin-when-cross-origin\" allowfullscreen><\/iframe> <\/div><\/figure>    <h2 class=\"wp-block-heading\" id=\"raw-material-of-wood-chips-cutting-machine\">Rohstoff der Holzhackmaschine<\/h2>    <p>Kommerzielle Holzh\u00e4cksler k\u00f6nnen Kiefernholz, verschiedene H\u00f6lzer, Pappeln, Tannen, Rohbambus, PPR-Rohre usw. verarbeiten. Die ausgew\u00e4hlten Rohstoffe sollten so gleichm\u00e4\u00dfig wie m\u00f6glich sein, damit die Wirkung der Hackschnitzelherstellung besser ist. <\/p>    <figure class=\"wp-block-gallery has-nested-images columns-2 is-cropped wp-block-gallery-2 is-layout-flex wp-block-gallery-is-layout-flex\"> <figure class=\"wp-block-image size-large\"><img loading=\"lazy\" decoding=\"async\" width=\"720\" height=\"540\" data-id=\"2056\" src=\"https:\/\/charcoalplant.com\/wp-content\/uploads\/2022\/01\/raw-materials-2.jpg\" alt=\"Rohstoffe\" class=\"wp-image-2056\"\/><figcaption class=\"wp-element-caption\">Rohstoffe<\/figcaption><\/figure>    <figure class=\"wp-block-image size-large\"><img loading=\"lazy\" decoding=\"async\" width=\"720\" height=\"540\" data-id=\"2058\" src=\"https:\/\/charcoalplant.com\/wp-content\/uploads\/2022\/01\/different-sizes-wood-chips-1-2.jpg\" alt=\"Holzsp\u00e4ne in verschiedenen Gr\u00f6\u00dfen\" class=\"wp-image-2058\"\/><figcaption class=\"wp-element-caption\">Holzsp\u00e4ne in verschiedenen Gr\u00f6\u00dfen<\/figcaption><\/figure> <figcaption class=\"blocks-gallery-caption wp-element-caption\"> Die Rohstoffe f\u00fcr den Asth\u00e4cksler sind Holzscheite, Bambus, Bretter, PPR-Rohre und 2\u20133 cm gro\u00dfe Hackschnitzel<\/figcaption><\/figure>    <h2 class=\"wp-block-heading\" id=\"h-structure-of-the-log-chipper\">Aufbau des Holzhackers<\/h2>    <p>Holzh\u00e4cksler bestehen haupts\u00e4chlich aus einem Schneidkopf, einer Riemenscheibe, einem Spindelrahmen, einer Zufuhr\u00f6ffnung, einer Abdeckung und einem elektrischen Steuersystem. Sein Gesamtaufbau ist kompakt und platzsparend. Die Eigenschaften wie h\u00f6here Leistung, Energieeinsparung, sichere und komfortable Bedienung bleiben davon jedoch unber\u00fchrt. <\/p>    <figure class=\"wp-block-gallery has-nested-images columns-default is-cropped wp-block-gallery-3 is-layout-flex wp-block-gallery-is-layout-flex\"> <figure class=\"wp-block-image size-large\"><img loading=\"lazy\" decoding=\"async\" width=\"720\" height=\"540\" data-id=\"1817\" src=\"https:\/\/charcoalplant.com\/wp-content\/uploads\/2022\/01\/garden-branch-chipper.jpg\" alt=\"Gartenzweigh\u00e4cksler\" class=\"wp-image-1817\" srcset=\"https:\/\/charcoalplant.com\/wp-content\/uploads\/2022\/01\/garden-branch-chipper.jpg 720w, https:\/\/charcoalplant.com\/wp-content\/uploads\/2022\/01\/garden-branch-chipper-300x225.jpg 300w\" sizes=\"auto, (max-width: 720px) 100vw, 720px\" \/><figcaption class=\"wp-element-caption\">Gartenzweigh\u00e4cksler<\/figcaption><\/figure>    <figure class=\"wp-block-image size-large\"><img loading=\"lazy\" decoding=\"async\" width=\"720\" height=\"540\" data-id=\"2044\" src=\"https:\/\/charcoalplant.com\/wp-content\/uploads\/2022\/01\/small-diesel-log-chipper-plant.jpg\" alt=\"kleine Diesel-Holzhackeranlage\" class=\"wp-image-2044\"\/><figcaption class=\"wp-element-caption\">kleine Diesel-Holzhackeranlage<\/figcaption><\/figure> <\/figure>    <h3 class=\"wp-block-heading\" id=\"adjustable-blades\">Verstellbare Klingen<\/h3>    <p class=\"translation-block\">Die \u00c4nderung der Dicke der Holzsp\u00e4ne kann durch Anpassen des Klingenwinkels realisiert werden. Dar\u00fcber hinaus hat jede Klinge mindestens drei Schrauben zur Befestigung, sodass sie sich nicht leicht l\u00f6sen l\u00e4sst. Wenn die Klinge abgenutzt ist, kann sie einfach mit einem <strong>Messersch\u00e4rfer<\/strong> repariert werden.<\/p>    <figure class=\"wp-block-gallery has-nested-images columns-2 is-cropped wp-block-gallery-4 is-layout-flex wp-block-gallery-is-layout-flex\"> <figure class=\"wp-block-image size-large\"><img loading=\"lazy\" decoding=\"async\" width=\"720\" height=\"540\" data-id=\"2039\" src=\"https:\/\/charcoalplant.com\/wp-content\/uploads\/2022\/01\/blade.jpg\" alt=\"Klinge\" class=\"wp-image-2039\"\/><figcaption class=\"wp-element-caption\">Klinge<\/figcaption><\/figure>    <figure class=\"wp-block-image size-large\"><img loading=\"lazy\" decoding=\"async\" width=\"720\" height=\"540\" data-id=\"2040\" src=\"https:\/\/charcoalplant.com\/wp-content\/uploads\/2022\/01\/blade-disc..jpg\" alt=\"Messerscheibe.\" class=\"wp-image-2040\"\/><figcaption class=\"wp-element-caption\">Messerscheibe.<\/figcaption><\/figure> <\/figure>    <h3 class=\"wp-block-heading\" id=\"cutter-disc\">Schneidscheibe<\/h3>    <p>Die Messerscheibe des Holzhackers kann mehrere Messer aufnehmen. Au\u00dferdem haben verschiedene Modelle von Holzh\u00e4ckslern unterschiedliche Messerkopfdurchmesser. Auch die Anzahl der Klingen variiert.<\/p>    <figure class=\"wp-block-gallery has-nested-images columns-default is-cropped wp-block-gallery-5 is-layout-flex wp-block-gallery-is-layout-flex\"> <figure class=\"wp-block-image size-large\"><img loading=\"lazy\" decoding=\"async\" width=\"720\" height=\"540\" data-id=\"2041\" src=\"https:\/\/charcoalplant.com\/wp-content\/uploads\/2022\/01\/cutter-head.jpg\" alt=\"Mehrmesser-Messerkopf\" class=\"wp-image-2041\"\/><figcaption class=\"wp-element-caption\">Mehrmesser-Messerkopf<\/figcaption><\/figure>    <figure class=\"wp-block-image size-large\"><img loading=\"lazy\" decoding=\"async\" width=\"720\" height=\"540\" data-id=\"667\" src=\"https:\/\/charcoalplant.com\/wp-content\/uploads\/2021\/11\/cutter-head-1.jpg\" alt=\"Messerkopf\" class=\"wp-image-667\" srcset=\"https:\/\/charcoalplant.com\/wp-content\/uploads\/2021\/11\/cutter-head-1.jpg 720w, https:\/\/charcoalplant.com\/wp-content\/uploads\/2021\/11\/cutter-head-1-300x225.jpg 300w\" sizes=\"auto, (max-width: 720px) 100vw, 720px\" \/><figcaption class=\"wp-element-caption\">Messerkopf<\/figcaption><\/figure> <\/figure>    <h2 class=\"wp-block-heading\" id=\"h-branch-chipper-machine-for-sale\">Beste kommerzielle Holzh\u00e4ckslermaschine\u00a0zu verkaufen<\/h2>    <p>Wir verkaufen elektrische Holzh\u00e4cksler und Diesel-Holzh\u00e4cksler. Aufgrund des vielf\u00e4ltigen Arbeitsumfelds der Kunden sind die Produktionsanforderungen unterschiedlich. Aus diesem Grund haben wir eine Reihe von Spezialholzh\u00e4ckslern verbessert. Zum Beispiel das mit R\u00e4dern, dem unteren Auslass und dem oberen Auslass, dem geneigten Einlass und so weiter.<\/p>    <h3 class=\"wp-block-heading\" id=\"electric-wood-chipper-parameters\">Parameter des elektrischen Holzhackers<\/h3>    <figure class=\"wp-block-table is-style-stripes\"><table><tbody><tr><td>MODELL<\/td><td>KAPAZIT\u00c4T<\/td><td>EINGABEGR\u00d6SSE<\/td><td>AUSLASSGR\u00d6SSE<\/td><td>ELEKTRISCHE STROMVERSORGUNG<\/td><\/tr><tr><td>SL-420<\/td><td>500 kg\/h<\/td><td>150*150MM<\/td><td>2-5cm<\/td><td>11 kW<\/td><\/tr><tr><td>SL-600<\/td><td>1500 kg\/h<\/td><td>180*150MM<\/td><td>2-5cm<\/td><td>18,5 kW<\/td><\/tr><tr><td>SL-800<\/td><td>3000 kg\/h<\/td><td>200*200MM<\/td><td>2-5cm<\/td><td>30 kW<\/td><\/tr><tr><td>SL-950<\/td><td>4000 kg\/h<\/td><td>230*250MM<\/td><td>2-5cm<\/td><td>37 kW<\/td><\/tr><tr><td>SL-1200<\/td><td>5000 kg\/h<\/td><td>330*300MM<\/td><td>2-5cm<\/td><td>55 kW<\/td><\/tr><tr><td>SL-1400<\/td><td>7000\u20138000 kg\/h<\/td><td>400*400MM<\/td><td>2-5cm<\/td><td>90 kW<\/td><\/tr><\/tbody><\/table><figcaption class=\"wp-element-caption\">Der 420 und der 600 sind die beiden beliebtesten Holzh\u00e4ckslermodelle. Sie werden nach dem Durchmesser des Messerkopfes benannt. 800 und gr\u00f6\u00dfere Ger\u00e4te sind ein anderer Standard. Wir statten Gro\u00dfger\u00e4te mit Verteilerschr\u00e4nken und F\u00f6rderb\u00e4ndern aus.<\/figcaption><\/figure>    <figure class=\"wp-block-gallery has-nested-images columns-default is-cropped wp-block-gallery-6 is-layout-flex wp-block-gallery-is-layout-flex\"> <figure class=\"wp-block-image size-large\"><img loading=\"lazy\" decoding=\"async\" width=\"720\" height=\"540\" data-id=\"1811\" src=\"https:\/\/charcoalplant.com\/wp-content\/uploads\/2021\/11\/samll-movable-log-chipper-.jpg\" alt=\"kleiner beweglicher Holzhacker\" class=\"wp-image-1811\" srcset=\"https:\/\/charcoalplant.com\/wp-content\/uploads\/2021\/11\/samll-movable-log-chipper-.jpg 720w, https:\/\/charcoalplant.com\/wp-content\/uploads\/2021\/11\/samll-movable-log-chipper--300x225.jpg 300w\" sizes=\"auto, (max-width: 720px) 100vw, 720px\" \/><figcaption class=\"wp-element-caption\">kleiner beweglicher Holzhacker<\/figcaption><\/figure> <\/figure>    <h3 class=\"wp-block-heading\" id=\"diesel-wood-chipper-parameters\">Parameter des Diesel-Holzh\u00e4ckslers <\/h3>    <figure class=\"wp-block-table is-style-stripes\"><table><tbody><tr><td>MODELL<\/td><td>KAPAZIT\u00c4T<\/td><td>EINGABEGR\u00d6SSE<\/td><td>AUSLASSGR\u00d6SSE<\/td><td>DIESELKRAFT<\/td><\/tr><tr><td>SL-420<\/td><td>500 kg\/h<\/td><td>150*150MM<\/td><td>2-5cm<\/td><td>15 PS<\/td><\/tr><tr><td>SL-600<\/td><td>1500 kg\/h<\/td><td>180*150MM<\/td><td>2-5cm<\/td><td>22 PS<\/td><\/tr><tr><td>SL-800<\/td><td>3000 kg\/h<\/td><td>200*200MM<\/td><td>2-5cm<\/td><td>40 PS<\/td><\/tr><tr><td>SL-950<\/td><td>4000 kg\/h<\/td><td>230*250MM<\/td><td>2-5cm<\/td><td>60 PS<\/td><\/tr><tr><td>SL-1200<\/td><td>5000 kg\/h<\/td><td>330*300MM<\/td><td>2-5cm<\/td><td>55 kW<\/td><\/tr><tr><td>SL-1400<\/td><td>7000\u20138000 kg\/h<\/td><td>400*400MM<\/td><td>2-5cm<\/td><td>90 kW<\/td><\/tr><\/tbody><\/table><figcaption class=\"wp-element-caption\">Holzh\u00e4cksler mit Dieselantrieb sind nicht nur f\u00fcr den Innenbereich geeignet. Es ist eher f\u00fcr Arbeiten im Freien geeignet.<\/figcaption><\/figure>    <figure class=\"wp-block-gallery has-nested-images columns-2 is-cropped wp-block-gallery-7 is-layout-flex wp-block-gallery-is-layout-flex\"> <figure class=\"wp-block-image size-large\"><img loading=\"lazy\" decoding=\"async\" width=\"720\" height=\"540\" data-id=\"729\" src=\"https:\/\/charcoalplant.com\/wp-content\/uploads\/2021\/11\/manufacturer-of-diesel-wood-chippers-1-1.jpg\" alt=\"Hersteller von Diesel-Holzh\u00e4ckslern\" class=\"wp-image-729\" srcset=\"https:\/\/charcoalplant.com\/wp-content\/uploads\/2021\/11\/manufacturer-of-diesel-wood-chippers-1-1.jpg 720w, https:\/\/charcoalplant.com\/wp-content\/uploads\/2021\/11\/manufacturer-of-diesel-wood-chippers-1-1-300x225.jpg 300w\" sizes=\"auto, (max-width: 720px) 100vw, 720px\" \/><figcaption class=\"wp-element-caption\">Hersteller von Diesel-Holzh\u00e4ckslern<\/figcaption><\/figure>    <figure class=\"wp-block-image size-large\"><img loading=\"lazy\" decoding=\"async\" width=\"720\" height=\"540\" data-id=\"845\" src=\"https:\/\/charcoalplant.com\/wp-content\/uploads\/2021\/11\/wooden-chips-1-1.jpg\" alt=\"Holzsp\u00e4ne\" class=\"wp-image-845\" srcset=\"https:\/\/charcoalplant.com\/wp-content\/uploads\/2021\/11\/wooden-chips-1-1.jpg 720w, https:\/\/charcoalplant.com\/wp-content\/uploads\/2021\/11\/wooden-chips-1-1-300x225.jpg 300w\" sizes=\"auto, (max-width: 720px) 100vw, 720px\" \/><figcaption class=\"wp-element-caption\">Holzsp\u00e4ne<\/figcaption><\/figure> <\/figure>    <h2 class=\"wp-block-heading\" id=\"h-how-to-mass-produce-wood-chips\">Wie produziert man effizient Hackschnitzel?<\/h2>    <p class=\"translation-block\">Wie w\u00e4hlt man eine Maschine aus, um eine gro\u00dfe Anzahl von Holzsp\u00e4nen zu produzieren? Zuerst k\u00f6nnen Sie die SL-800 und gr\u00f6\u00dfere Holzsp\u00e4neherstellungsmaschinen w\u00e4hlen. Einerseits hat die Gro\u00dfger\u00e4te eine hohe Leistung, andererseits kann sie mit dem F\u00f6rderband verbunden werden, um Zeit und Arbeitsaufwand zu sparen. Zweitens k\u00f6nnen Sie mehrere SL-600 Scheiben-Holzschredder w\u00e4hlen, um denselben Effekt zu erzielen. Drittens k\u00f6nnen Sie einen <strong><a href=\"https:\/\/charcoalplant.com\/de\/wood-wastes-recycling-machine\/drum-chipper\/\">Trommel-Holzschredder<\/a><\/strong> w\u00e4hlen. Es handelt sich um industrielle Holzzerkleinerungsger\u00e4te, sodass die Leistung sehr hoch ist.<\/p>    <figure class=\"wp-block-gallery has-nested-images columns-default is-cropped wp-block-gallery-8 is-layout-flex wp-block-gallery-is-layout-flex\"> <figure class=\"wp-block-image size-large\"><img loading=\"lazy\" decoding=\"async\" width=\"720\" height=\"540\" data-id=\"1812\" src=\"https:\/\/charcoalplant.com\/wp-content\/uploads\/2022\/01\/diesel-wood-chipper-shredder-plant-.jpg\" alt=\"Diesel-Holzhacker-Schredderanlage\" class=\"wp-image-1812\" srcset=\"https:\/\/charcoalplant.com\/wp-content\/uploads\/2022\/01\/diesel-wood-chipper-shredder-plant-.jpg 720w, https:\/\/charcoalplant.com\/wp-content\/uploads\/2022\/01\/diesel-wood-chipper-shredder-plant--300x225.jpg 300w\" sizes=\"auto, (max-width: 720px) 100vw, 720px\" \/><figcaption class=\"wp-element-caption\">Diesel-Holzhacker-Schredderanlage<\/figcaption><\/figure>    <figure class=\"wp-block-image size-large\"><img loading=\"lazy\" decoding=\"async\" width=\"720\" height=\"540\" data-id=\"1810\" src=\"https:\/\/charcoalplant.com\/wp-content\/uploads\/2022\/01\/electric-wood-chipper-.jpg\" alt=\"elektrischer Holzhacker\" class=\"wp-image-1810\" srcset=\"https:\/\/charcoalplant.com\/wp-content\/uploads\/2022\/01\/electric-wood-chipper-.jpg 720w, https:\/\/charcoalplant.com\/wp-content\/uploads\/2022\/01\/electric-wood-chipper--300x225.jpg 300w\" sizes=\"auto, (max-width: 720px) 100vw, 720px\" \/><figcaption class=\"wp-element-caption\">elektrischer Holzhacker<\/figcaption><\/figure> <\/figure>    <h3 class=\"wp-block-heading\" id=\"video-of-large-log-chipper\">Video eines gro\u00dfen Holzhackers<\/h3>    <figure class=\"wp-block-embed is-type-video is-provider-youtube wp-block-embed-youtube wp-embed-aspect-16-9 wp-has-aspect-ratio\"><div class=\"wp-block-embed__wrapper\"> <iframe loading=\"lazy\" title=\"Elektrischer Scheibenholzh\u00e4cksler | Bambuschips in Myanmar#DieselHolzhackger\u00e4te#Kokosnusschip\" width=\"500\" height=\"281\" src=\"https:\/\/www.youtube.com\/embed\/UZxMlI7kX_4?feature=oembed\" frameborder=\"0\" allow=\"accelerometer; autoplay; clipboard-write; encrypted-media; gyroscope; picture-in-picture; web-share\" referrerpolicy=\"strict-origin-when-cross-origin\" allowfullscreen><\/iframe> <\/div><\/figure>    <h2 class=\"wp-block-heading\" id=\"h-application-of-branch-chips\">Anwendung von Zweigchips<\/h2>    <ol class=\"wp-block-list\"> <li>Hackschnitzel k\u00f6nnen direkt verkauft oder zur Wiederaufbereitung an eine Papierfabrik geschickt werden. Um die Qualit\u00e4t der Hackschnitzel zu verbessern, m\u00fcssen Sie normales Holz oder Holz w\u00e4hlen <strong><a href=\"https:\/\/charcoalplant.com\/de\/wood-wastes-recycling-machine\/wood-peeling-machine\/\">entrindetes Holz<\/a><\/strong> um das Auftreten von Verunreinigungen zu reduzieren.<\/li>    <li>Die abgeschnittenen Astsp\u00e4ne k\u00f6nnen Sie als Biokraftstoff verwenden. Es besteht kein Bedarf an Holz oder B\u00e4umen, solange sie verbrannt werden k\u00f6nnen, k\u00f6nnen sie der Bioenergieanlage zugef\u00fchrt werden.<\/li>    <li>Holzsp\u00e4ne k\u00f6nnen auch kontinuierlich zu Holzkohle verkohlt werden <strong><a href=\"https:\/\/charcoalplant.com\/de\/carbonization-furnace\/rotary-carbonization-furnace\/\">Karbonisierungsofen<\/a><\/strong>.<\/li> <\/ol>    <h2 class=\"wp-block-heading\" id=\"h-shuliy-wood-chipper-machine-advantages\">Vorteile der Shuliy-Holzhackmaschine<\/h2>    <p class=\"translation-block\">Wir sind seit vielen Jahren in der Herstellung von Holzrecyclingger\u00e4ten t\u00e4tig und haben <strong><a href=\"https:\/\/charcoalplant.com\/de\/news\/transaction-case-of-a-wood-chipper-for-indonesian-customer\/\">reiche Erfahrung<\/a><\/strong>. Als Ihr starker Lieferant hat unser Diesel-Zweigschnitzler folgende Vorteile:<\/p>    <ol class=\"wp-block-list\" type=\"1\"> <li>Kompakte Struktur, exquisites Aussehen, anspruchsvolles und langlebiges Zubeh\u00f6r.<\/li>    <li>Bieten Sie L\u00f6sungen und ma\u00dfgeschneiderte Dienstleistungen an.<\/li>    <li>Sichere und komfortable Bedienung.<\/li>    <li>Breites Anwendungsspektrum und wettbewerbsf\u00e4higer Preis.<\/li>    <li>Geringer Verbrauch, hohe Leistung.<\/li> <\/ol>    <figure class=\"wp-block-gallery has-nested-images columns-default is-cropped wp-block-gallery-9 is-layout-flex wp-block-gallery-is-layout-flex\"> <figure class=\"wp-block-image size-large\"><img loading=\"lazy\" decoding=\"async\" width=\"720\" height=\"540\" data-id=\"2043\" src=\"https:\/\/charcoalplant.com\/wp-content\/uploads\/2022\/01\/eletric-wood-chipper-for-sale.jpg\" alt=\"Elektrischer Holzh\u00e4cksler zu verkaufen\" class=\"wp-image-2043\"\/><figcaption class=\"wp-element-caption\">Elektrischer Holzh\u00e4cksler zu verkaufen<\/figcaption><\/figure>    <figure class=\"wp-block-image size-large\"><img loading=\"lazy\" decoding=\"async\" width=\"720\" height=\"540\" data-id=\"697\" src=\"https:\/\/charcoalplant.com\/wp-content\/uploads\/2021\/11\/shipment-of-wood-chips-cutting-machine-1-1.jpg\" alt=\"Versand einer Hackschnitzelschneidemaschine\" class=\"wp-image-697\" srcset=\"https:\/\/charcoalplant.com\/wp-content\/uploads\/2021\/11\/shipment-of-wood-chips-cutting-machine-1-1.jpg 720w, https:\/\/charcoalplant.com\/wp-content\/uploads\/2021\/11\/shipment-of-wood-chips-cutting-machine-1-1-300x225.jpg 300w\" sizes=\"auto, (max-width: 720px) 100vw, 720px\" \/><figcaption class=\"wp-element-caption\">Versand einer Hackschnitzelschneidemaschine<\/figcaption><\/figure> <\/figure>    <h2 class=\"wp-block-heading\">Abschluss <\/h2>    <p class=\"translation-block\">Holzh\u00e4cksler sind eine effektive M\u00f6glichkeit, Baum\u00e4ste, Zweige und andere Holzabf\u00e4lle zu entsorgen. Sie k\u00f6nnen auch zur Verarbeitung von Holzabf\u00e4llen aus S\u00e4gewerken und anderen Holzverarbeitungsbetrieben eingesetzt werden. Holzh\u00e4cksler sind im Allgemeinen sicher in der Anwendung, aber es ist wichtig, die Anweisungen des Herstellers zu befolgen und geeignete Sicherheitsvorkehrungen zu treffen, wie das Tragen von Ohren- und Augenschutz. <a href=\"https:\/\/charcoalplant.com\/de\/\">Shuliy Maschinen<\/a> ist eine umfassende Fabrik f\u00fcr Holzrecyclingmaschinen. Wenn Sie an einer Holzschreddermaschine interessiert sind, kontaktieren Sie unseren Experten, um Ihr Projekt so schnell wie m\u00f6glich zu starten. <\/p>","protected":false},"excerpt":{"rendered":"<p> Log Chipper kann Bambus, Wurzeln usw. Chip -Shuliy -Dienste f\u00fcr Kunden anbieten. Bitte rufen Sie uns an, um Preis und Parameter zu erhalten.<\/p>","protected":false},"author":1,"featured_media":924,"parent":0,"template":"","tags":[64],"product-type":[3],"class_list":["post-580","product","type-product","status-publish","has-post-thumbnail","hentry","tag-wood-wastes-recycling-machine","product-type-wood-wastes-recycling-machine"],"_links":{"self":[{"href":"https:\/\/charcoalplant.com\/de\/wp-json\/wp\/v2\/product\/580","targetHints":{"allow":["GET"]}}],"collection":[{"href":"https:\/\/charcoalplant.com\/de\/wp-json\/wp\/v2\/product"}],"about":[{"href":"https:\/\/charcoalplant.com\/de\/wp-json\/wp\/v2\/types\/product"}],"author":[{"embeddable":true,"href":"https:\/\/charcoalplant.com\/de\/wp-json\/wp\/v2\/users\/1"}],"wp:featuredmedia":[{"embeddable":true,"href":"https:\/\/charcoalplant.com\/de\/wp-json\/wp\/v2\/media\/924"}],"wp:attachment":[{"href":"https:\/\/charcoalplant.com\/de\/wp-json\/wp\/v2\/media?parent=580"}],"wp:term":[{"taxonomy":"post_tag","embeddable":true,"href":"https:\/\/charcoalplant.com\/de\/wp-json\/wp\/v2\/tags?post=580"},{"taxonomy":"product-type","embeddable":true,"href":"https:\/\/charcoalplant.com\/de\/wp-json\/wp\/v2\/product-type?post=580"}],"curies":[{"name":"wp","href":"https:\/\/api.w.org\/{rel}","templated":true}]}}