{"id":584,"date":"2021-11-24T02:49:55","date_gmt":"2021-11-24T02:49:55","guid":{"rendered":"https:\/\/charcoalplant.com\/?p=584"},"modified":"2023-03-01T17:13:34","modified_gmt":"2023-03-01T09:13:34","slug":"wood-shaving-machine","status":"publish","type":"product","link":"https:\/\/charcoalplant.com\/de\/product\/wood-shaving-machine\/","title":{"rendered":"Holzschermaschine | Holzsp\u00e4ne f\u00fcr die Einstreu von Tieren"},"content":{"rendered":"<div class=\"kk-star-ratings kksr-auto kksr-align-left kksr-valign-top\"     data-payload='{&quot;align&quot;:&quot;left&quot;,&quot;id&quot;:&quot;584&quot;,&quot;slug&quot;:&quot;default&quot;,&quot;valign&quot;:&quot;top&quot;,&quot;ignore&quot;:&quot;&quot;,&quot;reference&quot;:&quot;auto&quot;,&quot;class&quot;:&quot;&quot;,&quot;count&quot;:&quot;14&quot;,&quot;legendonly&quot;:&quot;&quot;,&quot;readonly&quot;:&quot;&quot;,&quot;score&quot;:&quot;4.8&quot;,&quot;starsonly&quot;:&quot;&quot;,&quot;best&quot;:&quot;5&quot;,&quot;gap&quot;:&quot;5&quot;,&quot;greet&quot;:&quot;Rate this product&quot;,&quot;legend&quot;:&quot;4.8\\\/5 - (14 votes)&quot;,&quot;size&quot;:&quot;24&quot;,&quot;title&quot;:&quot;Wood Shaving Machine | Log Shavings For Animal Bedding&quot;,&quot;width&quot;:&quot;136.7&quot;,&quot;_legend&quot;:&quot;{score}\\\/{best} - ({count} {votes})&quot;,&quot;font_factor&quot;:&quot;1.25&quot;}'>              <div class=\"kksr-stars\">      <div class=\"kksr-stars-inactive\">             <div class=\"kksr-star\" data-star=\"1\" style=\"padding-right: 5px\">               <div class=\"kksr-icon\" style=\"width: 24px; height: 24px;\"><\/div>         <\/div>             <div class=\"kksr-star\" data-star=\"2\" style=\"padding-right: 5px\">               <div class=\"kksr-icon\" style=\"width: 24px; height: 24px;\"><\/div>         <\/div>             <div class=\"kksr-star\" data-star=\"3\" style=\"padding-right: 5px\">               <div class=\"kksr-icon\" style=\"width: 24px; height: 24px;\"><\/div>         <\/div>             <div class=\"kksr-star\" data-star=\"4\" style=\"padding-right: 5px\">               <div class=\"kksr-icon\" style=\"width: 24px; height: 24px;\"><\/div>         <\/div>             <div class=\"kksr-star\" data-star=\"5\" style=\"padding-right: 5px\">               <div class=\"kksr-icon\" style=\"width: 24px; height: 24px;\"><\/div>         <\/div>     <\/div>      <div class=\"kksr-stars-active\" style=\"width: 136.7px;\">             <div class=\"kksr-star\" style=\"padding-right: 5px\">               <div class=\"kksr-icon\" style=\"width: 24px; height: 24px;\"><\/div>         <\/div>             <div class=\"kksr-star\" style=\"padding-right: 5px\">               <div class=\"kksr-icon\" style=\"width: 24px; height: 24px;\"><\/div>         <\/div>             <div class=\"kksr-star\" style=\"padding-right: 5px\">               <div class=\"kksr-icon\" style=\"width: 24px; height: 24px;\"><\/div>         <\/div>             <div class=\"kksr-star\" style=\"padding-right: 5px\">               <div class=\"kksr-icon\" style=\"width: 24px; height: 24px;\"><\/div>         <\/div>             <div class=\"kksr-star\" style=\"padding-right: 5px\">               <div class=\"kksr-icon\" style=\"width: 24px; height: 24px;\"><\/div>         <\/div>     <\/div> <\/div>                   <div class=\"kksr-legend\" style=\"font-size: 19.2px;\">             4,8\/5 - (14 Stimmen)    <\/div>     <\/div>  <p class=\"translation-block\"><strong>Holzsp\u00e4ne-Maschine<\/strong> ist eine Maschine, die verwendet wird, um Holz in d\u00fcnne Sp\u00e4ne zu hobeln. Sie verwendet St\u00e4mme, massive Holzplatten und \u00c4ste als Rohmaterialien. Sp\u00e4ne k\u00f6nnen nicht nur f\u00fcr <strong><a href=\"https:\/\/charcoalplant.com\/de\/wood-wastes-recycling-machine\/wood-crusher-machine\/\">Papierherstellung, Pflanzenkulturmedium<\/a><\/strong> verwendet werden, sondern auch als Tierstreu. Zum Beispiel als F\u00fcllmaterial, und die Einstreu von Pferden, Kaninchen, Hunden, H\u00fchnernestern. Die Shuliy Holzsp\u00e4ne-Maschine zum Verkauf ist von hoher Qualit\u00e4t, voll von Funktionen und erschwinglich. Daher ist sie Ihr ideales Investitionsprojekt. Und wir hoffen aufrichtig, eine langfristige Zusammenarbeit mit Ihnen zu beginnen.<\/p>    <h2 class=\"wp-block-heading\" id=\"h-raw-materials-for-wood-shaving-machine\"><strong>Rohstoffe f\u00fcr Holzsp\u00e4nemaschine<\/strong><\/h2>    <p>Viele Kunden wissen, dass die Holzhobelmaschine Sp\u00e4ne aus Baumst\u00e4mmen und \u00c4sten herstellen kann. Tats\u00e4chlich k\u00f6nnen Massivholzplatten auch direkt als Rohstoff f\u00fcr Sp\u00e4ne verwendet werden. Die Herstellung von Holzsp\u00e4nen aus gesch\u00e4ltem Holz f\u00fchrt zu saubereren und teureren Sp\u00e4nen.<\/p>    <figure class=\"wp-block-gallery has-nested-images columns-2 is-cropped wp-block-gallery-2 is-layout-flex wp-block-gallery-is-layout-flex\"> <figure class=\"wp-block-image size-large\"><img loading=\"lazy\" decoding=\"async\" width=\"720\" height=\"540\" data-id=\"2130\" src=\"https:\/\/charcoalplant.com\/wp-content\/uploads\/2021\/11\/wood-board.jpg\" alt=\"Holzbrett\" class=\"wp-image-2130\"\/><figcaption class=\"wp-element-caption\">Holzbrett<\/figcaption><\/figure>    <figure class=\"wp-block-image size-large\"><img loading=\"lazy\" decoding=\"async\" width=\"720\" height=\"540\" data-id=\"2131\" src=\"https:\/\/charcoalplant.com\/wp-content\/uploads\/2022\/01\/peeled-log.jpg\" alt=\"gesch\u00e4lter Baumstamm\" class=\"wp-image-2131\"\/><figcaption class=\"wp-element-caption\">gesch\u00e4lter Baumstamm<\/figcaption><\/figure> <\/figure>    <h2 class=\"wp-block-heading\" id=\"h-features-of-log-shaver\"><strong>Merkmale der Holzhobelmaschine<\/strong><\/h2>    <p>Rasierwerkzeuge gab es schon immer. Obwohl es sich bei herk\u00f6mmlichen Rasierwerkzeugen und Rasierwerkzeugen um Werkzeuge zur Herstellung von Holzsp\u00e4nen handelt. Dennoch unterscheiden sie sich hinsichtlich Effizienz, Sicherheit und Rasierqualit\u00e4t erheblich. Die verbesserte Holzhobelmaschine weist nun folgende Eigenschaften auf:<\/p>    <p class=\"translation-block\"><strong>1. Einfache Bedienung<\/strong><\/p>    <p>Im Vergleich zu herk\u00f6mmlichen und nicht verbesserten Rasiermaschinen ist diese Maschine einfacher zu bedienen. Daher ist es nicht erforderlich, dass der Bediener \u00fcber Kenntnisse im Umgang mit der Rasiermaschine verf\u00fcgt.<\/p>    <figure class=\"wp-block-gallery has-nested-images columns-default is-cropped wp-block-gallery-3 is-layout-flex wp-block-gallery-is-layout-flex\"> <figure class=\"wp-block-image size-large\"><img loading=\"lazy\" decoding=\"async\" width=\"720\" height=\"540\" data-id=\"2136\" src=\"https:\/\/charcoalplant.com\/wp-content\/uploads\/2022\/01\/traditional-wood-shaver-1.jpg\" alt=\"Traditioneller Holzrasierer\" class=\"wp-image-2136\"\/><figcaption class=\"wp-element-caption\">Traditioneller Holzrasierer<\/figcaption><\/figure>    <figure class=\"wp-block-image size-large\"><img loading=\"lazy\" decoding=\"async\" width=\"720\" height=\"540\" data-id=\"2134\" src=\"https:\/\/charcoalplant.com\/wp-content\/uploads\/2022\/01\/electric-wood-shaving-machine-manufacturer.jpg\" alt=\"Hersteller von elektrischen Holzhobelmaschinen\" class=\"wp-image-2134\"\/><figcaption class=\"wp-element-caption\">Hersteller von elektrischen Holzhobelmaschinen<\/figcaption><\/figure> <\/figure>    <p class=\"translation-block\"><strong>2. Hohe Effizienz<\/strong><\/p>    <p class=\"translation-block\">Tats\u00e4chlich arbeiten sie auf dieselbe Weise. Beide kontrollieren die Dicke der Sp\u00e4ne, indem der Abstand zwischen der <strong><a href=\"https:\/\/charcoalplant.com\/de\/news\/common-faults-of-wood-shaving-machines\/\">Klinge und der Sperrplatte<\/a><\/strong> eingestellt wird. Aber die Anzahl der S\u00e4genmesser eines Holzzerspaners kann erh\u00f6ht werden. Dadurch kann eine gro\u00dfe Anzahl von Sp\u00e4nen schnell mit einer Holzspalter-Maschine gewonnen werden.<\/p>    <p class=\"translation-block\"><strong>3. Sicher<\/strong><\/p>    <p>Das Geh\u00e4use des Flockenmachers verf\u00fcgt \u00fcber eine Metallabdeckung, die die Schneidteile abdeckt. Daher spritzt das S\u00e4gemehl nicht heraus. Dar\u00fcber hinaus sind die Kunden w\u00e4hrend des gesamten Vorgangs sehr sicher.<\/p>    <figure class=\"wp-block-gallery has-nested-images columns-default is-cropped wp-block-gallery-4 is-layout-flex wp-block-gallery-is-layout-flex\"> <figure class=\"wp-block-image size-large\"><img loading=\"lazy\" decoding=\"async\" width=\"720\" height=\"540\" data-id=\"2137\" src=\"https:\/\/charcoalplant.com\/wp-content\/uploads\/2022\/01\/blade-2.jpg\" alt=\"Klinge-\" class=\"wp-image-2137\"\/><figcaption class=\"wp-element-caption\">Klinge<\/figcaption><\/figure>    <figure class=\"wp-block-image size-large\"><img loading=\"lazy\" decoding=\"async\" width=\"720\" height=\"540\" data-id=\"2138\" src=\"https:\/\/charcoalplant.com\/wp-content\/uploads\/2022\/01\/shavings-machine-show.jpg\" alt=\"Sp\u00e4nemaschinen-Show\" class=\"wp-image-2138\"\/><figcaption class=\"wp-element-caption\">Sp\u00e4nemaschinen-Show<\/figcaption><\/figure> <\/figure>    <p class=\"translation-block\"><strong>4. Vielf\u00e4ltige Sp\u00e4ne<\/strong><\/p>    <p>Erstens kann die Dicke der Sp\u00e4ne durch die Einstellung des Winkels der Klinge eingestellt werden. Zweitens kann die Spangr\u00f6\u00dfe durch den Einbau von H\u00e4mmern erreicht werden. So kann eine Vielzahl von Sp\u00e4nen hergestellt werden, die den Anforderungen mehrerer Bereiche gerecht werden.<\/p>    <figure class=\"wp-block-gallery has-nested-images columns-default is-cropped wp-block-gallery-5 is-layout-flex wp-block-gallery-is-layout-flex\"> <figure class=\"wp-block-image size-large\"><img loading=\"lazy\" decoding=\"async\" width=\"1024\" height=\"768\" data-id=\"2132\" src=\"https:\/\/charcoalplant.com\/wp-content\/uploads\/2022\/01\/wood-shavings.jpg\" alt=\"Holzsp\u00e4ne\" class=\"wp-image-2132\"\/><figcaption class=\"wp-element-caption\">Holzsp\u00e4ne<\/figcaption><\/figure>    <figure class=\"wp-block-image size-large\"><img loading=\"lazy\" decoding=\"async\" width=\"750\" height=\"666\" data-id=\"2139\" src=\"https:\/\/charcoalplant.com\/wp-content\/uploads\/2022\/01\/wood-shaving-machine-with-hammer.jpg\" alt=\"Holzhobelmaschine mit Hammer\" class=\"wp-image-2139\"\/><figcaption class=\"wp-element-caption\">Holzhobelmaschine mit Hammer<\/figcaption><\/figure> <\/figure>    <h2 class=\"wp-block-heading\" id=\"h-wood-shaving-machine-for-sale\"><strong>Klein<\/strong> <strong>Holzhobelmaschine zu verkaufen<\/strong><\/h2>    <p>Als bekannter Hersteller in China erh\u00e4lt Shuliy Machinery Auftr\u00e4ge von Kunden aus den Philippinen, Malaysia, Indonesien, Kanada, Australien, Kongo, Nigeria, Sudan, Saudi-Arabien, den Vereinigten Staaten, Indien, Russland, der Mongolei, Kasachstan und anderen L\u00e4ndern L\u00e4nder. Die von uns verkaufte Holzsp\u00e4nemaschine verf\u00fcgt \u00fcber Elektro- und Dieselausr\u00fcstung, um den unterschiedlichen Produktionsbedingungen der Kunden gerecht zu werden. Dar\u00fcber hinaus bieten wir auch f\u00fcr die Land- und Forstwirtschaft geeignete mobile Ger\u00e4te und F\u00f6rderer zur Beschickung und Entladung an.<\/p>    <figure class=\"wp-block-gallery has-nested-images columns-default is-cropped wp-block-gallery-6 is-layout-flex wp-block-gallery-is-layout-flex\"> <figure class=\"wp-block-image size-large\"><img loading=\"lazy\" decoding=\"async\" width=\"720\" height=\"540\" data-id=\"2140\" src=\"https:\/\/charcoalplant.com\/wp-content\/uploads\/2022\/01\/shippment.jpg\" alt=\"Versand\" class=\"wp-image-2140\"\/><figcaption class=\"wp-element-caption\">Versand<\/figcaption><\/figure> <\/figure>    <p>Wir bieten Dienstleistungen zur Anpassung der Ausr\u00fcstung an. Und so k\u00f6nnen Sie uns eine Nachricht hinterlassen oder anrufen, um sich nach der Holzhobelmaschine und dem Zubeh\u00f6r zu erkundigen, die Sie ben\u00f6tigen.<\/p>    <h2 class=\"wp-block-heading\" id=\"h-log-sawdust-for-animal-bedding-specification\"><strong>Beste kommerzielle Holzsp\u00e4nemaschinenspezifikation<\/strong><\/h2>    <p>Die Holzh\u00e4cksler SL-WS420, SL-WS600 und SL-WS800 sind unsere drei beliebtesten Modelle. Und um den Anforderungen von Gro\u00dfger\u00e4ten gerecht zu werden, stellen wir unseren Kunden F\u00f6rderb\u00e4nder und Schaltschr\u00e4nke zur Verf\u00fcgung. Wenn Sie Informationen zu Gro\u00dfger\u00e4ten ben\u00f6tigen, kontaktieren Sie uns jetzt. Sie erhalten Produktbilder, Preise und Videos.<\/p>    <figure class=\"wp-block-table is-style-stripes\"><table><tbody><tr><td>MODELL<\/td><td>KAPAZIT\u00c4T<\/td><td>EINGABEGR\u00d6SSE<\/td><td>LEISTUNG<\/td><\/tr><tr><td>SL-WS420<\/td><td>300 kg\/h<\/td><td>6cm<\/td><td>7,5 kW<\/td><\/tr><tr><td>SL-WS600<\/td><td>500 kg\/h<\/td><td>12cm<\/td><td>15 kW<\/td><\/tr><tr><td>SL-WS800<\/td><td>1000 kg\/h<\/td><td>16cm<\/td><td>30 kW<\/td><\/tr><tr><td>SL-WS1000<\/td><td>1500 kg\/h<\/td><td>20cm<\/td><td>55 kW<\/td><\/tr><tr><td>SL-WS1200<\/td><td>2000 kg\/h<\/td><td>24cm<\/td><td>55 kW<\/td><\/tr><tr><td>SL-WS1500<\/td><td>2500 kg\/h<\/td><td>32cm<\/td><td>75 kW<\/td><\/tr><\/tbody><\/table><\/figure>    <h2 class=\"wp-block-heading\" id=\"video-of-wood-shavings-making-machine\"><strong>Video einer Maschine zur Herstellung von Holzsp\u00e4nen<\/strong><\/h2>    <p>Der Prozess der Sp\u00e4neherstellung ist sehr dekomprimierend. Weil es nicht viel Staub produziert. Das Folgende ist das relevante Video, das von unserer Fabrik aufgenommen wurde. Sie k\u00f6nnen es sich gerne ansehen.<\/p>    <figure class=\"wp-block-embed is-type-video is-provider-youtube wp-block-embed-youtube wp-embed-aspect-16-9 wp-has-aspect-ratio\"><div class=\"wp-block-embed__wrapper\"> <iframe loading=\"lazy\" title=\"Maschine zur Herstellung von Holzsp\u00e4nen | Sp\u00e4ne f\u00fcr Tierstreu#Holzsp\u00e4ne #Pferdestreu\" width=\"500\" height=\"281\" src=\"https:\/\/www.youtube.com\/embed\/kjd66dyTixY?feature=oembed\" frameborder=\"0\" allow=\"accelerometer; autoplay; clipboard-write; encrypted-media; gyroscope; picture-in-picture; web-share\" referrerpolicy=\"strict-origin-when-cross-origin\" allowfullscreen><\/iframe> <\/div><\/figure>    <h2 class=\"wp-block-heading\" id=\"h-how-much-is-an-animal-bedding-shaving-machine\"><strong>Wie viel kostet eine Holzhobelmaschine?<\/strong><\/h2>    <p>Verschiedene Hersteller von Sch\u00e4lmaschinen geben unterschiedliche Preise an. Wir k\u00f6nnen Ihnen wettbewerbsf\u00e4hige Preise garantieren und gleichzeitig eine erstklassige Produktqualit\u00e4t und einen guten Service gew\u00e4hrleisten. Die Produktpreise werden auch von Bedingungen wie Transportmethoden, Maschinenspezifikationen und Ersatzteilen beeinflusst. Wenn Sie den genauen Preis erfahren m\u00f6chten, kontaktieren Sie uns bitte umgehend. Sie erhalten dann die aktuelle Preisliste f\u00fcr Holzhobelmaschinen.<\/p>    <figure class=\"wp-block-gallery has-nested-images columns-default is-cropped wp-block-gallery-7 is-layout-flex wp-block-gallery-is-layout-flex\"> <figure class=\"wp-block-image size-large\"><img loading=\"lazy\" decoding=\"async\" width=\"720\" height=\"540\" data-id=\"2141\" src=\"https:\/\/charcoalplant.com\/wp-content\/uploads\/2022\/01\/large-sawdust-machine-show.jpg\" alt=\"Gro\u00dfe S\u00e4gemehlmaschinen-Show\" class=\"wp-image-2141\"\/><figcaption class=\"wp-element-caption\">Gro\u00dfe S\u00e4gemehlmaschinen-Show<\/figcaption><\/figure>    <figure class=\"wp-block-image size-large\"><img loading=\"lazy\" decoding=\"async\" width=\"720\" height=\"540\" data-id=\"2142\" src=\"https:\/\/charcoalplant.com\/wp-content\/uploads\/2022\/01\/wood-shaver-chipper-for-sale.jpg\" alt=\"Holzhobel-H\u00e4cksler zu verkaufen\" class=\"wp-image-2142\"\/><figcaption class=\"wp-element-caption\">Holzhobel-H\u00e4cksler zu verkaufen<\/figcaption><\/figure> <\/figure>    <h2 class=\"wp-block-heading\" id=\"h-what-is-a-good-use-for-wood-shavings\"><strong>Wof\u00fcr eignen sich Holzsp\u00e4ne?<\/strong><strong><\/strong><\/h2>    <p>Die urspr\u00fcnglichen Eigenschaften von Holzsp\u00e4nen machen sie sehr n\u00fctzlich und sehr praktisch. Werfen wir einen Blick auf die spezifischen Anwendungen.<\/p>    <p class=\"translation-block\"><strong>1. F\u00fcller f\u00fcr Verpackungen<\/strong><strong><\/strong><\/p>    <p>Die Holzsp\u00e4ne sind weich und umweltfreundlich, was sich sehr gut zum Verpacken und Abf\u00fcllen zerbrechlicher Produkte eignet. Es gibt auch F\u00fcllmaterialien wie Kunststoff und Schaumstoff auf dem Markt, aber tats\u00e4chlich sind Holzsp\u00e4ne die beliebtesten. Es ist nicht nur wirtschaftlich und umweltfreundlich, sondern auch feuchtigkeitsbeseitigend und frischhaltend. Es ist sehr hochwertig.<\/p>    <figure class=\"wp-block-gallery has-nested-images columns-default is-cropped wp-block-gallery-8 is-layout-flex wp-block-gallery-is-layout-flex\"> <figure class=\"wp-block-image size-large\"><img loading=\"lazy\" decoding=\"async\" width=\"720\" height=\"540\" data-id=\"748\" src=\"https:\/\/charcoalplant.com\/wp-content\/uploads\/2021\/11\/Stuffing-and-packaging-1.jpg\" alt=\"F\u00fcllen und Verpacken\" class=\"wp-image-748\" srcset=\"https:\/\/charcoalplant.com\/wp-content\/uploads\/2021\/11\/Stuffing-and-packaging-1.jpg 720w, https:\/\/charcoalplant.com\/wp-content\/uploads\/2021\/11\/Stuffing-and-packaging-1-300x225.jpg 300w\" sizes=\"auto, (max-width: 720px) 100vw, 720px\" \/><figcaption class=\"wp-element-caption\">F\u00fcllen und Verpacken<\/figcaption><\/figure>    <figure class=\"wp-block-image size-large\"><img loading=\"lazy\" decoding=\"async\" width=\"720\" height=\"540\" data-id=\"2145\" src=\"https:\/\/charcoalplant.com\/wp-content\/uploads\/2022\/01\/flake-1.jpg\" alt=\"Flocke\" class=\"wp-image-2145\"\/><figcaption class=\"wp-element-caption\">Flocke<\/figcaption><\/figure> <\/figure>    <p class=\"translation-block\"><strong>2. Tier <\/strong><strong> bedding<\/strong><strong><\/strong><\/p>    <p>Das h\u00e4ufigste Nest eines kleinen Hamsters enth\u00e4lt viele Holzsp\u00e4ne. Tats\u00e4chlich ist es sehr n\u00fctzlich. Halten Sie sich zun\u00e4chst warm. Wir alle wissen, dass Hamster Angst vor K\u00e4lte haben, daher kann es ihnen helfen, ein paar Sp\u00e4ne ins Nest zu legen, um sie warm zu halten. Zweitens Entfeuchtung und Desodorierung. Der Hamster wird \u00fcberall seinen Stuhlgang haben und es ist nicht leicht zu reinigen. Reinigen Sie zu diesem Zeitpunkt einfach die kontaminierten und f\u00fcllen Sie einige neue ein. Drittens Sicherheit und Gesundheit. S\u00e4gemehl wird urspr\u00fcnglich aus B\u00e4umen hergestellt. Tiere sehnen sich nach der Natur, und auch dieses Protokoll spiegelt dies wider.<\/p>    <figure class=\"wp-block-gallery has-nested-images columns-default is-cropped wp-block-gallery-9 is-layout-flex wp-block-gallery-is-layout-flex\"> <figure class=\"wp-block-image size-large\"><img loading=\"lazy\" decoding=\"async\" width=\"720\" height=\"540\" data-id=\"739\" src=\"https:\/\/charcoalplant.com\/wp-content\/uploads\/2021\/11\/shaver-for-hamsters-bedding-1.jpg\" alt=\"Rasierer f\u00fcr Hamsterbettw\u00e4sche\" class=\"wp-image-739\" srcset=\"https:\/\/charcoalplant.com\/wp-content\/uploads\/2021\/11\/shaver-for-hamsters-bedding-1.jpg 720w, https:\/\/charcoalplant.com\/wp-content\/uploads\/2021\/11\/shaver-for-hamsters-bedding-1-300x225.jpg 300w\" sizes=\"auto, (max-width: 720px) 100vw, 720px\" \/><figcaption class=\"wp-element-caption\">Rasierer f\u00fcr Hamsterbettw\u00e4sche<\/figcaption><\/figure>    <figure class=\"wp-block-image size-large\"><img loading=\"lazy\" decoding=\"async\" width=\"720\" height=\"540\" data-id=\"740\" src=\"https:\/\/charcoalplant.com\/wp-content\/uploads\/2021\/11\/shaver-for-chicken-bedding-1.jpg\" alt=\"Rasierer f\u00fcr H\u00fchnerbettw\u00e4sche\" class=\"wp-image-740\" srcset=\"https:\/\/charcoalplant.com\/wp-content\/uploads\/2021\/11\/shaver-for-chicken-bedding-1.jpg 720w, https:\/\/charcoalplant.com\/wp-content\/uploads\/2021\/11\/shaver-for-chicken-bedding-1-300x225.jpg 300w\" sizes=\"auto, (max-width: 720px) 100vw, 720px\" \/><figcaption class=\"wp-element-caption\">Rasierer f\u00fcr H\u00fchnerbettw\u00e4sche<\/figcaption><\/figure> <\/figure>    <p class=\"translation-block\"><strong>3. Pflanzenkulturmedium<\/strong><strong><\/strong><\/p>    <p>In den kleinen T\u00f6pfen finden wir Holzsp\u00e4ne. Es spielt eine Rolle bei der Wasserspeicherung und der Verbesserung der Bodenweichheit.<\/p>    <figure class=\"wp-block-gallery has-nested-images columns-default is-cropped wp-block-gallery-10 is-layout-flex wp-block-gallery-is-layout-flex\"> <figure class=\"wp-block-image size-large\"><img loading=\"lazy\" decoding=\"async\" width=\"756\" height=\"228\" data-id=\"2143\" src=\"https:\/\/charcoalplant.com\/wp-content\/uploads\/2022\/01\/medium.jpg\" alt=\"Medium\" class=\"wp-image-2143\"\/><figcaption class=\"wp-element-caption\">Medium<\/figcaption><\/figure> <\/figure>    <h2 class=\"wp-block-heading\">Vorteile der Verwendung einer Holzhobelmaschine<\/h2>    <ul class=\"wp-block-list\"> <li><strong>Erh\u00f6hte Geschwindigkeit und Effizienz:<\/strong> Holzsp\u00e4nemaschinen k\u00f6nnen in kurzer Zeit eine gro\u00dfe Menge an Sp\u00e4nen produzieren und sind daher effizient f\u00fcr diejenigen, die regelm\u00e4\u00dfig viel Holz verarbeiten m\u00fcssen.<\/li>    <li><strong>H\u00f6here Pr\u00e4zision:<\/strong> Holzhobelmaschinen sind pr\u00e4ziser als handgef\u00fchrte Holzhobelmaschinen und eignen sich daher gut f\u00fcr pr\u00e4zise Schnitte oder Formen.<\/li>    <li><strong>Einfacher zu verwenden:<\/strong> Holzhobelmaschinen sind im Allgemeinen einfacher zu bedienen als handgef\u00fchrte Holzhobelmaschinen, was sie zu einer guten Wahl f\u00fcr diejenigen macht, die neu in der Holzbearbeitung sind oder wenig Erfahrung mit Handwerkzeugen haben.<\/li> <\/ul>","protected":false},"excerpt":{"rendered":"<p>Die Holzrasurmaschine ist ein wichtiges Werkzeug, um Tierbettsp\u00e4ne zu machen, Materialien f\u00fcr fragile Produkte und pflanzliche Kulturmedien zu f\u00fcllen.<\/p>","protected":false},"author":1,"featured_media":2133,"parent":0,"template":"","tags":[64],"product-type":[3],"class_list":["post-584","product","type-product","status-publish","has-post-thumbnail","hentry","tag-wood-wastes-recycling-machine","product-type-wood-wastes-recycling-machine"],"_links":{"self":[{"href":"https:\/\/charcoalplant.com\/de\/wp-json\/wp\/v2\/product\/584","targetHints":{"allow":["GET"]}}],"collection":[{"href":"https:\/\/charcoalplant.com\/de\/wp-json\/wp\/v2\/product"}],"about":[{"href":"https:\/\/charcoalplant.com\/de\/wp-json\/wp\/v2\/types\/product"}],"author":[{"embeddable":true,"href":"https:\/\/charcoalplant.com\/de\/wp-json\/wp\/v2\/users\/1"}],"wp:featuredmedia":[{"embeddable":true,"href":"https:\/\/charcoalplant.com\/de\/wp-json\/wp\/v2\/media\/2133"}],"wp:attachment":[{"href":"https:\/\/charcoalplant.com\/de\/wp-json\/wp\/v2\/media?parent=584"}],"wp:term":[{"taxonomy":"post_tag","embeddable":true,"href":"https:\/\/charcoalplant.com\/de\/wp-json\/wp\/v2\/tags?post=584"},{"taxonomy":"product-type","embeddable":true,"href":"https:\/\/charcoalplant.com\/de\/wp-json\/wp\/v2\/product-type?post=584"}],"curies":[{"name":"wp","href":"https:\/\/api.w.org\/{rel}","templated":true}]}}