{"id":589,"date":"2021-11-24T02:51:39","date_gmt":"2021-11-24T02:51:39","guid":{"rendered":"https:\/\/charcoalplant.com\/?p=589"},"modified":"2022-06-10T02:17:47","modified_gmt":"2022-06-10T02:17:47","slug":"hammer-mill","status":"publish","type":"product","link":"https:\/\/charcoalplant.com\/de\/product\/hammer-mill\/","title":{"rendered":"Hammerm\u00fchle | Holzabfallzerkleinerer"},"content":{"rendered":"<div class=\"kk-star-ratings kksr-auto kksr-align-left kksr-valign-top\"     data-payload='{&quot;align&quot;:&quot;left&quot;,&quot;id&quot;:&quot;589&quot;,&quot;slug&quot;:&quot;default&quot;,&quot;valign&quot;:&quot;top&quot;,&quot;ignore&quot;:&quot;&quot;,&quot;reference&quot;:&quot;auto&quot;,&quot;class&quot;:&quot;&quot;,&quot;count&quot;:&quot;21&quot;,&quot;legendonly&quot;:&quot;&quot;,&quot;readonly&quot;:&quot;&quot;,&quot;score&quot;:&quot;4.6&quot;,&quot;starsonly&quot;:&quot;&quot;,&quot;best&quot;:&quot;5&quot;,&quot;gap&quot;:&quot;5&quot;,&quot;greet&quot;:&quot;Rate this product&quot;,&quot;legend&quot;:&quot;4.6\\\/5 - (21 votes)&quot;,&quot;size&quot;:&quot;24&quot;,&quot;title&quot;:&quot;Hammer Mill | Wood Wastes Grinder&quot;,&quot;width&quot;:&quot;130.9&quot;,&quot;_legend&quot;:&quot;{score}\\\/{best} - ({count} {votes})&quot;,&quot;font_factor&quot;:&quot;1.25&quot;}'>              <div class=\"kksr-stars\">      <div class=\"kksr-stars-inactive\">             <div class=\"kksr-star\" data-star=\"1\" style=\"padding-right: 5px\">               <div class=\"kksr-icon\" style=\"width: 24px; height: 24px;\"><\/div>         <\/div>             <div class=\"kksr-star\" data-star=\"2\" style=\"padding-right: 5px\">               <div class=\"kksr-icon\" style=\"width: 24px; height: 24px;\"><\/div>         <\/div>             <div class=\"kksr-star\" data-star=\"3\" style=\"padding-right: 5px\">               <div class=\"kksr-icon\" style=\"width: 24px; height: 24px;\"><\/div>         <\/div>             <div class=\"kksr-star\" data-star=\"4\" style=\"padding-right: 5px\">               <div class=\"kksr-icon\" style=\"width: 24px; height: 24px;\"><\/div>         <\/div>             <div class=\"kksr-star\" data-star=\"5\" style=\"padding-right: 5px\">               <div class=\"kksr-icon\" style=\"width: 24px; height: 24px;\"><\/div>         <\/div>     <\/div>      <div class=\"kksr-stars-active\" style=\"width: 130.9px;\">             <div class=\"kksr-star\" style=\"padding-right: 5px\">               <div class=\"kksr-icon\" style=\"width: 24px; height: 24px;\"><\/div>         <\/div>             <div class=\"kksr-star\" style=\"padding-right: 5px\">               <div class=\"kksr-icon\" style=\"width: 24px; height: 24px;\"><\/div>         <\/div>             <div class=\"kksr-star\" style=\"padding-right: 5px\">               <div class=\"kksr-icon\" style=\"width: 24px; height: 24px;\"><\/div>         <\/div>             <div class=\"kksr-star\" style=\"padding-right: 5px\">               <div class=\"kksr-icon\" style=\"width: 24px; height: 24px;\"><\/div>         <\/div>             <div class=\"kksr-star\" style=\"padding-right: 5px\">               <div class=\"kksr-icon\" style=\"width: 24px; height: 24px;\"><\/div>         <\/div>     <\/div> <\/div>                   <div class=\"kksr-legend\" style=\"font-size: 19.2px;\">             4,6\/5 - (21 Stimmen)    <\/div>     <\/div>  <p class=\"translation-block\"><strong>Hammer Mill<\/strong> ist eine erweiterte Version des <strong><a href=\"https:\/\/charcoalplant.com\/de\/wood-crusher-machine\/\">wood shredder<\/a><\/strong>. Da es die Rohmaterialien sehr schonend verarbeiten kann. Noch wichtiger ist, dass es eine Vielzahl von Rohmaterialien verarbeiten kann. Wie z.B. Papier, Kokosnussschalen, Zweige, medizinische Materialien, Kunststoffe usw. Daher ist es eine unverzichtbare Maschine in einigen Recycling-Produktionslinien. Gleichzeitig ist es auch eines der lukrativsten Projekte. Shuliy <strong><a href=\"https:\/\/charcoalplant.com\/de\/info\/complete-set-of-animal-feed-making-machines-exported-to-saudi-arabia\/\">Hammer milling machine<\/a><\/strong> besitzt Merkmale wie hohe Qualit\u00e4t, gute Leistung, hohe Effizienz und energiesparendes Design sowie eine breite Anwendungsvielfalt. Starten Sie jetzt Ihr Gesch\u00e4ft, und wir gew\u00e4hren Ihnen einen gro\u00dfen Rabatt.<\/p>    <h2 class=\"wp-block-heading\" id=\"h-raw-materials-for-hammer-mill\"><strong>Rohstoffe f\u00fcr Hammerm\u00fchle<\/strong><\/h2>    <p>Kommerzielle Hammerm\u00fchlen werden h\u00e4ufiger eingesetzt als gew\u00f6hnliche Holzbrecher, da sie eine h\u00f6here Leistung und mehr Arten von Fertigprodukten bieten. Die Rohstoffe, mit denen es umgehen kann, lassen sich in die folgenden Kategorien einteilen. <\/p>    <ul class=\"wp-block-list\"><li>Holzmaterialien: Baumst\u00e4mme, Hackschnitzel, Holzbretter, \u00c4ste, Bambus, Pappeln, Obstb\u00e4ume usw. <\/li><li>Getreide: Mais, Weizen, Sorghum, Buchweizen, Sojabohnen usw. <\/li><li>Holzkohle: Rohkohle, Bambuskohle, Fruchtkohle, Kokosnussschalenkohle usw. <\/li><li>Fasern: Reisstroh, Stroh, Weizenstroh, Baumwoll- und Hanfstroh usw. <\/li><li>Andere: Pappkartons, Kokosnussschalen, chinesische Kr\u00e4utermedizin, Futter usw.  <\/li><\/ul>    <figure class=\"wp-block-gallery has-nested-images columns-4 is-cropped wp-block-gallery-2 is-layout-flex wp-block-gallery-is-layout-flex\"> <figure class=\"wp-block-image size-large\"><img loading=\"lazy\" decoding=\"async\" width=\"720\" height=\"540\" data-id=\"2063\" src=\"https:\/\/charcoalplant.com\/wp-content\/uploads\/2021\/11\/bamboo.jpg\" alt=\"Bambus\" class=\"wp-image-2063\"\/><figcaption>Bambus<\/figcaption><\/figure>    <figure class=\"wp-block-image size-large\"><img loading=\"lazy\" decoding=\"async\" width=\"720\" height=\"540\" data-id=\"2064\" src=\"https:\/\/charcoalplant.com\/wp-content\/uploads\/2021\/11\/Chinese-herbal-medicine.jpg\" alt=\"Chinesische Kr\u00e4utermedizin\" class=\"wp-image-2064\"\/><figcaption>Chinesische Kr\u00e4utermedizin<\/figcaption><\/figure>    <figure class=\"wp-block-image size-large\"><img loading=\"lazy\" decoding=\"async\" width=\"720\" height=\"540\" data-id=\"2066\" src=\"https:\/\/charcoalplant.com\/wp-content\/uploads\/2021\/11\/wastes-wood-chips.jpg\" alt=\"verschwendet Holzsp\u00e4ne\" class=\"wp-image-2066\"\/><figcaption>verschwendet Holzsp\u00e4ne<\/figcaption><\/figure>    <figure class=\"wp-block-image size-large\"><img loading=\"lazy\" decoding=\"async\" width=\"720\" height=\"540\" data-id=\"2087\" src=\"https:\/\/charcoalplant.com\/wp-content\/uploads\/2022\/01\/carton-box.jpg\" alt=\"Karton\" class=\"wp-image-2087\"\/><figcaption>Karton<\/figcaption><\/figure>    <figure class=\"wp-block-image size-large\"><img loading=\"lazy\" decoding=\"async\" width=\"720\" height=\"540\" data-id=\"2088\" src=\"https:\/\/charcoalplant.com\/wp-content\/uploads\/2022\/01\/charcoal.jpg\" alt=\"Holzkohle\" class=\"wp-image-2088\"\/><figcaption>Holzkohle<\/figcaption><\/figure>    <figure class=\"wp-block-image size-large\"><img loading=\"lazy\" decoding=\"async\" width=\"720\" height=\"540\" data-id=\"2089\" src=\"https:\/\/charcoalplant.com\/wp-content\/uploads\/2022\/01\/coconut-shell.jpg\" alt=\"Kokosnussschale\" class=\"wp-image-2089\"\/><figcaption>Kokosnussschale<\/figcaption><\/figure>    <figure class=\"wp-block-image size-large\"><img loading=\"lazy\" decoding=\"async\" width=\"720\" height=\"540\" data-id=\"2090\" src=\"https:\/\/charcoalplant.com\/wp-content\/uploads\/2022\/01\/corn-and-bean.jpg\" alt=\"Mais und Bohnen\" class=\"wp-image-2090\"\/><figcaption>Mais und Bohnen<\/figcaption><\/figure> <\/figure>    <h2 class=\"wp-block-heading\" id=\"h-operating-principle-of-wood-wastes-grinder\"><strong>Funktionsprinzip des Holzabfallzerkleinerers <\/strong><\/h2>    <p>Das Hauptfunktionsprinzip der Hammerm\u00fchle besteht darin, dass der mit hoher Geschwindigkeit rotierende Rotor den Hammer der Hauptwelle so antreibt, dass er sich mit hoher Geschwindigkeit dreht. Sobald das Rohmaterial den Hammer passiert, wird es sofort zerkleinert. Daher handelt es sich um ein Zerkleinerungsger\u00e4t, das nachhaltig arbeitet.<\/p>    <figure class=\"wp-block-gallery has-nested-images columns-default is-cropped wp-block-gallery-3 is-layout-flex wp-block-gallery-is-layout-flex\"> <figure class=\"wp-block-image size-large\"><img loading=\"lazy\" decoding=\"async\" width=\"720\" height=\"540\" data-id=\"2068\" src=\"https:\/\/charcoalplant.com\/wp-content\/uploads\/2022\/01\/HM1300-wood-crusher.jpg\" alt=\"HM1300-Holzbrecher\" class=\"wp-image-2068\"\/><figcaption>HM1300-Holzbrecher<\/figcaption><\/figure>    <figure class=\"wp-block-image size-large\"><img loading=\"lazy\" decoding=\"async\" width=\"720\" height=\"540\" data-id=\"2069\" src=\"https:\/\/charcoalplant.com\/wp-content\/uploads\/2022\/01\/large-campcity-hammer-mill.jpg\" alt=\"Gro\u00dfcamping-Hammerm\u00fchle\" class=\"wp-image-2069\"\/><figcaption>Gro\u00dfcamping-Hammerm\u00fchle<\/figcaption><\/figure> <\/figure>    <h2 class=\"wp-block-heading\" id=\"video-of-hammer-crusher-crushing\"><strong>Video<\/strong> <strong>von<\/strong> <strong>Hammerbrecherzerkleinerung <\/strong><\/h2>    <p>Hammerm\u00fchle hat eine starke Brechkraft. Somit kann das fertige Holzhacker- und Holzzerkleinerer weiterverarbeitet werden. Durch das Video k\u00f6nnen Sie die Vorteile der hohen Effizienz und der einfachen Bedienung deutlich erkennen.<\/p>    <figure class=\"wp-block-embed is-type-video is-provider-youtube wp-block-embed-youtube wp-embed-aspect-16-9 wp-has-aspect-ratio\"><div class=\"wp-block-embed__wrapper\"> <iframe loading=\"lazy\" title=\"Hei\u00dfer Verkauf Kokosnussschalen-Hammerm\u00fchle | Strohzerkleinerer f\u00fcr Tierfutterfabrik#Biomasse#Holzkohlezerkleinerung\" width=\"500\" height=\"281\" src=\"https:\/\/www.youtube.com\/embed\/Jvb6txakGeQ?feature=oembed\" frameborder=\"0\" allow=\"accelerometer; autoplay; clipboard-write; encrypted-media; gyroscope; picture-in-picture; web-share\" referrerpolicy=\"strict-origin-when-cross-origin\" allowfullscreen><\/iframe> <\/div><\/figure>    <h2 class=\"wp-block-heading\" id=\"h-composition-of-hammer-mill\"><strong>Zusammensetzung der Hammerm\u00fchle<\/strong><\/h2>    <p>Die Holzhammerm\u00fchle ist eine Hochgeschwindigkeits-Zerkleinerungsmaschine. Es umfasst haupts\u00e4chlich Zubeh\u00f6r wie Dichtungen, H\u00e4mmer, Saugzuggebl\u00e4se und Siebe.<\/p>    <h3 class=\"wp-block-heading\" id=\"screen-and-hammer\"><strong>Sieb und Hammer<\/strong><strong><\/strong><\/h3>    <p>Die Anzahl der H\u00e4mmer des Holzabfallzerkleinerers bestimmt die Futtermenge, also seine Modellgr\u00f6\u00dfe. Der Durchmesser des Siebgewebes bestimmt die Feinheit des Endmaterials. <\/p>    <figure class=\"wp-block-gallery has-nested-images columns-default is-cropped wp-block-gallery-4 is-layout-flex wp-block-gallery-is-layout-flex\"> <figure class=\"wp-block-image size-large\"><img loading=\"lazy\" decoding=\"async\" width=\"720\" height=\"540\" data-id=\"754\" src=\"https:\/\/charcoalplant.com\/wp-content\/uploads\/2021\/11\/hammer-and-screen-1.jpg\" alt=\"Hammer und Sieb\" class=\"wp-image-754\" srcset=\"https:\/\/charcoalplant.com\/wp-content\/uploads\/2021\/11\/hammer-and-screen-1.jpg 720w, https:\/\/charcoalplant.com\/wp-content\/uploads\/2021\/11\/hammer-and-screen-1-300x225.jpg 300w\" sizes=\"auto, (max-width: 720px) 100vw, 720px\" \/><figcaption>Hammer und Sieb<\/figcaption><\/figure>    <figure class=\"wp-block-image size-large\"><img loading=\"lazy\" decoding=\"async\" width=\"720\" height=\"540\" data-id=\"755\" src=\"https:\/\/charcoalplant.com\/wp-content\/uploads\/2021\/11\/Various-screens-1.jpg\" alt=\"Verschiedene Bildschirme\" class=\"wp-image-755\" srcset=\"https:\/\/charcoalplant.com\/wp-content\/uploads\/2021\/11\/Various-screens-1.jpg 720w, https:\/\/charcoalplant.com\/wp-content\/uploads\/2021\/11\/Various-screens-1-300x225.jpg 300w\" sizes=\"auto, (max-width: 720px) 100vw, 720px\" \/><figcaption>Verschiedene Bildschirme<\/figcaption><\/figure> <figcaption class=\"blocks-gallery-caption\">Die Anzahl der H\u00e4mmer h\u00e4ngt vom Modell der Maschine ab. Auch die Gr\u00f6\u00dfe des Bildschirms variiert. Daher sind sie alle entsprechend den Kundenanforderungen anpassbar.<\/figcaption><\/figure>    <h3 class=\"wp-block-heading\" id=\"discharging-device\"><strong>Entladeger\u00e4t<\/strong><\/h3>    <p>Die Hammerm\u00fchle verf\u00fcgt \u00fcber zwei Arten von Austragsvorrichtungen: Schneckenaustrag und Shaclon-Austrag. Und die Kombination beider kann die Ausgabequalit\u00e4t verbessern.<\/p>    <figure class=\"wp-block-gallery has-nested-images columns-default is-cropped wp-block-gallery-5 is-layout-flex wp-block-gallery-is-layout-flex\"> <figure class=\"wp-block-image size-large\"><img loading=\"lazy\" decoding=\"async\" width=\"720\" height=\"540\" data-id=\"2070\" src=\"https:\/\/charcoalplant.com\/wp-content\/uploads\/2022\/01\/hammer-milling-machine-plant.jpg\" alt=\"Hammer-Fr\u00e4smaschinen-Anlage\" class=\"wp-image-2070\"\/><figcaption>Hammer-Fr\u00e4smaschinen-Anlage<\/figcaption><\/figure> <figcaption class=\"blocks-gallery-caption\">Der Staubsammler ist mit einem Reduzierst\u00fcck ausgestattet, um die Schnittgeschwindigkeit zu verlangsamen. Und es kann mit einigen Staubentfernungsger\u00e4ten ausgestattet werden, um die Staubzusammensetzung des fertigen Produkts zu reduzieren. Und sorgen Sie f\u00fcr eine saubere Arbeitsumgebung.<\/figcaption><\/figure>    <h2 class=\"wp-block-heading\" id=\"finished-product-of-various-sizes\"><strong>Fertigprodukt in verschiedenen Gr\u00f6\u00dfen<\/strong><\/h2>    <p>Hammerm\u00fchlen k\u00f6nnen unterschiedliche Feinheiten produzieren. Im Allgemeinen kann die Hammerm\u00fchle das Pulver zuf\u00fchren und dann austragen, wodurch kontinuierlich gro\u00dfe Mengen produziert werden k\u00f6nnen. Holz wird am h\u00e4ufigsten zu einer Gr\u00f6\u00dfe von 3 mm S\u00e4gemehl verarbeitet. Es gibt auch auf 6-8 mm aufbereitete Hackschnitzel zur Wiederaufbereitung und zum Verkauf. Und Holzkohle wird im Allgemeinen zu 3 mm Holzkohlepulver verarbeitet.<\/p>    <figure class=\"wp-block-gallery has-nested-images columns-default is-cropped wp-block-gallery-6 is-layout-flex wp-block-gallery-is-layout-flex\"> <figure class=\"wp-block-image size-large\"><img loading=\"lazy\" decoding=\"async\" width=\"720\" height=\"540\" data-id=\"2075\" src=\"https:\/\/charcoalplant.com\/wp-content\/uploads\/2022\/01\/Finished-products-of-different-fineness.jpg\" alt=\"Fertigprodukte unterschiedlicher Feinheit\" class=\"wp-image-2075\"\/><figcaption>Fertigprodukte unterschiedlicher Feinheit<\/figcaption><\/figure> <\/figure>    <h2 class=\"wp-block-heading\" id=\"application-of-industrial-hammer-milling-machine\"><strong>Anwendung der industriellen Hammerfr\u00e4smaschine <\/strong><\/h2>    <ol class=\"wp-block-list\"><li>Produktionslinie f\u00fcr Holzkohle<br>Hammerm\u00fchlen werden h\u00e4ufig verwendet <strong><a href=\"https:\/\/charcoalplant.com\/de\/charcoal-making-machine-3\/\">Produktionslinien f\u00fcr Holzkohle<\/a><\/strong>. Bereitstellung von Rohstoffen f\u00fcr die Produktion von <strong><a href=\"https:\/\/charcoalplant.com\/de\/biomass-briquette-machine\/sawdust-briquette-machine\/\">Biomasse-Brikett<\/a><\/strong>. Es kann Holzkohle auch direkt zerkleinern, um Holzkohlebriketts herzustellen.<\/li><li><strong><a href=\"https:\/\/charcoalplant.com\/de\/info\/hammermill-for-animal-feed-factory\/\">Tierfutter<\/a><\/strong><br>Es h\u00e4mmert Futter und Getreide zu Pulver. So k\u00f6nnen Kunden diese Materialien als Futtermittel verwenden.<\/li><li>N\u00e4hrstoffe<br>S\u00e4gemehl wird als Bodend\u00fcnger verwendet, um die Bodenfruchtbarkeit zu erh\u00f6hen. Dar\u00fcber hinaus kann es auch als N\u00e4hrmedium f\u00fcr Pilze verwendet werden.<\/li><li>Papierherstellung<br>Nachdem der Holzschredder das Papier zerkleinert hat, kann es f\u00fcr die Papierherstellung wiederverwendet werden.<\/li><\/ol>    <figure class=\"wp-block-gallery has-nested-images columns-default is-cropped wp-block-gallery-7 is-layout-flex wp-block-gallery-is-layout-flex\"> <figure class=\"wp-block-image size-large\"><img loading=\"lazy\" decoding=\"async\" width=\"720\" height=\"540\" data-id=\"2076\" src=\"https:\/\/charcoalplant.com\/wp-content\/uploads\/2022\/01\/hammer-crusher-plant.jpg\" alt=\"Hammerbrecheranlage\" class=\"wp-image-2076\"\/><figcaption>Hammerbrecheranlage<\/figcaption><\/figure>    <figure class=\"wp-block-image size-large\"><img loading=\"lazy\" decoding=\"async\" width=\"720\" height=\"540\" data-id=\"2078\" src=\"https:\/\/charcoalplant.com\/wp-content\/uploads\/2022\/01\/wood-crusher-production-line.jpg\" alt=\"Holzbrecher-Produktionslinie\" class=\"wp-image-2078\"\/><figcaption>Holzbrecher-Produktionslinie<\/figcaption><\/figure> <\/figure>    <h2 class=\"wp-block-heading\" id=\"h-wood-waste-grinder-for-sale\"><strong>Holzabfallzerkleinerer zu verkaufen<\/strong><\/h2>    <p>Shuliy Machinery Equipment Co., Ltd. ist der f\u00fchrende Hersteller von Holzrecyclingger\u00e4ten in China. Wir verkaufen elektrische Holzabfallzerkleinerer, Diesel-Hammerbrecher und elektrische Diesel-Hybrid-Holzabfallzerkleinerer. Dieser Hammerbrecher ist vielseitig einsetzbar und kann verschiedene Rohstoffe verarbeiten. So k\u00f6nnen Sie mutig verschiedene Modelle w\u00e4hlen. Wir passen auch den Zufuhranschluss, die Entlademethode und die Mobilit\u00e4t der Ausr\u00fcstung an. F\u00fcr weitere Produktinformationen rufen Sie uns an oder senden Sie uns eine E-Mail.<\/p>    <figure class=\"wp-block-gallery has-nested-images columns-2 is-cropped wp-block-gallery-8 is-layout-flex wp-block-gallery-is-layout-flex\"> <figure class=\"wp-block-image size-large\"><img loading=\"lazy\" decoding=\"async\" width=\"720\" height=\"540\" data-id=\"2071\" src=\"https:\/\/charcoalplant.com\/wp-content\/uploads\/2022\/01\/diesel-hammermill.jpg\" alt=\"\" class=\"wp-image-2071\"\/><figcaption>Dieselhammerm\u00fchle zu verkaufen<\/figcaption><\/figure>    <figure class=\"wp-block-image size-large\"><img loading=\"lazy\" decoding=\"async\" width=\"720\" height=\"540\" data-id=\"2072\" src=\"https:\/\/charcoalplant.com\/wp-content\/uploads\/2022\/01\/movable-wood-hammermilling.jpg\" alt=\"bewegliches Holzhammerfr\u00e4sen\" class=\"wp-image-2072\"\/><figcaption>bewegliches Holzhammerfr\u00e4sen<\/figcaption><\/figure>    <figure class=\"wp-block-image size-large\"><img loading=\"lazy\" decoding=\"async\" width=\"720\" height=\"540\" data-id=\"2073\" src=\"https:\/\/charcoalplant.com\/wp-content\/uploads\/2022\/01\/Double-feed-port-hammer-mill.jpg\" alt=\"Doppeleinlauf-Hammerm\u00fchle\" class=\"wp-image-2073\"\/><figcaption>Doppeleinlauf-Hammerm\u00fchle<\/figcaption><\/figure>    <figure class=\"wp-block-image size-large\"><img loading=\"lazy\" decoding=\"async\" width=\"720\" height=\"540\" data-id=\"2074\" src=\"https:\/\/charcoalplant.com\/wp-content\/uploads\/2022\/01\/wood-crusher-with-dust-equipment.jpg\" alt=\"Holzbrecher mit Staubausr\u00fcstung\" class=\"wp-image-2074\"\/><figcaption>Holzbrecher mit Staubausr\u00fcstung<\/figcaption><\/figure> <figcaption class=\"blocks-gallery-caption\">Der Hammerbrecher mit doppelter Zufuhr\u00f6ffnung kann die Funktion eines Holzbrechers plus Hammerbrecher realisieren. F\u00fcr Kunden, die im Freien arbeiten, stehen auch Diesel- und Radhammerm\u00fchlen zur Verf\u00fcgung.<\/figcaption><\/figure>    <h2 class=\"wp-block-heading\" id=\"hammer-crushing-machine-parameters\"><strong>Parameter der Hammerbrechmaschine<\/strong><\/h2>    <figure class=\"wp-block-table is-style-stripes\"><table><tbody><tr><td>Modell<\/td><td>SL-HM60<\/td><td>SL-HM70<\/td><td>SL-HM80<\/td><td>SL-HM90<\/td><td>SL-HM1000<\/td><td>SL-HM1300<\/td><\/tr><tr><td>Leistung (kW)<\/td><td>22<\/td><td>30<\/td><td>37<\/td><td>55<\/td><td>75<\/td><td>90<\/td><\/tr><tr><td>H\u00e4mmer (St\u00fcck)<\/td><td>30<\/td><td>40<\/td><td>50<\/td><td>50<\/td><td>105<\/td><td>105<\/td><\/tr><tr><td>L\u00fcfter (kW)<\/td><td>&nbsp;<\/td><td>&nbsp;<\/td><td>7.5<\/td><td>7.5<\/td><td>11<\/td><td>22<\/td><\/tr><tr><td>Staubentferner (Stk.)<\/td><td>5<\/td><td>5<\/td><td>5<\/td><td>5<\/td><td>14<\/td><td>14<\/td><\/tr><tr><td>Zyklondurchmesser (m)<\/td><td>1<\/td><td>1<\/td><td>1<\/td><td>1<\/td><td>1<\/td><td>1<\/td><\/tr><tr><td>Kapazit\u00e4t (t\/h)<\/td><td>0.6-0.8<\/td><td>1-1.2<\/td><td>1.2-1.5<\/td><td>1.5-3<\/td><td>3-4<\/td><td>4-5<\/td><\/tr><\/tbody><\/table><figcaption>SL-HM 60 und SL-HM70 sind unsere Bestseller. Aufgrund ihrer geringen Gr\u00f6\u00dfe und geringen Kosten. SL-HM 1300 wird am h\u00e4ufigsten in Produktionslinien eingesetzt.<\/figcaption><\/figure>    <h2 class=\"wp-block-heading\" id=\"h-the-difference-between-hammer-mill-and-wood-crusher\"><strong>Der Unterschied zwischen Hammerm\u00fchle und Holz<\/strong><strong>&nbsp;Brecher <\/strong><strong><\/strong><\/h2>    <p>Erstens Rohstoffe.<\/p>    <p class=\"translation-block\">Die von der Hammerm\u00fchle verarbeiteten Rohmaterialien sind vielf\u00e4ltig und klein. Das Rohmaterial des <strong><a href=\"https:\/\/charcoalplant.com\/de\/wood-wastes-recycling-machine\/wood-crusher-machine\/\">Holzzerkleinerers<\/a><\/strong> ist einzeln und gro\u00df.<\/p>    <p>Zweitens Struktur.<\/p>    <p>Die Struktur des ersteren besteht haupts\u00e4chlich aus Dichtungen, H\u00e4mmern und Sieben. Die letztere Struktur besteht haupts\u00e4chlich aus Schneidkopf, Hammerkopf und Sieb.<\/p>    <p>Drittens gebrochene Kraft.<\/p>    <p>Die Brechkraft des ersteren ist gr\u00f6\u00dfer als die des letzteren. Man kann sagen, dass es sich hierbei um eine verfeinerte Behandlung des fertigen Produkts handelt.<\/p>","protected":false},"excerpt":{"rendered":"<p>Hammerm\u00fchle kann Holzchips, Stroh, Kartons, ect. Unsere Bildschirme mit Durchmessern von 1 mm, 4 mm, 6 mm\u2026 k\u00f6nnen die Kundenproduktionsanforderungen entsprechen.<\/p>","protected":false},"author":1,"featured_media":919,"parent":0,"template":"","tags":[64],"product-type":[3],"class_list":["post-589","product","type-product","status-publish","has-post-thumbnail","hentry","tag-wood-wastes-recycling-machine","product-type-wood-wastes-recycling-machine"],"_links":{"self":[{"href":"https:\/\/charcoalplant.com\/de\/wp-json\/wp\/v2\/product\/589","targetHints":{"allow":["GET"]}}],"collection":[{"href":"https:\/\/charcoalplant.com\/de\/wp-json\/wp\/v2\/product"}],"about":[{"href":"https:\/\/charcoalplant.com\/de\/wp-json\/wp\/v2\/types\/product"}],"author":[{"embeddable":true,"href":"https:\/\/charcoalplant.com\/de\/wp-json\/wp\/v2\/users\/1"}],"wp:featuredmedia":[{"embeddable":true,"href":"https:\/\/charcoalplant.com\/de\/wp-json\/wp\/v2\/media\/919"}],"wp:attachment":[{"href":"https:\/\/charcoalplant.com\/de\/wp-json\/wp\/v2\/media?parent=589"}],"wp:term":[{"taxonomy":"post_tag","embeddable":true,"href":"https:\/\/charcoalplant.com\/de\/wp-json\/wp\/v2\/tags?post=589"},{"taxonomy":"product-type","embeddable":true,"href":"https:\/\/charcoalplant.com\/de\/wp-json\/wp\/v2\/product-type?post=589"}],"curies":[{"name":"wp","href":"https:\/\/api.w.org\/{rel}","templated":true}]}}