{"id":783,"date":"2021-11-24T05:33:50","date_gmt":"2021-11-24T05:33:50","guid":{"rendered":"https:\/\/charcoalplant.com\/?p=783"},"modified":"2023-06-01T10:02:38","modified_gmt":"2023-06-01T02:02:38","slug":"waste-wooden-pallet-grinder","status":"publish","type":"product","link":"https:\/\/charcoalplant.com\/de\/product\/waste-wooden-pallet-grinder\/","title":{"rendered":"Altholzpalettenschleifer | Industrieller Holzzerkleinerer"},"content":{"rendered":"<div class=\"kk-star-ratings kksr-auto kksr-align-left kksr-valign-top\"     data-payload='{&quot;align&quot;:&quot;left&quot;,&quot;id&quot;:&quot;783&quot;,&quot;slug&quot;:&quot;default&quot;,&quot;valign&quot;:&quot;top&quot;,&quot;ignore&quot;:&quot;&quot;,&quot;reference&quot;:&quot;auto&quot;,&quot;class&quot;:&quot;&quot;,&quot;count&quot;:&quot;30&quot;,&quot;legendonly&quot;:&quot;&quot;,&quot;readonly&quot;:&quot;&quot;,&quot;score&quot;:&quot;4.6&quot;,&quot;starsonly&quot;:&quot;&quot;,&quot;best&quot;:&quot;5&quot;,&quot;gap&quot;:&quot;5&quot;,&quot;greet&quot;:&quot;Rate this product&quot;,&quot;legend&quot;:&quot;4.6\\\/5 - (30 votes)&quot;,&quot;size&quot;:&quot;24&quot;,&quot;title&quot;:&quot;Waste Wooden Pallet Grinder | Industrial Wood Shredder&quot;,&quot;width&quot;:&quot;130.9&quot;,&quot;_legend&quot;:&quot;{score}\\\/{best} - ({count} {votes})&quot;,&quot;font_factor&quot;:&quot;1.25&quot;}'>              <div class=\"kksr-stars\">      <div class=\"kksr-stars-inactive\">             <div class=\"kksr-star\" data-star=\"1\" style=\"padding-right: 5px\">               <div class=\"kksr-icon\" style=\"width: 24px; height: 24px;\"><\/div>         <\/div>             <div class=\"kksr-star\" data-star=\"2\" style=\"padding-right: 5px\">               <div class=\"kksr-icon\" style=\"width: 24px; height: 24px;\"><\/div>         <\/div>             <div class=\"kksr-star\" data-star=\"3\" style=\"padding-right: 5px\">               <div class=\"kksr-icon\" style=\"width: 24px; height: 24px;\"><\/div>         <\/div>             <div class=\"kksr-star\" data-star=\"4\" style=\"padding-right: 5px\">               <div class=\"kksr-icon\" style=\"width: 24px; height: 24px;\"><\/div>         <\/div>             <div class=\"kksr-star\" data-star=\"5\" style=\"padding-right: 5px\">               <div class=\"kksr-icon\" style=\"width: 24px; height: 24px;\"><\/div>         <\/div>     <\/div>      <div class=\"kksr-stars-active\" style=\"width: 130.9px;\">             <div class=\"kksr-star\" style=\"padding-right: 5px\">               <div class=\"kksr-icon\" style=\"width: 24px; height: 24px;\"><\/div>         <\/div>             <div class=\"kksr-star\" style=\"padding-right: 5px\">               <div class=\"kksr-icon\" style=\"width: 24px; height: 24px;\"><\/div>         <\/div>             <div class=\"kksr-star\" style=\"padding-right: 5px\">               <div class=\"kksr-icon\" style=\"width: 24px; height: 24px;\"><\/div>         <\/div>             <div class=\"kksr-star\" style=\"padding-right: 5px\">               <div class=\"kksr-icon\" style=\"width: 24px; height: 24px;\"><\/div>         <\/div>             <div class=\"kksr-star\" style=\"padding-right: 5px\">               <div class=\"kksr-icon\" style=\"width: 24px; height: 24px;\"><\/div>         <\/div>     <\/div> <\/div>                   <div class=\"kksr-legend\" style=\"font-size: 19.2px;\">             4,6\/5 - (30 Stimmen)    <\/div>     <\/div>  <p class=\"translation-block\">Der Holzpalettenschredder f\u00fcr Abfallholz ist geeignet f\u00fcr das Zerkleinern von speziell geformten Materialien und kann direkt l\u00e4ngere Materialien schneiden. Er kann unregelm\u00e4\u00dfige St\u00e4mme, Bambus, \u00c4ste, <strong> <\/strong>Holzpaletten und leichte Metalle zerkleinern. Der industrielle Holzschredder Shuliy wird h\u00e4ufig eingesetzt, hat eine hohe Leistung, ist robust und langlebig und arbeitet leise. Kurz gesagt, er ist sehr gut f\u00fcr die kontinuierliche Batch-Holzbearbeitung geeignet. Es ist ein <strong><a href=\"https:\/\/charcoalplant.com\/de\/news\/how-to-make-money-from-waste-wood-doors-and-windows\/\">profitables<\/a><\/strong> Ger\u00e4t. Dar\u00fcber hinaus glauben wir, dass wir gl\u00fccklich mit Ihnen zusammenarbeiten werden.<\/p>    <h2 class=\"wp-block-heading\" id=\"raw-materials-of-industrial-wood-shredder\"><strong>Rohstoffe f\u00fcr industrielle Holzzerkleinerer<\/strong><\/h2>    <p>Der industrielle Holzbrecher wird auch als umfassender Brecher bezeichnet. Denn er kann mit den unterschiedlichsten Holzwerkstoffen umgehen. In einer kurzen Zusammenfassung werden die Rohstoffe des Altholzpalettenzerkleinerers in zwei Kategorien unterteilt: gew\u00f6hnliche Rohstoffe und Rohstoffe mit Metall.<\/p>    <ul class=\"wp-block-list\"> <li>G\u00e4ngige Rohstoffe: Baumst\u00e4mme, \u00c4ste, Holzbretter, Bambus, Holzverarbeitungsreste, Maiskolben, <a href=\"https:\/\/charcoalplant.com\/de\/info\/what-are-the-uses-of-coconut-shells\/\">Kokosnussschalen<\/a>, Tabak, chinesische Kr\u00e4utermedizin usw.<\/li> <\/ul>    <figure class=\"wp-block-gallery has-nested-images columns-4 is-cropped wp-block-gallery-2 is-layout-flex wp-block-gallery-is-layout-flex\"> <figure class=\"wp-block-image size-large\"><img loading=\"lazy\" decoding=\"async\" width=\"720\" height=\"540\" data-id=\"2179\" src=\"https:\/\/charcoalplant.com\/wp-content\/uploads\/2022\/01\/corn-cob.jpg\" alt=\"\" class=\"wp-image-2179\"\/><\/figure>    <figure class=\"wp-block-image size-large\"><img loading=\"lazy\" decoding=\"async\" width=\"720\" height=\"540\" data-id=\"2180\" src=\"https:\/\/charcoalplant.com\/wp-content\/uploads\/2022\/01\/raw-coconut-shell.jpg\" alt=\"\" class=\"wp-image-2180\"\/><\/figure>    <figure class=\"wp-block-image size-large\"><img loading=\"lazy\" decoding=\"async\" width=\"720\" height=\"540\" data-id=\"2178\" src=\"https:\/\/charcoalplant.com\/wp-content\/uploads\/2022\/01\/scrapwood.jpg\" alt=\"\" class=\"wp-image-2178\"\/><\/figure>    <figure class=\"wp-block-image size-large\"><img loading=\"lazy\" decoding=\"async\" width=\"720\" height=\"540\" data-id=\"2181\" src=\"https:\/\/charcoalplant.com\/wp-content\/uploads\/2022\/01\/tree-branch.jpg\" alt=\"\" class=\"wp-image-2181\"\/><\/figure> <\/figure>    <ul class=\"wp-block-list\"> <li> Rohstoffe mit Metall: Altholzpaletten, Altm\u00f6bel, T\u00fcren und Fenster mit N\u00e4geln und Holzkisten usw.<\/li> <\/ul>    <figure class=\"wp-block-gallery has-nested-images columns-4 is-cropped wp-block-gallery-3 is-layout-flex wp-block-gallery-is-layout-flex\"> <figure class=\"wp-block-image size-large\"><img loading=\"lazy\" decoding=\"async\" width=\"720\" height=\"540\" data-id=\"2182\" src=\"https:\/\/charcoalplant.com\/wp-content\/uploads\/2022\/01\/doors.jpg\" alt=\"\" class=\"wp-image-2182\"\/><\/figure>    <figure class=\"wp-block-image size-large\"><img loading=\"lazy\" decoding=\"async\" width=\"720\" height=\"540\" data-id=\"2183\" src=\"https:\/\/charcoalplant.com\/wp-content\/uploads\/2022\/01\/Wood-pallet.jpg\" alt=\"\" class=\"wp-image-2183\"\/><\/figure>    <figure class=\"wp-block-image size-large\"><img loading=\"lazy\" decoding=\"async\" width=\"720\" height=\"540\" data-id=\"2184\" src=\"https:\/\/charcoalplant.com\/wp-content\/uploads\/2022\/01\/boxes.jpg\" alt=\"\" class=\"wp-image-2184\"\/><\/figure>    <figure class=\"wp-block-image size-large\"><img loading=\"lazy\" decoding=\"async\" width=\"720\" height=\"540\" data-id=\"2185\" src=\"https:\/\/charcoalplant.com\/wp-content\/uploads\/2022\/01\/chair.jpg\" alt=\"\" class=\"wp-image-2185\"\/><\/figure> <\/figure>    <h2 class=\"wp-block-heading\" id=\"structure-of-waste-wooden-pallet-grinder\"><strong>Struktur der Altholzpalettenm\u00fchle<\/strong><\/h2>    <p class=\"has-text-align-left translation-block\">Der umfassende Zerkleinerer kann normales Holz und harte Materialien mit Metall verarbeiten. Seine Struktur ist komplex und seine Betriebssicherheit und Materialhandhabungsf\u00e4higkeiten sind sehr hoch. Er umfasst haupts\u00e4chlich <strong>Vorbereitungsrollen, F\u00f6rderb\u00e4nder, Tigerkralle-S\u00e4gen, Klingens\u00e4gen, Hydraulikpumpen, Magnetrollen, Siebe und andere Zubeh\u00f6rteile<\/strong>.<\/p>    <figure class=\"wp-block-gallery has-nested-images columns-2 is-cropped wp-block-gallery-4 is-layout-flex wp-block-gallery-is-layout-flex\"> <figure class=\"wp-block-image size-large\"><img loading=\"lazy\" decoding=\"async\" width=\"720\" height=\"540\" data-id=\"803\" src=\"https:\/\/charcoalplant.com\/wp-content\/uploads\/2021\/11\/Inlet-2.jpg\" alt=\"Einlass\" class=\"wp-image-803\" srcset=\"https:\/\/charcoalplant.com\/wp-content\/uploads\/2021\/11\/Inlet-2.jpg 720w, https:\/\/charcoalplant.com\/wp-content\/uploads\/2021\/11\/Inlet-2-300x225.jpg 300w\" sizes=\"auto, (max-width: 720px) 100vw, 720px\" \/><figcaption class=\"wp-element-caption\">Einlass<\/figcaption><\/figure>    <figure class=\"wp-block-image size-large\"><img loading=\"lazy\" decoding=\"async\" width=\"720\" height=\"540\" data-id=\"806\" src=\"https:\/\/charcoalplant.com\/wp-content\/uploads\/2021\/11\/screen-1.jpg\" alt=\"Bildschirm\" class=\"wp-image-806\" srcset=\"https:\/\/charcoalplant.com\/wp-content\/uploads\/2021\/11\/screen-1.jpg 720w, https:\/\/charcoalplant.com\/wp-content\/uploads\/2021\/11\/screen-1-300x225.jpg 300w\" sizes=\"auto, (max-width: 720px) 100vw, 720px\" \/><figcaption class=\"wp-element-caption\">Bildschirm<\/figcaption><\/figure>    <figure class=\"wp-block-image size-full\"><img loading=\"lazy\" decoding=\"async\" width=\"720\" height=\"540\" data-id=\"807\" src=\"https:\/\/charcoalplant.com\/wp-content\/uploads\/2021\/11\/Tiger-Claw-Saw-1.jpg\" alt=\"Tigerklauens\u00e4ge\" class=\"wp-image-807\" srcset=\"https:\/\/charcoalplant.com\/wp-content\/uploads\/2021\/11\/Tiger-Claw-Saw-1.jpg 720w, https:\/\/charcoalplant.com\/wp-content\/uploads\/2021\/11\/Tiger-Claw-Saw-1-300x225.jpg 300w\" sizes=\"auto, (max-width: 720px) 100vw, 720px\" \/><figcaption class=\"wp-element-caption\">Tigerklauens\u00e4ge<\/figcaption><\/figure>    <figure class=\"wp-block-image size-full\"><img loading=\"lazy\" decoding=\"async\" width=\"720\" height=\"540\" data-id=\"1820\" src=\"https:\/\/charcoalplant.com\/wp-content\/uploads\/2021\/11\/Magnetic-Roller.jpg\" alt=\"Magnetische Walze\" class=\"wp-image-1820\" srcset=\"https:\/\/charcoalplant.com\/wp-content\/uploads\/2021\/11\/Magnetic-Roller.jpg 720w, https:\/\/charcoalplant.com\/wp-content\/uploads\/2021\/11\/Magnetic-Roller-300x225.jpg 300w\" sizes=\"auto, (max-width: 720px) 100vw, 720px\" \/><figcaption class=\"wp-element-caption\">Magnetische Walze<\/figcaption><\/figure> <\/figure>    <h2 class=\"wp-block-heading\" id=\"h-working-principle-of-industrial-wood-crusher\"><strong>Funktionsprinzip des industriellen Holzbrechers<\/strong><\/h2>    <p>Zun\u00e4chst werden die Holzpaletten \u00fcber das Kettenf\u00f6rderband zu den Pressrollen gef\u00f6rdert. Die Andruckrolle dient der Zwangszuf\u00fchrung. Anschlie\u00dfend gelangt die Holzpalette zur Tigerklauens\u00e4ge (Messers\u00e4ge f\u00fcr normales Holz) und wird vom Rollschneider zerschnitten und zerkleinert. Wenn schlie\u00dflich die Materialspezifikation die Sieb\u00f6ffnung erreicht, werden die Holzpellets aus der Auslass\u00f6ffnung ausgetragen. Sollten sich N\u00e4gel im S\u00e4gemehl befinden, k\u00f6nnen die Magnetrollen am Auslass das Metall abtrennen.<\/p>    <figure class=\"wp-block-gallery has-nested-images columns-default is-cropped wp-block-gallery-5 is-layout-flex wp-block-gallery-is-layout-flex\"> <figure class=\"wp-block-image size-full\"><img loading=\"lazy\" decoding=\"async\" width=\"720\" height=\"540\" data-id=\"2196\" src=\"https:\/\/charcoalplant.com\/wp-content\/uploads\/2021\/11\/wood-pallet-grinder-plant.jpg\" alt=\"Holzpalettenschleifanlage\" class=\"wp-image-2196\"\/><figcaption class=\"wp-element-caption\">Holzpalettenschleifanlage<\/figcaption><\/figure> <\/figure>    <h2 class=\"wp-block-heading\" id=\"video-of-waste-wooden-pallet-shredder\"><strong>Video zum Zerkleinerer von Altholzpaletten<\/strong><\/h2>    <p>Der Holzpalettenbrecher ist eine gro\u00df angelegte, umfassende Zerkleinerungsanlage. Dar\u00fcber hinaus ist die Bedienung sehr einfach. Werfen wir einen Blick auf seine erstaunliche Zerkleinerungsf\u00e4higkeit.<\/p>    <figure class=\"wp-block-embed is-type-video is-provider-youtube wp-block-embed-youtube wp-embed-aspect-16-9 wp-has-aspect-ratio\"><div class=\"wp-block-embed__wrapper\"> <iframe loading=\"lazy\" title=\"Altholzpalettenschleifer | Hersteller von industriellen Holzbrechern #woodpallet #scrapwood\" width=\"500\" height=\"281\" src=\"https:\/\/www.youtube.com\/embed\/ivqMxGKKbVs?feature=oembed\" frameborder=\"0\" allow=\"accelerometer; autoplay; clipboard-write; encrypted-media; gyroscope; picture-in-picture; web-share\" referrerpolicy=\"strict-origin-when-cross-origin\" allowfullscreen><\/iframe> <\/div><\/figure>    <h2 class=\"wp-block-heading\" id=\"parameters-of-waste-wooden-pallet-grinder\"><strong>Parameter der Altholzpalettenm\u00fchle<\/strong><\/h2>    <p>Die Zufuhrbef\u00f6rderung des industriellen Holzzerkleinerers betr\u00e4gt im Allgemeinen 6 m und die Entladebef\u00f6rderung betr\u00e4gt im Allgemeinen 8 m. Au\u00dferdem verf\u00fcgen wir \u00fcber Stromverteilerschr\u00e4nke f\u00fcr Holzzerkleinerer. Daher wird der gesamte Operationsprozess nicht nur einfach, sondern auch sicher sein.<\/p>    <figure class=\"wp-block-table is-style-stripes\"><table><tbody><tr><td>Modell<\/td><td>SL-C1300<\/td><td>SL-C1400<\/td><td>SL-C1600<\/td><\/tr><tr><td>Gr\u00f6\u00dfe des Zufuhreinlasses<\/td><td>1300*500mm<\/td><td>1400*800mm<\/td><td>1600*800mm<\/td><\/tr><tr><td>Zufuhr maximaler Durchmesser<\/td><td>400mm<\/td><td>500mm<\/td><td>600mm<\/td><\/tr><tr><td>Ausgabegr\u00f6\u00dfe<\/td><td>weniger als 100 mm<\/td><td>weniger als 100 mm<\/td><td>weniger als 100 mm<\/td><\/tr><tr><td>Eingabef\u00f6rderer<\/td><td>6m<\/td><td>6m<\/td><td>6m<\/td><\/tr><tr><td>Ausgabef\u00f6rderer<\/td><td>8m<\/td><td>10m<\/td><td>10m<\/td><\/tr><tr><td>Klingen<\/td><td>20 Stk<\/td><td>32 Stk<\/td><td>66 Stk<\/td><\/tr><tr><td>Kapazit\u00e4t<\/td><td>8-10 t\/h<\/td><td>10-15t\/h<\/td><td>20-30t\/h<\/td><\/tr><tr><td>Gesamtleistung<\/td><td>156,5 kW<\/td><td>213,5 kW<\/td><td>233,5 kW<\/td><\/tr><tr><td>Gesamtgr\u00f6\u00dfe<\/td><td>8600*2000*2300mm<\/td><td>9600*2400*3300mm<\/td><td>12500*2800*3200mm<\/td><\/tr><\/tbody><\/table><\/figure>    <h2 class=\"wp-block-heading\" id=\"advantages-of-shuliy-wood-pallet-crusher\"><strong>Vorteile des Shuliy Holzpalettenbrechers<\/strong><\/h2>    <ol class=\"wp-block-list\"> <li>Zu seinen Rohstoffen z\u00e4hlen nicht nur die Rohstoffe anderer Holzverarbeitungsger\u00e4te (wie z <strong><a href=\"https:\/\/charcoalplant.com\/de\/wood-wastes-recycling-machine\/wood-crusher-machine\/\">Maschinen zur S\u00e4gemehlherstellung<\/a><\/strong>und Holzh\u00e4cksler). Au\u00dferdem kann es Holz mit Metall verarbeiten.<\/li>    <li>Einerseits wird durch den Einsatz des Stromverteilerschranks die Bedienung sicherer und komfortabler. Andererseits ist der umfassende Brecher einfach zu warten und zu reinigen.<\/li>    <li>Aufgrund seines hohen Futteranschlusses kann es f\u00fcr ferngesteuertes F\u00fcttern verwendet werden (was Arbeitsersparnis bedeutet).<\/li> <\/ol>    <figure class=\"wp-block-gallery has-nested-images columns-default is-cropped wp-block-gallery-6 is-layout-flex wp-block-gallery-is-layout-flex\"> <figure class=\"wp-block-image size-full\"><img loading=\"lazy\" decoding=\"async\" width=\"720\" height=\"540\" data-id=\"1825\" src=\"https:\/\/charcoalplant.com\/wp-content\/uploads\/2022\/01\/mobile-wood-crushing-machine.jpg\" alt=\"mobile Holzzerkleinerungsmaschine\" class=\"wp-image-1825\" srcset=\"https:\/\/charcoalplant.com\/wp-content\/uploads\/2022\/01\/mobile-wood-crushing-machine.jpg 720w, https:\/\/charcoalplant.com\/wp-content\/uploads\/2022\/01\/mobile-wood-crushing-machine-300x225.jpg 300w\" sizes=\"auto, (max-width: 720px) 100vw, 720px\" \/><figcaption class=\"wp-element-caption\">mobile Holzzerkleinerungsmaschine<\/figcaption><\/figure>    <figure class=\"wp-block-image size-full\"><img loading=\"lazy\" decoding=\"async\" width=\"720\" height=\"540\" data-id=\"1826\" src=\"https:\/\/charcoalplant.com\/wp-content\/uploads\/2022\/01\/wood-chips-1.jpg\" alt=\"Holzsp\u00e4ne\" class=\"wp-image-1826\" srcset=\"https:\/\/charcoalplant.com\/wp-content\/uploads\/2022\/01\/wood-chips-1.jpg 720w, https:\/\/charcoalplant.com\/wp-content\/uploads\/2022\/01\/wood-chips-1-300x225.jpg 300w\" sizes=\"auto, (max-width: 720px) 100vw, 720px\" \/><figcaption class=\"wp-element-caption\">Holzsp\u00e4ne<\/figcaption><\/figure> <\/figure>    <h2 class=\"wp-block-heading\" id=\"h-wood-shredder-price\">Industriell <strong>Preis f\u00fcr Holzschredder<\/strong><\/h2>    <p class=\"translation-block\">Die Shuliy Maschinen bieten verschiedene Zubeh\u00f6rteile f\u00fcr Holzpalettenschredder an. Au\u00dferdem sind die Preise f\u00fcr Zubeh\u00f6rteile mit unterschiedlichen Materialien und Spezifikationen ebenfalls unterschiedlich. Wir k\u00f6nnen nicht nur integrierte <strong>Dieselmotor-Holzpalettenschredder<\/strong> mit R\u00e4dern anbieten, sondern auch die Maschinenstruktur nach den spezifischen Anforderungen der Kunden modifizieren. Es gibt viele Faktoren, die den Preis beeinflussen. Wenn Sie von unserer Ausr\u00fcstung \u00fcberzeugt sind, kontaktieren Sie uns bitte und lassen Sie es uns wissen. Wir bieten Ihnen den richtigen Plan und geben Ihnen einen erschwinglichen Preis.<\/p>    <figure class=\"wp-block-gallery has-nested-images columns-default is-cropped wp-block-gallery-7 is-layout-flex wp-block-gallery-is-layout-flex\"> <figure class=\"wp-block-image size-full\"><img loading=\"lazy\" decoding=\"async\" width=\"720\" height=\"540\" data-id=\"2194\" src=\"https:\/\/charcoalplant.com\/wp-content\/uploads\/2022\/01\/wood-shredder-1.jpg\" alt=\"Holzschredder\" class=\"wp-image-2194\"\/><figcaption class=\"wp-element-caption\">Holzschredder<\/figcaption><\/figure>    <figure class=\"wp-block-image size-full\"><img loading=\"lazy\" decoding=\"async\" width=\"720\" height=\"540\" data-id=\"2195\" src=\"https:\/\/charcoalplant.com\/wp-content\/uploads\/2022\/01\/waste-wooden-pallet-grinder-for-sale.jpg\" alt=\"Altholzpalettenzerkleinerer zu verkaufen\" class=\"wp-image-2195\"\/><figcaption class=\"wp-element-caption\">Altholzpalettenzerkleinerer zu verkaufen<\/figcaption><\/figure> <\/figure>    <h2 class=\"wp-block-heading\" id=\"h-how-to-make-money-with-a-comprehensive-crusher\"><strong>Wie kann man mit einem umfassenden Holzbrecher Geld verdienen?<\/strong><\/h2>    <p class=\"translation-block\">Die Holzpalettenzerkleinerungsmaschine kann Holz in verschiedenen Feinheitsgraden zerkleinern. Dar\u00fcber hinaus k\u00f6nnen diese Holzsp\u00e4ne oder <strong><a href=\"https:\/\/charcoalplant.com\/de\/log-chipper\/\">Holzhackschnitzel<\/a><\/strong> zur Papierherstellung in Papierfabriken, zur Herstellung von Kohlenst\u00e4ben in Kohlenkraftwerken, zu D\u00fcngemitteln in D\u00fcngemittelfabriken usw. verwendet werden. Fabriken k\u00f6nnen sie auch zur Brennstoffheizung verwenden. Daher k\u00f6nnen Sie in eine umfassende Zerkleinerungsmaschine investieren, um Holzpellets herzustellen, oder sie in die Produktionslinie zur direkten Beschickung stellen.<\/p>    <figure class=\"wp-block-gallery has-nested-images columns-default is-cropped wp-block-gallery-8 is-layout-flex wp-block-gallery-is-layout-flex\"> <figure class=\"wp-block-image size-large\"><img loading=\"lazy\" decoding=\"async\" width=\"720\" height=\"540\" data-id=\"2192\" src=\"https:\/\/charcoalplant.com\/wp-content\/uploads\/2022\/01\/wood-pellets-1.jpg\" alt=\"Holzpellets\" class=\"wp-image-2192\"\/><figcaption class=\"wp-element-caption\">Holzpellets<\/figcaption><\/figure> <\/figure>    <p><\/p>","protected":false},"excerpt":{"rendered":"<p>Der Holzpalettenschredder f\u00fcr Abfallholz ist eine Holzrecyclinganlage mit hoher Kapazit\u00e4t und hoher Zerkleinerungsst\u00e4rke.<\/p>","protected":false},"author":1,"featured_media":914,"parent":0,"template":"","tags":[64],"product-type":[3],"class_list":["post-783","product","type-product","status-publish","has-post-thumbnail","hentry","tag-wood-wastes-recycling-machine","product-type-wood-wastes-recycling-machine"],"_links":{"self":[{"href":"https:\/\/charcoalplant.com\/de\/wp-json\/wp\/v2\/product\/783","targetHints":{"allow":["GET"]}}],"collection":[{"href":"https:\/\/charcoalplant.com\/de\/wp-json\/wp\/v2\/product"}],"about":[{"href":"https:\/\/charcoalplant.com\/de\/wp-json\/wp\/v2\/types\/product"}],"author":[{"embeddable":true,"href":"https:\/\/charcoalplant.com\/de\/wp-json\/wp\/v2\/users\/1"}],"wp:featuredmedia":[{"embeddable":true,"href":"https:\/\/charcoalplant.com\/de\/wp-json\/wp\/v2\/media\/914"}],"wp:attachment":[{"href":"https:\/\/charcoalplant.com\/de\/wp-json\/wp\/v2\/media?parent=783"}],"wp:term":[{"taxonomy":"post_tag","embeddable":true,"href":"https:\/\/charcoalplant.com\/de\/wp-json\/wp\/v2\/tags?post=783"},{"taxonomy":"product-type","embeddable":true,"href":"https:\/\/charcoalplant.com\/de\/wp-json\/wp\/v2\/product-type?post=783"}],"curies":[{"name":"wp","href":"https:\/\/api.w.org\/{rel}","templated":true}]}}