{"id":786,"date":"2021-11-24T05:30:57","date_gmt":"2021-11-24T05:30:57","guid":{"rendered":"https:\/\/charcoalplant.com\/?p=786"},"modified":"2023-04-03T10:59:08","modified_gmt":"2023-04-03T02:59:08","slug":"drum-chipper","status":"publish","type":"product","link":"https:\/\/charcoalplant.com\/de\/product\/drum-chipper\/","title":{"rendered":"Trommelhacker | Beste Holzhackmaschine"},"content":{"rendered":"<div class=\"kk-star-ratings kksr-auto kksr-align-left kksr-valign-top\"     data-payload='{&quot;align&quot;:&quot;left&quot;,&quot;id&quot;:&quot;786&quot;,&quot;slug&quot;:&quot;default&quot;,&quot;valign&quot;:&quot;top&quot;,&quot;ignore&quot;:&quot;&quot;,&quot;reference&quot;:&quot;auto&quot;,&quot;class&quot;:&quot;&quot;,&quot;count&quot;:&quot;8&quot;,&quot;legendonly&quot;:&quot;&quot;,&quot;readonly&quot;:&quot;&quot;,&quot;score&quot;:&quot;4.5&quot;,&quot;starsonly&quot;:&quot;&quot;,&quot;best&quot;:&quot;5&quot;,&quot;gap&quot;:&quot;5&quot;,&quot;greet&quot;:&quot;Rate this product&quot;,&quot;legend&quot;:&quot;4.5\\\/5 - (8 votes)&quot;,&quot;size&quot;:&quot;24&quot;,&quot;title&quot;:&quot;Drum Chipper | Best Wood Chipper Machine&quot;,&quot;width&quot;:&quot;128&quot;,&quot;_legend&quot;:&quot;{score}\\\/{best} - ({count} {votes})&quot;,&quot;font_factor&quot;:&quot;1.25&quot;}'>              <div class=\"kksr-stars\">      <div class=\"kksr-stars-inactive\">             <div class=\"kksr-star\" data-star=\"1\" style=\"padding-right: 5px\">               <div class=\"kksr-icon\" style=\"width: 24px; height: 24px;\"><\/div>         <\/div>             <div class=\"kksr-star\" data-star=\"2\" style=\"padding-right: 5px\">               <div class=\"kksr-icon\" style=\"width: 24px; height: 24px;\"><\/div>         <\/div>             <div class=\"kksr-star\" data-star=\"3\" style=\"padding-right: 5px\">               <div class=\"kksr-icon\" style=\"width: 24px; height: 24px;\"><\/div>         <\/div>             <div class=\"kksr-star\" data-star=\"4\" style=\"padding-right: 5px\">               <div class=\"kksr-icon\" style=\"width: 24px; height: 24px;\"><\/div>         <\/div>             <div class=\"kksr-star\" data-star=\"5\" style=\"padding-right: 5px\">               <div class=\"kksr-icon\" style=\"width: 24px; height: 24px;\"><\/div>         <\/div>     <\/div>      <div class=\"kksr-stars-active\" style=\"width: 128px;\">             <div class=\"kksr-star\" style=\"padding-right: 5px\">               <div class=\"kksr-icon\" style=\"width: 24px; height: 24px;\"><\/div>         <\/div>             <div class=\"kksr-star\" style=\"padding-right: 5px\">               <div class=\"kksr-icon\" style=\"width: 24px; height: 24px;\"><\/div>         <\/div>             <div class=\"kksr-star\" style=\"padding-right: 5px\">               <div class=\"kksr-icon\" style=\"width: 24px; height: 24px;\"><\/div>         <\/div>             <div class=\"kksr-star\" style=\"padding-right: 5px\">               <div class=\"kksr-icon\" style=\"width: 24px; height: 24px;\"><\/div>         <\/div>             <div class=\"kksr-star\" style=\"padding-right: 5px\">               <div class=\"kksr-icon\" style=\"width: 24px; height: 24px;\"><\/div>         <\/div>     <\/div> <\/div>                   <div class=\"kksr-legend\" style=\"font-size: 19.2px;\">             4,5\/5 - (8 Stimmen)    <\/div>     <\/div>  <p class=\"translation-block\"><strong>Trommelhacker<\/strong> ist ein Holzhacker mit hohem Durchsatz, hoher Effizienz und hoher Produktivit\u00e4t. Und er kommt in der Vorverarbeitung von Rohstoffen in verschiedenen Produktionslinien h\u00e4ufig vor. Es handelt sich also um eine <strong><a href=\"https:\/\/charcoalplant.com\/de\/wood-wastes-recycling-machine\/industrial-comprehensive-crusher\/\">Holzzerkleinerungsmaschine<\/a><\/strong> mit F\u00f6rderband und Schaltschrank. Dar\u00fcber hinaus verf\u00fcgt er \u00fcber ein hydraulisches Zuf\u00fchrsystem, das die sichere Zuf\u00fchrung von gro\u00dfen Holzteilen steuert. Kurz gesagt, die Trommelholzhackmaschine zeichnet sich durch breite Anwendung, Sicherheit, geringe Investitionen und schnelle Rendite aus. Wenn Sie viel Holz zu bearbeiten haben, warum sollten Sie sie nicht in Betracht ziehen? Wir hoffen aufrichtig auf eine Zusammenarbeit mit Ihnen.<\/p>    <h2 class=\"wp-block-heading\" id=\"raw-material-for-drum-chipper\"><strong>Rohstoff f\u00fcr Trommelhacker<\/strong> <strong>Maschine<\/strong><\/h2>    <p>Zu den Rohstoffen des Trommel-Bambushackers geh\u00f6ren Holzrohstoffe und Nichtholzrohstoffe. Zu den Holzrohstoffen z\u00e4hlen Baumst\u00e4mme, Bambus, Furnierabf\u00e4lle, Baumwurzeln, \u00c4ste usw. Nicht-Holzrohstoffe: Kokosnussschalen, Baumwollst\u00e4ngel, Schilfrohr, Stroh usw. Dar\u00fcber hinaus k\u00f6nnen gro\u00dfformatige Rohstoffe direkt verarbeitet und normale Rohstoffe schnell verarbeitet werden , ordentliche Hackschnitzel.<\/p>    <figure class=\"wp-block-gallery has-nested-images columns-1 is-cropped wp-block-gallery-2 is-layout-flex wp-block-gallery-is-layout-flex\"> <figure class=\"wp-block-image size-large\"><img loading=\"lazy\" decoding=\"async\" width=\"900\" height=\"219\" data-id=\"2094\" src=\"https:\/\/charcoalplant.com\/wp-content\/uploads\/2022\/01\/log\uff0cbamboo-woodboard.jpg\" alt=\"Baumstamm, Bambus, Holzbrett\" class=\"wp-image-2094\"\/><figcaption class=\"wp-element-caption\">Baumstamm, Bambus, Holzbrett<\/figcaption><\/figure>    <figure class=\"wp-block-image size-large\"><img loading=\"lazy\" decoding=\"async\" width=\"918\" height=\"232\" data-id=\"2093\" src=\"https:\/\/charcoalplant.com\/wp-content\/uploads\/2022\/01\/coconutshell-cotton-stalk-straw-.jpg\" alt=\"Kokosnussschalen-Baumwollstroh\" class=\"wp-image-2093\"\/><figcaption class=\"wp-element-caption\">Kokosnussschalen-Baumwollstroh<\/figcaption><\/figure> <\/figure>    <h2 class=\"wp-block-heading\" id=\"h-structure-of-drum-coconut-shell-chipper\"><strong>Aufbau des Trommelholzhackers<\/strong><\/h2>    <p>Der Trommelholzh\u00e4cksler ist eigentlich ein gro\u00dfer Holzh\u00e4cksler. Dar\u00fcber hinaus ist seine Struktur hochwertiger. Der Maschinenk\u00f6rper ist mit einem starken Stahlplattenmaterial verschwei\u00dft, um der gesamten Maschine einen starken Halt zu bieten. Seine Hauptkomponenten: Maschinenk\u00f6rper, Messerwalze, Sieb, Ober- und Unterbeschickung, Hydrauliksystem, F\u00f6rdervorrichtung, Zubeh\u00f6rschrank und andere Teile. <\/p>    <figure class=\"wp-block-gallery has-nested-images columns-default is-cropped wp-block-gallery-3 is-layout-flex wp-block-gallery-is-layout-flex\"> <figure class=\"wp-block-image size-large\"><img loading=\"lazy\" decoding=\"async\" width=\"720\" height=\"540\" data-id=\"838\" src=\"https:\/\/charcoalplant.com\/wp-content\/uploads\/2021\/11\/drum-wood-chipper-machine-1.jpg\" alt=\"Trommel-Holzhacker-Maschine\" class=\"wp-image-838\" srcset=\"https:\/\/charcoalplant.com\/wp-content\/uploads\/2021\/11\/drum-wood-chipper-machine-1.jpg 720w, https:\/\/charcoalplant.com\/wp-content\/uploads\/2021\/11\/drum-wood-chipper-machine-1-300x225.jpg 300w\" sizes=\"auto, (max-width: 720px) 100vw, 720px\" \/><figcaption class=\"wp-element-caption\">Trommel-Holzhacker-Maschine<\/figcaption><\/figure>    <figure class=\"wp-block-image size-large\"><img loading=\"lazy\" decoding=\"async\" width=\"720\" height=\"540\" data-id=\"848\" src=\"https:\/\/charcoalplant.com\/wp-content\/uploads\/2021\/11\/drum-wood-chippers-machine-for-sale-1-1.jpg\" alt=\"Trommelhackschnitzelmaschine zu verkaufen\" class=\"wp-image-848\" srcset=\"https:\/\/charcoalplant.com\/wp-content\/uploads\/2021\/11\/drum-wood-chippers-machine-for-sale-1-1.jpg 720w, https:\/\/charcoalplant.com\/wp-content\/uploads\/2021\/11\/drum-wood-chippers-machine-for-sale-1-1-300x225.jpg 300w\" sizes=\"auto, (max-width: 720px) 100vw, 720px\" \/><figcaption class=\"wp-element-caption\">Trommelhackschnitzelmaschine zu verkaufen<\/figcaption><\/figure> <\/figure>    <h2 class=\"wp-block-heading\" id=\"h-safety-system-of-drum-chipping-machine\"><strong>Sicherheitssystem der Trommelholzhackmaschine<\/strong><\/h2>    <p>Der Trommelh\u00e4cksler von Shuliy erh\u00f6ht nicht nur die praktische Leistung der Ausr\u00fcstung, sondern ber\u00fccksichtigt auch die Sicherheitsleistung der Ausr\u00fcstung. Die Sicherheitsvorrichtung dieser Maschine zur Herstellung von Trommelsp\u00e4nen ist haupts\u00e4chlich im Hydrauliksystem und im Schaltschrank untergebracht.<\/p>    <h3 class=\"wp-block-heading\" id=\"hydraulic-system\"><strong>Hydrauliksystem<\/strong><\/h3>    <p>Dabei fungiert das Hydrauliksystem als Puffer und kann die Zufuhr\u00f6ffnung automatisch so steuern, dass sie sich mit konstanter Geschwindigkeit hebt und senkt. Gleichzeitig schont es auch den Gro\u00dfholzh\u00e4cksler und verbessert die Lebensdauer der Ger\u00e4te.<\/p>    <figure class=\"wp-block-gallery has-nested-images columns-default is-cropped wp-block-gallery-4 is-layout-flex wp-block-gallery-is-layout-flex\"> <figure class=\"wp-block-image size-large\"><img loading=\"lazy\" decoding=\"async\" width=\"720\" height=\"540\" data-id=\"2095\" src=\"https:\/\/charcoalplant.com\/wp-content\/uploads\/2022\/01\/drum-chipper-inlet.jpg\" alt=\"\" class=\"wp-image-2095\"\/><\/figure>    <figure class=\"wp-block-image size-large\"><img loading=\"lazy\" decoding=\"async\" width=\"720\" height=\"540\" data-id=\"2097\" src=\"https:\/\/charcoalplant.com\/wp-content\/uploads\/2021\/11\/prevent-wood-jam.jpg\" alt=\"Holzstau verhindern\" class=\"wp-image-2097\"\/><figcaption class=\"wp-element-caption\">Holzstau verhindern<\/figcaption><\/figure> <\/figure>    <h3 class=\"wp-block-heading\" id=\"control-cabinet\"><strong>Schaltschrank<\/strong><strong><\/strong><\/h3>    <p>Der Holzh\u00e4cksler im Trommelstil ist ein Gro\u00dfger\u00e4t, sein Aufbau ist kompliziert und mit 3 Motoren ausgestattet. Dies dient auch dazu, die Spannung zu reduzieren und die Stromversorgung sinnvoll zu verteilen. Am Schaltschrank befinden sich mehrere Tasten, mit denen die gesamte Maschine flexibel gesteuert werden kann. Dieser Weg ist einfach, effizient und sicher.<\/p>    <figure class=\"wp-block-gallery has-nested-images columns-default is-cropped wp-block-gallery-5 is-layout-flex wp-block-gallery-is-layout-flex\"> <figure class=\"wp-block-image size-large\"><img loading=\"lazy\" decoding=\"async\" width=\"720\" height=\"540\" data-id=\"2098\" src=\"https:\/\/charcoalplant.com\/wp-content\/uploads\/2022\/01\/drum-type-wood-chipper-for-sale.jpg\" alt=\"Trommelholzh\u00e4cksler zu verkaufen\" class=\"wp-image-2098\"\/><figcaption class=\"wp-element-caption\">Trommelholzh\u00e4cksler zu verkaufen<\/figcaption><\/figure>    <figure class=\"wp-block-image size-large\"><img loading=\"lazy\" decoding=\"async\" width=\"720\" height=\"540\" data-id=\"2099\" src=\"https:\/\/charcoalplant.com\/wp-content\/uploads\/2022\/01\/Inside-of-power-distribution-cabinet.jpg\" alt=\"Innerhalb des Stromverteilerschranks\" class=\"wp-image-2099\"\/><figcaption class=\"wp-element-caption\">Innerhalb des Stromverteilerschranks<\/figcaption><\/figure> <\/figure>    <h2 class=\"wp-block-heading\" id=\"video-of-drum-type-chipper\"><strong>Video eines Trommelh\u00e4ckslers<\/strong><\/h2>    <p>Die \u00fcbliche Gr\u00f6\u00dfe von damit behandeltem Holz oder Bambus betr\u00e4gt 5 mm. Es kann auch Rohmaterial mit einer St\u00e4rke von 2\u20133 mm verarbeiten. Willkommen zum Video. Und wir haben einen kostenlosen Beratungsservice.<\/p>    <figure class=\"wp-block-embed is-type-video is-provider-youtube wp-block-embed-youtube wp-embed-aspect-16-9 wp-has-aspect-ratio\"><div class=\"wp-block-embed__wrapper\"> <iframe loading=\"lazy\" title=\"Holzhacker-Schredder Neues Design | Industrielle Trommel-Holzsp\u00e4ne-Schneidemaschine mit guter Leistung\" width=\"500\" height=\"281\" src=\"https:\/\/www.youtube.com\/embed\/mUQ0J9ha5xA?feature=oembed\" frameborder=\"0\" allow=\"accelerometer; autoplay; clipboard-write; encrypted-media; gyroscope; picture-in-picture; web-share\" referrerpolicy=\"strict-origin-when-cross-origin\" allowfullscreen><\/iframe> <\/div><\/figure>    <h2 class=\"wp-block-heading\" id=\"h-uses-of-wood-chips\"><strong>Verwendungsm\u00f6glichkeiten von Hackschnitzeln<\/strong><\/h2>    <ol class=\"wp-block-list\"> <li>Das vom Kokosnussschalen-H\u00e4cksler hergestellte Endprodukt hat eine regelm\u00e4\u00dfige Form und eine gleichm\u00e4\u00dfige Dicke. Sie k\u00f6nnen eine ausw\u00e4hlen <strong><a href=\"https:\/\/charcoalplant.com\/de\/wood-wastes-recycling-machine\/wood-peeling-machine\/\">Holzsch\u00e4ler<\/a><\/strong> verarbeiten und dann hacken. Diese Hackschnitzel k\u00f6nnen direkt verkauft und verbrannt werden.<\/li>    <li>Der Trommelholzh\u00e4cksler kann auch zusammen mit dem verwendet werden <strong><a href=\"https:\/\/charcoalplant.com\/de\/wood-wastes-recycling-machine\/hammer-mill\/\">Hammerm\u00fchle<\/a><\/strong> in der Holzkohleproduktionslinie und der S\u00e4gemehlproduktionslinie.<\/li>    <li>Diese Holzsp\u00e4ne k\u00f6nnen f\u00fcr k\u00fcnstlerisches Schaffen in der Kunstindustrie verwendet werden.<\/li> <\/ol>    <figure class=\"wp-block-gallery has-nested-images columns-default is-cropped wp-block-gallery-6 is-layout-flex wp-block-gallery-is-layout-flex\"> <figure class=\"wp-block-image size-large\"><img loading=\"lazy\" decoding=\"async\" width=\"720\" height=\"540\" data-id=\"2102\" src=\"https:\/\/charcoalplant.com\/wp-content\/uploads\/2022\/01\/waste-wood-chips.jpg\" alt=\"Altholzhackschnitzel\" class=\"wp-image-2102\"\/><figcaption class=\"wp-element-caption\">Altholzhackschnitzel<\/figcaption><\/figure> <\/figure>    <h2 class=\"wp-block-heading\" id=\"large-wood-chipper-parameters\"><strong>Gro\u00dfe Parameter des Holzhackers<\/strong><\/h2>    <figure class=\"wp-block-table is-style-stripes\"><table><tbody><tr><td>Modell<\/td><td>SL-DW218<\/td><td>SL-DW216<\/td><\/tr><tr><td>Messermenge<\/td><td>2\/4<\/td><td>2\/4<\/td><\/tr><tr><td>Futtergr\u00f6\u00dfe<\/td><td>300*680\u00a0mm<\/td><td>230*500 mm<\/td><\/tr><tr><td>Kapazit\u00e4t<\/td><td>10-15 t\/h<\/td><td>5-8t\/h<\/td><\/tr><tr><td>Rohstoffdimension<\/td><td>\u2264300\u00a0mm<\/td><td>\u2264230\u00a0mm<\/td><\/tr><tr><td>Hackschnitzelgr\u00f6\u00dfe<\/td><td>25\u00a0mm (einstellbar)<\/td><td>25 mm (einstellbar)<\/td><\/tr><tr><td>Hauptstrom<\/td><td>110 kW<\/td><td>55 kW<\/td><\/tr><tr><td>Gewicht<\/td><td>8600\u00a0kg<\/td><td>5600 kg<\/td><\/tr><tr><td>Einlauff\u00f6rderband<\/td><td>6 m<\/td><td>6 m<\/td><\/tr><tr><td>Auslauff\u00f6rderer<\/td><td>8\u00a0M<\/td><td>8 m<\/td><\/tr><tr><td>Gr\u00f6\u00dfe<\/td><td>3105*2300*1650\u00a0mm<\/td><td>2735*2200*1200 mm<\/td><\/tr><\/tbody><\/table><figcaption class=\"wp-element-caption\">Die Messerwalzen beider Trommelh\u00e4cksler k\u00f6nnen 2-4 Messer enthalten. Die 4-Messer-Messerwalze zerkleinert die Holzsp\u00e4ne in feinere und gleichm\u00e4\u00dfigere Gr\u00f6\u00dfen.<\/figcaption><\/figure>    <h2 class=\"wp-block-heading\" id=\"difference-between-drum-chipper-and-disc-wood-chipper\"><strong>Unterschied zwischen Trommelh\u00e4cksler und Scheibenholzh\u00e4cksler<\/strong><\/h2>    <ol class=\"wp-block-list\"> <li>Die Aufgabegr\u00f6\u00dfe der gro\u00dfen Hackschnitzelmaschine ist gro\u00df. Und es kann Holz mit einem Durchmesser von bis zu 35 cm verarbeiten.<\/li>    <li>Der <strong><a href=\"https:\/\/charcoalplant.com\/de\/wood-wastes-recycling-machine\/log-chipper\/\">Scheibenholzhacker<\/a><\/strong> verarbeitet die gleiche Menge Rohmaterial wie der gro\u00dfe Bambush\u00e4cksler und der Trommelh\u00e4cksler verbraucht weniger Strom.<\/li>    <li>Gew\u00f6hnliche Holzh\u00e4cksler sind klein. Gro\u00dfvolumige Trommelh\u00e4cksler mit F\u00f6rderb\u00e4ndern sind sperrig und teuer im Transport.<\/li> <\/ol>    <figure class=\"wp-block-gallery has-nested-images columns-default is-cropped wp-block-gallery-7 is-layout-flex wp-block-gallery-is-layout-flex\"> <figure class=\"wp-block-image size-large\"><img loading=\"lazy\" decoding=\"async\" width=\"720\" height=\"540\" data-id=\"2105\" src=\"https:\/\/charcoalplant.com\/wp-content\/uploads\/2022\/01\/bamboo-chipper-plant.jpg\" alt=\"Bambush\u00e4cksleranlage\" class=\"wp-image-2105\"\/><figcaption class=\"wp-element-caption\">Bambush\u00e4cksleranlage<\/figcaption><\/figure> <\/figure>    <h2 class=\"wp-block-heading\" id=\"h-faq-for-drum-chips-cutting-machine\"><strong>FAQ<\/strong> <strong>f\u00fcr Trommelsp\u00e4neschneidemaschine<\/strong><\/h2>   <div id=\"rank-math-faq\" class=\"rank-math-block\"> <div class=\"rank-math-list\"> <div id=\"faq-question-1673252653718\" class=\"rank-math-list-item\"> <h3 class=\"rank-math-question\"><strong>Entsenden Sie den Techniker, um die Installation zu leiten?<\/strong><\/h3> <div class=\"rank-math-answer\">  <p>Ja, entsprechend den Anforderungen des Kunden entsenden wir Ingenieure, die die Installation und Schulungen zum Betrieb der Maschinen durchf\u00fchren.<\/p>  <\/div> <\/div> <div id=\"faq-question-1673252663679\" class=\"rank-math-list-item\"> <h3 class=\"rank-math-question\"><strong>Wie erkenne ich die Qualit\u00e4t Ihrer Maschine?<\/strong><\/h3> <div class=\"rank-math-answer\">  <p>Sie k\u00f6nnen uns Ihr Musterschrottmaterial zusenden und wir testen die Maschine f\u00fcr Sie, ohne daf\u00fcr Geb\u00fchren zu erheben. Und wir k\u00f6nnen Ihnen das Maschinentestvideo zusenden. Wir hei\u00dfen Sie auch herzlich willkommen, unsere Fabrik zu besuchen und unsere Maschine pers\u00f6nlich zu testen.<\/p>  <\/div> <\/div> <div id=\"faq-question-1673252682871\" class=\"rank-math-list-item\"> <h3 class=\"rank-math-question\"><strong>Ist f\u00fcr die Installation des Trommelhackers ein Fundament erforderlich?<\/strong><\/h3> <div class=\"rank-math-answer\">  <p>Nein, unter der Maschine befinden sich F\u00f6rder- und Austragseinrichtungen.<\/p>  <\/div> <\/div> <\/div> <\/div>   <h2 class=\"wp-block-heading\" id=\"h-large-wood-chipper-manufacturer\"><strong>Gro\u00dfer Holzhackerhersteller<\/strong><\/h2>    <figure class=\"wp-block-gallery has-nested-images columns-default is-cropped wp-block-gallery-8 is-layout-flex wp-block-gallery-is-layout-flex\"> <figure class=\"wp-block-image size-large\"><img loading=\"lazy\" decoding=\"async\" width=\"720\" height=\"540\" data-id=\"2103\" src=\"https:\/\/charcoalplant.com\/wp-content\/uploads\/2022\/01\/our-plant-.jpg\" alt=\"unsere-anlage\" class=\"wp-image-2103\"\/><figcaption class=\"wp-element-caption\">unsere-anlage<\/figcaption><\/figure>    <figure class=\"wp-block-image size-large\"><img loading=\"lazy\" decoding=\"async\" width=\"720\" height=\"540\" data-id=\"2104\" src=\"https:\/\/charcoalplant.com\/wp-content\/uploads\/2022\/01\/parts.jpg\" alt=\"Teile\" class=\"wp-image-2104\"\/><figcaption class=\"wp-element-caption\">Teile<\/figcaption><\/figure> <\/figure>    <p class=\"translation-block\">Die Shuliy Machinery Equipment Co., Ltd. ist seit vielen Jahren in der <strong><a href=\"https:\/\/charcoalplant.com\/de\/industrial-comprehensive-crusher\/\">Holzrecyclingindustrie<\/a><\/strong> t\u00e4tig. Daher haben wir erfolgreich mit vielen L\u00e4ndern zusammengearbeitet. Dies legte den Grundstein f\u00fcr die derzeit gute Entwicklung unseres Unternehmens. Die von uns ausgew\u00e4hlten Ersatzteile entsprechen den internationalen Nutzungsindikatoren, und die Maschinen sind fein und langlebig und haben von den Kunden einstimmiges Lob erhalten. Willkommen in unserer Fabrik. Kontaktieren Sie uns jetzt f\u00fcr Informationen zu Produktpreisen.&nbsp;<\/p>","protected":false},"excerpt":{"rendered":"<p>Der Drum Chipper ist ein High-End- und gro\u00dfer Holzhacker, das mit einem hydraulischen Ger\u00e4t ausgestattet ist, um schnell Materialien mit gro\u00dfem Durchmesser zu verarbeiten.<\/p>","protected":false},"author":1,"featured_media":946,"parent":0,"template":"","tags":[64],"product-type":[3],"class_list":["post-786","product","type-product","status-publish","has-post-thumbnail","hentry","tag-wood-wastes-recycling-machine","product-type-wood-wastes-recycling-machine"],"_links":{"self":[{"href":"https:\/\/charcoalplant.com\/de\/wp-json\/wp\/v2\/product\/786","targetHints":{"allow":["GET"]}}],"collection":[{"href":"https:\/\/charcoalplant.com\/de\/wp-json\/wp\/v2\/product"}],"about":[{"href":"https:\/\/charcoalplant.com\/de\/wp-json\/wp\/v2\/types\/product"}],"author":[{"embeddable":true,"href":"https:\/\/charcoalplant.com\/de\/wp-json\/wp\/v2\/users\/1"}],"wp:featuredmedia":[{"embeddable":true,"href":"https:\/\/charcoalplant.com\/de\/wp-json\/wp\/v2\/media\/946"}],"wp:attachment":[{"href":"https:\/\/charcoalplant.com\/de\/wp-json\/wp\/v2\/media?parent=786"}],"wp:term":[{"taxonomy":"post_tag","embeddable":true,"href":"https:\/\/charcoalplant.com\/de\/wp-json\/wp\/v2\/tags?post=786"},{"taxonomy":"product-type","embeddable":true,"href":"https:\/\/charcoalplant.com\/de\/wp-json\/wp\/v2\/product-type?post=786"}],"curies":[{"name":"wp","href":"https:\/\/api.w.org\/{rel}","templated":true}]}}