{"id":789,"date":"2021-11-24T07:05:55","date_gmt":"2021-11-24T07:05:55","guid":{"rendered":"https:\/\/charcoalplant.com\/?p=789"},"modified":"2026-02-11T10:52:06","modified_gmt":"2026-02-11T02:52:06","slug":"wood-peeling-machine","status":"publish","type":"product","link":"https:\/\/charcoalplant.com\/de\/product\/wood-peeling-machine\/","title":{"rendered":"Holzsch\u00e4lmaschine | Vertikaler und Trog-Holzentrinder"},"content":{"rendered":"<div class=\"kk-star-ratings kksr-auto kksr-align-left kksr-valign-top\"     data-payload='{&quot;align&quot;:&quot;left&quot;,&quot;id&quot;:&quot;789&quot;,&quot;slug&quot;:&quot;default&quot;,&quot;valign&quot;:&quot;top&quot;,&quot;ignore&quot;:&quot;&quot;,&quot;reference&quot;:&quot;auto&quot;,&quot;class&quot;:&quot;&quot;,&quot;count&quot;:&quot;7&quot;,&quot;legendonly&quot;:&quot;&quot;,&quot;readonly&quot;:&quot;&quot;,&quot;score&quot;:&quot;4.5&quot;,&quot;starsonly&quot;:&quot;&quot;,&quot;best&quot;:&quot;5&quot;,&quot;gap&quot;:&quot;5&quot;,&quot;greet&quot;:&quot;Rate this product&quot;,&quot;legend&quot;:&quot;4.5\\\/5 - (7 votes)&quot;,&quot;size&quot;:&quot;24&quot;,&quot;title&quot;:&quot;Wood Peeling Machine | Vertical \\u0026amp; Trough Log Debarker&quot;,&quot;width&quot;:&quot;128&quot;,&quot;_legend&quot;:&quot;{score}\\\/{best} - ({count} {votes})&quot;,&quot;font_factor&quot;:&quot;1.25&quot;}'>              <div class=\"kksr-stars\">      <div class=\"kksr-stars-inactive\">             <div class=\"kksr-star\" data-star=\"1\" style=\"padding-right: 5px\">               <div class=\"kksr-icon\" style=\"width: 24px; height: 24px;\"><\/div>         <\/div>             <div class=\"kksr-star\" data-star=\"2\" style=\"padding-right: 5px\">               <div class=\"kksr-icon\" style=\"width: 24px; height: 24px;\"><\/div>         <\/div>             <div class=\"kksr-star\" data-star=\"3\" style=\"padding-right: 5px\">               <div class=\"kksr-icon\" style=\"width: 24px; height: 24px;\"><\/div>         <\/div>             <div class=\"kksr-star\" data-star=\"4\" style=\"padding-right: 5px\">               <div class=\"kksr-icon\" style=\"width: 24px; height: 24px;\"><\/div>         <\/div>             <div class=\"kksr-star\" data-star=\"5\" style=\"padding-right: 5px\">               <div class=\"kksr-icon\" style=\"width: 24px; height: 24px;\"><\/div>         <\/div>     <\/div>      <div class=\"kksr-stars-active\" style=\"width: 128px;\">             <div class=\"kksr-star\" style=\"padding-right: 5px\">               <div class=\"kksr-icon\" style=\"width: 24px; height: 24px;\"><\/div>         <\/div>             <div class=\"kksr-star\" style=\"padding-right: 5px\">               <div class=\"kksr-icon\" style=\"width: 24px; height: 24px;\"><\/div>         <\/div>             <div class=\"kksr-star\" style=\"padding-right: 5px\">               <div class=\"kksr-icon\" style=\"width: 24px; height: 24px;\"><\/div>         <\/div>             <div class=\"kksr-star\" style=\"padding-right: 5px\">               <div class=\"kksr-icon\" style=\"width: 24px; height: 24px;\"><\/div>         <\/div>             <div class=\"kksr-star\" style=\"padding-right: 5px\">               <div class=\"kksr-icon\" style=\"width: 24px; height: 24px;\"><\/div>         <\/div>     <\/div> <\/div>                   <div class=\"kksr-legend\" style=\"font-size: 19.2px;\">             4,5\/5 - (7 Stimmen)    <\/div>     <\/div>  <p class=\"translation-block\"><strong>Holzabziehmaschine<\/strong> ist notwendige Ausr\u00fcstung f\u00fcr einige Holzrecyclingindustrien. Sie kann die Rinde automatisch und effizient abziehen und erreicht eine Abziehrate von 95%. Die von Shuliy Maschinenhersteller produzierte Holzrindeabziehmaschine umfasst <strong><a href=\"https:\/\/charcoalplant.com\/de\/info\/ukrainian-furniture-factory-purchased-a-tree-peeling-machine\/\">vertikale Holzrindeabziehmaschinen<\/a><\/strong>, Rinnen-Holzrindeabziehmaschinen und horizontale Abziehmaschinen. Die folgenden sind die ersten beiden Typen von Holzabziehmaschinen. Willkommen zu \u00fcberpr\u00fcfen, wenn Sie an unserer Ausr\u00fcstung interessiert sind, kontaktieren Sie uns bitte rechtzeitig. Und wir werden Ihnen wettbewerbsf\u00e4hige Preise anbieten.<\/p>    <figure class=\"wp-block-embed is-type-video is-provider-youtube wp-block-embed-youtube wp-embed-aspect-16-9 wp-has-aspect-ratio\"><div class=\"wp-block-embed__wrapper\"> <iframe loading=\"lazy\" title=\"Schwere Holz-Entaster-Maschine \u2013 Funktioniert f\u00fcr Holzst\u00e4mme bis zu 70 cm Durchmesser\" width=\"500\" height=\"281\" src=\"https:\/\/www.youtube.com\/embed\/dvOIuDBpmCs?feature=oembed\" frameborder=\"0\" allow=\"accelerometer; autoplay; clipboard-write; encrypted-media; gyroscope; picture-in-picture; web-share\" referrerpolicy=\"strict-origin-when-cross-origin\" allowfullscreen><\/iframe> <\/div><\/figure>    <h2 class=\"wp-block-heading\" id=\"h-vertical-wood-peeling-machine\"><strong>Typ 1<\/strong>:<strong>Vertikale Holzsch\u00e4lmaschine<\/strong> <strong>zu verkaufen<\/strong><\/h2>    <p>Vertikale Holzsch\u00e4lmaschinen k\u00f6nnen Eukalyptus-, Obstbaum-, Akazien-, Erlen-, Kiefern-, Robinien-, Buchen- und Akazienstammmaterialien verarbeiten. Wenn das Holz gerade und frei von \u00c4sten ist. Die Hartholzsch\u00e4lmaschine kann eine Sch\u00e4lleistung von mehr als 98% erreichen.<\/p>    <figure class=\"wp-block-gallery has-nested-images columns-default is-cropped wp-block-gallery-2 is-layout-flex wp-block-gallery-is-layout-flex\"> <figure class=\"wp-block-image size-large\"><img loading=\"lazy\" decoding=\"async\" width=\"720\" height=\"540\" data-id=\"2152\" src=\"https:\/\/charcoalplant.com\/wp-content\/uploads\/2022\/01\/log.jpg\" alt=\"\" class=\"wp-image-2152\"\/><figcaption class=\"wp-element-caption\">Protokoll<\/figcaption><\/figure>    <figure class=\"wp-block-image size-large\"><img loading=\"lazy\" decoding=\"async\" width=\"720\" height=\"540\" data-id=\"2153\" src=\"https:\/\/charcoalplant.com\/wp-content\/uploads\/2022\/01\/wood.jpg\" alt=\"Holz\" class=\"wp-image-2153\"\/><figcaption class=\"wp-element-caption\">Holz<\/figcaption><\/figure> <\/figure>    <h3 class=\"wp-block-heading\" id=\"h-structure-of-vertical-wood-peeling-machine\"><strong>Aufbau einer vertikalen Holzsch\u00e4lmaschine<\/strong><strong><\/strong><\/h3>    <p>Es handelt sich um eine Holzsch\u00e4lmaschine mit einfachem Aufbau, die haupts\u00e4chlich aus einer Andruckrolle, einem Messerkopf und einem Rahmen besteht. Es sind insgesamt 8 Andruckrollen vorhanden, jeweils 4 Andruckrollen an der Einlauf\u00f6ffnung und der Auslauf\u00f6ffnung. Die Messer sind f\u00e4cherf\u00f6rmig, unten schmal und oben breit, am Schneidkopf k\u00f6nnen 4 oder 6 Messer montiert werden. Die Anzahl der installierten Tools kann entsprechend angepasst werden.<\/p>    <figure class=\"wp-block-gallery has-nested-images columns-2 is-cropped wp-block-gallery-3 is-layout-flex wp-block-gallery-is-layout-flex\"> <figure class=\"wp-block-image size-full\"><img loading=\"lazy\" decoding=\"async\" width=\"720\" height=\"540\" data-id=\"2158\" src=\"https:\/\/charcoalplant.com\/wp-content\/uploads\/2022\/01\/bend-blade-1.jpg\" alt=\"Biegeklinge\" class=\"wp-image-2158\"\/><figcaption class=\"wp-element-caption\">Biegeklinge<\/figcaption><\/figure>    <figure class=\"wp-block-image size-large\"><img loading=\"lazy\" decoding=\"async\" width=\"720\" height=\"540\" data-id=\"2155\" src=\"https:\/\/charcoalplant.com\/wp-content\/uploads\/2022\/01\/Infeed-and-Outfeed-Rollers-\u526f\u672c.jpg\" alt=\"Ein- und Auslaufwalzen\" class=\"wp-image-2155\"\/><figcaption class=\"wp-element-caption\">Ein- und Auslaufwalzen<\/figcaption><\/figure> <\/figure>    <h3 class=\"wp-block-heading\" id=\"h-working-principle-of-vertical-log-debarker\"><strong>W<\/strong><strong>Funktionsprinzip der Vertikalen <\/strong><strong>Rundholz-Entrindungsmaschine<\/strong><strong><\/strong><\/h3>    <p>Das Eukalyptus- oder Kiefernholz wird der Zufuhr\u00f6ffnung manuell oder \u00fcber ein F\u00f6rderband zugef\u00fchrt, und die Andruckrolle an der Zufuhr\u00f6ffnung dreht sich, um das Holz in die Maschine aufzuwickeln. Der Messerkopf nutzt das Einfahrprinzip zum Sch\u00e4len von Holz unterschiedlicher Durchmesser. Das gesch\u00e4lte Holz wird durch die Andruckrolle an der Auslass\u00f6ffnung sanft ausgesto\u00dfen. Die Andruckrollen vorne und hinten an der Maschine verf\u00fcgen \u00fcber Abbremsfedern, die das Holz anheben und absenken k\u00f6nnen.<\/p>    <figure class=\"wp-block-gallery has-nested-images columns-default is-cropped wp-block-gallery-4 is-layout-flex wp-block-gallery-is-layout-flex\"> <figure class=\"wp-block-image size-large is-style-default\"><img loading=\"lazy\" decoding=\"async\" width=\"720\" height=\"540\" data-id=\"2159\" src=\"https:\/\/charcoalplant.com\/wp-content\/uploads\/2022\/01\/log-peeler-machine-show.jpg\" alt=\"Scheitholzsch\u00e4lmaschine-Show\" class=\"wp-image-2159\"\/><figcaption class=\"wp-element-caption\">Scheitholzsch\u00e4lmaschine-Show<\/figcaption><\/figure> <\/figure>    <h3 class=\"wp-block-heading\" id=\"video-of-log-debarker\"><strong>Video zum Holzentrinder<\/strong><\/h3>    <p>Dieses Video zeigt Ihnen den erstaunlichen Sch\u00e4leffekt des Rindensch\u00e4lers. Wenn es Ihnen gef\u00e4llt, liken und abonnieren Sie es bitte.<\/p>    <figure class=\"wp-block-embed is-type-video is-provider-youtube wp-block-embed-youtube wp-embed-aspect-16-9 wp-has-aspect-ratio\"><div class=\"wp-block-embed__wrapper\"> <iframe loading=\"lazy\" title=\"Rundholz-Entrindungsger\u00e4t | Holzsch\u00e4l- und Recyclinganlagen#Holzsch\u00e4lmaschine#Holzrecyclinganlage\" width=\"500\" height=\"281\" src=\"https:\/\/www.youtube.com\/embed\/WxfVBov0gY4?feature=oembed\" frameborder=\"0\" allow=\"accelerometer; autoplay; clipboard-write; encrypted-media; gyroscope; picture-in-picture; web-share\" referrerpolicy=\"strict-origin-when-cross-origin\" allowfullscreen><\/iframe> <\/div><\/figure>    <h3 class=\"wp-block-heading\" id=\"h-features-of-vertical-wood-peeling-machine\"><strong>Besonderheit<\/strong><strong>s einer vertikalen Holzsch\u00e4lmaschine<\/strong><strong><\/strong><\/h3>    <p>1. Es kann Holz mit einem gro\u00dfen Durchmesser (5\u201335 cm) verarbeiten.<\/p>    <p>2. Die Verarbeitungsgeschwindigkeit betr\u00e4gt schnell 10 m\/min.<\/p>    <p>3. Es kann die Haut sauber abziehen und besch\u00e4digt das Holz nicht.<\/p>    <figure class=\"wp-block-gallery has-nested-images columns-default is-cropped wp-block-gallery-5 is-layout-flex wp-block-gallery-is-layout-flex\"> <figure class=\"wp-block-image size-large\"><img loading=\"lazy\" decoding=\"async\" width=\"720\" height=\"540\" data-id=\"2161\" src=\"https:\/\/charcoalplant.com\/wp-content\/uploads\/2022\/01\/peeled-tree.jpg\" alt=\"gesch\u00e4lter Baum\" class=\"wp-image-2161\"\/><figcaption class=\"wp-element-caption\">gesch\u00e4lter Baum<\/figcaption><\/figure>    <figure class=\"wp-block-image size-full\"><img loading=\"lazy\" decoding=\"async\" width=\"720\" height=\"540\" data-id=\"863\" src=\"https:\/\/charcoalplant.com\/wp-content\/uploads\/2021\/11\/Finished-product-display-1.jpg\" alt=\"Fertigprodukt-Display\" class=\"wp-image-863\" srcset=\"https:\/\/charcoalplant.com\/wp-content\/uploads\/2021\/11\/Finished-product-display-1.jpg 720w, https:\/\/charcoalplant.com\/wp-content\/uploads\/2021\/11\/Finished-product-display-1-300x225.jpg 300w\" sizes=\"auto, (max-width: 720px) 100vw, 720px\" \/><figcaption class=\"wp-element-caption\">Fertigprodukt-Display<\/figcaption><\/figure> <\/figure>    <p>4. Es hat eine kompakte Struktur und einen geringen Platzbedarf. Daher ist der Versand g\u00fcnstiger.<\/p>    <figure class=\"wp-block-gallery has-nested-images columns-default is-cropped wp-block-gallery-6 is-layout-flex wp-block-gallery-is-layout-flex\"> <figure class=\"wp-block-image size-large\"><img loading=\"lazy\" decoding=\"async\" width=\"720\" height=\"540\" data-id=\"1870\" src=\"https:\/\/charcoalplant.com\/wp-content\/uploads\/2022\/01\/movable-log-debarker.jpg\" alt=\"beweglicher Baumstamm-Entrinder\" class=\"wp-image-1870\" srcset=\"https:\/\/charcoalplant.com\/wp-content\/uploads\/2022\/01\/movable-log-debarker.jpg 720w, https:\/\/charcoalplant.com\/wp-content\/uploads\/2022\/01\/movable-log-debarker-300x225.jpg 300w\" sizes=\"auto, (max-width: 720px) 100vw, 720px\" \/><figcaption class=\"wp-element-caption\">beweglicher Baumstamm-Entrinder<\/figcaption><\/figure>    <figure class=\"wp-block-image size-large\"><img loading=\"lazy\" decoding=\"async\" width=\"720\" height=\"540\" data-id=\"871\" src=\"https:\/\/charcoalplant.com\/wp-content\/uploads\/2021\/11\/Wooden-box-shipment-1.jpg\" alt=\"Holzkistenversand\" class=\"wp-image-871\" srcset=\"https:\/\/charcoalplant.com\/wp-content\/uploads\/2021\/11\/Wooden-box-shipment-1.jpg 720w, https:\/\/charcoalplant.com\/wp-content\/uploads\/2021\/11\/Wooden-box-shipment-1-300x225.jpg 300w\" sizes=\"auto, (max-width: 720px) 100vw, 720px\" \/><figcaption class=\"wp-element-caption\">Holzkistenversand<\/figcaption><\/figure> <\/figure>    <h3 class=\"wp-block-heading\" id=\"vertical-tree-peeling-machine-parameters\"><strong>Parameter der vertikalen Baumsch\u00e4lmaschine<\/strong><\/h3>    <figure class=\"wp-block-table is-style-stripes\"><table><tbody><tr><td><strong>Modell<\/strong><\/td><td><strong>SL-WP320<\/strong><\/td><td><strong>SL-WP370<\/strong><\/td><\/tr><tr><td><strong>Leistung<\/strong><\/td><td>7,5+2,2 kW<\/td><td>7,5+2,2 kW<\/td><\/tr><tr><td><strong>Arbeitsgeschwindigkeit<\/strong><\/td><td>10m\/min<\/td><td>10m\/min<\/td><\/tr><tr><td><strong>Anwendbarer Holzdurchmesser<\/strong><\/td><td>50-320mm<\/td><td>80-350mm<\/td><\/tr><tr><td><strong>Maschinengr\u00f6\u00dfe<\/strong><\/td><td>2450*1400*1700mm<\/td><td>2450*1400*1700mm<\/td><\/tr><\/tbody><\/table><\/figure>    <h2 class=\"wp-block-heading\" id=\"h-trough-log-debarker\"><strong>Typ 2:<\/strong> <strong>Rinnen-Log-Entaster<\/strong><\/h2>    <p>Die Trogsch\u00e4lmaschine kann mehr Holzarten verarbeiten, darunter Zweige, Eukalyptus, Pappeln, Obstb\u00e4ume, Kiefern, Robinienholz usw. Egal, ob die L\u00e4nge des Holzes unterschiedlich ist, die Kr\u00fcmmung unterschiedlich ist und die Luftfeuchtigkeit unterschiedlich ist. Sie k\u00f6nnen es auf der Maschine sch\u00e4len.<\/p>    <figure class=\"wp-block-gallery has-nested-images columns-default is-cropped wp-block-gallery-7 is-layout-flex wp-block-gallery-is-layout-flex\"> <figure class=\"wp-block-image size-full\"><img loading=\"lazy\" decoding=\"async\" width=\"591\" height=\"422\" data-id=\"2166\" src=\"https:\/\/charcoalplant.com\/wp-content\/uploads\/2022\/01\/small-log.png\" alt=\"Kleinholz\" class=\"wp-image-2166\"\/><figcaption class=\"wp-element-caption\">Kleinholz<\/figcaption><\/figure>    <figure class=\"wp-block-image size-full\"><img loading=\"lazy\" decoding=\"async\" width=\"720\" height=\"540\" data-id=\"2167\" src=\"https:\/\/charcoalplant.com\/wp-content\/uploads\/2022\/01\/lot-of-wood-1.jpg\" alt=\"viel Holz\" class=\"wp-image-2167\"\/><figcaption class=\"wp-element-caption\">viel Holz<\/figcaption><\/figure> <\/figure>    <h3 class=\"wp-block-heading\" id=\"h-structure-of-tree-bark-peeling-machine\"><strong>Aufbau der Holzsch\u00e4lmaschine<\/strong><\/h3>    <p>Die Trog-Entrindungsmaschine besteht aus f\u00fcnf Teilen: Entrindungswalze, Zufuhreinlass, Entrindungsauslass, Holzauslass und Kraft\u00fcbertragungsger\u00e4t. Es verf\u00fcgt \u00fcber ein Walzensch\u00e4len, eine einfache und starke Struktur, eine starke Steifigkeit, eine niedrige Ausfallrate und eine lange Lebensdauer.<\/p>    <figure class=\"wp-block-gallery has-nested-images columns-default is-cropped wp-block-gallery-8 is-layout-flex wp-block-gallery-is-layout-flex\"> <figure class=\"wp-block-image size-full\"><img loading=\"lazy\" decoding=\"async\" width=\"720\" height=\"540\" data-id=\"867\" src=\"https:\/\/charcoalplant.com\/wp-content\/uploads\/2021\/11\/Export-1.jpg\" alt=\"Auslass der Holzsch\u00e4lmaschine\" class=\"wp-image-867\" srcset=\"https:\/\/charcoalplant.com\/wp-content\/uploads\/2021\/11\/Export-1.jpg 720w, https:\/\/charcoalplant.com\/wp-content\/uploads\/2021\/11\/Export-1-300x225.jpg 300w\" sizes=\"auto, (max-width: 720px) 100vw, 720px\" \/><figcaption class=\"wp-element-caption\">Auslass der Holzsch\u00e4lmaschine<\/figcaption><\/figure>    <figure class=\"wp-block-image size-large\"><img loading=\"lazy\" decoding=\"async\" width=\"720\" height=\"540\" data-id=\"2170\" src=\"https:\/\/charcoalplant.com\/wp-content\/uploads\/2022\/01\/Internal-structure-of-wood-peeling-machine.jpg\" alt=\"Interne Struktur einer Holzsch\u00e4lmaschine\" class=\"wp-image-2170\"\/><figcaption class=\"wp-element-caption\">Interne Struktur einer Holzsch\u00e4lmaschine<\/figcaption><\/figure> <\/figure>    <h3 class=\"wp-block-heading\" id=\"h-working-principle-of-trough-log-debarker\"><strong>Funktionsprinzip der Wanne <\/strong><strong>Rundholz-Entrindungsmaschine<\/strong><strong><\/strong><\/h3>    <p>Die Trogholzsch\u00e4lmaschine nutzt die vom Rotor mit abgestuften Sch\u00e4lz\u00e4hnen erzeugte Kraft, um das Holzst\u00fcck im Trog zirkulieren zu lassen. Das Holz im Trog springt unregelm\u00e4\u00dfig. Daher f\u00fchren die langfristige Reibung und St\u00f6\u00dfe zwischen dem Holzabschnitt und den Z\u00e4hnen, dem Holzabschnitt und dem Holzabschnitt sowie dem Holzabschnitt und der Silowanne dazu, dass Rinde und Stamm schnell zersetzt und gesch\u00e4lt werden, um ein Sch\u00e4len zu erreichen .<\/p>    <figure class=\"wp-block-gallery has-nested-images columns-2 is-cropped wp-block-gallery-9 is-layout-flex wp-block-gallery-is-layout-flex\"> <figure class=\"wp-block-image size-full\"><img loading=\"lazy\" decoding=\"async\" width=\"720\" height=\"540\" data-id=\"876\" src=\"https:\/\/charcoalplant.com\/wp-content\/uploads\/2021\/11\/Trough-log-debarker-1.jpg\" alt=\"Trog-Holz-Entrinder\" class=\"wp-image-876\" srcset=\"https:\/\/charcoalplant.com\/wp-content\/uploads\/2021\/11\/Trough-log-debarker-1.jpg 720w, https:\/\/charcoalplant.com\/wp-content\/uploads\/2021\/11\/Trough-log-debarker-1-300x225.jpg 300w\" sizes=\"auto, (max-width: 720px) 100vw, 720px\" \/><figcaption class=\"wp-element-caption\">Trog-Holz-Entrinder<\/figcaption><\/figure> <\/figure>    <h3 class=\"wp-block-heading\" id=\"h-features-of-trough-peeling-machine\"><strong>Merkmale der Trogsch\u00e4lmaschine<\/strong><\/h3>    <p>1. Umgang mit kleinem Holz; Der maximale Holzdurchmesser darf 30 cm nicht \u00fcberschreiten.<\/p>    <p>2. Eine gro\u00dfe Menge Holz kann auf einmal verarbeitet werden; Holz unterschiedlicher Gr\u00f6\u00dfen kann gleichzeitig verarbeitet werden.<\/p>    <p>3. Der Walze der Peelingmaschine ist nicht leicht zu besch\u00e4digen, hat keine Zubeh\u00f6rteile und eine lange Lebensdauer.<\/p>    <p>4. \u00dcbliche Panzermodelle sind 5 m, 6 m und 12 m; sie k\u00f6nnen verl\u00e4ngert werden.<\/p>    <h3 class=\"wp-block-heading\" id=\"trough-peeling-machine-parameters\"><strong>Holzsch\u00e4lmaschine<\/strong> <strong>Parameter<\/strong><\/h3>    <figure class=\"wp-block-table is-style-stripes\"><table><tbody><tr><td><strong>Modell<\/strong><\/td><td>6m (Einzelrolle)<\/td><td>6m (Doppelrollen)<\/td><td>9m (Doppelrollen)<\/td><td>12m Doppelrollen<\/td><\/tr><tr><td><strong>Kapazit\u00e4t<\/strong><\/td><td>3-7t\/h<\/td><td>7-15t\/h<\/td><td>15-25t\/h<\/td><td>25-30 t\/h<\/td><\/tr><tr><td><strong>Leistung<\/strong><\/td><td>7,5 kW<\/td><td>7,5+2 kW<\/td><td>7,5+2 kW<\/td><td>7,5+2 kW<\/td><\/tr><tr><td><strong>L\u00e4nge<\/strong><\/td><td>6300 mm<\/td><td>6300 mm<\/td><td>9000 mm<\/td><td>12600 mm<\/td><\/tr><tr><td><strong>Breite<\/strong><\/td><td>1200 mm<\/td><td>1310 mm<\/td><td>1500 mm<\/td><td>1550 mm<\/td><\/tr><tr><td><strong>H\u00f6he<\/strong><\/td><td>1500 mm<\/td><td>1550 mm<\/td><td>1600 mm<\/td><td>1650 mm<\/td><\/tr><\/tbody><\/table><\/figure>    <h2 class=\"wp-block-heading\" id=\"application-of-peeled-wood\"><strong>Anwendung von gesch\u00e4ltem Holz<\/strong><\/h2>    <p>Gesch\u00e4ltes Holz kann f\u00fcr vielf\u00e4ltige Zwecke verwendet werden, darunter auch f\u00fcr dekorative und funktionale Zwecke. Zu den h\u00e4ufigsten Verwendungszwecken von gesch\u00e4ltem Holz geh\u00f6ren:<\/p>    <ol class=\"wp-block-list\"> <li><strong>Rustikale M\u00f6bel:<\/strong> Aus gesch\u00e4ltem Holz lassen sich rustikale und nat\u00fcrlich wirkende M\u00f6bel wie Couchtische, Esstische und B\u00e4nke herstellen.<\/li>    <li><strong>Wandbel\u00e4ge:<\/strong> Gesch\u00e4ltes Holz kann verwendet werden, um W\u00e4nden ein nat\u00fcrliches und rustikales Aussehen zu verleihen, entweder als dekoratives Element oder als funktionale M\u00f6glichkeit, Unvollkommenheiten zu verbergen.<\/li>    <li><strong>Garteneinfassung:<\/strong> Mit gesch\u00e4ltem Holz l\u00e4sst sich eine nat\u00fcrlich wirkende Umrandung eines Gartens oder Blumenbeets gestalten.<\/li>    <li><strong>Fechten:<\/strong> Mit gesch\u00e4ltem Holz l\u00e4sst sich ein rustikaler und nat\u00fcrlich wirkender Zaun gestalten, entweder als dekoratives Element oder zur Markierung der Grenzen eines Grundst\u00fccks.<\/li>    <li><strong>Bastelprojekte:<\/strong> Gesch\u00e4ltes Holz kann f\u00fcr eine Vielzahl von Bastelprojekten verwendet werden, beispielsweise f\u00fcr die Herstellung rustikaler Schilder oder Dekorationen.<\/li>    <li><strong>Landschaftsbau:<\/strong> Gesch\u00e4ltes Holz kann bei Landschaftsbauprojekten verwendet werden, um nat\u00fcrlich aussehende Elemente wie St\u00fctzmauern oder Hochbeete zu schaffen.<\/li> <\/ol>    <div class=\"wp-block-columns is-layout-flex wp-container-core-columns-is-layout-28f84493 wp-block-columns-is-layout-flex\"> <div class=\"wp-block-column is-layout-flow wp-block-column-is-layout-flow\"> <p class=\"translation-block\"><strong>Pf\u00e4hle herstellen<\/strong><\/p>    <figure class=\"wp-block-gallery has-nested-images columns-default is-cropped wp-block-gallery-10 is-layout-flex wp-block-gallery-is-layout-flex\"> <figure class=\"wp-block-image size-large\"><img loading=\"lazy\" decoding=\"async\" width=\"720\" height=\"540\" data-id=\"2171\" src=\"https:\/\/charcoalplant.com\/wp-content\/uploads\/2022\/01\/wood-stakes.jpg\" alt=\"\" class=\"wp-image-2171\"\/><\/figure> <\/figure> <\/div>    <div class=\"wp-block-column is-layout-flow wp-block-column-is-layout-flow\"> <p class=\"translation-block\"><strong>Baumaterialien f\u00fcr Holzh\u00e4user herstellen<\/strong><\/p>    <figure class=\"wp-block-gallery has-nested-images columns-default is-cropped wp-block-gallery-11 is-layout-flex wp-block-gallery-is-layout-flex\"> <figure class=\"wp-block-image size-large\"><img loading=\"lazy\" decoding=\"async\" width=\"720\" height=\"540\" data-id=\"2172\" src=\"https:\/\/charcoalplant.com\/wp-content\/uploads\/2022\/01\/houses.jpg\" alt=\"\" class=\"wp-image-2172\"\/><\/figure> <\/figure> <\/div> <\/div>    <div class=\"wp-block-columns is-layout-flex wp-container-core-columns-is-layout-28f84493 wp-block-columns-is-layout-flex\"> <div class=\"wp-block-column is-layout-flow wp-block-column-is-layout-flow\"> <p><strong><a href=\"https:\/\/charcoalplant.com\/de\/wood-wastes-recycling-machine\/movable-log-sawmill\/\">Verwenden Sie eine S\u00e4ge, um Bretter herzustellen<\/a><\/strong><\/p>    <figure class=\"wp-block-gallery has-nested-images columns-default is-cropped wp-block-gallery-12 is-layout-flex wp-block-gallery-is-layout-flex\"> <figure class=\"wp-block-image size-large\"><img loading=\"lazy\" decoding=\"async\" width=\"720\" height=\"540\" data-id=\"2173\" src=\"https:\/\/charcoalplant.com\/wp-content\/uploads\/2022\/01\/wood-board-2.jpg\" alt=\"\" class=\"wp-image-2173\"\/><\/figure> <\/figure> <\/div>    <div class=\"wp-block-column is-layout-flow wp-block-column-is-layout-flow\"> <p><strong><a href=\"https:\/\/charcoalplant.com\/de\/wood-wastes-recycling-machine\/log-chipper\/\">Zerkleinerung und Wiederaufbereitung von Holzhackern<\/a><\/strong><\/p>    <figure class=\"wp-block-gallery has-nested-images columns-default is-cropped wp-block-gallery-13 is-layout-flex wp-block-gallery-is-layout-flex\"> <figure class=\"wp-block-image size-large\"><img loading=\"lazy\" decoding=\"async\" width=\"720\" height=\"540\" data-id=\"2175\" src=\"https:\/\/charcoalplant.com\/wp-content\/uploads\/2022\/01\/wooden-pellet-1.jpg\" alt=\"\" class=\"wp-image-2175\"\/><\/figure> <\/figure> <\/div> <\/div>    <h2 class=\"wp-block-heading\" id=\"h-how-to-choose-the-right-wood-peeling-machine\"><strong>Wie w\u00e4hlt man die richtige Holzsch\u00e4lmaschine aus?<\/strong><\/h2>    <p>Vertikale Holzsch\u00e4lmaschinen stellen h\u00f6here Anforderungen an die Rohstoffe. Wenn Sie \u00fcber viele gute Holzressourcen verf\u00fcgen (Holzeigenschaften: gerade, ohne Stottern, \u00c4ste und \u00c4ste), k\u00f6nnen Sie sich f\u00fcr eine vertikale Entrindungsmaschine entscheiden. Die von ihm verarbeiteten Fertigprodukte k\u00f6nnen zu Pf\u00e4hlen, hochwertigen Kunsthandwerken verarbeitet oder direkt verkauft werden.<\/p>    <p>Die Trogholzsch\u00e4lmaschine eignet sich f\u00fcr verschiedene Holzarten, besser geeignet f\u00fcr d\u00fcnnes Holz und \u00c4ste mit einem Durchmesser von weniger als 30 cm. Rohstoffe sind in gr\u00f6\u00dferem Umfang verf\u00fcgbar. Die damit verarbeiteten Fertigprodukte werden haupts\u00e4chlich in der Holzwiederaufbereitung und in Produktionsbetrieben verwendet, die h\u00f6here Anforderungen an recycelte Produkte stellen, wie z. B. Papierfabriken, die Papierqualit\u00e4t erfordern, moderne Holzkohlefabriken usw.<\/p>","protected":false},"excerpt":{"rendered":"<p>Die Holzschaltmaschine kann das Holz automatisch sch\u00e4len. Shuliy Machinery verkauft vertikale Erstbarker -Maschinen und TROUGH -Debarking -Maschinen.<\/p>","protected":false},"author":1,"featured_media":944,"parent":0,"template":"","tags":[64],"product-type":[3],"class_list":["post-789","product","type-product","status-publish","has-post-thumbnail","hentry","tag-wood-wastes-recycling-machine","product-type-wood-wastes-recycling-machine"],"_links":{"self":[{"href":"https:\/\/charcoalplant.com\/de\/wp-json\/wp\/v2\/product\/789","targetHints":{"allow":["GET"]}}],"collection":[{"href":"https:\/\/charcoalplant.com\/de\/wp-json\/wp\/v2\/product"}],"about":[{"href":"https:\/\/charcoalplant.com\/de\/wp-json\/wp\/v2\/types\/product"}],"author":[{"embeddable":true,"href":"https:\/\/charcoalplant.com\/de\/wp-json\/wp\/v2\/users\/1"}],"wp:featuredmedia":[{"embeddable":true,"href":"https:\/\/charcoalplant.com\/de\/wp-json\/wp\/v2\/media\/944"}],"wp:attachment":[{"href":"https:\/\/charcoalplant.com\/de\/wp-json\/wp\/v2\/media?parent=789"}],"wp:term":[{"taxonomy":"post_tag","embeddable":true,"href":"https:\/\/charcoalplant.com\/de\/wp-json\/wp\/v2\/tags?post=789"},{"taxonomy":"product-type","embeddable":true,"href":"https:\/\/charcoalplant.com\/de\/wp-json\/wp\/v2\/product-type?post=789"}],"curies":[{"name":"wp","href":"https:\/\/api.w.org\/{rel}","templated":true}]}}