{"id":958,"date":"2021-11-25T10:11:39","date_gmt":"2021-11-25T10:11:39","guid":{"rendered":"https:\/\/charcoalplant.com\/?p=958"},"modified":"2023-01-14T14:25:49","modified_gmt":"2023-01-14T06:25:49","slug":"rice-husk-dryer","status":"publish","type":"product","link":"https:\/\/charcoalplant.com\/de\/product\/rice-husk-dryer\/","title":{"rendered":"Reisschalentrockner | Biomasse-Trocknungsmaschine"},"content":{"rendered":"<div class=\"kk-star-ratings kksr-auto kksr-align-left kksr-valign-top\"     data-payload='{&quot;align&quot;:&quot;left&quot;,&quot;id&quot;:&quot;958&quot;,&quot;slug&quot;:&quot;default&quot;,&quot;valign&quot;:&quot;top&quot;,&quot;ignore&quot;:&quot;&quot;,&quot;reference&quot;:&quot;auto&quot;,&quot;class&quot;:&quot;&quot;,&quot;count&quot;:&quot;23&quot;,&quot;legendonly&quot;:&quot;&quot;,&quot;readonly&quot;:&quot;&quot;,&quot;score&quot;:&quot;4.6&quot;,&quot;starsonly&quot;:&quot;&quot;,&quot;best&quot;:&quot;5&quot;,&quot;gap&quot;:&quot;5&quot;,&quot;greet&quot;:&quot;Rate this product&quot;,&quot;legend&quot;:&quot;4.6\\\/5 - (23 votes)&quot;,&quot;size&quot;:&quot;24&quot;,&quot;title&quot;:&quot;Rice Husk Dryer | Biomass Drying Machine&quot;,&quot;width&quot;:&quot;130.9&quot;,&quot;_legend&quot;:&quot;{score}\\\/{best} - ({count} {votes})&quot;,&quot;font_factor&quot;:&quot;1.25&quot;}'>              <div class=\"kksr-stars\">      <div class=\"kksr-stars-inactive\">             <div class=\"kksr-star\" data-star=\"1\" style=\"padding-right: 5px\">               <div class=\"kksr-icon\" style=\"width: 24px; height: 24px;\"><\/div>         <\/div>             <div class=\"kksr-star\" data-star=\"2\" style=\"padding-right: 5px\">               <div class=\"kksr-icon\" style=\"width: 24px; height: 24px;\"><\/div>         <\/div>             <div class=\"kksr-star\" data-star=\"3\" style=\"padding-right: 5px\">               <div class=\"kksr-icon\" style=\"width: 24px; height: 24px;\"><\/div>         <\/div>             <div class=\"kksr-star\" data-star=\"4\" style=\"padding-right: 5px\">               <div class=\"kksr-icon\" style=\"width: 24px; height: 24px;\"><\/div>         <\/div>             <div class=\"kksr-star\" data-star=\"5\" style=\"padding-right: 5px\">               <div class=\"kksr-icon\" style=\"width: 24px; height: 24px;\"><\/div>         <\/div>     <\/div>      <div class=\"kksr-stars-active\" style=\"width: 130.9px;\">             <div class=\"kksr-star\" style=\"padding-right: 5px\">               <div class=\"kksr-icon\" style=\"width: 24px; height: 24px;\"><\/div>         <\/div>             <div class=\"kksr-star\" style=\"padding-right: 5px\">               <div class=\"kksr-icon\" style=\"width: 24px; height: 24px;\"><\/div>         <\/div>             <div class=\"kksr-star\" style=\"padding-right: 5px\">               <div class=\"kksr-icon\" style=\"width: 24px; height: 24px;\"><\/div>         <\/div>             <div class=\"kksr-star\" style=\"padding-right: 5px\">               <div class=\"kksr-icon\" style=\"width: 24px; height: 24px;\"><\/div>         <\/div>             <div class=\"kksr-star\" style=\"padding-right: 5px\">               <div class=\"kksr-icon\" style=\"width: 24px; height: 24px;\"><\/div>         <\/div>     <\/div> <\/div>                   <div class=\"kksr-legend\" style=\"font-size: 19.2px;\">             4,6\/5 - (23 Stimmen)    <\/div>     <\/div>  <p class=\"translation-block\"><strong>Reish\u00fclsentro ckner<\/strong> sind wichtige Trocknungsanlagen in der Holzkohleproduktion. Sie k\u00f6nnen feuchten S\u00e4gemehl, feuchte Holzsp\u00e4ne, feuchten Bambus und andere Rohstoffe trocknen. Daher k\u00f6nnen sie in der Metallurgie, im Bauwesen, in der Chemie, bei der Kohlew\u00e4sche, bei D\u00fcngemitteln, Erzen, Sand und anderen Bereichen eingesetzt werden. Wir produzieren Trommeltrockner und Luftstromtrockner. Sie zeichnen sich durch Energieeinsparung, guten Trocknungseffekt und einfache Bedienung aus. Sie k\u00f6nnen uns anrufen oder eine E-Mail senden, und wir werden Ihnen einen wettbewerbsf\u00e4higen Preis anbieten.<\/p>    <h2 class=\"wp-block-heading\" id=\"h-what-are-the-types-of-rice-husk-dryers\">Welche Arten von Reisschalentrocknern gibt es?<\/h2>    <p class=\"translation-block\">Industrietrockner werden in horizontale Trommeltrockner und vertikale Luftstromtrockner unterteilt. Tats\u00e4chlich k\u00f6nnen beide Trockner <strong><a href=\"https:\/\/charcoalplant.com\/de\/wood-wastes-recycling-machine\/waste-wooden-pallet-grinder\/\">S\u00e4gemehl<\/a><\/strong>, Holzschnitzel, Sand, D\u00fcnger, Steine und mehr trocknen. Und der Trocknungseffekt ist ebenfalls gut. Was ist also der Unterschied zwischen ihnen? Wie sollten Sie einen Trockner ausw\u00e4hlen? Diese Fragen werden wir als n\u00e4chstes besprechen.<\/p>    <h2 class=\"wp-block-heading\"><strong>Typ 1<\/strong>: horizontaler Rotationstrockner<\/h2>    <p>Die rotierende Reisschalen-Trocknungsmaschine kann Erz, Ton, Sand, Pulver und andere Materialien trocknen. Wichtig ist, dass seine Trocknungswirkung mehr als 95% erreichen kann. Der Rotationstrockner wird von unseren Kunden am h\u00e4ufigsten bestellt. Mit anderen Worten, es ist das beste Trocknungsger\u00e4t, das verkauft wird.<\/p>    <figure class=\"wp-block-image aligncenter size-full\"><img loading=\"lazy\" decoding=\"async\" width=\"720\" height=\"540\" src=\"https:\/\/charcoalplant.com\/wp-content\/uploads\/2021\/11\/Rice-husk-dryer-1.jpg\" alt=\"Reisschalentrockner\" class=\"wp-image-960\" srcset=\"https:\/\/charcoalplant.com\/wp-content\/uploads\/2021\/11\/Rice-husk-dryer-1.jpg 720w, https:\/\/charcoalplant.com\/wp-content\/uploads\/2021\/11\/Rice-husk-dryer-1-300x225.jpg 300w\" sizes=\"auto, (max-width: 720px) 100vw, 720px\" \/><figcaption class=\"wp-element-caption\">Reisschalentrockner<\/figcaption><\/figure>    <h2 class=\"wp-block-heading\">Aufbau der S\u00e4gemehltrocknungsmaschine<\/h2>    <p class=\"translation-block\">Seine Hauptmerkmalstruktur ist eine horizontale Rolle. Die Trommeln haben unterschiedliche Durchmesser, um unterschiedliche Leistungen zu erzielen. Im Inneren der Trommel befinden sich viele Hebeplatten. Wenn sich die Trommel dreht, k\u00f6nnen die Rohstoffe gleichm\u00e4\u00dfig transportiert werden. Zweitens der Getriebemotor und das Getriebe au\u00dferhalb des Zylinders. Die Drehung der Trommel erfolgt \u00fcber Zahnr\u00e4der, und die Geschwindigkeitsregelung erfolgt \u00fcber einen <strong><a href=\"https:\/\/charcoalplant.com\/de\/industrial-comprehensive-crusher\/\">Getriebemotor.<\/a><\/strong><\/p>    <figure class=\"wp-block-image aligncenter size-full\"><img loading=\"lazy\" decoding=\"async\" width=\"696\" height=\"409\" src=\"https:\/\/charcoalplant.com\/wp-content\/uploads\/2022\/03\/sawdust-drying-machine.jpg\" alt=\"S\u00e4gemehltrocknungsmaschine\" class=\"wp-image-2597\"\/><figcaption class=\"wp-element-caption\">S\u00e4gemehltrocknungsmaschine<\/figcaption><\/figure>    <div class=\"wp-block-columns has-background is-layout-flex wp-container-core-columns-is-layout-28f84493 wp-block-columns-is-layout-flex\" style=\"background-color:#f1f1f1\"> <div class=\"wp-block-column is-layout-flow wp-block-column-is-layout-flow\" style=\"flex-basis:66.66%\"> <figure class=\"wp-block-gallery has-nested-images columns-default is-cropped wp-block-gallery-2 is-layout-flex wp-block-gallery-is-layout-flex\"> <figure class=\"wp-block-image size-large\"><img loading=\"lazy\" decoding=\"async\" width=\"720\" height=\"540\" data-id=\"968\" src=\"https:\/\/charcoalplant.com\/wp-content\/uploads\/2021\/11\/Roller-1.jpg\" alt=\"Rolle\" class=\"wp-image-968\" srcset=\"https:\/\/charcoalplant.com\/wp-content\/uploads\/2021\/11\/Roller-1.jpg 720w, https:\/\/charcoalplant.com\/wp-content\/uploads\/2021\/11\/Roller-1-300x225.jpg 300w\" sizes=\"auto, (max-width: 720px) 100vw, 720px\" \/><figcaption class=\"wp-element-caption\">Rolle<\/figcaption><\/figure> <\/figure> <\/div>    <div class=\"wp-block-column is-vertically-aligned-center is-layout-flow wp-block-column-is-layout-flow\" style=\"flex-basis:33.33%\"> <p class=\"translation-block\"><strong>Hauptk\u00f6rper<\/strong><\/p>    <p>Seine charakteristische Hauptstruktur ist eine horizontale Walze. Um unterschiedliche Leistungen zu erzielen, haben die Trommeln unterschiedliche Durchmesser. Im Inneren der Trommel befinden sich viele Hebeplatten.<\/p> <\/div> <\/div>    <div class=\"wp-block-columns has-background is-layout-flex wp-container-core-columns-is-layout-28f84493 wp-block-columns-is-layout-flex\" style=\"background-color:#f1f1f1\"> <div class=\"wp-block-column is-vertically-aligned-center is-layout-flow wp-block-column-is-layout-flow\" style=\"flex-basis:33.33%\"> <p class=\"translation-block\"><strong>Elektrosteuerkasten<\/strong><\/p>    <p>Der Stromverteilerschrank kann die Temperatur und die Geschwindigkeit des Reduzierers einfach steuern. Daher spielt es auch eine Sicherheitsrolle.<\/p> <\/div>    <div class=\"wp-block-column is-layout-flow wp-block-column-is-layout-flow\" style=\"flex-basis:66.66%\"> <figure class=\"wp-block-gallery has-nested-images columns-default is-cropped wp-block-gallery-3 is-layout-flex wp-block-gallery-is-layout-flex\"> <figure class=\"wp-block-image size-large\"><img loading=\"lazy\" decoding=\"async\" width=\"720\" height=\"540\" data-id=\"2604\" src=\"https:\/\/charcoalplant.com\/wp-content\/uploads\/2022\/03\/electric-box.jpg\" alt=\"\" class=\"wp-image-2604\"\/><\/figure> <\/figure> <\/div> <\/div>    <h2 class=\"wp-block-heading\">Parameter der S\u00e4gemehl-Trocknungsmaschine<\/h2>    <figure class=\"wp-block-table is-style-stripes\"><table><tbody><tr><td>Modell<\/td><td>Kapazit\u00e4t<\/td><td>Leistung<\/td><td>Drehdurchmesser<\/td><\/tr><tr><td>SL-RD800<\/td><td>400\u2013600 kg\/h<\/td><td>4 kW<\/td><td>0,8 m Durchmesser, L\u00e4nge 8 m<\/td><\/tr><tr><td>SL-RD1000<\/td><td>800-1000kg\/h<\/td><td>5,5+5,5 kW<\/td><td>1m Durchmesser, L\u00e4nge 10m<\/td><\/tr><tr><td>SL-RD1200<\/td><td>1000-1200 kg\/h<\/td><td>7,5+7,5 kW<\/td><td>1,2 m Durchmesser, L\u00e4nge 12 m<\/td><\/tr><tr><td>SL-RD1500<\/td><td>1500\u20132000 kg\/h<\/td><td>15+15 kW<\/td><td>1,5 m Durchmesser, L\u00e4nge 12 m<\/td><\/tr><\/tbody><\/table><\/figure>    <h2 class=\"wp-block-heading\">Video einer industriellen S\u00e4gemehltrocknungsmaschine<\/h2>    <figure class=\"wp-block-embed is-type-video is-provider-youtube wp-block-embed-youtube wp-embed-aspect-16-9 wp-has-aspect-ratio\"><div class=\"wp-block-embed__wrapper\"> <iframe loading=\"lazy\" title=\"Wunderbare S\u00e4gemehltrocknungsmaschine | SL-800-Trockner-Produktionslinie in Indonesien installiert#S\u00e4gemehltrocknung\" width=\"500\" height=\"281\" src=\"https:\/\/www.youtube.com\/embed\/qOxIQAGlh44?feature=oembed\" frameborder=\"0\" allow=\"accelerometer; autoplay; clipboard-write; encrypted-media; gyroscope; picture-in-picture; web-share\" referrerpolicy=\"strict-origin-when-cross-origin\" allowfullscreen><\/iframe> <\/div><\/figure>    <h2 class=\"wp-block-heading\"><strong>Typ 2<\/strong>: Vertikaler Luftstromtrockner<\/h2>    <p>Der Luftstromtrockner eignet sich besser zum Trocknen leichter Materialien wie Reisschalen, Pulver, S\u00e4gemehl, Holzpartikel usw. Seine Entfeuchtungsleistung ist ebenfalls sehr gut. Es muss jedoch die H\u00f6he der Pflanze berechnet werden, sodass die Leistung begrenzt ist.<\/p>    <figure class=\"wp-block-image aligncenter size-full\"><img loading=\"lazy\" decoding=\"async\" width=\"720\" height=\"540\" src=\"https:\/\/charcoalplant.com\/wp-content\/uploads\/2022\/03\/rice-husk-dryer-machine.jpg\" alt=\"\" class=\"wp-image-2600\"\/><\/figure>    <h2 class=\"wp-block-heading\">Aufbau einer Luftstromtrocknungsmaschine<\/h2>    <p>Die Struktur des Reisschalentrockners umfasst haupts\u00e4chlich einen W\u00e4rmequellenofen, einen Saugzugventilator, eine Trockenkammer, einen Einlass, einen Auslass usw.<\/p>    <figure class=\"wp-block-image aligncenter size-full is-resized\"><img loading=\"lazy\" decoding=\"async\" src=\"https:\/\/charcoalplant.com\/wp-content\/uploads\/2022\/03\/rice-husk-dryer-show.png\" alt=\"Reisschalen-Trockner-Show\" class=\"wp-image-2599\" width=\"697\" height=\"336\"\/><figcaption class=\"wp-element-caption\">Reisschalen-Trockner-Show<\/figcaption><\/figure>    <div class=\"wp-block-columns has-background is-layout-flex wp-container-core-columns-is-layout-28f84493 wp-block-columns-is-layout-flex\" style=\"background-color:#f1f1f1\"> <div class=\"wp-block-column is-layout-flow wp-block-column-is-layout-flow\" style=\"flex-basis:66.66%\"> <figure class=\"wp-block-gallery has-nested-images columns-default is-cropped wp-block-gallery-4 is-layout-flex wp-block-gallery-is-layout-flex\"> <figure class=\"wp-block-image size-large\"><img loading=\"lazy\" decoding=\"async\" width=\"720\" height=\"540\" data-id=\"967\" src=\"https:\/\/charcoalplant.com\/wp-content\/uploads\/2021\/11\/Heat-source-furnace-for-airflow-dryer-1.jpg\" alt=\"W\u00e4rmequellenofen f\u00fcr Luftstromtrockner\" class=\"wp-image-967\" srcset=\"https:\/\/charcoalplant.com\/wp-content\/uploads\/2021\/11\/Heat-source-furnace-for-airflow-dryer-1.jpg 720w, https:\/\/charcoalplant.com\/wp-content\/uploads\/2021\/11\/Heat-source-furnace-for-airflow-dryer-1-300x225.jpg 300w\" sizes=\"auto, (max-width: 720px) 100vw, 720px\" \/><figcaption class=\"wp-element-caption\">W\u00e4rmequellenofen f\u00fcr Luftstromtrockner<\/figcaption><\/figure> <\/figure> <\/div>    <div class=\"wp-block-column is-vertically-aligned-center is-layout-flow wp-block-column-is-layout-flow\" style=\"flex-basis:33.33%\"> <p class=\"translation-block\"><strong>Brenner<\/strong><\/p>    <p>Es dient als W\u00e4rmequelle beim Brennen des Ofens. Dar\u00fcber hinaus werden seine Rohstoffe nicht ben\u00f6tigt.<\/p> <\/div> <\/div>    <div class=\"wp-block-columns has-background is-layout-flex wp-container-core-columns-is-layout-28f84493 wp-block-columns-is-layout-flex\" style=\"background-color:#f1f1f1\"> <div class=\"wp-block-column is-vertically-aligned-center is-layout-flow wp-block-column-is-layout-flow\" style=\"flex-basis:33.33%\"> <p class=\"translation-block\"><strong>Rohr<\/strong><\/p>    <p>Der Aufbau und das Aussehen der Trockenkammer der beiden Reisschalentrockner sind unterschiedlich. Es wird ein vertikales Silo verwendet. Daher nimmt es einen kleineren horizontalen Raum ein. Es muss jedoch die H\u00f6he der Pflanze berechnet werden, sodass die Leistung begrenzt ist.<\/p> <\/div>    <div class=\"wp-block-column is-layout-flow wp-block-column-is-layout-flow\" style=\"flex-basis:66.66%\"> <figure class=\"wp-block-gallery has-nested-images columns-default is-cropped wp-block-gallery-5 is-layout-flex wp-block-gallery-is-layout-flex\"> <figure class=\"wp-block-image size-large\"><img loading=\"lazy\" decoding=\"async\" width=\"720\" height=\"540\" data-id=\"2605\" src=\"https:\/\/charcoalplant.com\/wp-content\/uploads\/2022\/03\/airflow-dryer-for-sale.jpg\" alt=\"\" class=\"wp-image-2605\"\/><\/figure> <\/figure> <\/div> <\/div>    <h2 class=\"wp-block-heading\">Parameter der Luftstromtrocknermaschine<\/h2>    <figure class=\"wp-block-table is-style-stripes\"><table><tbody><tr><td>Typ<\/td><td>Kapazit\u00e4t<\/td><td>Leistung<\/td><\/tr><tr><td>SL-AD320<\/td><td>500-600kg\/h<\/td><td>7,5 kW<\/td><\/tr><tr><td>SL-AD219<\/td><td>300-400kg\/h<\/td><td>5,5 kW<\/td><\/tr><\/tbody><\/table><\/figure>    <h2 class=\"wp-block-heading\" id=\"h-related-accessories-of-rice-husk-drying-machine\">Zugeh\u00f6riges Zubeh\u00f6r der Reisschalen-Trocknungsmaschine<\/h2>    <p>Beide Arten von S\u00e4gemehl-Trocknungsmaschinen basieren auf dem W\u00e4rmequellenofen, der die W\u00e4rmequelle bereitstellt und dann das Material durch das Saugzuggebl\u00e4se mit der hei\u00dfen Luft vermischt. Die Endtemperatur des Produkts liegt bei etwa 50 Grad.<\/p>    <p>Um die Sicherheit der Bediener zu gew\u00e4hrleisten, empfehlen wir unseren Kunden daher grunds\u00e4tzlich den Einbau von K\u00fchl- und Staubentfernungsger\u00e4ten. Einerseits kann die Luftk\u00fchlung das Hochtemperatur-S\u00e4gemehl auf 20 Grad abk\u00fchlen. Andererseits kann das Staubentfernungsger\u00e4t Staub sammeln, um Produktreinheit und Fabrikhygiene sicherzustellen.<\/p>    <figure class=\"wp-block-image aligncenter size-full\"><img loading=\"lazy\" decoding=\"async\" width=\"720\" height=\"540\" src=\"https:\/\/charcoalplant.com\/wp-content\/uploads\/2022\/03\/dust-romovel-machine.jpg\" alt=\"\" class=\"wp-image-2606\"\/><\/figure>    <h2 class=\"wp-block-heading\" id=\"h-rice-husk-dryer-for-sale\">Reisschalentrockner zu verkaufen<\/h2>    <p class=\"translation-block\">Wir verkaufen zwei Arten von Reish\u00fclsentrocknern: Trommeltrockner und Luftstromtrockner. Und Sie k\u00f6nnen eine <strong><a href=\"https:\/\/charcoalplant.com\/de\/biomass-briquette-machine\/sawdust-briquette-machine\/\">Biomassebrikettmaschine<\/a><\/strong> hinter der Maschine platzieren. Wir produzieren Walzendurchmesser von 800 mm, 1000 mm und 1200 mm. Wenn Sie einen gr\u00f6\u00dferen Walzendurchmesser ben\u00f6tigen, k\u00f6nnen wir ihn f\u00fcr Sie anpassen. Die L\u00e4nge der Trommel ist ebenfalls flexibel. Die Silospezifikationen des Luftstromtrockners sind ebenfalls vielf\u00e4ltig. Kontaktieren Sie uns so schnell wie m\u00f6glich, wir werden Ihnen die detaillierten Parameter der Reish\u00fclsenmaschine zur Verf\u00fcgung stellen.<\/p>    <figure class=\"wp-block-gallery has-nested-images columns-2 is-cropped wp-block-gallery-6 is-layout-flex wp-block-gallery-is-layout-flex\"> <figure class=\"wp-block-image size-large\"><img loading=\"lazy\" decoding=\"async\" width=\"720\" height=\"540\" data-id=\"972\" src=\"https:\/\/charcoalplant.com\/wp-content\/uploads\/2021\/11\/Shipment-of-rice-husk-dryer-1.jpg\" alt=\"Versand eines Reisschalentrockners\" class=\"wp-image-972\" srcset=\"https:\/\/charcoalplant.com\/wp-content\/uploads\/2021\/11\/Shipment-of-rice-husk-dryer-1.jpg 720w, https:\/\/charcoalplant.com\/wp-content\/uploads\/2021\/11\/Shipment-of-rice-husk-dryer-1-300x225.jpg 300w\" sizes=\"auto, (max-width: 720px) 100vw, 720px\" \/><figcaption class=\"wp-element-caption\">Versand eines Reisschalentrockners<\/figcaption><\/figure>    <figure class=\"wp-block-image size-full\"><img loading=\"lazy\" decoding=\"async\" width=\"720\" height=\"540\" data-id=\"2607\" src=\"https:\/\/charcoalplant.com\/wp-content\/uploads\/2022\/03\/rice-husk-dryer-shipping.jpg\" alt=\"Versand von Reisschalentrocknern\" class=\"wp-image-2607\"\/><figcaption class=\"wp-element-caption\">Versand von Reisschalentrocknern<\/figcaption><\/figure> <\/figure>","protected":false},"excerpt":{"rendered":"<p>Der Reisschalentrockner kann nasses S\u00e4gemehl, feuchte Bagasse, feuchten Sand usw. trocknen. Er kann den Feuchtigkeitsgehalt auf etwa 8% reduzieren.<\/p>","protected":false},"author":1,"featured_media":960,"parent":0,"template":"","tags":[60],"product-type":[45],"class_list":["post-958","product","type-product","status-publish","has-post-thumbnail","hentry","tag-drying-machine","product-type-drying-machine"],"_links":{"self":[{"href":"https:\/\/charcoalplant.com\/de\/wp-json\/wp\/v2\/product\/958","targetHints":{"allow":["GET"]}}],"collection":[{"href":"https:\/\/charcoalplant.com\/de\/wp-json\/wp\/v2\/product"}],"about":[{"href":"https:\/\/charcoalplant.com\/de\/wp-json\/wp\/v2\/types\/product"}],"author":[{"embeddable":true,"href":"https:\/\/charcoalplant.com\/de\/wp-json\/wp\/v2\/users\/1"}],"wp:featuredmedia":[{"embeddable":true,"href":"https:\/\/charcoalplant.com\/de\/wp-json\/wp\/v2\/media\/960"}],"wp:attachment":[{"href":"https:\/\/charcoalplant.com\/de\/wp-json\/wp\/v2\/media?parent=958"}],"wp:term":[{"taxonomy":"post_tag","embeddable":true,"href":"https:\/\/charcoalplant.com\/de\/wp-json\/wp\/v2\/tags?post=958"},{"taxonomy":"product-type","embeddable":true,"href":"https:\/\/charcoalplant.com\/de\/wp-json\/wp\/v2\/product-type?post=958"}],"curies":[{"name":"wp","href":"https:\/\/api.w.org\/{rel}","templated":true}]}}