{"id":999,"date":"2021-11-30T02:53:43","date_gmt":"2021-11-30T02:53:43","guid":{"rendered":"https:\/\/charcoalplant.com\/?p=999"},"modified":"2026-01-15T17:41:46","modified_gmt":"2026-01-15T09:41:46","slug":"sawdust-briquette-machine","status":"publish","type":"product","link":"https:\/\/charcoalplant.com\/de\/product\/sawdust-briquette-machine\/","title":{"rendered":"S\u00e4gemehlbrikettiermaschine | Maschine zur Herstellung von S\u00e4gemehlkohle"},"content":{"rendered":"<div class=\"kk-star-ratings kksr-auto kksr-align-left kksr-valign-top\"     data-payload='{&quot;align&quot;:&quot;left&quot;,&quot;id&quot;:&quot;999&quot;,&quot;slug&quot;:&quot;default&quot;,&quot;valign&quot;:&quot;top&quot;,&quot;ignore&quot;:&quot;&quot;,&quot;reference&quot;:&quot;auto&quot;,&quot;class&quot;:&quot;&quot;,&quot;count&quot;:&quot;68&quot;,&quot;legendonly&quot;:&quot;&quot;,&quot;readonly&quot;:&quot;&quot;,&quot;score&quot;:&quot;4.8&quot;,&quot;starsonly&quot;:&quot;&quot;,&quot;best&quot;:&quot;5&quot;,&quot;gap&quot;:&quot;5&quot;,&quot;greet&quot;:&quot;Rate this product&quot;,&quot;legend&quot;:&quot;4.8\\\/5 - (68 votes)&quot;,&quot;size&quot;:&quot;24&quot;,&quot;title&quot;:&quot;Sawdust Briquette Machine | Sawdust Charcoal Making Machine&quot;,&quot;width&quot;:&quot;136.7&quot;,&quot;_legend&quot;:&quot;{score}\\\/{best} - ({count} {votes})&quot;,&quot;font_factor&quot;:&quot;1.25&quot;}'>              <div class=\"kksr-stars\">      <div class=\"kksr-stars-inactive\">             <div class=\"kksr-star\" data-star=\"1\" style=\"padding-right: 5px\">               <div class=\"kksr-icon\" style=\"width: 24px; height: 24px;\"><\/div>         <\/div>             <div class=\"kksr-star\" data-star=\"2\" style=\"padding-right: 5px\">               <div class=\"kksr-icon\" style=\"width: 24px; height: 24px;\"><\/div>         <\/div>             <div class=\"kksr-star\" data-star=\"3\" style=\"padding-right: 5px\">               <div class=\"kksr-icon\" style=\"width: 24px; height: 24px;\"><\/div>         <\/div>             <div class=\"kksr-star\" data-star=\"4\" style=\"padding-right: 5px\">               <div class=\"kksr-icon\" style=\"width: 24px; height: 24px;\"><\/div>         <\/div>             <div class=\"kksr-star\" data-star=\"5\" style=\"padding-right: 5px\">               <div class=\"kksr-icon\" style=\"width: 24px; height: 24px;\"><\/div>         <\/div>     <\/div>      <div class=\"kksr-stars-active\" style=\"width: 136.7px;\">             <div class=\"kksr-star\" style=\"padding-right: 5px\">               <div class=\"kksr-icon\" style=\"width: 24px; height: 24px;\"><\/div>         <\/div>             <div class=\"kksr-star\" style=\"padding-right: 5px\">               <div class=\"kksr-icon\" style=\"width: 24px; height: 24px;\"><\/div>         <\/div>             <div class=\"kksr-star\" style=\"padding-right: 5px\">               <div class=\"kksr-icon\" style=\"width: 24px; height: 24px;\"><\/div>         <\/div>             <div class=\"kksr-star\" style=\"padding-right: 5px\">               <div class=\"kksr-icon\" style=\"width: 24px; height: 24px;\"><\/div>         <\/div>             <div class=\"kksr-star\" style=\"padding-right: 5px\">               <div class=\"kksr-icon\" style=\"width: 24px; height: 24px;\"><\/div>         <\/div>     <\/div> <\/div>                   <div class=\"kksr-legend\" style=\"font-size: 19.2px;\">             4,8\/5 - (68 Bewertungen)    <\/div>     <\/div>  <p class=\"translation-block\">Eine <strong>S\u00e4gemehlbrikettmaschine<\/strong> ist eine Art Ausr\u00fcstung, die verschiedene S\u00e4gemehl-Biomasse als Rohmaterial zur Herstellung von Biomassest\u00e4ben verwendet. Und es muss w\u00e4hrend seiner Verarbeitung kein Bindemittel hinzugef\u00fcgt werden. Aufgrund der umweltfreundlichen und brennbest\u00e4ndigen Eigenschaften von <strong><a href=\"https:\/\/charcoalplant.com\/de\/news\/biomass-briquette-fuel-and-biomass-fuel\/\">maschinell hergestellter Holzkohle<\/a><\/strong> gibt es eine gro\u00dfe Nachfrage auf heimischen und ausl\u00e4ndischen M\u00e4rkten. Daher eilten gro\u00dfe Holzkohlefabriken, um mehrere S\u00e4gemehlbrikettmaschinen f\u00fcr die Verarbeitung von <a href=\"https:\/\/charcoalplant.com\/de\/charcoal-making-machine-3\/\"><strong>Holzkohleproduktionslinien<\/strong><\/a> zu kaufen. Kontaktieren Sie uns jetzt f\u00fcr die neuesten Marktinformationen zu Holzkohlemaschinen.<\/p>    <h2 class=\"wp-block-heading\" id=\"h-what-is-sawdust-briquette-machine\">Was ist eine S\u00e4gemehl-Brikettmaschine?<\/h2>    <p>Die S\u00e4gemehlbrikettiermaschine ist eines der wichtigen Ausr\u00fcstungsteile f\u00fcr die Produktionslinie der Holzkohlemaschine. Normalerweise werden die S\u00e4gemehl-Holzkohlemaschine und der Trockner vor der Holzkohlemaschine platziert. Ziel ist die Versorgung mit trockenen Rohstoffen. Die neue energiesparende Maschine zur Herstellung von Holzkohle-S\u00e4gemehlst\u00e4ben nutzt die Stabherstellungstechnologie der elektromagnetischen Induktionserw\u00e4rmung und des Schraubenpressens. Dadurch entstehen S\u00e4gemehlbriketts, die dichter und h\u00e4rter sind.<\/p>    <figure class=\"wp-block-image aligncenter size-full\"><img loading=\"lazy\" decoding=\"async\" width=\"720\" height=\"540\" src=\"https:\/\/charcoalplant.com\/wp-content\/uploads\/2022\/02\/sawdust-briquette-machine.jpg\" alt=\"S\u00e4gemehlbrikettiermaschine\" class=\"wp-image-2377\"\/><figcaption class=\"wp-element-caption\">S\u00e4gemehlbrikettiermaschine<\/figcaption><\/figure>    <h2 class=\"wp-block-heading\" id=\"h-raw-material-for-sawdust-briquette-machine\">Rohstoff f\u00fcr S\u00e4gemehlbrikettmaschine<\/h2>    <p>Tats\u00e4chlich ist die Maschine zur Herstellung von S\u00e4gemehlbriketts sehr umweltfreundlich. Gleichzeitig handelt es sich um Verarbeitungsger\u00e4te mit hohem wirtschaftlichem Wert. Seine Rohstoffe sind haupts\u00e4chlich S\u00e4gemehlpellets mit einem Feuchtigkeitsgehalt von weniger als 12% und einer Gr\u00f6\u00dfe von weniger als 6 mm. Zum Beispiel S\u00e4gemehl, Reish\u00fclsen, Stroh, Bambussp\u00e4ne, Rapsst\u00e4ngel, Erdnussschalen, Baumwollst\u00e4ngel usw. Andere \u00fcbliche Haushaltsabf\u00e4lle. Zum Beispiel Kaffeesatz, Bagasse, Teesamenschalen usw. (Hinweis: Materialien, die nicht der Futtergr\u00f6\u00dfe entsprechen, m\u00fcssen zuerst zerkleinert werden.)<\/p>    <figure class=\"wp-block-gallery has-nested-images columns-default is-cropped wp-block-gallery-2 is-layout-flex wp-block-gallery-is-layout-flex\"> <figure class=\"wp-block-image size-large\"><img loading=\"lazy\" decoding=\"async\" width=\"720\" height=\"540\" data-id=\"2364\" src=\"https:\/\/charcoalplant.com\/wp-content\/uploads\/2022\/02\/bamboo.jpg\" alt=\"Bambus\" class=\"wp-image-2364\"\/><figcaption class=\"wp-element-caption\">Bambus<\/figcaption><\/figure>    <figure class=\"wp-block-image size-large\"><img loading=\"lazy\" decoding=\"async\" width=\"600\" height=\"400\" data-id=\"2361\" src=\"https:\/\/charcoalplant.com\/wp-content\/uploads\/2022\/02\/coffee-grounds.jpg\" alt=\"Kaffeesatz\" class=\"wp-image-2361\"\/><figcaption class=\"wp-element-caption\">Kaffeesatz<\/figcaption><\/figure>    <figure class=\"wp-block-image size-large\"><img loading=\"lazy\" decoding=\"async\" width=\"720\" height=\"540\" data-id=\"2365\" src=\"https:\/\/charcoalplant.com\/wp-content\/uploads\/2022\/02\/cotton-stalk-1.jpg\" alt=\"Baumwollstiel\" class=\"wp-image-2365\"\/><figcaption class=\"wp-element-caption\">Baumwollstiel<\/figcaption><\/figure>    <figure class=\"wp-block-image size-large\"><img loading=\"lazy\" decoding=\"async\" width=\"720\" height=\"540\" data-id=\"2362\" src=\"https:\/\/charcoalplant.com\/wp-content\/uploads\/2022\/02\/peanut-shell-1.jpg\" alt=\"Erdnussschale\" class=\"wp-image-2362\"\/><figcaption class=\"wp-element-caption\">Erdnussschale<\/figcaption><\/figure>    <figure class=\"wp-block-image size-large\"><img loading=\"lazy\" decoding=\"async\" width=\"720\" height=\"540\" data-id=\"2363\" src=\"https:\/\/charcoalplant.com\/wp-content\/uploads\/2022\/02\/rice-husk-1.jpg\" alt=\"Reisschale\" class=\"wp-image-2363\"\/><figcaption class=\"wp-element-caption\">Reisschale<\/figcaption><\/figure>    <figure class=\"wp-block-image size-large\"><img loading=\"lazy\" decoding=\"async\" width=\"720\" height=\"540\" data-id=\"2366\" src=\"https:\/\/charcoalplant.com\/wp-content\/uploads\/2022\/02\/sawdust-2.jpg\" alt=\"S\u00e4gemehl\" class=\"wp-image-2366\"\/><figcaption class=\"wp-element-caption\">S\u00e4gemehl<\/figcaption><\/figure> <\/figure>    <h2 class=\"wp-block-heading\" id=\"h-structure-of-biomass-briquetting-machine\">Struktur der Maschine zur Herstellung von S\u00e4gemehlbriketts<\/h2>    <p>Die Hauptstruktur der S\u00e4gemehlbrikettiermaschine umfasst den Einlass, den Auslass, den Stromverteilerschrank, die Riemenscheibe, den Motor usw. Zugeh\u00f6riges Zubeh\u00f6r ist ein Heizring, ein Schraubenpropeller und ein Lager. Die Gesamtstruktur des S\u00e4gemehlbrikettierextruders ist kompakt und sieht sch\u00f6n aus.<\/p>    <figure class=\"wp-block-image aligncenter size-full\"><img loading=\"lazy\" decoding=\"async\" width=\"720\" height=\"540\" src=\"https:\/\/charcoalplant.com\/wp-content\/uploads\/2022\/02\/sawdust-biomass-briquette-machine.jpg\" alt=\"\" class=\"wp-image-2380\"\/><\/figure>    <div class=\"wp-block-columns has-background is-layout-flex wp-container-core-columns-is-layout-28f84493 wp-block-columns-is-layout-flex\" style=\"background-color:#f1f1f1\"> <div class=\"wp-block-column is-layout-flow wp-block-column-is-layout-flow\" style=\"flex-basis:66.66%\"> <figure class=\"wp-block-gallery has-nested-images columns-default is-cropped wp-block-gallery-3 is-layout-flex wp-block-gallery-is-layout-flex\"> <figure class=\"wp-block-image size-large\"><img loading=\"lazy\" decoding=\"async\" width=\"720\" height=\"540\" data-id=\"1005\" src=\"https:\/\/charcoalplant.com\/wp-content\/uploads\/2021\/11\/Metal-heating-ring-1.jpg\" alt=\"Metall-Heizring\" class=\"wp-image-1005\" srcset=\"https:\/\/charcoalplant.com\/wp-content\/uploads\/2021\/11\/Metal-heating-ring-1.jpg 720w, https:\/\/charcoalplant.com\/wp-content\/uploads\/2021\/11\/Metal-heating-ring-1-300x225.jpg 300w\" sizes=\"auto, (max-width: 720px) 100vw, 720px\" \/><figcaption class=\"wp-element-caption\">Metall-Heizring<\/figcaption><\/figure> <\/figure> <\/div>    <div class=\"wp-block-column is-vertically-aligned-center is-layout-flow wp-block-column-is-layout-flow\" style=\"flex-basis:33.33%\"> <p class=\"translation-block\"><strong>Metallheizring<\/strong><\/p>    <p>Das entworfene elektrische Heizger\u00e4t mit vollautomatischer Steuerung kann nicht nur die Trockenfeuchtigkeit des Materials nach dem Zufallsprinzip einstellen. Dar\u00fcber hinaus gew\u00e4hrleistet es die Stabilit\u00e4t beim Entladen und Formen und verbessert die Arbeitseffizienz.<\/p> <\/div> <\/div>    <div class=\"wp-block-columns has-background is-layout-flex wp-container-core-columns-is-layout-28f84493 wp-block-columns-is-layout-flex\" style=\"background-color:#f1f1f1\"> <div class=\"wp-block-column is-vertically-aligned-center is-layout-flow wp-block-column-is-layout-flow\" style=\"flex-basis:33.33%\"> <p class=\"translation-block\"><strong>Schnecke<\/strong><\/p>    <p>Der Propellerteil der Stangenherstellungsmaschine \u00fcbernimmt die Materialverarbeitung, was die Produktionszeit erh\u00f6ht und die Lebensdauer verl\u00e4ngert.<\/p> <\/div>    <div class=\"wp-block-column is-layout-flow wp-block-column-is-layout-flow\" style=\"flex-basis:66.66%\"> <figure class=\"wp-block-gallery has-nested-images columns-default is-cropped wp-block-gallery-4 is-layout-flex wp-block-gallery-is-layout-flex\"> <figure class=\"wp-block-image size-large\"><img loading=\"lazy\" decoding=\"async\" width=\"720\" height=\"540\" data-id=\"1008\" src=\"https:\/\/charcoalplant.com\/wp-content\/uploads\/2021\/11\/Screw-propeller-1.jpg\" alt=\"Schraubenpropeller\" class=\"wp-image-1008\" srcset=\"https:\/\/charcoalplant.com\/wp-content\/uploads\/2021\/11\/Screw-propeller-1.jpg 720w, https:\/\/charcoalplant.com\/wp-content\/uploads\/2021\/11\/Screw-propeller-1-300x225.jpg 300w\" sizes=\"auto, (max-width: 720px) 100vw, 720px\" \/><figcaption class=\"wp-element-caption\">Schraubenpropeller<\/figcaption><\/figure> <\/figure> <\/div> <\/div>    <div class=\"wp-block-columns has-background is-layout-flex wp-container-core-columns-is-layout-28f84493 wp-block-columns-is-layout-flex\" style=\"background-color:#f1f1f1\"> <div class=\"wp-block-column is-layout-flow wp-block-column-is-layout-flow\" style=\"flex-basis:66.66%\"> <figure class=\"wp-block-gallery has-nested-images columns-default is-cropped wp-block-gallery-5 is-layout-flex wp-block-gallery-is-layout-flex\"> <figure class=\"wp-block-image size-large\"><img loading=\"lazy\" decoding=\"async\" width=\"720\" height=\"540\" data-id=\"2368\" src=\"https:\/\/charcoalplant.com\/wp-content\/uploads\/2022\/02\/mould.jpg\" alt=\"\" class=\"wp-image-2368\"\/><\/figure> <\/figure> <\/div>    <div class=\"wp-block-column is-vertically-aligned-center is-layout-flow wp-block-column-is-layout-flow\" style=\"flex-basis:33.33%\"> <p class=\"translation-block\"><strong>Form<\/strong><\/p>    <p>Die Formen f\u00fcr Maschinen zur Herstellung von S\u00e4gemehlst\u00e4ben sind vielf\u00e4ltig. Daher k\u00f6nnen vieleeckige S\u00e4gemehlbriketts wie viereckige, sechseckige usw. hergestellt werden.<\/p> <\/div> <\/div>    <h2 class=\"wp-block-heading\" id=\"parameters-of-sawdust-briquette-making-machine\">Parameter der Maschine zur Herstellung von S\u00e4gemehlbriketts<\/h2>    <figure class=\"wp-block-table is-style-stripes\"><table><tbody><tr><td>Modell<\/td><td>SL-WB50<\/td><\/tr><tr><td>Kapazit\u00e4t<\/td><td>250-350 kg pro Stunde<\/td><\/tr><tr><td>Leistung<\/td><td>18,5 kW\/22 kW<\/td><\/tr><tr><td>Dimension<\/td><td>1,7 * 0,7 * 1,4 m<\/td><\/tr><tr><td>Gewicht<\/td><td>700kg<\/td><\/tr><\/tbody><\/table><\/figure>    <h2 class=\"wp-block-heading\" id=\"video-of-biomass-briket-forming-machine\">Video der S\u00e4gemehl-Biomasse-Brikettmaschine<\/h2>    <figure class=\"wp-block-embed is-type-video is-provider-youtube wp-block-embed-youtube wp-embed-aspect-16-9 wp-has-aspect-ratio\"><div class=\"wp-block-embed__wrapper\"> <iframe loading=\"lazy\" title=\"Hersteller von S\u00e4gemehlbrikettiermaschinen | Biomasse-Brikettieranlage #biomassdust#sawdust#scrapbamboo\" width=\"500\" height=\"281\" src=\"https:\/\/www.youtube.com\/embed\/XAOrW47NuvA?feature=oembed\" frameborder=\"0\" allow=\"accelerometer; autoplay; clipboard-write; encrypted-media; gyroscope; picture-in-picture; web-share\" referrerpolicy=\"strict-origin-when-cross-origin\" allowfullscreen><\/iframe> <\/div><figcaption class=\"wp-element-caption\">Hersteller von S\u00e4gemehlbrikettiermaschinen<\/figcaption><\/figure>    <h2 class=\"wp-block-heading\" id=\"h-features-of-sawdust-briquetting-equipment\">Merkmale der Maschine zur Herstellung von S\u00e4gemehlbriketts <\/h2>    <p class=\"translation-block\">Wir sind ein spezialisierter Hersteller von Holzkohlemaschinen-Produktionslinien. Wir verf\u00fcgen \u00fcber reiche Erfahrung in der Herstellung von Maschinen zur Herstellung von S\u00e4gemehlst\u00e4ben, <strong><a href=\"https:\/\/charcoalplant.com\/de\/carbonization-furnace\/vertical-carbonization-furnace\/\">Karbonisierung\u00f6fen<\/a><\/strong> und Zerkleinerern. Daher hat unsere S\u00e4gemehlbrikettpressmaschine die folgenden Eigenschaften:<\/p>    <h3 class=\"wp-block-heading\">1. Sicherheit<\/h3>    <p>Das Design der Metallabdeckung des Ger\u00e4ts und des Stromverteilerschranks verk\u00f6rpert die Sicherheitsmerkmale vollst\u00e4ndig.<\/p>    <h3 class=\"wp-block-heading\">2. Klug<\/h3>    <p>Am Stromverteilerschrank befinden sich mehrere Tasten, einige zur Steuerung der Temperatur und einige zur Anzeige der Spannung. Ein-Tasten-Start, keine Notwendigkeit, zu viel zu bedienen.<\/p>    <h3 class=\"wp-block-heading\">3. Gute Qualit\u00e4t<\/h3>    <p>In unserer Fabrik werden Metallmaterialien verwendet, die internationalen Standards entsprechen. Mit anderen Worten: Die von uns hergestellten Maschinen zur Herstellung von Biomassest\u00e4ben sind alle international zertifiziert.<\/p>    <h3 class=\"wp-block-heading\">4. Starker Druck<\/h3>    <p>Durch den hohen Druck der S\u00e4gemehlbrikettiermaschine k\u00f6nnen Biomassest\u00e4be mit hoher Dichte hergestellt werden. Da die Dichte der Biomassest\u00e4be h\u00f6her ist, ist die Brenndauer l\u00e4nger. Dadurch wird der Brenneffekt besser.<\/p>    <figure class=\"wp-block-image aligncenter size-full\"><img loading=\"lazy\" decoding=\"async\" width=\"720\" height=\"540\" src=\"https:\/\/charcoalplant.com\/wp-content\/uploads\/2022\/01\/biomass-briquette-extruder-plant.jpg\" alt=\"Biomasse-Brikett-Extruderanlage\" class=\"wp-image-1787\" srcset=\"https:\/\/charcoalplant.com\/wp-content\/uploads\/2022\/01\/biomass-briquette-extruder-plant.jpg 720w, https:\/\/charcoalplant.com\/wp-content\/uploads\/2022\/01\/biomass-briquette-extruder-plant-300x225.jpg 300w\" sizes=\"auto, (max-width: 720px) 100vw, 720px\" \/><figcaption class=\"wp-element-caption\">Biomasse-Brikett-Extruderanlage<\/figcaption><\/figure>    <h2 class=\"wp-block-heading\" id=\"h-how-to-use-screw-biomass-briquette-press-machine\">Wie verwende ich eine Schnecken-Biomasse-Brikettpresse?<\/h2>    <p>Hierbei ist zu betonen, dass die S\u00e4gemehlbrikettiermaschine vor dem Einsatz debuggt werden muss. Denn wenn die Teile der Holzst\u00e4bchenmaschine nicht ordnungsgem\u00e4\u00df installiert sind, produzieren sie Holzst\u00e4bchen von schlechter Qualit\u00e4t. Im Folgenden sind die Schritte zur Verwendung einer Maschine zur Herstellung von S\u00e4gemehlstangen aufgef\u00fchrt:<\/p>    <p>1. Starten Sie den Schalter und lassen Sie die Maschine auf 380 Grad aufw\u00e4rmen.<\/p>    <p>2. S\u00e4gemehl in den Zufuhreinlass gie\u00dfen.<\/p>    <p>3. Beobachten Sie die Farbe und den Glanz des Holzstabes.<\/p>    <p>Die Oberfl\u00e4che des Biomassestabs ist glatt und braun, was darauf hinweist, dass die Maschine zur Herstellung von S\u00e4gemehlst\u00e4ben direkt verwendet werden kann. Andernfalls muss das Ger\u00e4t debuggt werden.<\/p>    <figure class=\"wp-block-image aligncenter size-full\"><img loading=\"lazy\" decoding=\"async\" width=\"720\" height=\"540\" src=\"https:\/\/charcoalplant.com\/wp-content\/uploads\/2022\/02\/biomass-briquetting-machine-forsale.jpg\" alt=\"\" class=\"wp-image-2370\"\/><\/figure>    <h2 class=\"wp-block-heading\" id=\"h-biomass-briquette-machine-for-sale\">Biomasse-Brikettmaschine zu verkaufen<\/h2>    <p class=\"translation-block\">Die Shuliy Machinery Equipment Co., Ltd. ist ein ausgezeichneter Hersteller von Holzkohlemaschinen. Wir verkaufen Strohkraftzerkleinerer, <a href=\"https:\/\/charcoalplant.com\/de\/rice-husk-dryer\/\"><strong>Reisstrohtrockner<\/strong><\/a>, <strong><a href=\"https:\/\/charcoalplant.com\/de\/log-chipper\/\">Holzhacker<\/a><\/strong> usw. Durch kontinuierliche Untersuchungen des Marktes f\u00fcr S\u00e4gesp\u00e4nebrikettsmaschinen haben wir angemessene Verbesserungen an der Ausr\u00fcstung vorgenommen. Das Erscheinungsbild ist einfacher als zuvor. Strukturell ist es einfacher, Teile zu reparieren und auszutauschen als zuvor. Kontaktieren Sie uns jetzt, um die neueste Preisliste f\u00fcr Produkte zu erhalten.<\/p>    <figure class=\"wp-block-gallery has-nested-images columns-default is-cropped wp-block-gallery-6 is-layout-flex wp-block-gallery-is-layout-flex\"> <figure class=\"wp-block-image size-full\"><img loading=\"lazy\" decoding=\"async\" width=\"720\" height=\"540\" data-id=\"2371\" src=\"https:\/\/charcoalplant.com\/wp-content\/uploads\/2022\/02\/sawdust-briquette-machine-plant.jpg\" alt=\"\" class=\"wp-image-2371\"\/><figcaption class=\"wp-element-caption\">S\u00e4gemehl-Brikett-Extruder<\/figcaption><\/figure>    <figure class=\"wp-block-image size-full\"><img loading=\"lazy\" decoding=\"async\" width=\"720\" height=\"540\" data-id=\"2372\" src=\"https:\/\/charcoalplant.com\/wp-content\/uploads\/2022\/02\/shippment-1.jpg\" alt=\"\" class=\"wp-image-2372\"\/><figcaption class=\"wp-element-caption\">Verbessert<\/figcaption><\/figure> <\/figure>    <h2 class=\"wp-block-heading\" id=\"h-application-of-sawdust-briquetting-extruder-machine\">Anwendung der S\u00e4gemehl-Brikettier-Extrudermaschine <\/h2>    <p>Der vom S\u00e4gemehl-Brikett-Extruder produzierte Biomassestab befindet sich in einem hohlen Zustand. Diese Fertigprodukte k\u00f6nnen nicht nur direkt zur Kesselverbrennung verwendet werden. Es eignet sich auch f\u00fcr Holzkohleanlagen, um nach der Verarbeitung Holzkohle herzustellen. Kurz gesagt: Es ist derzeit ein sehr beliebtes Brennmaterial.<\/p>    <figure class=\"wp-block-gallery has-nested-images columns-default is-cropped wp-block-gallery-7 is-layout-flex wp-block-gallery-is-layout-flex\"> <figure class=\"wp-block-image size-large\"><img loading=\"lazy\" decoding=\"async\" width=\"720\" height=\"540\" data-id=\"1791\" src=\"https:\/\/charcoalplant.com\/wp-content\/uploads\/2022\/01\/biomass-rod-.jpg\" alt=\"Biomasse-Stab\" class=\"wp-image-1791\" srcset=\"https:\/\/charcoalplant.com\/wp-content\/uploads\/2022\/01\/biomass-rod-.jpg 720w, https:\/\/charcoalplant.com\/wp-content\/uploads\/2022\/01\/biomass-rod--300x225.jpg 300w\" sizes=\"auto, (max-width: 720px) 100vw, 720px\" \/><figcaption class=\"wp-element-caption\">Biomasse-Stab<\/figcaption><\/figure>    <figure class=\"wp-block-image size-full\"><img loading=\"lazy\" decoding=\"async\" width=\"720\" height=\"540\" data-id=\"1788\" src=\"https:\/\/charcoalplant.com\/wp-content\/uploads\/2022\/01\/packed-sawdust-briquette.jpg\" alt=\"verpacktes S\u00e4gemehlbrikett\" class=\"wp-image-1788\" srcset=\"https:\/\/charcoalplant.com\/wp-content\/uploads\/2022\/01\/packed-sawdust-briquette.jpg 720w, https:\/\/charcoalplant.com\/wp-content\/uploads\/2022\/01\/packed-sawdust-briquette-300x225.jpg 300w\" sizes=\"auto, (max-width: 720px) 100vw, 720px\" \/><figcaption class=\"wp-element-caption\">verpacktes S\u00e4gemehlbrikett<\/figcaption><\/figure> <\/figure>","protected":false},"excerpt":{"rendered":"<p>Die S\u00e4gemehlbrikettiermaschine ist ein wichtiges Werkzeug zur Herstellung von Biomassest\u00e4ben. Die St\u00e4bchen haben eine hohe Brenngeschwindigkeit, was sehr beliebt ist.<\/p>","protected":false},"author":1,"featured_media":1973,"parent":0,"template":"","tags":[66],"product-type":[43],"class_list":["post-999","product","type-product","status-publish","has-post-thumbnail","hentry","tag-biomass-briquette-machine","product-type-biomass-briquette-machine"],"_links":{"self":[{"href":"https:\/\/charcoalplant.com\/de\/wp-json\/wp\/v2\/product\/999","targetHints":{"allow":["GET"]}}],"collection":[{"href":"https:\/\/charcoalplant.com\/de\/wp-json\/wp\/v2\/product"}],"about":[{"href":"https:\/\/charcoalplant.com\/de\/wp-json\/wp\/v2\/types\/product"}],"author":[{"embeddable":true,"href":"https:\/\/charcoalplant.com\/de\/wp-json\/wp\/v2\/users\/1"}],"wp:featuredmedia":[{"embeddable":true,"href":"https:\/\/charcoalplant.com\/de\/wp-json\/wp\/v2\/media\/1973"}],"wp:attachment":[{"href":"https:\/\/charcoalplant.com\/de\/wp-json\/wp\/v2\/media?parent=999"}],"wp:term":[{"taxonomy":"post_tag","embeddable":true,"href":"https:\/\/charcoalplant.com\/de\/wp-json\/wp\/v2\/tags?post=999"},{"taxonomy":"product-type","embeddable":true,"href":"https:\/\/charcoalplant.com\/de\/wp-json\/wp\/v2\/product-type?post=999"}],"curies":[{"name":"wp","href":"https:\/\/api.w.org\/{rel}","templated":true}]}}