{"id":10,"date":"2021-12-28T05:29:07","date_gmt":"2021-12-28T05:29:07","guid":{"rendered":"http:\/\/charcoalplant.local\/?page_id=10"},"modified":"2025-12-05T13:36:48","modified_gmt":"2025-12-05T05:36:48","slug":"contact-us","status":"publish","type":"page","link":"https:\/\/charcoalplant.com\/es\/contact\/","title":{"rendered":"Contacto"},"content":{"rendered":"<h2 class=\"wp-block-heading\" id=\"h-start-your-business\">\u00a1Empieza tu negocio!<\/h2>    <p class=\"has-medium-font-size\" style=\"font-style:normal;font-weight:400\">Shuliy Machinery es un conocido fabricante de m\u00e1quinas de carb\u00f3n. Los equipos que vendemos incluyen m\u00e1quinas para fabricar carb\u00f3n vegetal, m\u00e1quinas briquetadoras de biomasa, hornos de carbonizaci\u00f3n, m\u00e1quinas envasadoras de carb\u00f3n vegetal, m\u00e1quinas de reciclaje de madera, etc. <\/p>    <p><\/p>    <div class=\"wp-block-columns pt50 is-layout-flex wp-container-core-columns-is-layout-28f84493 wp-block-columns-is-layout-flex\"> <div class=\"wp-block-column is-layout-flow wp-block-column-is-layout-flow\"> <figure class=\"wp-block-image aligncenter size-full is-resized\"><img loading=\"lazy\" decoding=\"async\" width=\"128\" height=\"128\" src=\"https:\/\/charcoalplant.com\/wp-content\/uploads\/2022\/03\/smartphone.png\" alt=\"\" class=\"wp-image-2798\" style=\"width:70px;height:70px\"\/><figcaption class=\"wp-element-caption\">Tel\u00e9fono<\/figcaption><\/figure>    <p class=\"has-text-align-center\">+86 15838192276<\/p> <\/div>    <div class=\"wp-block-column is-layout-flow wp-block-column-is-layout-flow\"> <figure class=\"wp-block-image aligncenter size-full is-resized\"><img loading=\"lazy\" decoding=\"async\" width=\"128\" height=\"128\" src=\"https:\/\/charcoalplant.com\/wp-content\/uploads\/2022\/03\/email.png\" alt=\"\" class=\"wp-image-2799\" style=\"width:70px;height:70px\"\/><figcaption class=\"wp-element-caption\">Correo electr\u00f3nico<\/figcaption><\/figure>    <p class=\"has-text-align-center\">info@charcoalplant.com<\/p> <\/div>    <div class=\"wp-block-column is-layout-flow wp-block-column-is-layout-flow\"> <figure class=\"wp-block-image aligncenter size-full is-resized\"><img loading=\"lazy\" decoding=\"async\" width=\"128\" height=\"128\" src=\"https:\/\/charcoalplant.com\/wp-content\/uploads\/2022\/03\/whatsapp.png\" alt=\"\" class=\"wp-image-2800\" style=\"width:70px;height:70px\"\/><figcaption class=\"wp-element-caption\">WhatsApp<\/figcaption><\/figure>    <p class=\"has-text-align-center\">+86 15838192276<\/p> <\/div>    <div class=\"wp-block-column is-layout-flow wp-block-column-is-layout-flow\"> <figure class=\"wp-block-image aligncenter size-full is-resized\"><img loading=\"lazy\" decoding=\"async\" width=\"128\" height=\"128\" src=\"https:\/\/charcoalplant.com\/wp-content\/uploads\/2022\/03\/address.png\" alt=\"\" class=\"wp-image-2801\" style=\"width:70px;height:70px\"\/><figcaption class=\"wp-element-caption\">DIRECCI\u00d3N<\/figcaption><\/figure>    <p>Hanghai Road East, Zona de Desarrollo Econ\u00f3mico y Tecnol\u00f3gico de Zhengzhou, Ciudad de Zhengzhou, Henan, China<\/p> <\/div> <\/div>","protected":false},"excerpt":{"rendered":"<p>\u00a1Empieza tu negocio! Shuliy Machinery es un conocido fabricante de m\u00e1quinas de carb\u00f3n. Los equipos que vendemos incluyen m\u00e1quinas para fabricar carb\u00f3n vegetal, m\u00e1quinas de briquetas de biomasa, hornos de carbonizaci\u00f3n, m\u00e1quinas envasadoras de carb\u00f3n vegetal, m\u00e1quinas de reciclaje de madera, etc. +86 15838192276 info@charcoalplant.com +86 15838192276 Hanghai Road East, Zona de desarrollo econ\u00f3mico y tecnol\u00f3gico de Zhengzhou, ciudad de Zhengzhou , Henan, China<\/p>","protected":false},"author":1,"featured_media":0,"parent":0,"menu_order":0,"comment_status":"closed","ping_status":"closed","template":"","meta":{"footnotes":""},"class_list":["post-10","page","type-page","status-publish","hentry"],"_links":{"self":[{"href":"https:\/\/charcoalplant.com\/es\/wp-json\/wp\/v2\/pages\/10","targetHints":{"allow":["GET"]}}],"collection":[{"href":"https:\/\/charcoalplant.com\/es\/wp-json\/wp\/v2\/pages"}],"about":[{"href":"https:\/\/charcoalplant.com\/es\/wp-json\/wp\/v2\/types\/page"}],"author":[{"embeddable":true,"href":"https:\/\/charcoalplant.com\/es\/wp-json\/wp\/v2\/users\/1"}],"replies":[{"embeddable":true,"href":"https:\/\/charcoalplant.com\/es\/wp-json\/wp\/v2\/comments?post=10"}],"version-history":[{"count":0,"href":"https:\/\/charcoalplant.com\/es\/wp-json\/wp\/v2\/pages\/10\/revisions"}],"wp:attachment":[{"href":"https:\/\/charcoalplant.com\/es\/wp-json\/wp\/v2\/media?parent=10"}],"curies":[{"name":"wp","href":"https:\/\/api.w.org\/{rel}","templated":true}]}}