{"id":45,"date":"2021-12-28T09:51:03","date_gmt":"2021-12-28T09:51:03","guid":{"rendered":"http:\/\/charcoalplant.local\/?page_id=45"},"modified":"2024-03-29T15:17:15","modified_gmt":"2024-03-29T07:17:15","slug":"first-purchase-consultation","status":"publish","type":"page","link":"https:\/\/charcoalplant.com\/es\/first-purchase-consultation\/","title":{"rendered":"Primera consulta de compra."},"content":{"rendered":"<p class=\"has-normal-font-size translation-block\">Bienvenido a <strong>Shuliy Machinery <\/strong>Equipment Co., Ltd. Para una mejor experiencia de compra, hemos preparado una gu\u00eda de compra detallada para usted. <\/p>    <p class=\"has-normal-font-size translation-block\">Aqu\u00ed perm\u00edtame presentarle algunos de los productos especiales de nuestra empresa. Tales como <strong>horno de carbonizaci\u00f3n, m\u00e1quina de carb\u00f3n de c\u00e1scara de coco, m\u00e1quina de briquetado de carb\u00f3n, y m\u00e1quina de briquetas de aserr\u00edn.<\/strong> Otros productos tambi\u00e9n son buenos, incluyendo <strong>m\u00e1quina peladora de madera, m\u00e1quina afeitadora de troncos, astilladora de madera, m\u00e1quina de astillado de madera,<\/strong> y as\u00ed sucesivamente. <\/p>    <p class=\"has-normal-font-size translation-block\">Nuestro sitio web tiene una amplia gama de productos. Tambi\u00e9n puede contactar con el servicio de atenci\u00f3n al cliente para consultar. Si no sabe el nombre de la m\u00e1quina, puede decirnos <strong>cu\u00e1les son sus materias primas, qu\u00e9 productos planea hacer, cu\u00e1l es su presupuesto,<\/strong> y as\u00ed sucesivamente. Recomendamos soluciones adecuadas para usted.<\/p>    <h2 class=\"wp-block-heading\" id=\"h-popular-products\">productos populares<\/h2>    <div class=\"wp-block-columns is-layout-flex wp-container-core-columns-is-layout-28f84493 wp-block-columns-is-layout-flex\"> <div class=\"wp-block-column is-layout-flow wp-block-column-is-layout-flow\"> <p><a href=\"https:\/\/charcoalplant.com\/es\/carbonization-furnace\/vertical-carbonization-furnace\/\">Horno de carbonizaci\u00f3n vertical | Planta de horno de carbonizaci\u00f3n de troncos<\/a><\/p>    <figure class=\"wp-block-gallery has-nested-images columns-default is-cropped wp-block-gallery-2 is-layout-flex wp-block-gallery-is-layout-flex\"> <figure class=\"wp-block-image size-large\"><img loading=\"lazy\" decoding=\"async\" width=\"720\" height=\"540\" data-id=\"1112\" src=\"https:\/\/charcoalplant.com\/wp-content\/uploads\/2021\/12\/Vertical-carbonization-furnace-Production-line-1-1.jpg\" alt=\"L\u00ednea de producci\u00f3n de horno de carbonizaci\u00f3n vertical.\" class=\"wp-image-1112\" srcset=\"https:\/\/charcoalplant.com\/wp-content\/uploads\/2021\/12\/Vertical-carbonization-furnace-Production-line-1-1.jpg 720w, https:\/\/charcoalplant.com\/wp-content\/uploads\/2021\/12\/Vertical-carbonization-furnace-Production-line-1-1-300x225.jpg 300w\" sizes=\"auto, (max-width: 720px) 100vw, 720px\" \/><figcaption class=\"wp-element-caption\">L\u00ednea de producci\u00f3n de horno de carbonizaci\u00f3n vertical.<\/figcaption><\/figure> <\/figure> <\/div>    <div class=\"wp-block-column is-layout-flow wp-block-column-is-layout-flow\"> <p><a href=\"https:\/\/charcoalplant.com\/es\/biomass-briquette-machine\/sawdust-briquette-machine\/\">M\u00e1quina de briquetas de aserr\u00edn | M\u00e1quina de briquetas de biomasa a la venta<\/a><\/p>    <figure class=\"wp-block-gallery has-nested-images columns-default is-cropped wp-block-gallery-3 is-layout-flex wp-block-gallery-is-layout-flex\"> <figure class=\"wp-block-image size-large\"><img loading=\"lazy\" decoding=\"async\" width=\"720\" height=\"540\" data-id=\"1001\" src=\"https:\/\/charcoalplant.com\/wp-content\/uploads\/2021\/11\/\u5c01\u9762-1.jpg\" alt=\"M\u00e1quina de briquetas de aserr\u00edn\" class=\"wp-image-1001\" srcset=\"https:\/\/charcoalplant.com\/wp-content\/uploads\/2021\/11\/\u5c01\u9762-1.jpg 720w, https:\/\/charcoalplant.com\/wp-content\/uploads\/2021\/11\/\u5c01\u9762-1-300x225.jpg 300w\" sizes=\"auto, (max-width: 720px) 100vw, 720px\" \/><figcaption class=\"wp-element-caption\">M\u00e1quina de briquetas de aserr\u00edn<\/figcaption><\/figure> <\/figure> <\/div> <\/div>    <div class=\"wp-block-columns is-layout-flex wp-container-core-columns-is-layout-28f84493 wp-block-columns-is-layout-flex\"> <div class=\"wp-block-column is-layout-flow wp-block-column-is-layout-flow\"> <p><a href=\"https:\/\/charcoalplant.com\/es\/charcoal-briquetting-machine\/charcoal-powder-briquette-machine\/\">M\u00e1quina de briquetas de carb\u00f3n en polvo | Fabricante de m\u00e1quinas prensadoras de carb\u00f3n<\/a><\/p>    <figure class=\"wp-block-gallery has-nested-images columns-default is-cropped wp-block-gallery-4 is-layout-flex wp-block-gallery-is-layout-flex\"> <figure class=\"wp-block-image size-large\"><img loading=\"lazy\" decoding=\"async\" width=\"720\" height=\"540\" data-id=\"1197\" src=\"https:\/\/charcoalplant.com\/wp-content\/uploads\/2021\/12\/charcoal-powder-briquette-machine-price-1.jpg\" alt=\"precio de la m\u00e1quina de briquetas de carb\u00f3n en polvo\" class=\"wp-image-1197\" srcset=\"https:\/\/charcoalplant.com\/wp-content\/uploads\/2021\/12\/charcoal-powder-briquette-machine-price-1.jpg 720w, https:\/\/charcoalplant.com\/wp-content\/uploads\/2021\/12\/charcoal-powder-briquette-machine-price-1-300x225.jpg 300w\" sizes=\"auto, (max-width: 720px) 100vw, 720px\" \/><figcaption class=\"wp-element-caption\">precio de la m\u00e1quina de briquetas de carb\u00f3n en polvo<\/figcaption><\/figure> <\/figure> <\/div>    <div class=\"wp-block-column is-layout-flow wp-block-column-is-layout-flow\"> <p><a href=\"https:\/\/charcoalplant.com\/es\/charcoal-briquetting-machine\/best-shisha-charcoal-machine\/\">La mejor m\u00e1quina de carb\u00f3n para shisha | Prensa de tabletas de carb\u00f3n de coco<\/a><\/p>    <figure class=\"wp-block-gallery has-nested-images columns-default is-cropped wp-block-gallery-5 is-layout-flex wp-block-gallery-is-layout-flex\"> <figure class=\"wp-block-image size-large\"><img loading=\"lazy\" decoding=\"async\" width=\"720\" height=\"540\" data-id=\"1356\" src=\"https:\/\/charcoalplant.com\/wp-content\/uploads\/2021\/12\/best-shisha-charcoal-machine-supplier-1.jpg\" alt=\"El mejor proveedor de m\u00e1quinas de carb\u00f3n shisha.\" class=\"wp-image-1356\" srcset=\"https:\/\/charcoalplant.com\/wp-content\/uploads\/2021\/12\/best-shisha-charcoal-machine-supplier-1.jpg 720w, https:\/\/charcoalplant.com\/wp-content\/uploads\/2021\/12\/best-shisha-charcoal-machine-supplier-1-300x225.jpg 300w\" sizes=\"auto, (max-width: 720px) 100vw, 720px\" \/><figcaption class=\"wp-element-caption\">El mejor proveedor de m\u00e1quinas de carb\u00f3n shisha.<\/figcaption><\/figure> <\/figure> <\/div> <\/div>    <h2 class=\"wp-block-heading\">Productos Recomendados<\/h2>    <div class=\"wp-block-columns is-layout-flex wp-container-core-columns-is-layout-28f84493 wp-block-columns-is-layout-flex\"> <div class=\"wp-block-column is-layout-flow wp-block-column-is-layout-flow\"> <p><a href=\"https:\/\/charcoalplant.com\/es\/drying-machine\/rice-husk-dryer\/\">Secador de c\u00e1scara de arroz | Fabricante de m\u00e1quinas secadoras<\/a><\/p>    <figure class=\"wp-block-gallery has-nested-images columns-default is-cropped wp-block-gallery-6 is-layout-flex wp-block-gallery-is-layout-flex\"> <figure class=\"wp-block-image size-large\"><img loading=\"lazy\" decoding=\"async\" width=\"720\" height=\"540\" data-id=\"960\" src=\"https:\/\/charcoalplant.com\/wp-content\/uploads\/2021\/11\/Rice-husk-dryer-1.jpg\" alt=\"Secador de cascarilla de arroz\" class=\"wp-image-960\" srcset=\"https:\/\/charcoalplant.com\/wp-content\/uploads\/2021\/11\/Rice-husk-dryer-1.jpg 720w, https:\/\/charcoalplant.com\/wp-content\/uploads\/2021\/11\/Rice-husk-dryer-1-300x225.jpg 300w\" sizes=\"auto, (max-width: 720px) 100vw, 720px\" \/><figcaption class=\"wp-element-caption\">Secador de cascarilla de arroz<\/figcaption><\/figure> <\/figure> <\/div>    <div class=\"wp-block-column is-layout-flow wp-block-column-is-layout-flow\"> <p class=\"translation-block\"><a href=\"https:\/\/charcoalplant.com\/es\/wood-wastes-recycling-machine\/hammer-mill\/\"><\/a><a href=\"https:\/\/charcoalplant.com\/es\/product\/charcoal-briquettes-packing-machine\/\"> <a href=\"https:\/\/charcoalplant.com\/es\/briquettes-packing-machine\/charcoal-briquettes-packing-machine\/\">M\u00e1quina de empaquetado de briquetas de carb\u00f3n | Envolve de carb\u00f3n<\/a><\/a><\/p>    <figure class=\"wp-block-gallery has-nested-images columns-default is-cropped wp-block-gallery-7 is-layout-flex wp-block-gallery-is-layout-flex\"> <figure class=\"wp-block-image size-large\"><img loading=\"lazy\" decoding=\"async\" width=\"720\" height=\"540\" data-id=\"1503\" src=\"https:\/\/charcoalplant.com\/wp-content\/uploads\/2021\/12\/Shisha-Charcoal-Packing-Machine-1.jpg\" alt=\"Empaquetadora de carb\u00f3n para shisha\" class=\"wp-image-1503\" srcset=\"https:\/\/charcoalplant.com\/wp-content\/uploads\/2021\/12\/Shisha-Charcoal-Packing-Machine-1.jpg 720w, https:\/\/charcoalplant.com\/wp-content\/uploads\/2021\/12\/Shisha-Charcoal-Packing-Machine-1-300x225.jpg 300w\" sizes=\"auto, (max-width: 720px) 100vw, 720px\" \/><figcaption class=\"wp-element-caption\">Empaquetadora de carb\u00f3n para shisha<\/figcaption><\/figure> <\/figure> <\/div>    <div class=\"wp-block-column is-layout-flow wp-block-column-is-layout-flow\"> <p><a href=\"https:\/\/charcoalplant.com\/es\/grinder-and-mixer\/charcoal-shredder\/\">Trituradora de carb\u00f3n | maquina trituradora de carbon compuesto<\/a><\/p>    <figure class=\"wp-block-gallery has-nested-images columns-default is-cropped wp-block-gallery-8 is-layout-flex wp-block-gallery-is-layout-flex\"> <figure class=\"wp-block-image size-large\"><img loading=\"lazy\" decoding=\"async\" width=\"720\" height=\"540\" data-id=\"1714\" src=\"https:\/\/charcoalplant.com\/wp-content\/uploads\/2021\/12\/charcoal-shredder-manufacturer-1.jpg\" alt=\"fabricante de trituradoras de carbon\" class=\"wp-image-1714\" srcset=\"https:\/\/charcoalplant.com\/wp-content\/uploads\/2021\/12\/charcoal-shredder-manufacturer-1.jpg 720w, https:\/\/charcoalplant.com\/wp-content\/uploads\/2021\/12\/charcoal-shredder-manufacturer-1-300x225.jpg 300w\" sizes=\"auto, (max-width: 720px) 100vw, 720px\" \/><figcaption class=\"wp-element-caption\">fabricante de trituradoras de carbon<\/figcaption><\/figure> <\/figure> <\/div> <\/div>","protected":false},"excerpt":{"rendered":"<p>Welcome to Shuliy Machinery Equipment Co., Ltd. For your better shopping experience, we have prepared a detailed buying guide for you. Here let me introduce to you some of our company&#8217;s special products. Such as carbonization furnace, coconut shell charcoal machine, coal briket machine, and sawdust briquette machine. Other products are also good, including wood [&hellip;]<\/p>\n","protected":false},"author":1,"featured_media":985,"parent":0,"menu_order":0,"comment_status":"closed","ping_status":"closed","template":"","meta":{"footnotes":""},"class_list":["post-45","page","type-page","status-publish","has-post-thumbnail","hentry"],"_links":{"self":[{"href":"https:\/\/charcoalplant.com\/es\/wp-json\/wp\/v2\/pages\/45","targetHints":{"allow":["GET"]}}],"collection":[{"href":"https:\/\/charcoalplant.com\/es\/wp-json\/wp\/v2\/pages"}],"about":[{"href":"https:\/\/charcoalplant.com\/es\/wp-json\/wp\/v2\/types\/page"}],"author":[{"embeddable":true,"href":"https:\/\/charcoalplant.com\/es\/wp-json\/wp\/v2\/users\/1"}],"replies":[{"embeddable":true,"href":"https:\/\/charcoalplant.com\/es\/wp-json\/wp\/v2\/comments?post=45"}],"version-history":[{"count":0,"href":"https:\/\/charcoalplant.com\/es\/wp-json\/wp\/v2\/pages\/45\/revisions"}],"wp:featuredmedia":[{"embeddable":true,"href":"https:\/\/charcoalplant.com\/es\/wp-json\/wp\/v2\/media\/985"}],"wp:attachment":[{"href":"https:\/\/charcoalplant.com\/es\/wp-json\/wp\/v2\/media?parent=45"}],"curies":[{"name":"wp","href":"https:\/\/api.w.org\/{rel}","templated":true}]}}