{"id":8,"date":"2021-12-28T05:28:32","date_gmt":"2021-12-28T05:28:32","guid":{"rendered":"http:\/\/charcoalplant.local\/?page_id=8"},"modified":"2023-01-10T16:03:19","modified_gmt":"2023-01-10T08:03:19","slug":"about","status":"publish","type":"page","link":"https:\/\/charcoalplant.com\/es\/about-us\/","title":{"rendered":"Acerca de Shuliy"},"content":{"rendered":"<figure class=\"wp-block-image aligncenter size-full is-resized\"><img loading=\"lazy\" decoding=\"async\" src=\"https:\/\/charcoalplant.com\/wp-content\/uploads\/2022\/01\/shuliy-machinery.png\" alt=\"\" class=\"wp-image-1753\" width=\"776\" height=\"323\" srcset=\"https:\/\/charcoalplant.com\/wp-content\/uploads\/2022\/01\/shuliy-machinery.png 1024w, https:\/\/charcoalplant.com\/wp-content\/uploads\/2022\/01\/shuliy-machinery-300x125.png 300w, https:\/\/charcoalplant.com\/wp-content\/uploads\/2022\/01\/shuliy-machinery-768x320.png 768w\" sizes=\"auto, (max-width: 776px) 100vw, 776px\" \/><\/figure>    <ul class=\"wp-block-list\"> <li>Fabricante y exportador de m\u00e1quinas de carb\u00f3n desde hace m\u00e1s de 10 a\u00f1os.<\/li>    <li>Con casi 200 equipos de I+D, fabricaci\u00f3n y ventas.<\/li>    <li>Conc\u00e9ntrese en brindar soluciones generales de carb\u00f3n vegetal para lograr el negocio de carb\u00f3n vegetal de los clientes.<\/li>    <li>Aseg\u00farese de que cada m\u00e1quina de carb\u00f3n vendida pueda generar beneficios para los clientes.<\/li> <\/ul>    <h2 class=\"has-black-color has-text-color wp-block-heading\" id=\"h-composition-of-shuliy\" style=\"margin-top:30px;margin-bottom:30px\">Composici\u00f3n de Shuliy<\/h2>    <figure class=\"wp-block-image aligncenter size-full is-resized\"><img loading=\"lazy\" decoding=\"async\" src=\"https:\/\/charcoalplant.com\/wp-content\/uploads\/2022\/01\/shuliy-company-1.png\" alt=\"\" class=\"wp-image-1755\" width=\"799\" height=\"327\" srcset=\"https:\/\/charcoalplant.com\/wp-content\/uploads\/2022\/01\/shuliy-company-1.png 789w, https:\/\/charcoalplant.com\/wp-content\/uploads\/2022\/01\/shuliy-company-1-300x123.png 300w, https:\/\/charcoalplant.com\/wp-content\/uploads\/2022\/01\/shuliy-company-1-768x314.png 768w\" sizes=\"auto, (max-width: 799px) 100vw, 799px\" \/><\/figure>    <p class=\"translation-block\"><strong>Equipo de I+D y investigaci\u00f3n de mercado<\/strong><\/p>    <p>Los equipos de I+D de equipos e investigaci\u00f3n de mercado de la f\u00e1brica de Shuliy son todos ingenieros mec\u00e1nicos con entre 5 y 10 a\u00f1os de experiencia laboral y tienen una experiencia muy rica en actualizaciones y mejoras de equipos.<\/p>    <p class=\"translation-block\"><strong>Equipo de fabricaci\u00f3n e inspecci\u00f3n de calidad<\/strong><\/p>    <p>El equipo de inspecci\u00f3n de calidad y fabricaci\u00f3n de equipos de carb\u00f3n es el departamento principal de la f\u00e1brica de Shuliy. Todos ellos son trabajadores profesionales altamente remunerados con una rica experiencia y un trabajo serio. El departamento de inspecci\u00f3n de calidad realizar\u00e1 inspecciones estrictas de los productos que se enviar\u00e1n.<\/p>    <p class=\"translation-block\"><strong>Equipo de ventas y postventa<\/strong><\/p>    <p>El personal de ventas internacionales y servicio posventa de la f\u00e1brica de Shuliy son talentos modernos que se graduaron de escuelas prestigiosas. Pueden comunicarse con clientes de diferentes pa\u00edses sin barreras.<\/p>    <h2 class=\"wp-block-heading\">Opiniones de los usuarios<\/h2>    <div class=\"wp-block-columns has-background is-layout-flex wp-container-core-columns-is-layout-28f84493 wp-block-columns-is-layout-flex\" style=\"background-color:#f1f1f1\"> <div class=\"wp-block-column is-layout-flow wp-block-column-is-layout-flow\"> <figure class=\"wp-block-image aligncenter size-full is-resized\"><img loading=\"lazy\" decoding=\"async\" src=\"https:\/\/charcoalplant.com\/wp-content\/uploads\/2022\/03\/Ghana-customer-1-1.jpg\" alt=\"\" class=\"wp-image-2728\" width=\"402\" height=\"301\"\/><\/figure> <\/div>    <div class=\"wp-block-column is-vertically-aligned-center is-layout-flow wp-block-column-is-layout-flow\"> <p>\u201c\u00a1Cooperar con la empresa Shuliy es algo muy agradable! Cuando visit\u00e9 la f\u00e1brica Shuliy, tambi\u00e9n com\u00ed comida tradicional china: \u00a1Zongzi!<\/p>    <p>\u2013 Ahmed Essa<\/p> <\/div> <\/div>    <div class=\"wp-block-columns has-background is-layout-flex wp-container-core-columns-is-layout-28f84493 wp-block-columns-is-layout-flex\" style=\"background-color:#f1f1f1\"> <div class=\"wp-block-column is-vertically-aligned-center is-layout-flow wp-block-column-is-layout-flow\"> <p>\u201cEl horno de carbonizaci\u00f3n que compr\u00e9 para la f\u00e1brica de Nigeria ya fue entregado. El equipo fue embalado en buenas condiciones sin ning\u00fan da\u00f1o. La f\u00e1brica de Shuliy tambi\u00e9n proporcion\u00f3 muchos accesorios e instrucciones de instalaci\u00f3n detalladas de forma gratuita, \u00a1lo cual me sorprendi\u00f3!<\/p>    <p>\u2013 Mahmut Tepebasi<\/p> <\/div>    <div class=\"wp-block-column is-layout-flow wp-block-column-is-layout-flow\"> <figure class=\"wp-block-image aligncenter size-full is-resized\"><img loading=\"lazy\" decoding=\"async\" src=\"https:\/\/charcoalplant.com\/wp-content\/uploads\/2022\/03\/Saudi-customer-1.jpg\" alt=\"\" class=\"wp-image-2725\" width=\"371\" height=\"279\"\/><\/figure> <\/div> <\/div>    <div class=\"wp-block-columns has-background is-layout-flex wp-container-core-columns-is-layout-28f84493 wp-block-columns-is-layout-flex\" style=\"background-color:#f1f1f1\"> <div class=\"wp-block-column is-layout-flow wp-block-column-is-layout-flow\"> <figure class=\"wp-block-image aligncenter size-full is-resized\"><img loading=\"lazy\" decoding=\"async\" src=\"https:\/\/charcoalplant.com\/wp-content\/uploads\/2022\/03\/Filipino-customers-1.jpg\" alt=\"\" class=\"wp-image-2719\" width=\"416\" height=\"312\"\/><\/figure> <\/div>    <div class=\"wp-block-column is-vertically-aligned-center is-layout-flow wp-block-column-is-layout-flow\"> <p>\u201c\u00a1Mi socio y yo estamos muy satisfechos con el equipo de procesamiento de carb\u00f3n para narguile de Shuliy! La producci\u00f3n de toda la l\u00ednea de producci\u00f3n es de unos 500 kg\/h, lo que coincide con nuestras expectativas\u201d.<\/p>    <p>\u2013 Kyrian<\/p> <\/div> <\/div>    <div class=\"wp-block-columns has-background is-layout-flex wp-container-core-columns-is-layout-28f84493 wp-block-columns-is-layout-flex\" style=\"background-color:#f1f1f1\"> <div class=\"wp-block-column is-vertically-aligned-center is-layout-flow wp-block-column-is-layout-flow\"> <p>\u201cEs un placer cooperar con la f\u00e1brica de Shuliy; la m\u00e1quina de briquetas de carb\u00f3n que compr\u00e9 se envi\u00f3 a tiempo. Muchas gracias por el v\u00eddeo de instrucciones de funcionamiento de la m\u00e1quina que nos hiciste, \u00a1me ayud\u00f3 mucho!\u201d<\/p>    <p>\u2013 Ben Lmeogu<\/p> <\/div>    <div class=\"wp-block-column is-layout-flow wp-block-column-is-layout-flow\"> <figure class=\"wp-block-image aligncenter size-full is-resized\"><img loading=\"lazy\" decoding=\"async\" src=\"https:\/\/charcoalplant.com\/wp-content\/uploads\/2022\/03\/British-customers-1.jpg\" alt=\"\" class=\"wp-image-2722\" width=\"389\" height=\"292\"\/><\/figure> <\/div> <\/div>    <p><\/p>","protected":false},"excerpt":{"rendered":"<p>Composition of Shuliy R&amp;D and market research team The equipment R&amp;D and market research teams in the Shuliy factory are all mechanical engineers with 5-10 years of work experience, and they have very rich experience in equipment updates and improvement. Manufacturing and quality inspection team The charcoal equipment manufacturing and quality inspection team is the [&hellip;]<\/p>\n","protected":false},"author":1,"featured_media":0,"parent":0,"menu_order":0,"comment_status":"closed","ping_status":"closed","template":"","meta":{"footnotes":""},"class_list":["post-8","page","type-page","status-publish","hentry"],"_links":{"self":[{"href":"https:\/\/charcoalplant.com\/es\/wp-json\/wp\/v2\/pages\/8","targetHints":{"allow":["GET"]}}],"collection":[{"href":"https:\/\/charcoalplant.com\/es\/wp-json\/wp\/v2\/pages"}],"about":[{"href":"https:\/\/charcoalplant.com\/es\/wp-json\/wp\/v2\/types\/page"}],"author":[{"embeddable":true,"href":"https:\/\/charcoalplant.com\/es\/wp-json\/wp\/v2\/users\/1"}],"replies":[{"embeddable":true,"href":"https:\/\/charcoalplant.com\/es\/wp-json\/wp\/v2\/comments?post=8"}],"version-history":[{"count":0,"href":"https:\/\/charcoalplant.com\/es\/wp-json\/wp\/v2\/pages\/8\/revisions"}],"wp:attachment":[{"href":"https:\/\/charcoalplant.com\/es\/wp-json\/wp\/v2\/media?parent=8"}],"curies":[{"name":"wp","href":"https:\/\/api.w.org\/{rel}","templated":true}]}}