{"id":1042,"date":"2021-12-01T03:47:15","date_gmt":"2021-12-01T03:47:15","guid":{"rendered":"https:\/\/charcoalplant.com\/?p=1042"},"modified":"2023-01-06T16:54:05","modified_gmt":"2023-01-06T08:54:05","slug":"vertical-carbonization-furnace","status":"publish","type":"product","link":"https:\/\/charcoalplant.com\/es\/product\/vertical-carbonization-furnace\/","title":{"rendered":"Horno de carbonizaci\u00f3n vertical | Peque\u00f1a m\u00e1quina para fabricar carb\u00f3n"},"content":{"rendered":"<div class=\"kk-star-ratings kksr-auto kksr-align-left kksr-valign-top\"     data-payload='{&quot;align&quot;:&quot;left&quot;,&quot;id&quot;:&quot;1042&quot;,&quot;slug&quot;:&quot;default&quot;,&quot;valign&quot;:&quot;top&quot;,&quot;ignore&quot;:&quot;&quot;,&quot;reference&quot;:&quot;auto&quot;,&quot;class&quot;:&quot;&quot;,&quot;count&quot;:&quot;10&quot;,&quot;legendonly&quot;:&quot;&quot;,&quot;readonly&quot;:&quot;&quot;,&quot;score&quot;:&quot;4.9&quot;,&quot;starsonly&quot;:&quot;&quot;,&quot;best&quot;:&quot;5&quot;,&quot;gap&quot;:&quot;5&quot;,&quot;greet&quot;:&quot;Rate this product&quot;,&quot;legend&quot;:&quot;4.9\\\/5 - (10 votos)&quot;,&quot;size&quot;:&quot;24&quot;,&quot;title&quot;:&quot;Vertical Carbonization Furnace | Small Charcoal Making Machine&quot;,&quot;width&quot;:&quot;139.6&quot;,&quot;_legend&quot;:&quot;{score}\\\/{best} - ({count} {votes})&quot;,&quot;font_factor&quot;:&quot;1.25&quot;}'>              <div class=\"kksr-stars\">      <div class=\"kksr-stars-inactive\">             <div class=\"kksr-star\" data-star=\"1\" style=\"padding-right: 5px\">               <div class=\"kksr-icon\" style=\"width: 24px; height: 24px;\"><\/div>         <\/div>             <div class=\"kksr-star\" data-star=\"2\" style=\"padding-right: 5px\">               <div class=\"kksr-icon\" style=\"width: 24px; height: 24px;\"><\/div>         <\/div>             <div class=\"kksr-star\" data-star=\"3\" style=\"padding-right: 5px\">               <div class=\"kksr-icon\" style=\"width: 24px; height: 24px;\"><\/div>         <\/div>             <div class=\"kksr-star\" data-star=\"4\" style=\"padding-right: 5px\">               <div class=\"kksr-icon\" style=\"width: 24px; height: 24px;\"><\/div>         <\/div>             <div class=\"kksr-star\" data-star=\"5\" style=\"padding-right: 5px\">               <div class=\"kksr-icon\" style=\"width: 24px; height: 24px;\"><\/div>         <\/div>     <\/div>      <div class=\"kksr-stars-active\" style=\"width: 139.6px;\">             <div class=\"kksr-star\" style=\"padding-right: 5px\">               <div class=\"kksr-icon\" style=\"width: 24px; height: 24px;\"><\/div>         <\/div>             <div class=\"kksr-star\" style=\"padding-right: 5px\">               <div class=\"kksr-icon\" style=\"width: 24px; height: 24px;\"><\/div>         <\/div>             <div class=\"kksr-star\" style=\"padding-right: 5px\">               <div class=\"kksr-icon\" style=\"width: 24px; height: 24px;\"><\/div>         <\/div>             <div class=\"kksr-star\" style=\"padding-right: 5px\">               <div class=\"kksr-icon\" style=\"width: 24px; height: 24px;\"><\/div>         <\/div>             <div class=\"kksr-star\" style=\"padding-right: 5px\">               <div class=\"kksr-icon\" style=\"width: 24px; height: 24px;\"><\/div>         <\/div>     <\/div> <\/div>                   <div class=\"kksr-legend\" style=\"font-size: 19.2px;\">             4,9\/5 - (10 votos)    <\/div>     <\/div>  <p class=\"translation-block\"><strong>Horno de carbonizaci\u00f3n vertical<\/strong> es una peque\u00f1a m\u00e1quina para hacer carb\u00f3n. Tambi\u00e9n se le llama horno de carbonizaci\u00f3n de elevaci\u00f3n. Es un horno de carbonizaci\u00f3n de flujo de aire de ahorro de energ\u00eda recientemente desarrollado. No solo eso, sino que tambi\u00e9n utiliza un dispositivo de gr\u00faa de elevaci\u00f3n controlado a distancia. Por lo tanto, el operador puede completar f\u00e1cilmente la tarea de carga y descarga. Este horno de carbonizaci\u00f3n de troncos ocupa una peque\u00f1a \u00e1rea. Es adecuado para la producci\u00f3n masiva de carb\u00f3n en una <strong><a href=\"https:\/\/charcoalplant.com\/es\/charcoal-making-machine-3\/\">l\u00ednea de producci\u00f3n de carb\u00f3n<\/a><\/strong>. Por lo tanto, es un equipo ideal para los fabricantes de carb\u00f3n para producir carb\u00f3n. Ll\u00e1manos ahora para obtener la mejor informaci\u00f3n de precios.<\/p>    <h2 class=\"wp-block-heading\" id=\"h-raw-materials-of-vertical-carbonization-furnace\">Materias primas del horno de carbonizaci\u00f3n vertical<\/h2>    <p>Los hornos de briquetas de aserr\u00edn pueden carbonizar troncos, briquetas de aserr\u00edn, ramitas, maderas duras, c\u00e1scaras de coco, c\u00e1scaras de nueces, c\u00e1scaras de palma, bamb\u00fa y otros materiales. Estos carb\u00f3n carbonizado son nuevos materiales de combusti\u00f3n y calefacci\u00f3n modernos, no t\u00f3xicos e inofensivos.<\/p>    <figure class=\"wp-block-gallery has-nested-images columns-default is-cropped wp-block-gallery-2 is-layout-flex wp-block-gallery-is-layout-flex\"> <figure class=\"wp-block-image size-full\"><img loading=\"lazy\" decoding=\"async\" width=\"1192\" height=\"228\" data-id=\"2253\" src=\"https:\/\/charcoalplant.com\/wp-content\/uploads\/2022\/02\/carbonization-furnace-raw-matarials-1-1.jpg\" alt=\"\" class=\"wp-image-2253\"\/><\/figure> <\/figure>    <p>En comparaci\u00f3n con el carb\u00f3n nativo com\u00fan, el carb\u00f3n vegetal elaborado a m\u00e1quina tiene las ventajas de un tiempo de combusti\u00f3n prolongado, un alto contenido de carbono, un gran poder calor\u00edfico, un peque\u00f1o contenido de cenizas y un sabor ins\u00edpido.<\/p>    <figure class=\"wp-block-gallery has-nested-images columns-default is-cropped wp-block-gallery-3 is-layout-flex wp-block-gallery-is-layout-flex\"> <figure class=\"wp-block-image size-large\"><img loading=\"lazy\" decoding=\"async\" width=\"1190\" height=\"228\" data-id=\"2255\" src=\"https:\/\/charcoalplant.com\/wp-content\/uploads\/2022\/02\/coconut-shell-charcoal-1.jpg\" alt=\"\" class=\"wp-image-2255\"\/><\/figure> <\/figure>    <h2 class=\"wp-block-heading\" id=\"h-structure-of-vertical-carbonization-furnace\">Estructura del horno de carbonizaci\u00f3n vertical<\/h2>    <p class=\"translation-block\">Esta peque\u00f1a m\u00e1quina para hacer carb\u00f3n incluye principalmente un cuerpo de horno, una tapa de horno, una c\u00e1mara de calefacci\u00f3n, un tubo de escape, <strong><a href=\"https:\/\/charcoalplant.com\/es\/info\/how-does-the-sawdust-briquetting-carbonizer-work\/\">tanque interno<\/a><\/strong>, tanque externo y otras estructuras. <\/p>    <figure class=\"wp-block-gallery has-nested-images columns-default is-cropped wp-block-gallery-4 is-layout-flex wp-block-gallery-is-layout-flex\"> <figure class=\"wp-block-image size-full\"><img loading=\"lazy\" decoding=\"async\" width=\"720\" height=\"540\" data-id=\"2270\" src=\"https:\/\/charcoalplant.com\/wp-content\/uploads\/2021\/12\/hoisting-carbonization-furnace-manufacturer-2.jpg\" alt=\"fabricante-de-horno-de-carbonizaci\u00f3n-de-elevaci\u00f3n\" class=\"wp-image-2270\"\/><figcaption class=\"wp-element-caption\">fabricante-de-horno-de-carbonizaci\u00f3n-de-elevaci\u00f3n<\/figcaption><\/figure> <\/figure>    <p class=\"translation-block\">Debido al <strong><a href=\"https:\/\/charcoalplant.com\/es\/info\/how-does-the-sawdust-briquetting-carbonizer-work\/\">tanque interno<\/a><\/strong>, hay un marco anular en el borde superior del revestimiento. El di\u00e1metro del tanque interno m\u00e1s el ancho del marco es mayor que el di\u00e1metro del tanque externo. As\u00ed, el tanque interno puede sostenerse en el aire.<\/p>    <div class=\"wp-block-columns has-background is-layout-flex wp-container-core-columns-is-layout-28f84493 wp-block-columns-is-layout-flex\" style=\"background-color:#f1f1f1\"> <div class=\"wp-block-column is-vertically-aligned-center is-layout-flow wp-block-column-is-layout-flow\" style=\"flex-basis:33.33%\"> <p class=\"translation-block\"><strong>Tapa<\/strong><\/p>    <p class=\"translation-block\">El horno interno y la tapa del horno est\u00e1n equipados con orejas colgantes que pueden ser enganchadas. Por lo tanto, es conveniente actualizar accesorios relacionados durante la <strong><a href=\"https:\/\/charcoalplant.com\/es\/info\/how-does-the-sawdust-briquetting-carbonizer-work\/\">operaci\u00f3n<\/a><\/strong>.<\/p> <\/div>    <div class=\"wp-block-column is-layout-flow wp-block-column-is-layout-flow\" style=\"flex-basis:66.66%\"> <figure class=\"wp-block-gallery has-nested-images columns-default is-cropped wp-block-gallery-5 is-layout-flex wp-block-gallery-is-layout-flex\"> <figure class=\"wp-block-image size-full\"><img loading=\"lazy\" decoding=\"async\" width=\"720\" height=\"540\" data-id=\"1064\" src=\"https:\/\/charcoalplant.com\/wp-content\/uploads\/2021\/12\/cover-2.jpg\" alt=\"cubrir\" class=\"wp-image-1064\" srcset=\"https:\/\/charcoalplant.com\/wp-content\/uploads\/2021\/12\/cover-2.jpg 720w, https:\/\/charcoalplant.com\/wp-content\/uploads\/2021\/12\/cover-2-300x225.jpg 300w\" sizes=\"auto, (max-width: 720px) 100vw, 720px\" \/><figcaption class=\"wp-element-caption\">cubrir<\/figcaption><\/figure> <\/figure> <\/div> <\/div>    <div class=\"wp-block-columns has-background is-layout-flex wp-container-core-columns-is-layout-28f84493 wp-block-columns-is-layout-flex\" style=\"background-color:#f1f1f1\"> <div class=\"wp-block-column is-layout-flow wp-block-column-is-layout-flow\" style=\"flex-basis:66.66%\"> <figure class=\"wp-block-gallery has-nested-images columns-default is-cropped wp-block-gallery-6 is-layout-flex wp-block-gallery-is-layout-flex\"> <figure class=\"wp-block-image size-large\"><img loading=\"lazy\" decoding=\"async\" width=\"720\" height=\"540\" data-id=\"1065\" src=\"https:\/\/charcoalplant.com\/wp-content\/uploads\/2021\/12\/Pipes-that-produce-combustible-gas-1.jpg\" alt=\"Tuberias-que-producen-gas-combustible\" class=\"wp-image-1065\" srcset=\"https:\/\/charcoalplant.com\/wp-content\/uploads\/2021\/12\/Pipes-that-produce-combustible-gas-1.jpg 720w, https:\/\/charcoalplant.com\/wp-content\/uploads\/2021\/12\/Pipes-that-produce-combustible-gas-1-300x225.jpg 300w\" sizes=\"auto, (max-width: 720px) 100vw, 720px\" \/><figcaption class=\"wp-element-caption\">Tuberias-que-producen-gas-combustible<\/figcaption><\/figure> <\/figure> <\/div>    <div class=\"wp-block-column is-vertically-aligned-center is-layout-flow wp-block-column-is-layout-flow\" style=\"flex-basis:33.33%\"> <p class=\"translation-block\"><strong>Horno de combusti\u00f3n<\/strong><\/p>    <p>El precalentamiento del horno de carbonizaci\u00f3n de troncos requiere quemar combustible de biomasa para calentarlo. El horno de carbonizaci\u00f3n que llena el espacio entre los ladrillos refractarios con pegamento de alta temperatura es m\u00e1s s\u00f3lido y estable. Adem\u00e1s, tambi\u00e9n se mejoran significativamente el rendimiento de sellado dentro del horno y el efecto de aislamiento t\u00e9rmico fuera del horno.<\/p> <\/div> <\/div>    <div class=\"wp-block-columns has-background is-layout-flex wp-container-core-columns-is-layout-28f84493 wp-block-columns-is-layout-flex\" style=\"background-color:#f1f1f1\"> <div class=\"wp-block-column is-vertically-aligned-center is-layout-flow wp-block-column-is-layout-flow\" style=\"flex-basis:33.33%\"> <p class=\"translation-block\"><strong>Carro<\/strong><\/p>    <p>El marco de hierro puede contener troncos y colocarlos en el tanque interior de la estufa de carb\u00f3n. Una vez completada la carbonizaci\u00f3n, es f\u00e1cil sacarlo para cargarlo y descargarlo.<\/p> <\/div>    <div class=\"wp-block-column is-layout-flow wp-block-column-is-layout-flow\" style=\"flex-basis:66.66%\"> <figure class=\"wp-block-gallery has-nested-images columns-default is-cropped wp-block-gallery-7 is-layout-flex wp-block-gallery-is-layout-flex\"> <figure class=\"wp-block-image size-large\"><img loading=\"lazy\" decoding=\"async\" width=\"720\" height=\"540\" data-id=\"1055\" src=\"https:\/\/charcoalplant.com\/wp-content\/uploads\/2021\/12\/Log-or-stick-carrying-tool-1.jpg\" alt=\"Herramienta para transportar troncos o palos\" class=\"wp-image-1055\" srcset=\"https:\/\/charcoalplant.com\/wp-content\/uploads\/2021\/12\/Log-or-stick-carrying-tool-1.jpg 720w, https:\/\/charcoalplant.com\/wp-content\/uploads\/2021\/12\/Log-or-stick-carrying-tool-1-300x225.jpg 300w\" sizes=\"auto, (max-width: 720px) 100vw, 720px\" \/><figcaption class=\"wp-element-caption\">Herramienta para transportar troncos o palos<\/figcaption><\/figure> <\/figure> <\/div> <\/div>    <h2 class=\"wp-block-heading\" id=\"log-carbonization-furnace-plant-operation-process\">Proceso de operaci\u00f3n de la m\u00e1quina para fabricar carb\u00f3n de aserr\u00edn<\/h2>    <ul class=\"wp-block-list\"> <li>Abra la tapa del horno.<\/li> <\/ul>    <ul class=\"wp-block-list\"> <li>Levante el tanque interior, ll\u00e9nelo con materias primas y vuelva a colocarlo en el tanque interior.<\/li> <\/ul>    <ul class=\"wp-block-list\"> <li>Precalentamiento (40min-1h). Abrir la v\u00e1lvula de carbonizaci\u00f3n (6-8h).<\/li> <\/ul>    <ul class=\"wp-block-list\"> <li> Completar la carbonizaci\u00f3n, sacar el tanque interior y enfriar (6-8h).<\/li> <\/ul>    <figure class=\"wp-block-gallery has-nested-images columns-2 is-cropped wp-block-gallery-8 is-layout-flex wp-block-gallery-is-layout-flex\"> <figure class=\"wp-block-image size-full\"><img loading=\"lazy\" decoding=\"async\" width=\"720\" height=\"540\" data-id=\"2267\" src=\"https:\/\/charcoalplant.com\/wp-content\/uploads\/2022\/02\/Vertical-log-carbonization-furnace-plant-.jpg\" alt=\"\" class=\"wp-image-2267\"\/><figcaption class=\"wp-element-caption\">horno de le\u00f1a<\/figcaption><\/figure>    <figure class=\"wp-block-image size-full\"><img loading=\"lazy\" decoding=\"async\" width=\"720\" height=\"540\" data-id=\"1062\" src=\"https:\/\/charcoalplant.com\/wp-content\/uploads\/2021\/12\/Hoisting-outer-tank-of-carbonization-furnace-1.jpg\" alt=\"Elevaci\u00f3n-del-tanque-exterior-del-horno-de-carbonizaci\u00f3n\" class=\"wp-image-1062\" srcset=\"https:\/\/charcoalplant.com\/wp-content\/uploads\/2021\/12\/Hoisting-outer-tank-of-carbonization-furnace-1.jpg 720w, https:\/\/charcoalplant.com\/wp-content\/uploads\/2021\/12\/Hoisting-outer-tank-of-carbonization-furnace-1-300x225.jpg 300w\" sizes=\"auto, (max-width: 720px) 100vw, 720px\" \/><figcaption class=\"wp-element-caption\">Elevaci\u00f3n-del-tanque-exterior-del-horno-de-carbonizaci\u00f3n<\/figcaption><\/figure> <\/figure>    <h2 class=\"wp-block-heading\" id=\"video-of-log-charcoal-furnace\">V\u00eddeo del horno de carbonizaci\u00f3n de carb\u00f3n vegetal de aserr\u00edn<\/h2>    <p>Shuliy Machinery es un excelente fabricante de l\u00edneas de producci\u00f3n de m\u00e1quinas de carb\u00f3n en China. Tenemos la capacidad profesional para brindar soluciones a los clientes. Bienvenido a ver nuestros videos. Y si est\u00e1 interesado en comprar un horno vertical de carb\u00f3n de bamb\u00fa, cont\u00e1ctenos.<\/p>    <figure class=\"wp-block-embed is-type-video is-provider-youtube wp-block-embed-youtube wp-embed-aspect-16-9 wp-has-aspect-ratio\"><div class=\"wp-block-embed__wrapper\"> <iframe loading=\"lazy\" title=\"horno de carbonizaci\u00f3n vertical 800KG\/Furnace | Planta de procesamiento de carb\u00f3n vegetal#madera#bamboocharcoal\" width=\"500\" height=\"281\" src=\"https:\/\/www.youtube.com\/embed\/6zU44iT7e2c?feature=oembed\" frameborder=\"0\" allow=\"accelerometer; autoplay; clipboard-write; encrypted-media; gyroscope; picture-in-picture; web-share\" referrerpolicy=\"strict-origin-when-cross-origin\" allowfullscreen><\/iframe> <\/div><\/figure>    <h2 class=\"wp-block-heading\" id=\"hoist-carbonization-furnace-parameters\">Par\u00e1metros del horno de carbonizaci\u00f3n de tipo vertical<\/h2>    <p>El di\u00e1metro interior del horno de carbonizaci\u00f3n de elevaci\u00f3n es diferente. Por ello, podemos personalizar diferentes tipos de hornos de le\u00f1a de brasa. Adem\u00e1s, proporcionamos a los clientes una gr\u00faa elevadora con una capacidad de carga de 3 toneladas. Los siguientes son los par\u00e1metros del horno de carbonizaci\u00f3n de troncos elevables SL-C1500.<\/p>    <figure class=\"wp-block-table is-style-stripes\"><table><tbody><tr><td>Modelo<\/td><td>SL-C1500<\/td><\/tr><tr><td>Capacidad de salida<\/td><td>2500-3000kg\/24 horas(Depende de sus materias primas)<\/td><\/tr><tr><td>Capacidad de carga<\/td><td>2600-3000kg\/por 8 horas<\/td><\/tr><tr><td>Tiempo de carbonizaci\u00f3n una vez<\/td><td>8 horas<\/td><\/tr><tr><td>Dimensi\u00f3n<\/td><td>1940*1900*1900mm<\/td><\/tr><tr><td>Espesor del acero<\/td><td>6 mm (personalizable)<\/td><\/tr><tr><td>Tama\u00f1o interior de la estufa<\/td><td>1,5*1,5 m<\/td><\/tr><tr><td>Peso<\/td><td>2,8 toneladas<\/td><\/tr><tr><td>Incluyendo piezas<\/td><td>Una m\u00e1quina incluye 3 estufas.<\/td><\/tr><tr><td>Poder electrico<\/td><td>No necesita energ\u00eda adicional<\/td><\/tr><tr><td>Coste de biomasa para calefacci\u00f3n cada 8 horas<\/td><td>50-80 kg de biomasa residual cada 8 horas<\/td><\/tr><\/tbody><\/table><\/figure>    <h2 class=\"wp-block-heading\" id=\"h-working-features-of-log-charcoal-factory\">Caracter\u00edsticas de trabajo de la f\u00e1brica de carb\u00f3n y aserr\u00edn<\/h2>    <p class=\"translation-block\"><strong>Primero,<\/strong> cuando el horno de carbonizaci\u00f3n vertical est\u00e1 en el proceso de carbonizaci\u00f3n, el tiempo para cada tanque de carb\u00f3n crudo carbonizado y carb\u00f3n hecho a m\u00e1quina es de 6-8 horas; el tiempo de enfriamiento tambi\u00e9n es de 6-8 horas.<\/p>    <p class=\"translation-block\"><strong>En segundo lugar<\/strong><strong>,<\/strong> los pasos del proceso de operaci\u00f3n son simples.<\/p>    <p class=\"translation-block\"><strong>En tercer lugar<\/strong><strong>,<\/strong> el rendimiento de seguridad general del equipo es alto y la eficiencia de producci\u00f3n es alta.<\/p>    <p class=\"translation-block\"><strong>En cuarto lugar,<\/strong> ahorro de energ\u00eda y sin consumo de electricidad.<\/p>    <p>El principal consumo del horno vertical de carb\u00f3n es el combustible, pero no es necesario a\u00f1adir combustible despu\u00e9s del precalentamiento. La fuente de calor posterior proviene de la combusti\u00f3n del gas combustible producido por la materia prima.<\/p>    <p class=\"translation-block\"><strong>En quinto lugar<\/strong><strong>,<\/strong> buena estanqueidad permite que el flujo de aire cumpla plenamente su funci\u00f3n.<\/p>    <figure class=\"wp-block-gallery has-nested-images columns-default is-cropped wp-block-gallery-9 is-layout-flex wp-block-gallery-is-layout-flex\"> <figure class=\"wp-block-image size-full\"><img loading=\"lazy\" decoding=\"async\" width=\"720\" height=\"540\" data-id=\"2265\" src=\"https:\/\/charcoalplant.com\/wp-content\/uploads\/2021\/12\/Vertical-carbonization-furnace-.jpg\" alt=\"Horno de carbonizaci\u00f3n vertical\" class=\"wp-image-2265\"\/><figcaption class=\"wp-element-caption\">Horno de carbonizaci\u00f3n vertical<\/figcaption><\/figure> <\/figure>    <h2 class=\"wp-block-heading\" id=\"h-vertical-hoisting-carbonization-furnace-for-sale\">Horno de carbonizaci\u00f3n de elevaci\u00f3n vertical a la venta<\/h2>    <p class=\"translation-block\">Vendemos diferentes tipos de hornos de carbonizaci\u00f3n de carb\u00f3n de aserr\u00edn. Adem\u00e1s del tanque de eliminaci\u00f3n de humo de la m\u00e1quina en s\u00ed, tambi\u00e9n tenemos un dispositivo de purificaci\u00f3n de gases de combusti\u00f3n con alta tensi\u00f3n est\u00e1tica. Tambi\u00e9n proporcionamos a los clientes quemadores. Nuestra f\u00e1brica tambi\u00e9n vende <strong><a href=\"https:\/\/charcoalplant.com\/es\/carbonization-furnace\/rotary-carbonization-furnace\/\">horno de carbonizaci\u00f3n continuo<\/a><\/strong> y <strong><a href=\"https:\/\/charcoalplant.com\/es\/carbonization-furnace\/horizontal-carbonization-furnace\/\">horno de carbonizaci\u00f3n horizontal<\/a><\/strong>. Si es necesario, bienvenidos a consultar.<\/p>    <figure class=\"wp-block-gallery has-nested-images columns-default is-cropped wp-block-gallery-10 is-layout-flex wp-block-gallery-is-layout-flex\"> <figure class=\"wp-block-image size-large\"><img loading=\"lazy\" decoding=\"async\" width=\"720\" height=\"540\" data-id=\"1054\" src=\"https:\/\/charcoalplant.com\/wp-content\/uploads\/2021\/12\/High-voltage-static-electricity-of-vertical-carbonization-furnace-1.jpg\" alt=\"Electricidad-est\u00e1tica-de-alto-voltaje-del-horno-de-carbonizaci\u00f3n-vertical\" class=\"wp-image-1054\" srcset=\"https:\/\/charcoalplant.com\/wp-content\/uploads\/2021\/12\/High-voltage-static-electricity-of-vertical-carbonization-furnace-1.jpg 720w, https:\/\/charcoalplant.com\/wp-content\/uploads\/2021\/12\/High-voltage-static-electricity-of-vertical-carbonization-furnace-1-300x225.jpg 300w\" sizes=\"auto, (max-width: 720px) 100vw, 720px\" \/><figcaption class=\"wp-element-caption\">Electricidad-est\u00e1tica-de-alto-voltaje-del-horno-de-carbonizaci\u00f3n-vertical<\/figcaption><\/figure>    <figure class=\"wp-block-image size-full\"><img loading=\"lazy\" decoding=\"async\" width=\"720\" height=\"540\" data-id=\"2271\" src=\"https:\/\/charcoalplant.com\/wp-content\/uploads\/2022\/02\/natural-gas-burner.jpg\" alt=\"quemador-de-gas-natural\" class=\"wp-image-2271\"\/><figcaption class=\"wp-element-caption\">quemador-de-gas-natural<\/figcaption><\/figure> <\/figure>","protected":false},"excerpt":{"rendered":"<p>El horno de carbonizaci\u00f3n vertical es un equipo de carbonizaci\u00f3n con operaci\u00f3n simple, estructura compacta y carbonizaci\u00f3n conveniente.<\/p>","protected":false},"author":1,"featured_media":1112,"parent":0,"template":"","tags":[65],"product-type":[4],"class_list":["post-1042","product","type-product","status-publish","has-post-thumbnail","hentry","tag-carbonization-furnace","product-type-carbonization-furnace"],"_links":{"self":[{"href":"https:\/\/charcoalplant.com\/es\/wp-json\/wp\/v2\/product\/1042","targetHints":{"allow":["GET"]}}],"collection":[{"href":"https:\/\/charcoalplant.com\/es\/wp-json\/wp\/v2\/product"}],"about":[{"href":"https:\/\/charcoalplant.com\/es\/wp-json\/wp\/v2\/types\/product"}],"author":[{"embeddable":true,"href":"https:\/\/charcoalplant.com\/es\/wp-json\/wp\/v2\/users\/1"}],"wp:featuredmedia":[{"embeddable":true,"href":"https:\/\/charcoalplant.com\/es\/wp-json\/wp\/v2\/media\/1112"}],"wp:attachment":[{"href":"https:\/\/charcoalplant.com\/es\/wp-json\/wp\/v2\/media?parent=1042"}],"wp:term":[{"taxonomy":"post_tag","embeddable":true,"href":"https:\/\/charcoalplant.com\/es\/wp-json\/wp\/v2\/tags?post=1042"},{"taxonomy":"product-type","embeddable":true,"href":"https:\/\/charcoalplant.com\/es\/wp-json\/wp\/v2\/product-type?post=1042"}],"curies":[{"name":"wp","href":"https:\/\/api.w.org\/{rel}","templated":true}]}}