{"id":1084,"date":"2021-12-02T08:02:11","date_gmt":"2021-12-02T08:02:11","guid":{"rendered":"https:\/\/charcoalplant.com\/?p=1084"},"modified":"2023-02-15T10:06:48","modified_gmt":"2023-02-15T02:06:48","slug":"horizontal-carbonization-furnace","status":"publish","type":"product","link":"https:\/\/charcoalplant.com\/es\/product\/horizontal-carbonization-furnace\/","title":{"rendered":"Horno de carbonizaci\u00f3n horizontal | M\u00e1quina para fabricar carb\u00f3n de le\u00f1a"},"content":{"rendered":"<div class=\"kk-star-ratings kksr-auto kksr-align-left kksr-valign-top\"     data-payload='{&quot;align&quot;:&quot;left&quot;,&quot;id&quot;:&quot;1084&quot;,&quot;slug&quot;:&quot;default&quot;,&quot;valign&quot;:&quot;top&quot;,&quot;ignore&quot;:&quot;&quot;,&quot;reference&quot;:&quot;auto&quot;,&quot;class&quot;:&quot;&quot;,&quot;count&quot;:&quot;21&quot;,&quot;legendonly&quot;:&quot;&quot;,&quot;readonly&quot;:&quot;&quot;,&quot;score&quot;:&quot;4.5&quot;,&quot;starsonly&quot;:&quot;&quot;,&quot;best&quot;:&quot;5&quot;,&quot;gap&quot;:&quot;5&quot;,&quot;greet&quot;:&quot;Rate this product&quot;,&quot;legend&quot;:&quot;4.5\\\/5 - (21 votos)&quot;,&quot;size&quot;:&quot;24&quot;,&quot;title&quot;:&quot;Horizontal Carbonization Furnace | Wood Charcoal Making Machine&quot;,&quot;width&quot;:&quot;128&quot;,&quot;_legend&quot;:&quot;{score}\\\/{best} - ({count} {votes})&quot;,&quot;font_factor&quot;:&quot;1.25&quot;}'>              <div class=\"kksr-stars\">      <div class=\"kksr-stars-inactive\">             <div class=\"kksr-star\" data-star=\"1\" style=\"padding-right: 5px\">               <div class=\"kksr-icon\" style=\"width: 24px; height: 24px;\"><\/div>         <\/div>             <div class=\"kksr-star\" data-star=\"2\" style=\"padding-right: 5px\">               <div class=\"kksr-icon\" style=\"width: 24px; height: 24px;\"><\/div>         <\/div>             <div class=\"kksr-star\" data-star=\"3\" style=\"padding-right: 5px\">               <div class=\"kksr-icon\" style=\"width: 24px; height: 24px;\"><\/div>         <\/div>             <div class=\"kksr-star\" data-star=\"4\" style=\"padding-right: 5px\">               <div class=\"kksr-icon\" style=\"width: 24px; height: 24px;\"><\/div>         <\/div>             <div class=\"kksr-star\" data-star=\"5\" style=\"padding-right: 5px\">               <div class=\"kksr-icon\" style=\"width: 24px; height: 24px;\"><\/div>         <\/div>     <\/div>      <div class=\"kksr-stars-active\" style=\"width: 128px;\">             <div class=\"kksr-star\" style=\"padding-right: 5px\">               <div class=\"kksr-icon\" style=\"width: 24px; height: 24px;\"><\/div>         <\/div>             <div class=\"kksr-star\" style=\"padding-right: 5px\">               <div class=\"kksr-icon\" style=\"width: 24px; height: 24px;\"><\/div>         <\/div>             <div class=\"kksr-star\" style=\"padding-right: 5px\">               <div class=\"kksr-icon\" style=\"width: 24px; height: 24px;\"><\/div>         <\/div>             <div class=\"kksr-star\" style=\"padding-right: 5px\">               <div class=\"kksr-icon\" style=\"width: 24px; height: 24px;\"><\/div>         <\/div>             <div class=\"kksr-star\" style=\"padding-right: 5px\">               <div class=\"kksr-icon\" style=\"width: 24px; height: 24px;\"><\/div>         <\/div>     <\/div> <\/div>                   <div class=\"kksr-legend\" style=\"font-size: 19.2px;\">             4,5\/5 - (21 votos)    <\/div>     <\/div>  <p class=\"translation-block\">El <strong>horno de carbonizaci\u00f3n horizontal<\/strong> tambi\u00e9n se denomina m\u00e1quina para fabricar carb\u00f3n vegetal de madera. Es un equipo de carbonizaci\u00f3n de gran volumen. Puede fabricar eficientemente carb\u00f3n vegetal de madera, carb\u00f3n de bamb\u00fa, carb\u00f3n de serr\u00edn, carb\u00f3n de c\u00e1scara de coco y otros productos a la vez. <\/p>    <p class=\"translation-block\">Como m\u00e1quina de carbonizaci\u00f3n, el punto de venta del <strong><a href=\"https:\/\/charcoalplant.com\/es\/operation-steps-of-hardwood-charcoal-furnace\/\">horno de carbonizaci\u00f3n de madera dura<\/a><\/strong> son sus caracter\u00edsticas de protecci\u00f3n ambiental y ahorro de energ\u00eda. Esperamos establecer una cooperaci\u00f3n comercial con usted. Por lo tanto, esperamos recibir su consulta lo antes posible.<\/p>    <h2 class=\"wp-block-heading\" id=\"raw-materials-for-horizontal-carbonization-furnace\"><strong>Materias primas para horno de carbonizaci\u00f3n horizontal<\/strong><\/h2>    <p>El horno de carbonizaci\u00f3n de madera dura puede carbonizar materias primas como ramas de desecho, nudos de bamb\u00fa, tubos de bamb\u00fa, madera de frutas, roble, c\u00e1scaras de coco, c\u00e1scaras de palma, etc. La calidad del carb\u00f3n vegetal no solo est\u00e1 relacionada con la temperatura, sino tambi\u00e9n con la humedad de la materia prima. materiales. La humedad del carb\u00f3n es demasiado alta, lo que prolongar\u00e1 el tiempo de carbonizaci\u00f3n por un lado. Por otro lado, cuando se piroliza la madera se produce una gran cantidad de sustancias nocivas. Por tanto, cuanto menor sea la humedad de la madera, mejor ser\u00e1 el efecto de carbonizaci\u00f3n.<\/p>    <figure class=\"wp-block-gallery has-nested-images columns-default is-cropped wp-block-gallery-2 is-layout-flex wp-block-gallery-is-layout-flex\"> <figure class=\"wp-block-image size-large\"><img loading=\"lazy\" decoding=\"async\" width=\"512\" height=\"1560\" data-id=\"2278\" src=\"https:\/\/charcoalplant.com\/wp-content\/uploads\/2022\/02\/raw-material.jpg\" alt=\"\" class=\"wp-image-2278\"\/><\/figure>    <figure class=\"wp-block-image size-large\"><img loading=\"lazy\" decoding=\"async\" width=\"512\" height=\"1560\" data-id=\"2279\" src=\"https:\/\/charcoalplant.com\/wp-content\/uploads\/2022\/02\/finished-product.jpg\" alt=\"\" class=\"wp-image-2279\"\/><\/figure> <figcaption class=\"blocks-gallery-caption wp-element-caption\">Carb\u00f3n de le\u00f1a, carb\u00f3n de bamb\u00fa, carb\u00f3n de briquetas de aserr\u00edn y carb\u00f3n de c\u00e1scara de palma<\/figcaption><\/figure>    <h2 class=\"wp-block-heading\" id=\"h-principle-of-horizontal-carbonization-furnace\"><strong>Laboral<\/strong> <strong>Principio del horno de carbonizaci\u00f3n horizontal<\/strong><\/h2>    <p class=\"translation-block\">De hecho, el principio de funcionamiento del horno de carbonizaci\u00f3n de madera dura y el <strong><a href=\"https:\/\/charcoalplant.com\/es\/vertical-carbonization-furnace\/\">horno de carbonizaci\u00f3n vertical<\/a><\/strong> son muy similares. Ambos utilizan m\u00e9todos de carbonizaci\u00f3n por destilaci\u00f3n en seco y carbonizaci\u00f3n por flujo de aire. Al calentar y descomponer la madera en condiciones de ausencia de ox\u00edgeno o bajo contenido de ox\u00edgeno, la madera produce vinagre de madera, alquitr\u00e1n de madera y otros ingredientes. Adem\u00e1s, la tuber\u00eda de escape del horno de carbonizaci\u00f3n por flujo de aire horizontal puede recoger el gas de combusti\u00f3n a tiempo y depositar sustancias nocivas.<\/p>    <figure class=\"wp-block-gallery has-nested-images columns-default is-cropped wp-block-gallery-3 is-layout-flex wp-block-gallery-is-layout-flex\"> <figure class=\"wp-block-image size-large\"><img loading=\"lazy\" decoding=\"async\" width=\"720\" height=\"540\" data-id=\"2280\" src=\"https:\/\/charcoalplant.com\/wp-content\/uploads\/2022\/02\/bamboo-carbonization-furnace-for-sale.jpg\" alt=\"horno-de-carbonizaci\u00f3n-de-bamb\u00fa-en-venta\" class=\"wp-image-2280\"\/><figcaption class=\"wp-element-caption\">horno de carbonizaci\u00f3n de bamb\u00fa a la venta<\/figcaption><\/figure> <\/figure>    <h2 class=\"wp-block-heading\" id=\"structure-of-horizontal-log-charcoal-furnace\"><strong>Estructura de la m\u00e1quina para fabricar carb\u00f3n vegetal horizontal<\/strong><\/h2>    <div class=\"wp-block-columns has-background is-layout-flex wp-container-core-columns-is-layout-28f84493 wp-block-columns-is-layout-flex\" style=\"background-color:#f1f1f1\"> <div class=\"wp-block-column is-vertically-aligned-center is-layout-flow wp-block-column-is-layout-flow\" style=\"flex-basis:33.33%\"> <p class=\"translation-block\"><strong>Lana de roca de aislamiento t\u00e9rmico<\/strong><\/p>    <p><br>La tapa y el cuerpo del horno de carb\u00f3n de bamb\u00fa tienen superficies de roca aislantes t\u00e9rmicos. Por lo tanto, el sellado general y el aislamiento t\u00e9rmico del horno de carbonizaci\u00f3n son muy fuertes.<\/p> <\/div>    <div class=\"wp-block-column is-layout-flow wp-block-column-is-layout-flow\" style=\"flex-basis:66.66%\"> <figure class=\"wp-block-gallery has-nested-images columns-default is-cropped wp-block-gallery-4 is-layout-flex wp-block-gallery-is-layout-flex\"> <figure class=\"wp-block-image size-large\"><img loading=\"lazy\" decoding=\"async\" width=\"720\" height=\"540\" data-id=\"1288\" src=\"https:\/\/charcoalplant.com\/wp-content\/uploads\/2021\/12\/horizontal-carbonization-furnace-cover-1-1.jpg\" alt=\"cubierta del horno de carbonizaci\u00f3n horizontal\" class=\"wp-image-1288\" srcset=\"https:\/\/charcoalplant.com\/wp-content\/uploads\/2021\/12\/horizontal-carbonization-furnace-cover-1-1.jpg 720w, https:\/\/charcoalplant.com\/wp-content\/uploads\/2021\/12\/horizontal-carbonization-furnace-cover-1-1-300x225.jpg 300w\" sizes=\"auto, (max-width: 720px) 100vw, 720px\" \/><figcaption class=\"wp-element-caption\">cubierta del horno de carbonizaci\u00f3n horizontal<\/figcaption><\/figure> <\/figure> <\/div> <\/div>    <div class=\"wp-block-columns has-background is-layout-flex wp-container-core-columns-is-layout-28f84493 wp-block-columns-is-layout-flex\" style=\"background-color:#f1f1f1\"> <div class=\"wp-block-column is-layout-flow wp-block-column-is-layout-flow\" style=\"flex-basis:66.66%\"> <figure class=\"wp-block-gallery has-nested-images columns-default is-cropped wp-block-gallery-5 is-layout-flex wp-block-gallery-is-layout-flex\"> <figure class=\"wp-block-image size-large\"><img loading=\"lazy\" decoding=\"async\" width=\"720\" height=\"540\" data-id=\"1094\" src=\"https:\/\/charcoalplant.com\/wp-content\/uploads\/2021\/12\/Smoke-removal-system-1.jpg\" alt=\"Sistema de eliminaci\u00f3n de humo\" class=\"wp-image-1094\" srcset=\"https:\/\/charcoalplant.com\/wp-content\/uploads\/2021\/12\/Smoke-removal-system-1.jpg 720w, https:\/\/charcoalplant.com\/wp-content\/uploads\/2021\/12\/Smoke-removal-system-1-300x225.jpg 300w\" sizes=\"auto, (max-width: 720px) 100vw, 720px\" \/><figcaption class=\"wp-element-caption\">Sistema de eliminaci\u00f3n de humo<\/figcaption><\/figure> <\/figure> <\/div>    <div class=\"wp-block-column is-vertically-aligned-center is-layout-flow wp-block-column-is-layout-flow\" style=\"flex-basis:33.33%\"> <p class=\"translation-block\"><strong>Tuber\u00eda de circulaci\u00f3n de gas de combusti\u00f3n<\/strong><\/p>    <p><br>Las estufas de carb\u00f3n de le\u00f1a horizontales tienen tuber\u00edas. Los tubos que conectan la parte superior e inferior del horno de carbonizaci\u00f3n horizontal se utilizan principalmente para la circulaci\u00f3n de gas combustible en el cilindro. Este punto refleja las caracter\u00edsticas del ahorro de energ\u00eda. Otros tubos se utilizan principalmente para filtrar los gases de combusti\u00f3n.<\/p> <\/div> <\/div>    <div class=\"wp-block-columns has-background is-layout-flex wp-container-core-columns-is-layout-28f84493 wp-block-columns-is-layout-flex\" style=\"background-color:#f1f1f1\"> <div class=\"wp-block-column is-vertically-aligned-center is-layout-flow wp-block-column-is-layout-flow\" style=\"flex-basis:33.33%\"> <p class=\"translation-block\"><strong>Carro<\/strong><\/p>    <p>Debido a la gran capacidad del horno de carbonizaci\u00f3n de troncos, el rendimiento es alto. Por lo tanto, con el fin de facilitar a los clientes el env\u00edo de productos terminados y materias primas. Proporcionaremos a nuestros clientes carros.<\/p> <\/div>    <div class=\"wp-block-column is-layout-flow wp-block-column-is-layout-flow\" style=\"flex-basis:66.66%\"> <figure class=\"wp-block-gallery has-nested-images columns-default is-cropped wp-block-gallery-6 is-layout-flex wp-block-gallery-is-layout-flex\"> <figure class=\"wp-block-image size-large\"><img loading=\"lazy\" decoding=\"async\" width=\"720\" height=\"540\" data-id=\"1103\" src=\"https:\/\/charcoalplant.com\/wp-content\/uploads\/2021\/12\/Trolley-1-1.jpg\" alt=\"Carretilla\" class=\"wp-image-1103\" srcset=\"https:\/\/charcoalplant.com\/wp-content\/uploads\/2021\/12\/Trolley-1-1.jpg 720w, https:\/\/charcoalplant.com\/wp-content\/uploads\/2021\/12\/Trolley-1-1-300x225.jpg 300w\" sizes=\"auto, (max-width: 720px) 100vw, 720px\" \/><figcaption class=\"wp-element-caption\">Carretilla<\/figcaption><\/figure> <\/figure> <\/div> <\/div>    <h2 class=\"wp-block-heading\" id=\"video-of-horizontal-log-carbonization-furnace\"><strong>Video del horno de carbonizaci\u00f3n de troncos horizontales <\/strong><\/h2>    <figure class=\"wp-block-embed is-type-video is-provider-youtube wp-block-embed-youtube wp-embed-aspect-16-9 wp-has-aspect-ratio\"><div class=\"wp-block-embed__wrapper\"> <iframe loading=\"lazy\" title=\"Horno de carb\u00f3n de bamb\u00fa | equipo #charcoal#log#biomassbriquette de la carbonizaci\u00f3n del flujo de aire 3t\" width=\"500\" height=\"281\" src=\"https:\/\/www.youtube.com\/embed\/zUDHQcWUaMM?feature=oembed\" frameborder=\"0\" allow=\"accelerometer; autoplay; clipboard-write; encrypted-media; gyroscope; picture-in-picture; web-share\" referrerpolicy=\"strict-origin-when-cross-origin\" allowfullscreen><\/iframe> <\/div><\/figure>    <h2 class=\"wp-block-heading\" id=\"h-parameters-of-hardwood-charcoal-furnace\"><strong>Par\u00e1metros del horno de carb\u00f3n de le\u00f1a<\/strong><\/h2>    <p>La longitud y el di\u00e1metro del horno de carbonizaci\u00f3n horizontal producido por nuestra f\u00e1brica se pueden personalizar.<\/p>    <figure class=\"wp-block-table is-style-stripes\"><table><tbody><tr><td>Tipo<\/td><td>Capacidad<\/td><td>Peso<\/td><td>Tama\u00f1o<\/td><\/tr><tr><td>SL-HC1300&nbsp;&nbsp;<\/td><td>900-1200kg\/12-14h<\/td><td>2500 kilos<\/td><td>3*1,7*2,2 m<\/td><\/tr><tr><td>SL-HC1500&nbsp;<\/td><td>1500-2000kg\/12-14h<\/td><td>4000 kilos<\/td><td>4,5*1,9*2,3 m<\/td><\/tr><tr><td>SL-HC1900&nbsp;&nbsp;<\/td><td>2500-3000kg\/12-14h<\/td><td>5500 kilos<\/td><td>5*2,3*2,5 m<\/td><\/tr><\/tbody><\/table><\/figure>    <h2 class=\"wp-block-heading\" id=\"h-advantages-of-hardwood-carbonization-furnace\"><strong>Ventajas del horno de carbonizaci\u00f3n de carb\u00f3n vegetal de madera dura<\/strong><\/h2>    <p>1. Gran producci\u00f3n. Puede producir una gran cantidad de carb\u00f3n en una sola actuaci\u00f3n.<\/p>    <p>2.\u00a0Buena hermeticidad. La cubierta del horno de carbonizaci\u00f3n de madera dura es una superficie de roca de alta temperatura con resistencia a altas temperaturas. Al mismo tiempo, desempe\u00f1a una buena funci\u00f3n de sellado y proporciona un ambiente libre de ox\u00edgeno.<\/p>    <p>3. El dise\u00f1o horizontal y el carro son convenientes para la alimentaci\u00f3n y descarga.<\/p>    <p>4. Protecci\u00f3n del medio ambiente y ahorro de energ\u00eda.<\/p>    <figure class=\"wp-block-gallery has-nested-images columns-default is-cropped wp-block-gallery-7 is-layout-flex wp-block-gallery-is-layout-flex\"> <figure class=\"wp-block-image size-large\"><img loading=\"lazy\" decoding=\"async\" width=\"720\" height=\"540\" data-id=\"1089\" src=\"https:\/\/charcoalplant.com\/wp-content\/uploads\/2021\/12\/inlet-1.jpg\" alt=\"entrada\" class=\"wp-image-1089\" srcset=\"https:\/\/charcoalplant.com\/wp-content\/uploads\/2021\/12\/inlet-1.jpg 720w, https:\/\/charcoalplant.com\/wp-content\/uploads\/2021\/12\/inlet-1-300x225.jpg 300w\" sizes=\"auto, (max-width: 720px) 100vw, 720px\" \/><figcaption class=\"wp-element-caption\">entrada<\/figcaption><\/figure> <\/figure>    <h2 class=\"wp-block-heading\" id=\"h-precautions-for-using-horizontal-carbonization-furnace\"><strong>Precauciones para <\/strong><strong>Uso de la m\u00e1quina para fabricar carb\u00f3n vegetal<\/strong><\/h2>    <p>1. Los operadores intentan colocar las materias primas de forma ordenada y ajustada.<\/p>    <p>2. Preste atenci\u00f3n a los cambios de temperatura.<\/p>    <p>3. Durante la operaci\u00f3n, el operador puede controlar el volumen de gas a trav\u00e9s de la v\u00e1lvula.<\/p>    <p>4. Limpiar a tiempo los dep\u00f3sitos del equipo de eliminaci\u00f3n de humos.<\/p>    <figure class=\"wp-block-gallery has-nested-images columns-default is-cropped wp-block-gallery-8 is-layout-flex wp-block-gallery-is-layout-flex\"> <figure class=\"wp-block-image size-large\"><img loading=\"lazy\" decoding=\"async\" width=\"720\" height=\"540\" data-id=\"1091\" src=\"https:\/\/charcoalplant.com\/wp-content\/uploads\/2021\/12\/Bamboo-charcoal-1.jpg\" alt=\"B01carb\u00f3n de bamb\u00fa\" class=\"wp-image-1091\" srcset=\"https:\/\/charcoalplant.com\/wp-content\/uploads\/2021\/12\/Bamboo-charcoal-1.jpg 720w, https:\/\/charcoalplant.com\/wp-content\/uploads\/2021\/12\/Bamboo-charcoal-1-300x225.jpg 300w\" sizes=\"auto, (max-width: 720px) 100vw, 720px\" \/><figcaption class=\"wp-element-caption\">B01carb\u00f3n de bamb\u00fa<\/figcaption><\/figure>    <figure class=\"wp-block-image size-full\"><img loading=\"lazy\" decoding=\"async\" width=\"720\" height=\"540\" data-id=\"1781\" src=\"https:\/\/charcoalplant.com\/wp-content\/uploads\/2022\/01\/log-charcoal.jpg\" alt=\"carb\u00f3n de le\u00f1a\" class=\"wp-image-1781\" srcset=\"https:\/\/charcoalplant.com\/wp-content\/uploads\/2022\/01\/log-charcoal.jpg 720w, https:\/\/charcoalplant.com\/wp-content\/uploads\/2022\/01\/log-charcoal-300x225.jpg 300w\" sizes=\"auto, (max-width: 720px) 100vw, 720px\" \/><figcaption class=\"wp-element-caption\">carb\u00f3n de le\u00f1a<\/figcaption><\/figure> <\/figure>    <h2 class=\"wp-block-heading\" id=\"h-sale-of-hardwood-charcoal-furnace\"><strong>Venta de <\/strong><strong>Madera dura <\/strong><strong>C<\/strong><strong>carb\u00f3n<\/strong><strong>&nbsp;Carbonizaci\u00f3n <\/strong><strong>F<\/strong><strong>urna<\/strong><\/h2>    <p>La f\u00e1brica Shuliy ofrece a los clientes una variedad de accesorios convenientes. Como carros, ventiladores de tiro inducido, quemadores, sistemas electrost\u00e1ticos de alto voltaje, etc. Somos un fabricante profesional de equipos para m\u00e1quinas de carb\u00f3n. Por lo tanto, podemos personalizar equipos de diferentes tama\u00f1os para los clientes. Si nos llama o nos env\u00eda un correo electr\u00f3nico ahora para contarnos sus necesidades espec\u00edficas, encontraremos una soluci\u00f3n para usted a tiempo.<\/p>    <figure class=\"wp-block-gallery has-nested-images columns-2 is-cropped wp-block-gallery-9 is-layout-flex wp-block-gallery-is-layout-flex\"> <figure class=\"wp-block-image size-large\"><img loading=\"lazy\" decoding=\"async\" width=\"720\" height=\"540\" data-id=\"1099\" src=\"https:\/\/charcoalplant.com\/wp-content\/uploads\/2021\/12\/Manufacturer-of-horizontal-airflow-carbonization-furnace-1.jpg\" alt=\"Fabricante de horno de carbonizaci\u00f3n horizontal.\" class=\"wp-image-1099\" srcset=\"https:\/\/charcoalplant.com\/wp-content\/uploads\/2021\/12\/Manufacturer-of-horizontal-airflow-carbonization-furnace-1.jpg 720w, https:\/\/charcoalplant.com\/wp-content\/uploads\/2021\/12\/Manufacturer-of-horizontal-airflow-carbonization-furnace-1-300x225.jpg 300w\" sizes=\"auto, (max-width: 720px) 100vw, 720px\" \/><figcaption class=\"wp-element-caption\">Fabricante de horno de carbonizaci\u00f3n horizontal.<\/figcaption><\/figure>    <figure class=\"wp-block-image size-large\"><img loading=\"lazy\" decoding=\"async\" width=\"720\" height=\"540\" data-id=\"2282\" src=\"https:\/\/charcoalplant.com\/wp-content\/uploads\/2022\/02\/shipment-of-log-carbonization-furnaces.jpg\" alt=\"env\u00edo de hornos de carbonizaci\u00f3n de troncos\" class=\"wp-image-2282\"\/><figcaption class=\"wp-element-caption\">env\u00edo de hornos de carbonizaci\u00f3n de troncos<\/figcaption><\/figure>    <figure class=\"wp-block-image size-large\"><img loading=\"lazy\" decoding=\"async\" width=\"720\" height=\"540\" data-id=\"2283\" src=\"https:\/\/charcoalplant.com\/wp-content\/uploads\/2022\/02\/shipment-of-horizontal-carbonization-furnaces.jpg\" alt=\"env\u00edo de hornos de carbonizaci\u00f3n horizontal\" class=\"wp-image-2283\"\/><figcaption class=\"wp-element-caption\">env\u00edo de hornos de carbonizaci\u00f3n horizontal<\/figcaption><\/figure>    <figure class=\"wp-block-image size-large\"><img loading=\"lazy\" decoding=\"async\" width=\"720\" height=\"540\" data-id=\"2284\" src=\"https:\/\/charcoalplant.com\/wp-content\/uploads\/2022\/02\/small-horizontal-carbonization-furnaces-.jpg\" alt=\"peque\u00f1os hornos de carbonizaci\u00f3n horizontal\" class=\"wp-image-2284\"\/><figcaption class=\"wp-element-caption\">peque\u00f1os hornos de carbonizaci\u00f3n horizontal<\/figcaption><\/figure> <\/figure>    <p class=\"translation-block\">Adem\u00e1s de los hornos de carbonizaci\u00f3n horizontales, tambi\u00e9n vendemos <strong><a href=\"https:\/\/charcoalplant.com\/es\/carbonization-furnace\/rotary-carbonization-furnace\/\">hornos de carbonizaci\u00f3n continuos<\/a><\/strong>, hornos de carbonizaci\u00f3n verticales y <strong><a href=\"https:\/\/charcoalplant.com\/es\/biomass-briquette-machine\/sawdust-briquette-machine\/\">m\u00e1quinas para fabricar briquetas de biomasa<\/a><\/strong>. Debido a su posible necesidad de estos dispositivos, le sugerimos que explore contenido relacionado en nuestro sitio web. Le ofreceremos precios competitivos.<\/p>    <h2 class=\"wp-block-heading\" id=\"h-application-of-horizontal-airflow-carbonization-furnace\"><strong>Aplicaci\u00f3n de la m\u00e1quina de carbonizaci\u00f3n de flujo de aire horizontal<\/strong><\/h2>    <p class=\"translation-block\">Se puede utilizar en una l\u00ednea de producci\u00f3n de carb\u00f3n vegetal o usarse sola. El carb\u00f3n de bamb\u00fa, el <a href=\"https:\/\/charcoalplant.com\/es\/info\/coconut-shell-charcoal-making-machine-complete-guidance\/\">carb\u00f3n de c\u00e1scara de coco<\/a>, el carb\u00f3n de frutas, etc. carbonizados por el horno de carbonizaci\u00f3n horizontal se pueden quemar directamente para calentar. <\/p>    <figure class=\"wp-block-gallery has-nested-images columns-default is-cropped wp-block-gallery-10 is-layout-flex wp-block-gallery-is-layout-flex\"> <figure class=\"wp-block-image size-large\"><img loading=\"lazy\" decoding=\"async\" width=\"720\" height=\"540\" data-id=\"2285\" src=\"https:\/\/charcoalplant.com\/wp-content\/uploads\/2022\/02\/log-charcoal-factory.jpg\" alt=\"f\u00e1brica de carb\u00f3n de le\u00f1a\" class=\"wp-image-2285\"\/><figcaption class=\"wp-element-caption\">f\u00e1brica de carb\u00f3n de le\u00f1a<\/figcaption><\/figure>    <figure class=\"wp-block-image size-large\"><img loading=\"lazy\" decoding=\"async\" width=\"720\" height=\"540\" data-id=\"2286\" src=\"https:\/\/charcoalplant.com\/wp-content\/uploads\/2022\/02\/wood-charcoal-for-sale-.jpg\" alt=\"carb\u00f3n de madera para la venta\" class=\"wp-image-2286\"\/><figcaption class=\"wp-element-caption\">carb\u00f3n de madera para la venta<\/figcaption><\/figure> <\/figure>    <p>Y la barbacoa casera puede utilizar este carb\u00f3n. Por lo tanto, el peque\u00f1o horno de carbonizaci\u00f3n de madera dura es adecuado para uso dom\u00e9stico. Debido a que el carb\u00f3n vegetal es respetuoso con el medio ambiente, tiene un alto poder calor\u00edfico y es renovable, tiene una gran demanda. Por tanto, se puede ver que un horno de carbonizaci\u00f3n es una buena herramienta para ganar dinero.<\/p>","protected":false},"excerpt":{"rendered":"<p>El horno de carbonizaci\u00f3n horizontal puede producir carb\u00f3n de bamb\u00fa, carb\u00f3n de troncos y carb\u00f3n de c\u00e1scara de coco en grandes cantidades a la vez.<\/p>","protected":false},"author":1,"featured_media":1113,"parent":0,"template":"","tags":[65],"product-type":[4],"class_list":["post-1084","product","type-product","status-publish","has-post-thumbnail","hentry","tag-carbonization-furnace","product-type-carbonization-furnace"],"_links":{"self":[{"href":"https:\/\/charcoalplant.com\/es\/wp-json\/wp\/v2\/product\/1084","targetHints":{"allow":["GET"]}}],"collection":[{"href":"https:\/\/charcoalplant.com\/es\/wp-json\/wp\/v2\/product"}],"about":[{"href":"https:\/\/charcoalplant.com\/es\/wp-json\/wp\/v2\/types\/product"}],"author":[{"embeddable":true,"href":"https:\/\/charcoalplant.com\/es\/wp-json\/wp\/v2\/users\/1"}],"wp:featuredmedia":[{"embeddable":true,"href":"https:\/\/charcoalplant.com\/es\/wp-json\/wp\/v2\/media\/1113"}],"wp:attachment":[{"href":"https:\/\/charcoalplant.com\/es\/wp-json\/wp\/v2\/media?parent=1084"}],"wp:term":[{"taxonomy":"post_tag","embeddable":true,"href":"https:\/\/charcoalplant.com\/es\/wp-json\/wp\/v2\/tags?post=1084"},{"taxonomy":"product-type","embeddable":true,"href":"https:\/\/charcoalplant.com\/es\/wp-json\/wp\/v2\/product-type?post=1084"}],"curies":[{"name":"wp","href":"https:\/\/api.w.org\/{rel}","templated":true}]}}