{"id":1127,"date":"2021-12-03T07:51:22","date_gmt":"2021-12-03T07:51:22","guid":{"rendered":"https:\/\/charcoalplant.com\/?p=1127"},"modified":"2023-02-24T17:19:18","modified_gmt":"2023-02-24T09:19:18","slug":"rotary-carbonization-furnace","status":"publish","type":"product","link":"https:\/\/charcoalplant.com\/es\/product\/rotary-carbonization-furnace\/","title":{"rendered":"Horno de carbonizaci\u00f3n rotatorio | M\u00e1quina para fabricar carb\u00f3n de coco"},"content":{"rendered":"<div class=\"kk-star-ratings kksr-auto kksr-align-left kksr-valign-top\"     data-payload='{&quot;align&quot;:&quot;left&quot;,&quot;id&quot;:&quot;1127&quot;,&quot;slug&quot;:&quot;default&quot;,&quot;valign&quot;:&quot;top&quot;,&quot;ignore&quot;:&quot;&quot;,&quot;reference&quot;:&quot;auto&quot;,&quot;class&quot;:&quot;&quot;,&quot;count&quot;:&quot;8&quot;,&quot;legendonly&quot;:&quot;&quot;,&quot;readonly&quot;:&quot;&quot;,&quot;score&quot;:&quot;4.4&quot;,&quot;starsonly&quot;:&quot;&quot;,&quot;best&quot;:&quot;5&quot;,&quot;gap&quot;:&quot;5&quot;,&quot;greet&quot;:&quot;Rate this product&quot;,&quot;legend&quot;:&quot;4.4\\\/5 - (8 votos)&quot;,&quot;size&quot;:&quot;24&quot;,&quot;title&quot;:&quot;Rotary Carbonization Furnace | Coconut Charcoal Making Machine&quot;,&quot;width&quot;:&quot;125.1&quot;,&quot;_legend&quot;:&quot;{score}\\\/{best} - ({count} {votes})&quot;,&quot;font_factor&quot;:&quot;1.25&quot;}'>              <div class=\"kksr-stars\">      <div class=\"kksr-stars-inactive\">             <div class=\"kksr-star\" data-star=\"1\" style=\"padding-right: 5px\">               <div class=\"kksr-icon\" style=\"width: 24px; height: 24px;\"><\/div>         <\/div>             <div class=\"kksr-star\" data-star=\"2\" style=\"padding-right: 5px\">               <div class=\"kksr-icon\" style=\"width: 24px; height: 24px;\"><\/div>         <\/div>             <div class=\"kksr-star\" data-star=\"3\" style=\"padding-right: 5px\">               <div class=\"kksr-icon\" style=\"width: 24px; height: 24px;\"><\/div>         <\/div>             <div class=\"kksr-star\" data-star=\"4\" style=\"padding-right: 5px\">               <div class=\"kksr-icon\" style=\"width: 24px; height: 24px;\"><\/div>         <\/div>             <div class=\"kksr-star\" data-star=\"5\" style=\"padding-right: 5px\">               <div class=\"kksr-icon\" style=\"width: 24px; height: 24px;\"><\/div>         <\/div>     <\/div>      <div class=\"kksr-stars-active\" style=\"width: 125.1px;\">             <div class=\"kksr-star\" style=\"padding-right: 5px\">               <div class=\"kksr-icon\" style=\"width: 24px; height: 24px;\"><\/div>         <\/div>             <div class=\"kksr-star\" style=\"padding-right: 5px\">               <div class=\"kksr-icon\" style=\"width: 24px; height: 24px;\"><\/div>         <\/div>             <div class=\"kksr-star\" style=\"padding-right: 5px\">               <div class=\"kksr-icon\" style=\"width: 24px; height: 24px;\"><\/div>         <\/div>             <div class=\"kksr-star\" style=\"padding-right: 5px\">               <div class=\"kksr-icon\" style=\"width: 24px; height: 24px;\"><\/div>         <\/div>             <div class=\"kksr-star\" style=\"padding-right: 5px\">               <div class=\"kksr-icon\" style=\"width: 24px; height: 24px;\"><\/div>         <\/div>     <\/div> <\/div>                   <div class=\"kksr-legend\" style=\"font-size: 19.2px;\">             4.4\/5 - (8 votos)    <\/div>     <\/div>  <p class=\"translation-block\"><strong>Horno de carbonizaci\u00f3n rotativa<\/strong> es un equipo de fabricaci\u00f3n de carb\u00f3n altamente autom\u00e1tico. Sus materias primas para la carbonizaci\u00f3n son muy diversas y la mayor\u00eda son residuos agr\u00edcolas y forestales, c\u00e1scaras de frutas y chatarra industrial. <strong><a href=\"https:\/\/charcoalplant.com\/es\/info\/peanut-shell-charcoal-machine-installed-in-the-uk\/\">Carb\u00f3n de c\u00e1scara de man\u00ed<\/a><\/strong>, carb\u00f3n de c\u00e1scara de arroz, carb\u00f3n de virutas de bamb\u00fa, <strong><a href=\"https:\/\/charcoalplant.com\/es\/info\/what-are-the-uses-of-coconut-shells\/\">carb\u00f3n de c\u00e1scara de coco<\/a><\/strong>, carb\u00f3n de c\u00e1scara de albaricoque, carb\u00f3n de posos de caf\u00e9, etc. Se producen a trav\u00e9s del mecanismo de carbonizaci\u00f3n. El material de carb\u00f3n producido por el horno de carbonizaci\u00f3n continua es limpio, no t\u00f3xico, sin humo y tiene buena plasticidad. En resumen, la perspectiva de mercado del horno de carbonizaci\u00f3n rotativa es amplia. \u00a1As\u00ed que cont\u00e1ctenos r\u00e1pidamente para obtener informaci\u00f3n sobre precios, categor\u00edas y env\u00edo del producto! Shuliy Fabricante de maquinaria respalda su producci\u00f3n.<\/p>    <figure class=\"wp-block-gallery has-nested-images columns-default is-cropped wp-block-gallery-2 is-layout-flex wp-block-gallery-is-layout-flex\"> <figure class=\"wp-block-image size-large\"><img loading=\"lazy\" decoding=\"async\" width=\"720\" height=\"540\" data-id=\"2292\" src=\"https:\/\/charcoalplant.com\/wp-content\/uploads\/2022\/02\/Rotary-carbonization-furnace-factory.jpg\" alt=\"F\u00e1brica-de-horno-rotativo-de-carbonizaci\u00f3n\" class=\"wp-image-2292\"\/><figcaption class=\"wp-element-caption\">F\u00e1brica-de-horno-rotativo-de-carbonizaci\u00f3n<\/figcaption><\/figure> <\/figure>    <h2 class=\"wp-block-heading\" id=\"h-raw-materials-for-rotary-carbonization-furnace\"><strong>Materias primas para el horno rotatorio de carbonizaci\u00f3n<\/strong><\/h2>    <p>El horno de carbonizaci\u00f3n de aserr\u00edn puede carbonizar materias primas como aserr\u00edn, c\u00e1scaras de arroz, c\u00e1scaras de man\u00ed, pajas de plantas, c\u00e1scaras de coco, c\u00e1scaras de girasol, c\u00e1scaras de albaricoque, granos de destiler\u00eda, posos de caf\u00e9, etc. La materia prima del horno de carbonizaci\u00f3n de biomasa se caracteriza por peque\u00f1as materiales. Son polvo y part\u00edculas. <\/p>    <figure class=\"wp-block-gallery has-nested-images columns-default is-cropped wp-block-gallery-3 is-layout-flex wp-block-gallery-is-layout-flex\"> <figure class=\"wp-block-image size-large\"><img loading=\"lazy\" decoding=\"async\" width=\"745\" height=\"180\" data-id=\"2293\" src=\"https:\/\/charcoalplant.com\/wp-content\/uploads\/2022\/02\/soft-material.png\" alt=\"\" class=\"wp-image-2293\"\/><\/figure> <\/figure>    <p class=\"translation-block\">Si sus materias primas son astillas de madera grandes, ramas, virutas, etc., no cumplen con los requisitos del horno de carbonizaci\u00f3n de tambor. No se preocupe, solo necesita equipar un <strong><a href=\"https:\/\/charcoalplant.com\/es\/hammer-mill\/\">molino de martillos<\/a><\/strong> delante del sistema de alimentaci\u00f3n para obtener las materias primas que cumplen con los requisitos de producci\u00f3n. Adem\u00e1s, la humedad de las astillas de madera debe ser inferior al 20%. Por lo tanto, puede optar por secar al aire o elegir un <strong><a href=\"https:\/\/charcoalplant.com\/es\/rice-husk-dryer\/\">secador de serr\u00edn<\/a><\/strong> para reducir la humedad de la materia prima.<\/p>    <figure class=\"wp-block-gallery has-nested-images columns-2 is-cropped wp-block-gallery-4 is-layout-flex wp-block-gallery-is-layout-flex\"> <figure class=\"wp-block-image size-large\"><img loading=\"lazy\" decoding=\"async\" width=\"749\" height=\"192\" data-id=\"2294\" src=\"https:\/\/charcoalplant.com\/wp-content\/uploads\/2022\/02\/hard-material.png\" alt=\"\" class=\"wp-image-2294\"\/><\/figure> <\/figure>    <h2 class=\"wp-block-heading\" id=\"h-working-principle-of-rotary-carbonization-furnace\"><strong>Principio de funcionamiento del horno rotatorio de carbonizaci\u00f3n<\/strong><\/h2>    <p>1. Proceso de deshumidificaci\u00f3n<\/p>    <p>Este proceso consiste principalmente en eliminar la humedad de la propia materia prima. Con el r\u00e1pido aumento de la temperatura en el horno, la humedad de la biomasa disminuye. De hecho, este es tambi\u00e9n el proceso de secado de las materias primas. Porque cuanto menor sea la humedad de la materia prima, mayor ser\u00e1 la tasa de carbonizaci\u00f3n del producto terminado. Entonces la calidad del carb\u00f3n tambi\u00e9n es mejor.<\/p>    <p>2. Etapa de pir\u00f3lisis<\/p>    <p>La pir\u00f3lisis de materiales como astillas de madera y c\u00e1scaras de coco produce componentes como alquitr\u00e1n de madera, vinagre de madera y gases combustibles. Estos productos son secuencialmente separados y purificados a trav\u00e9s de nuestros tanques de purificaci\u00f3n. El gas combustible despu\u00e9s de la purificaci\u00f3n final se devuelve a la c\u00e1mara de combusti\u00f3n del horno de carbonizaci\u00f3n continua para su combusti\u00f3n como combustible.<\/p>    <p>3. Etapa de carbonizaci\u00f3n<\/p>    <p>El horno continuo de carbonizaci\u00f3n de c\u00e1scara de arroz solo necesita precalentarse una vez (1h). El tiempo de carbonizaci\u00f3n del material es de unos 20 a 30 minutos. Y es un equipo de carbonizaci\u00f3n continua.<\/p>    <figure class=\"wp-block-gallery has-nested-images columns-default is-cropped wp-block-gallery-5 is-layout-flex wp-block-gallery-is-layout-flex\"> <figure class=\"wp-block-image size-large\"><img loading=\"lazy\" decoding=\"async\" width=\"720\" height=\"540\" data-id=\"1123\" src=\"https:\/\/charcoalplant.com\/wp-content\/uploads\/2021\/12\/1000-type-drum-carbonization-furnace-host-3.jpg\" alt=\"\" class=\"wp-image-1123\" srcset=\"https:\/\/charcoalplant.com\/wp-content\/uploads\/2021\/12\/1000-type-drum-carbonization-furnace-host-3.jpg 720w, https:\/\/charcoalplant.com\/wp-content\/uploads\/2021\/12\/1000-type-drum-carbonization-furnace-host-3-300x225.jpg 300w\" sizes=\"auto, (max-width: 720px) 100vw, 720px\" \/><figcaption class=\"wp-element-caption\">f\u00e1brica-de-horno-rotativo-de-carbonizaci\u00f3n<\/figcaption><\/figure> <\/figure>    <h2 class=\"wp-block-heading\" id=\"h-structure-of-high-efficiency-coconut-charcoal-machine\"><strong>Estructura de <\/strong><strong>C de alta eficiencia<\/strong><strong>coco<\/strong><strong>&nbsp;Caparaz\u00f3n <\/strong><strong>C<\/strong><strong>fabricaci\u00f3n de carb\u00f3n <\/strong><strong>METRO<\/strong><strong>dolorido<\/strong><\/h2>    <p>El equipo de rodillos tiene tres \u00e1reas funcionales: \u00e1rea de precalentamiento, \u00e1rea de alta temperatura y \u00e1rea de baja temperatura. La carbonizaci\u00f3n se produce en la zona de alta temperatura, es decir, la parte principal del motor (por estar cerca de la fuente de calor, tambi\u00e9n se llama c\u00e1mara de combusti\u00f3n). Tambi\u00e9n hay un orificio de observaci\u00f3n en el tambor para ver f\u00e1cilmente la combusti\u00f3n en la c\u00e1mara de combusti\u00f3n. El tambor es impulsado para girar mediante engranajes y una abertura. Pero su velocidad est\u00e1 controlada por el motorreductor. Adem\u00e1s, todos nuestros motores tienen frecuencia ajustable, lo cual es muy conveniente.<\/p>    <div class=\"wp-block-columns has-background is-layout-flex wp-container-core-columns-is-layout-28f84493 wp-block-columns-is-layout-flex\" style=\"background-color:#f1f1f1\"> <div class=\"wp-block-column is-layout-flow wp-block-column-is-layout-flow\" style=\"flex-basis:66.66%\"> <figure class=\"wp-block-gallery has-nested-images columns-default is-cropped wp-block-gallery-6 is-layout-flex wp-block-gallery-is-layout-flex\"> <figure class=\"wp-block-image size-large\"><img loading=\"lazy\" decoding=\"async\" width=\"720\" height=\"540\" data-id=\"2295\" src=\"https:\/\/charcoalplant.com\/wp-content\/uploads\/2022\/02\/rice-husk-rotary-carbonization-furnace.jpg\" alt=\"\" class=\"wp-image-2295\"\/><\/figure> <\/figure> <\/div>    <div class=\"wp-block-column is-vertically-aligned-center is-layout-flow wp-block-column-is-layout-flow\" style=\"flex-basis:33.33%\"> <p class=\"translation-block\"><strong>Alimentaci\u00f3n y descarga<\/strong><\/p>    <p>Porque el material del horno de carbonizaci\u00f3n continua de c\u00e1scara de arroz es m\u00e1s ligero. Por lo tanto, el m\u00e9todo de alimentaci\u00f3n y descarga del tornillo es m\u00e1s limpio y eficiente. Y la tuber\u00eda de descarga tiene un efecto de enfriamiento de circulaci\u00f3n de agua de doble capa. La temperatura del producto terminado es de alrededor de 35 grados.<\/p> <\/div> <\/div>    <div class=\"wp-block-columns has-background is-layout-flex wp-container-core-columns-is-layout-28f84493 wp-block-columns-is-layout-flex\" style=\"background-color:#f1f1f1\"> <div class=\"wp-block-column is-vertically-aligned-center is-layout-flow wp-block-column-is-layout-flow\" style=\"flex-basis:33.33%\"> <p class=\"translation-block\"><strong>Quemador<\/strong><\/p>    <p>La estufa de carb\u00f3n con c\u00e1scara de arroz tiene buena estanqueidad, muchos encendedores y una velocidad de calentamiento r\u00e1pida. Debe encenderse con gas licuado. Por tanto, todo el proceso de producci\u00f3n es respetuoso con el medio ambiente.<\/p> <\/div>    <div class=\"wp-block-column is-layout-flow wp-block-column-is-layout-flow\" style=\"flex-basis:66.66%\"> <figure class=\"wp-block-gallery has-nested-images columns-default is-cropped wp-block-gallery-7 is-layout-flex wp-block-gallery-is-layout-flex\"> <figure class=\"wp-block-image size-large\"><img loading=\"lazy\" decoding=\"async\" width=\"720\" height=\"540\" data-id=\"2296\" src=\"https:\/\/charcoalplant.com\/wp-content\/uploads\/2022\/02\/burner.jpg\" alt=\"\" class=\"wp-image-2296\"\/><\/figure> <\/figure> <\/div> <\/div>    <div class=\"wp-block-columns has-background is-layout-flex wp-container-core-columns-is-layout-28f84493 wp-block-columns-is-layout-flex\" style=\"background-color:#f1f1f1\"> <div class=\"wp-block-column is-layout-flow wp-block-column-is-layout-flow\" style=\"flex-basis:66.66%\"> <figure class=\"wp-block-gallery has-nested-images columns-default is-cropped wp-block-gallery-8 is-layout-flex wp-block-gallery-is-layout-flex\"> <figure class=\"wp-block-image size-large\"><img loading=\"lazy\" decoding=\"async\" width=\"960\" height=\"1012\" data-id=\"2297\" src=\"https:\/\/charcoalplant.com\/wp-content\/uploads\/2022\/02\/distribution-Cabinet.jpg\" alt=\"\" class=\"wp-image-2297\"\/><\/figure> <\/figure> <\/div>    <div class=\"wp-block-column is-vertically-aligned-center is-layout-flow wp-block-column-is-layout-flow\" style=\"flex-basis:33.33%\"> <p class=\"translation-block\"><strong>Gabinete de distribuci\u00f3n<\/strong><\/p>    <p>Hay varios botones en el gabinete de distribuci\u00f3n de energ\u00eda de la unidad del horno de carbonizaci\u00f3n. Los clientes no solo pueden ver la presi\u00f3n, la corriente y la temperatura del aire dentro y fuera del horno. Y arranque con un solo bot\u00f3n, regulaci\u00f3n manual de velocidad.<\/p> <\/div> <\/div>    <div class=\"wp-block-columns has-background is-layout-flex wp-container-core-columns-is-layout-28f84493 wp-block-columns-is-layout-flex\" style=\"background-color:#f1f1f1\"> <div class=\"wp-block-column is-vertically-aligned-center is-layout-flow wp-block-column-is-layout-flow\" style=\"flex-basis:33.33%\"> <p class=\"translation-block\"><strong>Motorreductor<\/strong><\/p>    <p>Controle la velocidad de la m\u00e1quina principal: si la materia prima es dura, puede reducir la velocidad de la m\u00e1quina principal para prolongar el tiempo de carbonizaci\u00f3n. Si la materia prima est\u00e1 ligeramente blanda, puede aumentar la velocidad para acortar el tiempo de carbonizaci\u00f3n.<\/p> <\/div>    <div class=\"wp-block-column is-layout-flow wp-block-column-is-layout-flow\" style=\"flex-basis:66.66%\"> <figure class=\"wp-block-gallery has-nested-images columns-default is-cropped wp-block-gallery-9 is-layout-flex wp-block-gallery-is-layout-flex\"> <figure class=\"wp-block-image size-large\"><img loading=\"lazy\" decoding=\"async\" width=\"720\" height=\"540\" data-id=\"1141\" src=\"https:\/\/charcoalplant.com\/wp-content\/uploads\/2021\/12\/Geared-motor-2-1.jpg\" alt=\"motorreductor-2\" class=\"wp-image-1141\" srcset=\"https:\/\/charcoalplant.com\/wp-content\/uploads\/2021\/12\/Geared-motor-2-1.jpg 720w, https:\/\/charcoalplant.com\/wp-content\/uploads\/2021\/12\/Geared-motor-2-1-300x225.jpg 300w\" sizes=\"auto, (max-width: 720px) 100vw, 720px\" \/><figcaption class=\"wp-element-caption\">motorreductor-2<\/figcaption><\/figure> <\/figure> <\/div> <\/div>    <h2 class=\"wp-block-heading\" id=\"h-how-is-biomass-carbonized\"><strong>\u00bfC\u00f3mo se carboniza la biomasa?<\/strong><\/h2>    <p>Cuando el horno de carbonizaci\u00f3n de biomasa alcanza una determinada temperatura, los materiales dentro del horno comienzan a deshumidificarse. Cuando la temperatura alcanza unos 300 grados, el material comienza a carbonizarse. Todos conocemos las tres condiciones que satisfacen la combusti\u00f3n de objetos: una fuente de calor, material combustible y ox\u00edgeno. Porque el horno de carbonizaci\u00f3n de biomasa es casi un espacio cerrado, es decir, un ambiente libre de ox\u00edgeno. Por tanto, se produce la carbonizaci\u00f3n de la materia prima en el cuerpo del horno.<\/p>    <figure class=\"wp-block-gallery has-nested-images columns-default is-cropped wp-block-gallery-10 is-layout-flex wp-block-gallery-is-layout-flex\"> <figure class=\"wp-block-image size-large\"><img loading=\"lazy\" decoding=\"async\" width=\"720\" height=\"540\" data-id=\"1800\" src=\"https:\/\/charcoalplant.com\/wp-content\/uploads\/2022\/01\/natural-coconut-charcoal.jpg\" alt=\"carb\u00f3n-de-coco-natural\" class=\"wp-image-1800\" srcset=\"https:\/\/charcoalplant.com\/wp-content\/uploads\/2022\/01\/natural-coconut-charcoal.jpg 720w, https:\/\/charcoalplant.com\/wp-content\/uploads\/2022\/01\/natural-coconut-charcoal-300x225.jpg 300w\" sizes=\"auto, (max-width: 720px) 100vw, 720px\" \/><figcaption class=\"wp-element-caption\">carb\u00f3n-de-coco-natural<\/figcaption><\/figure>    <figure class=\"wp-block-image size-large\"><img loading=\"lazy\" decoding=\"async\" width=\"720\" height=\"540\" data-id=\"1802\" src=\"https:\/\/charcoalplant.com\/wp-content\/uploads\/2021\/12\/rice-husk-charcoal_.jpg\" alt=\"carb\u00f3n-cascarilla-de-arroz\" class=\"wp-image-1802\" srcset=\"https:\/\/charcoalplant.com\/wp-content\/uploads\/2021\/12\/rice-husk-charcoal_.jpg 720w, https:\/\/charcoalplant.com\/wp-content\/uploads\/2021\/12\/rice-husk-charcoal_-300x225.jpg 300w\" sizes=\"auto, (max-width: 720px) 100vw, 720px\" \/><figcaption class=\"wp-element-caption\">carb\u00f3n-cascarilla-de-arroz<\/figcaption><\/figure> <\/figure>    <h2 class=\"wp-block-heading\" id=\"parameters-of-continuous-carbonization-furnace\"><strong>Par\u00e1metros del horno de carbonizaci\u00f3n continua<\/strong><\/h2>    <p>El nombre del modelo de la m\u00e1quina para fabricar carb\u00f3n vegetal de c\u00e1scara de coco y el di\u00e1metro de su cuerpo principal. El di\u00e1metro de su cuerpo es personalizable. Para satisfacer las necesidades de los clientes, nuestra f\u00e1brica puede producir hornos de carbonizaci\u00f3n fabricados con cuerpos de horno de acero inoxidable.<\/p>    <figure class=\"wp-block-table is-style-stripes\"><table><tbody><tr><td>Modelo<\/td><td>SL-CF800<\/td><td>SL-CF1000<\/td><td>SL-CF1200<\/td><\/tr><tr><td>Di\u00e1metro (mm)<\/td><td>800<\/td><td>1000<\/td><td>1200<\/td><\/tr><tr><td>Capacidad (kg\/h)<\/td><td>400-600<\/td><td>800-1000<\/td><td>1200-1500<\/td><\/tr><tr><td>Potencia principal (kilovatios)<\/td><td>18.5<\/td><td>18.5<\/td><td>20<\/td><\/tr><tr><td>Temperatura de carbonizaci\u00f3n (\u2103)<\/td><td>500-800<\/td><td>500-800<\/td><td>500-800<\/td><\/tr><tr><td>Potencia del ventilador (kilovatios)<\/td><td>5.5<\/td><td>5.5<\/td><td>5.5<\/td><\/tr><\/tbody><\/table><\/figure>    <h2 class=\"wp-block-heading\" id=\"video-of-rotary-peanut-shell-charcoal-furnace\"><strong>Video del horno rotatorio de carb\u00f3n vegetal con c\u00e1scara de man\u00ed<\/strong><\/h2>    <p>A continuaci\u00f3n se muestra un video de un fabricante que utiliza un horno de carbonizaci\u00f3n continua para producir carb\u00f3n vegetal con c\u00e1scara de man\u00ed. Bienvenido a verlo y suscribirse.<\/p>    <figure class=\"wp-block-embed is-type-video is-provider-youtube wp-block-embed-youtube wp-embed-aspect-16-9 wp-has-aspect-ratio\"><div class=\"wp-block-embed__wrapper\"> <iframe loading=\"lazy\" title=\"Horno de carb\u00f3n de coco | Planta rotativa de equipos de carbonizaci\u00f3n #Ricehuskcharcoal#Affordable\" width=\"500\" height=\"281\" src=\"https:\/\/www.youtube.com\/embed\/dmKFCdtEptc?feature=oembed\" frameborder=\"0\" allow=\"accelerometer; autoplay; clipboard-write; encrypted-media; gyroscope; picture-in-picture; web-share\" referrerpolicy=\"strict-origin-when-cross-origin\" allowfullscreen><\/iframe> <\/div><\/figure>    <h2 class=\"wp-block-heading\" id=\"h-finished-product-of-coconut-charcoal-furnace\"><strong>Producto terminado de la m\u00e1quina para fabricar carb\u00f3n de coco<\/strong><\/h2>    <figure class=\"wp-block-gallery has-nested-images columns-default is-cropped wp-block-gallery-11 is-layout-flex wp-block-gallery-is-layout-flex\"> <figure class=\"wp-block-image size-large\"><img loading=\"lazy\" decoding=\"async\" width=\"720\" height=\"540\" data-id=\"2299\" src=\"https:\/\/charcoalplant.com\/wp-content\/uploads\/2022\/02\/Finished-product-of-rotary-carbonization-furnace.jpg\" alt=\"Producto-terminado-de-horno-rotativo-de-carbonizaci\u00f3n\" class=\"wp-image-2299\"\/><figcaption class=\"wp-element-caption\">Producto-terminado-de-horno-rotativo-de-carbonizaci\u00f3n<\/figcaption><\/figure>    <figure class=\"wp-block-image size-large\"><img loading=\"lazy\" decoding=\"async\" width=\"720\" height=\"540\" data-id=\"2298\" src=\"https:\/\/charcoalplant.com\/wp-content\/uploads\/2022\/02\/charcoal-briquette.jpg\" alt=\"briquetas de carb\u00f3n\" class=\"wp-image-2298\"\/><figcaption class=\"wp-element-caption\">briquetas de carb\u00f3n<\/figcaption><\/figure> <\/figure>    <p class=\"translation-block\">Las materias primas sueltas como el serr\u00edn y las c\u00e1scaras de arroz se secan, carbonizan y enfr\u00edan para convertirse en el carb\u00f3n requerido. Por lo tanto, los clientes pueden vender directamente productos terminados como carb\u00f3n de c\u00e1scara de arroz, carb\u00f3n de c\u00e1scara de coco, carb\u00f3n de paja y carb\u00f3n de c\u00e1scara de fruta. Los clientes tambi\u00e9n pueden usarlos para moler y fabricar <strong><a href=\"https:\/\/charcoalplant.com\/es\/charcoal-briquetting-machine\/charcoal-powder-briquette-machine\/\">briquetas de carb\u00f3n<\/a><\/strong>. Esto crea un mayor valor. Debido a que el material de carb\u00f3n producido por el horno de carbonizaci\u00f3n rotatoria es limpio, no t\u00f3xico, sin humo, con alta energ\u00eda t\u00e9rmica, tiene un buen mercado y amplias perspectivas.<\/p>","protected":false},"excerpt":{"rendered":"<p>El horno de carbonizaci\u00f3n rotatorio tambi\u00e9n se llama horno de carbonizaci\u00f3n de biomasa. Su materia prima son principalmente residuos agr\u00edcolas y forestales.<\/p>","protected":false},"author":1,"featured_media":1146,"parent":0,"template":"","tags":[65],"product-type":[4],"class_list":["post-1127","product","type-product","status-publish","has-post-thumbnail","hentry","tag-carbonization-furnace","product-type-carbonization-furnace"],"_links":{"self":[{"href":"https:\/\/charcoalplant.com\/es\/wp-json\/wp\/v2\/product\/1127","targetHints":{"allow":["GET"]}}],"collection":[{"href":"https:\/\/charcoalplant.com\/es\/wp-json\/wp\/v2\/product"}],"about":[{"href":"https:\/\/charcoalplant.com\/es\/wp-json\/wp\/v2\/types\/product"}],"author":[{"embeddable":true,"href":"https:\/\/charcoalplant.com\/es\/wp-json\/wp\/v2\/users\/1"}],"wp:featuredmedia":[{"embeddable":true,"href":"https:\/\/charcoalplant.com\/es\/wp-json\/wp\/v2\/media\/1146"}],"wp:attachment":[{"href":"https:\/\/charcoalplant.com\/es\/wp-json\/wp\/v2\/media?parent=1127"}],"wp:term":[{"taxonomy":"post_tag","embeddable":true,"href":"https:\/\/charcoalplant.com\/es\/wp-json\/wp\/v2\/tags?post=1127"},{"taxonomy":"product-type","embeddable":true,"href":"https:\/\/charcoalplant.com\/es\/wp-json\/wp\/v2\/product-type?post=1127"}],"curies":[{"name":"wp","href":"https:\/\/api.w.org\/{rel}","templated":true}]}}