{"id":1152,"date":"2021-12-04T08:25:45","date_gmt":"2021-12-04T08:25:45","guid":{"rendered":"https:\/\/charcoalplant.com\/?p=1152"},"modified":"2023-06-16T14:50:02","modified_gmt":"2023-06-16T06:50:02","slug":"charcoal-making-machine-3","status":"publish","type":"product","link":"https:\/\/charcoalplant.com\/es\/charcoal-making-machine\/","title":{"rendered":"L\u00ednea de producci\u00f3n de carb\u00f3n"},"content":{"rendered":"<div class=\"kk-star-ratings kksr-auto kksr-align-left kksr-valign-top\"     data-payload='{&quot;align&quot;:&quot;left&quot;,&quot;id&quot;:&quot;1152&quot;,&quot;slug&quot;:&quot;default&quot;,&quot;valign&quot;:&quot;top&quot;,&quot;ignore&quot;:&quot;&quot;,&quot;reference&quot;:&quot;auto&quot;,&quot;class&quot;:&quot;&quot;,&quot;count&quot;:&quot;27&quot;,&quot;legendonly&quot;:&quot;&quot;,&quot;readonly&quot;:&quot;&quot;,&quot;score&quot;:&quot;4.9&quot;,&quot;starsonly&quot;:&quot;&quot;,&quot;best&quot;:&quot;5&quot;,&quot;gap&quot;:&quot;5&quot;,&quot;greet&quot;:&quot;Rate this product&quot;,&quot;legend&quot;:&quot;4.9\\\/5 - (27 votos)&quot;,&quot;size&quot;:&quot;24&quot;,&quot;title&quot;:&quot;Charcoal Production Line&quot;,&quot;width&quot;:&quot;139.6&quot;,&quot;_legend&quot;:&quot;{score}\\\/{best} - ({count} {votes})&quot;,&quot;font_factor&quot;:&quot;1.25&quot;}'>              <div class=\"kksr-stars\">      <div class=\"kksr-stars-inactive\">             <div class=\"kksr-star\" data-star=\"1\" style=\"padding-right: 5px\">               <div class=\"kksr-icon\" style=\"width: 24px; height: 24px;\"><\/div>         <\/div>             <div class=\"kksr-star\" data-star=\"2\" style=\"padding-right: 5px\">               <div class=\"kksr-icon\" style=\"width: 24px; height: 24px;\"><\/div>         <\/div>             <div class=\"kksr-star\" data-star=\"3\" style=\"padding-right: 5px\">               <div class=\"kksr-icon\" style=\"width: 24px; height: 24px;\"><\/div>         <\/div>             <div class=\"kksr-star\" data-star=\"4\" style=\"padding-right: 5px\">               <div class=\"kksr-icon\" style=\"width: 24px; height: 24px;\"><\/div>         <\/div>             <div class=\"kksr-star\" data-star=\"5\" style=\"padding-right: 5px\">               <div class=\"kksr-icon\" style=\"width: 24px; height: 24px;\"><\/div>         <\/div>     <\/div>      <div class=\"kksr-stars-active\" style=\"width: 139.6px;\">             <div class=\"kksr-star\" style=\"padding-right: 5px\">               <div class=\"kksr-icon\" style=\"width: 24px; height: 24px;\"><\/div>         <\/div>             <div class=\"kksr-star\" style=\"padding-right: 5px\">               <div class=\"kksr-icon\" style=\"width: 24px; height: 24px;\"><\/div>         <\/div>             <div class=\"kksr-star\" style=\"padding-right: 5px\">               <div class=\"kksr-icon\" style=\"width: 24px; height: 24px;\"><\/div>         <\/div>             <div class=\"kksr-star\" style=\"padding-right: 5px\">               <div class=\"kksr-icon\" style=\"width: 24px; height: 24px;\"><\/div>         <\/div>             <div class=\"kksr-star\" style=\"padding-right: 5px\">               <div class=\"kksr-icon\" style=\"width: 24px; height: 24px;\"><\/div>         <\/div>     <\/div> <\/div>                   <div class=\"kksr-legend\" style=\"font-size: 19.2px;\">             4,9\/5 - (27 votos)    <\/div>     <\/div>  <p class=\"translation-block\"><strong>La l\u00ednea de producci\u00f3n de m\u00e1quinas de fabricaci\u00f3n de carb\u00f3n<\/strong> es un proceso de convertir la le\u00f1a, bamb\u00fa, briquetas de biomasa y otras materias primas en carb\u00f3n a trav\u00e9s de los pasos de trituraci\u00f3n, secado, briquetado y carbonizaci\u00f3n. Debido a la alta dureza, el largo tiempo de combusti\u00f3n y las caracter\u00edsticas no contaminantes del carb\u00f3n generado por m\u00e1quina, ha desatado una ola en el mundo. Proporcionaremos a los <strong><a href=\"https:\/\/charcoalplant.com\/es\/info\/sawdust-briquette-charcoal-production-line-sent-to-myanmar\/\">clientes<\/a><\/strong> equipos de purificaci\u00f3n de gases de combusti\u00f3n para garantizar que la producci\u00f3n cumpla con el \u00edndice de protecci\u00f3n ambiental. Una l\u00ednea de producci\u00f3n de briquetas de aserr\u00edn es una inversi\u00f3n f\u00e1cil y rentable. Por lo tanto, si desea invertir en equipos de m\u00e1quinas de carb\u00f3n, le invitamos a consultar. Cont\u00e1ctenos ahora para obtener los \u00faltimos par\u00e1metros de equipo.<\/p>    <figure class=\"wp-block-image aligncenter size-full\"><img loading=\"lazy\" decoding=\"async\" width=\"720\" height=\"540\" src=\"https:\/\/charcoalplant.com\/wp-content\/uploads\/2021\/12\/Charcoal-production-line-1.jpg\" alt=\"L\u00ednea de producci\u00f3n de carb\u00f3n\" class=\"wp-image-54\" srcset=\"https:\/\/charcoalplant.com\/wp-content\/uploads\/2021\/12\/Charcoal-production-line-1.jpg 720w, https:\/\/charcoalplant.com\/wp-content\/uploads\/2021\/12\/Charcoal-production-line-1-300x225.jpg 300w\" sizes=\"auto, (max-width: 720px) 100vw, 720px\" \/><figcaption class=\"wp-element-caption\">l\u00ednea de producci\u00f3n de carb\u00f3n para la venta<\/figcaption><\/figure>    <h2 class=\"wp-block-heading\" id=\"h-charcoal-making-machine-workflow\"><strong>Flujo de trabajo de la m\u00e1quina para fabricar carb\u00f3n<\/strong><strong><\/strong><\/h2>    <p class=\"translation-block\">El proceso de la l\u00ednea de producci\u00f3n de carb\u00f3n es muy simple. Principalmente incluye los siguientes pasos: <strong>trituraci\u00f3n \u2013 secado \u2013 briquetado \u2013 carbonizaci\u00f3n<\/strong>. Y hay un dispositivo de transporte entre cada paso. Por lo tanto, los clientes de la f\u00e1brica de carb\u00f3n no necesitan invertir mucho en mano de obra; 3-5 personas pueden realizar la producci\u00f3n.<\/p>    <figure class=\"wp-block-image aligncenter size-full\"><img loading=\"lazy\" decoding=\"async\" width=\"720\" height=\"540\" src=\"https:\/\/charcoalplant.com\/wp-content\/uploads\/2021\/12\/charcoal-making-machine-workflow-1.jpg\" alt=\"flujo de trabajo de la m\u00e1quina para fabricar carb\u00f3n\" class=\"wp-image-1155\" srcset=\"https:\/\/charcoalplant.com\/wp-content\/uploads\/2021\/12\/charcoal-making-machine-workflow-1.jpg 720w, https:\/\/charcoalplant.com\/wp-content\/uploads\/2021\/12\/charcoal-making-machine-workflow-1-300x225.jpg 300w\" sizes=\"auto, (max-width: 720px) 100vw, 720px\" \/><figcaption class=\"wp-element-caption\">flujo de trabajo de la m\u00e1quina para fabricar carb\u00f3n<\/figcaption><\/figure>    <h2 class=\"wp-block-heading\" id=\"h-charcoal-production-line-structure\"><strong>Estructura de la l\u00ednea de producci\u00f3n de carb\u00f3n.<\/strong><strong><\/strong><\/h2>    <p>El equipo correspondiente para el proceso de trabajo de la m\u00e1quina de fabricaci\u00f3n de carb\u00f3n vegetal es una trituradora de madera, un secador de aserr\u00edn, una briquetadora de biomasa y un horno de carbonizaci\u00f3n. Estos equipos son el equipo b\u00e1sico para fabricar carb\u00f3n vegetal.<\/p>    <div class=\"wp-block-media-text is-stacked-on-mobile is-vertically-aligned-center has-background\" style=\"background-color:#f1f1f1;grid-template-columns:36% auto\"><figure class=\"wp-block-media-text__media\"><img loading=\"lazy\" decoding=\"async\" width=\"720\" height=\"540\" src=\"https:\/\/charcoalplant.com\/wp-content\/uploads\/2021\/11\/Wood-crusher-machine-1-1.jpg\" alt=\"maquina trituradora de madera\" class=\"wp-image-923 size-full\" srcset=\"https:\/\/charcoalplant.com\/wp-content\/uploads\/2021\/11\/Wood-crusher-machine-1-1.jpg 720w, https:\/\/charcoalplant.com\/wp-content\/uploads\/2021\/11\/Wood-crusher-machine-1-1-300x225.jpg 300w\" sizes=\"auto, (max-width: 720px) 100vw, 720px\" \/><\/figure><div class=\"wp-block-media-text__content\"> <h3 class=\"wp-block-heading\"><strong>1. Trituradora de madera <\/strong>(aplastante) <\/h3>    <p>La trituradora de madera es un dispositivo que rompe algunas ramas, tablas de madera maciza, bamb\u00fa y otras materias primas en peque\u00f1as astillas de madera. Porque el tama\u00f1o de las astillas de madera necesarias para producir carb\u00f3n vegetal es de 3 a 5 mm. Por eso las trituradoras de madera son muy importantes. <\/p> <\/div><\/div>    <p><\/p>    <div class=\"wp-block-media-text is-stacked-on-mobile is-vertically-aligned-center has-background\" style=\"background-color:#f1f1f1;grid-template-columns:36% auto\"><figure class=\"wp-block-media-text__media\"><img loading=\"lazy\" decoding=\"async\" width=\"720\" height=\"540\" src=\"https:\/\/charcoalplant.com\/wp-content\/uploads\/2021\/11\/Rice-husk-dryer-1.jpg\" alt=\"Secador de cascarilla de arroz\" class=\"wp-image-960 size-full\" srcset=\"https:\/\/charcoalplant.com\/wp-content\/uploads\/2021\/11\/Rice-husk-dryer-1.jpg 720w, https:\/\/charcoalplant.com\/wp-content\/uploads\/2021\/11\/Rice-husk-dryer-1-300x225.jpg 300w\" sizes=\"auto, (max-width: 720px) 100vw, 720px\" \/><\/figure><div class=\"wp-block-media-text__content\"> <h3 class=\"wp-block-heading\"><strong>2. Secadora de aserr\u00edn<\/strong>&nbsp;(el secado)<\/h3>    <p class=\"translation-block\">Debido a que la producci\u00f3n de tiras de biomasa requiere la humedad del aserr\u00edn. Por lo tanto, el cliente debe elegir una<a href=\"https:\/\/charcoalplant.com\/es\/rice-husk-dryer\/\"> <strong>secadora de aserr\u00edn<\/strong><\/a> para reducir la humedad del aserr\u00edn a about 10%. Este paso tambi\u00e9n garantiza la calidad del carb\u00f3n producido. Nuestra f\u00e1brica ofrece secadoras rotativas y secadoras de flujo de aire. Adem\u00e1s de combustibles como madera y carb\u00f3n, sus fuentes de calor pueden alimentarse tambi\u00e9n con gas natural.<\/p> <\/div><\/div>    <p><\/p>    <div class=\"wp-block-media-text is-stacked-on-mobile is-vertically-aligned-center has-background\" style=\"background-color:#f1f1f1;grid-template-columns:36% auto\"><figure class=\"wp-block-media-text__media\"><img loading=\"lazy\" decoding=\"async\" width=\"720\" height=\"540\" src=\"https:\/\/charcoalplant.com\/wp-content\/uploads\/2022\/02\/sawdust-biomass-briquette-machine.jpg\" alt=\"\" class=\"wp-image-2380 size-full\"\/><\/figure><div class=\"wp-block-media-text__content\"> <h3 class=\"wp-block-heading\"><strong>3. M\u00e1quina de briquetas de biomasa<\/strong>&nbsp;(fabricaci\u00f3n de varillas) <\/h3>    <p class=\"translation-block\">La <a href=\"https:\/\/charcoalplant.com\/es\/sawdust-briquette-machine\/\"><strong>m\u00e1quina de briquetas de biomasa<\/strong><\/a> puede convertir el aserr\u00edn seco en varillas de madera huecas. Es uno de los equipos principales en la m\u00e1quina de producci\u00f3n de carb\u00f3n. La calidad del carb\u00f3n depende de la varilla de biomasa en s\u00ed. Por lo tanto, al usar la m\u00e1quina de briquetas de aserr\u00edn, la m\u00e1quina debe ser ajustada primero. La f\u00e1brica Shuliy enviar\u00e1 t\u00e9cnicos para asistir y guiar. <\/p> <\/div><\/div>    <p><\/p>    <div class=\"wp-block-media-text is-stacked-on-mobile has-background\" style=\"background-color:#f1f1f1;grid-template-columns:36% auto\"><figure class=\"wp-block-media-text__media\"><img loading=\"lazy\" decoding=\"async\" width=\"720\" height=\"540\" src=\"https:\/\/charcoalplant.com\/wp-content\/uploads\/2021\/12\/Vertical-carbonization-furnace-Production-line-1.jpg\" alt=\"\" class=\"wp-image-38 size-full\" srcset=\"https:\/\/charcoalplant.com\/wp-content\/uploads\/2021\/12\/Vertical-carbonization-furnace-Production-line-1.jpg 720w, https:\/\/charcoalplant.com\/wp-content\/uploads\/2021\/12\/Vertical-carbonization-furnace-Production-line-1-300x225.jpg 300w\" sizes=\"auto, (max-width: 720px) 100vw, 720px\" \/><\/figure><div class=\"wp-block-media-text__content\"> <h3 class=\"wp-block-heading\"><strong>4. <a href=\"https:\/\/charcoalplant.com\/es\/product\/carbonization-furnace\/\">horno de carbonizaci\u00f3n<\/a><\/strong>&nbsp;(carbonizaci\u00f3n)<\/h3>    <p class=\"translation-block\">Este es el \u00faltimo paso de todo el proceso. Proporcionamos<a href=\"https:\/\/charcoalplant.com\/es\/vertical-carbonization-furnace\/\"><strong> hornos de carbonizaci\u00f3n vertical<\/strong><\/a> y m\u00e1quina de carbonizaci\u00f3n horizontal. Pueden carbonizar madera cruda, bamb\u00fa, madera de fruta y otros materiales. El horno de carbonizaci\u00f3n vertical adopta tecnolog\u00eda de doble tanque interna y externa. Por lo tanto, puede satisfacer mejor la gran producci\u00f3n de carb\u00f3n y es conveniente y flexible.<\/p> <\/div><\/div>    <h2 class=\"wp-block-heading\" id=\"h-three-systems-of-charcoal-making-machine\"><strong>Tres sistemas de m\u00e1quina para fabricar carb\u00f3n vegetal.<\/strong><\/h2>    <div class=\"wp-block-media-text is-stacked-on-mobile has-background\" style=\"background-color:#f1f1f1;grid-template-columns:37% auto\"><figure class=\"wp-block-media-text__media\"><img loading=\"lazy\" decoding=\"async\" width=\"720\" height=\"540\" src=\"https:\/\/charcoalplant.com\/wp-content\/uploads\/2022\/03\/screw-conveyor-1.jpg\" alt=\"tornillo transportador\" class=\"wp-image-2673 size-full\"\/><\/figure><div class=\"wp-block-media-text__content\"> <p class=\"translation-block\"><strong>Sistema de alimentaci\u00f3n<\/strong> <\/p>    <p>Debido a la forma peque\u00f1a y las caracter\u00edsticas sueltas del aserr\u00edn, el sistema de alimentaci\u00f3n de la m\u00e1quina para fabricar carb\u00f3n elige un alimentador de tornillo. Se caracteriza por una alimentaci\u00f3n cerrada y uniforme. Disponemos de tubos en forma de U y redondos. El tubo en forma de U est\u00e1 dise\u00f1ado para ser desmontable. Por tanto, tambi\u00e9n es m\u00e1s flexible. <\/p> <\/div><\/div>    <p><\/p>    <div class=\"wp-block-media-text is-stacked-on-mobile is-vertically-aligned-center has-background\" style=\"background-color:#f1f1f1;grid-template-columns:37% auto\"><figure class=\"wp-block-media-text__media\"><img loading=\"lazy\" decoding=\"async\" width=\"720\" height=\"540\" src=\"https:\/\/charcoalplant.com\/wp-content\/uploads\/2022\/03\/sawdust-collector-1.jpg\" alt=\"recolector de aserr\u00edn\" class=\"wp-image-2675 size-full\"\/><\/figure><div class=\"wp-block-media-text__content\"> <p class=\"translation-block\"><strong>Sistema de eliminaci\u00f3n de polvo<\/strong> <\/p>    <p>Por un lado, puede recoger el aserr\u00edn y el polvo por separado para garantizar un entorno higi\u00e9nico en la f\u00e1brica. Por otro lado, tambi\u00e9n desempe\u00f1a un papel en el enfriamiento del material. Incluye agitador, tuber\u00edas, bolsa guardapolvo y ventilador de tiro inducido. <\/p> <\/div><\/div>    <p><\/p>    <div class=\"wp-block-media-text is-stacked-on-mobile is-vertically-aligned-center has-background\" style=\"background-color:#f1f1f1;grid-template-columns:37% auto\"><figure class=\"wp-block-media-text__media\"><img loading=\"lazy\" decoding=\"async\" width=\"720\" height=\"540\" src=\"https:\/\/charcoalplant.com\/wp-content\/uploads\/2021\/12\/High-voltage-static-electricity-of-vertical-carbonization-furnace-1.jpg\" alt=\"\" class=\"wp-image-1054 size-full\" srcset=\"https:\/\/charcoalplant.com\/wp-content\/uploads\/2021\/12\/High-voltage-static-electricity-of-vertical-carbonization-furnace-1.jpg 720w, https:\/\/charcoalplant.com\/wp-content\/uploads\/2021\/12\/High-voltage-static-electricity-of-vertical-carbonization-furnace-1-300x225.jpg 300w\" sizes=\"auto, (max-width: 720px) 100vw, 720px\" \/><\/figure><div class=\"wp-block-media-text__content\"> <p class=\"translation-block\"><strong>Sistema de purificaci\u00f3n<\/strong> <\/p>    <p>La purificaci\u00f3n aqu\u00ed es principalmente para los gases de combusti\u00f3n producidos durante el procesamiento de las materias primas de la m\u00e1quina de fabricaci\u00f3n de carb\u00f3n vegetal. Debido a la operaci\u00f3n a alta temperatura en la l\u00ednea de producci\u00f3n de carb\u00f3n vegetal, la producci\u00f3n de gases de combusti\u00f3n durante el proceso de producci\u00f3n es inevitable. Existen estrictas normas internacionales sobre emisiones de gases de combusti\u00f3n de f\u00e1bricas. Afortunadamente, nuestro sistema de eliminaci\u00f3n de humo puede eliminar el humo de forma eficaz. <\/p> <\/div><\/div>    <p>Para secadores y hornos de carbonizaci\u00f3n, proporcionamos tanques de eliminaci\u00f3n de humos. Proporcionamos campanas de extracci\u00f3n de humos para m\u00e1quinas de fabricaci\u00f3n de varillas. Tanto las latas de eliminaci\u00f3n de humo como las campanas de eliminaci\u00f3n de humo se pueden combinar con dispositivos electrost\u00e1ticos de alto voltaje para lograr el mejor efecto de eliminaci\u00f3n de humo.<\/p>    <h2 class=\"wp-block-heading\" id=\"h-auto-charcoal-factory-features\"><strong>Caracter\u00edsticas de la f\u00e1brica de fabricaci\u00f3n de carb\u00f3n para autom\u00f3viles.<\/strong><\/h2>    <p>1. Alto grado de automatizaci\u00f3n y ahorro de mano de obra.<\/p>    <p>2. Ahorro de energ\u00eda y protecci\u00f3n del medio ambiente.<\/p>    <p>3. Buena calidad, funcionamiento sencillo y rendimiento estable.<\/p>    <p>4. F\u00e1cil acceso a materias primas, baja inversi\u00f3n y alto retorno.<\/p>    <p>5. La producci\u00f3n es grande y la demanda de productos terminados es grande.<\/p>    <p>6. Precio asequible, muchas especificaciones.<\/p>    <figure class=\"wp-block-image aligncenter size-full\"><img loading=\"lazy\" decoding=\"async\" width=\"720\" height=\"540\" src=\"https:\/\/charcoalplant.com\/wp-content\/uploads\/2022\/03\/charcoal-machine-plant.jpg\" alt=\"planta de m\u00e1quina de carb\u00f3n\" class=\"wp-image-2684\"\/><figcaption class=\"wp-element-caption\">planta de m\u00e1quina de carb\u00f3n<\/figcaption><\/figure>    <h2 class=\"wp-block-heading\" id=\"h-5t-charcoal-processing-line-equipment-recommendation\"><strong>Recomendaci\u00f3n de m\u00e1quina de l\u00ednea de procesamiento de carb\u00f3n 5t<\/strong><\/h2>    <p>El siguiente equipo se agrega a la estructura b\u00e1sica de la m\u00e1quina briquetadora de carb\u00f3n como referencia.<\/p>    <h3 class=\"wp-block-heading\"><strong>Trituradora<\/strong><strong><\/strong><\/h3>    <p class=\"translation-block\">Si su materia prima son troncos grandes, le recomendamos que elija <strong><a href=\"https:\/\/charcoalplant.com\/es\/drum-chipper\/\">trituradores de tambor<\/a><\/strong> y <strong><a href=\"https:\/\/charcoalplant.com\/es\/hammer-mill\/\">molinos de martillos<\/a><\/strong>. Estas dos m\u00e1quinas son equipos de trituraci\u00f3n de alta eficiencia con gran capacidad. Si su materia prima son virutas de madera, le recomendamos que elija una criba de rodillo. Las materias primas seTransportan por la cinta transportadora a la criba de rodillo para eliminar serr\u00edn de 3-5 mm.<\/p>    <h3 class=\"wp-block-heading\"><strong>alimentador de tornillo<\/strong><strong><\/strong><\/h3>    <p>Su funci\u00f3n es distribuir uniformemente el aserr\u00edn a la m\u00e1quina fabricadora de varillas de aserr\u00edn. Su tama\u00f1o depende de la cantidad de m\u00e1quinas para fabricar varillas que elija. Por tanto es personalizable.<\/p>    <figure class=\"wp-block-image aligncenter size-full\"><img loading=\"lazy\" decoding=\"async\" width=\"720\" height=\"540\" src=\"https:\/\/charcoalplant.com\/wp-content\/uploads\/2022\/03\/charcoal-machine-production-line-3.jpg\" alt=\"l\u00ednea de producci\u00f3n de m\u00e1quinas de carb\u00f3n\" class=\"wp-image-2693\"\/><figcaption class=\"wp-element-caption\">l\u00ednea de producci\u00f3n de m\u00e1quinas de carb\u00f3n<\/figcaption><\/figure>    <h3 class=\"wp-block-heading\"><strong>Campana de eliminaci\u00f3n de humos y cinta transportadora de malla.<\/strong><strong><\/strong><\/h3>    <p>Debido a que la temperatura es demasiado alta cuando se procesa la varilla de biomasa, es necesario elegir una cinta transportadora de metal para el transporte. Por un lado, la cinta transportadora de malla puede transportar los palitos de madera que se caen de la m\u00e1quina para fabricar palitos. Por otro lado, puede disipar el calor de la varilla de madera. La campana extractora de humos incluye principalmente un ventilador y un tanque de agua. Se instala encima de la cinta de malla para aspirar directamente el humo generado por la m\u00e1quina fabricadora de varillas.<\/p>    <figure class=\"wp-block-image aligncenter size-full\"><img loading=\"lazy\" decoding=\"async\" width=\"720\" height=\"540\" src=\"https:\/\/charcoalplant.com\/wp-content\/uploads\/2022\/03\/smoke-removal-hood.jpg\" alt=\"\" class=\"wp-image-2694\"\/><figcaption class=\"wp-element-caption\">campana-extraccion-de-humo<\/figcaption><\/figure>    <figure class=\"wp-block-gallery has-nested-images columns-default is-cropped wp-block-gallery-2 is-layout-flex wp-block-gallery-is-layout-flex\"> <figure class=\"wp-block-image size-large\"><img loading=\"lazy\" decoding=\"async\" width=\"720\" height=\"540\" data-id=\"1301\" src=\"https:\/\/charcoalplant.com\/wp-content\/uploads\/2021\/12\/Smoke-removal-hood-1.jpg\" alt=\"Campana extractora de humos\" class=\"wp-image-1301\" srcset=\"https:\/\/charcoalplant.com\/wp-content\/uploads\/2021\/12\/Smoke-removal-hood-1.jpg 720w, https:\/\/charcoalplant.com\/wp-content\/uploads\/2021\/12\/Smoke-removal-hood-1-300x225.jpg 300w\" sizes=\"auto, (max-width: 720px) 100vw, 720px\" \/><figcaption class=\"wp-element-caption\">Campana extractora de humos<\/figcaption><\/figure>    <figure class=\"wp-block-image size-large\"><img loading=\"lazy\" decoding=\"async\" width=\"720\" height=\"540\" data-id=\"1302\" src=\"https:\/\/charcoalplant.com\/wp-content\/uploads\/2021\/12\/mesh-belt-conveyor-1.jpg\" alt=\"cinta transportadora de malla\" class=\"wp-image-1302\" srcset=\"https:\/\/charcoalplant.com\/wp-content\/uploads\/2021\/12\/mesh-belt-conveyor-1.jpg 720w, https:\/\/charcoalplant.com\/wp-content\/uploads\/2021\/12\/mesh-belt-conveyor-1-300x225.jpg 300w\" sizes=\"auto, (max-width: 720px) 100vw, 720px\" \/><figcaption class=\"wp-element-caption\">cinta transportadora de malla<\/figcaption><\/figure> <\/figure>    <h2 class=\"wp-block-heading\" id=\"h-features-of-sawdust-briquetting-charcoal\"><strong>Caracter\u00edsticas del carb\u00f3n de briquetas de aserr\u00edn.<\/strong><\/h2>    <p>En comparaci\u00f3n con el carb\u00f3n, las ramas de los \u00e1rboles, la paja y otros combustibles, el carb\u00f3n vegetal elaborado a m\u00e1quina no solo tiene un alto rendimiento sino que tambi\u00e9n tiene una gran demanda. Es m\u00e1s aceptado por la gente. El carb\u00f3n vegetal elaborado a m\u00e1quina tiene las siguientes ventajas:<\/p>    <p>1. Buena calidad, altas ventas y buenos ingresos.<\/p>    <p>2. Seguro y libre de contaminaci\u00f3n.<\/p>    <p>3. Alto poder calor\u00edfico y largo tiempo de combusti\u00f3n.<\/p>    <p>4. La apariencia es hermosa y diversa.<\/p>    <figure class=\"wp-block-image aligncenter size-full\"><img loading=\"lazy\" decoding=\"async\" width=\"720\" height=\"540\" src=\"https:\/\/charcoalplant.com\/wp-content\/uploads\/2022\/03\/charcoal-making-machine-2.jpg\" alt=\"briquetas de carb\u00f3n\" class=\"wp-image-2678\"\/><figcaption class=\"wp-element-caption\">briquetas de carb\u00f3n<\/figcaption><\/figure>    <h2 class=\"wp-block-heading\" id=\"h-sawdust-briquette-making-machine-for-sale\"><strong>Venta de m\u00e1quina para fabricar briquetas de aserr\u00edn<\/strong><\/h2>    <p>Shuliy\u00a0Machinery es un fabricante especializado de extrusoras de carb\u00f3n. Vendemos trituradoras de madera, secadoras de aserr\u00edn, transportadores de tornillo, m\u00e1quinas para fabricar varillas de aserr\u00edn, etc. Adem\u00e1s, proporcionaremos soluciones de dise\u00f1o para su l\u00ednea de producci\u00f3n. Por lo tanto, bienvenido a conocer nuestros productos. Le proporcionaremos precios competitivos.<\/p>    <figure class=\"wp-block-gallery has-nested-images columns-default is-cropped wp-block-gallery-3 is-layout-flex wp-block-gallery-is-layout-flex\"> <figure class=\"wp-block-image size-full\"><img loading=\"lazy\" decoding=\"async\" width=\"720\" height=\"540\" data-id=\"2697\" src=\"https:\/\/charcoalplant.com\/wp-content\/uploads\/2022\/03\/charcoal-machine-for-sale-2.jpg\" alt=\"maquina de carbon para la venta\" class=\"wp-image-2697\"\/><figcaption class=\"wp-element-caption\">maquina de carbon para la venta<\/figcaption><\/figure>    <figure class=\"wp-block-image size-full\"><img loading=\"lazy\" decoding=\"async\" width=\"720\" height=\"540\" data-id=\"2698\" src=\"https:\/\/charcoalplant.com\/wp-content\/uploads\/2022\/03\/charcoal-production-line-shippment-2.jpg\" alt=\"env\u00edo de l\u00ednea de producci\u00f3n de carb\u00f3n\" class=\"wp-image-2698\"\/><figcaption class=\"wp-element-caption\">env\u00edo de l\u00ednea de producci\u00f3n de carb\u00f3n<\/figcaption><\/figure> <\/figure>    <h2 class=\"wp-block-heading\"><strong>Nuestros servicios<\/strong><\/h2>    <ul class=\"wp-block-list\"> <li>Podemos ofrecer a los clientes soluciones de l\u00ednea de producci\u00f3n de carb\u00f3n vegetal con diferentes rendimientos de carb\u00f3n vegetal. <\/li>    <li>Ayudamos a los clientes a instalar la m\u00e1quina y probarla de forma gratuita.<\/li>    <li>Nuestra f\u00e1brica puede dise\u00f1ar dibujos para los clientes. <\/li>    <li>Los clientes tambi\u00e9n pueden comprarnos piezas en cualquier momento.<\/li> <\/ul>    <h2 class=\"wp-block-heading\"><strong>\u00a1Cont\u00e1ctanos para iniciar tu negocio de fabricaci\u00f3n de carb\u00f3n vegetal!<\/strong><\/h2>    <p class=\"translation-block\">Adem\u00e1s de la maquinaria y el equipo, una l\u00ednea de producci\u00f3n de carb\u00f3n tambi\u00e9n requerir\u00e1 un equipo de trabajadores calificados para operar la maquinaria y supervisar el proceso de producci\u00f3n. Tambi\u00e9n se implementar\u00e1n medidas de control de calidad para garantizar que el producto final cumpla con los est\u00e1ndares necesarios. <a href=\"https:\/\/charcoalplant.com\/es\/\">La maquinaria Shuliy<\/a> es una f\u00e1brica profesional de m\u00e1quinas para hacer carb\u00f3n. Hay una fuerte capacidad de investigaci\u00f3n, dise\u00f1o, fabricaci\u00f3n e instalaci\u00f3n. Bienvenido a contactar a nuestros expertos para comenzar su proyecto lo antes posible. <\/p>    <h2 class=\"wp-block-heading\"><br><\/h2>","protected":false},"excerpt":{"rendered":"<p>La m\u00e1quina para fabricar carb\u00f3n es un dispositivo para producir carb\u00f3n triturando, secando, formando varillas y carbonizando troncos, bamb\u00fa, etc.<\/p>","protected":false},"author":1,"featured_media":1171,"parent":0,"template":"","tags":[59],"product-type":[53],"class_list":["post-1152","product","type-product","status-publish","has-post-thumbnail","hentry","tag-charcoal-briquetting-machine","product-type-product-line"],"_links":{"self":[{"href":"https:\/\/charcoalplant.com\/es\/wp-json\/wp\/v2\/product\/1152","targetHints":{"allow":["GET"]}}],"collection":[{"href":"https:\/\/charcoalplant.com\/es\/wp-json\/wp\/v2\/product"}],"about":[{"href":"https:\/\/charcoalplant.com\/es\/wp-json\/wp\/v2\/types\/product"}],"author":[{"embeddable":true,"href":"https:\/\/charcoalplant.com\/es\/wp-json\/wp\/v2\/users\/1"}],"wp:featuredmedia":[{"embeddable":true,"href":"https:\/\/charcoalplant.com\/es\/wp-json\/wp\/v2\/media\/1171"}],"wp:attachment":[{"href":"https:\/\/charcoalplant.com\/es\/wp-json\/wp\/v2\/media?parent=1152"}],"wp:term":[{"taxonomy":"post_tag","embeddable":true,"href":"https:\/\/charcoalplant.com\/es\/wp-json\/wp\/v2\/tags?post=1152"},{"taxonomy":"product-type","embeddable":true,"href":"https:\/\/charcoalplant.com\/es\/wp-json\/wp\/v2\/product-type?post=1152"}],"curies":[{"name":"wp","href":"https:\/\/api.w.org\/{rel}","templated":true}]}}