{"id":1178,"date":"2021-12-07T08:28:29","date_gmt":"2021-12-07T08:28:29","guid":{"rendered":"https:\/\/charcoalplant.com\/?p=1178"},"modified":"2023-04-18T18:18:42","modified_gmt":"2023-04-18T10:18:42","slug":"charcoal-powder-briquette-machine","status":"publish","type":"product","link":"https:\/\/charcoalplant.com\/es\/product\/charcoal-powder-briquette-machine\/","title":{"rendered":"M\u00e1quina de briquetas de carb\u00f3n en polvo | Fabricante de m\u00e1quinas prensadoras de carb\u00f3n"},"content":{"rendered":"<div class=\"kk-star-ratings kksr-auto kksr-align-left kksr-valign-top\"     data-payload='{&quot;align&quot;:&quot;left&quot;,&quot;id&quot;:&quot;1178&quot;,&quot;slug&quot;:&quot;default&quot;,&quot;valign&quot;:&quot;top&quot;,&quot;ignore&quot;:&quot;&quot;,&quot;reference&quot;:&quot;auto&quot;,&quot;class&quot;:&quot;&quot;,&quot;count&quot;:&quot;18&quot;,&quot;legendonly&quot;:&quot;&quot;,&quot;readonly&quot;:&quot;&quot;,&quot;score&quot;:&quot;4.7&quot;,&quot;starsonly&quot;:&quot;&quot;,&quot;best&quot;:&quot;5&quot;,&quot;gap&quot;:&quot;5&quot;,&quot;greet&quot;:&quot;Rate this product&quot;,&quot;legend&quot;:&quot;4.7\\\/5 - (18 votos)&quot;,&quot;size&quot;:&quot;24&quot;,&quot;title&quot;:&quot;Charcoal Powder Briquette Machine | Coal Press Machine Manufacturer&quot;,&quot;width&quot;:&quot;133.8&quot;,&quot;_legend&quot;:&quot;{score}\\\/{best} - ({count} {votes})&quot;,&quot;font_factor&quot;:&quot;1.25&quot;}'>              <div class=\"kksr-stars\">      <div class=\"kksr-stars-inactive\">             <div class=\"kksr-star\" data-star=\"1\" style=\"padding-right: 5px\">               <div class=\"kksr-icon\" style=\"width: 24px; height: 24px;\"><\/div>         <\/div>             <div class=\"kksr-star\" data-star=\"2\" style=\"padding-right: 5px\">               <div class=\"kksr-icon\" style=\"width: 24px; height: 24px;\"><\/div>         <\/div>             <div class=\"kksr-star\" data-star=\"3\" style=\"padding-right: 5px\">               <div class=\"kksr-icon\" style=\"width: 24px; height: 24px;\"><\/div>         <\/div>             <div class=\"kksr-star\" data-star=\"4\" style=\"padding-right: 5px\">               <div class=\"kksr-icon\" style=\"width: 24px; height: 24px;\"><\/div>         <\/div>             <div class=\"kksr-star\" data-star=\"5\" style=\"padding-right: 5px\">               <div class=\"kksr-icon\" style=\"width: 24px; height: 24px;\"><\/div>         <\/div>     <\/div>      <div class=\"kksr-stars-active\" style=\"width: 133.8px;\">             <div class=\"kksr-star\" style=\"padding-right: 5px\">               <div class=\"kksr-icon\" style=\"width: 24px; height: 24px;\"><\/div>         <\/div>             <div class=\"kksr-star\" style=\"padding-right: 5px\">               <div class=\"kksr-icon\" style=\"width: 24px; height: 24px;\"><\/div>         <\/div>             <div class=\"kksr-star\" style=\"padding-right: 5px\">               <div class=\"kksr-icon\" style=\"width: 24px; height: 24px;\"><\/div>         <\/div>             <div class=\"kksr-star\" style=\"padding-right: 5px\">               <div class=\"kksr-icon\" style=\"width: 24px; height: 24px;\"><\/div>         <\/div>             <div class=\"kksr-star\" style=\"padding-right: 5px\">               <div class=\"kksr-icon\" style=\"width: 24px; height: 24px;\"><\/div>         <\/div>     <\/div> <\/div>                   <div class=\"kksr-legend\" style=\"font-size: 19.2px;\">             4,7\/5 - (18 votos)    <\/div>     <\/div>  <p class=\"translation-block\"><strong>Charcoal powder briquette machine<\/strong> es una especie de equipo que principalmente utiliza polvo de carb\u00f3n y polvo de carb\u00f3n vegetal como materias primas para producir <strong><a href=\"https:\/\/charcoalplant.com\/es\/charcoal-briquettes-production-line\/\">barbecue charcoal<\/a><\/strong> y carb\u00f3n de narguile cuadrado. La briquetaci\u00f3n de polvo de carb\u00f3n puede ser hueca o hueca. Y su perfil transversal puede ser cuadrado, hexagonal, circular, etc. M\u00e1s importante a\u00fan, la briqueta es sin humo, tiene una larga duraci\u00f3n de combusti\u00f3n y una gran demanda de mercado. Por lo tanto, la <strong><a href=\"https:\/\/charcoalplant.com\/es\/info\/iraqi-customers-wood-charcoal-briquetting-extruder-completed\/\">m\u00e1quina para briquetear carb\u00f3n<\/a><\/strong> es un equipo de carb\u00f3n rentable. Bienvenido a contactarnos, le ofreceremos un precio competitivo.<\/p>    <h2 class=\"wp-block-heading\" id=\"working-principle-of-charcoal-powder-briquette-machine\">Principio de funcionamiento de la m\u00e1quina briquetadora de carb\u00f3n en polvo<\/h2>    <p>Una m\u00e1quina de carb\u00f3n es una m\u00e1quina para convertir carb\u00f3n en polvo en diferentes formas de bloques de carb\u00f3n. Su principio de funcionamiento es que el motor transmite potencia a la transmisi\u00f3n a trav\u00e9s de la correa trapezoidal. Luego, el eje de salida de la transmisi\u00f3n transmite potencia al eje de la h\u00e9lice a trav\u00e9s de un acoplamiento flotante. Finalmente, la h\u00e9lice en el eje de la h\u00e9lice puede empujar la materia prima a trav\u00e9s del molde de formaci\u00f3n.<\/p>    <figure class=\"wp-block-image aligncenter size-full\"><img loading=\"lazy\" decoding=\"async\" width=\"720\" height=\"540\" src=\"https:\/\/charcoalplant.com\/wp-content\/uploads\/2022\/02\/Charcoal-powder-briquette-machine-show.jpg\" alt=\"M\u00e1quina de briquetas de carb\u00f3n en polvo-show\" class=\"wp-image-2389\"\/><figcaption class=\"wp-element-caption\">M\u00e1quina de briquetas de carb\u00f3n en polvo-show<\/figcaption><\/figure>    <h2 class=\"wp-block-heading\" id=\"raw-materials-of-charcoal-dust-briquetting-machine\">Materias primas de la m\u00e1quina briquetadora de polvo de carb\u00f3n<\/h2>    <p class=\"translation-block\">La fuente de su polvo de carb\u00f3n en bruto es que varios carbones pueden ser triturados por <strong><a href=\"https:\/\/charcoalplant.com\/es\/wood-wastes-recycling-machine\/hammer-mill\/\">molino de martillos<\/a><\/strong>. Por ejemplo, carb\u00f3n de c\u00e1scara de coco, carb\u00f3n de tronco, carb\u00f3n de aserr\u00edn, carb\u00f3n de c\u00e1scara de palma, carb\u00f3n de salvado de arroz, carb\u00f3n de c\u00e1scara de man\u00ed, etc. Y otros materiales: <strong><a href=\"https:\/\/charcoalplant.com\/es\/info\/can-these-briquetting-machines-make-alfalfa-molar-sticks\/\">Alfalfa<\/a><\/strong> y hierba de timothy. Cabe se\u00f1alar que el polvo de carbono triturado debe mezclarse completamente con una cierta proporci\u00f3n de agua y aglutinante con un molino de rueda antes de su uso. Porque puede hacer que el polvo de carbono sea m\u00e1s viscoso, tenga una mejor forma y una mayor calidad del producto terminado.<\/p>    <figure class=\"wp-block-image aligncenter size-full\"><img loading=\"lazy\" decoding=\"async\" width=\"720\" height=\"540\" src=\"https:\/\/charcoalplant.com\/wp-content\/uploads\/2022\/02\/raw-materials-of-charcoal-briquette-machine.jpg\" alt=\"\" class=\"wp-image-2383\"\/><\/figure>    <h2 class=\"wp-block-heading\" id=\"h-structure-of-charcoal-powder-briquette-machine\">Estructura de la m\u00e1quina briquetadora de carb\u00f3n en polvo<strong> <\/strong><\/h2>    <p>La m\u00e1quina de briquetas de carb\u00f3n en polvo incluye principalmente el eje principal, el propulsor de tornillo, el molde, el motorreductor y otras piezas. Debido a su dise\u00f1o general, la estructura es compacta. Por tanto, la huella es peque\u00f1a. Adem\u00e1s, su propulsor tiene tres partes. Una vez que falla el propulsor de la m\u00e1quina briquetadora de carb\u00f3n, el cliente solo necesita reemplazar su cabezal.<\/p>    <figure class=\"wp-block-image aligncenter size-full\"><img loading=\"lazy\" decoding=\"async\" width=\"720\" height=\"540\" src=\"https:\/\/charcoalplant.com\/wp-content\/uploads\/2022\/02\/charcoal-briquetting-machine-display.jpg\" alt=\"exhibici\u00f3n de la m\u00e1quina briquetadora de carb\u00f3n\" class=\"wp-image-2390\"\/><figcaption class=\"wp-element-caption\">exhibici\u00f3n de la m\u00e1quina briquetadora de carb\u00f3n<\/figcaption><\/figure>    <h3 class=\"wp-block-heading\" id=\"accessories\">Accesorios de la m\u00e1quina briquetadora de carb\u00f3n<\/h3>    <div class=\"wp-block-columns has-background is-layout-flex wp-container-core-columns-is-layout-28f84493 wp-block-columns-is-layout-flex\" style=\"background-color:#f1f1f1\"> <div class=\"wp-block-column is-vertically-aligned-center is-layout-flow wp-block-column-is-layout-flow\" style=\"flex-basis:33.33%\"> <p class=\"translation-block\"><strong>Mold <\/strong><\/p>    <p>La m\u00e1quina moldeadora de polvo de carb\u00f3n tiene varios moldes. Por lo tanto, puede producir diversas formas de carb\u00f3n para barbacoa. Por ejemplo, hex\u00e1gono, oct\u00e1gono, cuadrado, c\u00edrculo.<\/p> <\/div>    <div class=\"wp-block-column is-layout-flow wp-block-column-is-layout-flow\" style=\"flex-basis:66.66%\"> <figure class=\"wp-block-gallery has-nested-images columns-default is-cropped wp-block-gallery-2 is-layout-flex wp-block-gallery-is-layout-flex\"> <figure class=\"wp-block-image size-large\"><img loading=\"lazy\" decoding=\"async\" width=\"720\" height=\"540\" data-id=\"1580\" src=\"https:\/\/charcoalplant.com\/wp-content\/uploads\/2021\/12\/shaped-charcoal-molds-1.jpg\" alt=\"moldes de carb\u00f3n con forma\" class=\"wp-image-1580\" srcset=\"https:\/\/charcoalplant.com\/wp-content\/uploads\/2021\/12\/shaped-charcoal-molds-1.jpg 720w, https:\/\/charcoalplant.com\/wp-content\/uploads\/2021\/12\/shaped-charcoal-molds-1-300x225.jpg 300w\" sizes=\"auto, (max-width: 720px) 100vw, 720px\" \/><figcaption class=\"wp-element-caption\">moldes de carb\u00f3n con forma<\/figcaption><\/figure> <\/figure> <\/div> <\/div>    <div class=\"wp-block-columns has-background is-layout-flex wp-container-core-columns-is-layout-28f84493 wp-block-columns-is-layout-flex\" style=\"background-color:#f1f1f1\"> <div class=\"wp-block-column is-layout-flow wp-block-column-is-layout-flow\" style=\"flex-basis:66.66%\"> <figure class=\"wp-block-gallery has-nested-images columns-default is-cropped wp-block-gallery-3 is-layout-flex wp-block-gallery-is-layout-flex\"> <figure class=\"wp-block-image size-large\"><img loading=\"lazy\" decoding=\"async\" width=\"720\" height=\"540\" data-id=\"2384\" src=\"https:\/\/charcoalplant.com\/wp-content\/uploads\/2022\/02\/propeller-shaft.jpg\" alt=\"\u00e1rbol de transmisi\u00f3n\" class=\"wp-image-2384\"\/><figcaption class=\"wp-element-caption\">\u00e1rbol de transmisi\u00f3n<\/figcaption><\/figure> <\/figure> <\/div>    <div class=\"wp-block-column is-vertically-aligned-center is-layout-flow wp-block-column-is-layout-flow\" style=\"flex-basis:33.33%\"> <p class=\"translation-block\"><strong>Eje propulsor<\/strong><\/p>    <p>Nuestra f\u00e1brica produce nosotros mismos accesorios para las m\u00e1quinas. como por ejemplo h\u00e9lices. Porque elegimos buenos materiales met\u00e1licos para fabricar accesorios. Por lo tanto, su uso no es f\u00e1cil de da\u00f1ar y tiene una larga vida \u00fatil. Adem\u00e1s, despu\u00e9s de la venta, podemos ofrecer a los clientes los accesorios adecuados en cualquier momento.<\/p> <\/div> <\/div>    <h2 class=\"wp-block-heading\" id=\"h-cutting-equipment-for-coal-press-machine\">Equipo de corte para m\u00e1quina prensadora de carb\u00f3n&nbsp;<\/h2>    <p class=\"translation-block\">El bloque de carb\u00f3n formado necesita ser cortado a diferentes tama\u00f1os. Por lo tanto, es necesario usar una herramienta cortadora. Podemos proporcionar tres tipos de cortadores: cortador autom\u00e1tico, cortador de cinta y engran y. Tanto el primero como el segundo cortadores mencionados requieren un <strong>compresor de aire<\/strong>. Ajuste la intensidad de la cortadora controlando la presi\u00f3n de aire.<\/p>    <h3 class=\"wp-block-heading\" id=\"h-automatic-cutter-for-charcoal-briket\">Cortador Autom\u00e1tico para Briket de Carb\u00f3n<\/h3>    <p id=\"block-fd5fda72-b941-4e47-a7dd-c13c6a5b3b88\">Su principio de funcionamiento es ajustar la distancia entre la sonda del sensor de infrarrojos y el puerto de descarga de la m\u00e1quina de briquetas de carb\u00f3n para cortar el mismo tama\u00f1o.<\/p>    <figure class=\"wp-block-gallery has-nested-images columns-default is-cropped wp-block-gallery-4 is-layout-flex wp-block-gallery-is-layout-flex\"> <figure class=\"wp-block-image size-large\"><img loading=\"lazy\" decoding=\"async\" width=\"720\" height=\"540\" data-id=\"1574\" src=\"https:\/\/charcoalplant.com\/wp-content\/uploads\/2021\/12\/Automatic-Cutter-1.jpg\" alt=\"Cortador autom\u00e1tico\" class=\"wp-image-1574\" srcset=\"https:\/\/charcoalplant.com\/wp-content\/uploads\/2021\/12\/Automatic-Cutter-1.jpg 720w, https:\/\/charcoalplant.com\/wp-content\/uploads\/2021\/12\/Automatic-Cutter-1-300x225.jpg 300w\" sizes=\"auto, (max-width: 720px) 100vw, 720px\" \/><figcaption class=\"wp-element-caption\">Cortador autom\u00e1tico<\/figcaption><\/figure>    <figure class=\"wp-block-image size-large\"><img loading=\"lazy\" decoding=\"async\" width=\"720\" height=\"540\" data-id=\"1592\" src=\"https:\/\/charcoalplant.com\/wp-content\/uploads\/2021\/12\/Charcoal-powder-briquetting-machine-finished-products-1.jpg\" alt=\"Productos terminados de la m\u00e1quina briquetadora de carb\u00f3n en polvo\" class=\"wp-image-1592\" srcset=\"https:\/\/charcoalplant.com\/wp-content\/uploads\/2021\/12\/Charcoal-powder-briquetting-machine-finished-products-1.jpg 720w, https:\/\/charcoalplant.com\/wp-content\/uploads\/2021\/12\/Charcoal-powder-briquetting-machine-finished-products-1-300x225.jpg 300w\" sizes=\"auto, (max-width: 720px) 100vw, 720px\" \/><figcaption class=\"wp-element-caption\">Productos terminados de la m\u00e1quina briquetadora de carb\u00f3n en polvo<\/figcaption><\/figure> <\/figure>    <h3 class=\"wp-block-heading\" id=\"h-cnc-cutter-for-briquettes\">Cortadora CNC para Briquetas <\/h3>    <p id=\"block-d58a95d7-dc60-4c1c-9bf8-9352b32de057\">Es un sistema CNC. Por lo que puede establecer una longitud de corte precisa. Incluso establezca la longitud con un punto decimal. Sus ventajas: inteligente, precisa y compacta. Le recomendamos encarecidamente que elija este cortador.<\/p>    <figure class=\"wp-block-gallery has-nested-images columns-default is-cropped wp-block-gallery-5 is-layout-flex wp-block-gallery-is-layout-flex\"> <figure class=\"wp-block-image size-large\"><img loading=\"lazy\" decoding=\"async\" width=\"720\" height=\"540\" data-id=\"1585\" src=\"https:\/\/charcoalplant.com\/wp-content\/uploads\/2021\/12\/Meter-Cutter-1-1.jpg\" alt=\"Metro-cortador-1\" class=\"wp-image-1585\" srcset=\"https:\/\/charcoalplant.com\/wp-content\/uploads\/2021\/12\/Meter-Cutter-1-1.jpg 720w, https:\/\/charcoalplant.com\/wp-content\/uploads\/2021\/12\/Meter-Cutter-1-1-300x225.jpg 300w\" sizes=\"auto, (max-width: 720px) 100vw, 720px\" \/><figcaption class=\"wp-element-caption\">Metro-cortador-1<\/figcaption><\/figure>    <figure class=\"wp-block-image size-full\"><img loading=\"lazy\" decoding=\"async\" width=\"720\" height=\"540\" data-id=\"2387\" src=\"https:\/\/charcoalplant.com\/wp-content\/uploads\/2022\/02\/hexagonal-charcoal.jpg\" alt=\"carb\u00f3n hexagonal\" class=\"wp-image-2387\"\/><figcaption class=\"wp-element-caption\">carb\u00f3n hexagonal<\/figcaption><\/figure> <\/figure>    <h3 class=\"wp-block-heading\" id=\"h-cube-charcoal-cutting\">Corte de carb\u00f3n en cubos <\/h3>    <p id=\"block-f4688070-e3ca-4360-8fd1-302aea04ab3e\">Su principio es particularmente simple. Es decir, se instalan m\u00faltiples cabezales cortadores circulares en el rodillo cortador. La distancia del cabezal de corte se puede ajustar. Este cortador es muy adecuado para la producci\u00f3n de carb\u00f3n para shisha. Por lo tanto, lo compran a menudo clientes de Indonesia y pa\u00edses \u00e1rabes.<\/p>    <figure class=\"wp-block-gallery has-nested-images columns-default is-cropped wp-block-gallery-6 is-layout-flex wp-block-gallery-is-layout-flex\"> <figure class=\"wp-block-image size-large\"><img loading=\"lazy\" decoding=\"async\" width=\"720\" height=\"540\" data-id=\"1588\" src=\"https:\/\/charcoalplant.com\/wp-content\/uploads\/2021\/12\/Hob-2-1.jpg\" alt=\"Quemador\" class=\"wp-image-1588\" srcset=\"https:\/\/charcoalplant.com\/wp-content\/uploads\/2021\/12\/Hob-2-1.jpg 720w, https:\/\/charcoalplant.com\/wp-content\/uploads\/2021\/12\/Hob-2-1-300x225.jpg 300w\" sizes=\"auto, (max-width: 720px) 100vw, 720px\" \/><figcaption class=\"wp-element-caption\">Quemador<\/figcaption><\/figure>    <figure class=\"wp-block-image size-full\"><img loading=\"lazy\" decoding=\"async\" width=\"720\" height=\"540\" data-id=\"2388\" src=\"https:\/\/charcoalplant.com\/wp-content\/uploads\/2021\/12\/shisha-charcoal-2.jpg\" alt=\"\" class=\"wp-image-2388\"\/><figcaption class=\"wp-element-caption\">Carb\u00f3n-shisha-2,5cm<\/figcaption><\/figure> <\/figure>    <h2 class=\"wp-block-heading\" id=\"h-technical-parameters-of-coal-press-machine\">Par\u00e1metros t\u00e9cnicos de la prensa de carb\u00f3n<\/h2>    <p>Podemos configurar cintas transportadoras para los clientes. Y el largo y ancho de la cinta transportadora se pueden personalizar seg\u00fan las necesidades del cliente.<\/p>    <figure class=\"wp-block-table is-style-stripes\"><table><tbody><tr><td>    <strong>Modelo<\/strong><\/td><td>       <strong>Largo*Ancho*Alto (mm)<\/strong><\/td><td>      <strong>Peso (kg)<\/strong><\/td><td>    <strong>Motor (kilovatios)<\/strong><\/td><td>   <strong>Producci\u00f3n (t\/h)<\/strong><\/td><\/tr><tr><td>    SL-CB 140<\/td><td>             1950*1260*1080<\/td><td>           650<\/td><td>         11<\/td><td>        1-2<\/td><\/tr><tr><td>    SL-CB 160<\/td><td>             2150*1260*1080<\/td><td>           720<\/td><td>         15<\/td><td>        1-2<\/td><\/tr><tr><td>    SL-CB 180<\/td><td>             2320*1600*1150<\/td><td>          1260<\/td><td>         22<\/td><td>        2-4<\/td><\/tr><\/tbody><\/table><\/figure>    <h2 class=\"wp-block-heading\" id=\"video-of-charcoal-powder-briquette-production-line\">Video de la l\u00ednea de producci\u00f3n de briquetas de carb\u00f3n en polvo <\/h2>    <figure class=\"wp-block-embed is-type-video is-provider-youtube wp-block-embed-youtube wp-embed-aspect-16-9 wp-has-aspect-ratio\"><div class=\"wp-block-embed__wrapper\"> <iframe loading=\"lazy\" title=\"M\u00e1quina de carb\u00f3n para barbacoa | Equipo de producci\u00f3n de carb\u00f3n para shisha#shishacoal#Hookahcharcoal#coalbriket\" width=\"500\" height=\"281\" src=\"https:\/\/www.youtube.com\/embed\/_8wvJPuahH8?feature=oembed\" frameborder=\"0\" allow=\"accelerometer; autoplay; clipboard-write; encrypted-media; gyroscope; picture-in-picture; web-share\" referrerpolicy=\"strict-origin-when-cross-origin\" allowfullscreen><\/iframe> <\/div><\/figure>    <h2 class=\"wp-block-heading\" id=\"h-charcoal-briquette-machine-for-sale\">M\u00e1quina de briquetas de carb\u00f3n a la venta<\/h2>    <p class=\"translation-block\">Nuestra empresa es fabricante de prensas de carb\u00f3n. Producimos diferentes tipos de m\u00e1quina prensadora de carb\u00f3n. Las caracter\u00edsticas de nuestra m\u00e1quina briquetadora de polvo de carb\u00f3n son operaci\u00f3n simple, larga vida \u00fatil y multifunci\u00f3n. Proporcionamos a los clientes una variedad de moldes de producci\u00f3n. Adem\u00e1s, tambi\u00e9n vendemos mezcladoras de coque, <strong><a href=\"https:\/\/charcoalplant.com\/es\/charcoal-briquetting-machine\/honeycomb-coal-press-machine\/\">m\u00e1quinas de carb\u00f3n en panal<\/a>,<\/strong> y as\u00ed sucesivamente. As\u00ed que cont\u00e1ctenos ahora para iniciar su negocio. Nos complace servirle.<\/p>    <figure class=\"wp-block-image aligncenter size-full\"><img loading=\"lazy\" decoding=\"async\" width=\"720\" height=\"540\" src=\"https:\/\/charcoalplant.com\/wp-content\/uploads\/2021\/12\/charcoal-briquetting-machine-display-1.jpg\" alt=\"exhibici\u00f3n de la m\u00e1quina briquetadora de carb\u00f3n\" class=\"wp-image-1579\" srcset=\"https:\/\/charcoalplant.com\/wp-content\/uploads\/2021\/12\/charcoal-briquetting-machine-display-1.jpg 720w, https:\/\/charcoalplant.com\/wp-content\/uploads\/2021\/12\/charcoal-briquetting-machine-display-1-300x225.jpg 300w\" sizes=\"auto, (max-width: 720px) 100vw, 720px\" \/><figcaption class=\"wp-element-caption\">exhibici\u00f3n de la m\u00e1quina briquetadora de carb\u00f3n<\/figcaption><\/figure>    <h2 class=\"wp-block-heading\" id=\"charcoal-powder-briquette-machine-for-bbq-coal\">M\u00e1quina de briquetas de carb\u00f3n en polvo para carb\u00f3n de barbacoa<\/h2>    <p class=\"translation-block\">La extrusora de briquetas de carb\u00f3n puede hacer carb\u00f3n para barbacoa. Pero el bloque de carb\u00f3n que acaba de hacer no puede usarse directamente. Necesita ser secado naturalmente o en un<strong> <a href=\"https:\/\/charcohttps:\/\/charcoalplant.com\/charcoal-briquette-dryer\/alplant.com\/rice-husk-dryer\/\">secador<\/a><\/strong>. Las briquetas de carb\u00f3n secas se manejan generalmente con una <strong><a href=\"https:\/\/charcoalplant.com\/es\/briquettes-packing-machine\/\">m\u00e1quina de envasado de briquetas<\/a><\/strong> para la venta. De hecho, esta m\u00e1quina tambi\u00e9n es muy adecuada para hacer carb\u00f3n de narguile, lo que resulta m\u00e1s econ\u00f3mico.<\/p>    <figure class=\"wp-block-image aligncenter size-full\"><img loading=\"lazy\" decoding=\"async\" width=\"720\" height=\"540\" src=\"https:\/\/charcoalplant.com\/wp-content\/uploads\/2022\/02\/charcoal-briquettes-.jpg\" alt=\"briquetas de carb\u00f3n\" class=\"wp-image-2386\"\/><figcaption class=\"wp-element-caption\">briquetas de carb\u00f3n<\/figcaption><\/figure>","protected":false},"excerpt":{"rendered":"<p>La m\u00e1quina briquetadora de carb\u00f3n en polvo es un tipo de equipo que utiliza polvo de carb\u00f3n como materia prima para fabricar bloques de carb\u00f3n.<\/p>","protected":false},"author":1,"featured_media":1197,"parent":0,"template":"","tags":[59],"product-type":[44],"class_list":["post-1178","product","type-product","status-publish","has-post-thumbnail","hentry","tag-charcoal-briquetting-machine","product-type-charcoal-briquetting-machine"],"_links":{"self":[{"href":"https:\/\/charcoalplant.com\/es\/wp-json\/wp\/v2\/product\/1178","targetHints":{"allow":["GET"]}}],"collection":[{"href":"https:\/\/charcoalplant.com\/es\/wp-json\/wp\/v2\/product"}],"about":[{"href":"https:\/\/charcoalplant.com\/es\/wp-json\/wp\/v2\/types\/product"}],"author":[{"embeddable":true,"href":"https:\/\/charcoalplant.com\/es\/wp-json\/wp\/v2\/users\/1"}],"wp:featuredmedia":[{"embeddable":true,"href":"https:\/\/charcoalplant.com\/es\/wp-json\/wp\/v2\/media\/1197"}],"wp:attachment":[{"href":"https:\/\/charcoalplant.com\/es\/wp-json\/wp\/v2\/media?parent=1178"}],"wp:term":[{"taxonomy":"post_tag","embeddable":true,"href":"https:\/\/charcoalplant.com\/es\/wp-json\/wp\/v2\/tags?post=1178"},{"taxonomy":"product-type","embeddable":true,"href":"https:\/\/charcoalplant.com\/es\/wp-json\/wp\/v2\/product-type?post=1178"}],"curies":[{"name":"wp","href":"https:\/\/api.w.org\/{rel}","templated":true}]}}