{"id":1213,"date":"2021-12-08T09:41:52","date_gmt":"2021-12-08T09:41:52","guid":{"rendered":"https:\/\/charcoalplant.com\/?p=1213"},"modified":"2023-01-10T10:10:36","modified_gmt":"2023-01-10T02:10:36","slug":"honeycomb-coal-press-machine","status":"publish","type":"product","link":"https:\/\/charcoalplant.com\/es\/product\/honeycomb-coal-press-machine\/","title":{"rendered":"M\u00e1quina de prensa de carb\u00f3n en forma de panal | M\u00e1quina de briquetas de carb\u00f3n"},"content":{"rendered":"<div class=\"kk-star-ratings kksr-auto kksr-align-left kksr-valign-top\"     data-payload='{&quot;align&quot;:&quot;left&quot;,&quot;id&quot;:&quot;1213&quot;,&quot;slug&quot;:&quot;default&quot;,&quot;valign&quot;:&quot;top&quot;,&quot;ignore&quot;:&quot;&quot;,&quot;reference&quot;:&quot;auto&quot;,&quot;class&quot;:&quot;&quot;,&quot;count&quot;:&quot;18&quot;,&quot;legendonly&quot;:&quot;&quot;,&quot;readonly&quot;:&quot;&quot;,&quot;score&quot;:&quot;4.8&quot;,&quot;starsonly&quot;:&quot;&quot;,&quot;best&quot;:&quot;5&quot;,&quot;gap&quot;:&quot;5&quot;,&quot;greet&quot;:&quot;Rate this product&quot;,&quot;legend&quot;:&quot;4.8\\\/5 - (18 votos)&quot;,&quot;size&quot;:&quot;24&quot;,&quot;title&quot;:&quot;Honeycomb Coal Press Machine | Coal Briquette Machine&quot;,&quot;width&quot;:&quot;136.7&quot;,&quot;_legend&quot;:&quot;{score}\\\/{best} - ({count} {votes})&quot;,&quot;font_factor&quot;:&quot;1.25&quot;}'>              <div class=\"kksr-stars\">      <div class=\"kksr-stars-inactive\">             <div class=\"kksr-star\" data-star=\"1\" style=\"padding-right: 5px\">               <div class=\"kksr-icon\" style=\"width: 24px; height: 24px;\"><\/div>         <\/div>             <div class=\"kksr-star\" data-star=\"2\" style=\"padding-right: 5px\">               <div class=\"kksr-icon\" style=\"width: 24px; height: 24px;\"><\/div>         <\/div>             <div class=\"kksr-star\" data-star=\"3\" style=\"padding-right: 5px\">               <div class=\"kksr-icon\" style=\"width: 24px; height: 24px;\"><\/div>         <\/div>             <div class=\"kksr-star\" data-star=\"4\" style=\"padding-right: 5px\">               <div class=\"kksr-icon\" style=\"width: 24px; height: 24px;\"><\/div>         <\/div>             <div class=\"kksr-star\" data-star=\"5\" style=\"padding-right: 5px\">               <div class=\"kksr-icon\" style=\"width: 24px; height: 24px;\"><\/div>         <\/div>     <\/div>      <div class=\"kksr-stars-active\" style=\"width: 136.7px;\">             <div class=\"kksr-star\" style=\"padding-right: 5px\">               <div class=\"kksr-icon\" style=\"width: 24px; height: 24px;\"><\/div>         <\/div>             <div class=\"kksr-star\" style=\"padding-right: 5px\">               <div class=\"kksr-icon\" style=\"width: 24px; height: 24px;\"><\/div>         <\/div>             <div class=\"kksr-star\" style=\"padding-right: 5px\">               <div class=\"kksr-icon\" style=\"width: 24px; height: 24px;\"><\/div>         <\/div>             <div class=\"kksr-star\" style=\"padding-right: 5px\">               <div class=\"kksr-icon\" style=\"width: 24px; height: 24px;\"><\/div>         <\/div>             <div class=\"kksr-star\" style=\"padding-right: 5px\">               <div class=\"kksr-icon\" style=\"width: 24px; height: 24px;\"><\/div>         <\/div>     <\/div> <\/div>                   <div class=\"kksr-legend\" style=\"font-size: 19.2px;\">             4,8\/5 - (18 votos)    <\/div>     <\/div>  <p class=\"translation-block\"><strong>La m\u00e1quina de briquetas de carb\u00f3n panal de abeja <\/strong>es el equipo especial para producir briquetas cil\u00edndricas de alta densidad y porosas. Esta m\u00e1quina de briquetas panal de abeja tambi\u00e9n puede producir barras de carb\u00f3n huecas y <strong><a href=\"https:\/\/charcoalplant.com\/es\/charcoal-briquetting-machine\/charcoal-powder-briquette-machine\/\">barras de carb\u00f3n<\/a><\/strong>. Las materias primas que utiliza son principalmente carb\u00f3n pulverizado y polvo de carbono. Otros materiales como <strong><a href=\"https:\/\/charcoalplant.com\/es\/info\/can-these-briquetting-machines-make-alfalfa-molar-sticks\/\">hierba de alfalfa<\/a><\/strong> y hierba timotea. Adem\u00e1s, la m\u00e1quina de briquetas de carb\u00f3n es f\u00e1cil de operar, de alto rendimiento y f\u00e1cil de mantener. Por lo tanto, es favorecida por la mayor\u00eda de los clientes. Cont\u00e1ctenos ahora para comenzar a establecer conexiones comerciales. Le ofreceremos precios m\u00e1s favorables.<\/p>    <h2 class=\"wp-block-heading\" id=\"working-principle-of-honeycomb-coal-forming-machine\">Principio de funcionamiento de la m\u00e1quina prensadora de carb\u00f3n Honeycomb<\/h2>    <p class=\"translation-block\">La m\u00e1quina de briquetas de carb\u00f3n panal de abeja es en realidad la m\u00e1quina de carb\u00f3n de tipo prensado con la operaci\u00f3n f\u00e1cil m\u00e1s simple. Y su capacidad de silo es grande. Por lo tanto, algunos fabricantes de carb\u00f3n para barbacoa se inclinar\u00e1n m\u00e1s a comprar una m\u00e1quina de briquetas panal de abeja para la <strong><a href=\"https:\/\/charcoalplant.com\/es\/coal-briquettes-production-line\/\">producci\u00f3n de briquetas de carb\u00f3n<\/a><\/strong>. Est\u00e1 alimentada por un motor el\u00e9ctrico o un motor di\u00e9sel. Luego, el polvo de carb\u00f3n o el polvo de carb\u00f3n cae en la placa de moldeo a trav\u00e9s del puerto de alimentaci\u00f3n y golpea las briquetas con la matriz.<\/p>    <figure class=\"wp-block-image aligncenter size-full\"><img loading=\"lazy\" decoding=\"async\" width=\"720\" height=\"540\" src=\"https:\/\/charcoalplant.com\/wp-content\/uploads\/2022\/01\/140-Model.jpg\" alt=\"M\u00e1quina prensadora de carb\u00f3n en forma de panal modelo 140\" class=\"wp-image-1839\" srcset=\"https:\/\/charcoalplant.com\/wp-content\/uploads\/2022\/01\/140-Model.jpg 720w, https:\/\/charcoalplant.com\/wp-content\/uploads\/2022\/01\/140-Model-300x225.jpg 300w\" sizes=\"auto, (max-width: 720px) 100vw, 720px\" \/><figcaption class=\"wp-element-caption\">M\u00e1quina prensadora de carb\u00f3n en forma de panal modelo 140<\/figcaption><\/figure>    <h2 class=\"wp-block-heading\" id=\"h-structure-of-honeycomb-coal-press-machine\">Estructura de la m\u00e1quina prensadora de carb\u00f3n en forma de panal<\/h2>    <p>La estructura de la m\u00e1quina briquetadora de panal incluye principalmente un puerto de alimentaci\u00f3n, una aguja perforadora, un raspador, un molde y una cinta transportadora. A continuaci\u00f3n, presentar\u00e9 en detalle las funciones y beneficios del puerto de alimentaci\u00f3n, la aguja perforadora y el raspador.<\/p>    <div class=\"wp-block-columns has-background is-layout-flex wp-container-core-columns-is-layout-28f84493 wp-block-columns-is-layout-flex\" style=\"background-color:#f1f1f1\"> <div class=\"wp-block-column is-vertically-aligned-center is-layout-flow wp-block-column-is-layout-flow\" style=\"flex-basis:33.33%\"> <p class=\"translation-block\"><strong>Entrada<\/strong><\/p>    <p>La tolva de alimentaci\u00f3n de la m\u00e1quina briquetadora alveolar est\u00e1 equipada con una varilla agitadora giratoria. Su funci\u00f3n es evitar que las materias primas sueltas bloqueen el puerto de alimentaci\u00f3n y se alimenten de manera uniforme.<\/p> <\/div>    <div class=\"wp-block-column is-layout-flow wp-block-column-is-layout-flow\" style=\"flex-basis:66.66%\"> <figure class=\"wp-block-gallery has-nested-images columns-default is-cropped wp-block-gallery-2 is-layout-flex wp-block-gallery-is-layout-flex\"> <figure class=\"wp-block-image size-large\"><img loading=\"lazy\" decoding=\"async\" width=\"720\" height=\"540\" data-id=\"2415\" src=\"https:\/\/charcoalplant.com\/wp-content\/uploads\/2022\/02\/inlet.jpg\" alt=\"\" class=\"wp-image-2415\"\/><\/figure> <\/figure> <\/div> <\/div>    <div class=\"wp-block-columns has-background is-layout-flex wp-container-core-columns-is-layout-28f84493 wp-block-columns-is-layout-flex\" style=\"background-color:#f1f1f1\"> <div class=\"wp-block-column is-layout-flow wp-block-column-is-layout-flow\" style=\"flex-basis:66.66%\"> <figure class=\"wp-block-gallery has-nested-images columns-default is-cropped wp-block-gallery-3 is-layout-flex wp-block-gallery-is-layout-flex\"> <figure class=\"wp-block-image size-large\"><img loading=\"lazy\" decoding=\"async\" width=\"720\" height=\"540\" data-id=\"2416\" src=\"https:\/\/charcoalplant.com\/wp-content\/uploads\/2022\/02\/punching-needle.jpg\" alt=\"\" class=\"wp-image-2416\"\/><\/figure> <\/figure> <\/div>    <div class=\"wp-block-column is-vertically-aligned-center is-layout-flow wp-block-column-is-layout-flow\" style=\"flex-basis:33.33%\"> <p class=\"translation-block\"><strong>Aguja de punzonado<\/strong><\/p>    <p>La ca\u00edda de la placa del molde de carb\u00f3n prepresiona el carb\u00f3n pulverizado. Luego, se aplica una alta presi\u00f3n r\u00e1pida al carb\u00f3n pulverizado con un punz\u00f3n. De hecho, las briquetas formadas se prensaron dos veces. Por tanto, la densidad y dureza del producto acabado ya son \u00f3ptimas.<\/p> <\/div> <\/div>    <div class=\"wp-block-columns has-background is-layout-flex wp-container-core-columns-is-layout-28f84493 wp-block-columns-is-layout-flex\" style=\"background-color:#f1f1f1\"> <div class=\"wp-block-column is-vertically-aligned-center is-layout-flow wp-block-column-is-layout-flow\" style=\"flex-basis:33.33%\"> <p class=\"translation-block\"><strong>Raspador<\/strong><\/p>    <p><br>Se utiliza para limpiar el polvo de carb\u00f3n disperso durante el proceso de producci\u00f3n. El balanc\u00edn puede controlar autom\u00e1ticamente su trabajo sin operaci\u00f3n manual.<\/p> <\/div>    <div class=\"wp-block-column is-layout-flow wp-block-column-is-layout-flow\" style=\"flex-basis:66.66%\"> <figure class=\"wp-block-gallery has-nested-images columns-default is-cropped wp-block-gallery-4 is-layout-flex wp-block-gallery-is-layout-flex\"> <figure class=\"wp-block-image size-large\"><img loading=\"lazy\" decoding=\"async\" width=\"720\" height=\"540\" data-id=\"2417\" src=\"https:\/\/charcoalplant.com\/wp-content\/uploads\/2022\/02\/Scraper.jpg\" alt=\"\" class=\"wp-image-2417\"\/><\/figure> <\/figure> <\/div> <\/div>    <h2 class=\"wp-block-heading\" id=\"h-video-of-coal-briquette-press-machine\">Video de la m\u00e1quina para fabricar briquetas de panal<\/h2>    <figure class=\"wp-block-embed is-type-video is-provider-youtube wp-block-embed-youtube wp-embed-aspect-16-9 wp-has-aspect-ratio\"><div class=\"wp-block-embed__wrapper\"> <iframe loading=\"lazy\" title=\"M\u00e1quina de briquetas multifuncional | Prensa de carb\u00f3n para prensado de cera#Fuel#Maker#CHARCOAL#Burn#Briquetting\" width=\"500\" height=\"281\" src=\"https:\/\/www.youtube.com\/embed\/fHD89N58CCw?start=4&#038;feature=oembed\" frameborder=\"0\" allow=\"accelerometer; autoplay; clipboard-write; encrypted-media; gyroscope; picture-in-picture; web-share\" referrerpolicy=\"strict-origin-when-cross-origin\" allowfullscreen><\/iframe> <\/div><\/figure>    <h2 class=\"wp-block-heading\" id=\"specification-of-coal-briquettes-machine\">Especificaci\u00f3n de la m\u00e1quina de briquetas de carb\u00f3n<\/h2>    <p>Los siguientes son los par\u00e1metros del motor y del molde para varias prensas de carb\u00f3n comunes. Nuestra f\u00e1brica puede proporcionar servicios de personalizaci\u00f3n de moldes. Para que no tenga que preocuparse por los problemas de moho. Adem\u00e1s, la m\u00e1quina prensadora de carb\u00f3n en forma de panal est\u00e1 equipada con una cinta transportadora de 2 metros. Su longitud es personalizable seg\u00fan las necesidades del cliente.<\/p>    <figure class=\"wp-block-table is-style-stripes\"><table><tbody><tr><td><strong>Modelo<\/strong><\/td><td><strong>Fuerza<\/strong><\/td><td><strong>Di\u00e1metro m\u00e1ximo del carb\u00f3n<\/strong><\/td><\/tr><tr><td><strong>SL-HC120<\/strong><\/td><td>5,5 kw<\/td><td>120mm<\/td><\/tr><tr><td><strong>SL-HC140<\/strong><\/td><td>7,5 kw<\/td><td>140mm<\/td><\/tr><tr><td><strong>SL-HC160<\/strong><\/td><td>11kw<\/td><td>160mm<\/td><\/tr><tr><td><strong>SL-HC220<\/strong><\/td><td>11kw<\/td><td>220 mm<\/td><\/tr><\/tbody><\/table><\/figure>    <figure class=\"wp-block-image aligncenter size-full\"><img loading=\"lazy\" decoding=\"async\" width=\"720\" height=\"540\" src=\"https:\/\/charcoalplant.com\/wp-content\/uploads\/2022\/02\/coal-press-machine-store-1-1.jpg\" alt=\"tienda-de-maquinas-prensadoras-de-carb\u00f3n\" class=\"wp-image-2424\"\/><figcaption class=\"wp-element-caption\">tienda-de-maquinas-prensadoras-de-carb\u00f3n<\/figcaption><\/figure>    <h2 class=\"wp-block-heading\" id=\"h-mould-of-diesel-coal-briquette-machine\">Molde de m\u00e1quina briquetadora de carb\u00f3n di\u00e9sel<\/h2>    <p>En circunstancias normales, la altura m\u00e1xima de briquetas que esta m\u00e1quina prensadora de polvo de carb\u00f3n pulverizado puede producir es de 13 cm. La altura com\u00fan es de 8-10 cm. Tambi\u00e9n es posible hacer diferentes formas de compactos cambiando el molde, las formas m\u00e1s populares son las de forma hexagonal, redonda, cuadrada, de panal, etc.<\/p>    <figure class=\"wp-block-gallery has-nested-images columns-3 is-cropped wp-block-gallery-5 is-layout-flex wp-block-gallery-is-layout-flex\"> <figure class=\"wp-block-image size-large\"><img loading=\"lazy\" decoding=\"async\" width=\"720\" height=\"540\" data-id=\"2419\" src=\"https:\/\/charcoalplant.com\/wp-content\/uploads\/2022\/02\/briquettes-mould.jpg\" alt=\"molde para briquetas\" class=\"wp-image-2419\"\/><figcaption class=\"wp-element-caption\">molde para briquetas<\/figcaption><\/figure>    <figure class=\"wp-block-image size-large\"><img loading=\"lazy\" decoding=\"async\" width=\"720\" height=\"540\" data-id=\"1342\" src=\"https:\/\/charcoalplant.com\/wp-content\/uploads\/2021\/12\/Various-types-of-briquettes-1.jpg\" alt=\"Varios tipos de briquetas.\" class=\"wp-image-1342\" srcset=\"https:\/\/charcoalplant.com\/wp-content\/uploads\/2021\/12\/Various-types-of-briquettes-1.jpg 720w, https:\/\/charcoalplant.com\/wp-content\/uploads\/2021\/12\/Various-types-of-briquettes-1-300x225.jpg 300w\" sizes=\"auto, (max-width: 720px) 100vw, 720px\" \/><figcaption class=\"wp-element-caption\">Varios tipos de briquetas.<\/figcaption><\/figure>    <figure class=\"wp-block-image size-large\"><img loading=\"lazy\" decoding=\"async\" width=\"720\" height=\"540\" data-id=\"1225\" src=\"https:\/\/charcoalplant.com\/wp-content\/uploads\/2021\/12\/\u6210\u54c12-1-1.jpg\" alt=\"briquetas de carb\u00f3n de diferentes tama\u00f1os\" class=\"wp-image-1225\" srcset=\"https:\/\/charcoalplant.com\/wp-content\/uploads\/2021\/12\/\u6210\u54c12-1-1.jpg 720w, https:\/\/charcoalplant.com\/wp-content\/uploads\/2021\/12\/\u6210\u54c12-1-1-300x225.jpg 300w\" sizes=\"auto, (max-width: 720px) 100vw, 720px\" \/><figcaption class=\"wp-element-caption\">briquetas de carb\u00f3n de diferentes tama\u00f1os<\/figcaption><\/figure>    <figure class=\"wp-block-image size-large\"><img loading=\"lazy\" decoding=\"async\" width=\"720\" height=\"540\" data-id=\"2418\" src=\"https:\/\/charcoalplant.com\/wp-content\/uploads\/2022\/02\/mould-1.jpg\" alt=\"molde-1\" class=\"wp-image-2418\"\/><figcaption class=\"wp-element-caption\">molde-1<\/figcaption><\/figure>    <figure class=\"wp-block-image size-large\"><img loading=\"lazy\" decoding=\"async\" width=\"720\" height=\"540\" data-id=\"1340\" src=\"https:\/\/charcoalplant.com\/wp-content\/uploads\/2021\/12\/briket-molds-1.jpg\" alt=\"moldes de briquetas\" class=\"wp-image-1340\" srcset=\"https:\/\/charcoalplant.com\/wp-content\/uploads\/2021\/12\/briket-molds-1.jpg 720w, https:\/\/charcoalplant.com\/wp-content\/uploads\/2021\/12\/briket-molds-1-300x225.jpg 300w\" sizes=\"auto, (max-width: 720px) 100vw, 720px\" \/><figcaption class=\"wp-element-caption\">moldes de briquetas<\/figcaption><\/figure>    <figure class=\"wp-block-image size-large\"><img loading=\"lazy\" decoding=\"async\" width=\"720\" height=\"540\" data-id=\"1345\" src=\"https:\/\/charcoalplant.com\/wp-content\/uploads\/2021\/12\/Hexagonal-briquette-1.jpg\" alt=\"briqueta hexagonal\" class=\"wp-image-1345\" srcset=\"https:\/\/charcoalplant.com\/wp-content\/uploads\/2021\/12\/Hexagonal-briquette-1.jpg 720w, https:\/\/charcoalplant.com\/wp-content\/uploads\/2021\/12\/Hexagonal-briquette-1-300x225.jpg 300w\" sizes=\"auto, (max-width: 720px) 100vw, 720px\" \/><figcaption class=\"wp-element-caption\">briqueta hexagonal<\/figcaption><\/figure> <\/figure>    <h2 class=\"wp-block-heading\" id=\"h-features-of-honeycomb-coal-press-machine\">Caracter\u00edsticas de la m\u00e1quina prensadora de carb\u00f3n Honeycomb<\/h2>    <ul class=\"wp-block-list\"> <li>Estructura simple y operaci\u00f3n conveniente.<\/li>    <li>Sin accesorios, larga vida \u00fatil.<\/li>    <li>Con precompresi\u00f3n, el producto terminado tiene alta densidad.<\/li>    <li>Nuestra f\u00e1brica brinda un servicio personalizado para la m\u00e1quina prensadora de briquetas de carb\u00f3n en forma de panal. Por ejemplo, el molde, el tama\u00f1o del puerto de entrada, el tama\u00f1o del puerto de salida, etc.<\/li>    <li>Hay dos modos de potencia: motor y di\u00e9sel.<\/li> <\/ul>    <figure class=\"wp-block-image aligncenter size-full\"><img loading=\"lazy\" decoding=\"async\" width=\"720\" height=\"540\" src=\"https:\/\/charcoalplant.com\/wp-content\/uploads\/2021\/12\/140-1-1.jpg\" alt=\"M\u00e1quina extrusora de carb\u00f3n 140\" class=\"wp-image-1222\" srcset=\"https:\/\/charcoalplant.com\/wp-content\/uploads\/2021\/12\/140-1-1.jpg 720w, https:\/\/charcoalplant.com\/wp-content\/uploads\/2021\/12\/140-1-1-300x225.jpg 300w\" sizes=\"auto, (max-width: 720px) 100vw, 720px\" \/><figcaption class=\"wp-element-caption\">M\u00e1quina extrusora de carb\u00f3n 140<\/figcaption><\/figure>    <h2 class=\"wp-block-heading\" id=\"h-diesel-coal-briquetting-machine-for-sale\">M\u00e1quina para fabricar briquetas de carb\u00f3n diesel a la venta<\/h2>    <p class=\"translation-block\">Zhengzhou Shuliy Machinery Equipment Manufacturer es un famoso proveedor de m\u00e1quinas para fabricar carb\u00f3n en China. Ofrecemos m\u00e1quina el\u00e9ctrica de briquetas y m\u00e1quina di\u00e9sel de briquetas en venta. Adem\u00e1s, ahora hemos desarrollado una m\u00e1quina de briquetas de doble alimentaci\u00f3n. Puede producir briquetas o palos de carb\u00f3n con una altura de 13 cm. Tambi\u00e9n vendemos equipos relacionados como <strong><a href=\"https:\/\/charcoalplant.com\/es\/drying-machine\/charcoal-briquette-dryer\/\">m\u00e1quinas de secado de polvos de carb\u00f3n<\/a> <\/strong>y<strong> <a href=\"https:\/\/charcoalplant.com\/es\/briquettes-packing-machine\/charcoal-briquettes-packing-machine\/\">m\u00e1quinas de envasado de carb\u00f3n en panal<\/a><\/strong>. No dude en ponerse en contacto con nosotros si es necesario. Le proporcionaremos el equipo m\u00e1s reciente y par\u00e1metros t\u00e9cnicos.<\/p>    <figure class=\"wp-block-gallery has-nested-images columns-default is-cropped wp-block-gallery-6 is-layout-flex wp-block-gallery-is-layout-flex\"> <figure class=\"wp-block-image size-full\"><img loading=\"lazy\" decoding=\"async\" width=\"400\" height=\"540\" data-id=\"2420\" src=\"https:\/\/charcoalplant.com\/wp-content\/uploads\/2022\/02\/shippment-.jpg\" alt=\"\" class=\"wp-image-2420\"\/><figcaption class=\"wp-element-caption\">briqueta de carb\u00f3n de 6 cm<\/figcaption><\/figure>    <figure class=\"wp-block-image size-full\"><img loading=\"lazy\" decoding=\"async\" width=\"400\" height=\"540\" data-id=\"2421\" src=\"https:\/\/charcoalplant.com\/wp-content\/uploads\/2022\/02\/Honeycomb-coal-forming-machine.jpg\" alt=\"\" class=\"wp-image-2421\"\/><figcaption class=\"wp-element-caption\">briquetas de carb\u00f3n de diferentes tama\u00f1os<\/figcaption><\/figure> <\/figure>","protected":false},"excerpt":{"rendered":"<p>La m\u00e1quina prensadora de carb\u00f3n en forma de panal es un equipo especial para la producci\u00f3n de briquetas. Tambi\u00e9n es el favorito de muchos clientes.<\/p>","protected":false},"author":1,"featured_media":1351,"parent":0,"template":"","tags":[59],"product-type":[44],"class_list":["post-1213","product","type-product","status-publish","has-post-thumbnail","hentry","tag-charcoal-briquetting-machine","product-type-charcoal-briquetting-machine"],"_links":{"self":[{"href":"https:\/\/charcoalplant.com\/es\/wp-json\/wp\/v2\/product\/1213","targetHints":{"allow":["GET"]}}],"collection":[{"href":"https:\/\/charcoalplant.com\/es\/wp-json\/wp\/v2\/product"}],"about":[{"href":"https:\/\/charcoalplant.com\/es\/wp-json\/wp\/v2\/types\/product"}],"author":[{"embeddable":true,"href":"https:\/\/charcoalplant.com\/es\/wp-json\/wp\/v2\/users\/1"}],"wp:featuredmedia":[{"embeddable":true,"href":"https:\/\/charcoalplant.com\/es\/wp-json\/wp\/v2\/media\/1351"}],"wp:attachment":[{"href":"https:\/\/charcoalplant.com\/es\/wp-json\/wp\/v2\/media?parent=1213"}],"wp:term":[{"taxonomy":"post_tag","embeddable":true,"href":"https:\/\/charcoalplant.com\/es\/wp-json\/wp\/v2\/tags?post=1213"},{"taxonomy":"product-type","embeddable":true,"href":"https:\/\/charcoalplant.com\/es\/wp-json\/wp\/v2\/product-type?post=1213"}],"curies":[{"name":"wp","href":"https:\/\/api.w.org\/{rel}","templated":true}]}}