{"id":1235,"date":"2021-12-10T09:02:55","date_gmt":"2021-12-10T09:02:55","guid":{"rendered":"https:\/\/charcoalplant.com\/?p=1235"},"modified":"2023-01-11T16:34:47","modified_gmt":"2023-01-11T08:34:47","slug":"charcoal-ball-press-machine","status":"publish","type":"product","link":"https:\/\/charcoalplant.com\/es\/product\/charcoal-ball-press-machine\/","title":{"rendered":"M\u00e1quina prensadora de bolas de carb\u00f3n | M\u00e1quina de carb\u00f3n para barbacoa"},"content":{"rendered":"<div class=\"kk-star-ratings kksr-auto kksr-align-left kksr-valign-top\"     data-payload='{&quot;align&quot;:&quot;left&quot;,&quot;id&quot;:&quot;1235&quot;,&quot;slug&quot;:&quot;default&quot;,&quot;valign&quot;:&quot;top&quot;,&quot;ignore&quot;:&quot;&quot;,&quot;reference&quot;:&quot;auto&quot;,&quot;class&quot;:&quot;&quot;,&quot;count&quot;:&quot;12&quot;,&quot;legendonly&quot;:&quot;&quot;,&quot;readonly&quot;:&quot;&quot;,&quot;score&quot;:&quot;4.6&quot;,&quot;starsonly&quot;:&quot;&quot;,&quot;best&quot;:&quot;5&quot;,&quot;gap&quot;:&quot;5&quot;,&quot;greet&quot;:&quot;Rate this product&quot;,&quot;legend&quot;:&quot;4.6\\\/5 - (12 votos)&quot;,&quot;size&quot;:&quot;24&quot;,&quot;title&quot;:&quot;Charcoal Ball Press Machine | BBQ Charcoal Machine&quot;,&quot;width&quot;:&quot;130.9&quot;,&quot;_legend&quot;:&quot;{score}\\\/{best} - ({count} {votes})&quot;,&quot;font_factor&quot;:&quot;1.25&quot;}'>              <div class=\"kksr-stars\">      <div class=\"kksr-stars-inactive\">             <div class=\"kksr-star\" data-star=\"1\" style=\"padding-right: 5px\">               <div class=\"kksr-icon\" style=\"width: 24px; height: 24px;\"><\/div>         <\/div>             <div class=\"kksr-star\" data-star=\"2\" style=\"padding-right: 5px\">               <div class=\"kksr-icon\" style=\"width: 24px; height: 24px;\"><\/div>         <\/div>             <div class=\"kksr-star\" data-star=\"3\" style=\"padding-right: 5px\">               <div class=\"kksr-icon\" style=\"width: 24px; height: 24px;\"><\/div>         <\/div>             <div class=\"kksr-star\" data-star=\"4\" style=\"padding-right: 5px\">               <div class=\"kksr-icon\" style=\"width: 24px; height: 24px;\"><\/div>         <\/div>             <div class=\"kksr-star\" data-star=\"5\" style=\"padding-right: 5px\">               <div class=\"kksr-icon\" style=\"width: 24px; height: 24px;\"><\/div>         <\/div>     <\/div>      <div class=\"kksr-stars-active\" style=\"width: 130.9px;\">             <div class=\"kksr-star\" style=\"padding-right: 5px\">               <div class=\"kksr-icon\" style=\"width: 24px; height: 24px;\"><\/div>         <\/div>             <div class=\"kksr-star\" style=\"padding-right: 5px\">               <div class=\"kksr-icon\" style=\"width: 24px; height: 24px;\"><\/div>         <\/div>             <div class=\"kksr-star\" style=\"padding-right: 5px\">               <div class=\"kksr-icon\" style=\"width: 24px; height: 24px;\"><\/div>         <\/div>             <div class=\"kksr-star\" style=\"padding-right: 5px\">               <div class=\"kksr-icon\" style=\"width: 24px; height: 24px;\"><\/div>         <\/div>             <div class=\"kksr-star\" style=\"padding-right: 5px\">               <div class=\"kksr-icon\" style=\"width: 24px; height: 24px;\"><\/div>         <\/div>     <\/div> <\/div>                   <div class=\"kksr-legend\" style=\"font-size: 19.2px;\">             4,6\/5 - (12 votos)    <\/div>     <\/div>  <p class=\"translation-block\"><strong>Charcoal ball press machine<\/strong> es una herramienta para producir ladrillos a partir de polvo de carb\u00f3n o polvo de carb\u00f3n de biomasa. Puede producir briquetas en polvo en diversas formas, como almohada, pan, esf\u00e9ricas, etc. Y estos productos terminados se utilizan ampliamente en metalurgia, centrales el\u00e9ctricas, hornos, calefacci\u00f3n, hosteler\u00eda y otras industrias. Por lo tanto, su mercado es muy grande. La salida de Shuliy <strong><a href=\"https:\/\/charcoalplant.com\/es\/charcoal-briquetting-machine\/charcoal-powder-briquette-machine\/\">m\u00e1quina de briquetado de polvo de carb\u00f3n<\/a><\/strong> es de 5-10t por hora. As\u00ed, puede satisfacer la demanda de producci\u00f3n de <strong><a href=\"https:\/\/charcoalplant.com\/es\/info\/bbq-coal-production-line-installed-in-romania\/\">varias f\u00e1bricas de gran escala<\/a><\/strong>. Bienvenido a consultar el precio de la m\u00e1quina. Y obtendr\u00e1 un gran descuento.<\/p>    <figure class=\"wp-block-image aligncenter size-full\"><img loading=\"lazy\" decoding=\"async\" width=\"720\" height=\"540\" src=\"https:\/\/charcoalplant.com\/wp-content\/uploads\/2022\/02\/charcoal-briquette-forming-machine-for-sale.jpg\" alt=\"\" class=\"wp-image-2402\"\/><figcaption class=\"wp-element-caption\">m\u00e1quina de carb\u00f3n<\/figcaption><\/figure>    <h2 class=\"wp-block-heading\" id=\"h-raw-material-of-charcoal-ball-press-machine\"><strong>Crudo <\/strong><strong>METRO<\/strong><strong>material de <\/strong><strong>C<\/strong><strong>carb\u00f3n <\/strong><strong>B<\/strong><strong>todo <\/strong><strong>PAG<\/strong><strong>ress<\/strong><strong>&nbsp;M\u00e1quina<\/strong><strong><\/strong><\/h2>    <p class=\"translation-block\">Las m\u00e1quinas de briquetas de carb\u00f3n se utilizan ampliamente. Las materias primas pueden ser polvo de carb\u00f3n, polvo de hierro, polvo de carbono, polvo de aluminio, yeso, etc. Adem\u00e1s, se pueden utilizar materiales de desecho como virutas de hierro, escoria, relaves, lodos y caol\u00edn. La finura de estas materias primas debe ser inferior a 5 mm. Las materias primas de las m\u00e1quinas formadoras de polvo de carb\u00f3n, como el polvo de carb\u00f3n y el polvo de carb\u00f3n vegetal, deben pretratarse con un <strong><a href=\"https:\/\/charcoalplant.com\/es\/grinder-and-mixer\/charcoal-powder-mixer\/\">aglutinante<\/a><\/strong>. (Algunas materias primas no necesitan a\u00f1adir adhesivo, consulte para m\u00e1s detalles).<\/p>    <figure class=\"wp-block-image aligncenter size-full\"><img loading=\"lazy\" decoding=\"async\" width=\"2293\" height=\"414\" src=\"https:\/\/charcoalplant.com\/wp-content\/uploads\/2021\/12\/raw-materials-of-charcoal-ball-press-machine.png\" alt=\"Materias primas de la m\u00e1quina prensadora de bolas de carb\u00f3n.\" class=\"wp-image-2396\"\/><figcaption class=\"wp-element-caption\">Materias primas de la m\u00e1quina prensadora de bolas de carb\u00f3n.<\/figcaption><\/figure>    <h2 class=\"wp-block-heading\" id=\"h-sturcture-of-charcoal-ball-briquette-machine\"><strong>Estructura de la m\u00e1quina briquetadora de bolas de carb\u00f3n<\/strong><\/h2>    <p>La m\u00e1quina formadora de briquetas de carb\u00f3n incluye principalmente tolva, engranaje, rodillo prensador, cinta transportadora, motor, controlador de velocidad y otras estructuras. Dos de los engranajes accionan dos moldes de rodillos. Debido al movimiento de los rodillos de presi\u00f3n uno hacia el otro, los dos hemisferios pueden formar una esfera completa.<\/p>    <div class=\"wp-block-columns has-background is-layout-flex wp-container-core-columns-is-layout-28f84493 wp-block-columns-is-layout-flex\" style=\"background-color:#f1f1f1\"> <div class=\"wp-block-column is-layout-flow wp-block-column-is-layout-flow\" style=\"flex-basis:66.66%\"> <figure class=\"wp-block-gallery has-nested-images columns-default is-cropped wp-block-gallery-2 is-layout-flex wp-block-gallery-is-layout-flex\"> <figure class=\"wp-block-image size-large\"><img loading=\"lazy\" decoding=\"async\" width=\"720\" height=\"540\" data-id=\"2397\" src=\"https:\/\/charcoalplant.com\/wp-content\/uploads\/2022\/02\/inlet-of-charcoal-ball-press-machine.jpg\" alt=\"\" class=\"wp-image-2397\"\/><\/figure> <\/figure> <\/div>    <div class=\"wp-block-column is-vertically-aligned-center is-layout-flow wp-block-column-is-layout-flow\" style=\"flex-basis:33.33%\"> <p class=\"translation-block\"><strong>Entrada<\/strong><\/p>    <p>El puerto de alimentaci\u00f3n de la m\u00e1quina prensadora de bolas de carb\u00f3n tiene un dispositivo de alimentaci\u00f3n por tornillo. Por un lado, puede controlar la velocidad de alimentaci\u00f3n para evitar la acumulaci\u00f3n de polvo de carb\u00f3n o carb\u00f3n en polvo. Por otro lado, se garantiza que los materiales h\u00famedos puedan alimentarse de forma continua y uniforme a los rodillos de la m\u00e1quina formadora.<\/p> <\/div> <\/div>    <div class=\"wp-block-columns has-background is-layout-flex wp-container-core-columns-is-layout-28f84493 wp-block-columns-is-layout-flex\" style=\"background-color:#f1f1f1\"> <div class=\"wp-block-column is-vertically-aligned-center is-layout-flow wp-block-column-is-layout-flow\" style=\"flex-basis:33.33%\"> <p class=\"translation-block\"><strong>Rodillo de presi\u00f3n<\/strong><\/p>    <p>Las pieles de los rodillos se pueden dise\u00f1ar en varios estilos para producir briquetas de carb\u00f3n de diversas formas. El material se transforma r\u00e1pidamente en un bloque de carbono esf\u00e9rico mediante la poderosa compresi\u00f3n mec\u00e1nica de los rodillos.<\/p> <\/div>    <div class=\"wp-block-column is-layout-flow wp-block-column-is-layout-flow\" style=\"flex-basis:66.66%\"> <figure class=\"wp-block-gallery has-nested-images columns-default is-cropped wp-block-gallery-3 is-layout-flex wp-block-gallery-is-layout-flex\"> <figure class=\"wp-block-image size-large\"><img loading=\"lazy\" decoding=\"async\" width=\"720\" height=\"540\" data-id=\"2398\" src=\"https:\/\/charcoalplant.com\/wp-content\/uploads\/2022\/02\/pressure-roller.jpg\" alt=\"\" class=\"wp-image-2398\"\/><\/figure> <\/figure> <\/div> <\/div>    <div class=\"wp-block-columns has-background is-layout-flex wp-container-core-columns-is-layout-28f84493 wp-block-columns-is-layout-flex\" style=\"background-color:#f1f1f1\"> <div class=\"wp-block-column is-layout-flow wp-block-column-is-layout-flow\" style=\"flex-basis:66.66%\"> <figure class=\"wp-block-gallery has-nested-images columns-default is-cropped wp-block-gallery-4 is-layout-flex wp-block-gallery-is-layout-flex\"> <figure class=\"wp-block-image size-large\"><img loading=\"lazy\" decoding=\"async\" width=\"720\" height=\"540\" data-id=\"2400\" src=\"https:\/\/charcoalplant.com\/wp-content\/uploads\/2022\/02\/outlet.jpg\" alt=\"\" class=\"wp-image-2400\"\/><\/figure> <\/figure> <\/div>    <div class=\"wp-block-column is-vertically-aligned-center is-layout-flow wp-block-column-is-layout-flow\" style=\"flex-basis:33.33%\"> <p class=\"translation-block\"><strong>Salida<\/strong><\/p>    <p>El producto terminado cae sobre la cinta transportadora y sale por el puerto de descarga. Y hay una pantalla de hierro en la salida de la m\u00e1quina de briquetas de carb\u00f3n pulverizado. Puede separar desechos y productos terminados. Los restos tamizados se recogen y utilizan.<\/p> <\/div> <\/div>    <figure class=\"wp-block-gallery has-nested-images columns-default is-cropped wp-block-gallery-5 is-layout-flex wp-block-gallery-is-layout-flex\"> <figure class=\"wp-block-image size-large\"><img loading=\"lazy\" decoding=\"async\" width=\"720\" height=\"540\" data-id=\"1936\" src=\"https:\/\/charcoalplant.com\/wp-content\/uploads\/2021\/12\/Customers-production-site-2.jpg\" alt=\"Clientes-sitio-de-producci\u00f3n\" class=\"wp-image-1936\"\/><figcaption class=\"wp-element-caption\">Clientes-sitio-de-producci\u00f3n<\/figcaption><\/figure>    <figure class=\"wp-block-image size-large\"><img loading=\"lazy\" decoding=\"async\" width=\"720\" height=\"540\" data-id=\"1944\" src=\"https:\/\/charcoalplant.com\/wp-content\/uploads\/2022\/01\/finished-products-1.jpg\" alt=\"productos terminados\" class=\"wp-image-1944\"\/><figcaption class=\"wp-element-caption\">productos terminados<\/figcaption><\/figure> <\/figure>    <h2 class=\"wp-block-heading\" id=\"h-mineral-powder-ball-press-machine\"><strong>M\u00e1quina de prensa de bolas de polvo de carb\u00f3n<\/strong><\/h2>    <p>La prensa de carb\u00f3n en polvo seco es un tipo de equipo de prensa de carb\u00f3n que puede procesar directamente el polvo seco sin agregar adhesivo. Sus materias primas de producci\u00f3n incluyen carb\u00f3n en polvo, cenizas de chimenea, ceniza blanca, polvo de mineral de hierro, polvo de plomo, etc. Las bolas de presi\u00f3n met\u00e1licas se utilizan principalmente en la industria de la fundici\u00f3n. El equipo de prensado de carb\u00f3n en polvo seco tiene 3 motores. Es m\u00e1s, pueden controlar el motor principal, el sistema hidr\u00e1ulico y la cinta transportadora respectivamente. Por el buen color de las bolas prensadas que produce, existen muchos tipos. Entonces habr\u00e1 muchos clientes haciendo pedidos. Es un dispositivo hidr\u00e1ulico de alta presi\u00f3n con un muy buen efecto de formaci\u00f3n.<\/p>    <figure class=\"wp-block-image aligncenter size-full\"><img loading=\"lazy\" decoding=\"async\" width=\"720\" height=\"540\" src=\"https:\/\/charcoalplant.com\/wp-content\/uploads\/2021\/12\/New-dry-powder-ball-press-machine-2.jpg\" alt=\"Nueva m\u00e1quina prensadora de bolas de polvo seco\" class=\"wp-image-1940\"\/><figcaption class=\"wp-element-caption\">Nueva m\u00e1quina prensadora de bolas de polvo seco<\/figcaption><\/figure>    <figure class=\"wp-block-gallery has-nested-images columns-default is-cropped wp-block-gallery-6 is-layout-flex wp-block-gallery-is-layout-flex\"> <figure class=\"wp-block-image size-large\"><img loading=\"lazy\" decoding=\"async\" width=\"720\" height=\"540\" data-id=\"1354\" src=\"https:\/\/charcoalplant.com\/wp-content\/uploads\/2021\/12\/dry-powder-briquette-machine-1.jpg\" alt=\"m\u00e1quina de briquetas de polvo seco\" class=\"wp-image-1354\" srcset=\"https:\/\/charcoalplant.com\/wp-content\/uploads\/2021\/12\/dry-powder-briquette-machine-1.jpg 720w, https:\/\/charcoalplant.com\/wp-content\/uploads\/2021\/12\/dry-powder-briquette-machine-1-300x225.jpg 300w\" sizes=\"auto, (max-width: 720px) 100vw, 720px\" \/><figcaption class=\"wp-element-caption\">m\u00e1quina de briquetas de polvo seco<\/figcaption><\/figure>    <figure class=\"wp-block-image size-large\"><img loading=\"lazy\" decoding=\"async\" width=\"720\" height=\"540\" data-id=\"1244\" src=\"https:\/\/charcoalplant.com\/wp-content\/uploads\/2021\/12\/Working-principle-of-ball-press-1.jpg\" alt=\"Principio-de-funcionamiento-de-la-prensa-de-bolas\" class=\"wp-image-1244\" srcset=\"https:\/\/charcoalplant.com\/wp-content\/uploads\/2021\/12\/Working-principle-of-ball-press-1.jpg 720w, https:\/\/charcoalplant.com\/wp-content\/uploads\/2021\/12\/Working-principle-of-ball-press-1-300x225.jpg 300w\" sizes=\"auto, (max-width: 720px) 100vw, 720px\" \/><figcaption class=\"wp-element-caption\">Principio-de-funcionamiento-de-la-prensa-de-bolas<\/figcaption><\/figure> <\/figure>    <h2 class=\"wp-block-heading\" id=\"h-finished-product-of-charcoal-ball-forming-machine\"><strong>Producto terminado<\/strong> <strong>de<\/strong> <strong>M\u00e1quina de prensa de bolas de carb\u00f3n<\/strong><\/h2>    <p>La forma de la m\u00e1quina briquetadora de polvo de carb\u00f3n est\u00e1 determinada por su molde. Nuestra f\u00e1brica puede proporcionar a los clientes moldes tipo almohada, esf\u00e9ricos, de pan y otros. Adem\u00e1s, personalizamos patrones de moldes y textos para los clientes. <\/p>    <figure class=\"wp-block-image size-full\"><img loading=\"lazy\" decoding=\"async\" width=\"800\" height=\"503\" src=\"https:\/\/charcoalplant.com\/wp-content\/uploads\/2022\/02\/mould-of-charcoal-powder-and-mineral-powder.jpg\" alt=\"\" class=\"wp-image-2401\"\/><\/figure>    <h2 class=\"wp-block-heading\" id=\"parameters-of-bbq-charcoal-ball-press-machine\"><strong>Par\u00e1metros de<\/strong> <strong>M\u00e1quina prensadora de bolas de carb\u00f3n para barbacoa<\/strong><\/h2>    <p>Para satisfacer las necesidades del cliente, no solo se pueden personalizar el di\u00e1metro y el ancho de los rodillos de presi\u00f3n. Y el patr\u00f3n del molde y el texto tambi\u00e9n se pueden personalizar.<\/p>    <figure class=\"wp-block-table is-style-stripes\"><table><tbody><tr><td>Modelo<\/td><td>Tama\u00f1o del rodillo (mm)<\/td><td>Velocidad del husillo (r\/min)<\/td><td>Potencia (kilovatios)<\/td><td>Capacidad(t\/h)<\/td><td>Dimensi\u00f3n (m)<\/td><\/tr><tr><td>SL-BP290<\/td><td>290*200<\/td><td>12-15<\/td><td>5.5-7.5<\/td><td>1-3<\/td><td>1.6*1.2*1.4<\/td><\/tr><tr><td>SL-BP360<\/td><td>360*250<\/td><td>12-15<\/td><td>7.5-11<\/td><td>3-5<\/td><td>2.1*1.3*1.76<\/td><\/tr><tr><td>SL-BP430<\/td><td>430*250<\/td><td>12-15<\/td><td>15-18.5<\/td><td>4-7<\/td><td>2.3*1.53*1.9<\/td><\/tr><tr><td>SL-BP500<\/td><td>500*300<\/td><td>12-15<\/td><td>22-30<\/td><td>5-10<\/td><td>2.6*1.75*2.1<\/td><\/tr><tr><td>SL-BP650<\/td><td>650*350<\/td><td>10-13<\/td><td>37-55<\/td><td>8-13<\/td><td>3.42*2*2.2<\/td><\/tr><tr><td>SL-BP750<\/td><td>750*380<\/td><td>10-13<\/td><td>45-75<\/td><td>12-17<\/td><td>3.7*2.55*2.6<\/td><\/tr><tr><td>SL-BP850<\/td><td>850*460<\/td><td>10-13<\/td><td>75-110<\/td><td>15-20<\/td><td>3.9*2.6*2.7<\/td><\/tr><tr><td>SL-BP1000<\/td><td>1000*530<\/td><td>10-13<\/td><td>110-132<\/td><td>20-30<\/td><td>4*2.8*2.8<\/td><\/tr><\/tbody><\/table><\/figure>    <figure class=\"wp-block-image aligncenter size-full\"><img loading=\"lazy\" decoding=\"async\" width=\"1063\" height=\"803\" src=\"https:\/\/charcoalplant.com\/wp-content\/uploads\/2022\/02\/bbq-charcoal-machine-for-sale.jpg\" alt=\"Vendo m\u00e1quina de carb\u00f3n para barbacoa\" class=\"wp-image-2403\"\/><figcaption class=\"wp-element-caption\">Vendo m\u00e1quina de carb\u00f3n para barbacoa<\/figcaption><\/figure>    <h2 class=\"wp-block-heading\" id=\"h-video-of-barbecue-charcoal-machine\"><strong>V\u00eddeo de carb\u00f3n <strong>Parilla<\/strong><\/strong> <strong>M\u00e1quina<\/strong><\/h2>    <p>El siguiente v\u00eddeo muestra el proceso de producci\u00f3n de la f\u00e1brica de carb\u00f3n para barbacoas. Y sus pasos de trabajo son muy simples. Por lo tanto, podr\u00e1 comprender f\u00e1cilmente el proceso de funcionamiento de la m\u00e1quina de carb\u00f3n.<\/p>    <figure class=\"wp-block-embed is-type-video is-provider-youtube wp-block-embed-youtube wp-embed-aspect-16-9 wp-has-aspect-ratio\"><div class=\"wp-block-embed__wrapper\"> <iframe loading=\"lazy\" title=\"M\u00e1quina prensadora de bolas de carb\u00f3n para barbacoa\/polvo de carb\u00f3n | Briquetas de minerales\/metales para plantas de fundici\u00f3n\" width=\"500\" height=\"281\" src=\"https:\/\/www.youtube.com\/embed\/VIJt2nuZkYE?feature=oembed\" frameborder=\"0\" allow=\"accelerometer; autoplay; clipboard-write; encrypted-media; gyroscope; picture-in-picture; web-share\" referrerpolicy=\"strict-origin-when-cross-origin\" allowfullscreen><\/iframe> <\/div><\/figure>    <h2 class=\"wp-block-heading\" id=\"h-roller-mineral-powder-press-for-sale\"><strong>Prensa de rodillos para polvo mineral a la venta<\/strong><\/h2>    <p class=\"translation-block\"><a href=\"https:\/\/charcoalplant.com\/es\/\"><strong>Shuliy Machinery Equipment Co., Ltd<\/strong><\/a>, se especializa en la fabricaci\u00f3n de todo tipo de equipos de producci\u00f3n de m\u00e1quinas de carb\u00f3n. Nuestra f\u00e1brica ofrece a los clientes varios moldes de m\u00e1quinas de bloques de carb\u00f3n. Por ejemplo, ovalado, pan, almohada, columna, cuadrado, esf\u00e9rico, etc. Nuestra empresa vende prensas de bolas para material h\u00famedo y prensas de bolas para material seco. Adem\u00e1s, tambi\u00e9n vendemos secadores, mezcladores,<strong><a href=\"https:\/\/charcoalplant.com\/es\/hammer-mill\/\"> <\/a><a href=\"https:\/\/charcoalplant.com\/es\/briquettes-packing-machine\/charcoal-briquettes-packing-machine\/\">maquina de empaquetado de carb\u00f3n<\/a><\/strong>, y as\u00ed sucesivamente. Cont\u00e1ctenos ahora para obtener la lista m\u00e1s reciente de m\u00e1quinas de bola prensar carb\u00f3n.<\/p>    <figure class=\"wp-block-gallery has-nested-images columns-default is-cropped wp-block-gallery-7 is-layout-flex wp-block-gallery-is-layout-flex\"> <figure class=\"wp-block-image size-large\"><img loading=\"lazy\" decoding=\"async\" width=\"720\" height=\"540\" data-id=\"2404\" src=\"https:\/\/charcoalplant.com\/wp-content\/uploads\/2022\/02\/charcoal-ball-press-machine-plant.jpg\" alt=\"Planta de m\u00e1quina de prensa de bolas de carb\u00f3n\" class=\"wp-image-2404\"\/><figcaption class=\"wp-element-caption\">Planta de m\u00e1quina de prensa de bolas de carb\u00f3n<\/figcaption><\/figure>    <figure class=\"wp-block-image size-large\"><img loading=\"lazy\" decoding=\"async\" width=\"720\" height=\"540\" data-id=\"2405\" src=\"https:\/\/charcoalplant.com\/wp-content\/uploads\/2022\/02\/shippment-2.jpg\" alt=\"env\u00edo\" class=\"wp-image-2405\"\/><figcaption class=\"wp-element-caption\">env\u00edo<\/figcaption><\/figure> <\/figure>    <p><\/p>","protected":false},"excerpt":{"rendered":"<p>La m\u00e1quina prensadora de bolas de carb\u00f3n es una herramienta que utiliza carb\u00f3n en polvo, polvo de carb\u00f3n, polvo de hierro, polvo de aluminio, etc. para producir briket.<\/p>","protected":false},"author":1,"featured_media":1237,"parent":0,"template":"","tags":[59],"product-type":[44],"class_list":["post-1235","product","type-product","status-publish","has-post-thumbnail","hentry","tag-charcoal-briquetting-machine","product-type-charcoal-briquetting-machine"],"_links":{"self":[{"href":"https:\/\/charcoalplant.com\/es\/wp-json\/wp\/v2\/product\/1235","targetHints":{"allow":["GET"]}}],"collection":[{"href":"https:\/\/charcoalplant.com\/es\/wp-json\/wp\/v2\/product"}],"about":[{"href":"https:\/\/charcoalplant.com\/es\/wp-json\/wp\/v2\/types\/product"}],"author":[{"embeddable":true,"href":"https:\/\/charcoalplant.com\/es\/wp-json\/wp\/v2\/users\/1"}],"wp:featuredmedia":[{"embeddable":true,"href":"https:\/\/charcoalplant.com\/es\/wp-json\/wp\/v2\/media\/1237"}],"wp:attachment":[{"href":"https:\/\/charcoalplant.com\/es\/wp-json\/wp\/v2\/media?parent=1235"}],"wp:term":[{"taxonomy":"post_tag","embeddable":true,"href":"https:\/\/charcoalplant.com\/es\/wp-json\/wp\/v2\/tags?post=1235"},{"taxonomy":"product-type","embeddable":true,"href":"https:\/\/charcoalplant.com\/es\/wp-json\/wp\/v2\/product-type?post=1235"}],"curies":[{"name":"wp","href":"https:\/\/api.w.org\/{rel}","templated":true}]}}