{"id":1259,"date":"2021-12-13T08:32:22","date_gmt":"2021-12-13T08:32:22","guid":{"rendered":"https:\/\/charcoalplant.com\/?p=1259"},"modified":"2023-01-11T16:09:58","modified_gmt":"2023-01-11T08:09:58","slug":"best-shisha-charcoal-machine","status":"publish","type":"product","link":"https:\/\/charcoalplant.com\/es\/product\/best-shisha-charcoal-machine\/","title":{"rendered":"M\u00e1quina de carb\u00f3n para shisha | M\u00e1quina de briquetas de carb\u00f3n"},"content":{"rendered":"<div class=\"kk-star-ratings kksr-auto kksr-align-left kksr-valign-top\"     data-payload='{&quot;align&quot;:&quot;left&quot;,&quot;id&quot;:&quot;1259&quot;,&quot;slug&quot;:&quot;default&quot;,&quot;valign&quot;:&quot;top&quot;,&quot;ignore&quot;:&quot;&quot;,&quot;reference&quot;:&quot;auto&quot;,&quot;class&quot;:&quot;&quot;,&quot;count&quot;:&quot;21&quot;,&quot;legendonly&quot;:&quot;&quot;,&quot;readonly&quot;:&quot;&quot;,&quot;score&quot;:&quot;4.7&quot;,&quot;starsonly&quot;:&quot;&quot;,&quot;best&quot;:&quot;5&quot;,&quot;gap&quot;:&quot;5&quot;,&quot;greet&quot;:&quot;Rate this product&quot;,&quot;legend&quot;:&quot;4.7\\\/5 - (21 votos)&quot;,&quot;size&quot;:&quot;24&quot;,&quot;title&quot;:&quot;Shisha Charcoal Machine | Charcoal Briquette Machine&quot;,&quot;width&quot;:&quot;133.8&quot;,&quot;_legend&quot;:&quot;{score}\\\/{best} - ({count} {votes})&quot;,&quot;font_factor&quot;:&quot;1.25&quot;}'>              <div class=\"kksr-stars\">      <div class=\"kksr-stars-inactive\">             <div class=\"kksr-star\" data-star=\"1\" style=\"padding-right: 5px\">               <div class=\"kksr-icon\" style=\"width: 24px; height: 24px;\"><\/div>         <\/div>             <div class=\"kksr-star\" data-star=\"2\" style=\"padding-right: 5px\">               <div class=\"kksr-icon\" style=\"width: 24px; height: 24px;\"><\/div>         <\/div>             <div class=\"kksr-star\" data-star=\"3\" style=\"padding-right: 5px\">               <div class=\"kksr-icon\" style=\"width: 24px; height: 24px;\"><\/div>         <\/div>             <div class=\"kksr-star\" data-star=\"4\" style=\"padding-right: 5px\">               <div class=\"kksr-icon\" style=\"width: 24px; height: 24px;\"><\/div>         <\/div>             <div class=\"kksr-star\" data-star=\"5\" style=\"padding-right: 5px\">               <div class=\"kksr-icon\" style=\"width: 24px; height: 24px;\"><\/div>         <\/div>     <\/div>      <div class=\"kksr-stars-active\" style=\"width: 133.8px;\">             <div class=\"kksr-star\" style=\"padding-right: 5px\">               <div class=\"kksr-icon\" style=\"width: 24px; height: 24px;\"><\/div>         <\/div>             <div class=\"kksr-star\" style=\"padding-right: 5px\">               <div class=\"kksr-icon\" style=\"width: 24px; height: 24px;\"><\/div>         <\/div>             <div class=\"kksr-star\" style=\"padding-right: 5px\">               <div class=\"kksr-icon\" style=\"width: 24px; height: 24px;\"><\/div>         <\/div>             <div class=\"kksr-star\" style=\"padding-right: 5px\">               <div class=\"kksr-icon\" style=\"width: 24px; height: 24px;\"><\/div>         <\/div>             <div class=\"kksr-star\" style=\"padding-right: 5px\">               <div class=\"kksr-icon\" style=\"width: 24px; height: 24px;\"><\/div>         <\/div>     <\/div> <\/div>                   <div class=\"kksr-legend\" style=\"font-size: 19.2px;\">             4,7\/5 - (21 votos)    <\/div>     <\/div>  <p class=\"translation-block\"><strong>Shisha charcoal machine<\/strong> es el equipo especial para fabricar carb\u00f3n de hookah redondo y cuadrado. Por lo tanto, en comparaci\u00f3n con otras m\u00e1quinas de briquetas de polvo de carb\u00f3n, la m\u00e1quina de briquetaje de carb\u00f3n para shisha tiene una mayor presi\u00f3n y una mejor formaci\u00f3n del carb\u00f3n para shisha. El carb\u00f3n para hookah producido por la m\u00e1quina de carb\u00f3n para hookah Shuliy es duro en textura, f\u00e1cil de encender y tiene menos cenizas. El tiempo de combusti\u00f3n de cada carb\u00f3n para hookah es de 40-60 minutos. <\/p>    <p class=\"translation-block\">Actualmente hay cuatro tipos de m\u00e1quinas para fabricar carb\u00f3n para shisha disponibles en nuestra f\u00e1brica. Son m\u00e1quinas mec\u00e1nicas de carb\u00f3n para shisha, <strong><a href=\"https:\/\/charcoalplant.com\/es\/info\/british-hookah-briquette-factory-purchased-hydraulic-shisha-coal-machines\/\">m\u00e1quinas hidr\u00e1ulicas de carb\u00f3n para shisha<\/a><\/strong>, m\u00e1quinas de carb\u00f3n para shisha de acero inoxidable (totalmente autom\u00e1ticas y semiautom\u00e1ticas) y <strong><a href=\"https:\/\/charcoalplant.com\/es\/charcoal-briquetting-machine\/rotary-hookah-tablet-press\/\">m\u00e1quinas rotativas de carb\u00f3n para shisha<\/a><\/strong>. Las tres primeras se describen a continuaci\u00f3n. Cont\u00e1ctenos ahora para comenzar su negocio. Y, le ofreceremos precios econ\u00f3micos.<\/p>    <h2 class=\"wp-block-heading\" id=\"raw-materials-for-making-shisha-charcoal\">Materias primas para la fabricaci\u00f3n de carb\u00f3n para shisha<\/h2>    <p class=\"translation-block\">Aunque el carb\u00f3n para hookah tambi\u00e9n est\u00e1 hecho de polvo de carb\u00f3n, sus requisitos de materia prima son m\u00e1s altos. Generalmente utiliza carb\u00f3n de bamb\u00fa, carb\u00f3n de madera dura, carb\u00f3n de c\u00e1scara de coco, carb\u00f3n de c\u00e1scara de palma, carb\u00f3n de c\u00e1scara de oliva, <strong><a href=\"https:\/\/charcoalplant.com\/es\/info\/can-these-briquetting-machines-make-alfalfa-molar-sticks\/\">Alfalfa<\/a><\/strong>, etc. Estos carbones tienen las caracter\u00edsticas de buen color y buena adsorci\u00f3n. Adem\u00e1s, el polvo de carb\u00f3n necesita mezclarse con una cantidad apropiada de aglutinante utilizando un <strong><a href=\"https:\/\/charcoalplant.com\/es\/product\/charcoal-powder-mixer\/\">mezclador de polvo de carb\u00f3n<\/a><\/strong>.<\/p>    <figure class=\"wp-block-image aligncenter size-full\"><img loading=\"lazy\" decoding=\"async\" width=\"720\" height=\"540\" src=\"https:\/\/charcoalplant.com\/wp-content\/uploads\/2022\/02\/charcoal-powder-1.jpg\" alt=\"polvo de carb\u00f3n\" class=\"wp-image-2459\"\/><figcaption class=\"wp-element-caption\">polvo de carb\u00f3n<\/figcaption><\/figure>    <h2 class=\"wp-block-heading\" id=\"type-1-mechanical-coconut-charcoal-tablet-press\"><strong>Tipo 1: <\/strong>M\u00e1quina mec\u00e1nica de briquetas de carb\u00f3n Shisha<\/h2>    <p>Sus moldes y cintas transportadoras est\u00e1n controlados por dispositivos mec\u00e1nicos. Por tanto, es una briquetadora de carb\u00f3n con la estructura m\u00e1s sencilla. Y todo el proceso es impulsado por el motor. El engranaje impulsa el balanc\u00edn para controlar la elevaci\u00f3n del molde. Luego, los pesos controlan indirectamente el funcionamiento de la cinta transportadora. La presi\u00f3n de la m\u00e1quina formadora de carb\u00f3n mec\u00e1nico para shisha es de 20t. La cantidad de carb\u00f3n para shisha que se forma al mismo tiempo es 15. (Esto tambi\u00e9n est\u00e1 relacionado con las especificaciones de la l\u00e1mina de carb\u00f3n para shisha)<\/p>    <figure class=\"wp-block-image aligncenter size-full\"><img loading=\"lazy\" decoding=\"async\" width=\"720\" height=\"540\" src=\"https:\/\/charcoalplant.com\/wp-content\/uploads\/2022\/02\/Coconut-Charcoal-Tablet-Press-for-Sale.jpg\" alt=\"\" class=\"wp-image-2463\"\/><figcaption class=\"wp-element-caption\">Prensa de tabletas de carb\u00f3n de coco a la venta<\/figcaption><\/figure>    <h3 class=\"wp-block-heading\" id=\"parameters-of-hookah-coal-maker\">Par\u00e1metros del fabricante de carb\u00f3n para cachimba<\/h3>    <figure class=\"wp-block-table is-style-stripes\"><table><tbody><tr><td>Tipo<\/td><td>Fuerza<\/td><td>Capacidad<\/td><td>Dimensi\u00f3n<\/td><td>Presi\u00f3n<\/td><td>Peso<\/td><\/tr><tr><td>tipo mecanico<\/td><td>7,5 kw<\/td><td>300kg\/h<\/td><td>1,7*1,5*1,2 m<\/td><td>25 toneladas<\/td><td>1500 kilos<\/td><\/tr><\/tbody><\/table><\/figure>    <h2 class=\"wp-block-heading\" id=\"type-2-hydraulic-shisha-charcoal-machine\"><strong>Tipo 2:<\/strong> M\u00e1quina hidr\u00e1ulica de carb\u00f3n para shisha<\/h2>    <p>La m\u00e1quina hidr\u00e1ulica para fabricar carb\u00f3n para narguile incluye tres partes: un gabinete de control, una estaci\u00f3n hidr\u00e1ulica y un cuerpo principal. Por lo tanto, ocupa un \u00e1rea mayor que una m\u00e1quina mec\u00e1nica de carb\u00f3n para narguile. Pero su presi\u00f3n puede alcanzar las 100t. Y su velocidad de producci\u00f3n se puede ajustar. Por lo tanto, el uso de una m\u00e1quina de carb\u00f3n para shisha hidr\u00e1ulica equivale a 2-3 m\u00e1quinas de carb\u00f3n para shisha mec\u00e1nicas.<\/p>    <figure class=\"wp-block-image aligncenter size-full\"><img loading=\"lazy\" decoding=\"async\" width=\"720\" height=\"540\" src=\"https:\/\/charcoalplant.com\/wp-content\/uploads\/2022\/01\/hydraulic-shisha-charcoal-press.jpg\" alt=\"prensa hidr\u00e1ulica de carb\u00f3n para shisha\" class=\"wp-image-1950\"\/><figcaption class=\"wp-element-caption\">prensa hidr\u00e1ulica de carb\u00f3n para shisha<\/figcaption><\/figure>    <h2 class=\"wp-block-heading\" id=\"structure-of-hydraulic-shisha-charcoal-making-machine\">Estructura de la m\u00e1quina hidr\u00e1ulica de carb\u00f3n para shisha<\/h2>    <div class=\"wp-block-columns has-background is-layout-flex wp-container-core-columns-is-layout-28f84493 wp-block-columns-is-layout-flex\" style=\"background-color:#f1f1f1\"> <div class=\"wp-block-column is-vertically-aligned-center is-layout-flow wp-block-column-is-layout-flow\" style=\"flex-basis:33.33%\"> <p class=\"translation-block\"><strong>Mesa de operaciones<\/strong><\/p>    <p>El equipo se puede poner en marcha con una llave a trav\u00e9s del armario de control. Adem\u00e1s, cuenta con tres motores para controlar la bomba hidr\u00e1ulica, la mezcla de alimento y la cinta transportadora, respectivamente. <\/p> <\/div>    <div class=\"wp-block-column is-layout-flow wp-block-column-is-layout-flow\" style=\"flex-basis:66.66%\"> <figure class=\"wp-block-gallery has-nested-images columns-default is-cropped wp-block-gallery-2 is-layout-flex wp-block-gallery-is-layout-flex\"> <figure class=\"wp-block-image size-large\"><img loading=\"lazy\" decoding=\"async\" width=\"720\" height=\"540\" data-id=\"2464\" src=\"https:\/\/charcoalplant.com\/wp-content\/uploads\/2022\/02\/Hookah-charcoal-tablet-press-operating-table.jpg\" alt=\"Mesa-de-operaci\u00f3n-prensa-de-tabletas-de-carb\u00f3n-narguile\" class=\"wp-image-2464\"\/><figcaption class=\"wp-element-caption\">Mesa-de-operaci\u00f3n-prensa-de-tabletas-de-carb\u00f3n-narguile<\/figcaption><\/figure> <\/figure> <\/div> <\/div>    <div class=\"wp-block-columns has-background is-layout-flex wp-container-core-columns-is-layout-28f84493 wp-block-columns-is-layout-flex\" style=\"background-color:#f1f1f1\"> <div class=\"wp-block-column is-layout-flow wp-block-column-is-layout-flow\" style=\"flex-basis:66.66%\"> <figure class=\"wp-block-gallery has-nested-images columns-default is-cropped wp-block-gallery-3 is-layout-flex wp-block-gallery-is-layout-flex\"> <figure class=\"wp-block-image size-large\"><img loading=\"lazy\" decoding=\"async\" width=\"720\" height=\"540\" data-id=\"1270\" src=\"https:\/\/charcoalplant.com\/wp-content\/uploads\/2021\/12\/IMG_8957_\u526f\u672c-1.jpg\" alt=\"moldes para m\u00e1quina de carb\u00f3n shisha\" class=\"wp-image-1270\" srcset=\"https:\/\/charcoalplant.com\/wp-content\/uploads\/2021\/12\/IMG_8957_\u526f\u672c-1.jpg 720w, https:\/\/charcoalplant.com\/wp-content\/uploads\/2021\/12\/IMG_8957_\u526f\u672c-1-300x225.jpg 300w\" sizes=\"auto, (max-width: 720px) 100vw, 720px\" \/><figcaption class=\"wp-element-caption\">moldes para m\u00e1quina de carb\u00f3n shisha<\/figcaption><\/figure> <\/figure> <\/div>    <div class=\"wp-block-column is-vertically-aligned-center is-layout-flow wp-block-column-is-layout-flow\" style=\"flex-basis:33.33%\"> <p class=\"translation-block\"><strong>Moldes<\/strong><\/p>    <p>Su molde tiene tres partes: superior, media e inferior. Porque el tama\u00f1o del carb\u00f3n de narguile es principalmente de 2 a 3 cm. Por lo tanto, el molde de la m\u00e1quina para fabricar carb\u00f3n para narguile tiene el mismo tama\u00f1o. Adem\u00e1s, ofrecemos diferentes tipos de moldes y la posici\u00f3n del molde es ajustable.<\/p> <\/div> <\/div>    <h3 class=\"wp-block-heading\">Video de la m\u00e1quina de briquetas de carb\u00f3n para narguile.<\/h3>    <figure class=\"wp-block-embed is-type-video is-provider-youtube wp-block-embed-youtube wp-embed-aspect-16-9 wp-has-aspect-ratio\"><div class=\"wp-block-embed__wrapper\"> <iframe loading=\"lazy\" title=\"M\u00e1quina hidr\u00e1ulica vendedora caliente del carb\u00f3n de la cachimba | Exhibici\u00f3n de briquetas de carb\u00f3n redondas, c\u00fabicas y hexagonales\" width=\"500\" height=\"281\" src=\"https:\/\/www.youtube.com\/embed\/JOsfpi4YzME?feature=oembed\" frameborder=\"0\" allow=\"accelerometer; autoplay; clipboard-write; encrypted-media; gyroscope; picture-in-picture; web-share\" referrerpolicy=\"strict-origin-when-cross-origin\" allowfullscreen><\/iframe> <\/div><\/figure>    <h3 class=\"wp-block-heading\" id=\"parameters-of-shisha-charcoal-machine\">Par\u00e1metros de la m\u00e1quina de carb\u00f3n Shisha<\/h3>    <figure class=\"wp-block-table is-style-stripes\"><table><tbody><tr><td>Tipo<\/td><td>Fuerza<\/td><td>Peso<\/td><td>Presi\u00f3n<\/td><td>Capacidad<\/td><td>Dimensi\u00f3n<\/td><\/tr><tr><td>tipo hidr\u00e1ulico<\/td><td>15kW<\/td><td>2,8 toneladas<\/td><td>100t<\/td><td>redondo: 42 unidades\/por hora, 4 veces\/minuto<br>Cuadrado: 44 unidades\/por hora, 4 veces\/minuto<\/td><td>anfitri\u00f3n: 850**2000*2100mm<\/td><\/tr><\/tbody><\/table><\/figure>    <h2 class=\"wp-block-heading\" id=\"type-3-stainless-steel-shisha-charcoal-machine\"><strong>Tipo 3:<\/strong> M\u00e1quina de carb\u00f3n para shisha de acero inoxidable<\/h2>    <p>El material general de la m\u00e1quina para fabricar carb\u00f3n para shisha es acero inoxidable. Adem\u00e1s, tambi\u00e9n es una prensa de tabletas de carb\u00f3n para narguile todo en uno. La m\u00e1quina para fabricar carb\u00f3n para narguile de acero inoxidable adopta un panel de control PLC. Por lo tanto, los clientes pueden controlar f\u00e1cilmente la producci\u00f3n a trav\u00e9s de la computadora. Como velocidad, presi\u00f3n, voltaje, etc. Y su presi\u00f3n puede alcanzar 100-200t. Puede perforar entre 20.000 y 30.000 trozos de carb\u00f3n para narguile por minuto.<\/p>    <figure class=\"wp-block-image aligncenter size-full\"><img loading=\"lazy\" decoding=\"async\" width=\"720\" height=\"540\" src=\"https:\/\/charcoalplant.com\/wp-content\/uploads\/2021\/12\/hookah-charcoal-press-machine-1.jpg\" alt=\"m\u00e1quina de prensa de carb\u00f3n de narguile\" class=\"wp-image-1367\" srcset=\"https:\/\/charcoalplant.com\/wp-content\/uploads\/2021\/12\/hookah-charcoal-press-machine-1.jpg 720w, https:\/\/charcoalplant.com\/wp-content\/uploads\/2021\/12\/hookah-charcoal-press-machine-1-300x225.jpg 300w\" sizes=\"auto, (max-width: 720px) 100vw, 720px\" \/><figcaption class=\"wp-element-caption\">m\u00e1quina de prensa de carb\u00f3n de narguile<\/figcaption><\/figure>    <h2 class=\"wp-block-heading\" id=\"h-structure-of-hookah-charcoal-making-machine\">Estructura de la m\u00e1quina para fabricar carb\u00f3n para narguile<\/h2>    <div class=\"wp-block-columns has-background is-layout-flex wp-container-core-columns-is-layout-28f84493 wp-block-columns-is-layout-flex\" style=\"background-color:#f1f1f1\"> <div class=\"wp-block-column is-vertically-aligned-center is-layout-flow wp-block-column-is-layout-flow\" style=\"flex-basis:33.33%\"> <p class=\"translation-block\"><strong>Cilindro hidr\u00e1ulico <\/strong><\/p>    <p>La presi\u00f3n es ajustable. El cilindro hidr\u00e1ulico est\u00e1 en la parte superior de la m\u00e1quina. Y el resto de l\u00edneas est\u00e1n en la parte inferior de la m\u00e1quina. Por lo tanto, toda la m\u00e1quina ahorra mucho espacio.<\/p> <\/div>    <div class=\"wp-block-column is-layout-flow wp-block-column-is-layout-flow\" style=\"flex-basis:66.66%\"> <figure class=\"wp-block-gallery has-nested-images columns-default is-cropped wp-block-gallery-4 is-layout-flex wp-block-gallery-is-layout-flex\"> <figure class=\"wp-block-image size-large\"><img loading=\"lazy\" decoding=\"async\" width=\"720\" height=\"540\" data-id=\"1369\" src=\"https:\/\/charcoalplant.com\/wp-content\/uploads\/2021\/12\/Hydraulic-cylinder-1.jpg\" alt=\"Cilindro hidr\u00e1ulico\" class=\"wp-image-1369\" srcset=\"https:\/\/charcoalplant.com\/wp-content\/uploads\/2021\/12\/Hydraulic-cylinder-1.jpg 720w, https:\/\/charcoalplant.com\/wp-content\/uploads\/2021\/12\/Hydraulic-cylinder-1-300x225.jpg 300w\" sizes=\"auto, (max-width: 720px) 100vw, 720px\" \/><figcaption class=\"wp-element-caption\">Cilindro hidr\u00e1ulico<\/figcaption><\/figure> <\/figure> <\/div> <\/div>    <div class=\"wp-block-columns has-background is-layout-flex wp-container-core-columns-is-layout-28f84493 wp-block-columns-is-layout-flex\" style=\"background-color:#f1f1f1\"> <div class=\"wp-block-column is-layout-flow wp-block-column-is-layout-flow\" style=\"flex-basis:66.66%\"> <figure class=\"wp-block-gallery has-nested-images columns-default is-cropped wp-block-gallery-5 is-layout-flex wp-block-gallery-is-layout-flex\"> <figure class=\"wp-block-image size-large\"><img loading=\"lazy\" decoding=\"async\" width=\"720\" height=\"540\" data-id=\"1368\" src=\"https:\/\/charcoalplant.com\/wp-content\/uploads\/2021\/12\/brush-1.jpg\" alt=\"cepillar\" class=\"wp-image-1368\" srcset=\"https:\/\/charcoalplant.com\/wp-content\/uploads\/2021\/12\/brush-1.jpg 720w, https:\/\/charcoalplant.com\/wp-content\/uploads\/2021\/12\/brush-1-300x225.jpg 300w\" sizes=\"auto, (max-width: 720px) 100vw, 720px\" \/><figcaption class=\"wp-element-caption\">cepillar<\/figcaption><\/figure> <\/figure> <\/div>    <div class=\"wp-block-column is-vertically-aligned-center is-layout-flow wp-block-column-is-layout-flow\" style=\"flex-basis:33.33%\"> <p class=\"translation-block\"><strong>Cepillo<\/strong><\/p>    <p>M\u00e1quina autom\u00e1tica de briquetas de carb\u00f3n para cachimba de acero inoxidable dise\u00f1ada con cepillos. Por lo tanto, el equipo puede limpiar autom\u00e1ticamente los residuos que quedan en el molde para mejorar la calidad de producci\u00f3n.<\/p> <\/div> <\/div>    <div class=\"wp-block-columns has-background is-layout-flex wp-container-core-columns-is-layout-28f84493 wp-block-columns-is-layout-flex\" style=\"background-color:#f1f1f1\"> <div class=\"wp-block-column is-vertically-aligned-center is-layout-flow wp-block-column-is-layout-flow\" style=\"flex-basis:33.33%\"> <p class=\"translation-block\"><strong>Panel de control PLC<\/strong><\/p>    <p>Es un inicio todo en uno para el dispositivo con un solo bot\u00f3n. Adem\u00e1s, puede configurar el modo de producci\u00f3n.<\/p> <\/div>    <div class=\"wp-block-column is-layout-flow wp-block-column-is-layout-flow\" style=\"flex-basis:66.66%\"> <figure class=\"wp-block-gallery has-nested-images columns-default is-cropped wp-block-gallery-6 is-layout-flex wp-block-gallery-is-layout-flex\"> <figure class=\"wp-block-image size-large\"><img loading=\"lazy\" decoding=\"async\" width=\"720\" height=\"540\" data-id=\"2466\" src=\"https:\/\/charcoalplant.com\/wp-content\/uploads\/2022\/02\/PLC-2.jpg\" alt=\"\" class=\"wp-image-2466\"\/><\/figure> <\/figure> <\/div> <\/div>    <h3 class=\"wp-block-heading\" id=\"h-parameters-of-shisha-charcoal-machine\">Par\u00e1metros de la m\u00e1quina briquetadora de carb\u00f3n Shisha<\/h3>    <p>Presi\u00f3n: 80 toneladas, 100 toneladas<\/p>    <p>Voltaje: 380V<\/p>    <p>Potencia: 13kw<\/p>    <p>Peso: 1000 kg<\/p>    <p class=\"translation-block\">Dimensi\u00f3n: 2500 mm * 750 mm * 2300 mm<\/p>    <p>Capacidad:<\/p>    <figure class=\"wp-block-table is-style-stripes\"><table><tbody><tr><td>Tama\u00f1o de los moldes<\/td><td>N\u00famero de\u00a0perforaciones\u00a0una vez<\/td><td>N\u00famero de golpes por minuto<\/td><\/tr><tr><td>cubo de 2cm*2cm*2cm<\/td><td>90<\/td><td>3<\/td><\/tr><tr><td>Cubo de 2,5 cm x 2,5 cm x 2,5 cm.<\/td><td>80<\/td><td>3<\/td><\/tr><tr><td>Di\u00e1metro 3cm redondo<\/td><td>72<\/td><td>3<\/td><\/tr><tr><td>Di\u00e1metro 3,3 cm redondo.<\/td><td>56<\/td><td>3<\/td><\/tr><tr><td>Di\u00e1metro 4cm redondo<\/td><td>42<\/td><td>3<\/td><\/tr><\/tbody><\/table><\/figure>    <h2 class=\"wp-block-heading\" id=\"h-application-of-hubbly-charcoal\">Aplicaci\u00f3n del carb\u00f3n Hubbly<strong> <\/strong><\/h2>    <p class=\"translation-block\">Las m\u00e1quinas briquetadoras de carb\u00f3n para shisha se encuentran a menudo en <strong><a href=\"https:\/\/charcoalplant.com\/es\/shisha-charcoal-production-line\/\">l\u00edneas de producci\u00f3n de carb\u00f3n para shisha<\/a><\/strong>. De hecho, el briquetado de carb\u00f3n para shisha es un producto popular en Arabia y Oriente Medio. Pero ahora a muchos j\u00f3venes tambi\u00e9n les gusta mucho fumar hookah. Por lo tanto, podemos ver varios <strong><a href=\"https:\/\/charcoalplant.com\/es\/briquettes-packing-machine\/charcoal-briquettes-packing-machine\/\">productos de carb\u00f3n para hookah<\/a><\/strong> en el mercado.<\/p>    <figure class=\"wp-block-gallery has-nested-images columns-default is-cropped wp-block-gallery-7 is-layout-flex wp-block-gallery-is-layout-flex\"> <figure class=\"wp-block-image size-large\"><img loading=\"lazy\" decoding=\"async\" width=\"720\" height=\"540\" data-id=\"2468\" src=\"https:\/\/charcoalplant.com\/wp-content\/uploads\/2022\/02\/hookah-charcoal.jpg\" alt=\"carb\u00f3n-narguile\" class=\"wp-image-2468\"\/><figcaption class=\"wp-element-caption\">carb\u00f3n-narguile<\/figcaption><\/figure>    <figure class=\"wp-block-image size-large\"><img loading=\"lazy\" decoding=\"async\" width=\"720\" height=\"540\" data-id=\"2469\" src=\"https:\/\/charcoalplant.com\/wp-content\/uploads\/2022\/02\/shisha-charcoal-show.jpg\" alt=\"show-de-carbon-shisha\" class=\"wp-image-2469\"\/><figcaption class=\"wp-element-caption\">show-de-carbon-shisha<\/figcaption><\/figure> <\/figure>    <figure class=\"wp-block-gallery has-nested-images columns-default is-cropped wp-block-gallery-8 is-layout-flex wp-block-gallery-is-layout-flex\"> <figure class=\"wp-block-image size-large\"><img loading=\"lazy\" decoding=\"async\" width=\"720\" height=\"540\" data-id=\"1361\" src=\"https:\/\/charcoalplant.com\/wp-content\/uploads\/2021\/12\/Ashless-Hookah-Charcoal-1.jpg\" alt=\"Carb\u00f3n de cachimba sin cenizas\" class=\"wp-image-1361\" srcset=\"https:\/\/charcoalplant.com\/wp-content\/uploads\/2021\/12\/Ashless-Hookah-Charcoal-1.jpg 720w, https:\/\/charcoalplant.com\/wp-content\/uploads\/2021\/12\/Ashless-Hookah-Charcoal-1-300x225.jpg 300w\" sizes=\"auto, (max-width: 720px) 100vw, 720px\" \/><figcaption class=\"wp-element-caption\">Carb\u00f3n de cachimba sin cenizas<\/figcaption><\/figure>    <figure class=\"wp-block-image size-large\"><img loading=\"lazy\" decoding=\"async\" width=\"720\" height=\"540\" data-id=\"1362\" src=\"https:\/\/charcoalplant.com\/wp-content\/uploads\/2021\/12\/Burn-fast-1.jpg\" alt=\"quemar rapido\" class=\"wp-image-1362\" srcset=\"https:\/\/charcoalplant.com\/wp-content\/uploads\/2021\/12\/Burn-fast-1.jpg 720w, https:\/\/charcoalplant.com\/wp-content\/uploads\/2021\/12\/Burn-fast-1-300x225.jpg 300w\" sizes=\"auto, (max-width: 720px) 100vw, 720px\" \/><figcaption class=\"wp-element-caption\">quemar rapido<\/figcaption><\/figure> <\/figure>","protected":false},"excerpt":{"rendered":"<p>La mejor m\u00e1quina de carb\u00f3n para shisha debe tener las caracter\u00edsticas de alta presi\u00f3n, larga vida \u00fatil y alto valor de aplicaci\u00f3n.<\/p>","protected":false},"author":1,"featured_media":1356,"parent":0,"template":"","tags":[59],"product-type":[44],"class_list":["post-1259","product","type-product","status-publish","has-post-thumbnail","hentry","tag-charcoal-briquetting-machine","product-type-charcoal-briquetting-machine"],"_links":{"self":[{"href":"https:\/\/charcoalplant.com\/es\/wp-json\/wp\/v2\/product\/1259","targetHints":{"allow":["GET"]}}],"collection":[{"href":"https:\/\/charcoalplant.com\/es\/wp-json\/wp\/v2\/product"}],"about":[{"href":"https:\/\/charcoalplant.com\/es\/wp-json\/wp\/v2\/types\/product"}],"author":[{"embeddable":true,"href":"https:\/\/charcoalplant.com\/es\/wp-json\/wp\/v2\/users\/1"}],"wp:featuredmedia":[{"embeddable":true,"href":"https:\/\/charcoalplant.com\/es\/wp-json\/wp\/v2\/media\/1356"}],"wp:attachment":[{"href":"https:\/\/charcoalplant.com\/es\/wp-json\/wp\/v2\/media?parent=1259"}],"wp:term":[{"taxonomy":"post_tag","embeddable":true,"href":"https:\/\/charcoalplant.com\/es\/wp-json\/wp\/v2\/tags?post=1259"},{"taxonomy":"product-type","embeddable":true,"href":"https:\/\/charcoalplant.com\/es\/wp-json\/wp\/v2\/product-type?post=1259"}],"curies":[{"name":"wp","href":"https:\/\/api.w.org\/{rel}","templated":true}]}}