{"id":1372,"date":"2021-12-16T07:13:52","date_gmt":"2021-12-16T07:13:52","guid":{"rendered":"https:\/\/charcoalplant.com\/?p=1372"},"modified":"2023-01-07T15:03:10","modified_gmt":"2023-01-07T07:03:10","slug":"shisha-charcoal-production-line","status":"publish","type":"product","link":"https:\/\/charcoalplant.com\/es\/shisha-charcoal-production-line\/","title":{"rendered":"L\u00ednea de producci\u00f3n de carb\u00f3n para shisha"},"content":{"rendered":"<div class=\"kk-star-ratings kksr-auto kksr-align-left kksr-valign-top\"     data-payload='{&quot;align&quot;:&quot;left&quot;,&quot;id&quot;:&quot;1372&quot;,&quot;slug&quot;:&quot;default&quot;,&quot;valign&quot;:&quot;top&quot;,&quot;ignore&quot;:&quot;&quot;,&quot;reference&quot;:&quot;auto&quot;,&quot;class&quot;:&quot;&quot;,&quot;count&quot;:&quot;28&quot;,&quot;legendonly&quot;:&quot;&quot;,&quot;readonly&quot;:&quot;&quot;,&quot;score&quot;:&quot;4.7&quot;,&quot;starsonly&quot;:&quot;&quot;,&quot;best&quot;:&quot;5&quot;,&quot;gap&quot;:&quot;5&quot;,&quot;greet&quot;:&quot;Rate this product&quot;,&quot;legend&quot;:&quot;4.7\\\/5 - (28 votos)&quot;,&quot;size&quot;:&quot;24&quot;,&quot;title&quot;:&quot;Shisha Charcoal Production Line&quot;,&quot;width&quot;:&quot;133.8&quot;,&quot;_legend&quot;:&quot;{score}\\\/{best} - ({count} {votes})&quot;,&quot;font_factor&quot;:&quot;1.25&quot;}'>              <div class=\"kksr-stars\">      <div class=\"kksr-stars-inactive\">             <div class=\"kksr-star\" data-star=\"1\" style=\"padding-right: 5px\">               <div class=\"kksr-icon\" style=\"width: 24px; height: 24px;\"><\/div>         <\/div>             <div class=\"kksr-star\" data-star=\"2\" style=\"padding-right: 5px\">               <div class=\"kksr-icon\" style=\"width: 24px; height: 24px;\"><\/div>         <\/div>             <div class=\"kksr-star\" data-star=\"3\" style=\"padding-right: 5px\">               <div class=\"kksr-icon\" style=\"width: 24px; height: 24px;\"><\/div>         <\/div>             <div class=\"kksr-star\" data-star=\"4\" style=\"padding-right: 5px\">               <div class=\"kksr-icon\" style=\"width: 24px; height: 24px;\"><\/div>         <\/div>             <div class=\"kksr-star\" data-star=\"5\" style=\"padding-right: 5px\">               <div class=\"kksr-icon\" style=\"width: 24px; height: 24px;\"><\/div>         <\/div>     <\/div>      <div class=\"kksr-stars-active\" style=\"width: 133.8px;\">             <div class=\"kksr-star\" style=\"padding-right: 5px\">               <div class=\"kksr-icon\" style=\"width: 24px; height: 24px;\"><\/div>         <\/div>             <div class=\"kksr-star\" style=\"padding-right: 5px\">               <div class=\"kksr-icon\" style=\"width: 24px; height: 24px;\"><\/div>         <\/div>             <div class=\"kksr-star\" style=\"padding-right: 5px\">               <div class=\"kksr-icon\" style=\"width: 24px; height: 24px;\"><\/div>         <\/div>             <div class=\"kksr-star\" style=\"padding-right: 5px\">               <div class=\"kksr-icon\" style=\"width: 24px; height: 24px;\"><\/div>         <\/div>             <div class=\"kksr-star\" style=\"padding-right: 5px\">               <div class=\"kksr-icon\" style=\"width: 24px; height: 24px;\"><\/div>         <\/div>     <\/div> <\/div>                   <div class=\"kksr-legend\" style=\"font-size: 19.2px;\">             4.7\/5 - (28 votos)    <\/div>     <\/div>  <p class=\"translation-block\">La <strong>l\u00ednea de producci\u00f3n de carb\u00f3n para shisha<\/strong> es un sistema de producci\u00f3n de briquetas de carb\u00f3n con una amplia gama de materias primas. Por ejemplo, carb\u00f3n de le\u00f1a, carb\u00f3n de frutas, carb\u00f3n de c\u00e1scaras de arroz, carb\u00f3n de c\u00e1scaras de coco, carb\u00f3n de bamb\u00fa, polvo de carb\u00f3n, etc. El proceso de producci\u00f3n del carb\u00f3n para shisha general incluye principalmente carbonizaci\u00f3n, trituraci\u00f3n, mezclado, <strong>compactaci\u00f3n<\/strong>, secado y envasado. El producto final de carb\u00f3n para shisha debe tener las caracter\u00edsticas de alta dureza, bajo contenido de cenizas y largo tiempo de combusti\u00f3n. La l\u00ednea de producci\u00f3n de briquetas de carb\u00f3n para shisha es un negocio prometedor para muchos clientes dedicados a la producci\u00f3n de carb\u00f3n. Por lo tanto, es un proyecto de alta rentabilidad. Bienvenido a consultar, le ofreceremos un descuento.<\/p>    <figure class=\"wp-block-image aligncenter size-full\"><img loading=\"lazy\" decoding=\"async\" width=\"720\" height=\"540\" src=\"https:\/\/charcoalplant.com\/wp-content\/uploads\/2021\/12\/shisha-charcoal-production-line-for-sale-1.jpg\" alt=\"L\u00ednea de producci\u00f3n de carb\u00f3n para shisha a la venta.\" class=\"wp-image-1386\" srcset=\"https:\/\/charcoalplant.com\/wp-content\/uploads\/2021\/12\/shisha-charcoal-production-line-for-sale-1.jpg 720w, https:\/\/charcoalplant.com\/wp-content\/uploads\/2021\/12\/shisha-charcoal-production-line-for-sale-1-300x225.jpg 300w\" sizes=\"auto, (max-width: 720px) 100vw, 720px\" \/><figcaption class=\"wp-element-caption\">L\u00ednea de producci\u00f3n de carb\u00f3n para shisha a la venta.<\/figcaption><\/figure>    <h2 class=\"wp-block-heading\"><strong>Materias primas para la l\u00ednea de producci\u00f3n de carb\u00f3n para narguile.<\/strong><\/h2>    <p>Se pueden utilizar todo tipo de carb\u00f3n vegetal como materia prima para el carb\u00f3n de narguile. Sin embargo, los clientes en general eligen las siguientes materias primas para fabricar carb\u00f3n para narguile de alta calidad. Por ejemplo, carb\u00f3n de c\u00e1scara de coco, carb\u00f3n de c\u00e1scara de arroz, carb\u00f3n de c\u00e1scara de palma, carb\u00f3n duro, carb\u00f3n de frutas, carb\u00f3n de bamb\u00fa, etc. Este carb\u00f3n de madera tiene las caracter\u00edsticas de alto contenido de carbono, buen color y pocas impurezas. Por lo tanto, las briquetas de carb\u00f3n para shisha elaboradas con ellos tambi\u00e9n son muy populares en el mercado.<\/p>    <figure class=\"wp-block-image aligncenter size-full is-resized\"><img loading=\"lazy\" decoding=\"async\" src=\"https:\/\/charcoalplant.com\/wp-content\/uploads\/2022\/03\/raw-materials-of-shisha-charcoal-production-line-.jpg\" alt=\"Materias primas de la l\u00ednea de producci\u00f3n de carb\u00f3n para shisha.\" class=\"wp-image-2737\" width=\"652\" height=\"489\"\/><figcaption class=\"wp-element-caption\">Materias primas de la l\u00ednea de producci\u00f3n de carb\u00f3n para shisha.<\/figcaption><\/figure>    <h2 class=\"wp-block-heading\" id=\"h-shisha-charcoal-production-line-process\"><strong>Proceso de l\u00ednea de producci\u00f3n de carb\u00f3n para shisha<\/strong><\/h2>    <p class=\"translation-block\">Un proceso completo de producci\u00f3n de la l\u00ednea de carb\u00f3n para shisha tiene los siguientes pasos: <strong>carbonizaci\u00f3n\u2192trituraci\u00f3n\u2192mezclado\u2192compactaci\u00f3n\u2192secado\u2192envasado<\/strong>. <\/p>    <p class=\"translation-block\">Generalmente, el proceso de producci\u00f3n de carb\u00f3n para shisha involucra un <a href=\"https:\/\/charcoalplant.com\/es\/rotary-carbonization-furnace\/\"><strong>horno de carbonizaci\u00f3n<\/strong><\/a>, molino de martillos, mezclador triturador de carb\u00f3n, m\u00e1quina compactadora de carb\u00f3n para shisha, secador, <a href=\"https:\/\/charcoalplant.com\/es\/product\/briquettes-packing-machine\/\">m\u00e1quina de envasado<\/a> y otros equipos.<\/p>    <h2 class=\"wp-block-heading\" id=\"h-shisha-charcoal-related-equipment\"><strong>parte principal de<\/strong> <strong>l\u00ednea de fabricaci\u00f3n de carb\u00f3n para shisha<\/strong> <\/h2>    <p>Una l\u00ednea de producci\u00f3n de carb\u00f3n para shisha es una serie de m\u00e1quinas y equipos que se utilizan para fabricar carb\u00f3n para shisha, tambi\u00e9n conocido como carb\u00f3n para narguile o carb\u00f3n para narguile. El carb\u00f3n para shisha es un tipo de carb\u00f3n dise\u00f1ado espec\u00edficamente para su uso en pipas de shisha, que son pipas de agua que se utilizan para fumar tabaco aromatizado. Estas son las partes principales de la l\u00ednea de fabricaci\u00f3n de carb\u00f3n para shisha. <\/p>    <div class=\"wp-block-media-text is-stacked-on-mobile is-vertically-aligned-center has-background\" style=\"background-color:#f1f1f1;grid-template-columns:48% auto\"><figure class=\"wp-block-media-text__media\"><img loading=\"lazy\" decoding=\"async\" width=\"720\" height=\"540\" src=\"https:\/\/charcoalplant.com\/wp-content\/uploads\/2022\/02\/new-charcoal-machine-factory.jpg\" alt=\"nueva f\u00e1brica de m\u00e1quinas de carb\u00f3n\" class=\"wp-image-2306 size-full\"\/><\/figure><div class=\"wp-block-media-text__content\"> <h3 class=\"wp-block-heading\" id=\"block-2c7ba278-a6f5-4a83-aca8-8584a0673829\"><strong>Horno de carbonizaci\u00f3n continua (carbonizaci\u00f3n)<\/strong><\/h3>    <p id=\"block-6ef1ff9c-a213-47d7-bdd4-b264e16dcff5\" class=\"translation-block\">Tiene una amplia gama de materias primas. Generalmente son materiales peque\u00f1os y ligeros. Por ejemplo, serr\u00edn, c\u00e1scaras de arroz, astillas de madera, etc. Por lo tanto, los pellets de madera se pueden carbonizar directamente. Dado que el carb\u00f3n para shisha tiene altos requisitos de finura de las materias primas. Por lo tanto, le recomendamos que utilice un <strong><a href=\"https:\/\/charcoalplant.com\/es\/product\/charcoal-raymond-mill\/\">molino Raymond<\/a><\/strong>. Puede moler el polvo de carb\u00f3n hasta 80 mallas.<\/p> <\/div><\/div>    <p><\/p>    <div class=\"wp-block-media-text is-stacked-on-mobile has-background\" style=\"background-color:#f1f1f1;grid-template-columns:48% auto\"><figure class=\"wp-block-media-text__media\"><img loading=\"lazy\" decoding=\"async\" width=\"720\" height=\"540\" src=\"https:\/\/charcoalplant.com\/wp-content\/uploads\/2021\/11\/industrail-hammer-mill-2-1.jpg\" alt=\"Molino de martillos\" class=\"wp-image-919 size-full\" srcset=\"https:\/\/charcoalplant.com\/wp-content\/uploads\/2021\/11\/industrail-hammer-mill-2-1.jpg 720w, https:\/\/charcoalplant.com\/wp-content\/uploads\/2021\/11\/industrail-hammer-mill-2-1-300x225.jpg 300w\" sizes=\"auto, (max-width: 720px) 100vw, 720px\" \/><\/figure><div class=\"wp-block-media-text__content\"> <h3 class=\"wp-block-heading\" id=\"block-d292d0f5-cd4e-460c-a827-1f42d17438d1\"><strong><a href=\"https:\/\/charcoalplant.com\/es\/hammer-mill\/\">Molino de martillos (trituraci\u00f3n)<\/a><\/strong><\/h3>    <p id=\"block-248dfed8-ba5f-451a-aefc-b794e1a41cf5\">Si su materia prima es madera de frutas, madera dura, etc., necesita utilizar un horno de carbonizaci\u00f3n vertical para la carbonizaci\u00f3n. Luego use una trituradora de carb\u00f3n para triturar el carb\u00f3n hasta obtener un polvo fino de 1 mm.<\/p> <\/div><\/div>    <p><\/p>    <div class=\"wp-block-media-text is-stacked-on-mobile has-background\" style=\"background-color:#f1f1f1;grid-template-columns:48% auto\"><figure class=\"wp-block-media-text__media\"><img loading=\"lazy\" decoding=\"async\" width=\"720\" height=\"540\" src=\"https:\/\/charcoalplant.com\/wp-content\/uploads\/2021\/12\/charcoal-powder-mixer-plant-2.jpg\" alt=\"planta mezcladora de polvo de carb\u00f3n\" class=\"wp-image-1534 size-full\" srcset=\"https:\/\/charcoalplant.com\/wp-content\/uploads\/2021\/12\/charcoal-powder-mixer-plant-2.jpg 720w, https:\/\/charcoalplant.com\/wp-content\/uploads\/2021\/12\/charcoal-powder-mixer-plant-2-300x225.jpg 300w\" sizes=\"auto, (max-width: 720px) 100vw, 720px\" \/><\/figure><div class=\"wp-block-media-text__content\"> <h3 class=\"wp-block-heading\" id=\"block-c92140a9-62a6-4cf3-8824-1532a0770896\"><strong>Mezclador molinillo de carb\u00f3n (mezcla)<\/strong><\/h3>    <p id=\"block-46af9a7d-8508-4f71-b7f5-05e660d85bc9\">Su funci\u00f3n es mezclar completamente el carb\u00f3n en polvo y el aglutinante. El material se puede descargar desde abajo, lo cual es muy conveniente. Tambi\u00e9n puedes utilizarlo con un tanque de mezcla para preparar la proporci\u00f3n de adhesivo con antelaci\u00f3n.<\/p> <\/div><\/div>    <p><\/p>    <div class=\"wp-block-media-text is-stacked-on-mobile has-background\" style=\"background-color:#f1f1f1;grid-template-columns:48% auto\"><figure class=\"wp-block-media-text__media\"><img loading=\"lazy\" decoding=\"async\" width=\"720\" height=\"540\" src=\"https:\/\/charcoalplant.com\/wp-content\/uploads\/2021\/12\/best-shisha-charcoal-machine-supplier-1.jpg\" alt=\"El mejor proveedor de m\u00e1quinas de carb\u00f3n shisha.\" class=\"wp-image-1356 size-full\" srcset=\"https:\/\/charcoalplant.com\/wp-content\/uploads\/2021\/12\/best-shisha-charcoal-machine-supplier-1.jpg 720w, https:\/\/charcoalplant.com\/wp-content\/uploads\/2021\/12\/best-shisha-charcoal-machine-supplier-1-300x225.jpg 300w\" sizes=\"auto, (max-width: 720px) 100vw, 720px\" \/><\/figure><div class=\"wp-block-media-text__content\"> <h3 class=\"wp-block-heading\" id=\"block-7ccae6f1-09f7-4c54-9576-31aa2cd1a410\"><strong>Prensa de tabletas de carb\u00f3n para shisha (tabletas)<\/strong><\/h3>    <p id=\"block-8f4b98f8-4c55-42cf-a94c-1811b4f5a15a\">Tenemos tres tipos de tabletas de carb\u00f3n para shisha para elegir. Son prensas mec\u00e1nicas para tabletas de carb\u00f3n para narguile, prensas hidr\u00e1ulicas para tabletas de carb\u00f3n para narguile y m\u00e1quinas para tabletas de carb\u00f3n para narguile de acero inoxidable. Puede\u00a0seleccionarlos\u00a0seg\u00fan el tama\u00f1o de salida.<\/p> <\/div><\/div>    <p><\/p>    <div class=\"wp-block-media-text is-stacked-on-mobile has-background\" style=\"background-color:#f1f1f1\"><figure class=\"wp-block-media-text__media\"><img loading=\"lazy\" decoding=\"async\" width=\"720\" height=\"540\" src=\"https:\/\/charcoalplant.com\/wp-content\/uploads\/2021\/12\/shaisha-charcoal-drying-room-1.jpg\" alt=\"cuarto de secado de carb\u00f3n shaisha\" class=\"wp-image-1492 size-full\" srcset=\"https:\/\/charcoalplant.com\/wp-content\/uploads\/2021\/12\/shaisha-charcoal-drying-room-1.jpg 720w, https:\/\/charcoalplant.com\/wp-content\/uploads\/2021\/12\/shaisha-charcoal-drying-room-1-300x225.jpg 300w\" sizes=\"auto, (max-width: 720px) 100vw, 720px\" \/><\/figure><div class=\"wp-block-media-text__content\"> <h3 class=\"wp-block-heading\" id=\"block-ddcdd883-b2de-428f-834b-2ecafea7ab3e\"><strong><a href=\"https:\/\/charcoalplant.com\/es\/drying-machine\/charcoal-briquette-dryer\/\">Cuarto de secado (secado)<\/a><\/strong><\/h3>    <p id=\"block-004ea219-d813-4bb7-98e8-26221c9011cb\" class=\"translation-block\">El contenido de agua del carb\u00f3n para shisha reci\u00e9n hecho es demasiado alto para cumplir con el est\u00e1ndar de uso. Por lo tanto, es necesario secarlo. Aqu\u00ed est\u00e1 la <strong><a href=\"https:\/\/charcoalplant.com\/es\/info\/what-dryer-should-i-use-for-hookah-charcoal\/\">sala de secado<\/a><\/strong>. Es un equipo de secado simple y pr\u00e1ctico. Tambi\u00e9n tenemos secadores de banda de malla para elegir.<\/p> <\/div><\/div>    <p><\/p>    <h2 class=\"wp-block-heading\"><strong>M\u00e1quina envasadora de briquetas para narguile <\/strong><\/h2>    <p class=\"translation-block\">Para el carb\u00f3n redondo para shisha, le recomendamos que elija una<strong><a href=\"https:\/\/charcoalplant.com\/es\/briquettes-packing-machine\/charcoal-briquettes-packing-machine\/\"> m\u00e1quina envasadora tipo almohada<\/a><\/strong>. Incluye un \u00e1rea de transporte y un \u00e1rea de manipulaci\u00f3n de materiales. Si tiene suficiente mano de obra, tambi\u00e9n puede elegir solo la m\u00e1quina envasadora. Para las bolsas de envasado, podemos proporcionar fabricantes de dise\u00f1o para dise\u00f1ar patrones, texto y otra informaci\u00f3n. Para el carb\u00f3n cuadrado para shisha, le recomendamos que utilice una m\u00e1quina envasadora cuantitativa.<\/p>    <figure class=\"wp-block-gallery has-nested-images columns-default is-cropped wp-block-gallery-2 is-layout-flex wp-block-gallery-is-layout-flex\"> <figure class=\"wp-block-image size-large\"><a href=\"https:\/\/tianhuipackingmachine.com\/shisha-charcoal-packing-machine\/\" target=\"_blank\" rel=\"noopener\"><img loading=\"lazy\" decoding=\"async\" width=\"720\" height=\"540\" data-id=\"1398\" src=\"https:\/\/charcoalplant.com\/wp-content\/uploads\/2021\/12\/shisha-briket-packing-machine-1.jpg\" alt=\"empaquetadora-de-shisha-briket\" class=\"wp-image-1398\" srcset=\"https:\/\/charcoalplant.com\/wp-content\/uploads\/2021\/12\/shisha-briket-packing-machine-1.jpg 720w, https:\/\/charcoalplant.com\/wp-content\/uploads\/2021\/12\/shisha-briket-packing-machine-1-300x225.jpg 300w\" sizes=\"auto, (max-width: 720px) 100vw, 720px\" \/><\/a><figcaption class=\"wp-element-caption\">empaquetadora-de-shisha-briket<\/figcaption><\/figure>    <figure class=\"wp-block-image size-large\"><img loading=\"lazy\" decoding=\"async\" width=\"720\" height=\"540\" data-id=\"1431\" src=\"https:\/\/charcoalplant.com\/wp-content\/uploads\/2021\/12\/shisha-charcoal-production-line-1-1.jpg\" alt=\"L\u00ednea de producci\u00f3n de carb\u00f3n para shisha.\" class=\"wp-image-1431\" srcset=\"https:\/\/charcoalplant.com\/wp-content\/uploads\/2021\/12\/shisha-charcoal-production-line-1-1.jpg 720w, https:\/\/charcoalplant.com\/wp-content\/uploads\/2021\/12\/shisha-charcoal-production-line-1-1-300x225.jpg 300w\" sizes=\"auto, (max-width: 720px) 100vw, 720px\" \/><figcaption class=\"wp-element-caption\">L\u00ednea de producci\u00f3n de carb\u00f3n para shisha.<\/figcaption><\/figure> <\/figure>    <h2 class=\"wp-block-heading\" id=\"h-hookah-charcoal-project-line-hopper\"><strong>Tolva de l\u00ednea de proyecto de carb\u00f3n de cachimba<\/strong><\/h2>    <p>La l\u00ednea de producci\u00f3n de carb\u00f3n para shisha generalmente est\u00e1 equipada con varias tolvas funcionales, que se utilizan principalmente para almacenar materiales.<\/p>    <p class=\"translation-block\"><strong>Dep\u00f3sito de almacenamiento de polvo de carb\u00f3n<\/strong><\/p>    <p>Generalmente se coloca frente al mezclador de carb\u00f3n en polvo para almacenar los materiales preparados y desempe\u00f1ar un papel en la amortiguaci\u00f3n del proceso de producci\u00f3n.<\/p>    <p class=\"translation-block\"><strong>Distribuidor de polvo de carb\u00f3n<\/strong><\/p>    <p>Generalmente se coloca frente a la m\u00e1quina prensadora de carb\u00f3n para narguile para almacenar el polvo de carb\u00f3n procesado. Adem\u00e1s, tiene una variedad de especificaciones. Por lo tanto, puede cumplir con los requisitos de trabajo de m\u00faltiples prensas de tabletas de carb\u00f3n para narguile.<\/p>    <figure class=\"wp-block-gallery has-nested-images columns-default is-cropped wp-block-gallery-3 is-layout-flex wp-block-gallery-is-layout-flex\"> <figure class=\"wp-block-image size-large\"><img loading=\"lazy\" decoding=\"async\" width=\"720\" height=\"540\" data-id=\"1434\" src=\"https:\/\/charcoalplant.com\/wp-content\/uploads\/2021\/12\/storage-bin-1.jpg\" alt=\"cesta de almacenaje\" class=\"wp-image-1434\" srcset=\"https:\/\/charcoalplant.com\/wp-content\/uploads\/2021\/12\/storage-bin-1.jpg 720w, https:\/\/charcoalplant.com\/wp-content\/uploads\/2021\/12\/storage-bin-1-300x225.jpg 300w\" sizes=\"auto, (max-width: 720px) 100vw, 720px\" \/><figcaption class=\"wp-element-caption\">cesta de almacenaje<\/figcaption><\/figure>    <figure class=\"wp-block-image size-large\"><img loading=\"lazy\" decoding=\"async\" width=\"720\" height=\"540\" data-id=\"1432\" src=\"https:\/\/charcoalplant.com\/wp-content\/uploads\/2021\/12\/charcoal-dust-distributor-1-1.jpg\" alt=\"distribuidor-de-polvo-de-carb\u00f3n\" class=\"wp-image-1432\" srcset=\"https:\/\/charcoalplant.com\/wp-content\/uploads\/2021\/12\/charcoal-dust-distributor-1-1.jpg 720w, https:\/\/charcoalplant.com\/wp-content\/uploads\/2021\/12\/charcoal-dust-distributor-1-1-300x225.jpg 300w\" sizes=\"auto, (max-width: 720px) 100vw, 720px\" \/><figcaption class=\"wp-element-caption\">distribuidor-de-polvo-de-carb\u00f3n<\/figcaption><\/figure> <\/figure>    <h2 class=\"wp-block-heading\"><strong>Ventajas de la m\u00e1quina para fabricar carb\u00f3n para shisha Shuliy<\/strong><\/h2>    <ul class=\"wp-block-list\"> <li>Somos un fabricante de l\u00edneas de proyectos de carb\u00f3n para shisha con m\u00e1s de 10 a\u00f1os de experiencia.<\/li>    <li>Fabricamos todo tipo de equipos profesionales de producci\u00f3n de carb\u00f3n para narguile. Como hornos de carbonizaci\u00f3n, pulverizadores de carb\u00f3n, molino Raymond, m\u00e1quina formadora de carb\u00f3n para narguile, etc.<\/li>    <li>Proporcionamos a los clientes diferentes soluciones de producci\u00f3n de acuerdo con sus requisitos espec\u00edficos de materia prima y producci\u00f3n.<\/li>    <li>Nuestra f\u00e1brica puede proporcionar a los clientes repuestos originales en cualquier momento.<\/li>    <li>Ofrecemos a los clientes servicios gratuitos de instalaci\u00f3n y puesta en servicio.<\/li> <\/ul>    <h2 class=\"wp-block-heading\">V\u00eddeo de comentarios de nuestro cliente de la l\u00ednea de producci\u00f3n de carb\u00f3n para shisha de Indonesia<\/h2>    <figure class=\"wp-block-embed is-type-video is-provider-youtube wp-block-embed-youtube wp-embed-aspect-16-9 wp-has-aspect-ratio\"><div class=\"wp-block-embed__wrapper\"> <iframe loading=\"lazy\" title=\"\u00a1Gran \u00e9xito! Video de comentarios de nuestro cliente de la l\u00ednea de producci\u00f3n de carb\u00f3n para shisha de Indonesia.\" width=\"500\" height=\"281\" src=\"https:\/\/www.youtube.com\/embed\/y8KqVzqN32A?feature=oembed\" frameborder=\"0\" allow=\"accelerometer; autoplay; clipboard-write; encrypted-media; gyroscope; picture-in-picture; web-share\" referrerpolicy=\"strict-origin-when-cross-origin\" allowfullscreen><\/iframe> <\/div><\/figure>    <h2 class=\"wp-block-heading\" id=\"h-how-to-choose-shisha-charcoal-tablet-equipment\"><strong>\u00bfC\u00f3mo elegir el equipo de tabletas de carb\u00f3n para shisha?<\/strong><\/h2>    <p>Si su materia prima es carb\u00f3n en polvo, puede elegir directamente una mezcladora de carb\u00f3n en polvo para procesar el carb\u00f3n en polvo para la producci\u00f3n de carb\u00f3n para narguile.<br>Si usted es un fabricante experimentado de carb\u00f3n para narguile y necesita una producci\u00f3n de gran volumen y alta calidad, le recomendamos que elija una m\u00e1quina de carb\u00f3n Hubbly de acero inoxidable o una prensa de tabletas rotativa. Porque las dos prensas para tabletas de carb\u00f3n para shisha utilizan tecnolog\u00eda CNC. Por tanto, son dos tipos de equipos que pueden realizar una producci\u00f3n altamente automatizada. Adem\u00e1s, son menos propensos a sufrir da\u00f1os y f\u00e1ciles de ajustar.<\/p>    <figure class=\"wp-block-gallery has-nested-images columns-default is-cropped wp-block-gallery-4 is-layout-flex wp-block-gallery-is-layout-flex\"> <figure class=\"wp-block-image size-full\"><img loading=\"lazy\" decoding=\"async\" width=\"720\" height=\"540\" data-id=\"1918\" src=\"https:\/\/charcoalplant.com\/wp-content\/uploads\/2022\/01\/rotary-tablet-press-plant-tuya_\u7ed3\u679c.jpg\" alt=\"planta-de-prensa-de-tabletas-para-narguile-rotativa\" class=\"wp-image-1918\"\/><figcaption class=\"wp-element-caption\">planta-de-prensa-de-tabletas-para-narguile-rotativa<\/figcaption><\/figure>    <figure class=\"wp-block-image size-large\"><img loading=\"lazy\" decoding=\"async\" width=\"720\" height=\"540\" data-id=\"2742\" src=\"https:\/\/charcoalplant.com\/wp-content\/uploads\/2022\/03\/PLC.jpg\" alt=\"SOCIEDAD AN\u00d3NIMA\" class=\"wp-image-2742\"\/><figcaption class=\"wp-element-caption\">SOCIEDAD AN\u00d3NIMA<\/figcaption><\/figure> <\/figure>    <h2 class=\"wp-block-heading\"><strong>C\u00f3mo hacer carb\u00f3n para shisha de alta calidad<\/strong><strong>?<\/strong><strong><\/strong><\/h2>    <p>Si desea fabricar carb\u00f3n para shisha de alta calidad, primero debe comprender sus caracter\u00edsticas del carb\u00f3n para shisha de alta calidad. Seg\u00fan la investigaci\u00f3n, los carboncillos compactos de alta calidad a los ojos de los \u00e1rabes tienen las siguientes caracter\u00edsticas: <\/p>    <p>1. Los trozos de carb\u00f3n de narguile se encienden en 1 minuto. <\/p>    <p>2. Un trozo de carb\u00f3n de narguile se puede quemar durante al menos 1 hora. <\/p>    <p>3. El carb\u00f3n de shisha quemado tiene grumos.<\/p>    <p>4. No se produce humo durante la combusti\u00f3n. <\/p>    <p>5. Sin olor peculiar al quemarse. <\/p>    <p>Para cumplir con las condiciones anteriores, primero debe elegir buenas materias primas. Por ejemplo, carb\u00f3n de c\u00e1scara de coco. En segundo lugar, la selecci\u00f3n y proporci\u00f3n de adhesivos en el proceso de producci\u00f3n tambi\u00e9n son muy importantes. Finalmente, cuanto mayor sea el tonelaje de la briquetadora de carb\u00f3n, mejor.<\/p>    <figure class=\"wp-block-image aligncenter size-full\"><img loading=\"lazy\" decoding=\"async\" width=\"720\" height=\"540\" src=\"https:\/\/charcoalplant.com\/wp-content\/uploads\/2022\/03\/hookah-briquette-manufacturer.jpg\" alt=\"fabricante de briquetas para narguile\" class=\"wp-image-2740\"\/><\/figure>","protected":false},"excerpt":{"rendered":"<p>La l\u00ednea de producci\u00f3n de carb\u00f3n para shisha es un equipo de producci\u00f3n con baja inversi\u00f3n y alto rendimiento. El carb\u00f3n de narguile tambi\u00e9n es un combustible popular hoy en d\u00eda.<\/p>","protected":false},"author":1,"featured_media":1386,"parent":0,"template":"","tags":[59],"product-type":[53],"class_list":["post-1372","product","type-product","status-publish","has-post-thumbnail","hentry","tag-charcoal-briquetting-machine","product-type-product-line"],"_links":{"self":[{"href":"https:\/\/charcoalplant.com\/es\/wp-json\/wp\/v2\/product\/1372","targetHints":{"allow":["GET"]}}],"collection":[{"href":"https:\/\/charcoalplant.com\/es\/wp-json\/wp\/v2\/product"}],"about":[{"href":"https:\/\/charcoalplant.com\/es\/wp-json\/wp\/v2\/types\/product"}],"author":[{"embeddable":true,"href":"https:\/\/charcoalplant.com\/es\/wp-json\/wp\/v2\/users\/1"}],"wp:featuredmedia":[{"embeddable":true,"href":"https:\/\/charcoalplant.com\/es\/wp-json\/wp\/v2\/media\/1386"}],"wp:attachment":[{"href":"https:\/\/charcoalplant.com\/es\/wp-json\/wp\/v2\/media?parent=1372"}],"wp:term":[{"taxonomy":"post_tag","embeddable":true,"href":"https:\/\/charcoalplant.com\/es\/wp-json\/wp\/v2\/tags?post=1372"},{"taxonomy":"product-type","embeddable":true,"href":"https:\/\/charcoalplant.com\/es\/wp-json\/wp\/v2\/product-type?post=1372"}],"curies":[{"name":"wp","href":"https:\/\/api.w.org\/{rel}","templated":true}]}}