{"id":1439,"date":"2021-12-20T07:47:23","date_gmt":"2021-12-20T07:47:23","guid":{"rendered":"https:\/\/charcoalplant.com\/?p=1439"},"modified":"2023-01-10T09:51:39","modified_gmt":"2023-01-10T01:51:39","slug":"coal-briquettes-production-line","status":"publish","type":"product","link":"https:\/\/charcoalplant.com\/es\/coal-briquettes-production-line\/","title":{"rendered":"L\u00ednea de producci\u00f3n de briquetas de carb\u00f3n"},"content":{"rendered":"<div class=\"kk-star-ratings kksr-auto kksr-align-left kksr-valign-top\"     data-payload='{&quot;align&quot;:&quot;left&quot;,&quot;id&quot;:&quot;1439&quot;,&quot;slug&quot;:&quot;default&quot;,&quot;valign&quot;:&quot;top&quot;,&quot;ignore&quot;:&quot;&quot;,&quot;reference&quot;:&quot;auto&quot;,&quot;class&quot;:&quot;&quot;,&quot;count&quot;:&quot;20&quot;,&quot;legendonly&quot;:&quot;&quot;,&quot;readonly&quot;:&quot;&quot;,&quot;score&quot;:&quot;4.6&quot;,&quot;starsonly&quot;:&quot;&quot;,&quot;best&quot;:&quot;5&quot;,&quot;gap&quot;:&quot;5&quot;,&quot;greet&quot;:&quot;Rate this product&quot;,&quot;legend&quot;:&quot;4.6\\\/5 - (20 votos)&quot;,&quot;size&quot;:&quot;24&quot;,&quot;title&quot;:&quot;Coal Briquettes Production Line&quot;,&quot;width&quot;:&quot;130.9&quot;,&quot;_legend&quot;:&quot;{score}\\\/{best} - ({count} {votes})&quot;,&quot;font_factor&quot;:&quot;1.25&quot;}'>              <div class=\"kksr-stars\">      <div class=\"kksr-stars-inactive\">             <div class=\"kksr-star\" data-star=\"1\" style=\"padding-right: 5px\">               <div class=\"kksr-icon\" style=\"width: 24px; height: 24px;\"><\/div>         <\/div>             <div class=\"kksr-star\" data-star=\"2\" style=\"padding-right: 5px\">               <div class=\"kksr-icon\" style=\"width: 24px; height: 24px;\"><\/div>         <\/div>             <div class=\"kksr-star\" data-star=\"3\" style=\"padding-right: 5px\">               <div class=\"kksr-icon\" style=\"width: 24px; height: 24px;\"><\/div>         <\/div>             <div class=\"kksr-star\" data-star=\"4\" style=\"padding-right: 5px\">               <div class=\"kksr-icon\" style=\"width: 24px; height: 24px;\"><\/div>         <\/div>             <div class=\"kksr-star\" data-star=\"5\" style=\"padding-right: 5px\">               <div class=\"kksr-icon\" style=\"width: 24px; height: 24px;\"><\/div>         <\/div>     <\/div>      <div class=\"kksr-stars-active\" style=\"width: 130.9px;\">             <div class=\"kksr-star\" style=\"padding-right: 5px\">               <div class=\"kksr-icon\" style=\"width: 24px; height: 24px;\"><\/div>         <\/div>             <div class=\"kksr-star\" style=\"padding-right: 5px\">               <div class=\"kksr-icon\" style=\"width: 24px; height: 24px;\"><\/div>         <\/div>             <div class=\"kksr-star\" style=\"padding-right: 5px\">               <div class=\"kksr-icon\" style=\"width: 24px; height: 24px;\"><\/div>         <\/div>             <div class=\"kksr-star\" style=\"padding-right: 5px\">               <div class=\"kksr-icon\" style=\"width: 24px; height: 24px;\"><\/div>         <\/div>             <div class=\"kksr-star\" style=\"padding-right: 5px\">               <div class=\"kksr-icon\" style=\"width: 24px; height: 24px;\"><\/div>         <\/div>     <\/div> <\/div>                   <div class=\"kksr-legend\" style=\"font-size: 19.2px;\">             4,6\/5 - (20 votos)    <\/div>     <\/div>  <p class=\"translation-block\"><strong>La l\u00ednea de producci\u00f3n de briquetas de carb\u00f3n<\/strong> utiliza carb\u00f3n como materia prima para producir briquetas, varillas de carb\u00f3n y otros productos terminados. La briqueta de polvo de carb\u00f3n tiene las caracter\u00edsticas de no contaminar, un tiempo de combusti\u00f3n prolongado y una gran demanda en el mercado. Y la m\u00e1quina de briquetado de carb\u00f3n es el equipo central en la <strong><a href=\"https:\/\/charcoalplant.com\/es\/bbq-coal-production-line\/\">l\u00ednea de producci\u00f3n de briquetas de carb\u00f3n para barbacoa<\/a><\/strong>. Nuestra f\u00e1brica ofrece servicio de moldes personalizados y piezas de repuesto para m\u00e1quinas. Por favor, h\u00e1ganos saber su intenci\u00f3n de compra. Adem\u00e1s, Shuliy le proporcionar\u00e1 servicios comerciales de alta calidad.<\/p>    <figure class=\"wp-block-image aligncenter size-full\"><img loading=\"lazy\" decoding=\"async\" width=\"720\" height=\"540\" src=\"https:\/\/charcoalplant.com\/wp-content\/uploads\/2021\/12\/coal-briquettes-production-line-for-sale-1-1.jpg\" alt=\"l\u00ednea de producci\u00f3n de briquetas de carb\u00f3n para la venta\" class=\"wp-image-1440\" srcset=\"https:\/\/charcoalplant.com\/wp-content\/uploads\/2021\/12\/coal-briquettes-production-line-for-sale-1-1.jpg 720w, https:\/\/charcoalplant.com\/wp-content\/uploads\/2021\/12\/coal-briquettes-production-line-for-sale-1-1-300x225.jpg 300w\" sizes=\"auto, (max-width: 720px) 100vw, 720px\" \/><figcaption class=\"wp-element-caption\">l\u00ednea de producci\u00f3n de briquetas de carb\u00f3n para la venta<\/figcaption><\/figure>    <h2 class=\"wp-block-heading\"><strong>Flujo de trabajo de la l\u00ednea de producci\u00f3n de briquetas de carb\u00f3n.<\/strong><\/h2>    <p>El primer paso en la operaci\u00f3n del proyecto de briquetas de carb\u00f3n es utilizar una trituradora compuesta de carb\u00f3n para pulverizar el carb\u00f3n en trozos. En segundo lugar, utilice una mezcladora de doble eje para mezclar el carb\u00f3n en polvo y el aglutinante de manera uniforme. El tercer paso es transportar el carb\u00f3n pulverizado mezclado al silo para su almacenamiento. El cuarto paso es transportar el carb\u00f3n pulverizado en el silo a la m\u00e1quina briquetadora de carb\u00f3n para fabricar briquetas. El quinto paso es utilizar un equipo de secado para secar el ladrillo de carb\u00f3n. Finalmente, envasa las briquetas secas en envases de pl\u00e1stico.<\/p>    <div class=\"wp-block-columns is-layout-flex wp-container-core-columns-is-layout-28f84493 wp-block-columns-is-layout-flex\"> <div class=\"wp-block-column is-layout-flow wp-block-column-is-layout-flow\"> <figure class=\"wp-block-image size-full\"><img loading=\"lazy\" decoding=\"async\" width=\"720\" height=\"540\" src=\"https:\/\/charcoalplant.com\/wp-content\/uploads\/2022\/01\/coal.jpg\" alt=\"carb\u00f3n\" class=\"wp-image-1980\"\/><figcaption class=\"wp-element-caption\">carb\u00f3n<\/figcaption><\/figure> <\/div>    <div class=\"wp-block-column is-layout-flow wp-block-column-is-layout-flow\"> <figure class=\"wp-block-image size-full\"><img loading=\"lazy\" decoding=\"async\" width=\"720\" height=\"540\" src=\"https:\/\/charcoalplant.com\/wp-content\/uploads\/2021\/12\/coal-briquette-plant.jpg\" alt=\"briquetas de carb\u00f3n \" class=\"wp-image-2908\"\/><figcaption class=\"wp-element-caption\">briquetas de carb\u00f3n <\/figcaption><\/figure> <\/div> <\/div>    <h2 class=\"wp-block-heading\"><strong>Estructura de la fabricaci\u00f3n de briquetas de carb\u00f3n. <\/strong>planta<\/h2>    <p class=\"translation-block\">La l\u00ednea de producci\u00f3n de briquetas de carb\u00f3n tiene una estructura relativamente simple. Por lo tanto, requiere menos equipos. La materia prima necesaria para la l\u00ednea de producci\u00f3n de briquetas es principalmente carb\u00f3n. Su materia prima tambi\u00e9n puede ser carb\u00f3n vegetal. El proceso de uso de carb\u00f3n como materia prima para producir briquetas es <strong>trituraci\u00f3n de carb\u00f3n \u2192 mezcla \u2192 alimentaci\u00f3n \u2192 briquetado \u2192 secado \u2192 envasado<\/strong>.<\/p>    <h3 class=\"wp-block-heading\" id=\"h-related-equipment-for-coal-powder-briquettes-production-line\"><strong>Equipos relacionados para la l\u00ednea de producci\u00f3n de briquetas de carb\u00f3n en polvo.<\/strong><\/h3>    <p>A continuaci\u00f3n se presentan los equipos y las funciones del equipo que debe utilizar la l\u00ednea de producci\u00f3n de briquetas de carb\u00f3n.<\/p>    <div class=\"wp-block-media-text is-stacked-on-mobile has-background\" style=\"background-color:#f1f1f1;grid-template-columns:52% auto\"><figure class=\"wp-block-media-text__media\"><img loading=\"lazy\" decoding=\"async\" width=\"1024\" height=\"768\" src=\"https:\/\/charcoalplant.com\/wp-content\/uploads\/2021\/12\/coal-grinder.png\" alt=\"molino de carbon\" class=\"wp-image-2901 size-full\"\/><\/figure><div class=\"wp-block-media-text__content\"> <p id=\"block-9cb7707d-629b-4599-bfda-644ae315d61c\" class=\"translation-block\"><strong>Trituradora compuesta de carb\u00f3n (trituraci\u00f3n)<\/strong><\/p>    <p id=\"block-b9946928-7b14-4a14-adbe-efd91c263fde\" class=\"translation-block\">Es una <strong><a href=\"https:\/\/charcoalplant.com\/es\/product\/charcoal-shredder\/\">trituradora multifuncional<\/a><\/strong>. Por lo tanto, sus materias primas son carb\u00f3n, guijarros, piedra caliza, escoria, etc. Puede pulverizar r\u00e1pidamente el carb\u00f3n en polvo de carb\u00f3n de aproximadamente 2 mm.<\/p> <\/div><\/div>    <p><\/p>    <div class=\"wp-block-media-text is-stacked-on-mobile has-background\" style=\"background-color:#f1f1f1;grid-template-columns:52% auto\"><figure class=\"wp-block-media-text__media\"><img loading=\"lazy\" decoding=\"async\" width=\"720\" height=\"540\" src=\"https:\/\/charcoalplant.com\/wp-content\/uploads\/2022\/03\/coal-mixer.jpg\" alt=\"mezclador de carb\u00f3n\" class=\"wp-image-2844 size-full\"\/><\/figure><div class=\"wp-block-media-text__content\"> <p id=\"block-ae61028d-3563-45c6-ac38-e224c61fbf30\" class=\"translation-block\"><strong>Mezcladora de doble eje (mezcla)<\/strong><\/p>    <p id=\"block-fbfd63ff-3664-4565-a9a4-49234d284162\">Utiliza una estructura de hoja de doble h\u00e9lice. El carb\u00f3n pulverizado, el aglutinante y el agua se agitan completamente en el tanque de agitaci\u00f3n y luego caen desde el puerto de descarga a la cinta transportadora.<\/p> <\/div><\/div>    <p><\/p>    <div class=\"wp-block-media-text is-stacked-on-mobile has-background\" style=\"background-color:#f1f1f1;grid-template-columns:52% auto\"><figure class=\"wp-block-media-text__media\"><img loading=\"lazy\" decoding=\"async\" width=\"720\" height=\"540\" src=\"https:\/\/charcoalplant.com\/wp-content\/uploads\/2022\/03\/coal-powder-storage-bin.jpg\" alt=\"\" class=\"wp-image-2899 size-full\"\/><\/figure><div class=\"wp-block-media-text__content\"> <p id=\"block-31390d6d-acb7-414c-affa-62b20e5bf594\" class=\"translation-block\"><strong>Silo de polvo de carb\u00f3n (alimentaci\u00f3n)<\/strong><\/p>    <p id=\"block-786c5bb7-8e08-442f-a140-529c5d58310e\">El carb\u00f3n pulverizado mezclado se almacena en un silo. Hay puertos de descarga y v\u00e1lvulas debajo del silo. Por lo tanto, el cliente puede liberar manualmente la materia prima para la l\u00ednea de producci\u00f3n de briquetas. En definitiva, el silo es la garant\u00eda de una producci\u00f3n continua.<\/p> <\/div><\/div>    <p><\/p>    <div class=\"wp-block-media-text is-stacked-on-mobile has-background\" style=\"background-color:#f1f1f1;grid-template-columns:51% auto\"><figure class=\"wp-block-media-text__media\"><img loading=\"lazy\" decoding=\"async\" width=\"720\" height=\"540\" src=\"https:\/\/charcoalplant.com\/wp-content\/uploads\/2021\/12\/Honeycomb-Coal-Press-Machine-1.jpg\" alt=\"M\u00e1quina-prensa-de-carb\u00f3n-en forma de panal\" class=\"wp-image-1351 size-full\" srcset=\"https:\/\/charcoalplant.com\/wp-content\/uploads\/2021\/12\/Honeycomb-Coal-Press-Machine-1.jpg 720w, https:\/\/charcoalplant.com\/wp-content\/uploads\/2021\/12\/Honeycomb-Coal-Press-Machine-1-300x225.jpg 300w\" sizes=\"auto, (max-width: 720px) 100vw, 720px\" \/><\/figure><div class=\"wp-block-media-text__content\"> <p class=\"translation-block\"><strong>M\u00e1quina para fabricar carb\u00f3n (briquetas)<\/strong> <\/p>    <p id=\"block-e38ef78e-6d23-4e42-85dc-3581070cb507\" class=\"translation-block\"><strong>Pre-prensa el polvo de carb\u00f3n<\/strong> en un molde. Despu\u00e9s de eso, se completa perforando la aguja y volviendo a presionar el bloque de prensado.<\/p> <\/div><\/div>    <p><\/p>    <div class=\"wp-block-media-text is-stacked-on-mobile has-background\" style=\"background-color:#f1f1f1;grid-template-columns:51% auto\"><figure class=\"wp-block-media-text__media\"><img loading=\"lazy\" decoding=\"async\" width=\"720\" height=\"540\" src=\"https:\/\/charcoalplant.com\/wp-content\/uploads\/2021\/12\/shaisha-charcoal-drying-room-1.jpg\" alt=\"cuarto de secado de carb\u00f3n shaisha\" class=\"wp-image-1492 size-full\" srcset=\"https:\/\/charcoalplant.com\/wp-content\/uploads\/2021\/12\/shaisha-charcoal-drying-room-1.jpg 720w, https:\/\/charcoalplant.com\/wp-content\/uploads\/2021\/12\/shaisha-charcoal-drying-room-1-300x225.jpg 300w\" sizes=\"auto, (max-width: 720px) 100vw, 720px\" \/><\/figure><div class=\"wp-block-media-text__content\"> <p id=\"block-3b089dae-3fae-4629-ab2a-7ab592eb2f81\" class=\"translation-block\"><strong>Secador (secado)<\/strong><\/p>    <p id=\"block-5504db69-dff5-4573-a649-4f1f156bd0c9\" class=\"translation-block\">Se utiliza para secar r\u00e1pidamente las briquetas de carb\u00f3n vegetal. Es m\u00e1s, tenemos una <strong><a href=\"https:\/\/charcoalplant.com\/es\/product\/charcoal-briquette-dryer\/\">sala de secado y un secador de cinta de malla<\/a><\/strong>. Estos dos equipos de secado se utilizan a menudo en la l\u00ednea de producci\u00f3n de briquetas.<\/p> <\/div><\/div>    <p><\/p>    <div class=\"wp-block-media-text is-stacked-on-mobile has-background\" style=\"background-color:#f1f1f1;grid-template-columns:51% auto\"><figure class=\"wp-block-media-text__media\"><img loading=\"lazy\" decoding=\"async\" width=\"720\" height=\"540\" src=\"https:\/\/charcoalplant.com\/wp-content\/uploads\/2022\/03\/charcoal-briket-bagging-machine.jpg\" alt=\"m\u00e1quina-embolsadora-de-briquetas-de-carb\u00f3n\" class=\"wp-image-2874 size-full\"\/><\/figure><div class=\"wp-block-media-text__content\"> <p id=\"block-ca300dad-e0f1-4b37-8e7d-20574f80d910\" class=\"translation-block\"><strong>M\u00e1quina envasadora (envasado)<\/strong><\/p>    <p id=\"block-ab346373-2956-4e43-bfb3-05b19cf5762c\" class=\"translation-block\">Las briquetas y las barras de carb\u00f3n se pueden envasar con m\u00e1quinas de sellado y corte. Adopta un proceso de termoencogimiento, que es conveniente y r\u00e1pido. Tambi\u00e9n tenemos una <strong><a href=\"https:\/\/charcoalplant.com\/es\/product\/charcoal-briquettes-packing-machine\/\">m\u00e1quina envasadora cuantitativa<\/a><\/strong> para elegir.<\/p> <\/div><\/div>    <p><\/p>    <h2 class=\"wp-block-heading\"><strong>Precio de la l\u00ednea de producci\u00f3n de briquetas de carb\u00f3n.<\/strong><\/h2>    <p>Debido a las diferentes necesidades de los clientes, sus l\u00edneas de producci\u00f3n son diferentes. Por lo tanto, el precio lineal de diferentes m\u00e1quinas prensadoras de carb\u00f3n es diferente. Queremos saber el equipo espec\u00edfico que deseas comprar. O podemos proporcionarle un programa de l\u00ednea de producci\u00f3n adecuado. En definitiva, debemos solucionar los problemas seg\u00fan la situaci\u00f3n real de nuestros clientes. Act\u00fae ahora cont\u00e1ctenos para realizar negocios.<\/p>    <h2 class=\"wp-block-heading\" id=\"h-coal-making-machine-for-sale\"><strong>Venta de maquina para fabricar carbon<\/strong><\/h2>    <p>Producimos m\u00e1quinas prensadoras de carb\u00f3n en forma de panal, m\u00e1quinas de carb\u00f3n para barbacoas y m\u00e1quinas de moldeo por briquetas de carb\u00f3n. Por lo tanto, pueden satisfacer las necesidades de producci\u00f3n de diferentes clientes, pero tambi\u00e9n las necesidades de compra de diferentes consumidores. La l\u00ednea de producci\u00f3n de m\u00e1quinas para fabricar carb\u00f3n Shuliy Machinery tiene una variedad de modelos. Adem\u00e1s, nuestra f\u00e1brica ofrece a los clientes servicios de personalizaci\u00f3n de productos. Si tienes alguna pregunta, d\u00e9janos un mensaje y te ayudaremos lo antes posible.<\/p>    <figure class=\"wp-block-gallery has-nested-images columns-2 is-cropped wp-block-gallery-2 is-layout-flex wp-block-gallery-is-layout-flex\"> <figure class=\"wp-block-image size-full\"><img loading=\"lazy\" decoding=\"async\" width=\"720\" height=\"540\" data-id=\"2925\" src=\"https:\/\/charcoalplant.com\/wp-content\/uploads\/2022\/03\/coal-briquettes-production-line-plant.jpg\" alt=\"planta de l\u00ednea de producci\u00f3n de briquetas de carb\u00f3n\" class=\"wp-image-2925\"\/><figcaption class=\"wp-element-caption\">planta de l\u00ednea de producci\u00f3n de briquetas de carb\u00f3n<\/figcaption><\/figure>    <figure class=\"wp-block-image size-large\"><img loading=\"lazy\" decoding=\"async\" width=\"720\" height=\"540\" data-id=\"2926\" src=\"https:\/\/charcoalplant.com\/wp-content\/uploads\/2022\/03\/coal-making-machine-for-sale.jpg\" alt=\"maquina para fabricar carbon para la venta\" class=\"wp-image-2926\"\/><figcaption class=\"wp-element-caption\">maquina para fabricar carbon para la venta<\/figcaption><\/figure>    <figure class=\"wp-block-image size-large\"><img loading=\"lazy\" decoding=\"async\" width=\"720\" height=\"540\" data-id=\"2927\" src=\"https:\/\/charcoalplant.com\/wp-content\/uploads\/2022\/03\/coal-briquettes-machine-plant-shipping.jpg\" alt=\"env\u00edo de la planta de la m\u00e1quina de briquetas de carb\u00f3n\" class=\"wp-image-2927\"\/><figcaption class=\"wp-element-caption\">env\u00edo de la planta de la m\u00e1quina de briquetas de carb\u00f3n<\/figcaption><\/figure>    <figure class=\"wp-block-image size-large\"><img loading=\"lazy\" decoding=\"async\" width=\"720\" height=\"540\" data-id=\"2928\" src=\"https:\/\/charcoalplant.com\/wp-content\/uploads\/2022\/03\/shipping-of-drying-machine.jpg\" alt=\"env\u00edo de secadora\" class=\"wp-image-2928\"\/><figcaption class=\"wp-element-caption\">env\u00edo de secadora<\/figcaption><\/figure> <\/figure>","protected":false},"excerpt":{"rendered":"<p>La l\u00ednea de producci\u00f3n de briquetas de carb\u00f3n utiliza carb\u00f3n como materia prima para producir carb\u00f3n alveolar, briquetas de carb\u00f3n, barras de carb\u00f3n y otros productos terminados.<\/p>","protected":false},"author":1,"featured_media":1440,"parent":0,"template":"","tags":[59],"product-type":[53],"class_list":["post-1439","product","type-product","status-publish","has-post-thumbnail","hentry","tag-charcoal-briquetting-machine","product-type-product-line"],"_links":{"self":[{"href":"https:\/\/charcoalplant.com\/es\/wp-json\/wp\/v2\/product\/1439","targetHints":{"allow":["GET"]}}],"collection":[{"href":"https:\/\/charcoalplant.com\/es\/wp-json\/wp\/v2\/product"}],"about":[{"href":"https:\/\/charcoalplant.com\/es\/wp-json\/wp\/v2\/types\/product"}],"author":[{"embeddable":true,"href":"https:\/\/charcoalplant.com\/es\/wp-json\/wp\/v2\/users\/1"}],"wp:featuredmedia":[{"embeddable":true,"href":"https:\/\/charcoalplant.com\/es\/wp-json\/wp\/v2\/media\/1440"}],"wp:attachment":[{"href":"https:\/\/charcoalplant.com\/es\/wp-json\/wp\/v2\/media?parent=1439"}],"wp:term":[{"taxonomy":"post_tag","embeddable":true,"href":"https:\/\/charcoalplant.com\/es\/wp-json\/wp\/v2\/tags?post=1439"},{"taxonomy":"product-type","embeddable":true,"href":"https:\/\/charcoalplant.com\/es\/wp-json\/wp\/v2\/product-type?post=1439"}],"curies":[{"name":"wp","href":"https:\/\/api.w.org\/{rel}","templated":true}]}}