{"id":1468,"date":"2021-12-21T08:39:36","date_gmt":"2021-12-21T08:39:36","guid":{"rendered":"https:\/\/charcoalplant.com\/?p=1468"},"modified":"2023-01-11T15:58:12","modified_gmt":"2023-01-11T07:58:12","slug":"charcoal-briquette-dryer","status":"publish","type":"product","link":"https:\/\/charcoalplant.com\/es\/product\/charcoal-briquette-dryer\/","title":{"rendered":"Secadora de briquetas de carb\u00f3n | Secadora con bomba de calor"},"content":{"rendered":"<div class=\"kk-star-ratings kksr-auto kksr-align-left kksr-valign-top\"     data-payload='{&quot;align&quot;:&quot;left&quot;,&quot;id&quot;:&quot;1468&quot;,&quot;slug&quot;:&quot;default&quot;,&quot;valign&quot;:&quot;top&quot;,&quot;ignore&quot;:&quot;&quot;,&quot;reference&quot;:&quot;auto&quot;,&quot;class&quot;:&quot;&quot;,&quot;count&quot;:&quot;25&quot;,&quot;legendonly&quot;:&quot;&quot;,&quot;readonly&quot;:&quot;&quot;,&quot;score&quot;:&quot;4.8&quot;,&quot;starsonly&quot;:&quot;&quot;,&quot;best&quot;:&quot;5&quot;,&quot;gap&quot;:&quot;5&quot;,&quot;greet&quot;:&quot;Rate this product&quot;,&quot;legend&quot;:&quot;4.8\\\/5 - (25 votos)&quot;,&quot;size&quot;:&quot;24&quot;,&quot;title&quot;:&quot;Charcoal Briquette Dryer | Heat Pump Drying Machine&quot;,&quot;width&quot;:&quot;136.7&quot;,&quot;_legend&quot;:&quot;{score}\\\/{best} - ({count} {votes})&quot;,&quot;font_factor&quot;:&quot;1.25&quot;}'>              <div class=\"kksr-stars\">      <div class=\"kksr-stars-inactive\">             <div class=\"kksr-star\" data-star=\"1\" style=\"padding-right: 5px\">               <div class=\"kksr-icon\" style=\"width: 24px; height: 24px;\"><\/div>         <\/div>             <div class=\"kksr-star\" data-star=\"2\" style=\"padding-right: 5px\">               <div class=\"kksr-icon\" style=\"width: 24px; height: 24px;\"><\/div>         <\/div>             <div class=\"kksr-star\" data-star=\"3\" style=\"padding-right: 5px\">               <div class=\"kksr-icon\" style=\"width: 24px; height: 24px;\"><\/div>         <\/div>             <div class=\"kksr-star\" data-star=\"4\" style=\"padding-right: 5px\">               <div class=\"kksr-icon\" style=\"width: 24px; height: 24px;\"><\/div>         <\/div>             <div class=\"kksr-star\" data-star=\"5\" style=\"padding-right: 5px\">               <div class=\"kksr-icon\" style=\"width: 24px; height: 24px;\"><\/div>         <\/div>     <\/div>      <div class=\"kksr-stars-active\" style=\"width: 136.7px;\">             <div class=\"kksr-star\" style=\"padding-right: 5px\">               <div class=\"kksr-icon\" style=\"width: 24px; height: 24px;\"><\/div>         <\/div>             <div class=\"kksr-star\" style=\"padding-right: 5px\">               <div class=\"kksr-icon\" style=\"width: 24px; height: 24px;\"><\/div>         <\/div>             <div class=\"kksr-star\" style=\"padding-right: 5px\">               <div class=\"kksr-icon\" style=\"width: 24px; height: 24px;\"><\/div>         <\/div>             <div class=\"kksr-star\" style=\"padding-right: 5px\">               <div class=\"kksr-icon\" style=\"width: 24px; height: 24px;\"><\/div>         <\/div>             <div class=\"kksr-star\" style=\"padding-right: 5px\">               <div class=\"kksr-icon\" style=\"width: 24px; height: 24px;\"><\/div>         <\/div>     <\/div> <\/div>                   <div class=\"kksr-legend\" style=\"font-size: 19.2px;\">             4.8\/5 - (25 votos)    <\/div>     <\/div>  <p class=\"translation-block\"><strong>La m\u00e1quina secadora de briquetas de carb\u00f3n<\/strong> es uno de los equipos necesarios para la l\u00ednea de producci\u00f3n de carb\u00f3n. Principalmente adopta el principio de circulaci\u00f3n de aire caliente. Por lo tanto, puede funcionar de manera estable. Adem\u00e1s, puede secar materiales en cualquier momento, sin importar el clima. As\u00ed que, las secadoras de briquetas de carb\u00f3n son equipos populares en muchas f\u00e1bricas de carb\u00f3n. La f\u00e1brica Shuliy vende dos tipos de secadoras de carb\u00f3n: una sala de secado con carro y una secadora de cinta de malla de m\u00faltiples capas. Todos son productos altamente econ\u00f3micos. Si desea invertir en una secadora, cont\u00e1ctenos hoy para obtener el mejor precio.<\/p>    <h2 class=\"wp-block-heading\" id=\"h-raw-materials-for-charcoal-briquette-dryer\">Materias primas para la secadora de briquetas de carb\u00f3n<\/h2>    <p class=\"translation-block\">El campo de aplicaci\u00f3n de la m\u00e1quina secadora de briquetas de carb\u00f3n es muy amplio. Se puede utilizar para secar materiales en el procesamiento de alimentos, la medicina herbaria china y la industria del carb\u00f3n. Debido a su efecto de secado y al concepto de ahorro de energ\u00eda, la respuesta es muy buena. Por lo tanto, muchas f\u00e1bricas de carb\u00f3n utilizan secadores de briquetas de carb\u00f3n para secar productos de carb\u00f3n. Como briquetas de polvo de carb\u00f3n, <a href=\"https:\/\/charcoalplant.com\/es\/product\/honeycomb-coal-press-machine\/\"><strong>carb\u00f3n de panal<\/strong><\/a>, carb\u00f3n para barbacoa, <strong><a href=\"https:\/\/charcoalplant.com\/es\/product\/best-shisha-charcoal-machine\/\">carb\u00f3n cuadrado para shisha<\/a><\/strong>, carb\u00f3n redondo para hookah, etc.<\/p>    <figure class=\"wp-block-image aligncenter size-full\"><img loading=\"lazy\" decoding=\"async\" width=\"720\" height=\"540\" src=\"https:\/\/charcoalplant.com\/wp-content\/uploads\/2022\/03\/charcoal-and-coal-briquette.jpg\" alt=\"briquetas de carb\u00f3n y carb\u00f3n\" class=\"wp-image-2615\"\/><figcaption class=\"wp-element-caption\">briquetas de carb\u00f3n y carb\u00f3n<\/figcaption><\/figure>    <h2 class=\"wp-block-heading\">\u00bfQu\u00e9 es el secador de briquetas de carb\u00f3n? <\/h2>    <p>Una secadora de briquetas de carb\u00f3n es una m\u00e1quina que se utiliza para reducir el contenido de humedad de las briquetas de carb\u00f3n crudo. Por lo general, esto se hace antes de empaquetar y vender las briquetas, ya que la humedad puede dificultar la iluminaci\u00f3n y tambi\u00e9n puede promover el crecimiento de moho y otros microorganismos. Los secadores de briquetas de carb\u00f3n suelen estar compuestos por una c\u00e1mara de secado, una fuente de calor y un sistema de ventilaci\u00f3n. La fuente de calor suele ser un elemento calefactor de gas o el\u00e9ctrico, y el sistema de ventilaci\u00f3n se utiliza para hacer circular aire a trav\u00e9s de la c\u00e1mara con el fin de promover la evaporaci\u00f3n de la humedad de las briquetas. Algunas secadoras tambi\u00e9n pueden tener la funci\u00f3n de controlar la temperatura y la humedad.<\/p>    <h2 class=\"wp-block-heading\">\u00bfCu\u00e1les son los tipos de secadoras de carb\u00f3n?<\/h2>    <p class=\"translation-block\"><strong>Nuestros dos tipos de secadores:<\/strong> secadores de caja eficientes y secadores de banda de malla continuos. Si tiene alguna pregunta, deje un mensaje.<\/p>    <h2 class=\"wp-block-heading\" id=\"h-type-1-charcoal-briquette-drying-room\"><strong>Tipo 1<\/strong>: Secadora de briquetas de carb\u00f3n <\/h2>    <p class=\"translation-block\">La m\u00e1quina secadora de briquetas de carb\u00f3n adopta el principio de funcionamiento de un sistema de circulaci\u00f3n de aire caliente y un sistema de deshumidificaci\u00f3n. La temperatura en la sala de secado es detectada por un dispositivo de inducci\u00f3n de control de temperatura inteligente. Aunque diferentes materiales tienen diferentes temperaturas de secado. Sin embargo, los <strong><a href=\"https:\/\/charcoalplant.com\/es\/info\/feedback-from-libyan-customer-charcoal-briquetting-drying-room\/\">clientes<\/a><\/strong> pueden configurar la temperatura interior y el tiempo de secado a trav\u00e9s del gabinete de distribuci\u00f3n de energ\u00eda del secador de briquetas de carb\u00f3n para lograr el mejor estado de secado. Por lo tanto, el secador de horno es un dispositivo muy inteligente y sin problemas.<\/p>    <figure class=\"wp-block-image aligncenter size-full\"><img loading=\"lazy\" decoding=\"async\" width=\"1024\" height=\"768\" src=\"https:\/\/charcoalplant.com\/wp-content\/uploads\/2022\/03\/charcoal-briquette-dryer-machine-plant.png\" alt=\"Planta secadora de briquetas de carb\u00f3n\" class=\"wp-image-2617\"\/><figcaption class=\"wp-element-caption\">Planta secadora de briquetas de carb\u00f3n<\/figcaption><\/figure>    <h3 class=\"wp-block-heading\">Estructura de la m\u00e1quina secadora de briquetas de carb\u00f3n <\/h3>    <p>Su estructura incluye principalmente una fuente de calefacci\u00f3n, un ventilador de tiro inducido, un deshumidificador, un conducto de aire caliente, un gabinete de control, un carro, una bandeja, etc. Parece una habitaci\u00f3n. El cliente coloca el producto terminado en el carro y lo empuja hacia la sala de secado. Adem\u00e1s, su tama\u00f1o se puede personalizar. En general, su tama\u00f1o est\u00e1 relacionado con la cantidad de carros. Cada carro tiene 10 capas. <\/p>    <div class=\"wp-block-columns are-vertically-aligned-center has-background is-layout-flex wp-container-core-columns-is-layout-28f84493 wp-block-columns-is-layout-flex\" style=\"background-color:#f1f1f1\"> <div class=\"wp-block-column is-vertically-aligned-center is-layout-flow wp-block-column-is-layout-flow\" style=\"flex-basis:33.33%\"> <h4 class=\"wp-block-heading\"><strong>Bomba de calor de energ\u00eda de aire<\/strong><\/h4>    <p>Su apariencia y principio de funcionamiento son similares a los de un aire acondicionado colgado. Por lo que ahorra mucha energ\u00eda y es respetuoso con el medio ambiente.<\/p> <\/div>    <div class=\"wp-block-column is-vertically-aligned-center is-layout-flow wp-block-column-is-layout-flow\" style=\"flex-basis:66.66%\"> <figure class=\"wp-block-gallery has-nested-images columns-default is-cropped wp-block-gallery-2 is-layout-flex wp-block-gallery-is-layout-flex\"> <figure class=\"wp-block-image size-large\"><img loading=\"lazy\" decoding=\"async\" width=\"720\" height=\"540\" data-id=\"1479\" src=\"https:\/\/charcoalplant.com\/wp-content\/uploads\/2021\/12\/Drying-room-heat-pump-1.jpg\" alt=\"Bomba-de-calor-para-secado\" class=\"wp-image-1479\" srcset=\"https:\/\/charcoalplant.com\/wp-content\/uploads\/2021\/12\/Drying-room-heat-pump-1.jpg 720w, https:\/\/charcoalplant.com\/wp-content\/uploads\/2021\/12\/Drying-room-heat-pump-1-300x225.jpg 300w\" sizes=\"auto, (max-width: 720px) 100vw, 720px\" \/><figcaption class=\"wp-element-caption\">Bomba-de-calor-para-secado<\/figcaption><\/figure> <\/figure> <\/div> <\/div>    <div class=\"wp-block-columns has-background is-layout-flex wp-container-core-columns-is-layout-28f84493 wp-block-columns-is-layout-flex\" style=\"background-color:#f1f1f1\"> <div class=\"wp-block-column is-layout-flow wp-block-column-is-layout-flow\" style=\"flex-basis:66.66%\"> <figure class=\"wp-block-gallery has-nested-images columns-default is-cropped wp-block-gallery-3 is-layout-flex wp-block-gallery-is-layout-flex\"> <figure class=\"wp-block-image size-large\"><img loading=\"lazy\" decoding=\"async\" width=\"720\" height=\"540\" data-id=\"1477\" src=\"https:\/\/charcoalplant.com\/wp-content\/uploads\/2021\/12\/Control-cabinet-1.jpg\" alt=\"Cabina de control\" class=\"wp-image-1477\" srcset=\"https:\/\/charcoalplant.com\/wp-content\/uploads\/2021\/12\/Control-cabinet-1.jpg 720w, https:\/\/charcoalplant.com\/wp-content\/uploads\/2021\/12\/Control-cabinet-1-300x225.jpg 300w\" sizes=\"auto, (max-width: 720px) 100vw, 720px\" \/><figcaption class=\"wp-element-caption\">Cabina de control<\/figcaption><\/figure> <\/figure> <\/div>    <div class=\"wp-block-column is-vertically-aligned-center is-layout-flow wp-block-column-is-layout-flow\" style=\"flex-basis:33.33%\"> <h4 class=\"wp-block-heading\"><strong>Cabina de control<\/strong> <strong>caja<\/strong><\/h4>    <p>Los clientes pueden configurar la temperatura y el tiempo. Control de automatizaci\u00f3n: el uso de un sistema de control integrado, interfaz hombre-m\u00e1quina y control autom\u00e1tico sin personal de servicio.<\/p> <\/div> <\/div>    <div class=\"wp-block-columns has-background is-layout-flex wp-container-core-columns-is-layout-28f84493 wp-block-columns-is-layout-flex\" style=\"background-color:#f1f1f1\"> <div class=\"wp-block-column is-vertically-aligned-center is-layout-flow wp-block-column-is-layout-flow\" style=\"flex-basis:33.33%\"> <h4 class=\"wp-block-heading\"><strong>ventilador de inducci\u00f3n<\/strong><\/h4>    <p>Puede bombear continuamente aire caliente a la c\u00e1mara de secado. Adem\u00e1s, tambi\u00e9n desempe\u00f1a el papel de circulaci\u00f3n de gas.<\/p> <\/div>    <div class=\"wp-block-column is-layout-flow wp-block-column-is-layout-flow\" style=\"flex-basis:66.66%\"> <figure class=\"wp-block-gallery has-nested-images columns-default is-cropped wp-block-gallery-4 is-layout-flex wp-block-gallery-is-layout-flex\"> <figure class=\"wp-block-image size-large\"><img loading=\"lazy\" decoding=\"async\" width=\"720\" height=\"540\" data-id=\"1480\" src=\"https:\/\/charcoalplant.com\/wp-content\/uploads\/2021\/12\/Induced-fan-1.jpg\" alt=\"ventilador inducido\" class=\"wp-image-1480\" srcset=\"https:\/\/charcoalplant.com\/wp-content\/uploads\/2021\/12\/Induced-fan-1.jpg 720w, https:\/\/charcoalplant.com\/wp-content\/uploads\/2021\/12\/Induced-fan-1-300x225.jpg 300w\" sizes=\"auto, (max-width: 720px) 100vw, 720px\" \/><figcaption class=\"wp-element-caption\">ventilador inducido<\/figcaption><\/figure> <\/figure> <\/div> <\/div>    <h3 class=\"wp-block-heading\">Par\u00e1metros de la secadora de briquetas de carb\u00f3n.<\/h3>    <figure class=\"wp-block-table is-style-stripes\"><table><tbody><tr><td>Modelo<\/td><td>SL-BD 08<\/td><td>SL-BD 010<\/td><\/tr><tr><td>Tama\u00f1o del cuarto de secado<\/td><td>8m*2,3m*2,5m<\/td><td>10m*2,3m*2,5m<\/td><\/tr><tr><td>ventilador circulante<\/td><td>6 piezas<\/td><td>6 piezas<\/td><\/tr><tr><td>ventilador deshumidificador<\/td><td>2 piezas<\/td><td>2 piezas<\/td><\/tr><tr><td>Carretilla<\/td><td>8 piezas<\/td><td>10 piezas<\/td><\/tr><tr><td>Bandeja<\/td><td>80 piezas<\/td><td>100 piezas<\/td><\/tr><\/tbody><\/table><\/figure>    <h3 class=\"wp-block-heading\">Video de la toma real de la f\u00e1brica de secadoras de cajas. <\/h3>    <figure class=\"wp-block-embed is-type-video is-provider-youtube wp-block-embed-youtube wp-embed-aspect-16-9 wp-has-aspect-ratio\"><div class=\"wp-block-embed__wrapper\"> <iframe loading=\"lazy\" title=\"Proveedor de m\u00e1quinas secadoras de briquetas de carb\u00f3n | Caja secadora f\u00e1brica Real Shot#bbqcoaldrying#dryer\" width=\"500\" height=\"281\" src=\"https:\/\/www.youtube.com\/embed\/hPFY09NfOv0?feature=oembed\" frameborder=\"0\" allow=\"accelerometer; autoplay; clipboard-write; encrypted-media; gyroscope; picture-in-picture; web-share\" referrerpolicy=\"strict-origin-when-cross-origin\" allowfullscreen><\/iframe> <\/div><\/figure>    <h2 class=\"wp-block-heading\" id=\"h-type-2-multi-layer-mesh-belt-dryer\"><strong>Tipo 2<\/strong>: Secador de cinta de malla multicapa<\/h2>    <p>El operador debe colocar las materias primas (como briquetas, carb\u00f3n para barbacoa, hierbas, etc.) en el puerto de alimentaci\u00f3n. Luego, la correa de malla m\u00f3vil hace que el carb\u00f3n se extienda y entre a la c\u00e1mara de secado para secarse. El carb\u00f3n se mueve a trav\u00e9s de la cinta secadora de malla y el aire caliente calienta y seca uniformemente la materia prima. Adem\u00e1s, los clientes pueden ajustar el contenido de humedad de la materia prima final ajustando la velocidad de movimiento de la cinta secadora de malla.<\/p>    <figure class=\"wp-block-image aligncenter size-full\"><img loading=\"lazy\" decoding=\"async\" width=\"720\" height=\"540\" src=\"https:\/\/charcoalplant.com\/wp-content\/uploads\/2022\/01\/inlet.jpg\" alt=\"entrada\" class=\"wp-image-1968\"\/><figcaption class=\"wp-element-caption\">entrada<\/figcaption><\/figure>    <h3 class=\"wp-block-heading\">Estructura de la secadora de cinta de malla.<\/h3>    <p>Su estructura incluye un puerto de alimentaci\u00f3n, una cinta transportadora de acero inoxidable, un esparcidor, una sala de secado, una fuente de calor, un puerto de descarga, un ventilador de tiro inducido, etc.<\/p>    <figure class=\"wp-block-image aligncenter size-full\"><img loading=\"lazy\" decoding=\"async\" width=\"640\" height=\"343\" src=\"https:\/\/charcoalplant.com\/wp-content\/uploads\/2022\/03\/charcoal-briquetting-dryer-structure.jpg\" alt=\"\" class=\"wp-image-2621\"\/><\/figure>    <div class=\"wp-block-columns has-background is-layout-flex wp-container-core-columns-is-layout-28f84493 wp-block-columns-is-layout-flex\" style=\"background-color:#f1f1f1\"> <div class=\"wp-block-column is-layout-flow wp-block-column-is-layout-flow\" style=\"flex-basis:66.66%\"> <figure class=\"wp-block-gallery has-nested-images columns-default is-cropped wp-block-gallery-5 is-layout-flex wp-block-gallery-is-layout-flex\"> <figure class=\"wp-block-image size-large\"><img loading=\"lazy\" decoding=\"async\" width=\"720\" height=\"540\" data-id=\"1970\" src=\"https:\/\/charcoalplant.com\/wp-content\/uploads\/2022\/01\/metal-belt.jpg\" alt=\"cintur\u00f3n de metal\" class=\"wp-image-1970\"\/><figcaption class=\"wp-element-caption\">cintur\u00f3n de metal<\/figcaption><\/figure> <\/figure> <\/div>    <div class=\"wp-block-column is-vertically-aligned-center is-layout-flow wp-block-column-is-layout-flow\" style=\"flex-basis:33.33%\"> <h4 class=\"wp-block-heading\"><strong>Cintur\u00f3n de malla de acero inoxidable.<\/strong><\/h4>    <p>Su material no se da\u00f1a f\u00e1cilmente y tiene una larga vida \u00fatil. Y cada capa de la cinta transportadora de malla tiene un motor de velocidad ajustable. De esta manera, la cinta transportadora de malla transportadora se puede mover de manera uniforme.<\/p> <\/div> <\/div>    <div class=\"wp-block-columns has-background is-layout-flex wp-container-core-columns-is-layout-28f84493 wp-block-columns-is-layout-flex\" style=\"background-color:#f1f1f1\"> <div class=\"wp-block-column is-vertically-aligned-center is-layout-flow wp-block-column-is-layout-flow\" style=\"flex-basis:33.33%\"> <h4 class=\"wp-block-heading\"><strong>Entrada<\/strong><\/h4>    <p>No s\u00f3lo se puede alimentar de forma continua. Y el secador de cinta de malla continua puede esparcir el material autom\u00e1ticamente<\/p> <\/div>    <div class=\"wp-block-column is-layout-flow wp-block-column-is-layout-flow\" style=\"flex-basis:66.66%\"> <figure class=\"wp-block-gallery has-nested-images columns-default is-cropped wp-block-gallery-6 is-layout-flex wp-block-gallery-is-layout-flex\"> <figure class=\"wp-block-image size-large\"><img loading=\"lazy\" decoding=\"async\" width=\"720\" height=\"540\" data-id=\"1969\" src=\"https:\/\/charcoalplant.com\/wp-content\/uploads\/2022\/01\/mesh-blet-dryer.jpg\" alt=\"secador-blet-de-malla\" class=\"wp-image-1969\"\/><figcaption class=\"wp-element-caption\">secador-blet-de-malla<\/figcaption><\/figure> <\/figure> <\/div> <\/div>    <h3 class=\"wp-block-heading\">Par\u00e1metros del secador de cinta de malla continua.<\/h3>    <figure class=\"wp-block-table is-style-stripes\"><table><tbody><tr><td>Modelo<\/td><td>LTWD-6<\/td><td>LTWD-8<\/td><td>LTWD-10<\/td><td>LTWD-12<\/td><td>LTWD-16<\/td><td>LTWD-20<\/td><td>LTWD-24<\/td><td>LTWD-30<\/td><\/tr><tr><td>Ancho del cintur\u00f3n<\/td><td>600 mm<\/td><td>800 mm<\/td><td>1000 mm<\/td><td>1200 mm<\/td><td>1600 mm<\/td><td>2000 mm<\/td><td>2400 mm<\/td><td>3000 mm<\/td><\/tr><tr><td>Longitud de la secci\u00f3n de secado<\/td><td>6-12<\/td><td>6-12<\/td><td>6-16<\/td><td>8-16<\/td><td>8-22<\/td><td>10-26<\/td><td>12-30<\/td><td>12-40<\/td><\/tr><tr><td>Longitud de la secci\u00f3n de alimentaci\u00f3n<\/td><td>1<\/td><td>1<\/td><td>1<\/td><td>1<\/td><td>1<\/td><td>1.5<\/td><td>1.5<\/td><td>2<\/td><\/tr><tr><td>Longitud de la secci\u00f3n de transmisi\u00f3n<\/td><td>1<\/td><td>1<\/td><td>1<\/td><td>1<\/td><td>1<\/td><td>1.5<\/td><td>1.5<\/td><td>2<\/td><\/tr><tr><td>\u00c1rea de secado<\/td><td>3,6-36\u00a0m2<\/td><td>4,8-48\u00a0m2<\/td><td>6-80\u00a0m2<\/td><td>7,2-96\u00a0m2<\/td><td>12,8-105,6\u00a0m2<\/td><td>20-260 m2<\/td><td>28,8-360\u00a0m2<\/td><\/tr><\/tbody><\/table><\/figure>    <h2 class=\"wp-block-heading\">Venta de carb\u00f3n<strong><strong><strong> <\/strong><\/strong><\/strong>secadora <\/h2>    <p class=\"translation-block\">Los secadores de briquetas de carb\u00f3n aparecen a menudo en las <strong><a href=\"https:\/\/charcoalplant.com\/es\/shisha-charcoal-production-line\/\">l\u00edneas de producci\u00f3n de carb\u00f3n para shisha<\/a><\/strong>, l\u00edneas de producci\u00f3n de carb\u00f3n con forma y l\u00edneas de producci\u00f3n de carb\u00f3n. Adem\u00e1s, la briqueta de carb\u00f3n secada se puede empaquetar directamente utilizando una <a href=\"https:\/\/charcoalplant.com\/es\/briquettes-packing-machine\/charcoal-briquettes-packing-machine\/\"><strong>m\u00e1quina de envasado de briquetas de carb\u00f3n<\/strong>.<\/a> Vendemos secaderos de briquetas de carb\u00f3n peque\u00f1os y secadores de banda de malla. Sus especificaciones son flexibles y personalizables. Por lo tanto, puede decirnos sus requisitos espec\u00edficos y le proporcionaremos los par\u00e1metros espec\u00edficos de la m\u00e1quina.<\/p>    <figure class=\"wp-block-gallery has-nested-images columns-2 is-cropped wp-block-gallery-7 is-layout-flex wp-block-gallery-is-layout-flex\"> <figure class=\"wp-block-image size-large\"><img loading=\"lazy\" decoding=\"async\" width=\"720\" height=\"540\" data-id=\"1482\" src=\"https:\/\/charcoalplant.com\/wp-content\/uploads\/2021\/12\/Mesh-belt-dryer-shipment-1.jpg\" alt=\"Env\u00edo de secador de cinta de malla\" class=\"wp-image-1482\" srcset=\"https:\/\/charcoalplant.com\/wp-content\/uploads\/2021\/12\/Mesh-belt-dryer-shipment-1.jpg 720w, https:\/\/charcoalplant.com\/wp-content\/uploads\/2021\/12\/Mesh-belt-dryer-shipment-1-300x225.jpg 300w\" sizes=\"auto, (max-width: 720px) 100vw, 720px\" \/><figcaption class=\"wp-element-caption\">Env\u00edo de secador de cinta de malla<\/figcaption><\/figure>    <figure class=\"wp-block-image size-large\"><img loading=\"lazy\" decoding=\"async\" width=\"720\" height=\"540\" data-id=\"2626\" src=\"https:\/\/charcoalplant.com\/wp-content\/uploads\/2022\/03\/charcoal-briquette-dryer-for-sale.jpg\" alt=\"Se vende secadora de briquetas de carb\u00f3n.\" class=\"wp-image-2626\"\/><figcaption class=\"wp-element-caption\">Se vende secadora de briquetas de carb\u00f3n.<\/figcaption><\/figure>    <figure class=\"wp-block-image size-large\"><img loading=\"lazy\" decoding=\"async\" width=\"633\" height=\"460\" data-id=\"2627\" src=\"https:\/\/charcoalplant.com\/wp-content\/uploads\/2022\/03\/drying-machine-plant.png\" alt=\"planta de secadora\" class=\"wp-image-2627\"\/><figcaption class=\"wp-element-caption\">planta de secadora<\/figcaption><\/figure>    <figure class=\"wp-block-image size-full\"><img loading=\"lazy\" decoding=\"async\" width=\"720\" height=\"540\" data-id=\"1967\" src=\"https:\/\/charcoalplant.com\/wp-content\/uploads\/2022\/01\/tray.jpg\" alt=\"bandeja\" class=\"wp-image-1967\"\/><figcaption class=\"wp-element-caption\">bandeja<\/figcaption><\/figure> <\/figure>    <h2 class=\"wp-block-heading\">Conclusi\u00f3n <\/h2>    <p class=\"translation-block\">Las secadoras de briquetas de carb\u00f3n son una parte crucial de toda la <strong><a href=\"https:\/\/charcoalplant.com\/es\/charcoal-making-machine\/\">l\u00ednea de producci\u00f3n de carb\u00f3n<\/a><\/strong>. Al reducir el contenido de humedad de las briquetas, estas m\u00e1quinas mejoran sus caracter\u00edsticas de ignici\u00f3n y combusti\u00f3n, previenen el crecimiento de moho y microorganismos, y aumentan su vida \u00fatil. A medida que la popularidad de las briquetas de carb\u00f3n contin\u00faa creciendo, la investigaci\u00f3n y el desarrollo en este campo probablemente seguir\u00e1n mejorando la eficiencia y efectividad de las secadoras de briquetas de carb\u00f3n. Es importante que los compradores tengan en cuenta los diferentes factores al elegir una secadora y que la mantengan y limpien regularmente para asegurar que contin\u00fae funcionando de la mejor manera. Si necesita algo, por favor, contacte a los expertos de Shuliy para obtener orientaci\u00f3n profesional. <\/p>","protected":false},"excerpt":{"rendered":"<p>La secadora de briquetas de carb\u00f3n es multiusos y tiene una gran potencia. Puede secar todo tipo de materiales sin restricciones.<\/p>","protected":false},"author":1,"featured_media":1492,"parent":0,"template":"","tags":[60],"product-type":[45],"class_list":["post-1468","product","type-product","status-publish","has-post-thumbnail","hentry","tag-drying-machine","product-type-drying-machine"],"_links":{"self":[{"href":"https:\/\/charcoalplant.com\/es\/wp-json\/wp\/v2\/product\/1468","targetHints":{"allow":["GET"]}}],"collection":[{"href":"https:\/\/charcoalplant.com\/es\/wp-json\/wp\/v2\/product"}],"about":[{"href":"https:\/\/charcoalplant.com\/es\/wp-json\/wp\/v2\/types\/product"}],"author":[{"embeddable":true,"href":"https:\/\/charcoalplant.com\/es\/wp-json\/wp\/v2\/users\/1"}],"wp:featuredmedia":[{"embeddable":true,"href":"https:\/\/charcoalplant.com\/es\/wp-json\/wp\/v2\/media\/1492"}],"wp:attachment":[{"href":"https:\/\/charcoalplant.com\/es\/wp-json\/wp\/v2\/media?parent=1468"}],"wp:term":[{"taxonomy":"post_tag","embeddable":true,"href":"https:\/\/charcoalplant.com\/es\/wp-json\/wp\/v2\/tags?post=1468"},{"taxonomy":"product-type","embeddable":true,"href":"https:\/\/charcoalplant.com\/es\/wp-json\/wp\/v2\/product-type?post=1468"}],"curies":[{"name":"wp","href":"https:\/\/api.w.org\/{rel}","templated":true}]}}