{"id":1497,"date":"2021-12-23T03:51:11","date_gmt":"2021-12-23T03:51:11","guid":{"rendered":"https:\/\/charcoalplant.com\/?p=1497"},"modified":"2023-02-01T15:40:52","modified_gmt":"2023-02-01T07:40:52","slug":"charcoal-briquettes-packing-machine","status":"publish","type":"product","link":"https:\/\/charcoalplant.com\/es\/product\/charcoal-briquettes-packing-machine\/","title":{"rendered":"M\u00e1quina empacadora de briquetas de carb\u00f3n | Flexible y eficiente"},"content":{"rendered":"<div class=\"kk-star-ratings kksr-auto kksr-align-left kksr-valign-top\"     data-payload='{&quot;align&quot;:&quot;left&quot;,&quot;id&quot;:&quot;1497&quot;,&quot;slug&quot;:&quot;default&quot;,&quot;valign&quot;:&quot;top&quot;,&quot;ignore&quot;:&quot;&quot;,&quot;reference&quot;:&quot;auto&quot;,&quot;class&quot;:&quot;&quot;,&quot;count&quot;:&quot;20&quot;,&quot;legendonly&quot;:&quot;&quot;,&quot;readonly&quot;:&quot;&quot;,&quot;score&quot;:&quot;4.7&quot;,&quot;starsonly&quot;:&quot;&quot;,&quot;best&quot;:&quot;5&quot;,&quot;gap&quot;:&quot;5&quot;,&quot;greet&quot;:&quot;Rate this product&quot;,&quot;legend&quot;:&quot;4.7\\\/5 - (20 votos)&quot;,&quot;size&quot;:&quot;24&quot;,&quot;title&quot;:&quot;Charcoal Briquettes Packing Machine | Flexible \\u0026amp; Efficient&quot;,&quot;width&quot;:&quot;133.8&quot;,&quot;_legend&quot;:&quot;{score}\\\/{best} - ({count} {votes})&quot;,&quot;font_factor&quot;:&quot;1.25&quot;}'>              <div class=\"kksr-stars\">      <div class=\"kksr-stars-inactive\">             <div class=\"kksr-star\" data-star=\"1\" style=\"padding-right: 5px\">               <div class=\"kksr-icon\" style=\"width: 24px; height: 24px;\"><\/div>         <\/div>             <div class=\"kksr-star\" data-star=\"2\" style=\"padding-right: 5px\">               <div class=\"kksr-icon\" style=\"width: 24px; height: 24px;\"><\/div>         <\/div>             <div class=\"kksr-star\" data-star=\"3\" style=\"padding-right: 5px\">               <div class=\"kksr-icon\" style=\"width: 24px; height: 24px;\"><\/div>         <\/div>             <div class=\"kksr-star\" data-star=\"4\" style=\"padding-right: 5px\">               <div class=\"kksr-icon\" style=\"width: 24px; height: 24px;\"><\/div>         <\/div>             <div class=\"kksr-star\" data-star=\"5\" style=\"padding-right: 5px\">               <div class=\"kksr-icon\" style=\"width: 24px; height: 24px;\"><\/div>         <\/div>     <\/div>      <div class=\"kksr-stars-active\" style=\"width: 133.8px;\">             <div class=\"kksr-star\" style=\"padding-right: 5px\">               <div class=\"kksr-icon\" style=\"width: 24px; height: 24px;\"><\/div>         <\/div>             <div class=\"kksr-star\" style=\"padding-right: 5px\">               <div class=\"kksr-icon\" style=\"width: 24px; height: 24px;\"><\/div>         <\/div>             <div class=\"kksr-star\" style=\"padding-right: 5px\">               <div class=\"kksr-icon\" style=\"width: 24px; height: 24px;\"><\/div>         <\/div>             <div class=\"kksr-star\" style=\"padding-right: 5px\">               <div class=\"kksr-icon\" style=\"width: 24px; height: 24px;\"><\/div>         <\/div>             <div class=\"kksr-star\" style=\"padding-right: 5px\">               <div class=\"kksr-icon\" style=\"width: 24px; height: 24px;\"><\/div>         <\/div>     <\/div> <\/div>                   <div class=\"kksr-legend\" style=\"font-size: 19.2px;\">             4,7\/5 - (20 votos)    <\/div>     <\/div>  <p class=\"translation-block\">La <strong>m\u00e1quina de envasado de briquetas de carb\u00f3n<\/strong> es un dispositivo utilizado para empaquetar productos de carb\u00f3n en bolsas o contenedores. Generalmente incluye un sistema de pesaje para asegurar una porci\u00f3n precisa, as\u00ed como un mecanismo de sellado para cerrar y asegurar las bolsas o contenedores. <\/p>    <p class=\"translation-block\">M\u00e1quina de envasado de carb\u00f3n<strong> <\/strong>en venta de Shuliy que incluye principalmente m\u00e1quina de envasado de carb\u00f3n para hookah redonda, m\u00e1quina de envasado de carb\u00f3n para hookah cuadrada, m\u00e1quina de envasado de carb\u00f3n para barbacoa y m\u00e1quina de envasado de carb\u00f3n en panal. Estas cuatro m\u00e1quinas de envasado pueden empaquetar carb\u00f3n de manera eficiente de acuerdo con las caracter\u00edsticas de su forma, peso y condiciones de almacenamiento. A continuaci\u00f3n, presentar\u00e9 las caracter\u00edsticas y aplicaciones de las cuatro m\u00e1quinas de envasado de carb\u00f3n respectivamente. <\/p>    <h2 class=\"wp-block-heading\" id=\"h-round-hookah-charcoal-packing-machine\"><strong>Tipo 1<\/strong>: <strong>Redondo<\/strong> <strong>carb\u00f3n de narguile<\/strong> <strong>m\u00e1quina de embalaje<\/strong> <strong>en venta<\/strong><\/h2>    <p class=\"translation-block\">La <strong>m\u00e1quina de empaquetado de carb\u00f3n para hookah redonda<\/strong> tambi\u00e9n se llama m\u00e1quina de empaquetado de tipo horizontal. Esta m\u00e1quina de envoltura tambi\u00e9n se utiliza frecuentemente en las industrias alimentaria y farmac\u00e9utica. Se controla mediante un panel CNC inteligente. Por lo tanto, los clientes pueden configurar la longitud de la bolsa de empaquetado, la velocidad de empaquetado, el n\u00famero de empaques, etc. a trav\u00e9s de la computadora. Finalmente, la hoja de carb\u00f3n para hookah se empaqueta y sella autom\u00e1ticamente con la pel\u00edcula de empaquetado. <\/p>    <figure class=\"wp-block-image aligncenter size-full is-resized\"><img loading=\"lazy\" decoding=\"async\" src=\"https:\/\/charcoalplant.com\/wp-content\/uploads\/2022\/02\/shisha-packaging-machine-plant.jpg\" alt=\"planta de envasado de carb\u00f3n vegetal\" class=\"wp-image-2496\" width=\"657\" height=\"491\"\/><figcaption class=\"wp-element-caption\">planta de envasado de carb\u00f3n vegetal<\/figcaption><\/figure>    <h3 class=\"wp-block-heading\">Equipo de soporte opcional para embalaje de carb\u00f3n.<\/h3>    <p class=\"translation-block\">El <strong>dispensador de carb\u00f3n para hookah<\/strong> tiene dos funciones. Por un lado, la hoja de carb\u00f3n para shisha se nivela antes de que el material se divida. Por otro lado, sus rieles permiten que los productos individuales se separen. Los paquetes m\u00e1s comunes de carb\u00f3n para shisha en el mercado son de 10 piezas por bolsa. (Si hay demanda, nuestra f\u00e1brica puede personalizar el distribuidor de m\u00faltiples rieles)<\/p>    <figure class=\"wp-block-gallery has-nested-images columns-default is-cropped wp-block-gallery-2 is-layout-flex wp-block-gallery-is-layout-flex\"> <figure class=\"wp-block-image size-large\"><img loading=\"lazy\" decoding=\"async\" width=\"720\" height=\"540\" data-id=\"2494\" src=\"https:\/\/charcoalplant.com\/wp-content\/uploads\/2022\/02\/paving-the-hookah-charcoal.jpg\" alt=\"pavimentando-la-narguile-carb\u00f3n\" class=\"wp-image-2494\"\/><figcaption class=\"wp-element-caption\">pavimentando-la-narguile-carb\u00f3n<\/figcaption><\/figure>    <figure class=\"wp-block-image size-large\"><img loading=\"lazy\" decoding=\"async\" width=\"720\" height=\"540\" data-id=\"1766\" src=\"https:\/\/charcoalplant.com\/wp-content\/uploads\/2021\/12\/hookah-charcoal-packing-machine.jpg\" alt=\"Dispensador de carb\u00f3n para cachimba\" class=\"wp-image-1766\" srcset=\"https:\/\/charcoalplant.com\/wp-content\/uploads\/2021\/12\/hookah-charcoal-packing-machine.jpg 720w, https:\/\/charcoalplant.com\/wp-content\/uploads\/2021\/12\/hookah-charcoal-packing-machine-300x225.jpg 300w\" sizes=\"auto, (max-width: 720px) 100vw, 720px\" \/><figcaption class=\"wp-element-caption\">Dispensador de carb\u00f3n para cachimba<\/figcaption><\/figure> <\/figure>    <p class=\"translation-block\">La <strong>m\u00e1quina de empaquetado por retracci\u00f3n de calor<\/strong> es un dispositivo que empaqueta productos regulares. Agregar una pel\u00edcula de pl\u00e1stico en el exterior del producto puede prevenir que la caja se raye y tambi\u00e9n prevenir la humedad.<\/p>    <h3 class=\"wp-block-heading\">Expositor redondo para envolver carb\u00f3n vegetal.<\/h3>    <figure class=\"wp-block-gallery has-nested-images columns-default is-cropped wp-block-gallery-3 is-layout-flex wp-block-gallery-is-layout-flex\"> <figure class=\"wp-block-image size-large\"><img loading=\"lazy\" decoding=\"async\" width=\"720\" height=\"540\" data-id=\"1770\" src=\"https:\/\/charcoalplant.com\/wp-content\/uploads\/2022\/01\/hookah-charcoal-briquette-wrapping-show.jpg\" alt=\"espect\u00e1culo-de-envoltura-de-briquetas-de-carbon-narguile\" class=\"wp-image-1770\" srcset=\"https:\/\/charcoalplant.com\/wp-content\/uploads\/2022\/01\/hookah-charcoal-briquette-wrapping-show.jpg 720w, https:\/\/charcoalplant.com\/wp-content\/uploads\/2022\/01\/hookah-charcoal-briquette-wrapping-show-300x225.jpg 300w\" sizes=\"auto, (max-width: 720px) 100vw, 720px\" \/><figcaption class=\"wp-element-caption\">espect\u00e1culo-de-envoltura-de-briquetas-de-carbon-narguile<\/figcaption><\/figure>    <figure class=\"wp-block-image size-large\"><img loading=\"lazy\" decoding=\"async\" width=\"720\" height=\"540\" data-id=\"1771\" src=\"https:\/\/charcoalplant.com\/wp-content\/uploads\/2022\/01\/shisha-charcoal-bagging-effect.jpg\" alt=\"shisha-carb\u00f3n-efecto-ensacado\" class=\"wp-image-1771\" srcset=\"https:\/\/charcoalplant.com\/wp-content\/uploads\/2022\/01\/shisha-charcoal-bagging-effect.jpg 720w, https:\/\/charcoalplant.com\/wp-content\/uploads\/2022\/01\/shisha-charcoal-bagging-effect-300x225.jpg 300w\" sizes=\"auto, (max-width: 720px) 100vw, 720px\" \/><figcaption class=\"wp-element-caption\">shisha-carb\u00f3n-efecto-ensacado<\/figcaption><\/figure> <\/figure>    <figure class=\"wp-block-embed is-type-video is-provider-youtube wp-block-embed-youtube wp-embed-aspect-16-9 wp-has-aspect-ratio\"><div class=\"wp-block-embed__wrapper\"> <iframe loading=\"lazy\" title=\"La mejor tableta para shisha de carb\u00f3n de coco | Planta rotatoria de fabricaci\u00f3n de tabletas para cachimba#shishacharcoal#Arab\" width=\"500\" height=\"281\" src=\"https:\/\/www.youtube.com\/embed\/SCr3JOp5PN8?feature=oembed\" frameborder=\"0\" allow=\"accelerometer; autoplay; clipboard-write; encrypted-media; gyroscope; picture-in-picture; web-share\" referrerpolicy=\"strict-origin-when-cross-origin\" allowfullscreen><\/iframe> <\/div><\/figure>    <h3 class=\"wp-block-heading\">Par\u00e1metros de la m\u00e1quina empacadora de carb\u00f3n.<\/h3>    <p>Los siguientes son los par\u00e1metros de los 3 modelos de m\u00e1quinas envasadoras de almohadas.<\/p>    <figure class=\"wp-block-table is-style-stripes\"><table><tbody><tr><td class=\"has-text-align-left\" data-align=\"left\">           <strong>Modelo<\/strong><\/td><td>         <strong>TH-250B<\/strong><\/td><td>       <strong>TH-250D<\/strong><\/td><td>         <strong>TH-250S<\/strong><\/td><\/tr><tr><td class=\"has-text-align-left\" data-align=\"left\">       <strong>Ancho de la pel\u00edcula <\/strong><\/td><td>         M\u00e1x.250 mm <\/td><td>       M\u00e1x.250 mm <\/td><td>         M\u00e1x.180 mm <\/td><\/tr><tr><td class=\"has-text-align-left\" data-align=\"left\">       <strong>Longitud del saco<\/strong><\/td><td>         65~190 mm <br>        120~280 mm<\/td><td>       90~220 mm<\/td><td>         45 ~ 90 mm<\/td><\/tr><tr><td class=\"has-text-align-left\" data-align=\"left\">       <strong>Ancho de la bolsa<\/strong> <\/td><td>         30~110 mm <\/td><td>       30~110 mm <\/td><td>         30 ~ 80 mm <\/td><\/tr><tr><td class=\"has-text-align-left\" data-align=\"left\">   <strong>Altura del producto<\/strong><\/td><td>         M\u00e1x.40 mm<\/td><td>       M\u00e1x.55 mm<\/td><td>         M\u00e1x.35 mm<\/td><\/tr><tr><td class=\"has-text-align-left\" data-align=\"left\"> <strong>Di\u00e1metro del rollo de pel\u00edcula <\/strong><\/td><td>         M\u00e1x.320Tm <\/td><td>       M\u00e1x.320Tm  <\/td><td>         M\u00e1x.320Tm  <\/td><\/tr><tr><td class=\"has-text-align-left\" data-align=\"left\">   <strong>Velocidad de embalaje<\/strong> <\/td><td> 40-230Paquete\/min <\/td><td>40-230Paquete\/min  <\/td><td> 60-330Paquete\/min  <\/td><\/tr><\/tbody><\/table><\/figure>    <h2 class=\"wp-block-heading\" id=\"h-cube-shisha-charcoal-briquettes-packing-machine\"><strong>Tipo 2<\/strong>: <strong>Empaquetadora de carb\u00f3n para shisha en forma de cubo<\/strong> <strong>en venta<\/strong><\/h2>    <p>Para presentar m\u00e1s claramente la m\u00e1quina empacadora de carb\u00f3n para narguile, hicimos un video de Youtube. A continuaci\u00f3n se muestra el v\u00eddeo de funcionamiento de la m\u00e1quina envasadora de carb\u00f3n para narguile cuadrada. Bienvenido a mirar, si te gusta, no olvides suscribirte.<\/p>    <figure class=\"wp-block-embed is-type-video is-provider-youtube wp-block-embed-youtube wp-embed-aspect-16-9 wp-has-aspect-ratio\"><div class=\"wp-block-embed__wrapper\"> <iframe loading=\"lazy\" title=\"Prensa de carb\u00f3n de cachimba de cubo giratorio | M\u00e1quina envasadora de briquetas de carb\u00f3n en polvo#cubeshishacharcoal\" width=\"500\" height=\"281\" src=\"https:\/\/www.youtube.com\/embed\/Xr96E5YjIis?feature=oembed\" frameborder=\"0\" allow=\"accelerometer; autoplay; clipboard-write; encrypted-media; gyroscope; picture-in-picture; web-share\" referrerpolicy=\"strict-origin-when-cross-origin\" allowfullscreen><\/iframe> <\/div><\/figure>    <h3 class=\"wp-block-heading\">Exhibidor de envoltura de carb\u00f3n Hubbly Cube<\/h3>    <figure class=\"wp-block-gallery has-nested-images columns-default is-cropped wp-block-gallery-4 is-layout-flex wp-block-gallery-is-layout-flex\"> <figure class=\"wp-block-image size-large\"><img loading=\"lazy\" decoding=\"async\" width=\"720\" height=\"540\" data-id=\"2502\" src=\"https:\/\/charcoalplant.com\/wp-content\/uploads\/2022\/02\/72-Pcs-Box-Natural-Coconut-Shell-Cubes-Coal-Charcoal-for-Shisha.jpg\" alt=\"Caja-de-72-piezas-cubos-de-c\u00e1scara-de-coco-natural-carb\u00f3n-para-shisha\" class=\"wp-image-2502\"\/><figcaption class=\"wp-element-caption\">Caja-de-72-piezas-cubos-de-c\u00e1scara-de-coco-natural-carb\u00f3n-para-shisha<\/figcaption><\/figure>    <figure class=\"wp-block-image size-large\"><img loading=\"lazy\" decoding=\"async\" width=\"720\" height=\"540\" data-id=\"2503\" src=\"https:\/\/charcoalplant.com\/wp-content\/uploads\/2022\/02\/cube-charcoal-.jpg\" alt=\"cubo de carb\u00f3n\" class=\"wp-image-2503\"\/><figcaption class=\"wp-element-caption\">cubo de carb\u00f3n<\/figcaption><\/figure> <\/figure>    <h2 class=\"wp-block-heading\"><strong>Tipo 3<\/strong>: <strong>Empaquetadora de carb\u00f3n para barbacoa<\/strong> <strong>en venta<\/strong><\/h2>    <p class=\"translation-block\">Este tipo de m\u00e1quina de empaquetado de carb\u00f3n tambi\u00e9n se llama m\u00e1quina de empaquetado cuantitativa o m\u00e1quina de empaquetado por pesaje. Por lo tanto, podemos entender f\u00e1cilmente c\u00f3mo funciona la m\u00e1quina. Es decir, controlando el peso de los materiales, los materiales se empaquetan de manera uniforme. Los materiales de <a href=\"https:\/\/tianhuipackingmachine.com\/5-50kg-granule-filling-machine\/\" target=\"_blank\" rel=\"noopener\">m\u00e1quinas de empaquetado cuantitativas<\/a> son generalmente art\u00edculos a granel y en bloque. Por ejemplo, fertilizante, grano, <a href=\"https:\/\/charcoalplant.com\/es\/product\/charcoal-ball-press-machine\/\"><strong>carb\u00f3n para BBQ<\/strong><\/a>, harina, etc.<\/p>    <div class=\"wp-block-columns is-layout-flex wp-container-core-columns-is-layout-28f84493 wp-block-columns-is-layout-flex\"> <div class=\"wp-block-column is-layout-flow wp-block-column-is-layout-flow\"> <figure class=\"wp-block-image size-full\"><img loading=\"lazy\" decoding=\"async\" width=\"720\" height=\"540\" src=\"https:\/\/charcoalplant.com\/wp-content\/uploads\/2021\/12\/quantitative-packaging-machine.jpg\" alt=\"m\u00e1quina de envasado cuantitativo\" class=\"wp-image-3500\"\/><figcaption class=\"wp-element-caption\">m\u00e1quina de envasado cuantitativo<\/figcaption><\/figure> <\/div>    <div class=\"wp-block-column is-layout-flow wp-block-column-is-layout-flow\"> <figure class=\"wp-block-image size-full\"><img loading=\"lazy\" decoding=\"async\" width=\"720\" height=\"540\" src=\"https:\/\/charcoalplant.com\/wp-content\/uploads\/2021\/12\/charcoal-briquette-filling-machine.jpg\" alt=\"m\u00e1quina llenadora de briquetas de carb\u00f3n\" class=\"wp-image-3501\"\/><figcaption class=\"wp-element-caption\">m\u00e1quina llenadora de briquetas de carb\u00f3n<\/figcaption><\/figure> <\/div> <\/div>    <h3 class=\"wp-block-heading\">Caracter\u00edsticas del embalaje del carb\u00f3n para barbacoa.<\/h3>    <p>Su estructura incluye principalmente entrada de alimentaci\u00f3n, compuerta, tolva de pesaje, marco, sensor, caja de control, m\u00e1quina transportadora y empacadora, etc. Por un lado, viene con su propio sistema de empaque. Por otro lado, sus bolsas de embalaje se pueden seleccionar de diversas formas. Por ejemplo, papel kraft, bolsas tejidas, sacos y bolsas de tela.<\/p>    <figure class=\"wp-block-gallery has-nested-images columns-default is-cropped wp-block-gallery-5 is-layout-flex wp-block-gallery-is-layout-flex\"> <figure class=\"wp-block-image size-large\"><img loading=\"lazy\" decoding=\"async\" width=\"720\" height=\"540\" data-id=\"2499\" src=\"https:\/\/charcoalplant.com\/wp-content\/uploads\/2022\/02\/5kg-10kg-and-15kg-BBQ-charcoal-display.jpg\" alt=\"Expositor-de-carbon-para-barbacoa-de-5kg-10kg-y-15kg\" class=\"wp-image-2499\"\/><figcaption class=\"wp-element-caption\">Expositor-de-carbon-para-barbacoa-de-5kg-10kg-y-15kg<\/figcaption><\/figure>    <figure class=\"wp-block-image size-large\"><img loading=\"lazy\" decoding=\"async\" width=\"720\" height=\"540\" data-id=\"2500\" src=\"https:\/\/charcoalplant.com\/wp-content\/uploads\/2022\/02\/different-bags.jpg\" alt=\"diferentes bolsas\" class=\"wp-image-2500\"\/><figcaption class=\"wp-element-caption\">diferentes bolsas<\/figcaption><\/figure> <\/figure>    <h2 class=\"wp-block-heading\" id=\"h-bbq-coal-wrapper-equipment\"><strong>Tipo 4: Barbacoa<\/strong> <strong>equipo de envoltura de carb\u00f3n<\/strong> <strong>en venta<\/strong> <\/h2>    <p class=\"translation-block\">Este tipo de m\u00e1quina de envoltura se llama m\u00e1quina de sellado y corte. Porque su tecnolog\u00eda central es el empaquetado por retracci\u00f3n de calor. As\u00ed que tambi\u00e9n se le llama <a href=\"https:\/\/tianhuipackingmachine.com\/shrink-packing-machine\/\" target=\"_blank\" rel=\"noopener\"><strong>m\u00e1quina de empaquetado por retracci\u00f3n<\/strong><\/a>. <\/p>    <figure class=\"wp-block-image aligncenter size-full\"><img loading=\"lazy\" decoding=\"async\" width=\"720\" height=\"540\" src=\"https:\/\/charcoalplant.com\/wp-content\/uploads\/2022\/01\/coal-wrapper-.jpg\" alt=\"envoltura de carb\u00f3n\" class=\"wp-image-1764\" srcset=\"https:\/\/charcoalplant.com\/wp-content\/uploads\/2022\/01\/coal-wrapper-.jpg 720w, https:\/\/charcoalplant.com\/wp-content\/uploads\/2022\/01\/coal-wrapper--300x225.jpg 300w\" sizes=\"auto, (max-width: 720px) 100vw, 720px\" \/><figcaption class=\"wp-element-caption\">envoltura de carb\u00f3n<\/figcaption><\/figure>    <h3 class=\"wp-block-heading\">Caracter\u00edsticas del embalaje del carb\u00f3n alveolar. <\/h3>    <p class=\"translation-block\">En el pasado, los maestros que vend\u00edan briquetas depend\u00edan de la tecnolog\u00eda para cargar y descargar briquetas. Mov\u00edan un mont\u00f3n de <strong><a href=\"https:\/\/charcoalplant.com\/es\/coal-briquettes-production-line\/\">briquetas<\/a><\/strong> a la vez. Y a menudo da\u00f1aban muchas briquetas. As\u00ed que ahora usamos tecnolog\u00eda de empaquetado pl\u00e1stico para tratar un cierto n\u00famero de briquetas como una unidad para empaquetar. Esto no solo es bueno para cargar y descargar, sino tambi\u00e9n bueno para proteger <a href=\"https:\/\/charcoalplant.com\/es\/product\/honeycomb-coal-press-machine\/\"><strong>briquetas de panal<\/strong><\/a>.<\/p>    <figure class=\"wp-block-gallery has-nested-images columns-default is-cropped wp-block-gallery-6 is-layout-flex wp-block-gallery-is-layout-flex\"> <figure class=\"wp-block-image size-large\"><img loading=\"lazy\" decoding=\"async\" width=\"720\" height=\"540\" data-id=\"1769\" src=\"https:\/\/charcoalplant.com\/wp-content\/uploads\/2022\/01\/coal-wrapping-effect.jpg\" alt=\"efecto de envoltura de carb\u00f3n\" class=\"wp-image-1769\" srcset=\"https:\/\/charcoalplant.com\/wp-content\/uploads\/2022\/01\/coal-wrapping-effect.jpg 720w, https:\/\/charcoalplant.com\/wp-content\/uploads\/2022\/01\/coal-wrapping-effect-300x225.jpg 300w\" sizes=\"auto, (max-width: 720px) 100vw, 720px\" \/><figcaption class=\"wp-element-caption\">efecto de envoltura de carb\u00f3n<\/figcaption><\/figure>    <figure class=\"wp-block-image size-large\"><img loading=\"lazy\" decoding=\"async\" width=\"720\" height=\"540\" data-id=\"2501\" src=\"https:\/\/charcoalplant.com\/wp-content\/uploads\/2022\/02\/coconut-shell-charcoal-briquette.jpg\" alt=\"briquetas-de-carbon-de-cascara-de-coco\" class=\"wp-image-2501\"\/><figcaption class=\"wp-element-caption\">briquetas-de-carbon-de-cascara-de-coco<\/figcaption><\/figure> <\/figure>    <h2 class=\"wp-block-heading\" id=\"h-charcoal-briquettes-wrapping-machine-for-sale\"><strong>M\u00e1quina envasadora de briquetas de carb\u00f3n<\/strong> | <strong>mejor precio<\/strong><\/h2>    <p>Vendemos principalmente tres tipos de m\u00e1quinas envasadoras de briquetas de carb\u00f3n. Son m\u00e1quinas empacadoras tipo almohada, m\u00e1quinas empacadoras cuantitativas y m\u00e1quinas empacadoras retr\u00e1ctiles. Para diferentes materiales, le recomendaremos m\u00e1quinas de embalaje espec\u00edficas. Al mismo tiempo, tambi\u00e9n le informaremos de su \u00e1mbito de aplicaci\u00f3n y precauciones. Estas tres m\u00e1quinas empacadoras de briquetas de carb\u00f3n aparecen a menudo en la l\u00ednea de producci\u00f3n de briquetas de carb\u00f3n. Si esta interesado, por favor cont\u00e1ctenos. Brindaremos el servicio m\u00e1s sincero.<\/p>","protected":false},"excerpt":{"rendered":"<p>La m\u00e1quina empacadora de briquetas de carb\u00f3n es f\u00e1cil de operar. Y puede empacar carb\u00f3n de narguile, bolas de carb\u00f3n, barras de carb\u00f3n, carb\u00f3n en polvo, etc.<\/p>","protected":false},"author":1,"featured_media":1503,"parent":0,"template":"","tags":[61],"product-type":[46],"class_list":["post-1497","product","type-product","status-publish","has-post-thumbnail","hentry","tag-briquettes-packing-machine","product-type-briquettes-packing-machine"],"_links":{"self":[{"href":"https:\/\/charcoalplant.com\/es\/wp-json\/wp\/v2\/product\/1497","targetHints":{"allow":["GET"]}}],"collection":[{"href":"https:\/\/charcoalplant.com\/es\/wp-json\/wp\/v2\/product"}],"about":[{"href":"https:\/\/charcoalplant.com\/es\/wp-json\/wp\/v2\/types\/product"}],"author":[{"embeddable":true,"href":"https:\/\/charcoalplant.com\/es\/wp-json\/wp\/v2\/users\/1"}],"wp:featuredmedia":[{"embeddable":true,"href":"https:\/\/charcoalplant.com\/es\/wp-json\/wp\/v2\/media\/1503"}],"wp:attachment":[{"href":"https:\/\/charcoalplant.com\/es\/wp-json\/wp\/v2\/media?parent=1497"}],"wp:term":[{"taxonomy":"post_tag","embeddable":true,"href":"https:\/\/charcoalplant.com\/es\/wp-json\/wp\/v2\/tags?post=1497"},{"taxonomy":"product-type","embeddable":true,"href":"https:\/\/charcoalplant.com\/es\/wp-json\/wp\/v2\/product-type?post=1497"}],"curies":[{"name":"wp","href":"https:\/\/api.w.org\/{rel}","templated":true}]}}