{"id":1519,"date":"2021-12-23T08:52:07","date_gmt":"2021-12-23T08:52:07","guid":{"rendered":"https:\/\/charcoalplant.com\/?p=1519"},"modified":"2023-02-02T16:37:10","modified_gmt":"2023-02-02T08:37:10","slug":"charcoal-raymond-mill","status":"publish","type":"product","link":"https:\/\/charcoalplant.com\/es\/product\/charcoal-raymond-mill\/","title":{"rendered":"molino raymond para carbon | fresadora de polvo de carb\u00f3n"},"content":{"rendered":"<div class=\"kk-star-ratings kksr-auto kksr-align-left kksr-valign-top\"     data-payload='{&quot;align&quot;:&quot;left&quot;,&quot;id&quot;:&quot;1519&quot;,&quot;slug&quot;:&quot;default&quot;,&quot;valign&quot;:&quot;top&quot;,&quot;ignore&quot;:&quot;&quot;,&quot;reference&quot;:&quot;auto&quot;,&quot;class&quot;:&quot;&quot;,&quot;count&quot;:&quot;8&quot;,&quot;legendonly&quot;:&quot;&quot;,&quot;readonly&quot;:&quot;&quot;,&quot;score&quot;:&quot;4.8&quot;,&quot;starsonly&quot;:&quot;&quot;,&quot;best&quot;:&quot;5&quot;,&quot;gap&quot;:&quot;5&quot;,&quot;greet&quot;:&quot;Rate this product&quot;,&quot;legend&quot;:&quot;4.8\\\/5 - (8 votos)&quot;,&quot;size&quot;:&quot;24&quot;,&quot;title&quot;:&quot;Charcoal Raymond Mill | Coal Powder Milling Machine&quot;,&quot;width&quot;:&quot;136.7&quot;,&quot;_legend&quot;:&quot;{score}\\\/{best} - ({count} {votes})&quot;,&quot;font_factor&quot;:&quot;1.25&quot;}'>              <div class=\"kksr-stars\">      <div class=\"kksr-stars-inactive\">             <div class=\"kksr-star\" data-star=\"1\" style=\"padding-right: 5px\">               <div class=\"kksr-icon\" style=\"width: 24px; height: 24px;\"><\/div>         <\/div>             <div class=\"kksr-star\" data-star=\"2\" style=\"padding-right: 5px\">               <div class=\"kksr-icon\" style=\"width: 24px; height: 24px;\"><\/div>         <\/div>             <div class=\"kksr-star\" data-star=\"3\" style=\"padding-right: 5px\">               <div class=\"kksr-icon\" style=\"width: 24px; height: 24px;\"><\/div>         <\/div>             <div class=\"kksr-star\" data-star=\"4\" style=\"padding-right: 5px\">               <div class=\"kksr-icon\" style=\"width: 24px; height: 24px;\"><\/div>         <\/div>             <div class=\"kksr-star\" data-star=\"5\" style=\"padding-right: 5px\">               <div class=\"kksr-icon\" style=\"width: 24px; height: 24px;\"><\/div>         <\/div>     <\/div>      <div class=\"kksr-stars-active\" style=\"width: 136.7px;\">             <div class=\"kksr-star\" style=\"padding-right: 5px\">               <div class=\"kksr-icon\" style=\"width: 24px; height: 24px;\"><\/div>         <\/div>             <div class=\"kksr-star\" style=\"padding-right: 5px\">               <div class=\"kksr-icon\" style=\"width: 24px; height: 24px;\"><\/div>         <\/div>             <div class=\"kksr-star\" style=\"padding-right: 5px\">               <div class=\"kksr-icon\" style=\"width: 24px; height: 24px;\"><\/div>         <\/div>             <div class=\"kksr-star\" style=\"padding-right: 5px\">               <div class=\"kksr-icon\" style=\"width: 24px; height: 24px;\"><\/div>         <\/div>             <div class=\"kksr-star\" style=\"padding-right: 5px\">               <div class=\"kksr-icon\" style=\"width: 24px; height: 24px;\"><\/div>         <\/div>     <\/div> <\/div>                   <div class=\"kksr-legend\" style=\"font-size: 19.2px;\">             4,8\/5 - (8 votos)    <\/div>     <\/div>  <p class=\"translation-block\"><strong>El molino Raymond de carb\u00f3n<\/strong> es un molino de servicio pesado con una potencia de trituraci\u00f3n extremadamente fuerte. Puede procesar todo tipo de materias primas no inflamables y no explosivas con una dureza de Mohs inferior a 7. Incluyendo minerales, carb\u00f3n, carb\u00f3n vegetal, cer\u00e1mica, etc. Y puede ajustar la finura de molienda de acuerdo con la demanda de las materias primas. Su rango de ajuste est\u00e1 entre 30-400 mallas. Por lo tanto, para mejorar la calidad de los productos de carb\u00f3n vegetal, muchos fabricantes de carb\u00f3n vegetal suelen utilizar molinos Raymond en <strong><a href=\"https:\/\/charcoalplant.com\/es\/shisha-charcoal-production-line\/\">l\u00edneas de producci\u00f3n de carb\u00f3n vegetal<\/a><\/strong>. Si tambi\u00e9n necesita equipo de molienda, cont\u00e1ctenos de inmediato. Le proporcionaremos una m\u00e1quina de molienda de polvo de carb\u00f3n vegetal rentable.<\/p>    <h2 class=\"wp-block-heading\" id=\"h-what-is-a-charcoal-raymond-mill\">\u00bfQu\u00e9 es un molino Raymond de carb\u00f3n?<\/h2>    <p>El molino Raymond es un nuevo tipo de equipo de fresado totalmente autom\u00e1tico. No solo puede moler el material sino tambi\u00e9n separar el polvo. Es decir, puede separar y recoger autom\u00e1ticamente los productos terminados. Por lo tanto, el molino Raymond de carb\u00f3n es un equipo de trituraci\u00f3n altamente automatizado.<\/p>    <figure class=\"wp-block-image aligncenter size-full\"><img loading=\"lazy\" decoding=\"async\" width=\"720\" height=\"540\" src=\"https:\/\/charcoalplant.com\/wp-content\/uploads\/2021\/12\/charcoal-Raymond-mill-plant-1-1.jpg\" alt=\"planta de molino raymond de carbon\" class=\"wp-image-1528\" srcset=\"https:\/\/charcoalplant.com\/wp-content\/uploads\/2021\/12\/charcoal-Raymond-mill-plant-1-1.jpg 720w, https:\/\/charcoalplant.com\/wp-content\/uploads\/2021\/12\/charcoal-Raymond-mill-plant-1-1-300x225.jpg 300w\" sizes=\"auto, (max-width: 720px) 100vw, 720px\" \/><figcaption class=\"wp-element-caption\">planta de molino raymond de carbon<\/figcaption><\/figure>    <h2 class=\"wp-block-heading\">Materia prima para fresadora de carb\u00f3n<\/h2>    <p>Carb\u00f3n Raymond Mill es un equipo de molienda especializado. Por lo tanto, puede triturar diversas materias primas y tiene una amplia gama de aplicaciones. Por ejemplo, carb\u00f3n, carb\u00f3n vegetal, carb\u00f3n activado, piedra caliza, calcita, granito, caol\u00edn y otras materias primas. La humedad de estas materias primas debe mantenerse dentro de 6%. Si la humedad es demasiado grande, primero debe usar una secadora para secar las materias primas.<\/p>    <figure class=\"wp-block-gallery has-nested-images columns-default is-cropped wp-block-gallery-2 is-layout-flex wp-block-gallery-is-layout-flex\"> <figure class=\"wp-block-image size-large\"><img loading=\"lazy\" decoding=\"async\" width=\"720\" height=\"540\" data-id=\"2550\" src=\"https:\/\/charcoalplant.com\/wp-content\/uploads\/2022\/03\/charcoal-powder.jpg\" alt=\"polvo de carb\u00f3n\" class=\"wp-image-2550\"\/><figcaption class=\"wp-element-caption\">polvo de carb\u00f3n<\/figcaption><\/figure>    <figure class=\"wp-block-image size-large\"><img loading=\"lazy\" decoding=\"async\" width=\"720\" height=\"540\" data-id=\"2551\" src=\"https:\/\/charcoalplant.com\/wp-content\/uploads\/2022\/03\/mineral-material.jpg\" alt=\"material-mineral\" class=\"wp-image-2551\"\/><figcaption class=\"wp-element-caption\">material-mineral<\/figcaption><\/figure> <\/figure>    <h2 class=\"wp-block-heading\" id=\"h-structure-of-charcoal-powder-milling-machine\">Estructura de la fresadora de carb\u00f3n en polvo<\/h2>    <p>La m\u00e1quina trituradora de carb\u00f3n tambi\u00e9n se llama trituradora Raymond. Su estructura incluye principalmente bastidor, rodillo abrasivo, disco abrasivo, cubierta, soplador, analizador, pala, separador cicl\u00f3nico, tuber\u00eda, motor y otras partes. <\/p>    <div class=\"wp-block-columns has-background is-layout-flex wp-container-core-columns-is-layout-28f84493 wp-block-columns-is-layout-flex\" style=\"background-color:#f1f1f1\"> <div class=\"wp-block-column is-layout-flow wp-block-column-is-layout-flow\" style=\"flex-basis:66.66%\"> <figure class=\"wp-block-gallery has-nested-images columns-default is-cropped wp-block-gallery-3 is-layout-flex wp-block-gallery-is-layout-flex\"> <figure class=\"wp-block-image size-large\"><img loading=\"lazy\" decoding=\"async\" width=\"720\" height=\"540\" data-id=\"1523\" src=\"https:\/\/charcoalplant.com\/wp-content\/uploads\/2021\/12\/Charcoal-Raymond-mill-shovel-1.jpg\" alt=\"Pala-molino-carb\u00f3n-Raymond\" class=\"wp-image-1523\" srcset=\"https:\/\/charcoalplant.com\/wp-content\/uploads\/2021\/12\/Charcoal-Raymond-mill-shovel-1.jpg 720w, https:\/\/charcoalplant.com\/wp-content\/uploads\/2021\/12\/Charcoal-Raymond-mill-shovel-1-300x225.jpg 300w\" sizes=\"auto, (max-width: 720px) 100vw, 720px\" \/><figcaption class=\"wp-element-caption\">Pala-molino-carb\u00f3n-Raymond<\/figcaption><\/figure> <\/figure> <\/div>    <div class=\"wp-block-column is-vertically-aligned-center is-layout-flow wp-block-column-is-layout-flow\" style=\"flex-basis:33.33%\"> <p class=\"translation-block\"><strong>Cuchilla<\/strong><\/p>    <p>La cuchilla del molino Raymond es uno de los accesorios comunes en el molino Raymond y tambi\u00e9n es uno de los accesorios importantes en el trabajo de fresado.<\/p> <\/div> <\/div>    <div class=\"wp-block-columns has-background is-layout-flex wp-container-core-columns-is-layout-28f84493 wp-block-columns-is-layout-flex\" style=\"background-color:#f1f1f1\"> <div class=\"wp-block-column is-vertically-aligned-center is-layout-flow wp-block-column-is-layout-flow\" style=\"flex-basis:33.33%\"> <p class=\"translation-block\"><strong>Rodillo de molienda<\/strong><\/p>    <p>Se caracteriza por su alta dureza, buena resistencia al desgaste y propiedades magn\u00e9ticas. Se utiliza principalmente en el campo del procesamiento de polvos donde es necesario eliminar el hierro de los productos.<\/p> <\/div>    <div class=\"wp-block-column is-layout-flow wp-block-column-is-layout-flow\" style=\"flex-basis:66.66%\"> <figure class=\"wp-block-gallery has-nested-images columns-default is-cropped wp-block-gallery-4 is-layout-flex wp-block-gallery-is-layout-flex\"> <figure class=\"wp-block-image size-full\"><img loading=\"lazy\" decoding=\"async\" width=\"720\" height=\"540\" data-id=\"2555\" src=\"https:\/\/charcoalplant.com\/wp-content\/uploads\/2022\/03\/grinding-roller-1.jpg\" alt=\"\" class=\"wp-image-2555\"\/><\/figure> <\/figure> <\/div> <\/div>    <div class=\"wp-block-columns has-background is-layout-flex wp-container-core-columns-is-layout-28f84493 wp-block-columns-is-layout-flex\" style=\"background-color:#f1f1f1\"> <div class=\"wp-block-column is-layout-flow wp-block-column-is-layout-flow\" style=\"flex-basis:66.66%\"> <figure class=\"wp-block-gallery has-nested-images columns-default is-cropped wp-block-gallery-5 is-layout-flex wp-block-gallery-is-layout-flex\"> <figure class=\"wp-block-image size-large\"><img loading=\"lazy\" decoding=\"async\" width=\"720\" height=\"540\" data-id=\"2547\" src=\"https:\/\/charcoalplant.com\/wp-content\/uploads\/2022\/03\/analyzer-disc.jpg\" alt=\"\" class=\"wp-image-2547\"\/><\/figure> <\/figure> <\/div>    <div class=\"wp-block-column is-vertically-aligned-center is-layout-flow wp-block-column-is-layout-flow\" style=\"flex-basis:33.33%\"> <p class=\"translation-block\"><strong>Disco analizador<\/strong><\/p>    <p class=\"has-background\" style=\"background-color:#f1f1f1\">Las cuchillas del analizador de molino Raymond est\u00e1n ubicadas en el blisk del analizador. La estructura de paletas inclinadas del analizador del molino Raymond resuelve el problema de que el flujo de aire entre las paletas del analizador del molino Raymond de carb\u00f3n es muy fuerte y es f\u00e1cil eliminar algunos materiales de di\u00e1metro grueso. , el problema de la baja eficiencia de clasificaci\u00f3n.<\/p> <\/div> <\/div>    <p class=\"translation-block\">Generalmente, el equipo de apoyo de la m\u00e1quina Raymond de carb\u00f3n vegetal incluye <strong><a href=\"https:\/\/charcoalplant.com\/es\/hammer-mill\/\">molienda de martillo<\/a><\/strong>, elevador de cubo, alimentador vibratorio electromagn\u00e9tico, gabinete de control el\u00e9ctrico, y as\u00ed sucesivamente. Este equipo puede combinarse en una l\u00ednea de producci\u00f3n de molienda totalmente autom\u00e1tica. Si coloca un<strong> <a href=\"https:\/\/charcoalplant.com\/es\/grinder-and-mixer\/charcoal-powder-mixer\/\">molino de rueda<\/a><\/strong> y una m\u00e1quina de tabletas de carb\u00f3n vegetal shisha detr\u00e1s del molino de polvo de carbono, se convierte en una l\u00ednea de producci\u00f3n de carb\u00f3n vegetal shisha.<\/p>    <h2 class=\"wp-block-heading\" id=\"h-how-does-the-coal-grinder-work\">\u00bfC\u00f3mo funciona la trituradora de carb\u00f3n?<\/h2>    <ul class=\"wp-block-list\"> <li>Las materias primas que deben triturarse ingresan al molino Raymond de carb\u00f3n a trav\u00e9s del puerto de alimentaci\u00f3n. <\/li>    <li>El material se tritura bajo la fricci\u00f3n y el rodamiento del rodillo abrasivo y del anillo abrasivo. Durante este per\u00edodo, la cuchilla debajo del rodillo abrasivo alimentar\u00e1 continuamente material entre el rodillo abrasivo y el anillo abrasivo. <\/li>    <li>El polvo se mueve hacia arriba bajo la acci\u00f3n del ventilador. El polvo calificado pasa por el analizador y el separador cicl\u00f3nico para recogerlo. Por el contrario, los materiales no calificados son materiales a los que no se puede llegar en detalle. Caer\u00e1 y seguir\u00e1 siendo molido. Porque el viento es c\u00edclico. Por lo tanto, el viento vuelve nuevamente al ventilador despu\u00e9s de pasar por el sistema de eliminaci\u00f3n de polvo.<\/li> <\/ul>    <figure class=\"wp-block-image aligncenter size-full\"><img loading=\"lazy\" decoding=\"async\" width=\"720\" height=\"540\" src=\"https:\/\/charcoalplant.com\/wp-content\/uploads\/2021\/12\/charcoal-powder-mill.jpg\" alt=\"molino de polvo de carbon\" class=\"wp-image-2554\"\/><figcaption class=\"wp-element-caption\">molino de polvo de carbon<\/figcaption><\/figure>    <h2 class=\"has-vivid-red-color has-text-color wp-block-heading\">Par\u00e1metros del molino Raymond de carb\u00f3n<\/h2>    <figure class=\"wp-block-table is-style-stripes\"><table><tbody><tr><td>Modelo<\/td><td>SL-RM3R1410<\/td><td>SL-RM3R1815<\/td><td>SL-RM3R2215<\/td><\/tr><tr><td>&nbsp;Longitud (mm)<\/td><td>3340<\/td><td>2300<\/td><td>3500<\/td><\/tr><tr><td> Ancho (mm)<\/td><td>3865<\/td><td>2860<\/td><td>4280<\/td><\/tr><tr><td> Alto (mm)<\/td><td>4500<\/td><td>2800<\/td><td>4900<\/td><\/tr><\/tbody><\/table><\/figure>    <h2 class=\"wp-block-heading\" id=\"h-coal-grinder-manufacturer\">Molino de carb\u00f3n<strong> <\/strong>Fabricante<\/h2>    <p>Shuliy Machinery es un fabricante de maquinaria para carb\u00f3n que integra investigaci\u00f3n y desarrollo, dise\u00f1o y fabricaci\u00f3n. No solo tenemos m\u00e1s de diez a\u00f1os de experiencia en fabricaci\u00f3n. Y tenemos una gran experiencia empresarial. La f\u00e1brica controla estrictamente el modelo, composici\u00f3n, tama\u00f1o y dem\u00e1s especificaciones de los repuestos de los equipos. Por lo tanto, nuestra f\u00e1brica puede producir equipos que sean ampliamente bienvenidos en los mercados nacionales y extranjeros. Como el molino Raymond y el mezclador de carb\u00f3n en polvo. Bienvenido a contactarnos para una consulta comercial.<\/p>    <figure class=\"wp-block-gallery has-nested-images columns-default is-cropped wp-block-gallery-6 is-layout-flex wp-block-gallery-is-layout-flex\"> <figure class=\"wp-block-image size-large\"><img loading=\"lazy\" decoding=\"async\" width=\"720\" height=\"540\" data-id=\"2559\" src=\"https:\/\/charcoalplant.com\/wp-content\/uploads\/2022\/03\/charcoal-raymond-mill-for-sale-1.jpg\" alt=\"molino-raymond-de-carb\u00f3n-para-la-venta\" class=\"wp-image-2559\"\/><figcaption class=\"wp-element-caption\">molino-raymond-de-carb\u00f3n-para-la-venta<\/figcaption><\/figure>    <figure class=\"wp-block-image size-large\"><img loading=\"lazy\" decoding=\"async\" width=\"720\" height=\"540\" data-id=\"2558\" src=\"https:\/\/charcoalplant.com\/wp-content\/uploads\/2022\/03\/coal-powder-mill-machine-plant.jpg\" alt=\"molino-de-polvo-de-carbon-maquina-planta\" class=\"wp-image-2558\"\/><figcaption class=\"wp-element-caption\">molino-de-polvo-de-carbon-maquina-planta<\/figcaption><\/figure> <\/figure>","protected":false},"excerpt":{"rendered":"<p>Carb\u00f3n Raymond Mill no solo puede triturar carb\u00f3n. Tambi\u00e9n puede triturar minerales, piedras de cuarzo, carb\u00f3n, etc. Y la finura de trituraci\u00f3n se puede ajustar.<\/p>","protected":false},"author":1,"featured_media":1528,"parent":0,"template":"","tags":[62],"product-type":[42],"class_list":["post-1519","product","type-product","status-publish","has-post-thumbnail","hentry","tag-grinder-and-mixer","product-type-grinder-and-mixer"],"_links":{"self":[{"href":"https:\/\/charcoalplant.com\/es\/wp-json\/wp\/v2\/product\/1519","targetHints":{"allow":["GET"]}}],"collection":[{"href":"https:\/\/charcoalplant.com\/es\/wp-json\/wp\/v2\/product"}],"about":[{"href":"https:\/\/charcoalplant.com\/es\/wp-json\/wp\/v2\/types\/product"}],"author":[{"embeddable":true,"href":"https:\/\/charcoalplant.com\/es\/wp-json\/wp\/v2\/users\/1"}],"wp:featuredmedia":[{"embeddable":true,"href":"https:\/\/charcoalplant.com\/es\/wp-json\/wp\/v2\/media\/1528"}],"wp:attachment":[{"href":"https:\/\/charcoalplant.com\/es\/wp-json\/wp\/v2\/media?parent=1519"}],"wp:term":[{"taxonomy":"post_tag","embeddable":true,"href":"https:\/\/charcoalplant.com\/es\/wp-json\/wp\/v2\/tags?post=1519"},{"taxonomy":"product-type","embeddable":true,"href":"https:\/\/charcoalplant.com\/es\/wp-json\/wp\/v2\/product-type?post=1519"}],"curies":[{"name":"wp","href":"https:\/\/api.w.org\/{rel}","templated":true}]}}