{"id":1533,"date":"2021-12-27T05:48:53","date_gmt":"2021-12-27T05:48:53","guid":{"rendered":"https:\/\/charcoalplant.com\/?p=1533"},"modified":"2023-01-14T14:40:45","modified_gmt":"2023-01-14T06:40:45","slug":"charcoal-powder-mixer","status":"publish","type":"product","link":"https:\/\/charcoalplant.com\/es\/product\/charcoal-powder-mixer\/","title":{"rendered":"Mezclador de carb\u00f3n en polvo | M\u00e1quina mezcladora de rodillos de ruedas"},"content":{"rendered":"<div class=\"kk-star-ratings kksr-auto kksr-align-left kksr-valign-top\"     data-payload='{&quot;align&quot;:&quot;left&quot;,&quot;id&quot;:&quot;1533&quot;,&quot;slug&quot;:&quot;default&quot;,&quot;valign&quot;:&quot;top&quot;,&quot;ignore&quot;:&quot;&quot;,&quot;reference&quot;:&quot;auto&quot;,&quot;class&quot;:&quot;&quot;,&quot;count&quot;:&quot;24&quot;,&quot;legendonly&quot;:&quot;&quot;,&quot;readonly&quot;:&quot;&quot;,&quot;score&quot;:&quot;4.7&quot;,&quot;starsonly&quot;:&quot;&quot;,&quot;best&quot;:&quot;5&quot;,&quot;gap&quot;:&quot;5&quot;,&quot;greet&quot;:&quot;Rate this product&quot;,&quot;legend&quot;:&quot;4.7\\\/5 - (24 votos)&quot;,&quot;size&quot;:&quot;24&quot;,&quot;title&quot;:&quot;Charcoal Powder Mixer | Wheel Roller Mixing Machine&quot;,&quot;width&quot;:&quot;133.8&quot;,&quot;_legend&quot;:&quot;{score}\\\/{best} - ({count} {votes})&quot;,&quot;font_factor&quot;:&quot;1.25&quot;}'>              <div class=\"kksr-stars\">      <div class=\"kksr-stars-inactive\">             <div class=\"kksr-star\" data-star=\"1\" style=\"padding-right: 5px\">               <div class=\"kksr-icon\" style=\"width: 24px; height: 24px;\"><\/div>         <\/div>             <div class=\"kksr-star\" data-star=\"2\" style=\"padding-right: 5px\">               <div class=\"kksr-icon\" style=\"width: 24px; height: 24px;\"><\/div>         <\/div>             <div class=\"kksr-star\" data-star=\"3\" style=\"padding-right: 5px\">               <div class=\"kksr-icon\" style=\"width: 24px; height: 24px;\"><\/div>         <\/div>             <div class=\"kksr-star\" data-star=\"4\" style=\"padding-right: 5px\">               <div class=\"kksr-icon\" style=\"width: 24px; height: 24px;\"><\/div>         <\/div>             <div class=\"kksr-star\" data-star=\"5\" style=\"padding-right: 5px\">               <div class=\"kksr-icon\" style=\"width: 24px; height: 24px;\"><\/div>         <\/div>     <\/div>      <div class=\"kksr-stars-active\" style=\"width: 133.8px;\">             <div class=\"kksr-star\" style=\"padding-right: 5px\">               <div class=\"kksr-icon\" style=\"width: 24px; height: 24px;\"><\/div>         <\/div>             <div class=\"kksr-star\" style=\"padding-right: 5px\">               <div class=\"kksr-icon\" style=\"width: 24px; height: 24px;\"><\/div>         <\/div>             <div class=\"kksr-star\" style=\"padding-right: 5px\">               <div class=\"kksr-icon\" style=\"width: 24px; height: 24px;\"><\/div>         <\/div>             <div class=\"kksr-star\" style=\"padding-right: 5px\">               <div class=\"kksr-icon\" style=\"width: 24px; height: 24px;\"><\/div>         <\/div>             <div class=\"kksr-star\" style=\"padding-right: 5px\">               <div class=\"kksr-icon\" style=\"width: 24px; height: 24px;\"><\/div>         <\/div>     <\/div> <\/div>                   <div class=\"kksr-legend\" style=\"font-size: 19.2px;\">             4,7\/5 - (24 votos)    <\/div>     <\/div>  <p class=\"translation-block\"><strong> Mezcladora de polvo de carb\u00f3n <\/strong> es equipo de procesamiento necesario en toda la l\u00ednea de producci\u00f3n de carb\u00f3n. Porque su uso har\u00e1 que la producci\u00f3n posterior sea m\u00e1s fluida. Es adecuada para mezclar varias materias h\u00famedas y secas y coloides como carb\u00f3n de madera, carb\u00f3n de c\u00e1scara de arroz, barro refractario, arcilla, ceniza volante, escoria de relaves, escoria, arena de moldeado, etc. Puedes dejar tus requisitos o llamarnos y te atenderemos de todo coraz\u00f3n.<\/p>    <h2 class=\"wp-block-heading\" id=\"h-what-is-a-charcoal-powder-mixer-machine\"><strong>\u00bfQu\u00e9 es una m\u00e1quina mezcladora de carb\u00f3n en polvo?<\/strong><\/h2>    <p>La mezcladora de carb\u00f3n en polvo es el principal equipo de procesamiento para la fabricaci\u00f3n de carb\u00f3n vegetal. La funci\u00f3n principal del molino mezclador de ruedas es compactar y remover las materias primas. Y este paso tambi\u00e9n sienta las bases para el procesamiento de la siguiente m\u00e1quina de moldeo.<\/p>    <figure class=\"wp-block-image aligncenter size-full\"><img loading=\"lazy\" decoding=\"async\" width=\"720\" height=\"540\" src=\"https:\/\/charcoalplant.com\/wp-content\/uploads\/2022\/03\/applications-of-charcoal-powder-mixer.jpg\" alt=\"Aplicaciones del mezclador de carb\u00f3n en polvo.\" class=\"wp-image-2574\"\/><figcaption class=\"wp-element-caption\">Aplicaciones del mezclador de carb\u00f3n en polvo.<\/figcaption><\/figure>    <h2 class=\"wp-block-heading\"><strong>Principio de funcionamiento de la mezcladora de rodillos de ruedas.<\/strong><\/h2>    <p>El equipo mezclador de carb\u00f3n en polvo utiliza poleas para impulsar dos rodillos y moverlos con un movimiento circular. Su principal principio de funcionamiento es mezclar completamente el polvo y el aglutinante en una buena proporci\u00f3n con agua despu\u00e9s de enrollarlo y agitarlo. La mezcla de los materiales se completa en unos 20 minutos. Finalmente, los materiales mezclados uniformemente se descargan desde la v\u00e1lvula en la parte inferior del molino de ruedas.<\/p>    <figure class=\"wp-block-gallery has-nested-images columns-default is-cropped wp-block-gallery-2 is-layout-flex wp-block-gallery-is-layout-flex\"> <figure class=\"wp-block-image size-large\"><img loading=\"lazy\" decoding=\"async\" width=\"720\" height=\"540\" data-id=\"2585\" src=\"https:\/\/charcoalplant.com\/wp-content\/uploads\/2022\/03\/large-vetcial-coal-powder-machine.jpg\" alt=\"\" class=\"wp-image-2585\"\/><\/figure>    <figure class=\"wp-block-image size-full\"><img loading=\"lazy\" decoding=\"async\" width=\"720\" height=\"540\" data-id=\"1539\" src=\"https:\/\/charcoalplant.com\/wp-content\/uploads\/2021\/12\/wheel-roller-mixing-machine-for-sale-1.jpg\" alt=\"venta-de-maquina-mezcladora-de-rodillos-ruedas\" class=\"wp-image-1539\" srcset=\"https:\/\/charcoalplant.com\/wp-content\/uploads\/2021\/12\/wheel-roller-mixing-machine-for-sale-1.jpg 720w, https:\/\/charcoalplant.com\/wp-content\/uploads\/2021\/12\/wheel-roller-mixing-machine-for-sale-1-300x225.jpg 300w\" sizes=\"auto, (max-width: 720px) 100vw, 720px\" \/><figcaption class=\"wp-element-caption\">venta-de-maquina-mezcladora-de-rodillos-ruedas<\/figcaption><\/figure> <\/figure>    <h2 class=\"wp-block-heading\" id=\"h-charcoal-powder-mixer-structure\"><strong>Estructura del mezclador de carb\u00f3n en polvo.<\/strong><strong><\/strong><\/h2>    <p>La m\u00e1quina mezcladora de carb\u00f3n en polvo incluye principalmente rodillos, discos, raspadores, reductores, motores, v\u00e1lvulas y otras piezas. <\/p>    <div class=\"wp-block-columns has-background is-layout-flex wp-container-core-columns-is-layout-28f84493 wp-block-columns-is-layout-flex\" style=\"background-color:#f1f1f1\"> <div class=\"wp-block-column is-layout-flow wp-block-column-is-layout-flow\" style=\"flex-basis:66.66%\"> <figure class=\"wp-block-gallery has-nested-images columns-default is-cropped wp-block-gallery-3 is-layout-flex wp-block-gallery-is-layout-flex\"> <figure class=\"wp-block-image size-large\"><img loading=\"lazy\" decoding=\"async\" width=\"720\" height=\"540\" data-id=\"2578\" src=\"https:\/\/charcoalplant.com\/wp-content\/uploads\/2022\/03\/Roller.jpg\" alt=\"Rodillo\" class=\"wp-image-2578\"\/><figcaption class=\"wp-element-caption\">Rodillo<\/figcaption><\/figure> <\/figure> <\/div>    <div class=\"wp-block-column is-vertically-aligned-center is-layout-flow wp-block-column-is-layout-flow\" style=\"flex-basis:33.33%\"> <p class=\"translation-block\"><strong>Rodillos<\/strong><\/p>    <p>Hay dos rodillos entre ellos, por lo que el prop\u00f3sito tambi\u00e9n es triturar mejor las materias primas. Por lo tanto, la eficiencia del trabajo mejora enormemente.<\/p> <\/div> <\/div>    <div class=\"wp-block-columns has-background is-layout-flex wp-container-core-columns-is-layout-28f84493 wp-block-columns-is-layout-flex\" style=\"background-color:#f1f1f1\"> <div class=\"wp-block-column is-vertically-aligned-center is-layout-flow wp-block-column-is-layout-flow\" style=\"flex-basis:33.33%\"> <p class=\"translation-block\"><strong>Salida<\/strong><\/p>    <p>El puerto de descarga del mezclador de polvo de carb\u00f3n se encuentra en la parte inferior de la m\u00e1quina. Por lo tanto, el polvo de carb\u00f3n procesado es muy conveniente para usar directamente.<\/p> <\/div>    <div class=\"wp-block-column is-layout-flow wp-block-column-is-layout-flow\" style=\"flex-basis:66.66%\"> <figure class=\"wp-block-gallery has-nested-images columns-default is-cropped wp-block-gallery-4 is-layout-flex wp-block-gallery-is-layout-flex\"> <figure class=\"wp-block-image size-large\"><img loading=\"lazy\" decoding=\"async\" width=\"753\" height=\"606\" data-id=\"2580\" src=\"https:\/\/charcoalplant.com\/wp-content\/uploads\/2022\/03\/outlet.jpg\" alt=\"salida\" class=\"wp-image-2580\"\/><figcaption class=\"wp-element-caption\">salida<\/figcaption><\/figure> <\/figure> <\/div> <\/div>    <div class=\"wp-block-columns has-background is-layout-flex wp-container-core-columns-is-layout-28f84493 wp-block-columns-is-layout-flex\" style=\"background-color:#f1f1f1\"> <div class=\"wp-block-column is-layout-flow wp-block-column-is-layout-flow\" style=\"flex-basis:66.66%\"> <figure class=\"wp-block-gallery has-nested-images columns-default is-cropped wp-block-gallery-5 is-layout-flex wp-block-gallery-is-layout-flex\"> <figure class=\"wp-block-image size-large\"><img loading=\"lazy\" decoding=\"async\" width=\"720\" height=\"540\" data-id=\"1523\" src=\"https:\/\/charcoalplant.com\/wp-content\/uploads\/2021\/12\/Charcoal-Raymond-mill-shovel-1.jpg\" alt=\"Pala-molino-carb\u00f3n-Raymond\" class=\"wp-image-1523\" srcset=\"https:\/\/charcoalplant.com\/wp-content\/uploads\/2021\/12\/Charcoal-Raymond-mill-shovel-1.jpg 720w, https:\/\/charcoalplant.com\/wp-content\/uploads\/2021\/12\/Charcoal-Raymond-mill-shovel-1-300x225.jpg 300w\" sizes=\"auto, (max-width: 720px) 100vw, 720px\" \/><figcaption class=\"wp-element-caption\">Pala-molino-carb\u00f3n-Raymond<\/figcaption><\/figure> <\/figure> <\/div>    <div class=\"wp-block-column is-vertically-aligned-center is-layout-flow wp-block-column-is-layout-flow\" style=\"flex-basis:33.33%\"> <p class=\"translation-block\"><strong>Esp\u00e1tula<\/strong><\/p>    <p>El uso de la pala tambi\u00e9n es muy inteligente. Por un lado, limpia el material para conseguir el efecto de laminado repetido. Por otro lado, tambi\u00e9n desempe\u00f1a la funci\u00f3n de agitaci\u00f3n durante la rotaci\u00f3n.<\/p> <\/div> <\/div>    <h2 class=\"wp-block-heading\" id=\"h-features-of-coal-dust-milling-machine\"><strong>Caracter\u00edsticas de la fresadora de polvo de carb\u00f3n.<\/strong><\/h2>    <p class=\"translation-block\"><strong>Shuliy Machinery<\/strong> es un excelente fabricante de <strong><a href=\"https:\/\/charcoalplant.com\/es\/charcoal-making-machine\/\">m\u00e1quinas de carb\u00f3n<\/a><\/strong> en China. La mezcladora de polvo de carb\u00f3n producida por nuestra f\u00e1brica tiene las siguientes caracter\u00edsticas:<\/p>    <p>1. La agitaci\u00f3n y la trituraci\u00f3n se realizan simult\u00e1neamente. Entonces el efecto de mezcla es bueno.<\/p>    <p>2. Porque el mezclador de carb\u00f3n pulverizado no tiene piezas de desgaste. Por tanto, tiene una larga vida \u00fatil.<\/p>    <p>3. Abundantes materias primas y amplia aplicaci\u00f3n.<\/p>    <p>4. Mantenimiento conveniente y no es f\u00e1cil de da\u00f1ar.<\/p>    <p>5. Funcionamiento sencillo y funcionamiento estable.<\/p>    <figure class=\"wp-block-image aligncenter size-full\"><img loading=\"lazy\" decoding=\"async\" width=\"720\" height=\"540\" src=\"https:\/\/charcoalplant.com\/wp-content\/uploads\/2022\/03\/carbon-dust-mixing-machine-1.jpg\" alt=\"\" class=\"wp-image-2593\"\/><figcaption class=\"wp-element-caption\">m\u00e1quina-mezcladora-de-polvo-de-carbono<\/figcaption><\/figure>    <h2 class=\"wp-block-heading\"><strong>\u00bfPor qu\u00e9 recomendar el uso de una m\u00e1quina mezcladora de carb\u00f3n?<\/strong><\/h2>    <p class=\"translation-block\">Los mezcladores verticales de carb\u00f3n son la primera elecci\u00f3n para muchos fabricantes que buscan producir productos terminados de alta calidad. Por ejemplo, <strong><a href=\"https:\/\/charcoalplant.com\/es\/charcoal-briquetting-machine\/rotary-hookah-tablet-press\/\">planta r\u00e1pida de carb\u00f3n para cachimbas<\/a><\/strong>, artesan\u00eda cer\u00e1mica, producci\u00f3n de alimento para animales, etc. Porque hay efectos de agitaci\u00f3n y compresi\u00f3n en el proceso de mezcla. Por lo tanto, el aire entre las part\u00edculas de material puede descargarse mejor. De este modo, el barro mezclado y el agua quedan uniformemente. En resumen, el uso de m\u00e1quinas mezcladoras por rodillos puede mejorar en gran medida la tasa de utilizaci\u00f3n de los materiales.<\/p>    <figure class=\"wp-block-gallery has-nested-images columns-default is-cropped wp-block-gallery-6 is-layout-flex wp-block-gallery-is-layout-flex\"> <figure class=\"wp-block-image size-large\"><img loading=\"lazy\" decoding=\"async\" width=\"720\" height=\"540\" data-id=\"2611\" src=\"https:\/\/charcoalplant.com\/wp-content\/uploads\/2022\/03\/charcoal-powder-mixer-plant.jpg\" alt=\"planta-mezcladora-de-carbon-en-polvo\" class=\"wp-image-2611\"\/><figcaption class=\"wp-element-caption\">planta-mezcladora-de-carbon-en-polvo<\/figcaption><\/figure>    <figure class=\"wp-block-image size-large\"><img loading=\"lazy\" decoding=\"async\" width=\"720\" height=\"540\" data-id=\"2612\" src=\"https:\/\/charcoalplant.com\/wp-content\/uploads\/2022\/03\/factory-stock.jpg\" alt=\"stock de f\u00e1brica\" class=\"wp-image-2612\"\/><figcaption class=\"wp-element-caption\">stock de f\u00e1brica<\/figcaption><\/figure> <\/figure>    <h2 class=\"wp-block-heading\"><strong>Video del fabricante de equipos mezcladores de polvo de carb\u00f3n.<\/strong><\/h2>    <figure class=\"wp-block-embed is-type-video is-provider-youtube wp-block-embed-youtube wp-embed-aspect-16-9 wp-has-aspect-ratio\"><div class=\"wp-block-embed__wrapper\"> <iframe loading=\"lazy\" title=\"M\u00e1quina mezcladora de carb\u00f3n en polvo | Fabricante y proveedor de equipos de mezcla de polvo de carb\u00f3n\" width=\"500\" height=\"281\" src=\"https:\/\/www.youtube.com\/embed\/l7g4RRgxObs?start=19&#038;feature=oembed\" frameborder=\"0\" allow=\"accelerometer; autoplay; clipboard-write; encrypted-media; gyroscope; picture-in-picture; web-share\" referrerpolicy=\"strict-origin-when-cross-origin\" allowfullscreen><\/iframe> <\/div><\/figure>    <h2 class=\"wp-block-heading\" id=\"h-parameters-of-wheel-roller-grinding-machine\"><strong>Par\u00e1metros de la m\u00e1quina mezcladora de rodillos con ruedas.<\/strong><\/h2>    <p class=\"translation-block\">Producimos mezcladores de polvo de carbono de diferentes especificaciones. Adem\u00e1s, proporcionamos <strong><a href=\"https:\/\/charcoalplant.com\/es\/info\/3-sl-cg1500-wheel-mills-were-sold-to-south-africa\/\">servicios personalizados<\/a><\/strong> para mezcladores y l\u00edneas de producci\u00f3n. Por lo tanto, si quieres conocer el precio espec\u00edfico de la m\u00e1quina de mezcla de polvo de carbono, por favor cont\u00e1ctanos para una consulta. Asimismo, te proporcionaremos los \u00faltimos par\u00e1metros del equipo.<\/p>    <p>Los siguientes son los par\u00e1metros de algunos molinos de ruedas, solo como referencia:<\/p>    <figure class=\"wp-block-table is-style-stripes\"><table><tbody><tr><td>Modelo<\/td><td>SL-CG1<\/td><td>SL-CG2<\/td><td>SL-CG3<\/td><td>SL-CG4<\/td><\/tr><tr><td>Di\u00e1metro del disco (mm)<\/td><td>1000<\/td><td>1200<\/td><td>1500<\/td><td>1600<\/td><\/tr><tr><td>Cantidad de alimentaci\u00f3n (Kg)<\/td><td>110<\/td><td>150<\/td><td>350<\/td><td>450<\/td><\/tr><tr><td>Ciclo de mezcla (min)<\/td><td>3-8<\/td><td>3-5<\/td><td>3-5<\/td><td>3-5<\/td><\/tr><tr><td>Capacidad(t\/h)<\/td><td>1.5-2.5<\/td><td>1.5-3<\/td><td>7<\/td><td>9<\/td><\/tr><tr><td>Velocidad del husillo (r\/min)<\/td><td>41<\/td><td>41<\/td><td>37<\/td><td>37<\/td><\/tr><tr><td>Potencia (kilovatios)<\/td><td>5.5<\/td><td>7.5<\/td><td>15<\/td><td>18.5<\/td><\/tr><tr><td>Dimensi\u00f3n(m)<\/td><td>1*1*1.2<\/td><td>1.2*1.2*1.3<\/td><td>1.5*1.5*1.6<\/td><td>1.6*1.6*1.7<\/td><\/tr><tr><td>Peso(t)<\/td><td>1<\/td><td>1.2<\/td><td>2<\/td><td>2.5<\/td><\/tr><\/tbody><\/table><\/figure>    <h2 class=\"wp-block-heading\">Excelentes mezcladoras de carb\u00f3n en polvo listas para enviar<\/h2>    <figure class=\"wp-block-gallery has-nested-images columns-2 is-cropped wp-block-gallery-7 is-layout-flex wp-block-gallery-is-layout-flex\"> <figure class=\"wp-block-image size-large\"><img loading=\"lazy\" decoding=\"async\" width=\"720\" height=\"540\" data-id=\"2588\" src=\"https:\/\/charcoalplant.com\/wp-content\/uploads\/2022\/03\/small-charcoal-powder-mixer-for-sale-1.jpg\" alt=\"venta-mezcladora-de-carbon-en-polvo-peque\u00f1a\" class=\"wp-image-2588\"\/><figcaption class=\"wp-element-caption\">venta-mezcladora-de-carbon-en-polvo-peque\u00f1a<\/figcaption><\/figure>    <figure class=\"wp-block-image size-large\"><img loading=\"lazy\" decoding=\"async\" width=\"720\" height=\"540\" data-id=\"2590\" src=\"https:\/\/charcoalplant.com\/wp-content\/uploads\/2022\/03\/vertial-mixer-show.jpg\" alt=\"show-mezclador-vertical\" class=\"wp-image-2590\"\/><figcaption class=\"wp-element-caption\">show-mezclador-vertical<\/figcaption><\/figure>    <figure class=\"wp-block-image size-large\"><img loading=\"lazy\" decoding=\"async\" width=\"720\" height=\"540\" data-id=\"2587\" src=\"https:\/\/charcoalplant.com\/wp-content\/uploads\/2022\/03\/wheel-roller-for-sale.jpg\" alt=\"venta-de-ruedas\" class=\"wp-image-2587\"\/><figcaption class=\"wp-element-caption\">venta-de-ruedas<\/figcaption><\/figure>    <figure class=\"wp-block-image size-large\"><img loading=\"lazy\" decoding=\"async\" width=\"720\" height=\"540\" data-id=\"2589\" src=\"https:\/\/charcoalplant.com\/wp-content\/uploads\/2022\/03\/ship.jpg\" alt=\"env\u00edo\" class=\"wp-image-2589\"\/><figcaption class=\"wp-element-caption\">env\u00edo<\/figcaption><\/figure> <\/figure>","protected":false},"excerpt":{"rendered":"<p>El mezclador de carb\u00f3n en polvo es un equipo que integra trituraci\u00f3n y mezcla. Y no se ve afectado por la humedad del material.<\/p>","protected":false},"author":1,"featured_media":1534,"parent":0,"template":"","tags":[62],"product-type":[42],"class_list":["post-1533","product","type-product","status-publish","has-post-thumbnail","hentry","tag-grinder-and-mixer","product-type-grinder-and-mixer"],"_links":{"self":[{"href":"https:\/\/charcoalplant.com\/es\/wp-json\/wp\/v2\/product\/1533","targetHints":{"allow":["GET"]}}],"collection":[{"href":"https:\/\/charcoalplant.com\/es\/wp-json\/wp\/v2\/product"}],"about":[{"href":"https:\/\/charcoalplant.com\/es\/wp-json\/wp\/v2\/types\/product"}],"author":[{"embeddable":true,"href":"https:\/\/charcoalplant.com\/es\/wp-json\/wp\/v2\/users\/1"}],"wp:featuredmedia":[{"embeddable":true,"href":"https:\/\/charcoalplant.com\/es\/wp-json\/wp\/v2\/media\/1534"}],"wp:attachment":[{"href":"https:\/\/charcoalplant.com\/es\/wp-json\/wp\/v2\/media?parent=1533"}],"wp:term":[{"taxonomy":"post_tag","embeddable":true,"href":"https:\/\/charcoalplant.com\/es\/wp-json\/wp\/v2\/tags?post=1533"},{"taxonomy":"product-type","embeddable":true,"href":"https:\/\/charcoalplant.com\/es\/wp-json\/wp\/v2\/product-type?post=1533"}],"curies":[{"name":"wp","href":"https:\/\/api.w.org\/{rel}","templated":true}]}}